{"id":81767,"date":"2021-11-25T18:45:25","date_gmt":"2021-11-25T17:45:25","guid":{"rendered":"https:\/\/marktxxl.de\/markt\/produkt\/zilberhaar-bartbuersten-set-mit-steifen-borsten-original-bartbuerste-taschen-bartbuerste-inkl-bartbuersten-reinigungswerkzeug\/"},"modified":"2023-04-07T02:12:21","modified_gmt":"2023-04-07T00:12:21","slug":"zilberhaar-bartbuersten-set-mit-steifen-borsten-original-bartbuerste-taschen-bartbuerste-inkl-bartbuersten-reinigungswerkzeug","status":"publish","type":"product","link":"https:\/\/marktxxl.de\/markt\/produkt\/zilberhaar-bartbuersten-set-mit-steifen-borsten-original-bartbuerste-taschen-bartbuerste-inkl-bartbuersten-reinigungswerkzeug\/","title":{"rendered":"ZilberHaar Bartb\u00fcrsten-Pflegeset f\u00fcr M\u00e4nner &#8211; 1 Bartb\u00fcrste + 1 Taschenb\u00fcrste + 1 B\u00fcrsten Reinigungswerkzeug &#8211; Steife\u2026"},"content":{"rendered":"<p>Alles ganz einfach: Die Original-Bartb\u00fcrste und die Reise-Bartb\u00fcrste im Taschenformat ist perfekt f\u00fcr alle Barttr\u00e4ger. Sie passen auch perfekt in Ihre Reisetasche und Jeanstasche, so dass Sie Ihre Gesichtshaare jederzeit und \u00fcberall pflegen k\u00f6nnen. Als Geschenk erhalten Sie unser sehr beliebtes B\u00fcrsten-Reinigungswerkzeug, das perfekt zum Entfernen von Dreck, Schmutz und \u00dcberbleibseln ist und Ihre B\u00fcrsten optimal h\u00e4lt.<br \/>\nPraktisch f\u00fcr die besch\u00e4ftigten M\u00e4nner in unserem Leben, nur das Beste. Unsere beliebten Bartb\u00fcrsten zusammen in einem Set. Nichts ist so sexy wie ein gepflegter Bart. Durch die t\u00e4gliche Bartpflege und mit den richtigen Tools k\u00f6nnen Sie Juckreiz und eingewachsene Haare reduzieren. Das t\u00e4gliche B\u00fcrsten stimuliert die \u00d6lproduktion und entfernt Schmutz, so dass Ihre Haut und Gesichtsbehaarung gesund bleiben.<br \/>\nQualit\u00e4t z\u00e4hlt. Bartb\u00fcrsten von ZilberHaar sind aus hochwertigem Birnholz und 100 % reinen nat\u00fcrlichen Wildschweinborsten. Unsere Wildschweinborsten sind erstmals geschnitten und steifer als andere B\u00fcrsten. Die absichtlich uneben geschnittenen Borsten erm\u00f6glichen ein besseres Eindringen in dickere B\u00e4rte (f\u00fcr k\u00fcrzere B\u00e4rte und Stoppeln oder empfindliche Haut w\u00e4hlen Sie unsere weiche Version dieses Bartb\u00fcrsten-Basissets). Hergestellt im Schwarzwald in Deutschland und mit jahrelanger Erfahrung stehen wir f\u00fcr unsere au\u00dfergew\u00f6hnliche Qualit\u00e4t.<br \/>\nEin Geschenk f\u00fcr jeden Gentleman. Dieses Bartb\u00fcrsten-Basisset ist eine perfekte M\u00f6glichkeit, um seine Gesichtsbehaarung zu zeigen. Unser Basiset wird in einer luxuri\u00f6sen schwarzen Geschenkbox geliefert, die Eleganz rundum zeigt. Insgesamt k\u00f6nnen Sie mit dieser B\u00fcrste gr\u00f6\u00dfere B\u00e4rte wachsen lassen und vor allem f\u00fchlen Sie sich wohl. Alle B\u00e4rte verdienen Perfektion. Er wird es nicht vergessen.<br \/>\n&#8211; &#8211; &#8211;<br \/>\n<div class=\"main-cross-sell\" data-asin=\"B07DNVRGBW\">\n\n\t<div class=\"WooZone-cross-sell-loader\">\n\t\t<div>\n\t\t\t<div id=\"floatingBarsG\">\n\t\t\t\t<div class=\"blockG\" id=\"rotateG_01\"><\/div>\n\t\t\t\t<div class=\"blockG\" id=\"rotateG_02\"><\/div>\n\t\t\t\t<div class=\"blockG\" id=\"rotateG_03\"><\/div>\n\t\t\t\t<div class=\"blockG\" id=\"rotateG_04\"><\/div>\n\t\t\t\t<div class=\"blockG\" id=\"rotateG_05\"><\/div>\n\t\t\t\t<div class=\"blockG\" id=\"rotateG_06\"><\/div>\n\t\t\t\t<div class=\"blockG\" id=\"rotateG_07\"><\/div>\n\t\t\t\t<div class=\"blockG\" id=\"rotateG_08\"><\/div>\n\t\t\t<\/div>\n\t\t\t<div class=\"WooZone-cross-sell-loader-text\"><\/div>\n\t\t<\/div>\n\t<\/div>\n\n\t\t\n<\/div>\n<div style=\"clear:both;\"><\/div><\/p>\n","protected":false},"excerpt":{"rendered":"<p>Alles ganz einfach: Die Original-Bartb\u00fcrste und die Reise-Bartb\u00fcrste im Taschenformat ist perfekt f\u00fcr alle Barttr\u00e4ger. Sie passen auch perfekt in Ihre Reisetasche und Jeanstasche, so dass Sie Ihre Gesichtshaare jederzeit und \u00fcberall pflegen k\u00f6nnen. Als Geschenk erhalten Sie unser sehr beliebtes B\u00fcrsten-Reinigungswerkzeug, das perfekt zum Entfernen von Dreck, Schmutz und \u00dcberbleibseln ist und Ihre B\u00fcrsten optimal h\u00e4lt.<br \/>\nPraktisch f\u00fcr die besch\u00e4ftigten M\u00e4nner in unserem Leben, nur das Beste. Unsere beliebten Bartb\u00fcrsten zusammen in einem Set. Nichts ist so sexy wie ein gepflegter Bart. Durch die t\u00e4gliche Bartpflege und mit den richtigen Tools k\u00f6nnen Sie Juckreiz und eingewachsene Haare reduzieren. Das t\u00e4gliche B\u00fcrsten stimuliert die \u00d6lproduktion und entfernt Schmutz, so dass Ihre Haut und Gesichtsbehaarung gesund bleiben.<br \/>\nQualit\u00e4t z\u00e4hlt. Bartb\u00fcrsten von ZilberHaar sind aus hochwertigem Birnholz und 100 % reinen nat\u00fcrlichen Wildschweinborsten. Unsere Wildschweinborsten sind erstmals geschnitten und steifer als andere B\u00fcrsten. Die absichtlich uneben geschnittenen Borsten erm\u00f6glichen ein besseres Eindringen in dickere B\u00e4rte (f\u00fcr k\u00fcrzere B\u00e4rte und Stoppeln oder empfindliche Haut w\u00e4hlen Sie unsere weiche Version dieses Bartb\u00fcrsten-Basissets). Hergestellt im Schwarzwald in Deutschland und mit jahrelanger Erfahrung stehen wir f\u00fcr unsere au\u00dfergew\u00f6hnliche Qualit\u00e4t.<\/p>\n","protected":false},"featured_media":81768,"comment_status":"open","ping_status":"closed","template":"","meta":[],"product_brand":[],"product_cat":[566,6190],"product_tag":[],"class_list":{"0":"post-81767","1":"product","2":"type-product","3":"status-publish","4":"has-post-thumbnail","6":"product_cat-drogerie-koerperpflege","7":"product_cat-rasur-enthaarung","8":"pa_binding-badartikel","9":"pa_brand-zilberhaar","10":"pa_color-zz3","11":"pa_height-1-7716535415-zoll","12":"pa_length-8-267716527-zoll","13":"pa_manufacturer-zilberhaar","14":"pa_size-zz3","15":"pa_width-4-724409444-zoll","17":"first","18":"instock","19":"shipping-taxable","20":"purchasable","21":"product-type-simple","22":"customify-col","23":"product-has-gallery"},"yoast_head":"<!-- This site is optimized with the Yoast SEO plugin v27.4 - https:\/\/yoast.com\/product\/yoast-seo-wordpress\/ -->\n<title>ZilberHaar Bartb\u00fcrsten-Pflegeset f\u00fcr M\u00e4nner - 1 Bartb\u00fcrste + 1 Taschenb\u00fcrste + 1 B\u00fcrsten Reinigungswerkzeug - Steife\u2026 - Markt-XXL<\/title>\n<meta name=\"description\" content=\"Markt-XXL ZilberHaar Bartb\u00fcrsten-Pflegeset f\u00fcr M\u00e4nner - 1 Bartb\u00fcrste + 1 Taschenb\u00fcrste + 1 B\u00fcrsten Reinigungswerkzeug - Steife\u2026\" \/>\n<meta name=\"robots\" content=\"index, follow, max-snippet:-1, max-image-preview:large, max-video-preview:-1\" \/>\n<link rel=\"canonical\" href=\"https:\/\/marktxxl.de\/markt\/produkt\/zilberhaar-bartbuersten-set-mit-steifen-borsten-original-bartbuerste-taschen-bartbuerste-inkl-bartbuersten-reinigungswerkzeug\/\" \/>\n<meta property=\"og:locale\" content=\"de_DE\" \/>\n<meta property=\"og:type\" content=\"article\" \/>\n<meta property=\"og:title\" content=\"ZilberHaar Bartb\u00fcrsten-Pflegeset f\u00fcr M\u00e4nner - 1 Bartb\u00fcrste + 1 Taschenb\u00fcrste + 1 B\u00fcrsten Reinigungswerkzeug - Steife\u2026 - Markt-XXL\" \/>\n<meta property=\"og:description\" content=\"Markt-XXL ZilberHaar Bartb\u00fcrsten-Pflegeset f\u00fcr M\u00e4nner - 1 Bartb\u00fcrste + 1 Taschenb\u00fcrste + 1 B\u00fcrsten Reinigungswerkzeug - Steife\u2026\" \/>\n<meta property=\"og:url\" content=\"https:\/\/marktxxl.de\/markt\/produkt\/zilberhaar-bartbuersten-set-mit-steifen-borsten-original-bartbuerste-taschen-bartbuerste-inkl-bartbuersten-reinigungswerkzeug\/\" \/>\n<meta property=\"og:site_name\" content=\"Markt-XXL\" \/>\n<meta property=\"article:modified_time\" content=\"2023-04-07T00:12:21+00:00\" \/>\n<meta property=\"og:image\" content=\"https:\/\/m.media-amazon.com\/images\/I\/31G6LE67oTL._SL500_.jpg\" \/>\n\t<meta property=\"og:image:width\" content=\"500\" \/>\n\t<meta property=\"og:image:height\" content=\"336\" \/>\n\t<meta property=\"og:image:type\" content=\"image\/jpeg\" \/>\n<meta name=\"twitter:card\" content=\"summary_large_image\" \/>\n<meta name=\"twitter:label1\" content=\"Gesch\u00e4tzte Lesezeit\" \/>\n\t<meta name=\"twitter:data1\" content=\"1\u00a0Minute\" \/>\n<script type=\"application\/ld+json\" class=\"yoast-schema-graph\">{\"@context\":\"https:\\\/\\\/schema.org\",\"@graph\":[{\"@type\":\"WebPage\",\"@id\":\"https:\\\/\\\/marktxxl.de\\\/markt\\\/produkt\\\/zilberhaar-bartbuersten-set-mit-steifen-borsten-original-bartbuerste-taschen-bartbuerste-inkl-bartbuersten-reinigungswerkzeug\\\/\",\"url\":\"https:\\\/\\\/marktxxl.de\\\/markt\\\/produkt\\\/zilberhaar-bartbuersten-set-mit-steifen-borsten-original-bartbuerste-taschen-bartbuerste-inkl-bartbuersten-reinigungswerkzeug\\\/\",\"name\":\"ZilberHaar Bartb\u00fcrsten-Pflegeset f\u00fcr M\u00e4nner - 1 Bartb\u00fcrste + 1 Taschenb\u00fcrste + 1 B\u00fcrsten Reinigungswerkzeug - Steife\u2026 - Markt-XXL\",\"isPartOf\":{\"@id\":\"https:\\\/\\\/marktxxl.de\\\/markt\\\/#website\"},\"primaryImageOfPage\":{\"@id\":\"https:\\\/\\\/marktxxl.de\\\/markt\\\/produkt\\\/zilberhaar-bartbuersten-set-mit-steifen-borsten-original-bartbuerste-taschen-bartbuerste-inkl-bartbuersten-reinigungswerkzeug\\\/#primaryimage\"},\"image\":{\"@id\":\"https:\\\/\\\/marktxxl.de\\\/markt\\\/produkt\\\/zilberhaar-bartbuersten-set-mit-steifen-borsten-original-bartbuerste-taschen-bartbuerste-inkl-bartbuersten-reinigungswerkzeug\\\/#primaryimage\"},\"thumbnailUrl\":\"https:\\\/\\\/m.media-amazon.com\\\/images\\\/I\\\/31G6LE67oTL._SL500_.jpg\",\"datePublished\":\"2021-11-25T17:45:25+00:00\",\"dateModified\":\"2023-04-07T00:12:21+00:00\",\"description\":\"Markt-XXL ZilberHaar Bartb\u00fcrsten-Pflegeset f\u00fcr M\u00e4nner - 1 Bartb\u00fcrste + 1 Taschenb\u00fcrste + 1 B\u00fcrsten Reinigungswerkzeug - Steife\u2026\",\"breadcrumb\":{\"@id\":\"https:\\\/\\\/marktxxl.de\\\/markt\\\/produkt\\\/zilberhaar-bartbuersten-set-mit-steifen-borsten-original-bartbuerste-taschen-bartbuerste-inkl-bartbuersten-reinigungswerkzeug\\\/#breadcrumb\"},\"inLanguage\":\"de\",\"potentialAction\":[{\"@type\":\"ReadAction\",\"target\":[\"https:\\\/\\\/marktxxl.de\\\/markt\\\/produkt\\\/zilberhaar-bartbuersten-set-mit-steifen-borsten-original-bartbuerste-taschen-bartbuerste-inkl-bartbuersten-reinigungswerkzeug\\\/\"]}]},{\"@type\":\"ImageObject\",\"inLanguage\":\"de\",\"@id\":\"https:\\\/\\\/marktxxl.de\\\/markt\\\/produkt\\\/zilberhaar-bartbuersten-set-mit-steifen-borsten-original-bartbuerste-taschen-bartbuerste-inkl-bartbuersten-reinigungswerkzeug\\\/#primaryimage\",\"url\":\"https:\\\/\\\/m.media-amazon.com\\\/images\\\/I\\\/31G6LE67oTL._SL500_.jpg\",\"contentUrl\":\"https:\\\/\\\/m.media-amazon.com\\\/images\\\/I\\\/31G6LE67oTL._SL500_.jpg\",\"width\":500,\"height\":336},{\"@type\":\"BreadcrumbList\",\"@id\":\"https:\\\/\\\/marktxxl.de\\\/markt\\\/produkt\\\/zilberhaar-bartbuersten-set-mit-steifen-borsten-original-bartbuerste-taschen-bartbuerste-inkl-bartbuersten-reinigungswerkzeug\\\/#breadcrumb\",\"itemListElement\":[{\"@type\":\"ListItem\",\"position\":1,\"name\":\"Startseite\",\"item\":\"https:\\\/\\\/marktxxl.de\\\/markt\\\/\"},{\"@type\":\"ListItem\",\"position\":2,\"name\":\"Markt\",\"item\":\"https:\\\/\\\/marktxxl.de\\\/markt\\\/\"},{\"@type\":\"ListItem\",\"position\":3,\"name\":\"ZilberHaar Bartb\u00fcrsten-Pflegeset f\u00fcr M\u00e4nner &#8211; 1 Bartb\u00fcrste + 1 Taschenb\u00fcrste + 1 B\u00fcrsten Reinigungswerkzeug &#8211; Steife\u2026\"}]},{\"@type\":\"WebSite\",\"@id\":\"https:\\\/\\\/marktxxl.de\\\/markt\\\/#website\",\"url\":\"https:\\\/\\\/marktxxl.de\\\/markt\\\/\",\"name\":\"Markt-XXL\",\"description\":\"Ihr Markt Online\",\"publisher\":{\"@id\":\"https:\\\/\\\/marktxxl.de\\\/markt\\\/#organization\"},\"potentialAction\":[{\"@type\":\"SearchAction\",\"target\":{\"@type\":\"EntryPoint\",\"urlTemplate\":\"https:\\\/\\\/marktxxl.de\\\/markt\\\/?s={search_term_string}\"},\"query-input\":{\"@type\":\"PropertyValueSpecification\",\"valueRequired\":true,\"valueName\":\"search_term_string\"}}],\"inLanguage\":\"de\"},{\"@type\":\"Organization\",\"@id\":\"https:\\\/\\\/marktxxl.de\\\/markt\\\/#organization\",\"name\":\"Markt-XXL\",\"url\":\"https:\\\/\\\/marktxxl.de\\\/markt\\\/\",\"logo\":{\"@type\":\"ImageObject\",\"inLanguage\":\"de\",\"@id\":\"https:\\\/\\\/marktxxl.de\\\/markt\\\/#\\\/schema\\\/logo\\\/image\\\/\",\"url\":\"https:\\\/\\\/marktxxl.de\\\/markt\\\/wp-content\\\/uploads\\\/sites\\\/3\\\/2020\\\/12\\\/logo.png\",\"contentUrl\":\"https:\\\/\\\/marktxxl.de\\\/markt\\\/wp-content\\\/uploads\\\/sites\\\/3\\\/2020\\\/12\\\/logo.png\",\"width\":200,\"height\":70,\"caption\":\"Markt-XXL\"},\"image\":{\"@id\":\"https:\\\/\\\/marktxxl.de\\\/markt\\\/#\\\/schema\\\/logo\\\/image\\\/\"}}]}<\/script>\n<!-- \/ Yoast SEO plugin. -->","yoast_head_json":{"title":"ZilberHaar Bartb\u00fcrsten-Pflegeset f\u00fcr M\u00e4nner - 1 Bartb\u00fcrste + 1 Taschenb\u00fcrste + 1 B\u00fcrsten Reinigungswerkzeug - Steife\u2026 - Markt-XXL","description":"Markt-XXL ZilberHaar Bartb\u00fcrsten-Pflegeset f\u00fcr M\u00e4nner - 1 Bartb\u00fcrste + 1 Taschenb\u00fcrste + 1 B\u00fcrsten Reinigungswerkzeug - Steife\u2026","robots":{"index":"index","follow":"follow","max-snippet":"max-snippet:-1","max-image-preview":"max-image-preview:large","max-video-preview":"max-video-preview:-1"},"canonical":"https:\/\/marktxxl.de\/markt\/produkt\/zilberhaar-bartbuersten-set-mit-steifen-borsten-original-bartbuerste-taschen-bartbuerste-inkl-bartbuersten-reinigungswerkzeug\/","og_locale":"de_DE","og_type":"article","og_title":"ZilberHaar Bartb\u00fcrsten-Pflegeset f\u00fcr M\u00e4nner - 1 Bartb\u00fcrste + 1 Taschenb\u00fcrste + 1 B\u00fcrsten Reinigungswerkzeug - Steife\u2026 - Markt-XXL","og_description":"Markt-XXL ZilberHaar Bartb\u00fcrsten-Pflegeset f\u00fcr M\u00e4nner - 1 Bartb\u00fcrste + 1 Taschenb\u00fcrste + 1 B\u00fcrsten Reinigungswerkzeug - Steife\u2026","og_url":"https:\/\/marktxxl.de\/markt\/produkt\/zilberhaar-bartbuersten-set-mit-steifen-borsten-original-bartbuerste-taschen-bartbuerste-inkl-bartbuersten-reinigungswerkzeug\/","og_site_name":"Markt-XXL","article_modified_time":"2023-04-07T00:12:21+00:00","og_image":[{"width":500,"height":336,"url":"https:\/\/m.media-amazon.com\/images\/I\/31G6LE67oTL._SL500_.jpg","type":"image\/jpeg"}],"twitter_card":"summary_large_image","twitter_misc":{"Gesch\u00e4tzte Lesezeit":"1\u00a0Minute"},"schema":{"@context":"https:\/\/schema.org","@graph":[{"@type":"WebPage","@id":"https:\/\/marktxxl.de\/markt\/produkt\/zilberhaar-bartbuersten-set-mit-steifen-borsten-original-bartbuerste-taschen-bartbuerste-inkl-bartbuersten-reinigungswerkzeug\/","url":"https:\/\/marktxxl.de\/markt\/produkt\/zilberhaar-bartbuersten-set-mit-steifen-borsten-original-bartbuerste-taschen-bartbuerste-inkl-bartbuersten-reinigungswerkzeug\/","name":"ZilberHaar Bartb\u00fcrsten-Pflegeset f\u00fcr M\u00e4nner - 1 Bartb\u00fcrste + 1 Taschenb\u00fcrste + 1 B\u00fcrsten Reinigungswerkzeug - Steife\u2026 - Markt-XXL","isPartOf":{"@id":"https:\/\/marktxxl.de\/markt\/#website"},"primaryImageOfPage":{"@id":"https:\/\/marktxxl.de\/markt\/produkt\/zilberhaar-bartbuersten-set-mit-steifen-borsten-original-bartbuerste-taschen-bartbuerste-inkl-bartbuersten-reinigungswerkzeug\/#primaryimage"},"image":{"@id":"https:\/\/marktxxl.de\/markt\/produkt\/zilberhaar-bartbuersten-set-mit-steifen-borsten-original-bartbuerste-taschen-bartbuerste-inkl-bartbuersten-reinigungswerkzeug\/#primaryimage"},"thumbnailUrl":"https:\/\/m.media-amazon.com\/images\/I\/31G6LE67oTL._SL500_.jpg","datePublished":"2021-11-25T17:45:25+00:00","dateModified":"2023-04-07T00:12:21+00:00","description":"Markt-XXL ZilberHaar Bartb\u00fcrsten-Pflegeset f\u00fcr M\u00e4nner - 1 Bartb\u00fcrste + 1 Taschenb\u00fcrste + 1 B\u00fcrsten Reinigungswerkzeug - Steife\u2026","breadcrumb":{"@id":"https:\/\/marktxxl.de\/markt\/produkt\/zilberhaar-bartbuersten-set-mit-steifen-borsten-original-bartbuerste-taschen-bartbuerste-inkl-bartbuersten-reinigungswerkzeug\/#breadcrumb"},"inLanguage":"de","potentialAction":[{"@type":"ReadAction","target":["https:\/\/marktxxl.de\/markt\/produkt\/zilberhaar-bartbuersten-set-mit-steifen-borsten-original-bartbuerste-taschen-bartbuerste-inkl-bartbuersten-reinigungswerkzeug\/"]}]},{"@type":"ImageObject","inLanguage":"de","@id":"https:\/\/marktxxl.de\/markt\/produkt\/zilberhaar-bartbuersten-set-mit-steifen-borsten-original-bartbuerste-taschen-bartbuerste-inkl-bartbuersten-reinigungswerkzeug\/#primaryimage","url":"https:\/\/m.media-amazon.com\/images\/I\/31G6LE67oTL._SL500_.jpg","contentUrl":"https:\/\/m.media-amazon.com\/images\/I\/31G6LE67oTL._SL500_.jpg","width":500,"height":336},{"@type":"BreadcrumbList","@id":"https:\/\/marktxxl.de\/markt\/produkt\/zilberhaar-bartbuersten-set-mit-steifen-borsten-original-bartbuerste-taschen-bartbuerste-inkl-bartbuersten-reinigungswerkzeug\/#breadcrumb","itemListElement":[{"@type":"ListItem","position":1,"name":"Startseite","item":"https:\/\/marktxxl.de\/markt\/"},{"@type":"ListItem","position":2,"name":"Markt","item":"https:\/\/marktxxl.de\/markt\/"},{"@type":"ListItem","position":3,"name":"ZilberHaar Bartb\u00fcrsten-Pflegeset f\u00fcr M\u00e4nner &#8211; 1 Bartb\u00fcrste + 1 Taschenb\u00fcrste + 1 B\u00fcrsten Reinigungswerkzeug &#8211; Steife\u2026"}]},{"@type":"WebSite","@id":"https:\/\/marktxxl.de\/markt\/#website","url":"https:\/\/marktxxl.de\/markt\/","name":"Markt-XXL","description":"Ihr Markt Online","publisher":{"@id":"https:\/\/marktxxl.de\/markt\/#organization"},"potentialAction":[{"@type":"SearchAction","target":{"@type":"EntryPoint","urlTemplate":"https:\/\/marktxxl.de\/markt\/?s={search_term_string}"},"query-input":{"@type":"PropertyValueSpecification","valueRequired":true,"valueName":"search_term_string"}}],"inLanguage":"de"},{"@type":"Organization","@id":"https:\/\/marktxxl.de\/markt\/#organization","name":"Markt-XXL","url":"https:\/\/marktxxl.de\/markt\/","logo":{"@type":"ImageObject","inLanguage":"de","@id":"https:\/\/marktxxl.de\/markt\/#\/schema\/logo\/image\/","url":"https:\/\/marktxxl.de\/markt\/wp-content\/uploads\/sites\/3\/2020\/12\/logo.png","contentUrl":"https:\/\/marktxxl.de\/markt\/wp-content\/uploads\/sites\/3\/2020\/12\/logo.png","width":200,"height":70,"caption":"Markt-XXL"},"image":{"@id":"https:\/\/marktxxl.de\/markt\/#\/schema\/logo\/image\/"}}]}},"_links":{"self":[{"href":"https:\/\/marktxxl.de\/markt\/wp-json\/wp\/v2\/product\/81767","targetHints":{"allow":["GET"]}}],"collection":[{"href":"https:\/\/marktxxl.de\/markt\/wp-json\/wp\/v2\/product"}],"about":[{"href":"https:\/\/marktxxl.de\/markt\/wp-json\/wp\/v2\/types\/product"}],"replies":[{"embeddable":true,"href":"https:\/\/marktxxl.de\/markt\/wp-json\/wp\/v2\/comments?post=81767"}],"wp:featuredmedia":[{"embeddable":true,"href":"https:\/\/marktxxl.de\/markt\/wp-json\/wp\/v2\/media\/81768"}],"wp:attachment":[{"href":"https:\/\/marktxxl.de\/markt\/wp-json\/wp\/v2\/media?parent=81767"}],"wp:term":[{"taxonomy":"product_brand","embeddable":true,"href":"https:\/\/marktxxl.de\/markt\/wp-json\/wp\/v2\/product_brand?post=81767"},{"taxonomy":"product_cat","embeddable":true,"href":"https:\/\/marktxxl.de\/markt\/wp-json\/wp\/v2\/product_cat?post=81767"},{"taxonomy":"product_tag","embeddable":true,"href":"https:\/\/marktxxl.de\/markt\/wp-json\/wp\/v2\/product_tag?post=81767"}],"curies":[{"name":"wp","href":"https:\/\/api.w.org\/{rel}","templated":true}]}}