{"id":81667,"date":"2021-11-25T18:39:21","date_gmt":"2021-11-25T17:39:21","guid":{"rendered":"https:\/\/marktxxl.de\/markt\/produkt\/arko-rasierseife-90-gramm-dose-5er-pack\/"},"modified":"2023-04-11T02:57:32","modified_gmt":"2023-04-11T00:57:32","slug":"arko-rasierseife-90-gramm-dose-5er-pack","status":"publish","type":"product","link":"https:\/\/marktxxl.de\/markt\/produkt\/arko-rasierseife-90-gramm-dose-5er-pack\/","title":{"rendered":"Arko Rasierseife 90 Gramm Dose &#8211; 5er Pack"},"content":{"rendered":"<p>5x Arko 90gr Rasierseife Vorteilspack<br \/>\nArko Rasierseife ist eine spezielle Rasierseife, welche sehr bekannt und beliebt ist. Erm\u00f6glicht eine sanfte und gr\u00fcndliche Rasur. Sorgt f\u00fcr glatte und geschmeidige Haut<br \/>\nT\u00fcrkisch Traditionelle Rasierseife Herren, bekannt auch beim T\u00fcrkischen Friseur.<br \/>\nmit jeder herk\u00f6mmlichen Rasierklinge Rassiermesser Nassrasierer Herren benutzbar<br \/>\nDiese Rasierseife stellt das &#8220;Non-plus-ultra&#8221; f\u00fcr die Nassrasur dar. Der stabile und feste Schaum bietet nicht nur eine ideale Klingengrundlage, sondern pflegt die Haut intensiv. Mit frischem Duft. Die Seife kommt direkt im Topf mit Schraubdeckel &#8211; praktisch und hygienisch.<br \/>\n<div class=\"main-cross-sell\" data-asin=\"B01MXXK4QO\">\n\n\t<div class=\"WooZone-cross-sell-loader\">\n\t\t<div>\n\t\t\t<div id=\"floatingBarsG\">\n\t\t\t\t<div class=\"blockG\" id=\"rotateG_01\"><\/div>\n\t\t\t\t<div class=\"blockG\" id=\"rotateG_02\"><\/div>\n\t\t\t\t<div class=\"blockG\" id=\"rotateG_03\"><\/div>\n\t\t\t\t<div class=\"blockG\" id=\"rotateG_04\"><\/div>\n\t\t\t\t<div class=\"blockG\" id=\"rotateG_05\"><\/div>\n\t\t\t\t<div class=\"blockG\" id=\"rotateG_06\"><\/div>\n\t\t\t\t<div class=\"blockG\" id=\"rotateG_07\"><\/div>\n\t\t\t\t<div class=\"blockG\" id=\"rotateG_08\"><\/div>\n\t\t\t<\/div>\n\t\t\t<div class=\"WooZone-cross-sell-loader-text\"><\/div>\n\t\t<\/div>\n\t<\/div>\n\n\t\t\n<\/div>\n<div style=\"clear:both;\"><\/div><\/p>\n","protected":false},"excerpt":{"rendered":"<p>5x Arko 90gr Rasierseife Vorteilspack<br \/>\nArko Rasierseife ist eine spezielle Rasierseife, welche sehr bekannt und beliebt ist. Erm\u00f6glicht eine sanfte und gr\u00fcndliche Rasur. Sorgt f\u00fcr glatte und geschmeidige Haut<br \/>\nT\u00fcrkisch Traditionelle Rasierseife Herren, bekannt auch beim T\u00fcrkischen Friseur.<\/p>\n","protected":false},"featured_media":81668,"comment_status":"open","ping_status":"closed","template":"","meta":[],"product_brand":[],"product_cat":[566,6190],"product_tag":[],"class_list":{"0":"post-81667","1":"product","2":"type-product","3":"status-publish","4":"has-post-thumbnail","6":"product_cat-drogerie-koerperpflege","7":"product_cat-rasur-enthaarung","8":"pa_binding-badartikel","9":"pa_brand-arko","10":"pa_size-90-g-5er-pack","12":"first","13":"instock","14":"shipping-taxable","15":"purchasable","16":"product-type-simple","17":"customify-col","18":"product-has-gallery"},"yoast_head":"<!-- This site is optimized with the Yoast SEO plugin v27.3 - https:\/\/yoast.com\/product\/yoast-seo-wordpress\/ -->\n<title>Arko Rasierseife 90 Gramm Dose - 5er Pack - Markt-XXL<\/title>\n<meta name=\"description\" content=\"Markt-XXL Arko Rasierseife 90 Gramm Dose - 5er Pack\" \/>\n<meta name=\"robots\" content=\"index, follow, max-snippet:-1, max-image-preview:large, max-video-preview:-1\" \/>\n<link rel=\"canonical\" href=\"https:\/\/marktxxl.de\/markt\/produkt\/arko-rasierseife-90-gramm-dose-5er-pack\/\" \/>\n<meta property=\"og:locale\" content=\"de_DE\" \/>\n<meta property=\"og:type\" content=\"article\" \/>\n<meta property=\"og:title\" content=\"Arko Rasierseife 90 Gramm Dose - 5er Pack - Markt-XXL\" \/>\n<meta property=\"og:description\" content=\"Markt-XXL Arko Rasierseife 90 Gramm Dose - 5er Pack\" \/>\n<meta property=\"og:url\" content=\"https:\/\/marktxxl.de\/markt\/produkt\/arko-rasierseife-90-gramm-dose-5er-pack\/\" \/>\n<meta property=\"og:site_name\" content=\"Markt-XXL\" \/>\n<meta property=\"article:modified_time\" content=\"2023-04-11T00:57:32+00:00\" \/>\n<meta property=\"og:image\" content=\"https:\/\/m.media-amazon.com\/images\/I\/41IAhU0vL8L._SL500_.jpg\" \/>\n\t<meta property=\"og:image:width\" content=\"500\" \/>\n\t<meta property=\"og:image:height\" content=\"375\" \/>\n\t<meta property=\"og:image:type\" content=\"image\/jpeg\" \/>\n<meta name=\"twitter:card\" content=\"summary_large_image\" \/>\n<meta name=\"twitter:label1\" content=\"Gesch\u00e4tzte Lesezeit\" \/>\n\t<meta name=\"twitter:data1\" content=\"1\u00a0Minute\" \/>\n<script type=\"application\/ld+json\" class=\"yoast-schema-graph\">{\"@context\":\"https:\\\/\\\/schema.org\",\"@graph\":[{\"@type\":\"WebPage\",\"@id\":\"https:\\\/\\\/marktxxl.de\\\/markt\\\/produkt\\\/arko-rasierseife-90-gramm-dose-5er-pack\\\/\",\"url\":\"https:\\\/\\\/marktxxl.de\\\/markt\\\/produkt\\\/arko-rasierseife-90-gramm-dose-5er-pack\\\/\",\"name\":\"Arko Rasierseife 90 Gramm Dose - 5er Pack - Markt-XXL\",\"isPartOf\":{\"@id\":\"https:\\\/\\\/marktxxl.de\\\/markt\\\/#website\"},\"primaryImageOfPage\":{\"@id\":\"https:\\\/\\\/marktxxl.de\\\/markt\\\/produkt\\\/arko-rasierseife-90-gramm-dose-5er-pack\\\/#primaryimage\"},\"image\":{\"@id\":\"https:\\\/\\\/marktxxl.de\\\/markt\\\/produkt\\\/arko-rasierseife-90-gramm-dose-5er-pack\\\/#primaryimage\"},\"thumbnailUrl\":\"https:\\\/\\\/m.media-amazon.com\\\/images\\\/I\\\/41IAhU0vL8L._SL500_.jpg\",\"datePublished\":\"2021-11-25T17:39:21+00:00\",\"dateModified\":\"2023-04-11T00:57:32+00:00\",\"description\":\"Markt-XXL Arko Rasierseife 90 Gramm Dose - 5er Pack\",\"breadcrumb\":{\"@id\":\"https:\\\/\\\/marktxxl.de\\\/markt\\\/produkt\\\/arko-rasierseife-90-gramm-dose-5er-pack\\\/#breadcrumb\"},\"inLanguage\":\"de\",\"potentialAction\":[{\"@type\":\"ReadAction\",\"target\":[\"https:\\\/\\\/marktxxl.de\\\/markt\\\/produkt\\\/arko-rasierseife-90-gramm-dose-5er-pack\\\/\"]}]},{\"@type\":\"ImageObject\",\"inLanguage\":\"de\",\"@id\":\"https:\\\/\\\/marktxxl.de\\\/markt\\\/produkt\\\/arko-rasierseife-90-gramm-dose-5er-pack\\\/#primaryimage\",\"url\":\"https:\\\/\\\/m.media-amazon.com\\\/images\\\/I\\\/41IAhU0vL8L._SL500_.jpg\",\"contentUrl\":\"https:\\\/\\\/m.media-amazon.com\\\/images\\\/I\\\/41IAhU0vL8L._SL500_.jpg\",\"width\":500,\"height\":375},{\"@type\":\"BreadcrumbList\",\"@id\":\"https:\\\/\\\/marktxxl.de\\\/markt\\\/produkt\\\/arko-rasierseife-90-gramm-dose-5er-pack\\\/#breadcrumb\",\"itemListElement\":[{\"@type\":\"ListItem\",\"position\":1,\"name\":\"Startseite\",\"item\":\"https:\\\/\\\/marktxxl.de\\\/markt\\\/\"},{\"@type\":\"ListItem\",\"position\":2,\"name\":\"Markt\",\"item\":\"https:\\\/\\\/marktxxl.de\\\/markt\\\/\"},{\"@type\":\"ListItem\",\"position\":3,\"name\":\"Arko Rasierseife 90 Gramm Dose &#8211; 5er Pack\"}]},{\"@type\":\"WebSite\",\"@id\":\"https:\\\/\\\/marktxxl.de\\\/markt\\\/#website\",\"url\":\"https:\\\/\\\/marktxxl.de\\\/markt\\\/\",\"name\":\"Markt-XXL\",\"description\":\"Ihr Markt Online\",\"publisher\":{\"@id\":\"https:\\\/\\\/marktxxl.de\\\/markt\\\/#organization\"},\"potentialAction\":[{\"@type\":\"SearchAction\",\"target\":{\"@type\":\"EntryPoint\",\"urlTemplate\":\"https:\\\/\\\/marktxxl.de\\\/markt\\\/?s={search_term_string}\"},\"query-input\":{\"@type\":\"PropertyValueSpecification\",\"valueRequired\":true,\"valueName\":\"search_term_string\"}}],\"inLanguage\":\"de\"},{\"@type\":\"Organization\",\"@id\":\"https:\\\/\\\/marktxxl.de\\\/markt\\\/#organization\",\"name\":\"Markt-XXL\",\"url\":\"https:\\\/\\\/marktxxl.de\\\/markt\\\/\",\"logo\":{\"@type\":\"ImageObject\",\"inLanguage\":\"de\",\"@id\":\"https:\\\/\\\/marktxxl.de\\\/markt\\\/#\\\/schema\\\/logo\\\/image\\\/\",\"url\":\"https:\\\/\\\/marktxxl.de\\\/markt\\\/wp-content\\\/uploads\\\/sites\\\/3\\\/2020\\\/12\\\/logo.png\",\"contentUrl\":\"https:\\\/\\\/marktxxl.de\\\/markt\\\/wp-content\\\/uploads\\\/sites\\\/3\\\/2020\\\/12\\\/logo.png\",\"width\":200,\"height\":70,\"caption\":\"Markt-XXL\"},\"image\":{\"@id\":\"https:\\\/\\\/marktxxl.de\\\/markt\\\/#\\\/schema\\\/logo\\\/image\\\/\"}}]}<\/script>\n<!-- \/ Yoast SEO plugin. -->","yoast_head_json":{"title":"Arko Rasierseife 90 Gramm Dose - 5er Pack - Markt-XXL","description":"Markt-XXL Arko Rasierseife 90 Gramm Dose - 5er Pack","robots":{"index":"index","follow":"follow","max-snippet":"max-snippet:-1","max-image-preview":"max-image-preview:large","max-video-preview":"max-video-preview:-1"},"canonical":"https:\/\/marktxxl.de\/markt\/produkt\/arko-rasierseife-90-gramm-dose-5er-pack\/","og_locale":"de_DE","og_type":"article","og_title":"Arko Rasierseife 90 Gramm Dose - 5er Pack - Markt-XXL","og_description":"Markt-XXL Arko Rasierseife 90 Gramm Dose - 5er Pack","og_url":"https:\/\/marktxxl.de\/markt\/produkt\/arko-rasierseife-90-gramm-dose-5er-pack\/","og_site_name":"Markt-XXL","article_modified_time":"2023-04-11T00:57:32+00:00","og_image":[{"width":500,"height":375,"url":"https:\/\/m.media-amazon.com\/images\/I\/41IAhU0vL8L._SL500_.jpg","type":"image\/jpeg"}],"twitter_card":"summary_large_image","twitter_misc":{"Gesch\u00e4tzte Lesezeit":"1\u00a0Minute"},"schema":{"@context":"https:\/\/schema.org","@graph":[{"@type":"WebPage","@id":"https:\/\/marktxxl.de\/markt\/produkt\/arko-rasierseife-90-gramm-dose-5er-pack\/","url":"https:\/\/marktxxl.de\/markt\/produkt\/arko-rasierseife-90-gramm-dose-5er-pack\/","name":"Arko Rasierseife 90 Gramm Dose - 5er Pack - Markt-XXL","isPartOf":{"@id":"https:\/\/marktxxl.de\/markt\/#website"},"primaryImageOfPage":{"@id":"https:\/\/marktxxl.de\/markt\/produkt\/arko-rasierseife-90-gramm-dose-5er-pack\/#primaryimage"},"image":{"@id":"https:\/\/marktxxl.de\/markt\/produkt\/arko-rasierseife-90-gramm-dose-5er-pack\/#primaryimage"},"thumbnailUrl":"https:\/\/m.media-amazon.com\/images\/I\/41IAhU0vL8L._SL500_.jpg","datePublished":"2021-11-25T17:39:21+00:00","dateModified":"2023-04-11T00:57:32+00:00","description":"Markt-XXL Arko Rasierseife 90 Gramm Dose - 5er Pack","breadcrumb":{"@id":"https:\/\/marktxxl.de\/markt\/produkt\/arko-rasierseife-90-gramm-dose-5er-pack\/#breadcrumb"},"inLanguage":"de","potentialAction":[{"@type":"ReadAction","target":["https:\/\/marktxxl.de\/markt\/produkt\/arko-rasierseife-90-gramm-dose-5er-pack\/"]}]},{"@type":"ImageObject","inLanguage":"de","@id":"https:\/\/marktxxl.de\/markt\/produkt\/arko-rasierseife-90-gramm-dose-5er-pack\/#primaryimage","url":"https:\/\/m.media-amazon.com\/images\/I\/41IAhU0vL8L._SL500_.jpg","contentUrl":"https:\/\/m.media-amazon.com\/images\/I\/41IAhU0vL8L._SL500_.jpg","width":500,"height":375},{"@type":"BreadcrumbList","@id":"https:\/\/marktxxl.de\/markt\/produkt\/arko-rasierseife-90-gramm-dose-5er-pack\/#breadcrumb","itemListElement":[{"@type":"ListItem","position":1,"name":"Startseite","item":"https:\/\/marktxxl.de\/markt\/"},{"@type":"ListItem","position":2,"name":"Markt","item":"https:\/\/marktxxl.de\/markt\/"},{"@type":"ListItem","position":3,"name":"Arko Rasierseife 90 Gramm Dose &#8211; 5er Pack"}]},{"@type":"WebSite","@id":"https:\/\/marktxxl.de\/markt\/#website","url":"https:\/\/marktxxl.de\/markt\/","name":"Markt-XXL","description":"Ihr Markt Online","publisher":{"@id":"https:\/\/marktxxl.de\/markt\/#organization"},"potentialAction":[{"@type":"SearchAction","target":{"@type":"EntryPoint","urlTemplate":"https:\/\/marktxxl.de\/markt\/?s={search_term_string}"},"query-input":{"@type":"PropertyValueSpecification","valueRequired":true,"valueName":"search_term_string"}}],"inLanguage":"de"},{"@type":"Organization","@id":"https:\/\/marktxxl.de\/markt\/#organization","name":"Markt-XXL","url":"https:\/\/marktxxl.de\/markt\/","logo":{"@type":"ImageObject","inLanguage":"de","@id":"https:\/\/marktxxl.de\/markt\/#\/schema\/logo\/image\/","url":"https:\/\/marktxxl.de\/markt\/wp-content\/uploads\/sites\/3\/2020\/12\/logo.png","contentUrl":"https:\/\/marktxxl.de\/markt\/wp-content\/uploads\/sites\/3\/2020\/12\/logo.png","width":200,"height":70,"caption":"Markt-XXL"},"image":{"@id":"https:\/\/marktxxl.de\/markt\/#\/schema\/logo\/image\/"}}]}},"_links":{"self":[{"href":"https:\/\/marktxxl.de\/markt\/wp-json\/wp\/v2\/product\/81667","targetHints":{"allow":["GET"]}}],"collection":[{"href":"https:\/\/marktxxl.de\/markt\/wp-json\/wp\/v2\/product"}],"about":[{"href":"https:\/\/marktxxl.de\/markt\/wp-json\/wp\/v2\/types\/product"}],"replies":[{"embeddable":true,"href":"https:\/\/marktxxl.de\/markt\/wp-json\/wp\/v2\/comments?post=81667"}],"wp:featuredmedia":[{"embeddable":true,"href":"https:\/\/marktxxl.de\/markt\/wp-json\/wp\/v2\/media\/81668"}],"wp:attachment":[{"href":"https:\/\/marktxxl.de\/markt\/wp-json\/wp\/v2\/media?parent=81667"}],"wp:term":[{"taxonomy":"product_brand","embeddable":true,"href":"https:\/\/marktxxl.de\/markt\/wp-json\/wp\/v2\/product_brand?post=81667"},{"taxonomy":"product_cat","embeddable":true,"href":"https:\/\/marktxxl.de\/markt\/wp-json\/wp\/v2\/product_cat?post=81667"},{"taxonomy":"product_tag","embeddable":true,"href":"https:\/\/marktxxl.de\/markt\/wp-json\/wp\/v2\/product_tag?post=81667"}],"curies":[{"name":"wp","href":"https:\/\/api.w.org\/{rel}","templated":true}]}}