{"id":81516,"date":"2021-11-25T18:34:07","date_gmt":"2021-11-25T17:34:07","guid":{"rendered":"https:\/\/marktxxl.de\/markt\/produkt\/sevenhills-wholefoods-kokosbluetenzucker-bio\/"},"modified":"2023-04-11T02:57:30","modified_gmt":"2023-04-11T00:57:30","slug":"sevenhills-wholefoods-kokosbluetenzucker-bio","status":"publish","type":"product","link":"https:\/\/marktxxl.de\/markt\/produkt\/sevenhills-wholefoods-kokosbluetenzucker-bio\/","title":{"rendered":"Sevenhills Wholefoods Kokosbl\u00fctenzucker Bio 1kg"},"content":{"rendered":"<p>Kokosbl\u00fctenzucker ist eine Alternative zu Zucker S\u00fc\u00dfstoff, m\u00e4\u00dfig Gebrauch als 1: 1 Alternative zu Rohrzucker in Getr\u00e4nken, Backen oder Desserts.<br \/>\nKokosbl\u00fctenzucker hat einen s\u00fc\u00dfen Karamellgeschmack ideal f\u00fcr S\u00fc\u00dfspeisen<br \/>\nKokosbl\u00fctenzucker niedrig auf den glyk\u00e4mischen Index<br \/>\n*ETIKETTEN K\u00d6NNEN ABWECHSELN, ABER INHALT BLEIBEN DIE GLEICHEN*. 100% rein und organisch, ohne f\u00fcllstoffe, farben oder bindemittel, zertifizierte bio von der Soil Association, geeignet f\u00fcr vegetarier und veganer<br \/>\nSevenhills Wholefoods ist amazon.co.uk meistverkauften Supernahrungsmittel, und hoch bewertet indem es Kunden<br \/>\n<div class=\"main-cross-sell\" data-asin=\"B07BZSJX9K\">\n\n\t<div class=\"WooZone-cross-sell-loader\">\n\t\t<div>\n\t\t\t<div id=\"floatingBarsG\">\n\t\t\t\t<div class=\"blockG\" id=\"rotateG_01\"><\/div>\n\t\t\t\t<div class=\"blockG\" id=\"rotateG_02\"><\/div>\n\t\t\t\t<div class=\"blockG\" id=\"rotateG_03\"><\/div>\n\t\t\t\t<div class=\"blockG\" id=\"rotateG_04\"><\/div>\n\t\t\t\t<div class=\"blockG\" id=\"rotateG_05\"><\/div>\n\t\t\t\t<div class=\"blockG\" id=\"rotateG_06\"><\/div>\n\t\t\t\t<div class=\"blockG\" id=\"rotateG_07\"><\/div>\n\t\t\t\t<div class=\"blockG\" id=\"rotateG_08\"><\/div>\n\t\t\t<\/div>\n\t\t\t<div class=\"WooZone-cross-sell-loader-text\"><\/div>\n\t\t<\/div>\n\t<\/div>\n\n\t\t\n<\/div>\n<div style=\"clear:both;\"><\/div><\/p>\n","protected":false},"excerpt":{"rendered":"<p>Kokosbl\u00fctenzucker ist eine Alternative zu Zucker S\u00fc\u00dfstoff, m\u00e4\u00dfig Gebrauch als 1: 1 Alternative zu Rohrzucker in Getr\u00e4nken, Backen oder Desserts.<br \/>\nKokosbl\u00fctenzucker hat einen s\u00fc\u00dfen Karamellgeschmack ideal f\u00fcr S\u00fc\u00dfspeisen<br \/>\nKokosbl\u00fctenzucker niedrig auf den glyk\u00e4mischen Index<\/p>\n","protected":false},"featured_media":81517,"comment_status":"open","ping_status":"closed","template":"","meta":[],"product_brand":[],"product_cat":[566,6104],"product_tag":[],"class_list":{"0":"post-81516","1":"product","2":"type-product","3":"status-publish","4":"has-post-thumbnail","6":"product_cat-drogerie-koerperpflege","7":"product_cat-nahrungsergaenzung","8":"pa_brand-sevenhills-wholefoods","9":"pa_manufacturer-sevenhills-wholefoods","11":"first","12":"instock","13":"shipping-taxable","14":"purchasable","15":"product-type-simple","16":"customify-col","17":"product-has-gallery"},"yoast_head":"<!-- This site is optimized with the Yoast SEO plugin v27.4 - https:\/\/yoast.com\/product\/yoast-seo-wordpress\/ -->\n<title>Sevenhills Wholefoods Kokosbl\u00fctenzucker Bio 1kg - Markt-XXL<\/title>\n<meta name=\"description\" content=\"Markt-XXL Sevenhills Wholefoods Kokosbl\u00fctenzucker Bio 1kg\" \/>\n<meta name=\"robots\" content=\"index, follow, max-snippet:-1, max-image-preview:large, max-video-preview:-1\" \/>\n<link rel=\"canonical\" href=\"https:\/\/marktxxl.de\/markt\/produkt\/sevenhills-wholefoods-kokosbluetenzucker-bio\/\" \/>\n<meta property=\"og:locale\" content=\"de_DE\" \/>\n<meta property=\"og:type\" content=\"article\" \/>\n<meta property=\"og:title\" content=\"Sevenhills Wholefoods Kokosbl\u00fctenzucker Bio 1kg - Markt-XXL\" \/>\n<meta property=\"og:description\" content=\"Markt-XXL Sevenhills Wholefoods Kokosbl\u00fctenzucker Bio 1kg\" \/>\n<meta property=\"og:url\" content=\"https:\/\/marktxxl.de\/markt\/produkt\/sevenhills-wholefoods-kokosbluetenzucker-bio\/\" \/>\n<meta property=\"og:site_name\" content=\"Markt-XXL\" \/>\n<meta property=\"article:modified_time\" content=\"2023-04-11T00:57:30+00:00\" \/>\n<meta property=\"og:image\" content=\"https:\/\/m.media-amazon.com\/images\/I\/51fBt69LErL._SL500_.jpg\" \/>\n\t<meta property=\"og:image:width\" content=\"500\" \/>\n\t<meta property=\"og:image:height\" content=\"500\" \/>\n\t<meta property=\"og:image:type\" content=\"image\/jpeg\" \/>\n<meta name=\"twitter:card\" content=\"summary_large_image\" \/>\n<script type=\"application\/ld+json\" class=\"yoast-schema-graph\">{\"@context\":\"https:\\\/\\\/schema.org\",\"@graph\":[{\"@type\":\"WebPage\",\"@id\":\"https:\\\/\\\/marktxxl.de\\\/markt\\\/produkt\\\/sevenhills-wholefoods-kokosbluetenzucker-bio\\\/\",\"url\":\"https:\\\/\\\/marktxxl.de\\\/markt\\\/produkt\\\/sevenhills-wholefoods-kokosbluetenzucker-bio\\\/\",\"name\":\"Sevenhills Wholefoods Kokosbl\u00fctenzucker Bio 1kg - Markt-XXL\",\"isPartOf\":{\"@id\":\"https:\\\/\\\/marktxxl.de\\\/markt\\\/#website\"},\"primaryImageOfPage\":{\"@id\":\"https:\\\/\\\/marktxxl.de\\\/markt\\\/produkt\\\/sevenhills-wholefoods-kokosbluetenzucker-bio\\\/#primaryimage\"},\"image\":{\"@id\":\"https:\\\/\\\/marktxxl.de\\\/markt\\\/produkt\\\/sevenhills-wholefoods-kokosbluetenzucker-bio\\\/#primaryimage\"},\"thumbnailUrl\":\"https:\\\/\\\/m.media-amazon.com\\\/images\\\/I\\\/51fBt69LErL._SL500_.jpg\",\"datePublished\":\"2021-11-25T17:34:07+00:00\",\"dateModified\":\"2023-04-11T00:57:30+00:00\",\"description\":\"Markt-XXL Sevenhills Wholefoods Kokosbl\u00fctenzucker Bio 1kg\",\"breadcrumb\":{\"@id\":\"https:\\\/\\\/marktxxl.de\\\/markt\\\/produkt\\\/sevenhills-wholefoods-kokosbluetenzucker-bio\\\/#breadcrumb\"},\"inLanguage\":\"de\",\"potentialAction\":[{\"@type\":\"ReadAction\",\"target\":[\"https:\\\/\\\/marktxxl.de\\\/markt\\\/produkt\\\/sevenhills-wholefoods-kokosbluetenzucker-bio\\\/\"]}]},{\"@type\":\"ImageObject\",\"inLanguage\":\"de\",\"@id\":\"https:\\\/\\\/marktxxl.de\\\/markt\\\/produkt\\\/sevenhills-wholefoods-kokosbluetenzucker-bio\\\/#primaryimage\",\"url\":\"https:\\\/\\\/m.media-amazon.com\\\/images\\\/I\\\/51fBt69LErL._SL500_.jpg\",\"contentUrl\":\"https:\\\/\\\/m.media-amazon.com\\\/images\\\/I\\\/51fBt69LErL._SL500_.jpg\",\"width\":500,\"height\":500},{\"@type\":\"BreadcrumbList\",\"@id\":\"https:\\\/\\\/marktxxl.de\\\/markt\\\/produkt\\\/sevenhills-wholefoods-kokosbluetenzucker-bio\\\/#breadcrumb\",\"itemListElement\":[{\"@type\":\"ListItem\",\"position\":1,\"name\":\"Startseite\",\"item\":\"https:\\\/\\\/marktxxl.de\\\/markt\\\/\"},{\"@type\":\"ListItem\",\"position\":2,\"name\":\"Markt\",\"item\":\"https:\\\/\\\/marktxxl.de\\\/markt\\\/\"},{\"@type\":\"ListItem\",\"position\":3,\"name\":\"Sevenhills Wholefoods Kokosbl\u00fctenzucker Bio 1kg\"}]},{\"@type\":\"WebSite\",\"@id\":\"https:\\\/\\\/marktxxl.de\\\/markt\\\/#website\",\"url\":\"https:\\\/\\\/marktxxl.de\\\/markt\\\/\",\"name\":\"Markt-XXL\",\"description\":\"Ihr Markt Online\",\"publisher\":{\"@id\":\"https:\\\/\\\/marktxxl.de\\\/markt\\\/#organization\"},\"potentialAction\":[{\"@type\":\"SearchAction\",\"target\":{\"@type\":\"EntryPoint\",\"urlTemplate\":\"https:\\\/\\\/marktxxl.de\\\/markt\\\/?s={search_term_string}\"},\"query-input\":{\"@type\":\"PropertyValueSpecification\",\"valueRequired\":true,\"valueName\":\"search_term_string\"}}],\"inLanguage\":\"de\"},{\"@type\":\"Organization\",\"@id\":\"https:\\\/\\\/marktxxl.de\\\/markt\\\/#organization\",\"name\":\"Markt-XXL\",\"url\":\"https:\\\/\\\/marktxxl.de\\\/markt\\\/\",\"logo\":{\"@type\":\"ImageObject\",\"inLanguage\":\"de\",\"@id\":\"https:\\\/\\\/marktxxl.de\\\/markt\\\/#\\\/schema\\\/logo\\\/image\\\/\",\"url\":\"https:\\\/\\\/marktxxl.de\\\/markt\\\/wp-content\\\/uploads\\\/sites\\\/3\\\/2020\\\/12\\\/logo.png\",\"contentUrl\":\"https:\\\/\\\/marktxxl.de\\\/markt\\\/wp-content\\\/uploads\\\/sites\\\/3\\\/2020\\\/12\\\/logo.png\",\"width\":200,\"height\":70,\"caption\":\"Markt-XXL\"},\"image\":{\"@id\":\"https:\\\/\\\/marktxxl.de\\\/markt\\\/#\\\/schema\\\/logo\\\/image\\\/\"}}]}<\/script>\n<!-- \/ Yoast SEO plugin. -->","yoast_head_json":{"title":"Sevenhills Wholefoods Kokosbl\u00fctenzucker Bio 1kg - Markt-XXL","description":"Markt-XXL Sevenhills Wholefoods Kokosbl\u00fctenzucker Bio 1kg","robots":{"index":"index","follow":"follow","max-snippet":"max-snippet:-1","max-image-preview":"max-image-preview:large","max-video-preview":"max-video-preview:-1"},"canonical":"https:\/\/marktxxl.de\/markt\/produkt\/sevenhills-wholefoods-kokosbluetenzucker-bio\/","og_locale":"de_DE","og_type":"article","og_title":"Sevenhills Wholefoods Kokosbl\u00fctenzucker Bio 1kg - Markt-XXL","og_description":"Markt-XXL Sevenhills Wholefoods Kokosbl\u00fctenzucker Bio 1kg","og_url":"https:\/\/marktxxl.de\/markt\/produkt\/sevenhills-wholefoods-kokosbluetenzucker-bio\/","og_site_name":"Markt-XXL","article_modified_time":"2023-04-11T00:57:30+00:00","og_image":[{"width":500,"height":500,"url":"https:\/\/m.media-amazon.com\/images\/I\/51fBt69LErL._SL500_.jpg","type":"image\/jpeg"}],"twitter_card":"summary_large_image","schema":{"@context":"https:\/\/schema.org","@graph":[{"@type":"WebPage","@id":"https:\/\/marktxxl.de\/markt\/produkt\/sevenhills-wholefoods-kokosbluetenzucker-bio\/","url":"https:\/\/marktxxl.de\/markt\/produkt\/sevenhills-wholefoods-kokosbluetenzucker-bio\/","name":"Sevenhills Wholefoods Kokosbl\u00fctenzucker Bio 1kg - Markt-XXL","isPartOf":{"@id":"https:\/\/marktxxl.de\/markt\/#website"},"primaryImageOfPage":{"@id":"https:\/\/marktxxl.de\/markt\/produkt\/sevenhills-wholefoods-kokosbluetenzucker-bio\/#primaryimage"},"image":{"@id":"https:\/\/marktxxl.de\/markt\/produkt\/sevenhills-wholefoods-kokosbluetenzucker-bio\/#primaryimage"},"thumbnailUrl":"https:\/\/m.media-amazon.com\/images\/I\/51fBt69LErL._SL500_.jpg","datePublished":"2021-11-25T17:34:07+00:00","dateModified":"2023-04-11T00:57:30+00:00","description":"Markt-XXL Sevenhills Wholefoods Kokosbl\u00fctenzucker Bio 1kg","breadcrumb":{"@id":"https:\/\/marktxxl.de\/markt\/produkt\/sevenhills-wholefoods-kokosbluetenzucker-bio\/#breadcrumb"},"inLanguage":"de","potentialAction":[{"@type":"ReadAction","target":["https:\/\/marktxxl.de\/markt\/produkt\/sevenhills-wholefoods-kokosbluetenzucker-bio\/"]}]},{"@type":"ImageObject","inLanguage":"de","@id":"https:\/\/marktxxl.de\/markt\/produkt\/sevenhills-wholefoods-kokosbluetenzucker-bio\/#primaryimage","url":"https:\/\/m.media-amazon.com\/images\/I\/51fBt69LErL._SL500_.jpg","contentUrl":"https:\/\/m.media-amazon.com\/images\/I\/51fBt69LErL._SL500_.jpg","width":500,"height":500},{"@type":"BreadcrumbList","@id":"https:\/\/marktxxl.de\/markt\/produkt\/sevenhills-wholefoods-kokosbluetenzucker-bio\/#breadcrumb","itemListElement":[{"@type":"ListItem","position":1,"name":"Startseite","item":"https:\/\/marktxxl.de\/markt\/"},{"@type":"ListItem","position":2,"name":"Markt","item":"https:\/\/marktxxl.de\/markt\/"},{"@type":"ListItem","position":3,"name":"Sevenhills Wholefoods Kokosbl\u00fctenzucker Bio 1kg"}]},{"@type":"WebSite","@id":"https:\/\/marktxxl.de\/markt\/#website","url":"https:\/\/marktxxl.de\/markt\/","name":"Markt-XXL","description":"Ihr Markt Online","publisher":{"@id":"https:\/\/marktxxl.de\/markt\/#organization"},"potentialAction":[{"@type":"SearchAction","target":{"@type":"EntryPoint","urlTemplate":"https:\/\/marktxxl.de\/markt\/?s={search_term_string}"},"query-input":{"@type":"PropertyValueSpecification","valueRequired":true,"valueName":"search_term_string"}}],"inLanguage":"de"},{"@type":"Organization","@id":"https:\/\/marktxxl.de\/markt\/#organization","name":"Markt-XXL","url":"https:\/\/marktxxl.de\/markt\/","logo":{"@type":"ImageObject","inLanguage":"de","@id":"https:\/\/marktxxl.de\/markt\/#\/schema\/logo\/image\/","url":"https:\/\/marktxxl.de\/markt\/wp-content\/uploads\/sites\/3\/2020\/12\/logo.png","contentUrl":"https:\/\/marktxxl.de\/markt\/wp-content\/uploads\/sites\/3\/2020\/12\/logo.png","width":200,"height":70,"caption":"Markt-XXL"},"image":{"@id":"https:\/\/marktxxl.de\/markt\/#\/schema\/logo\/image\/"}}]}},"_links":{"self":[{"href":"https:\/\/marktxxl.de\/markt\/wp-json\/wp\/v2\/product\/81516","targetHints":{"allow":["GET"]}}],"collection":[{"href":"https:\/\/marktxxl.de\/markt\/wp-json\/wp\/v2\/product"}],"about":[{"href":"https:\/\/marktxxl.de\/markt\/wp-json\/wp\/v2\/types\/product"}],"replies":[{"embeddable":true,"href":"https:\/\/marktxxl.de\/markt\/wp-json\/wp\/v2\/comments?post=81516"}],"wp:featuredmedia":[{"embeddable":true,"href":"https:\/\/marktxxl.de\/markt\/wp-json\/wp\/v2\/media\/81517"}],"wp:attachment":[{"href":"https:\/\/marktxxl.de\/markt\/wp-json\/wp\/v2\/media?parent=81516"}],"wp:term":[{"taxonomy":"product_brand","embeddable":true,"href":"https:\/\/marktxxl.de\/markt\/wp-json\/wp\/v2\/product_brand?post=81516"},{"taxonomy":"product_cat","embeddable":true,"href":"https:\/\/marktxxl.de\/markt\/wp-json\/wp\/v2\/product_cat?post=81516"},{"taxonomy":"product_tag","embeddable":true,"href":"https:\/\/marktxxl.de\/markt\/wp-json\/wp\/v2\/product_tag?post=81516"}],"curies":[{"name":"wp","href":"https:\/\/api.w.org\/{rel}","templated":true}]}}