{"id":81508,"date":"2021-11-25T18:34:03","date_gmt":"2021-11-25T17:34:03","guid":{"rendered":"https:\/\/marktxxl.de\/markt\/produkt\/rockitshaker-1000ml-protein-shaker-garantiert-auslaufsicher-bpa-frei-patentiertes-mischsystem-fuer-deinen-fitness-eiweissshake-und-proteinshake-1-liter\/"},"modified":"2023-04-11T02:57:30","modified_gmt":"2023-04-11T00:57:30","slug":"rockitshaker-1000ml-protein-shaker-garantiert-auslaufsicher-bpa-frei-patentiertes-mischsystem-fuer-deinen-fitness-eiweissshake-und-proteinshake-1-liter","status":"publish","type":"product","link":"https:\/\/marktxxl.de\/markt\/produkt\/rockitshaker-1000ml-protein-shaker-garantiert-auslaufsicher-bpa-frei-patentiertes-mischsystem-fuer-deinen-fitness-eiweissshake-und-proteinshake-1-liter\/","title":{"rendered":"ROCKITZ RockitShaker 1000ml Protein Shaker | garantiert auslaufsicher | BPA frei | patentiertes Mischsystem | f\u00fcr deinen\u2026"},"content":{"rendered":"<p>DIESER SHAKER KANN MEHR, UND WAS DU DAVON HAST \u2013 der RS1000 mit einem ganzen Liter Volumen ist schon ne Wucht an sich! Dazu muss du dir nie mehr unsicher sein, ob dein Eiwei\u00df Shaker den Proteinshake in der ganzen K\u00fcche oder deiner Sporttasche verteilt &#8211; denn er ist absolut dicht. Er mischt besser als jeder andere Shaker &#8211; dank genialem super hochwertigem Mischsystem nie wieder Klumpen im Drink. Sp\u00fclmaschinengeeignet und BPA frei.<br \/>\nAUSLAUFSICHER &amp; BPA FREI \u2013 durch den Einsatz zwei verschiedener Materialen im Becher und Deckel, der einzigartigen konisch zulaufenden Dichtlippe und dem starken Gewinde ist dieser Shaker garantiert dicht. Diese Dichttechnologie beherrscht kein anderer Hersteller im Markt! Alle verwendeten Materialien sind BPA frei und zertifiziert. Genie\u00dfe dein Protein sorgenfrei.<br \/>\nIMMER KUMPLENFREIE SHAKES &#8211; konkurrenzlos ist unsere patentierte, im Shaker frei schwingende, rostfreie Edelstahlfeder &#8211; genannt RockitMix. Deine Fitness Proteinshakes werden ab jetzt super cremig und klumpenfrei. RockitMix schwingt bei sch\u00fctteln bis auf den Boden und zur\u00fcck hoch in den Deckel \u2013 nie mehr Pulverreste im Shaker.<br \/>\nSTYLISH &amp; VIELSEITIG EINSETZBAR &#8211; das sportliche, ausgereifte Design des Shakers l\u00e4sst dich in jeder Situation gut aussehen. Premiumprodukt mit bestechend hoher Funktionalit\u00e4t \u2013 nutze ihn beim Sport, Fitness oder im Alltag. RockitMix funktioniert auch als Infusion Sieb!<br \/>\nQUALIT\u00c4T, ZU DER WIR STEHEN &#8211; Bestelle jetzt sorgenfrei mit 2 JAHREN GEW\u00c4HRLEISTUNG. RockitShaker ist unser Baby und wird zu 100% in Deutschland hergestellt. Wir stehen uneingeschr\u00e4nkt hinter unseren Produkten. Kontaktiere uns einfach, wenn etwas nicht stimmt. Wir finden immer eine L\u00f6sung! Es ist Zeit f\u00fcr den King unter den Shakern in deiner K\u00fcche.<br \/>\n<div class=\"main-cross-sell\" data-asin=\"B07PKTZM9G\">\n\n\t<div class=\"WooZone-cross-sell-loader\">\n\t\t<div>\n\t\t\t<div id=\"floatingBarsG\">\n\t\t\t\t<div class=\"blockG\" id=\"rotateG_01\"><\/div>\n\t\t\t\t<div class=\"blockG\" id=\"rotateG_02\"><\/div>\n\t\t\t\t<div class=\"blockG\" id=\"rotateG_03\"><\/div>\n\t\t\t\t<div class=\"blockG\" id=\"rotateG_04\"><\/div>\n\t\t\t\t<div class=\"blockG\" id=\"rotateG_05\"><\/div>\n\t\t\t\t<div class=\"blockG\" id=\"rotateG_06\"><\/div>\n\t\t\t\t<div class=\"blockG\" id=\"rotateG_07\"><\/div>\n\t\t\t\t<div class=\"blockG\" id=\"rotateG_08\"><\/div>\n\t\t\t<\/div>\n\t\t\t<div class=\"WooZone-cross-sell-loader-text\"><\/div>\n\t\t<\/div>\n\t<\/div>\n\n\t\t\n<\/div>\n<div style=\"clear:both;\"><\/div><\/p>\n","protected":false},"excerpt":{"rendered":"<p>DIESER SHAKER KANN MEHR, UND WAS DU DAVON HAST \u2013 der RS1000 mit einem ganzen Liter Volumen ist schon ne Wucht an sich! Dazu muss du dir nie mehr unsicher sein, ob dein Eiwei\u00df Shaker den Proteinshake in der ganzen K\u00fcche oder deiner Sporttasche verteilt &#8211; denn er ist absolut dicht. Er mischt besser als jeder andere Shaker &#8211; dank genialem super hochwertigem Mischsystem nie wieder Klumpen im Drink. Sp\u00fclmaschinengeeignet und BPA frei.<br \/>\nAUSLAUFSICHER &amp; BPA FREI \u2013 durch den Einsatz zwei verschiedener Materialen im Becher und Deckel, der einzigartigen konisch zulaufenden Dichtlippe und dem starken Gewinde ist dieser Shaker garantiert dicht. Diese Dichttechnologie beherrscht kein anderer Hersteller im Markt! Alle verwendeten Materialien sind BPA frei und zertifiziert. Genie\u00dfe dein Protein sorgenfrei.<br \/>\nIMMER KUMPLENFREIE SHAKES &#8211; konkurrenzlos ist unsere patentierte, im Shaker frei schwingende, rostfreie Edelstahlfeder &#8211; genannt RockitMix. Deine Fitness Proteinshakes werden ab jetzt super cremig und klumpenfrei. RockitMix schwingt bei sch\u00fctteln bis auf den Boden und zur\u00fcck hoch in den Deckel \u2013 nie mehr Pulverreste im Shaker.<\/p>\n","protected":false},"featured_media":81509,"comment_status":"open","ping_status":"closed","template":"","meta":[],"product_brand":[],"product_cat":[566,6104],"product_tag":[],"class_list":{"0":"post-81508","1":"product","2":"type-product","3":"status-publish","4":"has-post-thumbnail","6":"product_cat-drogerie-koerperpflege","7":"product_cat-nahrungsergaenzung","8":"pa_brand-rockitz","9":"pa_manufacturer-pls-solutions-gmbh","11":"first","12":"instock","13":"shipping-taxable","14":"purchasable","15":"product-type-simple","16":"customify-col","17":"product-has-gallery"},"yoast_head":"<!-- This site is optimized with the Yoast SEO plugin v27.4 - https:\/\/yoast.com\/product\/yoast-seo-wordpress\/ -->\n<title>ROCKITZ RockitShaker 1000ml Protein Shaker | garantiert auslaufsicher | BPA frei | patentiertes Mischsystem | f\u00fcr deinen\u2026 - Markt-XXL<\/title>\n<meta name=\"description\" content=\"Markt-XXL ROCKITZ RockitShaker 1000ml Protein Shaker | garantiert auslaufsicher | BPA frei | patentiertes Mischsystem | f\u00fcr deinen\u2026\" \/>\n<meta name=\"robots\" content=\"index, follow, max-snippet:-1, max-image-preview:large, max-video-preview:-1\" \/>\n<link rel=\"canonical\" href=\"https:\/\/marktxxl.de\/markt\/produkt\/rockitshaker-1000ml-protein-shaker-garantiert-auslaufsicher-bpa-frei-patentiertes-mischsystem-fuer-deinen-fitness-eiweissshake-und-proteinshake-1-liter\/\" \/>\n<meta property=\"og:locale\" content=\"de_DE\" \/>\n<meta property=\"og:type\" content=\"article\" \/>\n<meta property=\"og:title\" content=\"ROCKITZ RockitShaker 1000ml Protein Shaker | garantiert auslaufsicher | BPA frei | patentiertes Mischsystem | f\u00fcr deinen\u2026 - Markt-XXL\" \/>\n<meta property=\"og:description\" content=\"Markt-XXL ROCKITZ RockitShaker 1000ml Protein Shaker | garantiert auslaufsicher | BPA frei | patentiertes Mischsystem | f\u00fcr deinen\u2026\" \/>\n<meta property=\"og:url\" content=\"https:\/\/marktxxl.de\/markt\/produkt\/rockitshaker-1000ml-protein-shaker-garantiert-auslaufsicher-bpa-frei-patentiertes-mischsystem-fuer-deinen-fitness-eiweissshake-und-proteinshake-1-liter\/\" \/>\n<meta property=\"og:site_name\" content=\"Markt-XXL\" \/>\n<meta property=\"article:modified_time\" content=\"2023-04-11T00:57:30+00:00\" \/>\n<meta property=\"og:image\" content=\"https:\/\/m.media-amazon.com\/images\/I\/31Ofb-2BTfL._SL500_.jpg\" \/>\n\t<meta property=\"og:image:width\" content=\"168\" \/>\n\t<meta property=\"og:image:height\" content=\"500\" \/>\n\t<meta property=\"og:image:type\" content=\"image\/jpeg\" \/>\n<meta name=\"twitter:card\" content=\"summary_large_image\" \/>\n<meta name=\"twitter:label1\" content=\"Gesch\u00e4tzte Lesezeit\" \/>\n\t<meta name=\"twitter:data1\" content=\"1\u00a0Minute\" \/>\n<script type=\"application\/ld+json\" class=\"yoast-schema-graph\">{\"@context\":\"https:\\\/\\\/schema.org\",\"@graph\":[{\"@type\":\"WebPage\",\"@id\":\"https:\\\/\\\/marktxxl.de\\\/markt\\\/produkt\\\/rockitshaker-1000ml-protein-shaker-garantiert-auslaufsicher-bpa-frei-patentiertes-mischsystem-fuer-deinen-fitness-eiweissshake-und-proteinshake-1-liter\\\/\",\"url\":\"https:\\\/\\\/marktxxl.de\\\/markt\\\/produkt\\\/rockitshaker-1000ml-protein-shaker-garantiert-auslaufsicher-bpa-frei-patentiertes-mischsystem-fuer-deinen-fitness-eiweissshake-und-proteinshake-1-liter\\\/\",\"name\":\"ROCKITZ RockitShaker 1000ml Protein Shaker | garantiert auslaufsicher | BPA frei | patentiertes Mischsystem | f\u00fcr deinen\u2026 - Markt-XXL\",\"isPartOf\":{\"@id\":\"https:\\\/\\\/marktxxl.de\\\/markt\\\/#website\"},\"primaryImageOfPage\":{\"@id\":\"https:\\\/\\\/marktxxl.de\\\/markt\\\/produkt\\\/rockitshaker-1000ml-protein-shaker-garantiert-auslaufsicher-bpa-frei-patentiertes-mischsystem-fuer-deinen-fitness-eiweissshake-und-proteinshake-1-liter\\\/#primaryimage\"},\"image\":{\"@id\":\"https:\\\/\\\/marktxxl.de\\\/markt\\\/produkt\\\/rockitshaker-1000ml-protein-shaker-garantiert-auslaufsicher-bpa-frei-patentiertes-mischsystem-fuer-deinen-fitness-eiweissshake-und-proteinshake-1-liter\\\/#primaryimage\"},\"thumbnailUrl\":\"https:\\\/\\\/m.media-amazon.com\\\/images\\\/I\\\/31Ofb-2BTfL._SL500_.jpg\",\"datePublished\":\"2021-11-25T17:34:03+00:00\",\"dateModified\":\"2023-04-11T00:57:30+00:00\",\"description\":\"Markt-XXL ROCKITZ RockitShaker 1000ml Protein Shaker | garantiert auslaufsicher | BPA frei | patentiertes Mischsystem | f\u00fcr deinen\u2026\",\"breadcrumb\":{\"@id\":\"https:\\\/\\\/marktxxl.de\\\/markt\\\/produkt\\\/rockitshaker-1000ml-protein-shaker-garantiert-auslaufsicher-bpa-frei-patentiertes-mischsystem-fuer-deinen-fitness-eiweissshake-und-proteinshake-1-liter\\\/#breadcrumb\"},\"inLanguage\":\"de\",\"potentialAction\":[{\"@type\":\"ReadAction\",\"target\":[\"https:\\\/\\\/marktxxl.de\\\/markt\\\/produkt\\\/rockitshaker-1000ml-protein-shaker-garantiert-auslaufsicher-bpa-frei-patentiertes-mischsystem-fuer-deinen-fitness-eiweissshake-und-proteinshake-1-liter\\\/\"]}]},{\"@type\":\"ImageObject\",\"inLanguage\":\"de\",\"@id\":\"https:\\\/\\\/marktxxl.de\\\/markt\\\/produkt\\\/rockitshaker-1000ml-protein-shaker-garantiert-auslaufsicher-bpa-frei-patentiertes-mischsystem-fuer-deinen-fitness-eiweissshake-und-proteinshake-1-liter\\\/#primaryimage\",\"url\":\"https:\\\/\\\/m.media-amazon.com\\\/images\\\/I\\\/31Ofb-2BTfL._SL500_.jpg\",\"contentUrl\":\"https:\\\/\\\/m.media-amazon.com\\\/images\\\/I\\\/31Ofb-2BTfL._SL500_.jpg\",\"width\":168,\"height\":500},{\"@type\":\"BreadcrumbList\",\"@id\":\"https:\\\/\\\/marktxxl.de\\\/markt\\\/produkt\\\/rockitshaker-1000ml-protein-shaker-garantiert-auslaufsicher-bpa-frei-patentiertes-mischsystem-fuer-deinen-fitness-eiweissshake-und-proteinshake-1-liter\\\/#breadcrumb\",\"itemListElement\":[{\"@type\":\"ListItem\",\"position\":1,\"name\":\"Startseite\",\"item\":\"https:\\\/\\\/marktxxl.de\\\/markt\\\/\"},{\"@type\":\"ListItem\",\"position\":2,\"name\":\"Markt\",\"item\":\"https:\\\/\\\/marktxxl.de\\\/markt\\\/\"},{\"@type\":\"ListItem\",\"position\":3,\"name\":\"ROCKITZ RockitShaker 1000ml Protein Shaker | garantiert auslaufsicher | BPA frei | patentiertes Mischsystem | f\u00fcr deinen\u2026\"}]},{\"@type\":\"WebSite\",\"@id\":\"https:\\\/\\\/marktxxl.de\\\/markt\\\/#website\",\"url\":\"https:\\\/\\\/marktxxl.de\\\/markt\\\/\",\"name\":\"Markt-XXL\",\"description\":\"Ihr Markt Online\",\"publisher\":{\"@id\":\"https:\\\/\\\/marktxxl.de\\\/markt\\\/#organization\"},\"potentialAction\":[{\"@type\":\"SearchAction\",\"target\":{\"@type\":\"EntryPoint\",\"urlTemplate\":\"https:\\\/\\\/marktxxl.de\\\/markt\\\/?s={search_term_string}\"},\"query-input\":{\"@type\":\"PropertyValueSpecification\",\"valueRequired\":true,\"valueName\":\"search_term_string\"}}],\"inLanguage\":\"de\"},{\"@type\":\"Organization\",\"@id\":\"https:\\\/\\\/marktxxl.de\\\/markt\\\/#organization\",\"name\":\"Markt-XXL\",\"url\":\"https:\\\/\\\/marktxxl.de\\\/markt\\\/\",\"logo\":{\"@type\":\"ImageObject\",\"inLanguage\":\"de\",\"@id\":\"https:\\\/\\\/marktxxl.de\\\/markt\\\/#\\\/schema\\\/logo\\\/image\\\/\",\"url\":\"https:\\\/\\\/marktxxl.de\\\/markt\\\/wp-content\\\/uploads\\\/sites\\\/3\\\/2020\\\/12\\\/logo.png\",\"contentUrl\":\"https:\\\/\\\/marktxxl.de\\\/markt\\\/wp-content\\\/uploads\\\/sites\\\/3\\\/2020\\\/12\\\/logo.png\",\"width\":200,\"height\":70,\"caption\":\"Markt-XXL\"},\"image\":{\"@id\":\"https:\\\/\\\/marktxxl.de\\\/markt\\\/#\\\/schema\\\/logo\\\/image\\\/\"}}]}<\/script>\n<!-- \/ Yoast SEO plugin. -->","yoast_head_json":{"title":"ROCKITZ RockitShaker 1000ml Protein Shaker | garantiert auslaufsicher | BPA frei | patentiertes Mischsystem | f\u00fcr deinen\u2026 - Markt-XXL","description":"Markt-XXL ROCKITZ RockitShaker 1000ml Protein Shaker | garantiert auslaufsicher | BPA frei | patentiertes Mischsystem | f\u00fcr deinen\u2026","robots":{"index":"index","follow":"follow","max-snippet":"max-snippet:-1","max-image-preview":"max-image-preview:large","max-video-preview":"max-video-preview:-1"},"canonical":"https:\/\/marktxxl.de\/markt\/produkt\/rockitshaker-1000ml-protein-shaker-garantiert-auslaufsicher-bpa-frei-patentiertes-mischsystem-fuer-deinen-fitness-eiweissshake-und-proteinshake-1-liter\/","og_locale":"de_DE","og_type":"article","og_title":"ROCKITZ RockitShaker 1000ml Protein Shaker | garantiert auslaufsicher | BPA frei | patentiertes Mischsystem | f\u00fcr deinen\u2026 - Markt-XXL","og_description":"Markt-XXL ROCKITZ RockitShaker 1000ml Protein Shaker | garantiert auslaufsicher | BPA frei | patentiertes Mischsystem | f\u00fcr deinen\u2026","og_url":"https:\/\/marktxxl.de\/markt\/produkt\/rockitshaker-1000ml-protein-shaker-garantiert-auslaufsicher-bpa-frei-patentiertes-mischsystem-fuer-deinen-fitness-eiweissshake-und-proteinshake-1-liter\/","og_site_name":"Markt-XXL","article_modified_time":"2023-04-11T00:57:30+00:00","og_image":[{"width":168,"height":500,"url":"https:\/\/m.media-amazon.com\/images\/I\/31Ofb-2BTfL._SL500_.jpg","type":"image\/jpeg"}],"twitter_card":"summary_large_image","twitter_misc":{"Gesch\u00e4tzte Lesezeit":"1\u00a0Minute"},"schema":{"@context":"https:\/\/schema.org","@graph":[{"@type":"WebPage","@id":"https:\/\/marktxxl.de\/markt\/produkt\/rockitshaker-1000ml-protein-shaker-garantiert-auslaufsicher-bpa-frei-patentiertes-mischsystem-fuer-deinen-fitness-eiweissshake-und-proteinshake-1-liter\/","url":"https:\/\/marktxxl.de\/markt\/produkt\/rockitshaker-1000ml-protein-shaker-garantiert-auslaufsicher-bpa-frei-patentiertes-mischsystem-fuer-deinen-fitness-eiweissshake-und-proteinshake-1-liter\/","name":"ROCKITZ RockitShaker 1000ml Protein Shaker | garantiert auslaufsicher | BPA frei | patentiertes Mischsystem | f\u00fcr deinen\u2026 - Markt-XXL","isPartOf":{"@id":"https:\/\/marktxxl.de\/markt\/#website"},"primaryImageOfPage":{"@id":"https:\/\/marktxxl.de\/markt\/produkt\/rockitshaker-1000ml-protein-shaker-garantiert-auslaufsicher-bpa-frei-patentiertes-mischsystem-fuer-deinen-fitness-eiweissshake-und-proteinshake-1-liter\/#primaryimage"},"image":{"@id":"https:\/\/marktxxl.de\/markt\/produkt\/rockitshaker-1000ml-protein-shaker-garantiert-auslaufsicher-bpa-frei-patentiertes-mischsystem-fuer-deinen-fitness-eiweissshake-und-proteinshake-1-liter\/#primaryimage"},"thumbnailUrl":"https:\/\/m.media-amazon.com\/images\/I\/31Ofb-2BTfL._SL500_.jpg","datePublished":"2021-11-25T17:34:03+00:00","dateModified":"2023-04-11T00:57:30+00:00","description":"Markt-XXL ROCKITZ RockitShaker 1000ml Protein Shaker | garantiert auslaufsicher | BPA frei | patentiertes Mischsystem | f\u00fcr deinen\u2026","breadcrumb":{"@id":"https:\/\/marktxxl.de\/markt\/produkt\/rockitshaker-1000ml-protein-shaker-garantiert-auslaufsicher-bpa-frei-patentiertes-mischsystem-fuer-deinen-fitness-eiweissshake-und-proteinshake-1-liter\/#breadcrumb"},"inLanguage":"de","potentialAction":[{"@type":"ReadAction","target":["https:\/\/marktxxl.de\/markt\/produkt\/rockitshaker-1000ml-protein-shaker-garantiert-auslaufsicher-bpa-frei-patentiertes-mischsystem-fuer-deinen-fitness-eiweissshake-und-proteinshake-1-liter\/"]}]},{"@type":"ImageObject","inLanguage":"de","@id":"https:\/\/marktxxl.de\/markt\/produkt\/rockitshaker-1000ml-protein-shaker-garantiert-auslaufsicher-bpa-frei-patentiertes-mischsystem-fuer-deinen-fitness-eiweissshake-und-proteinshake-1-liter\/#primaryimage","url":"https:\/\/m.media-amazon.com\/images\/I\/31Ofb-2BTfL._SL500_.jpg","contentUrl":"https:\/\/m.media-amazon.com\/images\/I\/31Ofb-2BTfL._SL500_.jpg","width":168,"height":500},{"@type":"BreadcrumbList","@id":"https:\/\/marktxxl.de\/markt\/produkt\/rockitshaker-1000ml-protein-shaker-garantiert-auslaufsicher-bpa-frei-patentiertes-mischsystem-fuer-deinen-fitness-eiweissshake-und-proteinshake-1-liter\/#breadcrumb","itemListElement":[{"@type":"ListItem","position":1,"name":"Startseite","item":"https:\/\/marktxxl.de\/markt\/"},{"@type":"ListItem","position":2,"name":"Markt","item":"https:\/\/marktxxl.de\/markt\/"},{"@type":"ListItem","position":3,"name":"ROCKITZ RockitShaker 1000ml Protein Shaker | garantiert auslaufsicher | BPA frei | patentiertes Mischsystem | f\u00fcr deinen\u2026"}]},{"@type":"WebSite","@id":"https:\/\/marktxxl.de\/markt\/#website","url":"https:\/\/marktxxl.de\/markt\/","name":"Markt-XXL","description":"Ihr Markt Online","publisher":{"@id":"https:\/\/marktxxl.de\/markt\/#organization"},"potentialAction":[{"@type":"SearchAction","target":{"@type":"EntryPoint","urlTemplate":"https:\/\/marktxxl.de\/markt\/?s={search_term_string}"},"query-input":{"@type":"PropertyValueSpecification","valueRequired":true,"valueName":"search_term_string"}}],"inLanguage":"de"},{"@type":"Organization","@id":"https:\/\/marktxxl.de\/markt\/#organization","name":"Markt-XXL","url":"https:\/\/marktxxl.de\/markt\/","logo":{"@type":"ImageObject","inLanguage":"de","@id":"https:\/\/marktxxl.de\/markt\/#\/schema\/logo\/image\/","url":"https:\/\/marktxxl.de\/markt\/wp-content\/uploads\/sites\/3\/2020\/12\/logo.png","contentUrl":"https:\/\/marktxxl.de\/markt\/wp-content\/uploads\/sites\/3\/2020\/12\/logo.png","width":200,"height":70,"caption":"Markt-XXL"},"image":{"@id":"https:\/\/marktxxl.de\/markt\/#\/schema\/logo\/image\/"}}]}},"_links":{"self":[{"href":"https:\/\/marktxxl.de\/markt\/wp-json\/wp\/v2\/product\/81508","targetHints":{"allow":["GET"]}}],"collection":[{"href":"https:\/\/marktxxl.de\/markt\/wp-json\/wp\/v2\/product"}],"about":[{"href":"https:\/\/marktxxl.de\/markt\/wp-json\/wp\/v2\/types\/product"}],"replies":[{"embeddable":true,"href":"https:\/\/marktxxl.de\/markt\/wp-json\/wp\/v2\/comments?post=81508"}],"wp:featuredmedia":[{"embeddable":true,"href":"https:\/\/marktxxl.de\/markt\/wp-json\/wp\/v2\/media\/81509"}],"wp:attachment":[{"href":"https:\/\/marktxxl.de\/markt\/wp-json\/wp\/v2\/media?parent=81508"}],"wp:term":[{"taxonomy":"product_brand","embeddable":true,"href":"https:\/\/marktxxl.de\/markt\/wp-json\/wp\/v2\/product_brand?post=81508"},{"taxonomy":"product_cat","embeddable":true,"href":"https:\/\/marktxxl.de\/markt\/wp-json\/wp\/v2\/product_cat?post=81508"},{"taxonomy":"product_tag","embeddable":true,"href":"https:\/\/marktxxl.de\/markt\/wp-json\/wp\/v2\/product_tag?post=81508"}],"curies":[{"name":"wp","href":"https:\/\/api.w.org\/{rel}","templated":true}]}}