{"id":81120,"date":"2021-11-25T18:15:20","date_gmt":"2021-11-25T17:15:20","guid":{"rendered":"https:\/\/marktxxl.de\/markt\/produkt\/gum-original-stueck-3-praktische-faellen-270-soft-picks\/"},"modified":"2023-04-11T02:57:23","modified_gmt":"2023-04-11T00:57:23","slug":"gum-original-stueck-3-praktische-faellen-270-soft-picks","status":"publish","type":"product","link":"https:\/\/marktxxl.de\/markt\/produkt\/gum-original-stueck-3-praktische-faellen-270-soft-picks\/","title":{"rendered":"GUM Original St\u00fcck, 3\u00a0Praktische F\u00e4llen, 270\u00a0Soft Picks"},"content":{"rendered":"<p>Weiche B\u00fcrsten haben flexible, bequeme Borsten, um Zahnbelag sanft zu entfernen, Lebensmittel zu l\u00f6sen und Zahnfleisch zu massieren. Die flexiblen synthetischen Gummi-Borsten passen problemlos zwischen den meisten Z\u00e4hnen, entfernen Zahnbelag und Zahnbelag, wo Zahnfleischerkrankungen oft beginnt und Zahnb\u00fcrsten nicht erreichen k\u00f6nnen.<br \/>\nKlinisch entworfen von Zahn\u00e4rzten, um Zahnbelag aus den Bereichen zwischen den Z\u00e4hnen zu entfernen, die am h\u00e4ufigsten durch Zahnb\u00fcrsten verpasst wurden.<br \/>\nSoft-Picks erleichtern die Reinigung schwer erreichbarer Stellen, wo sich Plaque aufbaut und zu Entz\u00fcndungen, Blutungen und Gingivitis f\u00fchrt. Sehr empfohlen von Zahnhygienetikern, Soft-Picks helfen Ihnen, das Ziel der Zahnreinigung mindestens einmal t\u00e4glich zu erreichen.<br \/>\nZwischen den Z\u00e4hnen mindestens einmal pro Tag reinigen, um Zahnbelag von Stellen zu entfernen, die nicht allein durch Zahnb\u00fcrsten erreicht werden, wo h\u00e4ufig Zahnkaries und Zahnfleischerkrankungen auftreten. Genauso effektiv wie Zahnseide bei der Entfernung von Zahnbelag, aber viel einfacher und bequemer.<br \/>\nVergleichen Sie mit: Dentek, Plackers, Colgate, Oral-B, Glide, Crest, Reach, TePe, Doctor&#8217;s Brush Picks, Shmily, Pro-Sys, Listerine, GumChucks, Dr. Fresh, Anself, Piksters, SuperFloss, ProPik, Einlin, Winomo, Hismith, Ueetek, Platypus<br \/>\n<div class=\"main-cross-sell\" data-asin=\"B073C6LMJD\">\n\n\t<div class=\"WooZone-cross-sell-loader\">\n\t\t<div>\n\t\t\t<div id=\"floatingBarsG\">\n\t\t\t\t<div class=\"blockG\" id=\"rotateG_01\"><\/div>\n\t\t\t\t<div class=\"blockG\" id=\"rotateG_02\"><\/div>\n\t\t\t\t<div class=\"blockG\" id=\"rotateG_03\"><\/div>\n\t\t\t\t<div class=\"blockG\" id=\"rotateG_04\"><\/div>\n\t\t\t\t<div class=\"blockG\" id=\"rotateG_05\"><\/div>\n\t\t\t\t<div class=\"blockG\" id=\"rotateG_06\"><\/div>\n\t\t\t\t<div class=\"blockG\" id=\"rotateG_07\"><\/div>\n\t\t\t\t<div class=\"blockG\" id=\"rotateG_08\"><\/div>\n\t\t\t<\/div>\n\t\t\t<div class=\"WooZone-cross-sell-loader-text\"><\/div>\n\t\t<\/div>\n\t<\/div>\n\n\t\t\n<\/div>\n<div style=\"clear:both;\"><\/div><\/p>\n","protected":false},"excerpt":{"rendered":"<p>Weiche B\u00fcrsten haben flexible, bequeme Borsten, um Zahnbelag sanft zu entfernen, Lebensmittel zu l\u00f6sen und Zahnfleisch zu massieren. Die flexiblen synthetischen Gummi-Borsten passen problemlos zwischen den meisten Z\u00e4hnen, entfernen Zahnbelag und Zahnbelag, wo Zahnfleischerkrankungen oft beginnt und Zahnb\u00fcrsten nicht erreichen k\u00f6nnen.<br \/>\nKlinisch entworfen von Zahn\u00e4rzten, um Zahnbelag aus den Bereichen zwischen den Z\u00e4hnen zu entfernen, die am h\u00e4ufigsten durch Zahnb\u00fcrsten verpasst wurden.<br \/>\nSoft-Picks erleichtern die Reinigung schwer erreichbarer Stellen, wo sich Plaque aufbaut und zu Entz\u00fcndungen, Blutungen und Gingivitis f\u00fchrt. Sehr empfohlen von Zahnhygienetikern, Soft-Picks helfen Ihnen, das Ziel der Zahnreinigung mindestens einmal t\u00e4glich zu erreichen.<\/p>\n","protected":false},"featured_media":81121,"comment_status":"open","ping_status":"closed","template":"","meta":[],"product_brand":[],"product_cat":[566,5981],"product_tag":[],"class_list":{"0":"post-81120","1":"product","2":"type-product","3":"status-publish","4":"has-post-thumbnail","6":"product_cat-drogerie-koerperpflege","7":"product_cat-mund-zahnpflege","8":"pa_binding-misc","9":"pa_brand-gum","10":"pa_color-limited-edition","11":"pa_height-2-zoll","12":"pa_length-11-zoll","13":"pa_manufacturer-gum","14":"pa_model-6325a","15":"pa_weight-0-2-pfund","16":"pa_width-8-zoll","18":"first","19":"instock","20":"shipping-taxable","21":"purchasable","22":"product-type-simple","23":"customify-col","24":"product-has-gallery"},"yoast_head":"<!-- This site is optimized with the Yoast SEO plugin v27.4 - https:\/\/yoast.com\/product\/yoast-seo-wordpress\/ -->\n<title>GUM Original St\u00fcck, 3\u00a0Praktische F\u00e4llen, 270\u00a0Soft Picks - Markt-XXL<\/title>\n<meta name=\"description\" content=\"Markt-XXL GUM Original St\u00fcck, 3\u00a0Praktische F\u00e4llen, 270\u00a0Soft Picks\" \/>\n<meta name=\"robots\" content=\"index, follow, max-snippet:-1, max-image-preview:large, max-video-preview:-1\" \/>\n<link rel=\"canonical\" href=\"https:\/\/marktxxl.de\/markt\/produkt\/gum-original-stueck-3-praktische-faellen-270-soft-picks\/\" \/>\n<meta property=\"og:locale\" content=\"de_DE\" \/>\n<meta property=\"og:type\" content=\"article\" \/>\n<meta property=\"og:title\" content=\"GUM Original St\u00fcck, 3\u00a0Praktische F\u00e4llen, 270\u00a0Soft Picks - Markt-XXL\" \/>\n<meta property=\"og:description\" content=\"Markt-XXL GUM Original St\u00fcck, 3\u00a0Praktische F\u00e4llen, 270\u00a0Soft Picks\" \/>\n<meta property=\"og:url\" content=\"https:\/\/marktxxl.de\/markt\/produkt\/gum-original-stueck-3-praktische-faellen-270-soft-picks\/\" \/>\n<meta property=\"og:site_name\" content=\"Markt-XXL\" \/>\n<meta property=\"article:modified_time\" content=\"2023-04-11T00:57:23+00:00\" \/>\n<meta property=\"og:image\" content=\"https:\/\/m.media-amazon.com\/images\/I\/41fWURod82L._SL500_.jpg\" \/>\n\t<meta property=\"og:image:width\" content=\"500\" \/>\n\t<meta property=\"og:image:height\" content=\"500\" \/>\n\t<meta property=\"og:image:type\" content=\"image\/jpeg\" \/>\n<meta name=\"twitter:card\" content=\"summary_large_image\" \/>\n<meta name=\"twitter:label1\" content=\"Gesch\u00e4tzte Lesezeit\" \/>\n\t<meta name=\"twitter:data1\" content=\"1\u00a0Minute\" \/>\n<script type=\"application\/ld+json\" class=\"yoast-schema-graph\">{\"@context\":\"https:\\\/\\\/schema.org\",\"@graph\":[{\"@type\":\"WebPage\",\"@id\":\"https:\\\/\\\/marktxxl.de\\\/markt\\\/produkt\\\/gum-original-stueck-3-praktische-faellen-270-soft-picks\\\/\",\"url\":\"https:\\\/\\\/marktxxl.de\\\/markt\\\/produkt\\\/gum-original-stueck-3-praktische-faellen-270-soft-picks\\\/\",\"name\":\"GUM Original St\u00fcck, 3\u00a0Praktische F\u00e4llen, 270\u00a0Soft Picks - Markt-XXL\",\"isPartOf\":{\"@id\":\"https:\\\/\\\/marktxxl.de\\\/markt\\\/#website\"},\"primaryImageOfPage\":{\"@id\":\"https:\\\/\\\/marktxxl.de\\\/markt\\\/produkt\\\/gum-original-stueck-3-praktische-faellen-270-soft-picks\\\/#primaryimage\"},\"image\":{\"@id\":\"https:\\\/\\\/marktxxl.de\\\/markt\\\/produkt\\\/gum-original-stueck-3-praktische-faellen-270-soft-picks\\\/#primaryimage\"},\"thumbnailUrl\":\"https:\\\/\\\/m.media-amazon.com\\\/images\\\/I\\\/41fWURod82L._SL500_.jpg\",\"datePublished\":\"2021-11-25T17:15:20+00:00\",\"dateModified\":\"2023-04-11T00:57:23+00:00\",\"description\":\"Markt-XXL GUM Original St\u00fcck, 3\u00a0Praktische F\u00e4llen, 270\u00a0Soft Picks\",\"breadcrumb\":{\"@id\":\"https:\\\/\\\/marktxxl.de\\\/markt\\\/produkt\\\/gum-original-stueck-3-praktische-faellen-270-soft-picks\\\/#breadcrumb\"},\"inLanguage\":\"de\",\"potentialAction\":[{\"@type\":\"ReadAction\",\"target\":[\"https:\\\/\\\/marktxxl.de\\\/markt\\\/produkt\\\/gum-original-stueck-3-praktische-faellen-270-soft-picks\\\/\"]}]},{\"@type\":\"ImageObject\",\"inLanguage\":\"de\",\"@id\":\"https:\\\/\\\/marktxxl.de\\\/markt\\\/produkt\\\/gum-original-stueck-3-praktische-faellen-270-soft-picks\\\/#primaryimage\",\"url\":\"https:\\\/\\\/m.media-amazon.com\\\/images\\\/I\\\/41fWURod82L._SL500_.jpg\",\"contentUrl\":\"https:\\\/\\\/m.media-amazon.com\\\/images\\\/I\\\/41fWURod82L._SL500_.jpg\",\"width\":500,\"height\":500},{\"@type\":\"BreadcrumbList\",\"@id\":\"https:\\\/\\\/marktxxl.de\\\/markt\\\/produkt\\\/gum-original-stueck-3-praktische-faellen-270-soft-picks\\\/#breadcrumb\",\"itemListElement\":[{\"@type\":\"ListItem\",\"position\":1,\"name\":\"Startseite\",\"item\":\"https:\\\/\\\/marktxxl.de\\\/markt\\\/\"},{\"@type\":\"ListItem\",\"position\":2,\"name\":\"Markt\",\"item\":\"https:\\\/\\\/marktxxl.de\\\/markt\\\/\"},{\"@type\":\"ListItem\",\"position\":3,\"name\":\"GUM Original St\u00fcck, 3\u00a0Praktische F\u00e4llen, 270\u00a0Soft Picks\"}]},{\"@type\":\"WebSite\",\"@id\":\"https:\\\/\\\/marktxxl.de\\\/markt\\\/#website\",\"url\":\"https:\\\/\\\/marktxxl.de\\\/markt\\\/\",\"name\":\"Markt-XXL\",\"description\":\"Ihr Markt Online\",\"publisher\":{\"@id\":\"https:\\\/\\\/marktxxl.de\\\/markt\\\/#organization\"},\"potentialAction\":[{\"@type\":\"SearchAction\",\"target\":{\"@type\":\"EntryPoint\",\"urlTemplate\":\"https:\\\/\\\/marktxxl.de\\\/markt\\\/?s={search_term_string}\"},\"query-input\":{\"@type\":\"PropertyValueSpecification\",\"valueRequired\":true,\"valueName\":\"search_term_string\"}}],\"inLanguage\":\"de\"},{\"@type\":\"Organization\",\"@id\":\"https:\\\/\\\/marktxxl.de\\\/markt\\\/#organization\",\"name\":\"Markt-XXL\",\"url\":\"https:\\\/\\\/marktxxl.de\\\/markt\\\/\",\"logo\":{\"@type\":\"ImageObject\",\"inLanguage\":\"de\",\"@id\":\"https:\\\/\\\/marktxxl.de\\\/markt\\\/#\\\/schema\\\/logo\\\/image\\\/\",\"url\":\"https:\\\/\\\/marktxxl.de\\\/markt\\\/wp-content\\\/uploads\\\/sites\\\/3\\\/2020\\\/12\\\/logo.png\",\"contentUrl\":\"https:\\\/\\\/marktxxl.de\\\/markt\\\/wp-content\\\/uploads\\\/sites\\\/3\\\/2020\\\/12\\\/logo.png\",\"width\":200,\"height\":70,\"caption\":\"Markt-XXL\"},\"image\":{\"@id\":\"https:\\\/\\\/marktxxl.de\\\/markt\\\/#\\\/schema\\\/logo\\\/image\\\/\"}}]}<\/script>\n<!-- \/ Yoast SEO plugin. -->","yoast_head_json":{"title":"GUM Original St\u00fcck, 3\u00a0Praktische F\u00e4llen, 270\u00a0Soft Picks - Markt-XXL","description":"Markt-XXL GUM Original St\u00fcck, 3\u00a0Praktische F\u00e4llen, 270\u00a0Soft Picks","robots":{"index":"index","follow":"follow","max-snippet":"max-snippet:-1","max-image-preview":"max-image-preview:large","max-video-preview":"max-video-preview:-1"},"canonical":"https:\/\/marktxxl.de\/markt\/produkt\/gum-original-stueck-3-praktische-faellen-270-soft-picks\/","og_locale":"de_DE","og_type":"article","og_title":"GUM Original St\u00fcck, 3\u00a0Praktische F\u00e4llen, 270\u00a0Soft Picks - Markt-XXL","og_description":"Markt-XXL GUM Original St\u00fcck, 3\u00a0Praktische F\u00e4llen, 270\u00a0Soft Picks","og_url":"https:\/\/marktxxl.de\/markt\/produkt\/gum-original-stueck-3-praktische-faellen-270-soft-picks\/","og_site_name":"Markt-XXL","article_modified_time":"2023-04-11T00:57:23+00:00","og_image":[{"width":500,"height":500,"url":"https:\/\/m.media-amazon.com\/images\/I\/41fWURod82L._SL500_.jpg","type":"image\/jpeg"}],"twitter_card":"summary_large_image","twitter_misc":{"Gesch\u00e4tzte Lesezeit":"1\u00a0Minute"},"schema":{"@context":"https:\/\/schema.org","@graph":[{"@type":"WebPage","@id":"https:\/\/marktxxl.de\/markt\/produkt\/gum-original-stueck-3-praktische-faellen-270-soft-picks\/","url":"https:\/\/marktxxl.de\/markt\/produkt\/gum-original-stueck-3-praktische-faellen-270-soft-picks\/","name":"GUM Original St\u00fcck, 3\u00a0Praktische F\u00e4llen, 270\u00a0Soft Picks - Markt-XXL","isPartOf":{"@id":"https:\/\/marktxxl.de\/markt\/#website"},"primaryImageOfPage":{"@id":"https:\/\/marktxxl.de\/markt\/produkt\/gum-original-stueck-3-praktische-faellen-270-soft-picks\/#primaryimage"},"image":{"@id":"https:\/\/marktxxl.de\/markt\/produkt\/gum-original-stueck-3-praktische-faellen-270-soft-picks\/#primaryimage"},"thumbnailUrl":"https:\/\/m.media-amazon.com\/images\/I\/41fWURod82L._SL500_.jpg","datePublished":"2021-11-25T17:15:20+00:00","dateModified":"2023-04-11T00:57:23+00:00","description":"Markt-XXL GUM Original St\u00fcck, 3\u00a0Praktische F\u00e4llen, 270\u00a0Soft Picks","breadcrumb":{"@id":"https:\/\/marktxxl.de\/markt\/produkt\/gum-original-stueck-3-praktische-faellen-270-soft-picks\/#breadcrumb"},"inLanguage":"de","potentialAction":[{"@type":"ReadAction","target":["https:\/\/marktxxl.de\/markt\/produkt\/gum-original-stueck-3-praktische-faellen-270-soft-picks\/"]}]},{"@type":"ImageObject","inLanguage":"de","@id":"https:\/\/marktxxl.de\/markt\/produkt\/gum-original-stueck-3-praktische-faellen-270-soft-picks\/#primaryimage","url":"https:\/\/m.media-amazon.com\/images\/I\/41fWURod82L._SL500_.jpg","contentUrl":"https:\/\/m.media-amazon.com\/images\/I\/41fWURod82L._SL500_.jpg","width":500,"height":500},{"@type":"BreadcrumbList","@id":"https:\/\/marktxxl.de\/markt\/produkt\/gum-original-stueck-3-praktische-faellen-270-soft-picks\/#breadcrumb","itemListElement":[{"@type":"ListItem","position":1,"name":"Startseite","item":"https:\/\/marktxxl.de\/markt\/"},{"@type":"ListItem","position":2,"name":"Markt","item":"https:\/\/marktxxl.de\/markt\/"},{"@type":"ListItem","position":3,"name":"GUM Original St\u00fcck, 3\u00a0Praktische F\u00e4llen, 270\u00a0Soft Picks"}]},{"@type":"WebSite","@id":"https:\/\/marktxxl.de\/markt\/#website","url":"https:\/\/marktxxl.de\/markt\/","name":"Markt-XXL","description":"Ihr Markt Online","publisher":{"@id":"https:\/\/marktxxl.de\/markt\/#organization"},"potentialAction":[{"@type":"SearchAction","target":{"@type":"EntryPoint","urlTemplate":"https:\/\/marktxxl.de\/markt\/?s={search_term_string}"},"query-input":{"@type":"PropertyValueSpecification","valueRequired":true,"valueName":"search_term_string"}}],"inLanguage":"de"},{"@type":"Organization","@id":"https:\/\/marktxxl.de\/markt\/#organization","name":"Markt-XXL","url":"https:\/\/marktxxl.de\/markt\/","logo":{"@type":"ImageObject","inLanguage":"de","@id":"https:\/\/marktxxl.de\/markt\/#\/schema\/logo\/image\/","url":"https:\/\/marktxxl.de\/markt\/wp-content\/uploads\/sites\/3\/2020\/12\/logo.png","contentUrl":"https:\/\/marktxxl.de\/markt\/wp-content\/uploads\/sites\/3\/2020\/12\/logo.png","width":200,"height":70,"caption":"Markt-XXL"},"image":{"@id":"https:\/\/marktxxl.de\/markt\/#\/schema\/logo\/image\/"}}]}},"_links":{"self":[{"href":"https:\/\/marktxxl.de\/markt\/wp-json\/wp\/v2\/product\/81120","targetHints":{"allow":["GET"]}}],"collection":[{"href":"https:\/\/marktxxl.de\/markt\/wp-json\/wp\/v2\/product"}],"about":[{"href":"https:\/\/marktxxl.de\/markt\/wp-json\/wp\/v2\/types\/product"}],"replies":[{"embeddable":true,"href":"https:\/\/marktxxl.de\/markt\/wp-json\/wp\/v2\/comments?post=81120"}],"wp:featuredmedia":[{"embeddable":true,"href":"https:\/\/marktxxl.de\/markt\/wp-json\/wp\/v2\/media\/81121"}],"wp:attachment":[{"href":"https:\/\/marktxxl.de\/markt\/wp-json\/wp\/v2\/media?parent=81120"}],"wp:term":[{"taxonomy":"product_brand","embeddable":true,"href":"https:\/\/marktxxl.de\/markt\/wp-json\/wp\/v2\/product_brand?post=81120"},{"taxonomy":"product_cat","embeddable":true,"href":"https:\/\/marktxxl.de\/markt\/wp-json\/wp\/v2\/product_cat?post=81120"},{"taxonomy":"product_tag","embeddable":true,"href":"https:\/\/marktxxl.de\/markt\/wp-json\/wp\/v2\/product_tag?post=81120"}],"curies":[{"name":"wp","href":"https:\/\/api.w.org\/{rel}","templated":true}]}}