{"id":80766,"date":"2021-11-25T17:57:39","date_gmt":"2021-11-25T16:57:39","guid":{"rendered":"https:\/\/marktxxl.de\/markt\/produkt\/supregear-rollstuhl-tasche-multifunktionsklappbare-walker-bag-organizer-pouch-tote-mit-griff-walker-zubehoer-fuer-walker-rollator-und-rollstuhl-einfach-zu-installieren-und-wasserdicht\/"},"modified":"2023-04-11T02:56:27","modified_gmt":"2023-04-11T00:56:27","slug":"supregear-rollstuhl-tasche-multifunktionsklappbare-walker-bag-organizer-pouch-tote-mit-griff-walker-zubehoer-fuer-walker-rollator-und-rollstuhl-einfach-zu-installieren-und-wasserdicht","status":"publish","type":"product","link":"https:\/\/marktxxl.de\/markt\/produkt\/supregear-rollstuhl-tasche-multifunktionsklappbare-walker-bag-organizer-pouch-tote-mit-griff-walker-zubehoer-fuer-walker-rollator-und-rollstuhl-einfach-zu-installieren-und-wasserdicht\/","title":{"rendered":"supregear Rollstuhl Tasche, Multifunktionsklappbare Walker Bag Organizer Pouch Tote mit Griff Walker Zubeh\u00f6r f\u00fcr Walker\u2026"},"content":{"rendered":"<p>Eine gute Wahl, um Ihre t\u00e4glichen wichtigen Dinge in einer praktischen Multifunktions-Tragetasche zu organisieren und aufzubewahren<br \/>\nMit den verstellbaren Tr\u00e4gern passt sich diese Wandertasche an die meisten Gr\u00f6\u00dfen und Stile von Gehhilfen, Rollatoren, Rollern oder Rollst\u00fchlen an und h\u00e4lt Ihre H\u00e4nde und Arme frei, um ein \u00fcberlegenes Gleichgewicht und Mobilit\u00e4t zu gew\u00e4hrleisten<br \/>\nInsgesamt 9 Taschen vorne und hinten, um alle Ihre Bed\u00fcrfnisse zu befriedigen. So haben Sie schnellen Zugriff auf h\u00e4ufig verwendete Gegenst\u00e4nde wie Lesebrillen, Getr\u00e4nke, Snacks, Fernbedienung, Brieftasche, B\u00fccher und medizinische Versorgung<br \/>\nUniverselle Klettb\u00e4nder halten die Tasche an Ort und Stelle und sorgen f\u00fcr einen sicheren, verstellbaren Sitz. Der obere Griff erleichtert das Anbringen und Entfernen der Lauftasche in Sekunden<br \/>\nHergestellt aus hochwertigem wasserabweisendem 600D Oxford- und Nylongewebe, das eine dauerhafte und robuste Konstruktion gew\u00e4hrleistet<br \/>\n<div class=\"main-cross-sell\" data-asin=\"B087Q4TY8Z\">\n\n\t<div class=\"WooZone-cross-sell-loader\">\n\t\t<div>\n\t\t\t<div id=\"floatingBarsG\">\n\t\t\t\t<div class=\"blockG\" id=\"rotateG_01\"><\/div>\n\t\t\t\t<div class=\"blockG\" id=\"rotateG_02\"><\/div>\n\t\t\t\t<div class=\"blockG\" id=\"rotateG_03\"><\/div>\n\t\t\t\t<div class=\"blockG\" id=\"rotateG_04\"><\/div>\n\t\t\t\t<div class=\"blockG\" id=\"rotateG_05\"><\/div>\n\t\t\t\t<div class=\"blockG\" id=\"rotateG_06\"><\/div>\n\t\t\t\t<div class=\"blockG\" id=\"rotateG_07\"><\/div>\n\t\t\t\t<div class=\"blockG\" id=\"rotateG_08\"><\/div>\n\t\t\t<\/div>\n\t\t\t<div class=\"WooZone-cross-sell-loader-text\"><\/div>\n\t\t<\/div>\n\t<\/div>\n\n\t\t\n<\/div>\n<div style=\"clear:both;\"><\/div><\/p>\n","protected":false},"excerpt":{"rendered":"<p>Eine gute Wahl, um Ihre t\u00e4glichen wichtigen Dinge in einer praktischen Multifunktions-Tragetasche zu organisieren und aufzubewahren<br \/>\nMit den verstellbaren Tr\u00e4gern passt sich diese Wandertasche an die meisten Gr\u00f6\u00dfen und Stile von Gehhilfen, Rollatoren, Rollern oder Rollst\u00fchlen an und h\u00e4lt Ihre H\u00e4nde und Arme frei, um ein \u00fcberlegenes Gleichgewicht und Mobilit\u00e4t zu gew\u00e4hrleisten<br \/>\nInsgesamt 9 Taschen vorne und hinten, um alle Ihre Bed\u00fcrfnisse zu befriedigen. So haben Sie schnellen Zugriff auf h\u00e4ufig verwendete Gegenst\u00e4nde wie Lesebrillen, Getr\u00e4nke, Snacks, Fernbedienung, Brieftasche, B\u00fccher und medizinische Versorgung<\/p>\n","protected":false},"featured_media":80767,"comment_status":"open","ping_status":"closed","template":"","meta":[],"product_brand":[],"product_cat":[566,5932],"product_tag":[],"class_list":{"0":"post-80766","1":"product","2":"type-product","3":"status-publish","4":"has-post-thumbnail","6":"product_cat-drogerie-koerperpflege","7":"product_cat-mobilitaetshilfen-zubehoer","8":"pa_brand-supregear","9":"pa_manufacturer-jd-tech","11":"first","12":"instock","13":"shipping-taxable","14":"purchasable","15":"product-type-simple","16":"customify-col","17":"product-has-gallery"},"yoast_head":"<!-- This site is optimized with the Yoast SEO plugin v27.4 - https:\/\/yoast.com\/product\/yoast-seo-wordpress\/ -->\n<title>supregear Rollstuhl Tasche, Multifunktionsklappbare Walker Bag Organizer Pouch Tote mit Griff Walker Zubeh\u00f6r f\u00fcr Walker\u2026 - Markt-XXL<\/title>\n<meta name=\"description\" content=\"Markt-XXL supregear Rollstuhl Tasche, Multifunktionsklappbare Walker Bag Organizer Pouch Tote mit Griff Walker Zubeh\u00f6r f\u00fcr Walker\u2026\" \/>\n<meta name=\"robots\" content=\"index, follow, max-snippet:-1, max-image-preview:large, max-video-preview:-1\" \/>\n<link rel=\"canonical\" href=\"https:\/\/marktxxl.de\/markt\/produkt\/supregear-rollstuhl-tasche-multifunktionsklappbare-walker-bag-organizer-pouch-tote-mit-griff-walker-zubehoer-fuer-walker-rollator-und-rollstuhl-einfach-zu-installieren-und-wasserdicht\/\" \/>\n<meta property=\"og:locale\" content=\"de_DE\" \/>\n<meta property=\"og:type\" content=\"article\" \/>\n<meta property=\"og:title\" content=\"supregear Rollstuhl Tasche, Multifunktionsklappbare Walker Bag Organizer Pouch Tote mit Griff Walker Zubeh\u00f6r f\u00fcr Walker\u2026 - Markt-XXL\" \/>\n<meta property=\"og:description\" content=\"Markt-XXL supregear Rollstuhl Tasche, Multifunktionsklappbare Walker Bag Organizer Pouch Tote mit Griff Walker Zubeh\u00f6r f\u00fcr Walker\u2026\" \/>\n<meta property=\"og:url\" content=\"https:\/\/marktxxl.de\/markt\/produkt\/supregear-rollstuhl-tasche-multifunktionsklappbare-walker-bag-organizer-pouch-tote-mit-griff-walker-zubehoer-fuer-walker-rollator-und-rollstuhl-einfach-zu-installieren-und-wasserdicht\/\" \/>\n<meta property=\"og:site_name\" content=\"Markt-XXL\" \/>\n<meta property=\"article:modified_time\" content=\"2023-04-11T00:56:27+00:00\" \/>\n<meta property=\"og:image\" content=\"https:\/\/m.media-amazon.com\/images\/I\/51s2ixjj2DL._SL500_.jpg\" \/>\n\t<meta property=\"og:image:width\" content=\"500\" \/>\n\t<meta property=\"og:image:height\" content=\"500\" \/>\n\t<meta property=\"og:image:type\" content=\"image\/jpeg\" \/>\n<meta name=\"twitter:card\" content=\"summary_large_image\" \/>\n<meta name=\"twitter:label1\" content=\"Gesch\u00e4tzte Lesezeit\" \/>\n\t<meta name=\"twitter:data1\" content=\"1\u00a0Minute\" \/>\n<script type=\"application\/ld+json\" class=\"yoast-schema-graph\">{\"@context\":\"https:\\\/\\\/schema.org\",\"@graph\":[{\"@type\":\"WebPage\",\"@id\":\"https:\\\/\\\/marktxxl.de\\\/markt\\\/produkt\\\/supregear-rollstuhl-tasche-multifunktionsklappbare-walker-bag-organizer-pouch-tote-mit-griff-walker-zubehoer-fuer-walker-rollator-und-rollstuhl-einfach-zu-installieren-und-wasserdicht\\\/\",\"url\":\"https:\\\/\\\/marktxxl.de\\\/markt\\\/produkt\\\/supregear-rollstuhl-tasche-multifunktionsklappbare-walker-bag-organizer-pouch-tote-mit-griff-walker-zubehoer-fuer-walker-rollator-und-rollstuhl-einfach-zu-installieren-und-wasserdicht\\\/\",\"name\":\"supregear Rollstuhl Tasche, Multifunktionsklappbare Walker Bag Organizer Pouch Tote mit Griff Walker Zubeh\u00f6r f\u00fcr Walker\u2026 - Markt-XXL\",\"isPartOf\":{\"@id\":\"https:\\\/\\\/marktxxl.de\\\/markt\\\/#website\"},\"primaryImageOfPage\":{\"@id\":\"https:\\\/\\\/marktxxl.de\\\/markt\\\/produkt\\\/supregear-rollstuhl-tasche-multifunktionsklappbare-walker-bag-organizer-pouch-tote-mit-griff-walker-zubehoer-fuer-walker-rollator-und-rollstuhl-einfach-zu-installieren-und-wasserdicht\\\/#primaryimage\"},\"image\":{\"@id\":\"https:\\\/\\\/marktxxl.de\\\/markt\\\/produkt\\\/supregear-rollstuhl-tasche-multifunktionsklappbare-walker-bag-organizer-pouch-tote-mit-griff-walker-zubehoer-fuer-walker-rollator-und-rollstuhl-einfach-zu-installieren-und-wasserdicht\\\/#primaryimage\"},\"thumbnailUrl\":\"https:\\\/\\\/m.media-amazon.com\\\/images\\\/I\\\/51s2ixjj2DL._SL500_.jpg\",\"datePublished\":\"2021-11-25T16:57:39+00:00\",\"dateModified\":\"2023-04-11T00:56:27+00:00\",\"description\":\"Markt-XXL supregear Rollstuhl Tasche, Multifunktionsklappbare Walker Bag Organizer Pouch Tote mit Griff Walker Zubeh\u00f6r f\u00fcr Walker\u2026\",\"breadcrumb\":{\"@id\":\"https:\\\/\\\/marktxxl.de\\\/markt\\\/produkt\\\/supregear-rollstuhl-tasche-multifunktionsklappbare-walker-bag-organizer-pouch-tote-mit-griff-walker-zubehoer-fuer-walker-rollator-und-rollstuhl-einfach-zu-installieren-und-wasserdicht\\\/#breadcrumb\"},\"inLanguage\":\"de\",\"potentialAction\":[{\"@type\":\"ReadAction\",\"target\":[\"https:\\\/\\\/marktxxl.de\\\/markt\\\/produkt\\\/supregear-rollstuhl-tasche-multifunktionsklappbare-walker-bag-organizer-pouch-tote-mit-griff-walker-zubehoer-fuer-walker-rollator-und-rollstuhl-einfach-zu-installieren-und-wasserdicht\\\/\"]}]},{\"@type\":\"ImageObject\",\"inLanguage\":\"de\",\"@id\":\"https:\\\/\\\/marktxxl.de\\\/markt\\\/produkt\\\/supregear-rollstuhl-tasche-multifunktionsklappbare-walker-bag-organizer-pouch-tote-mit-griff-walker-zubehoer-fuer-walker-rollator-und-rollstuhl-einfach-zu-installieren-und-wasserdicht\\\/#primaryimage\",\"url\":\"https:\\\/\\\/m.media-amazon.com\\\/images\\\/I\\\/51s2ixjj2DL._SL500_.jpg\",\"contentUrl\":\"https:\\\/\\\/m.media-amazon.com\\\/images\\\/I\\\/51s2ixjj2DL._SL500_.jpg\",\"width\":500,\"height\":500},{\"@type\":\"BreadcrumbList\",\"@id\":\"https:\\\/\\\/marktxxl.de\\\/markt\\\/produkt\\\/supregear-rollstuhl-tasche-multifunktionsklappbare-walker-bag-organizer-pouch-tote-mit-griff-walker-zubehoer-fuer-walker-rollator-und-rollstuhl-einfach-zu-installieren-und-wasserdicht\\\/#breadcrumb\",\"itemListElement\":[{\"@type\":\"ListItem\",\"position\":1,\"name\":\"Startseite\",\"item\":\"https:\\\/\\\/marktxxl.de\\\/markt\\\/\"},{\"@type\":\"ListItem\",\"position\":2,\"name\":\"Markt\",\"item\":\"https:\\\/\\\/marktxxl.de\\\/markt\\\/\"},{\"@type\":\"ListItem\",\"position\":3,\"name\":\"supregear Rollstuhl Tasche, Multifunktionsklappbare Walker Bag Organizer Pouch Tote mit Griff Walker Zubeh\u00f6r f\u00fcr Walker\u2026\"}]},{\"@type\":\"WebSite\",\"@id\":\"https:\\\/\\\/marktxxl.de\\\/markt\\\/#website\",\"url\":\"https:\\\/\\\/marktxxl.de\\\/markt\\\/\",\"name\":\"Markt-XXL\",\"description\":\"Ihr Markt Online\",\"publisher\":{\"@id\":\"https:\\\/\\\/marktxxl.de\\\/markt\\\/#organization\"},\"potentialAction\":[{\"@type\":\"SearchAction\",\"target\":{\"@type\":\"EntryPoint\",\"urlTemplate\":\"https:\\\/\\\/marktxxl.de\\\/markt\\\/?s={search_term_string}\"},\"query-input\":{\"@type\":\"PropertyValueSpecification\",\"valueRequired\":true,\"valueName\":\"search_term_string\"}}],\"inLanguage\":\"de\"},{\"@type\":\"Organization\",\"@id\":\"https:\\\/\\\/marktxxl.de\\\/markt\\\/#organization\",\"name\":\"Markt-XXL\",\"url\":\"https:\\\/\\\/marktxxl.de\\\/markt\\\/\",\"logo\":{\"@type\":\"ImageObject\",\"inLanguage\":\"de\",\"@id\":\"https:\\\/\\\/marktxxl.de\\\/markt\\\/#\\\/schema\\\/logo\\\/image\\\/\",\"url\":\"https:\\\/\\\/marktxxl.de\\\/markt\\\/wp-content\\\/uploads\\\/sites\\\/3\\\/2020\\\/12\\\/logo.png\",\"contentUrl\":\"https:\\\/\\\/marktxxl.de\\\/markt\\\/wp-content\\\/uploads\\\/sites\\\/3\\\/2020\\\/12\\\/logo.png\",\"width\":200,\"height\":70,\"caption\":\"Markt-XXL\"},\"image\":{\"@id\":\"https:\\\/\\\/marktxxl.de\\\/markt\\\/#\\\/schema\\\/logo\\\/image\\\/\"}}]}<\/script>\n<!-- \/ Yoast SEO plugin. -->","yoast_head_json":{"title":"supregear Rollstuhl Tasche, Multifunktionsklappbare Walker Bag Organizer Pouch Tote mit Griff Walker Zubeh\u00f6r f\u00fcr Walker\u2026 - Markt-XXL","description":"Markt-XXL supregear Rollstuhl Tasche, Multifunktionsklappbare Walker Bag Organizer Pouch Tote mit Griff Walker Zubeh\u00f6r f\u00fcr Walker\u2026","robots":{"index":"index","follow":"follow","max-snippet":"max-snippet:-1","max-image-preview":"max-image-preview:large","max-video-preview":"max-video-preview:-1"},"canonical":"https:\/\/marktxxl.de\/markt\/produkt\/supregear-rollstuhl-tasche-multifunktionsklappbare-walker-bag-organizer-pouch-tote-mit-griff-walker-zubehoer-fuer-walker-rollator-und-rollstuhl-einfach-zu-installieren-und-wasserdicht\/","og_locale":"de_DE","og_type":"article","og_title":"supregear Rollstuhl Tasche, Multifunktionsklappbare Walker Bag Organizer Pouch Tote mit Griff Walker Zubeh\u00f6r f\u00fcr Walker\u2026 - Markt-XXL","og_description":"Markt-XXL supregear Rollstuhl Tasche, Multifunktionsklappbare Walker Bag Organizer Pouch Tote mit Griff Walker Zubeh\u00f6r f\u00fcr Walker\u2026","og_url":"https:\/\/marktxxl.de\/markt\/produkt\/supregear-rollstuhl-tasche-multifunktionsklappbare-walker-bag-organizer-pouch-tote-mit-griff-walker-zubehoer-fuer-walker-rollator-und-rollstuhl-einfach-zu-installieren-und-wasserdicht\/","og_site_name":"Markt-XXL","article_modified_time":"2023-04-11T00:56:27+00:00","og_image":[{"width":500,"height":500,"url":"https:\/\/m.media-amazon.com\/images\/I\/51s2ixjj2DL._SL500_.jpg","type":"image\/jpeg"}],"twitter_card":"summary_large_image","twitter_misc":{"Gesch\u00e4tzte Lesezeit":"1\u00a0Minute"},"schema":{"@context":"https:\/\/schema.org","@graph":[{"@type":"WebPage","@id":"https:\/\/marktxxl.de\/markt\/produkt\/supregear-rollstuhl-tasche-multifunktionsklappbare-walker-bag-organizer-pouch-tote-mit-griff-walker-zubehoer-fuer-walker-rollator-und-rollstuhl-einfach-zu-installieren-und-wasserdicht\/","url":"https:\/\/marktxxl.de\/markt\/produkt\/supregear-rollstuhl-tasche-multifunktionsklappbare-walker-bag-organizer-pouch-tote-mit-griff-walker-zubehoer-fuer-walker-rollator-und-rollstuhl-einfach-zu-installieren-und-wasserdicht\/","name":"supregear Rollstuhl Tasche, Multifunktionsklappbare Walker Bag Organizer Pouch Tote mit Griff Walker Zubeh\u00f6r f\u00fcr Walker\u2026 - Markt-XXL","isPartOf":{"@id":"https:\/\/marktxxl.de\/markt\/#website"},"primaryImageOfPage":{"@id":"https:\/\/marktxxl.de\/markt\/produkt\/supregear-rollstuhl-tasche-multifunktionsklappbare-walker-bag-organizer-pouch-tote-mit-griff-walker-zubehoer-fuer-walker-rollator-und-rollstuhl-einfach-zu-installieren-und-wasserdicht\/#primaryimage"},"image":{"@id":"https:\/\/marktxxl.de\/markt\/produkt\/supregear-rollstuhl-tasche-multifunktionsklappbare-walker-bag-organizer-pouch-tote-mit-griff-walker-zubehoer-fuer-walker-rollator-und-rollstuhl-einfach-zu-installieren-und-wasserdicht\/#primaryimage"},"thumbnailUrl":"https:\/\/m.media-amazon.com\/images\/I\/51s2ixjj2DL._SL500_.jpg","datePublished":"2021-11-25T16:57:39+00:00","dateModified":"2023-04-11T00:56:27+00:00","description":"Markt-XXL supregear Rollstuhl Tasche, Multifunktionsklappbare Walker Bag Organizer Pouch Tote mit Griff Walker Zubeh\u00f6r f\u00fcr Walker\u2026","breadcrumb":{"@id":"https:\/\/marktxxl.de\/markt\/produkt\/supregear-rollstuhl-tasche-multifunktionsklappbare-walker-bag-organizer-pouch-tote-mit-griff-walker-zubehoer-fuer-walker-rollator-und-rollstuhl-einfach-zu-installieren-und-wasserdicht\/#breadcrumb"},"inLanguage":"de","potentialAction":[{"@type":"ReadAction","target":["https:\/\/marktxxl.de\/markt\/produkt\/supregear-rollstuhl-tasche-multifunktionsklappbare-walker-bag-organizer-pouch-tote-mit-griff-walker-zubehoer-fuer-walker-rollator-und-rollstuhl-einfach-zu-installieren-und-wasserdicht\/"]}]},{"@type":"ImageObject","inLanguage":"de","@id":"https:\/\/marktxxl.de\/markt\/produkt\/supregear-rollstuhl-tasche-multifunktionsklappbare-walker-bag-organizer-pouch-tote-mit-griff-walker-zubehoer-fuer-walker-rollator-und-rollstuhl-einfach-zu-installieren-und-wasserdicht\/#primaryimage","url":"https:\/\/m.media-amazon.com\/images\/I\/51s2ixjj2DL._SL500_.jpg","contentUrl":"https:\/\/m.media-amazon.com\/images\/I\/51s2ixjj2DL._SL500_.jpg","width":500,"height":500},{"@type":"BreadcrumbList","@id":"https:\/\/marktxxl.de\/markt\/produkt\/supregear-rollstuhl-tasche-multifunktionsklappbare-walker-bag-organizer-pouch-tote-mit-griff-walker-zubehoer-fuer-walker-rollator-und-rollstuhl-einfach-zu-installieren-und-wasserdicht\/#breadcrumb","itemListElement":[{"@type":"ListItem","position":1,"name":"Startseite","item":"https:\/\/marktxxl.de\/markt\/"},{"@type":"ListItem","position":2,"name":"Markt","item":"https:\/\/marktxxl.de\/markt\/"},{"@type":"ListItem","position":3,"name":"supregear Rollstuhl Tasche, Multifunktionsklappbare Walker Bag Organizer Pouch Tote mit Griff Walker Zubeh\u00f6r f\u00fcr Walker\u2026"}]},{"@type":"WebSite","@id":"https:\/\/marktxxl.de\/markt\/#website","url":"https:\/\/marktxxl.de\/markt\/","name":"Markt-XXL","description":"Ihr Markt Online","publisher":{"@id":"https:\/\/marktxxl.de\/markt\/#organization"},"potentialAction":[{"@type":"SearchAction","target":{"@type":"EntryPoint","urlTemplate":"https:\/\/marktxxl.de\/markt\/?s={search_term_string}"},"query-input":{"@type":"PropertyValueSpecification","valueRequired":true,"valueName":"search_term_string"}}],"inLanguage":"de"},{"@type":"Organization","@id":"https:\/\/marktxxl.de\/markt\/#organization","name":"Markt-XXL","url":"https:\/\/marktxxl.de\/markt\/","logo":{"@type":"ImageObject","inLanguage":"de","@id":"https:\/\/marktxxl.de\/markt\/#\/schema\/logo\/image\/","url":"https:\/\/marktxxl.de\/markt\/wp-content\/uploads\/sites\/3\/2020\/12\/logo.png","contentUrl":"https:\/\/marktxxl.de\/markt\/wp-content\/uploads\/sites\/3\/2020\/12\/logo.png","width":200,"height":70,"caption":"Markt-XXL"},"image":{"@id":"https:\/\/marktxxl.de\/markt\/#\/schema\/logo\/image\/"}}]}},"_links":{"self":[{"href":"https:\/\/marktxxl.de\/markt\/wp-json\/wp\/v2\/product\/80766","targetHints":{"allow":["GET"]}}],"collection":[{"href":"https:\/\/marktxxl.de\/markt\/wp-json\/wp\/v2\/product"}],"about":[{"href":"https:\/\/marktxxl.de\/markt\/wp-json\/wp\/v2\/types\/product"}],"replies":[{"embeddable":true,"href":"https:\/\/marktxxl.de\/markt\/wp-json\/wp\/v2\/comments?post=80766"}],"wp:featuredmedia":[{"embeddable":true,"href":"https:\/\/marktxxl.de\/markt\/wp-json\/wp\/v2\/media\/80767"}],"wp:attachment":[{"href":"https:\/\/marktxxl.de\/markt\/wp-json\/wp\/v2\/media?parent=80766"}],"wp:term":[{"taxonomy":"product_brand","embeddable":true,"href":"https:\/\/marktxxl.de\/markt\/wp-json\/wp\/v2\/product_brand?post=80766"},{"taxonomy":"product_cat","embeddable":true,"href":"https:\/\/marktxxl.de\/markt\/wp-json\/wp\/v2\/product_cat?post=80766"},{"taxonomy":"product_tag","embeddable":true,"href":"https:\/\/marktxxl.de\/markt\/wp-json\/wp\/v2\/product_tag?post=80766"}],"curies":[{"name":"wp","href":"https:\/\/api.w.org\/{rel}","templated":true}]}}