{"id":80746,"date":"2021-11-25T17:57:22","date_gmt":"2021-11-25T16:57:22","guid":{"rendered":"https:\/\/marktxxl.de\/markt\/produkt\/10-x-glastiegel-braunglas-60ml-salbentiegel-cremetiegel-inkl-schraubverschluss-bakelit-schwarz-51mm-r3\/"},"modified":"2023-04-11T02:56:26","modified_gmt":"2023-04-11T00:56:26","slug":"10-x-glastiegel-braunglas-60ml-salbentiegel-cremetiegel-inkl-schraubverschluss-bakelit-schwarz-51mm-r3","status":"publish","type":"product","link":"https:\/\/marktxxl.de\/markt\/produkt\/10-x-glastiegel-braunglas-60ml-salbentiegel-cremetiegel-inkl-schraubverschluss-bakelit-schwarz-51mm-r3\/","title":{"rendered":"10 x vetro vaso di vetro ambra 60 ml con tappo a vite bachelite\/unguento pentola\/crema pentola Nero 51 mm\/R3"},"content":{"rendered":"<p>60 ml Glastiegel Braunglas \/ Salbentiegel \/ Cremetiegel inkl. Schraubverschluss Bakelit schwarz 51 mm \/ R3 (10 Stk.)<br \/>\nSie sparen durch unsere g\u00fcnstigen Set-Preise<br \/>\nSchnelle und zuverl\u00e4ssige Lieferung<br \/>\nApothekenqualit\u00e4t, Glasart III (DIN 719 bzw. Beh\u00e4ltnisklasse III nach DIN 52339-TO180), gefertigt nach dem Europ\u00e4ischen Arzneibuch<br \/>\nViele weitere Glas- und Kunststoffprodukte in unserem Amazon-Shop &#8212; http:\/\/www.amazon.de\/shops\/A3TTTQXXU0V48T\/<br \/>\n<div class=\"main-cross-sell\" data-asin=\"B00D359U96\">\n\n\t<div class=\"WooZone-cross-sell-loader\">\n\t\t<div>\n\t\t\t<div id=\"floatingBarsG\">\n\t\t\t\t<div class=\"blockG\" id=\"rotateG_01\"><\/div>\n\t\t\t\t<div class=\"blockG\" id=\"rotateG_02\"><\/div>\n\t\t\t\t<div class=\"blockG\" id=\"rotateG_03\"><\/div>\n\t\t\t\t<div class=\"blockG\" id=\"rotateG_04\"><\/div>\n\t\t\t\t<div class=\"blockG\" id=\"rotateG_05\"><\/div>\n\t\t\t\t<div class=\"blockG\" id=\"rotateG_06\"><\/div>\n\t\t\t\t<div class=\"blockG\" id=\"rotateG_07\"><\/div>\n\t\t\t\t<div class=\"blockG\" id=\"rotateG_08\"><\/div>\n\t\t\t<\/div>\n\t\t\t<div class=\"WooZone-cross-sell-loader-text\"><\/div>\n\t\t<\/div>\n\t<\/div>\n\n\t\t\n<\/div>\n<div style=\"clear:both;\"><\/div><\/p>\n","protected":false},"excerpt":{"rendered":"<p>60 ml Glastiegel Braunglas \/ Salbentiegel \/ Cremetiegel inkl. Schraubverschluss Bakelit schwarz 51 mm \/ R3 (10 Stk.)<br \/>\nSie sparen durch unsere g\u00fcnstigen Set-Preise<br \/>\nSchnelle und zuverl\u00e4ssige Lieferung<\/p>\n","protected":false},"featured_media":80747,"comment_status":"open","ping_status":"closed","template":"","meta":[],"product_brand":[],"product_cat":[566,5932],"product_tag":[],"class_list":{"0":"post-80746","1":"product","2":"type-product","3":"status-publish","4":"has-post-thumbnail","6":"product_cat-drogerie-koerperpflege","7":"product_cat-mobilitaetshilfen-zubehoer","8":"pa_brand-glastiegel","9":"pa_manufacturer-gt-goods-trade-gmbh","10":"pa_size-10-stueck-1er-pack","12":"first","13":"instock","14":"shipping-taxable","15":"purchasable","16":"product-type-simple","17":"customify-col","18":"product-has-gallery"},"yoast_head":"<!-- This site is optimized with the Yoast SEO plugin v27.4 - https:\/\/yoast.com\/product\/yoast-seo-wordpress\/ -->\n<title>10 x vetro vaso di vetro ambra 60 ml con tappo a vite bachelite\/unguento pentola\/crema pentola Nero 51 mm\/R3 - Markt-XXL<\/title>\n<meta name=\"description\" content=\"Markt-XXL 10 x vetro vaso di vetro ambra 60 ml con tappo a vite bachelite\/unguento pentola\/crema pentola Nero 51 mm\/R3\" \/>\n<meta name=\"robots\" content=\"index, follow, max-snippet:-1, max-image-preview:large, max-video-preview:-1\" \/>\n<link rel=\"canonical\" href=\"https:\/\/marktxxl.de\/markt\/produkt\/10-x-glastiegel-braunglas-60ml-salbentiegel-cremetiegel-inkl-schraubverschluss-bakelit-schwarz-51mm-r3\/\" \/>\n<meta property=\"og:locale\" content=\"de_DE\" \/>\n<meta property=\"og:type\" content=\"article\" \/>\n<meta property=\"og:title\" content=\"10 x vetro vaso di vetro ambra 60 ml con tappo a vite bachelite\/unguento pentola\/crema pentola Nero 51 mm\/R3 - Markt-XXL\" \/>\n<meta property=\"og:description\" content=\"Markt-XXL 10 x vetro vaso di vetro ambra 60 ml con tappo a vite bachelite\/unguento pentola\/crema pentola Nero 51 mm\/R3\" \/>\n<meta property=\"og:url\" content=\"https:\/\/marktxxl.de\/markt\/produkt\/10-x-glastiegel-braunglas-60ml-salbentiegel-cremetiegel-inkl-schraubverschluss-bakelit-schwarz-51mm-r3\/\" \/>\n<meta property=\"og:site_name\" content=\"Markt-XXL\" \/>\n<meta property=\"article:modified_time\" content=\"2023-04-11T00:56:26+00:00\" \/>\n<meta property=\"og:image\" content=\"https:\/\/m.media-amazon.com\/images\/I\/41Qsi3MXkOL._SL500_.jpg\" \/>\n\t<meta property=\"og:image:width\" content=\"500\" \/>\n\t<meta property=\"og:image:height\" content=\"500\" \/>\n\t<meta property=\"og:image:type\" content=\"image\/jpeg\" \/>\n<meta name=\"twitter:card\" content=\"summary_large_image\" \/>\n<script type=\"application\/ld+json\" class=\"yoast-schema-graph\">{\"@context\":\"https:\\\/\\\/schema.org\",\"@graph\":[{\"@type\":\"WebPage\",\"@id\":\"https:\\\/\\\/marktxxl.de\\\/markt\\\/produkt\\\/10-x-glastiegel-braunglas-60ml-salbentiegel-cremetiegel-inkl-schraubverschluss-bakelit-schwarz-51mm-r3\\\/\",\"url\":\"https:\\\/\\\/marktxxl.de\\\/markt\\\/produkt\\\/10-x-glastiegel-braunglas-60ml-salbentiegel-cremetiegel-inkl-schraubverschluss-bakelit-schwarz-51mm-r3\\\/\",\"name\":\"10 x vetro vaso di vetro ambra 60 ml con tappo a vite bachelite\\\/unguento pentola\\\/crema pentola Nero 51 mm\\\/R3 - Markt-XXL\",\"isPartOf\":{\"@id\":\"https:\\\/\\\/marktxxl.de\\\/markt\\\/#website\"},\"primaryImageOfPage\":{\"@id\":\"https:\\\/\\\/marktxxl.de\\\/markt\\\/produkt\\\/10-x-glastiegel-braunglas-60ml-salbentiegel-cremetiegel-inkl-schraubverschluss-bakelit-schwarz-51mm-r3\\\/#primaryimage\"},\"image\":{\"@id\":\"https:\\\/\\\/marktxxl.de\\\/markt\\\/produkt\\\/10-x-glastiegel-braunglas-60ml-salbentiegel-cremetiegel-inkl-schraubverschluss-bakelit-schwarz-51mm-r3\\\/#primaryimage\"},\"thumbnailUrl\":\"https:\\\/\\\/m.media-amazon.com\\\/images\\\/I\\\/41Qsi3MXkOL._SL500_.jpg\",\"datePublished\":\"2021-11-25T16:57:22+00:00\",\"dateModified\":\"2023-04-11T00:56:26+00:00\",\"description\":\"Markt-XXL 10 x vetro vaso di vetro ambra 60 ml con tappo a vite bachelite\\\/unguento pentola\\\/crema pentola Nero 51 mm\\\/R3\",\"breadcrumb\":{\"@id\":\"https:\\\/\\\/marktxxl.de\\\/markt\\\/produkt\\\/10-x-glastiegel-braunglas-60ml-salbentiegel-cremetiegel-inkl-schraubverschluss-bakelit-schwarz-51mm-r3\\\/#breadcrumb\"},\"inLanguage\":\"de\",\"potentialAction\":[{\"@type\":\"ReadAction\",\"target\":[\"https:\\\/\\\/marktxxl.de\\\/markt\\\/produkt\\\/10-x-glastiegel-braunglas-60ml-salbentiegel-cremetiegel-inkl-schraubverschluss-bakelit-schwarz-51mm-r3\\\/\"]}]},{\"@type\":\"ImageObject\",\"inLanguage\":\"de\",\"@id\":\"https:\\\/\\\/marktxxl.de\\\/markt\\\/produkt\\\/10-x-glastiegel-braunglas-60ml-salbentiegel-cremetiegel-inkl-schraubverschluss-bakelit-schwarz-51mm-r3\\\/#primaryimage\",\"url\":\"https:\\\/\\\/m.media-amazon.com\\\/images\\\/I\\\/41Qsi3MXkOL._SL500_.jpg\",\"contentUrl\":\"https:\\\/\\\/m.media-amazon.com\\\/images\\\/I\\\/41Qsi3MXkOL._SL500_.jpg\",\"width\":500,\"height\":500},{\"@type\":\"BreadcrumbList\",\"@id\":\"https:\\\/\\\/marktxxl.de\\\/markt\\\/produkt\\\/10-x-glastiegel-braunglas-60ml-salbentiegel-cremetiegel-inkl-schraubverschluss-bakelit-schwarz-51mm-r3\\\/#breadcrumb\",\"itemListElement\":[{\"@type\":\"ListItem\",\"position\":1,\"name\":\"Startseite\",\"item\":\"https:\\\/\\\/marktxxl.de\\\/markt\\\/\"},{\"@type\":\"ListItem\",\"position\":2,\"name\":\"Markt\",\"item\":\"https:\\\/\\\/marktxxl.de\\\/markt\\\/\"},{\"@type\":\"ListItem\",\"position\":3,\"name\":\"10 x vetro vaso di vetro ambra 60 ml con tappo a vite bachelite\\\/unguento pentola\\\/crema pentola Nero 51 mm\\\/R3\"}]},{\"@type\":\"WebSite\",\"@id\":\"https:\\\/\\\/marktxxl.de\\\/markt\\\/#website\",\"url\":\"https:\\\/\\\/marktxxl.de\\\/markt\\\/\",\"name\":\"Markt-XXL\",\"description\":\"Ihr Markt Online\",\"publisher\":{\"@id\":\"https:\\\/\\\/marktxxl.de\\\/markt\\\/#organization\"},\"potentialAction\":[{\"@type\":\"SearchAction\",\"target\":{\"@type\":\"EntryPoint\",\"urlTemplate\":\"https:\\\/\\\/marktxxl.de\\\/markt\\\/?s={search_term_string}\"},\"query-input\":{\"@type\":\"PropertyValueSpecification\",\"valueRequired\":true,\"valueName\":\"search_term_string\"}}],\"inLanguage\":\"de\"},{\"@type\":\"Organization\",\"@id\":\"https:\\\/\\\/marktxxl.de\\\/markt\\\/#organization\",\"name\":\"Markt-XXL\",\"url\":\"https:\\\/\\\/marktxxl.de\\\/markt\\\/\",\"logo\":{\"@type\":\"ImageObject\",\"inLanguage\":\"de\",\"@id\":\"https:\\\/\\\/marktxxl.de\\\/markt\\\/#\\\/schema\\\/logo\\\/image\\\/\",\"url\":\"https:\\\/\\\/marktxxl.de\\\/markt\\\/wp-content\\\/uploads\\\/sites\\\/3\\\/2020\\\/12\\\/logo.png\",\"contentUrl\":\"https:\\\/\\\/marktxxl.de\\\/markt\\\/wp-content\\\/uploads\\\/sites\\\/3\\\/2020\\\/12\\\/logo.png\",\"width\":200,\"height\":70,\"caption\":\"Markt-XXL\"},\"image\":{\"@id\":\"https:\\\/\\\/marktxxl.de\\\/markt\\\/#\\\/schema\\\/logo\\\/image\\\/\"}}]}<\/script>\n<!-- \/ Yoast SEO plugin. -->","yoast_head_json":{"title":"10 x vetro vaso di vetro ambra 60 ml con tappo a vite bachelite\/unguento pentola\/crema pentola Nero 51 mm\/R3 - Markt-XXL","description":"Markt-XXL 10 x vetro vaso di vetro ambra 60 ml con tappo a vite bachelite\/unguento pentola\/crema pentola Nero 51 mm\/R3","robots":{"index":"index","follow":"follow","max-snippet":"max-snippet:-1","max-image-preview":"max-image-preview:large","max-video-preview":"max-video-preview:-1"},"canonical":"https:\/\/marktxxl.de\/markt\/produkt\/10-x-glastiegel-braunglas-60ml-salbentiegel-cremetiegel-inkl-schraubverschluss-bakelit-schwarz-51mm-r3\/","og_locale":"de_DE","og_type":"article","og_title":"10 x vetro vaso di vetro ambra 60 ml con tappo a vite bachelite\/unguento pentola\/crema pentola Nero 51 mm\/R3 - Markt-XXL","og_description":"Markt-XXL 10 x vetro vaso di vetro ambra 60 ml con tappo a vite bachelite\/unguento pentola\/crema pentola Nero 51 mm\/R3","og_url":"https:\/\/marktxxl.de\/markt\/produkt\/10-x-glastiegel-braunglas-60ml-salbentiegel-cremetiegel-inkl-schraubverschluss-bakelit-schwarz-51mm-r3\/","og_site_name":"Markt-XXL","article_modified_time":"2023-04-11T00:56:26+00:00","og_image":[{"width":500,"height":500,"url":"https:\/\/m.media-amazon.com\/images\/I\/41Qsi3MXkOL._SL500_.jpg","type":"image\/jpeg"}],"twitter_card":"summary_large_image","schema":{"@context":"https:\/\/schema.org","@graph":[{"@type":"WebPage","@id":"https:\/\/marktxxl.de\/markt\/produkt\/10-x-glastiegel-braunglas-60ml-salbentiegel-cremetiegel-inkl-schraubverschluss-bakelit-schwarz-51mm-r3\/","url":"https:\/\/marktxxl.de\/markt\/produkt\/10-x-glastiegel-braunglas-60ml-salbentiegel-cremetiegel-inkl-schraubverschluss-bakelit-schwarz-51mm-r3\/","name":"10 x vetro vaso di vetro ambra 60 ml con tappo a vite bachelite\/unguento pentola\/crema pentola Nero 51 mm\/R3 - Markt-XXL","isPartOf":{"@id":"https:\/\/marktxxl.de\/markt\/#website"},"primaryImageOfPage":{"@id":"https:\/\/marktxxl.de\/markt\/produkt\/10-x-glastiegel-braunglas-60ml-salbentiegel-cremetiegel-inkl-schraubverschluss-bakelit-schwarz-51mm-r3\/#primaryimage"},"image":{"@id":"https:\/\/marktxxl.de\/markt\/produkt\/10-x-glastiegel-braunglas-60ml-salbentiegel-cremetiegel-inkl-schraubverschluss-bakelit-schwarz-51mm-r3\/#primaryimage"},"thumbnailUrl":"https:\/\/m.media-amazon.com\/images\/I\/41Qsi3MXkOL._SL500_.jpg","datePublished":"2021-11-25T16:57:22+00:00","dateModified":"2023-04-11T00:56:26+00:00","description":"Markt-XXL 10 x vetro vaso di vetro ambra 60 ml con tappo a vite bachelite\/unguento pentola\/crema pentola Nero 51 mm\/R3","breadcrumb":{"@id":"https:\/\/marktxxl.de\/markt\/produkt\/10-x-glastiegel-braunglas-60ml-salbentiegel-cremetiegel-inkl-schraubverschluss-bakelit-schwarz-51mm-r3\/#breadcrumb"},"inLanguage":"de","potentialAction":[{"@type":"ReadAction","target":["https:\/\/marktxxl.de\/markt\/produkt\/10-x-glastiegel-braunglas-60ml-salbentiegel-cremetiegel-inkl-schraubverschluss-bakelit-schwarz-51mm-r3\/"]}]},{"@type":"ImageObject","inLanguage":"de","@id":"https:\/\/marktxxl.de\/markt\/produkt\/10-x-glastiegel-braunglas-60ml-salbentiegel-cremetiegel-inkl-schraubverschluss-bakelit-schwarz-51mm-r3\/#primaryimage","url":"https:\/\/m.media-amazon.com\/images\/I\/41Qsi3MXkOL._SL500_.jpg","contentUrl":"https:\/\/m.media-amazon.com\/images\/I\/41Qsi3MXkOL._SL500_.jpg","width":500,"height":500},{"@type":"BreadcrumbList","@id":"https:\/\/marktxxl.de\/markt\/produkt\/10-x-glastiegel-braunglas-60ml-salbentiegel-cremetiegel-inkl-schraubverschluss-bakelit-schwarz-51mm-r3\/#breadcrumb","itemListElement":[{"@type":"ListItem","position":1,"name":"Startseite","item":"https:\/\/marktxxl.de\/markt\/"},{"@type":"ListItem","position":2,"name":"Markt","item":"https:\/\/marktxxl.de\/markt\/"},{"@type":"ListItem","position":3,"name":"10 x vetro vaso di vetro ambra 60 ml con tappo a vite bachelite\/unguento pentola\/crema pentola Nero 51 mm\/R3"}]},{"@type":"WebSite","@id":"https:\/\/marktxxl.de\/markt\/#website","url":"https:\/\/marktxxl.de\/markt\/","name":"Markt-XXL","description":"Ihr Markt Online","publisher":{"@id":"https:\/\/marktxxl.de\/markt\/#organization"},"potentialAction":[{"@type":"SearchAction","target":{"@type":"EntryPoint","urlTemplate":"https:\/\/marktxxl.de\/markt\/?s={search_term_string}"},"query-input":{"@type":"PropertyValueSpecification","valueRequired":true,"valueName":"search_term_string"}}],"inLanguage":"de"},{"@type":"Organization","@id":"https:\/\/marktxxl.de\/markt\/#organization","name":"Markt-XXL","url":"https:\/\/marktxxl.de\/markt\/","logo":{"@type":"ImageObject","inLanguage":"de","@id":"https:\/\/marktxxl.de\/markt\/#\/schema\/logo\/image\/","url":"https:\/\/marktxxl.de\/markt\/wp-content\/uploads\/sites\/3\/2020\/12\/logo.png","contentUrl":"https:\/\/marktxxl.de\/markt\/wp-content\/uploads\/sites\/3\/2020\/12\/logo.png","width":200,"height":70,"caption":"Markt-XXL"},"image":{"@id":"https:\/\/marktxxl.de\/markt\/#\/schema\/logo\/image\/"}}]}},"_links":{"self":[{"href":"https:\/\/marktxxl.de\/markt\/wp-json\/wp\/v2\/product\/80746","targetHints":{"allow":["GET"]}}],"collection":[{"href":"https:\/\/marktxxl.de\/markt\/wp-json\/wp\/v2\/product"}],"about":[{"href":"https:\/\/marktxxl.de\/markt\/wp-json\/wp\/v2\/types\/product"}],"replies":[{"embeddable":true,"href":"https:\/\/marktxxl.de\/markt\/wp-json\/wp\/v2\/comments?post=80746"}],"wp:featuredmedia":[{"embeddable":true,"href":"https:\/\/marktxxl.de\/markt\/wp-json\/wp\/v2\/media\/80747"}],"wp:attachment":[{"href":"https:\/\/marktxxl.de\/markt\/wp-json\/wp\/v2\/media?parent=80746"}],"wp:term":[{"taxonomy":"product_brand","embeddable":true,"href":"https:\/\/marktxxl.de\/markt\/wp-json\/wp\/v2\/product_brand?post=80746"},{"taxonomy":"product_cat","embeddable":true,"href":"https:\/\/marktxxl.de\/markt\/wp-json\/wp\/v2\/product_cat?post=80746"},{"taxonomy":"product_tag","embeddable":true,"href":"https:\/\/marktxxl.de\/markt\/wp-json\/wp\/v2\/product_tag?post=80746"}],"curies":[{"name":"wp","href":"https:\/\/api.w.org\/{rel}","templated":true}]}}