{"id":80737,"date":"2021-11-25T17:57:17","date_gmt":"2021-11-25T16:57:17","guid":{"rendered":"https:\/\/marktxxl.de\/markt\/produkt\/wananfu-kapselfueller-0-bundle-mit-200-getrennte-vegetarische-leerkapseln-groesse-0-einschliesslich-ausfuehrlicher-anweisungen-loeffel-und-schraubendreher\/"},"modified":"2023-04-11T02:56:26","modified_gmt":"2023-04-11T00:56:26","slug":"wananfu-kapselfueller-0-bundle-mit-200-getrennte-vegetarische-leerkapseln-groesse-0-einschliesslich-ausfuehrlicher-anweisungen-loeffel-und-schraubendreher","status":"publish","type":"product","link":"https:\/\/marktxxl.de\/markt\/produkt\/wananfu-kapselfueller-0-bundle-mit-200-getrennte-vegetarische-leerkapseln-groesse-0-einschliesslich-ausfuehrlicher-anweisungen-loeffel-und-schraubendreher\/","title":{"rendered":"Wananfu &#8211; Kapself\u00fcller Gr\u00f6\u00dfe 0 Bundle mit 200 Getrennte Vegetarische Leerkapseln Gr\u00f6\u00dfe 0, einschlie\u00dflich ausf\u00fchrlicher\u2026"},"content":{"rendered":"<p>ZEIT &amp; GELD SPAREN &#8211; Die Packung enth\u00e4lt alles, was Sie zum Bef\u00fcllen von leeren Kapseln der Gr\u00f6\u00dfe 0 ben\u00f6tigen, einschlie\u00dflich einer Maschine, eines L\u00f6ffels, eines Schraubenziehers und 200 getrennte vegetarische leerkapseln, die Sie vor dem Bef\u00fcllen vom \u00d6ffnen jeder leeren Kapsel befreien k\u00f6nnen. Es dauert nur wenige Minuten, um jeweils 100 Kapseln der Gr\u00f6\u00dfe 0 zu f\u00fcllen. Alles, was Sie vorbereiten m\u00fcssen, ist Ihre pulverisierten Erg\u00e4nzungen.<br \/>\nEINFACH ZU VERWENDEN &#8211; Eine ausf\u00fchrliche Bedienungsanleitung in 5 Sprachen (Deutsch, English, Fran\u00e7ais, Italiano, Espa\u00f1ol) ist in der Packung enthalten. Eine ausf\u00fchrliche Videoanleitung stellt sicher, dass der Kapself\u00fcller 0 einfach zu bedienen ist. Videolink: https:\/\/youtu.be\/7W38NEMkR_I<br \/>\nPREMIUM QUALIT\u00c4T &amp; SICHER &#8211; Wir setzen alles daran, die Gesundheit unserer Kunden zu gew\u00e4hrleisten. Unsere Kapselmaschine 0 besteht aus lebensmittelechtem ABS, das f\u00fcr Ihre Gesundheit unbedenklich ist. Die Edelstahlfedern und -schrauben unserer Kapself\u00fcllmaschine 0 wurden einem Erm\u00fcdungstest, einer Schlag- und Biegefestigkeit, einer Streckgrenze und anderen Tests unterzogen.<br \/>\nMULTIFUNKTIONAL &#8211; Es kann in gro\u00dfem Umfang zum Abf\u00fcllen vieler Arten von Nahrungserg\u00e4nzungsmitteln in Kapseln verwendet werden, z. B. Vitamine, \u00e4therische \u00d6le (wenige \u00e4therische \u00d6le k\u00f6nnen dazu f\u00fchren, dass sich Kapseln aufl\u00f6sen), Kr\u00e4uterpulver und andere pulverf\u00f6rmige Nahrungserg\u00e4nzungsmittel.<br \/>\n100% Geld-zur\u00fcck-Garantie &#8211; Wenn Sie mit Ihrem Kauf nicht zufrieden sind, kontaktieren Sie uns bitte. Unser professionelles Kundendienstpersonal wird Ihr Problem sehr schnell l\u00f6sen!<br \/>\n<div class=\"main-cross-sell\" data-asin=\"B08CK9RNC6\">\n\n\t<div class=\"WooZone-cross-sell-loader\">\n\t\t<div>\n\t\t\t<div id=\"floatingBarsG\">\n\t\t\t\t<div class=\"blockG\" id=\"rotateG_01\"><\/div>\n\t\t\t\t<div class=\"blockG\" id=\"rotateG_02\"><\/div>\n\t\t\t\t<div class=\"blockG\" id=\"rotateG_03\"><\/div>\n\t\t\t\t<div class=\"blockG\" id=\"rotateG_04\"><\/div>\n\t\t\t\t<div class=\"blockG\" id=\"rotateG_05\"><\/div>\n\t\t\t\t<div class=\"blockG\" id=\"rotateG_06\"><\/div>\n\t\t\t\t<div class=\"blockG\" id=\"rotateG_07\"><\/div>\n\t\t\t\t<div class=\"blockG\" id=\"rotateG_08\"><\/div>\n\t\t\t<\/div>\n\t\t\t<div class=\"WooZone-cross-sell-loader-text\"><\/div>\n\t\t<\/div>\n\t<\/div>\n\n\t\t\n<\/div>\n<div style=\"clear:both;\"><\/div><\/p>\n","protected":false},"excerpt":{"rendered":"<p>ZEIT &amp; GELD SPAREN &#8211; Die Packung enth\u00e4lt alles, was Sie zum Bef\u00fcllen von leeren Kapseln der Gr\u00f6\u00dfe 0 ben\u00f6tigen, einschlie\u00dflich einer Maschine, eines L\u00f6ffels, eines Schraubenziehers und 200 getrennte vegetarische leerkapseln, die Sie vor dem Bef\u00fcllen vom \u00d6ffnen jeder leeren Kapsel befreien k\u00f6nnen. Es dauert nur wenige Minuten, um jeweils 100 Kapseln der Gr\u00f6\u00dfe 0 zu f\u00fcllen. Alles, was Sie vorbereiten m\u00fcssen, ist Ihre pulverisierten Erg\u00e4nzungen.<br \/>\nEINFACH ZU VERWENDEN &#8211; Eine ausf\u00fchrliche Bedienungsanleitung in 5 Sprachen (Deutsch, English, Fran\u00e7ais, Italiano, Espa\u00f1ol) ist in der Packung enthalten. Eine ausf\u00fchrliche Videoanleitung stellt sicher, dass der Kapself\u00fcller 0 einfach zu bedienen ist. Videolink: https:\/\/youtu.be\/7W38NEMkR_I<br \/>\nPREMIUM QUALIT\u00c4T &amp; SICHER &#8211; Wir setzen alles daran, die Gesundheit unserer Kunden zu gew\u00e4hrleisten. Unsere Kapselmaschine 0 besteht aus lebensmittelechtem ABS, das f\u00fcr Ihre Gesundheit unbedenklich ist. Die Edelstahlfedern und -schrauben unserer Kapself\u00fcllmaschine 0 wurden einem Erm\u00fcdungstest, einer Schlag- und Biegefestigkeit, einer Streckgrenze und anderen Tests unterzogen.<\/p>\n","protected":false},"featured_media":80738,"comment_status":"open","ping_status":"closed","template":"","meta":[],"product_brand":[],"product_cat":[566,5932],"product_tag":[],"class_list":{"0":"post-80737","1":"product","2":"type-product","3":"status-publish","4":"has-post-thumbnail","6":"product_cat-drogerie-koerperpflege","7":"product_cat-mobilitaetshilfen-zubehoer","8":"pa_brand-wananfu","9":"pa_color-schwarz-und-blau","10":"pa_languages-unbekannt-spanisch-unbekannt-englisch-unbekannt-deutsch-unbekannt-franzoesisch-unbekannt-italienisch","11":"pa_manufacturer-mkyiliao","12":"pa_size-209-teiliges-set","13":"pa_weight-1-71519639836-pfund","15":"first","16":"instock","17":"shipping-taxable","18":"purchasable","19":"product-type-simple","20":"customify-col","21":"product-has-gallery"},"yoast_head":"<!-- This site is optimized with the Yoast SEO plugin v27.4 - https:\/\/yoast.com\/product\/yoast-seo-wordpress\/ -->\n<title>Wananfu - Kapself\u00fcller Gr\u00f6\u00dfe 0 Bundle mit 200 Getrennte Vegetarische Leerkapseln Gr\u00f6\u00dfe 0, einschlie\u00dflich ausf\u00fchrlicher\u2026 - Markt-XXL<\/title>\n<meta name=\"description\" content=\"Markt-XXL Wananfu - Kapself\u00fcller Gr\u00f6\u00dfe 0 Bundle mit 200 Getrennte Vegetarische Leerkapseln Gr\u00f6\u00dfe 0, einschlie\u00dflich ausf\u00fchrlicher\u2026\" \/>\n<meta name=\"robots\" content=\"index, follow, max-snippet:-1, max-image-preview:large, max-video-preview:-1\" \/>\n<link rel=\"canonical\" href=\"https:\/\/marktxxl.de\/markt\/produkt\/wananfu-kapselfueller-0-bundle-mit-200-getrennte-vegetarische-leerkapseln-groesse-0-einschliesslich-ausfuehrlicher-anweisungen-loeffel-und-schraubendreher\/\" \/>\n<meta property=\"og:locale\" content=\"de_DE\" \/>\n<meta property=\"og:type\" content=\"article\" \/>\n<meta property=\"og:title\" content=\"Wananfu - Kapself\u00fcller Gr\u00f6\u00dfe 0 Bundle mit 200 Getrennte Vegetarische Leerkapseln Gr\u00f6\u00dfe 0, einschlie\u00dflich ausf\u00fchrlicher\u2026 - Markt-XXL\" \/>\n<meta property=\"og:description\" content=\"Markt-XXL Wananfu - Kapself\u00fcller Gr\u00f6\u00dfe 0 Bundle mit 200 Getrennte Vegetarische Leerkapseln Gr\u00f6\u00dfe 0, einschlie\u00dflich ausf\u00fchrlicher\u2026\" \/>\n<meta property=\"og:url\" content=\"https:\/\/marktxxl.de\/markt\/produkt\/wananfu-kapselfueller-0-bundle-mit-200-getrennte-vegetarische-leerkapseln-groesse-0-einschliesslich-ausfuehrlicher-anweisungen-loeffel-und-schraubendreher\/\" \/>\n<meta property=\"og:site_name\" content=\"Markt-XXL\" \/>\n<meta property=\"article:modified_time\" content=\"2023-04-11T00:56:26+00:00\" \/>\n<meta property=\"og:image\" content=\"https:\/\/m.media-amazon.com\/images\/I\/41vH6XPLvqL._SL500_.jpg\" \/>\n\t<meta property=\"og:image:width\" content=\"500\" \/>\n\t<meta property=\"og:image:height\" content=\"500\" \/>\n\t<meta property=\"og:image:type\" content=\"image\/jpeg\" \/>\n<meta name=\"twitter:card\" content=\"summary_large_image\" \/>\n<meta name=\"twitter:label1\" content=\"Gesch\u00e4tzte Lesezeit\" \/>\n\t<meta name=\"twitter:data1\" content=\"1\u00a0Minute\" \/>\n<script type=\"application\/ld+json\" class=\"yoast-schema-graph\">{\"@context\":\"https:\\\/\\\/schema.org\",\"@graph\":[{\"@type\":\"WebPage\",\"@id\":\"https:\\\/\\\/marktxxl.de\\\/markt\\\/produkt\\\/wananfu-kapselfueller-0-bundle-mit-200-getrennte-vegetarische-leerkapseln-groesse-0-einschliesslich-ausfuehrlicher-anweisungen-loeffel-und-schraubendreher\\\/\",\"url\":\"https:\\\/\\\/marktxxl.de\\\/markt\\\/produkt\\\/wananfu-kapselfueller-0-bundle-mit-200-getrennte-vegetarische-leerkapseln-groesse-0-einschliesslich-ausfuehrlicher-anweisungen-loeffel-und-schraubendreher\\\/\",\"name\":\"Wananfu - Kapself\u00fcller Gr\u00f6\u00dfe 0 Bundle mit 200 Getrennte Vegetarische Leerkapseln Gr\u00f6\u00dfe 0, einschlie\u00dflich ausf\u00fchrlicher\u2026 - Markt-XXL\",\"isPartOf\":{\"@id\":\"https:\\\/\\\/marktxxl.de\\\/markt\\\/#website\"},\"primaryImageOfPage\":{\"@id\":\"https:\\\/\\\/marktxxl.de\\\/markt\\\/produkt\\\/wananfu-kapselfueller-0-bundle-mit-200-getrennte-vegetarische-leerkapseln-groesse-0-einschliesslich-ausfuehrlicher-anweisungen-loeffel-und-schraubendreher\\\/#primaryimage\"},\"image\":{\"@id\":\"https:\\\/\\\/marktxxl.de\\\/markt\\\/produkt\\\/wananfu-kapselfueller-0-bundle-mit-200-getrennte-vegetarische-leerkapseln-groesse-0-einschliesslich-ausfuehrlicher-anweisungen-loeffel-und-schraubendreher\\\/#primaryimage\"},\"thumbnailUrl\":\"https:\\\/\\\/m.media-amazon.com\\\/images\\\/I\\\/41vH6XPLvqL._SL500_.jpg\",\"datePublished\":\"2021-11-25T16:57:17+00:00\",\"dateModified\":\"2023-04-11T00:56:26+00:00\",\"description\":\"Markt-XXL Wananfu - Kapself\u00fcller Gr\u00f6\u00dfe 0 Bundle mit 200 Getrennte Vegetarische Leerkapseln Gr\u00f6\u00dfe 0, einschlie\u00dflich ausf\u00fchrlicher\u2026\",\"breadcrumb\":{\"@id\":\"https:\\\/\\\/marktxxl.de\\\/markt\\\/produkt\\\/wananfu-kapselfueller-0-bundle-mit-200-getrennte-vegetarische-leerkapseln-groesse-0-einschliesslich-ausfuehrlicher-anweisungen-loeffel-und-schraubendreher\\\/#breadcrumb\"},\"inLanguage\":\"de\",\"potentialAction\":[{\"@type\":\"ReadAction\",\"target\":[\"https:\\\/\\\/marktxxl.de\\\/markt\\\/produkt\\\/wananfu-kapselfueller-0-bundle-mit-200-getrennte-vegetarische-leerkapseln-groesse-0-einschliesslich-ausfuehrlicher-anweisungen-loeffel-und-schraubendreher\\\/\"]}]},{\"@type\":\"ImageObject\",\"inLanguage\":\"de\",\"@id\":\"https:\\\/\\\/marktxxl.de\\\/markt\\\/produkt\\\/wananfu-kapselfueller-0-bundle-mit-200-getrennte-vegetarische-leerkapseln-groesse-0-einschliesslich-ausfuehrlicher-anweisungen-loeffel-und-schraubendreher\\\/#primaryimage\",\"url\":\"https:\\\/\\\/m.media-amazon.com\\\/images\\\/I\\\/41vH6XPLvqL._SL500_.jpg\",\"contentUrl\":\"https:\\\/\\\/m.media-amazon.com\\\/images\\\/I\\\/41vH6XPLvqL._SL500_.jpg\",\"width\":500,\"height\":500},{\"@type\":\"BreadcrumbList\",\"@id\":\"https:\\\/\\\/marktxxl.de\\\/markt\\\/produkt\\\/wananfu-kapselfueller-0-bundle-mit-200-getrennte-vegetarische-leerkapseln-groesse-0-einschliesslich-ausfuehrlicher-anweisungen-loeffel-und-schraubendreher\\\/#breadcrumb\",\"itemListElement\":[{\"@type\":\"ListItem\",\"position\":1,\"name\":\"Startseite\",\"item\":\"https:\\\/\\\/marktxxl.de\\\/markt\\\/\"},{\"@type\":\"ListItem\",\"position\":2,\"name\":\"Markt\",\"item\":\"https:\\\/\\\/marktxxl.de\\\/markt\\\/\"},{\"@type\":\"ListItem\",\"position\":3,\"name\":\"Wananfu &#8211; Kapself\u00fcller Gr\u00f6\u00dfe 0 Bundle mit 200 Getrennte Vegetarische Leerkapseln Gr\u00f6\u00dfe 0, einschlie\u00dflich ausf\u00fchrlicher\u2026\"}]},{\"@type\":\"WebSite\",\"@id\":\"https:\\\/\\\/marktxxl.de\\\/markt\\\/#website\",\"url\":\"https:\\\/\\\/marktxxl.de\\\/markt\\\/\",\"name\":\"Markt-XXL\",\"description\":\"Ihr Markt Online\",\"publisher\":{\"@id\":\"https:\\\/\\\/marktxxl.de\\\/markt\\\/#organization\"},\"potentialAction\":[{\"@type\":\"SearchAction\",\"target\":{\"@type\":\"EntryPoint\",\"urlTemplate\":\"https:\\\/\\\/marktxxl.de\\\/markt\\\/?s={search_term_string}\"},\"query-input\":{\"@type\":\"PropertyValueSpecification\",\"valueRequired\":true,\"valueName\":\"search_term_string\"}}],\"inLanguage\":\"de\"},{\"@type\":\"Organization\",\"@id\":\"https:\\\/\\\/marktxxl.de\\\/markt\\\/#organization\",\"name\":\"Markt-XXL\",\"url\":\"https:\\\/\\\/marktxxl.de\\\/markt\\\/\",\"logo\":{\"@type\":\"ImageObject\",\"inLanguage\":\"de\",\"@id\":\"https:\\\/\\\/marktxxl.de\\\/markt\\\/#\\\/schema\\\/logo\\\/image\\\/\",\"url\":\"https:\\\/\\\/marktxxl.de\\\/markt\\\/wp-content\\\/uploads\\\/sites\\\/3\\\/2020\\\/12\\\/logo.png\",\"contentUrl\":\"https:\\\/\\\/marktxxl.de\\\/markt\\\/wp-content\\\/uploads\\\/sites\\\/3\\\/2020\\\/12\\\/logo.png\",\"width\":200,\"height\":70,\"caption\":\"Markt-XXL\"},\"image\":{\"@id\":\"https:\\\/\\\/marktxxl.de\\\/markt\\\/#\\\/schema\\\/logo\\\/image\\\/\"}}]}<\/script>\n<!-- \/ Yoast SEO plugin. -->","yoast_head_json":{"title":"Wananfu - Kapself\u00fcller Gr\u00f6\u00dfe 0 Bundle mit 200 Getrennte Vegetarische Leerkapseln Gr\u00f6\u00dfe 0, einschlie\u00dflich ausf\u00fchrlicher\u2026 - Markt-XXL","description":"Markt-XXL Wananfu - Kapself\u00fcller Gr\u00f6\u00dfe 0 Bundle mit 200 Getrennte Vegetarische Leerkapseln Gr\u00f6\u00dfe 0, einschlie\u00dflich ausf\u00fchrlicher\u2026","robots":{"index":"index","follow":"follow","max-snippet":"max-snippet:-1","max-image-preview":"max-image-preview:large","max-video-preview":"max-video-preview:-1"},"canonical":"https:\/\/marktxxl.de\/markt\/produkt\/wananfu-kapselfueller-0-bundle-mit-200-getrennte-vegetarische-leerkapseln-groesse-0-einschliesslich-ausfuehrlicher-anweisungen-loeffel-und-schraubendreher\/","og_locale":"de_DE","og_type":"article","og_title":"Wananfu - Kapself\u00fcller Gr\u00f6\u00dfe 0 Bundle mit 200 Getrennte Vegetarische Leerkapseln Gr\u00f6\u00dfe 0, einschlie\u00dflich ausf\u00fchrlicher\u2026 - Markt-XXL","og_description":"Markt-XXL Wananfu - Kapself\u00fcller Gr\u00f6\u00dfe 0 Bundle mit 200 Getrennte Vegetarische Leerkapseln Gr\u00f6\u00dfe 0, einschlie\u00dflich ausf\u00fchrlicher\u2026","og_url":"https:\/\/marktxxl.de\/markt\/produkt\/wananfu-kapselfueller-0-bundle-mit-200-getrennte-vegetarische-leerkapseln-groesse-0-einschliesslich-ausfuehrlicher-anweisungen-loeffel-und-schraubendreher\/","og_site_name":"Markt-XXL","article_modified_time":"2023-04-11T00:56:26+00:00","og_image":[{"width":500,"height":500,"url":"https:\/\/m.media-amazon.com\/images\/I\/41vH6XPLvqL._SL500_.jpg","type":"image\/jpeg"}],"twitter_card":"summary_large_image","twitter_misc":{"Gesch\u00e4tzte Lesezeit":"1\u00a0Minute"},"schema":{"@context":"https:\/\/schema.org","@graph":[{"@type":"WebPage","@id":"https:\/\/marktxxl.de\/markt\/produkt\/wananfu-kapselfueller-0-bundle-mit-200-getrennte-vegetarische-leerkapseln-groesse-0-einschliesslich-ausfuehrlicher-anweisungen-loeffel-und-schraubendreher\/","url":"https:\/\/marktxxl.de\/markt\/produkt\/wananfu-kapselfueller-0-bundle-mit-200-getrennte-vegetarische-leerkapseln-groesse-0-einschliesslich-ausfuehrlicher-anweisungen-loeffel-und-schraubendreher\/","name":"Wananfu - Kapself\u00fcller Gr\u00f6\u00dfe 0 Bundle mit 200 Getrennte Vegetarische Leerkapseln Gr\u00f6\u00dfe 0, einschlie\u00dflich ausf\u00fchrlicher\u2026 - Markt-XXL","isPartOf":{"@id":"https:\/\/marktxxl.de\/markt\/#website"},"primaryImageOfPage":{"@id":"https:\/\/marktxxl.de\/markt\/produkt\/wananfu-kapselfueller-0-bundle-mit-200-getrennte-vegetarische-leerkapseln-groesse-0-einschliesslich-ausfuehrlicher-anweisungen-loeffel-und-schraubendreher\/#primaryimage"},"image":{"@id":"https:\/\/marktxxl.de\/markt\/produkt\/wananfu-kapselfueller-0-bundle-mit-200-getrennte-vegetarische-leerkapseln-groesse-0-einschliesslich-ausfuehrlicher-anweisungen-loeffel-und-schraubendreher\/#primaryimage"},"thumbnailUrl":"https:\/\/m.media-amazon.com\/images\/I\/41vH6XPLvqL._SL500_.jpg","datePublished":"2021-11-25T16:57:17+00:00","dateModified":"2023-04-11T00:56:26+00:00","description":"Markt-XXL Wananfu - Kapself\u00fcller Gr\u00f6\u00dfe 0 Bundle mit 200 Getrennte Vegetarische Leerkapseln Gr\u00f6\u00dfe 0, einschlie\u00dflich ausf\u00fchrlicher\u2026","breadcrumb":{"@id":"https:\/\/marktxxl.de\/markt\/produkt\/wananfu-kapselfueller-0-bundle-mit-200-getrennte-vegetarische-leerkapseln-groesse-0-einschliesslich-ausfuehrlicher-anweisungen-loeffel-und-schraubendreher\/#breadcrumb"},"inLanguage":"de","potentialAction":[{"@type":"ReadAction","target":["https:\/\/marktxxl.de\/markt\/produkt\/wananfu-kapselfueller-0-bundle-mit-200-getrennte-vegetarische-leerkapseln-groesse-0-einschliesslich-ausfuehrlicher-anweisungen-loeffel-und-schraubendreher\/"]}]},{"@type":"ImageObject","inLanguage":"de","@id":"https:\/\/marktxxl.de\/markt\/produkt\/wananfu-kapselfueller-0-bundle-mit-200-getrennte-vegetarische-leerkapseln-groesse-0-einschliesslich-ausfuehrlicher-anweisungen-loeffel-und-schraubendreher\/#primaryimage","url":"https:\/\/m.media-amazon.com\/images\/I\/41vH6XPLvqL._SL500_.jpg","contentUrl":"https:\/\/m.media-amazon.com\/images\/I\/41vH6XPLvqL._SL500_.jpg","width":500,"height":500},{"@type":"BreadcrumbList","@id":"https:\/\/marktxxl.de\/markt\/produkt\/wananfu-kapselfueller-0-bundle-mit-200-getrennte-vegetarische-leerkapseln-groesse-0-einschliesslich-ausfuehrlicher-anweisungen-loeffel-und-schraubendreher\/#breadcrumb","itemListElement":[{"@type":"ListItem","position":1,"name":"Startseite","item":"https:\/\/marktxxl.de\/markt\/"},{"@type":"ListItem","position":2,"name":"Markt","item":"https:\/\/marktxxl.de\/markt\/"},{"@type":"ListItem","position":3,"name":"Wananfu &#8211; Kapself\u00fcller Gr\u00f6\u00dfe 0 Bundle mit 200 Getrennte Vegetarische Leerkapseln Gr\u00f6\u00dfe 0, einschlie\u00dflich ausf\u00fchrlicher\u2026"}]},{"@type":"WebSite","@id":"https:\/\/marktxxl.de\/markt\/#website","url":"https:\/\/marktxxl.de\/markt\/","name":"Markt-XXL","description":"Ihr Markt Online","publisher":{"@id":"https:\/\/marktxxl.de\/markt\/#organization"},"potentialAction":[{"@type":"SearchAction","target":{"@type":"EntryPoint","urlTemplate":"https:\/\/marktxxl.de\/markt\/?s={search_term_string}"},"query-input":{"@type":"PropertyValueSpecification","valueRequired":true,"valueName":"search_term_string"}}],"inLanguage":"de"},{"@type":"Organization","@id":"https:\/\/marktxxl.de\/markt\/#organization","name":"Markt-XXL","url":"https:\/\/marktxxl.de\/markt\/","logo":{"@type":"ImageObject","inLanguage":"de","@id":"https:\/\/marktxxl.de\/markt\/#\/schema\/logo\/image\/","url":"https:\/\/marktxxl.de\/markt\/wp-content\/uploads\/sites\/3\/2020\/12\/logo.png","contentUrl":"https:\/\/marktxxl.de\/markt\/wp-content\/uploads\/sites\/3\/2020\/12\/logo.png","width":200,"height":70,"caption":"Markt-XXL"},"image":{"@id":"https:\/\/marktxxl.de\/markt\/#\/schema\/logo\/image\/"}}]}},"_links":{"self":[{"href":"https:\/\/marktxxl.de\/markt\/wp-json\/wp\/v2\/product\/80737","targetHints":{"allow":["GET"]}}],"collection":[{"href":"https:\/\/marktxxl.de\/markt\/wp-json\/wp\/v2\/product"}],"about":[{"href":"https:\/\/marktxxl.de\/markt\/wp-json\/wp\/v2\/types\/product"}],"replies":[{"embeddable":true,"href":"https:\/\/marktxxl.de\/markt\/wp-json\/wp\/v2\/comments?post=80737"}],"wp:featuredmedia":[{"embeddable":true,"href":"https:\/\/marktxxl.de\/markt\/wp-json\/wp\/v2\/media\/80738"}],"wp:attachment":[{"href":"https:\/\/marktxxl.de\/markt\/wp-json\/wp\/v2\/media?parent=80737"}],"wp:term":[{"taxonomy":"product_brand","embeddable":true,"href":"https:\/\/marktxxl.de\/markt\/wp-json\/wp\/v2\/product_brand?post=80737"},{"taxonomy":"product_cat","embeddable":true,"href":"https:\/\/marktxxl.de\/markt\/wp-json\/wp\/v2\/product_cat?post=80737"},{"taxonomy":"product_tag","embeddable":true,"href":"https:\/\/marktxxl.de\/markt\/wp-json\/wp\/v2\/product_tag?post=80737"}],"curies":[{"name":"wp","href":"https:\/\/api.w.org\/{rel}","templated":true}]}}