{"id":80433,"date":"2021-11-25T17:33:40","date_gmt":"2021-11-25T16:33:40","guid":{"rendered":"https:\/\/marktxxl.de\/markt\/produkt\/luff-lesebrille-fuer-herren-damen-dioptrien-blaulicht-brille-leichte-computerbrille-sehhilfe-augenoptik-round-federscharnieren-rundes-uebergrosser-blendschutz-4-pack\/"},"modified":"2023-04-11T02:56:20","modified_gmt":"2023-04-11T00:56:20","slug":"luff-lesebrille-fuer-herren-damen-dioptrien-blaulicht-brille-leichte-computerbrille-sehhilfe-augenoptik-round-federscharnieren-rundes-uebergrosser-blendschutz-4-pack","status":"publish","type":"product","link":"https:\/\/marktxxl.de\/markt\/produkt\/luff-lesebrille-fuer-herren-damen-dioptrien-blaulicht-brille-leichte-computerbrille-sehhilfe-augenoptik-round-federscharnieren-rundes-uebergrosser-blendschutz-4-pack\/","title":{"rendered":"LUFF Lesebrille f\u00fcr Herren Damen &#8211; Dioptrien Blaulicht Brille Leichte Computerbrille Sehhilfe Augenoptik Round\u2026"},"content":{"rendered":"<p>\u2605LIEBE DEIN LEBEN &#8212; Das Leben ist voller Rituale, und du brauchst auf jeden Fall eine Brille, die zu deiner Garderobe, deinen Stimmungen und verschiedenen Anl\u00e4ssen passt.LUFF Mode Lesebrillen Frauen sind so konzipiert, dass sie deine t\u00e4glichen Bed\u00fcrfnisse erf\u00fcllen und einen einfachen und Retro-Stil pr\u00e4sentieren.<br \/>\n\u2605Vielseitiger Retro-Stil &#8211; Der mit Metallnieten verzierte Retro-Rahmen ist in vier verschiedenen Farben erh\u00e4ltlich, die zu verschiedenen Outfits, Stimmungen und Anl\u00e4ssen passen. Wenn Sie eine Brille tragen, werden Sie zum Mittelpunkt der Aufmerksamkeit und zeigen der Welt Ihr Temperament und Ihren Sinn f\u00fcr Mode mit der LUFF lesebrille M\u00e4nner .<br \/>\n\u2605Blaulichtblockierende HD-Gl\u00e4ser &#8211; Da blaues Licht nicht vermieden werden kann, ist es notwendig, eine LUFF Kristallgl\u00e4ser Lesebrille zu tragen. Die LUFF blaulichtfilter brille damen kann Blendung verhindern und mehr als 98% des sch\u00e4dlichen blauen Lichts blockieren, wodurch Sie den ganzen Tag \u00fcber gesch\u00fctzt sind. Genie\u00dfen Sie einfach Ihre Freizeit.<br \/>\n\u2605Genaue St\u00e4rken &#8211; durch professionelle Instrumente getestet, sind die St\u00e4rken der LUFF Lesehilfe genau, so dass Sie keine verzerrte Sicht erleben und die Welt mit mehr Klarheit sehen k\u00f6nnen.<br \/>\n\u2605Exquisite Verpackung &#8211; Inklusive Gl\u00e4ser*4, Brillenetui*4, hochwertiges Brillenputztuch*2, Multifunktionsschraubendreher*2, Lesezeichen*1, Augenschutzanleitung*1. Wenn Sie irgendwelche Probleme mit der LUFF Leser f\u00fcr M\u00e4nner haben, z\u00f6gern Sie nicht, uns zu kontaktieren. Wir werden es l\u00f6sen, bis Sie mit Ihrem Kauf zufrieden sind.<br \/>\n<div class=\"main-cross-sell\" data-asin=\"B09F3D633N\">\n\n\t<div class=\"WooZone-cross-sell-loader\">\n\t\t<div>\n\t\t\t<div id=\"floatingBarsG\">\n\t\t\t\t<div class=\"blockG\" id=\"rotateG_01\"><\/div>\n\t\t\t\t<div class=\"blockG\" id=\"rotateG_02\"><\/div>\n\t\t\t\t<div class=\"blockG\" id=\"rotateG_03\"><\/div>\n\t\t\t\t<div class=\"blockG\" id=\"rotateG_04\"><\/div>\n\t\t\t\t<div class=\"blockG\" id=\"rotateG_05\"><\/div>\n\t\t\t\t<div class=\"blockG\" id=\"rotateG_06\"><\/div>\n\t\t\t\t<div class=\"blockG\" id=\"rotateG_07\"><\/div>\n\t\t\t\t<div class=\"blockG\" id=\"rotateG_08\"><\/div>\n\t\t\t<\/div>\n\t\t\t<div class=\"WooZone-cross-sell-loader-text\"><\/div>\n\t\t<\/div>\n\t<\/div>\n\n\t\t\n<\/div>\n<div style=\"clear:both;\"><\/div><\/p>\n","protected":false},"excerpt":{"rendered":"<p>\u2605LIEBE DEIN LEBEN &#8212; Das Leben ist voller Rituale, und du brauchst auf jeden Fall eine Brille, die zu deiner Garderobe, deinen Stimmungen und verschiedenen Anl\u00e4ssen passt.LUFF Mode Lesebrillen Frauen sind so konzipiert, dass sie deine t\u00e4glichen Bed\u00fcrfnisse erf\u00fcllen und einen einfachen und Retro-Stil pr\u00e4sentieren.<br \/>\n\u2605Vielseitiger Retro-Stil &#8211; Der mit Metallnieten verzierte Retro-Rahmen ist in vier verschiedenen Farben erh\u00e4ltlich, die zu verschiedenen Outfits, Stimmungen und Anl\u00e4ssen passen. Wenn Sie eine Brille tragen, werden Sie zum Mittelpunkt der Aufmerksamkeit und zeigen der Welt Ihr Temperament und Ihren Sinn f\u00fcr Mode mit der LUFF lesebrille M\u00e4nner .<br \/>\n\u2605Blaulichtblockierende HD-Gl\u00e4ser &#8211; Da blaues Licht nicht vermieden werden kann, ist es notwendig, eine LUFF Kristallgl\u00e4ser Lesebrille zu tragen. Die LUFF blaulichtfilter brille damen kann Blendung verhindern und mehr als 98% des sch\u00e4dlichen blauen Lichts blockieren, wodurch Sie den ganzen Tag \u00fcber gesch\u00fctzt sind. Genie\u00dfen Sie einfach Ihre Freizeit.<\/p>\n","protected":false},"featured_media":80434,"comment_status":"open","ping_status":"closed","template":"","meta":[],"product_brand":[],"product_cat":[566,5775],"product_tag":[],"class_list":{"0":"post-80433","1":"product","2":"type-product","3":"status-publish","4":"has-post-thumbnail","6":"product_cat-drogerie-koerperpflege","7":"product_cat-kontaktlinsen-brillen","8":"pa_brand-luff","10":"first","11":"instock","12":"shipping-taxable","13":"purchasable","14":"product-type-simple","15":"customify-col","16":"product-has-gallery"},"yoast_head":"<!-- This site is optimized with the Yoast SEO plugin v27.3 - https:\/\/yoast.com\/product\/yoast-seo-wordpress\/ -->\n<title>LUFF Lesebrille f\u00fcr Herren Damen - Dioptrien Blaulicht Brille Leichte Computerbrille Sehhilfe Augenoptik Round\u2026 - Markt-XXL<\/title>\n<meta name=\"description\" content=\"Markt-XXL LUFF Lesebrille f\u00fcr Herren Damen - Dioptrien Blaulicht Brille Leichte Computerbrille Sehhilfe Augenoptik Round\u2026\" \/>\n<meta name=\"robots\" content=\"index, follow, max-snippet:-1, max-image-preview:large, max-video-preview:-1\" \/>\n<link rel=\"canonical\" href=\"https:\/\/marktxxl.de\/markt\/produkt\/luff-lesebrille-fuer-herren-damen-dioptrien-blaulicht-brille-leichte-computerbrille-sehhilfe-augenoptik-round-federscharnieren-rundes-uebergrosser-blendschutz-4-pack\/\" \/>\n<meta property=\"og:locale\" content=\"de_DE\" \/>\n<meta property=\"og:type\" content=\"article\" \/>\n<meta property=\"og:title\" content=\"LUFF Lesebrille f\u00fcr Herren Damen - Dioptrien Blaulicht Brille Leichte Computerbrille Sehhilfe Augenoptik Round\u2026 - Markt-XXL\" \/>\n<meta property=\"og:description\" content=\"Markt-XXL LUFF Lesebrille f\u00fcr Herren Damen - Dioptrien Blaulicht Brille Leichte Computerbrille Sehhilfe Augenoptik Round\u2026\" \/>\n<meta property=\"og:url\" content=\"https:\/\/marktxxl.de\/markt\/produkt\/luff-lesebrille-fuer-herren-damen-dioptrien-blaulicht-brille-leichte-computerbrille-sehhilfe-augenoptik-round-federscharnieren-rundes-uebergrosser-blendschutz-4-pack\/\" \/>\n<meta property=\"og:site_name\" content=\"Markt-XXL\" \/>\n<meta property=\"article:modified_time\" content=\"2023-04-11T00:56:20+00:00\" \/>\n<meta property=\"og:image\" content=\"https:\/\/m.media-amazon.com\/images\/I\/41s-6Kv2LML._SL500_.jpg\" \/>\n\t<meta property=\"og:image:width\" content=\"500\" \/>\n\t<meta property=\"og:image:height\" content=\"500\" \/>\n\t<meta property=\"og:image:type\" content=\"image\/jpeg\" \/>\n<meta name=\"twitter:card\" content=\"summary_large_image\" \/>\n<meta name=\"twitter:label1\" content=\"Gesch\u00e4tzte Lesezeit\" \/>\n\t<meta name=\"twitter:data1\" content=\"1\u00a0Minute\" \/>\n<script type=\"application\/ld+json\" class=\"yoast-schema-graph\">{\"@context\":\"https:\\\/\\\/schema.org\",\"@graph\":[{\"@type\":\"WebPage\",\"@id\":\"https:\\\/\\\/marktxxl.de\\\/markt\\\/produkt\\\/luff-lesebrille-fuer-herren-damen-dioptrien-blaulicht-brille-leichte-computerbrille-sehhilfe-augenoptik-round-federscharnieren-rundes-uebergrosser-blendschutz-4-pack\\\/\",\"url\":\"https:\\\/\\\/marktxxl.de\\\/markt\\\/produkt\\\/luff-lesebrille-fuer-herren-damen-dioptrien-blaulicht-brille-leichte-computerbrille-sehhilfe-augenoptik-round-federscharnieren-rundes-uebergrosser-blendschutz-4-pack\\\/\",\"name\":\"LUFF Lesebrille f\u00fcr Herren Damen - Dioptrien Blaulicht Brille Leichte Computerbrille Sehhilfe Augenoptik Round\u2026 - Markt-XXL\",\"isPartOf\":{\"@id\":\"https:\\\/\\\/marktxxl.de\\\/markt\\\/#website\"},\"primaryImageOfPage\":{\"@id\":\"https:\\\/\\\/marktxxl.de\\\/markt\\\/produkt\\\/luff-lesebrille-fuer-herren-damen-dioptrien-blaulicht-brille-leichte-computerbrille-sehhilfe-augenoptik-round-federscharnieren-rundes-uebergrosser-blendschutz-4-pack\\\/#primaryimage\"},\"image\":{\"@id\":\"https:\\\/\\\/marktxxl.de\\\/markt\\\/produkt\\\/luff-lesebrille-fuer-herren-damen-dioptrien-blaulicht-brille-leichte-computerbrille-sehhilfe-augenoptik-round-federscharnieren-rundes-uebergrosser-blendschutz-4-pack\\\/#primaryimage\"},\"thumbnailUrl\":\"https:\\\/\\\/m.media-amazon.com\\\/images\\\/I\\\/41s-6Kv2LML._SL500_.jpg\",\"datePublished\":\"2021-11-25T16:33:40+00:00\",\"dateModified\":\"2023-04-11T00:56:20+00:00\",\"description\":\"Markt-XXL LUFF Lesebrille f\u00fcr Herren Damen - Dioptrien Blaulicht Brille Leichte Computerbrille Sehhilfe Augenoptik Round\u2026\",\"breadcrumb\":{\"@id\":\"https:\\\/\\\/marktxxl.de\\\/markt\\\/produkt\\\/luff-lesebrille-fuer-herren-damen-dioptrien-blaulicht-brille-leichte-computerbrille-sehhilfe-augenoptik-round-federscharnieren-rundes-uebergrosser-blendschutz-4-pack\\\/#breadcrumb\"},\"inLanguage\":\"de\",\"potentialAction\":[{\"@type\":\"ReadAction\",\"target\":[\"https:\\\/\\\/marktxxl.de\\\/markt\\\/produkt\\\/luff-lesebrille-fuer-herren-damen-dioptrien-blaulicht-brille-leichte-computerbrille-sehhilfe-augenoptik-round-federscharnieren-rundes-uebergrosser-blendschutz-4-pack\\\/\"]}]},{\"@type\":\"ImageObject\",\"inLanguage\":\"de\",\"@id\":\"https:\\\/\\\/marktxxl.de\\\/markt\\\/produkt\\\/luff-lesebrille-fuer-herren-damen-dioptrien-blaulicht-brille-leichte-computerbrille-sehhilfe-augenoptik-round-federscharnieren-rundes-uebergrosser-blendschutz-4-pack\\\/#primaryimage\",\"url\":\"https:\\\/\\\/m.media-amazon.com\\\/images\\\/I\\\/41s-6Kv2LML._SL500_.jpg\",\"contentUrl\":\"https:\\\/\\\/m.media-amazon.com\\\/images\\\/I\\\/41s-6Kv2LML._SL500_.jpg\",\"width\":500,\"height\":500},{\"@type\":\"BreadcrumbList\",\"@id\":\"https:\\\/\\\/marktxxl.de\\\/markt\\\/produkt\\\/luff-lesebrille-fuer-herren-damen-dioptrien-blaulicht-brille-leichte-computerbrille-sehhilfe-augenoptik-round-federscharnieren-rundes-uebergrosser-blendschutz-4-pack\\\/#breadcrumb\",\"itemListElement\":[{\"@type\":\"ListItem\",\"position\":1,\"name\":\"Startseite\",\"item\":\"https:\\\/\\\/marktxxl.de\\\/markt\\\/\"},{\"@type\":\"ListItem\",\"position\":2,\"name\":\"Markt\",\"item\":\"https:\\\/\\\/marktxxl.de\\\/markt\\\/\"},{\"@type\":\"ListItem\",\"position\":3,\"name\":\"LUFF Lesebrille f\u00fcr Herren Damen &#8211; Dioptrien Blaulicht Brille Leichte Computerbrille Sehhilfe Augenoptik Round\u2026\"}]},{\"@type\":\"WebSite\",\"@id\":\"https:\\\/\\\/marktxxl.de\\\/markt\\\/#website\",\"url\":\"https:\\\/\\\/marktxxl.de\\\/markt\\\/\",\"name\":\"Markt-XXL\",\"description\":\"Ihr Markt Online\",\"publisher\":{\"@id\":\"https:\\\/\\\/marktxxl.de\\\/markt\\\/#organization\"},\"potentialAction\":[{\"@type\":\"SearchAction\",\"target\":{\"@type\":\"EntryPoint\",\"urlTemplate\":\"https:\\\/\\\/marktxxl.de\\\/markt\\\/?s={search_term_string}\"},\"query-input\":{\"@type\":\"PropertyValueSpecification\",\"valueRequired\":true,\"valueName\":\"search_term_string\"}}],\"inLanguage\":\"de\"},{\"@type\":\"Organization\",\"@id\":\"https:\\\/\\\/marktxxl.de\\\/markt\\\/#organization\",\"name\":\"Markt-XXL\",\"url\":\"https:\\\/\\\/marktxxl.de\\\/markt\\\/\",\"logo\":{\"@type\":\"ImageObject\",\"inLanguage\":\"de\",\"@id\":\"https:\\\/\\\/marktxxl.de\\\/markt\\\/#\\\/schema\\\/logo\\\/image\\\/\",\"url\":\"https:\\\/\\\/marktxxl.de\\\/markt\\\/wp-content\\\/uploads\\\/sites\\\/3\\\/2020\\\/12\\\/logo.png\",\"contentUrl\":\"https:\\\/\\\/marktxxl.de\\\/markt\\\/wp-content\\\/uploads\\\/sites\\\/3\\\/2020\\\/12\\\/logo.png\",\"width\":200,\"height\":70,\"caption\":\"Markt-XXL\"},\"image\":{\"@id\":\"https:\\\/\\\/marktxxl.de\\\/markt\\\/#\\\/schema\\\/logo\\\/image\\\/\"}}]}<\/script>\n<!-- \/ Yoast SEO plugin. -->","yoast_head_json":{"title":"LUFF Lesebrille f\u00fcr Herren Damen - Dioptrien Blaulicht Brille Leichte Computerbrille Sehhilfe Augenoptik Round\u2026 - Markt-XXL","description":"Markt-XXL LUFF Lesebrille f\u00fcr Herren Damen - Dioptrien Blaulicht Brille Leichte Computerbrille Sehhilfe Augenoptik Round\u2026","robots":{"index":"index","follow":"follow","max-snippet":"max-snippet:-1","max-image-preview":"max-image-preview:large","max-video-preview":"max-video-preview:-1"},"canonical":"https:\/\/marktxxl.de\/markt\/produkt\/luff-lesebrille-fuer-herren-damen-dioptrien-blaulicht-brille-leichte-computerbrille-sehhilfe-augenoptik-round-federscharnieren-rundes-uebergrosser-blendschutz-4-pack\/","og_locale":"de_DE","og_type":"article","og_title":"LUFF Lesebrille f\u00fcr Herren Damen - Dioptrien Blaulicht Brille Leichte Computerbrille Sehhilfe Augenoptik Round\u2026 - Markt-XXL","og_description":"Markt-XXL LUFF Lesebrille f\u00fcr Herren Damen - Dioptrien Blaulicht Brille Leichte Computerbrille Sehhilfe Augenoptik Round\u2026","og_url":"https:\/\/marktxxl.de\/markt\/produkt\/luff-lesebrille-fuer-herren-damen-dioptrien-blaulicht-brille-leichte-computerbrille-sehhilfe-augenoptik-round-federscharnieren-rundes-uebergrosser-blendschutz-4-pack\/","og_site_name":"Markt-XXL","article_modified_time":"2023-04-11T00:56:20+00:00","og_image":[{"width":500,"height":500,"url":"https:\/\/m.media-amazon.com\/images\/I\/41s-6Kv2LML._SL500_.jpg","type":"image\/jpeg"}],"twitter_card":"summary_large_image","twitter_misc":{"Gesch\u00e4tzte Lesezeit":"1\u00a0Minute"},"schema":{"@context":"https:\/\/schema.org","@graph":[{"@type":"WebPage","@id":"https:\/\/marktxxl.de\/markt\/produkt\/luff-lesebrille-fuer-herren-damen-dioptrien-blaulicht-brille-leichte-computerbrille-sehhilfe-augenoptik-round-federscharnieren-rundes-uebergrosser-blendschutz-4-pack\/","url":"https:\/\/marktxxl.de\/markt\/produkt\/luff-lesebrille-fuer-herren-damen-dioptrien-blaulicht-brille-leichte-computerbrille-sehhilfe-augenoptik-round-federscharnieren-rundes-uebergrosser-blendschutz-4-pack\/","name":"LUFF Lesebrille f\u00fcr Herren Damen - Dioptrien Blaulicht Brille Leichte Computerbrille Sehhilfe Augenoptik Round\u2026 - Markt-XXL","isPartOf":{"@id":"https:\/\/marktxxl.de\/markt\/#website"},"primaryImageOfPage":{"@id":"https:\/\/marktxxl.de\/markt\/produkt\/luff-lesebrille-fuer-herren-damen-dioptrien-blaulicht-brille-leichte-computerbrille-sehhilfe-augenoptik-round-federscharnieren-rundes-uebergrosser-blendschutz-4-pack\/#primaryimage"},"image":{"@id":"https:\/\/marktxxl.de\/markt\/produkt\/luff-lesebrille-fuer-herren-damen-dioptrien-blaulicht-brille-leichte-computerbrille-sehhilfe-augenoptik-round-federscharnieren-rundes-uebergrosser-blendschutz-4-pack\/#primaryimage"},"thumbnailUrl":"https:\/\/m.media-amazon.com\/images\/I\/41s-6Kv2LML._SL500_.jpg","datePublished":"2021-11-25T16:33:40+00:00","dateModified":"2023-04-11T00:56:20+00:00","description":"Markt-XXL LUFF Lesebrille f\u00fcr Herren Damen - Dioptrien Blaulicht Brille Leichte Computerbrille Sehhilfe Augenoptik Round\u2026","breadcrumb":{"@id":"https:\/\/marktxxl.de\/markt\/produkt\/luff-lesebrille-fuer-herren-damen-dioptrien-blaulicht-brille-leichte-computerbrille-sehhilfe-augenoptik-round-federscharnieren-rundes-uebergrosser-blendschutz-4-pack\/#breadcrumb"},"inLanguage":"de","potentialAction":[{"@type":"ReadAction","target":["https:\/\/marktxxl.de\/markt\/produkt\/luff-lesebrille-fuer-herren-damen-dioptrien-blaulicht-brille-leichte-computerbrille-sehhilfe-augenoptik-round-federscharnieren-rundes-uebergrosser-blendschutz-4-pack\/"]}]},{"@type":"ImageObject","inLanguage":"de","@id":"https:\/\/marktxxl.de\/markt\/produkt\/luff-lesebrille-fuer-herren-damen-dioptrien-blaulicht-brille-leichte-computerbrille-sehhilfe-augenoptik-round-federscharnieren-rundes-uebergrosser-blendschutz-4-pack\/#primaryimage","url":"https:\/\/m.media-amazon.com\/images\/I\/41s-6Kv2LML._SL500_.jpg","contentUrl":"https:\/\/m.media-amazon.com\/images\/I\/41s-6Kv2LML._SL500_.jpg","width":500,"height":500},{"@type":"BreadcrumbList","@id":"https:\/\/marktxxl.de\/markt\/produkt\/luff-lesebrille-fuer-herren-damen-dioptrien-blaulicht-brille-leichte-computerbrille-sehhilfe-augenoptik-round-federscharnieren-rundes-uebergrosser-blendschutz-4-pack\/#breadcrumb","itemListElement":[{"@type":"ListItem","position":1,"name":"Startseite","item":"https:\/\/marktxxl.de\/markt\/"},{"@type":"ListItem","position":2,"name":"Markt","item":"https:\/\/marktxxl.de\/markt\/"},{"@type":"ListItem","position":3,"name":"LUFF Lesebrille f\u00fcr Herren Damen &#8211; Dioptrien Blaulicht Brille Leichte Computerbrille Sehhilfe Augenoptik Round\u2026"}]},{"@type":"WebSite","@id":"https:\/\/marktxxl.de\/markt\/#website","url":"https:\/\/marktxxl.de\/markt\/","name":"Markt-XXL","description":"Ihr Markt Online","publisher":{"@id":"https:\/\/marktxxl.de\/markt\/#organization"},"potentialAction":[{"@type":"SearchAction","target":{"@type":"EntryPoint","urlTemplate":"https:\/\/marktxxl.de\/markt\/?s={search_term_string}"},"query-input":{"@type":"PropertyValueSpecification","valueRequired":true,"valueName":"search_term_string"}}],"inLanguage":"de"},{"@type":"Organization","@id":"https:\/\/marktxxl.de\/markt\/#organization","name":"Markt-XXL","url":"https:\/\/marktxxl.de\/markt\/","logo":{"@type":"ImageObject","inLanguage":"de","@id":"https:\/\/marktxxl.de\/markt\/#\/schema\/logo\/image\/","url":"https:\/\/marktxxl.de\/markt\/wp-content\/uploads\/sites\/3\/2020\/12\/logo.png","contentUrl":"https:\/\/marktxxl.de\/markt\/wp-content\/uploads\/sites\/3\/2020\/12\/logo.png","width":200,"height":70,"caption":"Markt-XXL"},"image":{"@id":"https:\/\/marktxxl.de\/markt\/#\/schema\/logo\/image\/"}}]}},"_links":{"self":[{"href":"https:\/\/marktxxl.de\/markt\/wp-json\/wp\/v2\/product\/80433","targetHints":{"allow":["GET"]}}],"collection":[{"href":"https:\/\/marktxxl.de\/markt\/wp-json\/wp\/v2\/product"}],"about":[{"href":"https:\/\/marktxxl.de\/markt\/wp-json\/wp\/v2\/types\/product"}],"replies":[{"embeddable":true,"href":"https:\/\/marktxxl.de\/markt\/wp-json\/wp\/v2\/comments?post=80433"}],"wp:featuredmedia":[{"embeddable":true,"href":"https:\/\/marktxxl.de\/markt\/wp-json\/wp\/v2\/media\/80434"}],"wp:attachment":[{"href":"https:\/\/marktxxl.de\/markt\/wp-json\/wp\/v2\/media?parent=80433"}],"wp:term":[{"taxonomy":"product_brand","embeddable":true,"href":"https:\/\/marktxxl.de\/markt\/wp-json\/wp\/v2\/product_brand?post=80433"},{"taxonomy":"product_cat","embeddable":true,"href":"https:\/\/marktxxl.de\/markt\/wp-json\/wp\/v2\/product_cat?post=80433"},{"taxonomy":"product_tag","embeddable":true,"href":"https:\/\/marktxxl.de\/markt\/wp-json\/wp\/v2\/product_tag?post=80433"}],"curies":[{"name":"wp","href":"https:\/\/api.w.org\/{rel}","templated":true}]}}