{"id":80380,"date":"2021-11-25T17:30:55","date_gmt":"2021-11-25T16:30:55","guid":{"rendered":"https:\/\/marktxxl.de\/markt\/produkt\/marida-kids-blaulichtbrille-quadratischer-flexibler-tr90-rahmen-anti-blaulicht-anti-blend-anti-blend-anti-uv-alter-4-10-blau\/"},"modified":"2023-04-11T02:56:19","modified_gmt":"2023-04-11T00:56:19","slug":"marida-kids-blaulichtbrille-quadratischer-flexibler-tr90-rahmen-anti-blaulicht-anti-blend-anti-blend-anti-uv-alter-4-10-blau","status":"publish","type":"product","link":"https:\/\/marktxxl.de\/markt\/produkt\/marida-kids-blaulichtbrille-quadratischer-flexibler-tr90-rahmen-anti-blaulicht-anti-blend-anti-blend-anti-uv-alter-4-10-blau\/","title":{"rendered":"MARIDA Kids Blaulichtbrille, quadratischer Flexibler TR90-Rahmen, Anti-Blaulicht-Anti-Blend-Anti-Blend-Anti-UV-Alter 4\u2026"},"content":{"rendered":"<p>\u3010Augenschutz, Verringerung der \u00dcberanstrengung der Augen\u3011: Eine MARIDA-Computerbrille f\u00fcr Kinder mit 100% UV400-Schutz kann sch\u00e4dliches blaues Licht von Mobiltelefonen, Computern, Fernsehger\u00e4ten, LED-Leuchten und anderen elektronischen Produkten wirksam blockieren. Sie bieten auch eine hohe Farbwiederherstellung und ein gutes visuelles Erlebnis.<br \/>\n\u3010TR90-Rahmen\u3011: MARIDA-Blaulichtbrillen f\u00fcr Kinder bestehen aus TR90, einem sehr weichen Material. Sie verf\u00fcgen auch \u00fcber Federscharniere, die sie f\u00fcr die meisten Gesichtsformen geeignet machen und das Gesicht von Kindern nicht dr\u00fccken. Weiche Nasenpads aus Kieselgel reduzieren die Belastung der Nase und verhindern rote Drucke. Hochwertige B\u00fcgelfu\u00dfabdeckungen erh\u00f6hen die Reibung und verhindern ein Verrutschen.<br \/>\n\u3010Mehrere Funktionen\u3011 Diese Blaulicht-Schutzbrille f\u00fcr Kinder wirkt gegen Blaulicht und Blendung, wodurch trockene, m\u00fcde Augen und verschwommenes Sehen effektiv gelindert werden. Die sch\u00f6ne und niedliche Form und das kontrastfarbene Design machen es sehr gut f\u00fcr Ihre Kinder geeignet.<br \/>\n\u3010Gr\u00f6\u00dfe der MERIDA Kids Blaulicht-Schutzbrille\u3011: Linsenbreite 46 mm, Br\u00fccke 16 mm, B\u00fcgel 130 mm. Diese Brille passt im Allgemeinen f\u00fcr Jungen und M\u00e4dchen im Alter von 3 bis 12 Jahren.<br \/>\n\u3010Lebenslange Garantie und 30-t\u00e4gige Geld-zur\u00fcck-Garantie\u3011 MARIDA bietet lebenslangen Kundendienst f\u00fcr alle MARIDA-Produkte. Alle Kunden k\u00f6nnen zur\u00fcckkehren und eine R\u00fcckerstattung erhalten, falls der Kauf aus irgendeinem Grund nicht zufriedenstellend ist. Sie haben kein Risiko, es zu versuchen.<br \/>\n<div class=\"main-cross-sell\" data-asin=\"B094QT2VCB\">\n\n\t<div class=\"WooZone-cross-sell-loader\">\n\t\t<div>\n\t\t\t<div id=\"floatingBarsG\">\n\t\t\t\t<div class=\"blockG\" id=\"rotateG_01\"><\/div>\n\t\t\t\t<div class=\"blockG\" id=\"rotateG_02\"><\/div>\n\t\t\t\t<div class=\"blockG\" id=\"rotateG_03\"><\/div>\n\t\t\t\t<div class=\"blockG\" id=\"rotateG_04\"><\/div>\n\t\t\t\t<div class=\"blockG\" id=\"rotateG_05\"><\/div>\n\t\t\t\t<div class=\"blockG\" id=\"rotateG_06\"><\/div>\n\t\t\t\t<div class=\"blockG\" id=\"rotateG_07\"><\/div>\n\t\t\t\t<div class=\"blockG\" id=\"rotateG_08\"><\/div>\n\t\t\t<\/div>\n\t\t\t<div class=\"WooZone-cross-sell-loader-text\"><\/div>\n\t\t<\/div>\n\t<\/div>\n\n\t\t\n<\/div>\n<div style=\"clear:both;\"><\/div><\/p>\n","protected":false},"excerpt":{"rendered":"<p>\u3010Augenschutz, Verringerung der \u00dcberanstrengung der Augen\u3011: Eine MARIDA-Computerbrille f\u00fcr Kinder mit 100% UV400-Schutz kann sch\u00e4dliches blaues Licht von Mobiltelefonen, Computern, Fernsehger\u00e4ten, LED-Leuchten und anderen elektronischen Produkten wirksam blockieren. Sie bieten auch eine hohe Farbwiederherstellung und ein gutes visuelles Erlebnis.<br \/>\n\u3010TR90-Rahmen\u3011: MARIDA-Blaulichtbrillen f\u00fcr Kinder bestehen aus TR90, einem sehr weichen Material. Sie verf\u00fcgen auch \u00fcber Federscharniere, die sie f\u00fcr die meisten Gesichtsformen geeignet machen und das Gesicht von Kindern nicht dr\u00fccken. Weiche Nasenpads aus Kieselgel reduzieren die Belastung der Nase und verhindern rote Drucke. Hochwertige B\u00fcgelfu\u00dfabdeckungen erh\u00f6hen die Reibung und verhindern ein Verrutschen.<br \/>\n\u3010Mehrere Funktionen\u3011 Diese Blaulicht-Schutzbrille f\u00fcr Kinder wirkt gegen Blaulicht und Blendung, wodurch trockene, m\u00fcde Augen und verschwommenes Sehen effektiv gelindert werden. Die sch\u00f6ne und niedliche Form und das kontrastfarbene Design machen es sehr gut f\u00fcr Ihre Kinder geeignet.<\/p>\n","protected":false},"featured_media":80381,"comment_status":"open","ping_status":"closed","template":"","meta":[],"product_brand":[],"product_cat":[566,5775],"product_tag":[],"class_list":{"0":"post-80380","1":"product","2":"type-product","3":"status-publish","4":"has-post-thumbnail","6":"product_cat-drogerie-koerperpflege","7":"product_cat-kontaktlinsen-brillen","8":"pa_binding-elektronik","9":"pa_brand-marida","10":"pa_manufacturer-marida","12":"first","13":"instock","14":"shipping-taxable","15":"purchasable","16":"product-type-simple","17":"customify-col","18":"product-has-gallery"},"yoast_head":"<!-- This site is optimized with the Yoast SEO plugin v27.4 - https:\/\/yoast.com\/product\/yoast-seo-wordpress\/ -->\n<title>MARIDA Kids Blaulichtbrille, quadratischer Flexibler TR90-Rahmen, Anti-Blaulicht-Anti-Blend-Anti-Blend-Anti-UV-Alter 4\u2026 - Markt-XXL<\/title>\n<meta name=\"description\" content=\"Markt-XXL MARIDA Kids Blaulichtbrille, quadratischer Flexibler TR90-Rahmen, Anti-Blaulicht-Anti-Blend-Anti-Blend-Anti-UV-Alter 4\u2026\" \/>\n<meta name=\"robots\" content=\"index, follow, max-snippet:-1, max-image-preview:large, max-video-preview:-1\" \/>\n<link rel=\"canonical\" href=\"https:\/\/marktxxl.de\/markt\/produkt\/marida-kids-blaulichtbrille-quadratischer-flexibler-tr90-rahmen-anti-blaulicht-anti-blend-anti-blend-anti-uv-alter-4-10-blau\/\" \/>\n<meta property=\"og:locale\" content=\"de_DE\" \/>\n<meta property=\"og:type\" content=\"article\" \/>\n<meta property=\"og:title\" content=\"MARIDA Kids Blaulichtbrille, quadratischer Flexibler TR90-Rahmen, Anti-Blaulicht-Anti-Blend-Anti-Blend-Anti-UV-Alter 4\u2026 - Markt-XXL\" \/>\n<meta property=\"og:description\" content=\"Markt-XXL MARIDA Kids Blaulichtbrille, quadratischer Flexibler TR90-Rahmen, Anti-Blaulicht-Anti-Blend-Anti-Blend-Anti-UV-Alter 4\u2026\" \/>\n<meta property=\"og:url\" content=\"https:\/\/marktxxl.de\/markt\/produkt\/marida-kids-blaulichtbrille-quadratischer-flexibler-tr90-rahmen-anti-blaulicht-anti-blend-anti-blend-anti-uv-alter-4-10-blau\/\" \/>\n<meta property=\"og:site_name\" content=\"Markt-XXL\" \/>\n<meta property=\"article:modified_time\" content=\"2023-04-11T00:56:19+00:00\" \/>\n<meta property=\"og:image\" content=\"https:\/\/m.media-amazon.com\/images\/I\/31GNiRK1mwL._SL500_.jpg\" \/>\n\t<meta property=\"og:image:width\" content=\"500\" \/>\n\t<meta property=\"og:image:height\" content=\"500\" \/>\n\t<meta property=\"og:image:type\" content=\"image\/jpeg\" \/>\n<meta name=\"twitter:card\" content=\"summary_large_image\" \/>\n<meta name=\"twitter:label1\" content=\"Gesch\u00e4tzte Lesezeit\" \/>\n\t<meta name=\"twitter:data1\" content=\"1\u00a0Minute\" \/>\n<script type=\"application\/ld+json\" class=\"yoast-schema-graph\">{\"@context\":\"https:\\\/\\\/schema.org\",\"@graph\":[{\"@type\":\"WebPage\",\"@id\":\"https:\\\/\\\/marktxxl.de\\\/markt\\\/produkt\\\/marida-kids-blaulichtbrille-quadratischer-flexibler-tr90-rahmen-anti-blaulicht-anti-blend-anti-blend-anti-uv-alter-4-10-blau\\\/\",\"url\":\"https:\\\/\\\/marktxxl.de\\\/markt\\\/produkt\\\/marida-kids-blaulichtbrille-quadratischer-flexibler-tr90-rahmen-anti-blaulicht-anti-blend-anti-blend-anti-uv-alter-4-10-blau\\\/\",\"name\":\"MARIDA Kids Blaulichtbrille, quadratischer Flexibler TR90-Rahmen, Anti-Blaulicht-Anti-Blend-Anti-Blend-Anti-UV-Alter 4\u2026 - Markt-XXL\",\"isPartOf\":{\"@id\":\"https:\\\/\\\/marktxxl.de\\\/markt\\\/#website\"},\"primaryImageOfPage\":{\"@id\":\"https:\\\/\\\/marktxxl.de\\\/markt\\\/produkt\\\/marida-kids-blaulichtbrille-quadratischer-flexibler-tr90-rahmen-anti-blaulicht-anti-blend-anti-blend-anti-uv-alter-4-10-blau\\\/#primaryimage\"},\"image\":{\"@id\":\"https:\\\/\\\/marktxxl.de\\\/markt\\\/produkt\\\/marida-kids-blaulichtbrille-quadratischer-flexibler-tr90-rahmen-anti-blaulicht-anti-blend-anti-blend-anti-uv-alter-4-10-blau\\\/#primaryimage\"},\"thumbnailUrl\":\"https:\\\/\\\/m.media-amazon.com\\\/images\\\/I\\\/31GNiRK1mwL._SL500_.jpg\",\"datePublished\":\"2021-11-25T16:30:55+00:00\",\"dateModified\":\"2023-04-11T00:56:19+00:00\",\"description\":\"Markt-XXL MARIDA Kids Blaulichtbrille, quadratischer Flexibler TR90-Rahmen, Anti-Blaulicht-Anti-Blend-Anti-Blend-Anti-UV-Alter 4\u2026\",\"breadcrumb\":{\"@id\":\"https:\\\/\\\/marktxxl.de\\\/markt\\\/produkt\\\/marida-kids-blaulichtbrille-quadratischer-flexibler-tr90-rahmen-anti-blaulicht-anti-blend-anti-blend-anti-uv-alter-4-10-blau\\\/#breadcrumb\"},\"inLanguage\":\"de\",\"potentialAction\":[{\"@type\":\"ReadAction\",\"target\":[\"https:\\\/\\\/marktxxl.de\\\/markt\\\/produkt\\\/marida-kids-blaulichtbrille-quadratischer-flexibler-tr90-rahmen-anti-blaulicht-anti-blend-anti-blend-anti-uv-alter-4-10-blau\\\/\"]}]},{\"@type\":\"ImageObject\",\"inLanguage\":\"de\",\"@id\":\"https:\\\/\\\/marktxxl.de\\\/markt\\\/produkt\\\/marida-kids-blaulichtbrille-quadratischer-flexibler-tr90-rahmen-anti-blaulicht-anti-blend-anti-blend-anti-uv-alter-4-10-blau\\\/#primaryimage\",\"url\":\"https:\\\/\\\/m.media-amazon.com\\\/images\\\/I\\\/31GNiRK1mwL._SL500_.jpg\",\"contentUrl\":\"https:\\\/\\\/m.media-amazon.com\\\/images\\\/I\\\/31GNiRK1mwL._SL500_.jpg\",\"width\":500,\"height\":500},{\"@type\":\"BreadcrumbList\",\"@id\":\"https:\\\/\\\/marktxxl.de\\\/markt\\\/produkt\\\/marida-kids-blaulichtbrille-quadratischer-flexibler-tr90-rahmen-anti-blaulicht-anti-blend-anti-blend-anti-uv-alter-4-10-blau\\\/#breadcrumb\",\"itemListElement\":[{\"@type\":\"ListItem\",\"position\":1,\"name\":\"Startseite\",\"item\":\"https:\\\/\\\/marktxxl.de\\\/markt\\\/\"},{\"@type\":\"ListItem\",\"position\":2,\"name\":\"Markt\",\"item\":\"https:\\\/\\\/marktxxl.de\\\/markt\\\/\"},{\"@type\":\"ListItem\",\"position\":3,\"name\":\"MARIDA Kids Blaulichtbrille, quadratischer Flexibler TR90-Rahmen, Anti-Blaulicht-Anti-Blend-Anti-Blend-Anti-UV-Alter 4\u2026\"}]},{\"@type\":\"WebSite\",\"@id\":\"https:\\\/\\\/marktxxl.de\\\/markt\\\/#website\",\"url\":\"https:\\\/\\\/marktxxl.de\\\/markt\\\/\",\"name\":\"Markt-XXL\",\"description\":\"Ihr Markt Online\",\"publisher\":{\"@id\":\"https:\\\/\\\/marktxxl.de\\\/markt\\\/#organization\"},\"potentialAction\":[{\"@type\":\"SearchAction\",\"target\":{\"@type\":\"EntryPoint\",\"urlTemplate\":\"https:\\\/\\\/marktxxl.de\\\/markt\\\/?s={search_term_string}\"},\"query-input\":{\"@type\":\"PropertyValueSpecification\",\"valueRequired\":true,\"valueName\":\"search_term_string\"}}],\"inLanguage\":\"de\"},{\"@type\":\"Organization\",\"@id\":\"https:\\\/\\\/marktxxl.de\\\/markt\\\/#organization\",\"name\":\"Markt-XXL\",\"url\":\"https:\\\/\\\/marktxxl.de\\\/markt\\\/\",\"logo\":{\"@type\":\"ImageObject\",\"inLanguage\":\"de\",\"@id\":\"https:\\\/\\\/marktxxl.de\\\/markt\\\/#\\\/schema\\\/logo\\\/image\\\/\",\"url\":\"https:\\\/\\\/marktxxl.de\\\/markt\\\/wp-content\\\/uploads\\\/sites\\\/3\\\/2020\\\/12\\\/logo.png\",\"contentUrl\":\"https:\\\/\\\/marktxxl.de\\\/markt\\\/wp-content\\\/uploads\\\/sites\\\/3\\\/2020\\\/12\\\/logo.png\",\"width\":200,\"height\":70,\"caption\":\"Markt-XXL\"},\"image\":{\"@id\":\"https:\\\/\\\/marktxxl.de\\\/markt\\\/#\\\/schema\\\/logo\\\/image\\\/\"}}]}<\/script>\n<!-- \/ Yoast SEO plugin. -->","yoast_head_json":{"title":"MARIDA Kids Blaulichtbrille, quadratischer Flexibler TR90-Rahmen, Anti-Blaulicht-Anti-Blend-Anti-Blend-Anti-UV-Alter 4\u2026 - Markt-XXL","description":"Markt-XXL MARIDA Kids Blaulichtbrille, quadratischer Flexibler TR90-Rahmen, Anti-Blaulicht-Anti-Blend-Anti-Blend-Anti-UV-Alter 4\u2026","robots":{"index":"index","follow":"follow","max-snippet":"max-snippet:-1","max-image-preview":"max-image-preview:large","max-video-preview":"max-video-preview:-1"},"canonical":"https:\/\/marktxxl.de\/markt\/produkt\/marida-kids-blaulichtbrille-quadratischer-flexibler-tr90-rahmen-anti-blaulicht-anti-blend-anti-blend-anti-uv-alter-4-10-blau\/","og_locale":"de_DE","og_type":"article","og_title":"MARIDA Kids Blaulichtbrille, quadratischer Flexibler TR90-Rahmen, Anti-Blaulicht-Anti-Blend-Anti-Blend-Anti-UV-Alter 4\u2026 - Markt-XXL","og_description":"Markt-XXL MARIDA Kids Blaulichtbrille, quadratischer Flexibler TR90-Rahmen, Anti-Blaulicht-Anti-Blend-Anti-Blend-Anti-UV-Alter 4\u2026","og_url":"https:\/\/marktxxl.de\/markt\/produkt\/marida-kids-blaulichtbrille-quadratischer-flexibler-tr90-rahmen-anti-blaulicht-anti-blend-anti-blend-anti-uv-alter-4-10-blau\/","og_site_name":"Markt-XXL","article_modified_time":"2023-04-11T00:56:19+00:00","og_image":[{"width":500,"height":500,"url":"https:\/\/m.media-amazon.com\/images\/I\/31GNiRK1mwL._SL500_.jpg","type":"image\/jpeg"}],"twitter_card":"summary_large_image","twitter_misc":{"Gesch\u00e4tzte Lesezeit":"1\u00a0Minute"},"schema":{"@context":"https:\/\/schema.org","@graph":[{"@type":"WebPage","@id":"https:\/\/marktxxl.de\/markt\/produkt\/marida-kids-blaulichtbrille-quadratischer-flexibler-tr90-rahmen-anti-blaulicht-anti-blend-anti-blend-anti-uv-alter-4-10-blau\/","url":"https:\/\/marktxxl.de\/markt\/produkt\/marida-kids-blaulichtbrille-quadratischer-flexibler-tr90-rahmen-anti-blaulicht-anti-blend-anti-blend-anti-uv-alter-4-10-blau\/","name":"MARIDA Kids Blaulichtbrille, quadratischer Flexibler TR90-Rahmen, Anti-Blaulicht-Anti-Blend-Anti-Blend-Anti-UV-Alter 4\u2026 - Markt-XXL","isPartOf":{"@id":"https:\/\/marktxxl.de\/markt\/#website"},"primaryImageOfPage":{"@id":"https:\/\/marktxxl.de\/markt\/produkt\/marida-kids-blaulichtbrille-quadratischer-flexibler-tr90-rahmen-anti-blaulicht-anti-blend-anti-blend-anti-uv-alter-4-10-blau\/#primaryimage"},"image":{"@id":"https:\/\/marktxxl.de\/markt\/produkt\/marida-kids-blaulichtbrille-quadratischer-flexibler-tr90-rahmen-anti-blaulicht-anti-blend-anti-blend-anti-uv-alter-4-10-blau\/#primaryimage"},"thumbnailUrl":"https:\/\/m.media-amazon.com\/images\/I\/31GNiRK1mwL._SL500_.jpg","datePublished":"2021-11-25T16:30:55+00:00","dateModified":"2023-04-11T00:56:19+00:00","description":"Markt-XXL MARIDA Kids Blaulichtbrille, quadratischer Flexibler TR90-Rahmen, Anti-Blaulicht-Anti-Blend-Anti-Blend-Anti-UV-Alter 4\u2026","breadcrumb":{"@id":"https:\/\/marktxxl.de\/markt\/produkt\/marida-kids-blaulichtbrille-quadratischer-flexibler-tr90-rahmen-anti-blaulicht-anti-blend-anti-blend-anti-uv-alter-4-10-blau\/#breadcrumb"},"inLanguage":"de","potentialAction":[{"@type":"ReadAction","target":["https:\/\/marktxxl.de\/markt\/produkt\/marida-kids-blaulichtbrille-quadratischer-flexibler-tr90-rahmen-anti-blaulicht-anti-blend-anti-blend-anti-uv-alter-4-10-blau\/"]}]},{"@type":"ImageObject","inLanguage":"de","@id":"https:\/\/marktxxl.de\/markt\/produkt\/marida-kids-blaulichtbrille-quadratischer-flexibler-tr90-rahmen-anti-blaulicht-anti-blend-anti-blend-anti-uv-alter-4-10-blau\/#primaryimage","url":"https:\/\/m.media-amazon.com\/images\/I\/31GNiRK1mwL._SL500_.jpg","contentUrl":"https:\/\/m.media-amazon.com\/images\/I\/31GNiRK1mwL._SL500_.jpg","width":500,"height":500},{"@type":"BreadcrumbList","@id":"https:\/\/marktxxl.de\/markt\/produkt\/marida-kids-blaulichtbrille-quadratischer-flexibler-tr90-rahmen-anti-blaulicht-anti-blend-anti-blend-anti-uv-alter-4-10-blau\/#breadcrumb","itemListElement":[{"@type":"ListItem","position":1,"name":"Startseite","item":"https:\/\/marktxxl.de\/markt\/"},{"@type":"ListItem","position":2,"name":"Markt","item":"https:\/\/marktxxl.de\/markt\/"},{"@type":"ListItem","position":3,"name":"MARIDA Kids Blaulichtbrille, quadratischer Flexibler TR90-Rahmen, Anti-Blaulicht-Anti-Blend-Anti-Blend-Anti-UV-Alter 4\u2026"}]},{"@type":"WebSite","@id":"https:\/\/marktxxl.de\/markt\/#website","url":"https:\/\/marktxxl.de\/markt\/","name":"Markt-XXL","description":"Ihr Markt Online","publisher":{"@id":"https:\/\/marktxxl.de\/markt\/#organization"},"potentialAction":[{"@type":"SearchAction","target":{"@type":"EntryPoint","urlTemplate":"https:\/\/marktxxl.de\/markt\/?s={search_term_string}"},"query-input":{"@type":"PropertyValueSpecification","valueRequired":true,"valueName":"search_term_string"}}],"inLanguage":"de"},{"@type":"Organization","@id":"https:\/\/marktxxl.de\/markt\/#organization","name":"Markt-XXL","url":"https:\/\/marktxxl.de\/markt\/","logo":{"@type":"ImageObject","inLanguage":"de","@id":"https:\/\/marktxxl.de\/markt\/#\/schema\/logo\/image\/","url":"https:\/\/marktxxl.de\/markt\/wp-content\/uploads\/sites\/3\/2020\/12\/logo.png","contentUrl":"https:\/\/marktxxl.de\/markt\/wp-content\/uploads\/sites\/3\/2020\/12\/logo.png","width":200,"height":70,"caption":"Markt-XXL"},"image":{"@id":"https:\/\/marktxxl.de\/markt\/#\/schema\/logo\/image\/"}}]}},"_links":{"self":[{"href":"https:\/\/marktxxl.de\/markt\/wp-json\/wp\/v2\/product\/80380","targetHints":{"allow":["GET"]}}],"collection":[{"href":"https:\/\/marktxxl.de\/markt\/wp-json\/wp\/v2\/product"}],"about":[{"href":"https:\/\/marktxxl.de\/markt\/wp-json\/wp\/v2\/types\/product"}],"replies":[{"embeddable":true,"href":"https:\/\/marktxxl.de\/markt\/wp-json\/wp\/v2\/comments?post=80380"}],"wp:featuredmedia":[{"embeddable":true,"href":"https:\/\/marktxxl.de\/markt\/wp-json\/wp\/v2\/media\/80381"}],"wp:attachment":[{"href":"https:\/\/marktxxl.de\/markt\/wp-json\/wp\/v2\/media?parent=80380"}],"wp:term":[{"taxonomy":"product_brand","embeddable":true,"href":"https:\/\/marktxxl.de\/markt\/wp-json\/wp\/v2\/product_brand?post=80380"},{"taxonomy":"product_cat","embeddable":true,"href":"https:\/\/marktxxl.de\/markt\/wp-json\/wp\/v2\/product_cat?post=80380"},{"taxonomy":"product_tag","embeddable":true,"href":"https:\/\/marktxxl.de\/markt\/wp-json\/wp\/v2\/product_tag?post=80380"}],"curies":[{"name":"wp","href":"https:\/\/api.w.org\/{rel}","templated":true}]}}