{"id":80345,"date":"2021-11-25T17:30:34","date_gmt":"2021-11-25T16:30:34","guid":{"rendered":"https:\/\/marktxxl.de\/markt\/produkt\/original-freiblick-brillenbadklassik-1-2-set-schuettelbad-inkl-50ml-spezialreiniger-farbe-waehlbar\/"},"modified":"2023-04-10T02:47:26","modified_gmt":"2023-04-10T00:47:26","slug":"original-freiblick-brillenbadklassik-1-2-set-schuettelbad-inkl-50ml-spezialreiniger-farbe-waehlbar","status":"publish","type":"product","link":"https:\/\/marktxxl.de\/markt\/produkt\/original-freiblick-brillenbadklassik-1-2-set-schuettelbad-inkl-50ml-spezialreiniger-farbe-waehlbar\/","title":{"rendered":"Original freiblick Brillenbad &#8220;Klassik 1.2&#8221; SET | Sch\u00fcttelbad inkl. 50ml Spezialreiniger (blau)"},"content":{"rendered":"<p>Perfekte Sauberkeit und brilliante Klarheit auch an schwer zug\u00e4nglichen Stellen.<br \/>\nMaterialschonend, pflegend und unkompliziert in der Anwendung.<br \/>\nSehr schonender Spezialreiniger f\u00fcr Brillengl\u00e4ser und Brillenfassungen aller Art.<br \/>\nSET beinhaltet das Original-Sch\u00fcttelbad der neuesten Generation &#8220;Klassik 1.2&#8221; und das \u00e4u\u00dferst ergiebige Konzentrat (50ml).<br \/>\nErh\u00e4ltlich in 5 verschiedenen Deckelfarben (orange, pink, grau, transparent und blau) &#8211; Bitte w\u00e4hlen Sie die gew\u00fcnschte Farbe.<br \/>\n<div class=\"main-cross-sell\" data-asin=\"B01MU5HHTZ\">\n\n\t<div class=\"WooZone-cross-sell-loader\">\n\t\t<div>\n\t\t\t<div id=\"floatingBarsG\">\n\t\t\t\t<div class=\"blockG\" id=\"rotateG_01\"><\/div>\n\t\t\t\t<div class=\"blockG\" id=\"rotateG_02\"><\/div>\n\t\t\t\t<div class=\"blockG\" id=\"rotateG_03\"><\/div>\n\t\t\t\t<div class=\"blockG\" id=\"rotateG_04\"><\/div>\n\t\t\t\t<div class=\"blockG\" id=\"rotateG_05\"><\/div>\n\t\t\t\t<div class=\"blockG\" id=\"rotateG_06\"><\/div>\n\t\t\t\t<div class=\"blockG\" id=\"rotateG_07\"><\/div>\n\t\t\t\t<div class=\"blockG\" id=\"rotateG_08\"><\/div>\n\t\t\t<\/div>\n\t\t\t<div class=\"WooZone-cross-sell-loader-text\"><\/div>\n\t\t<\/div>\n\t<\/div>\n\n\t\t\n<\/div>\n<div style=\"clear:both;\"><\/div><\/p>\n","protected":false},"excerpt":{"rendered":"<p>Perfekte Sauberkeit und brilliante Klarheit auch an schwer zug\u00e4nglichen Stellen.<br \/>\nMaterialschonend, pflegend und unkompliziert in der Anwendung.<br \/>\nSehr schonender Spezialreiniger f\u00fcr Brillengl\u00e4ser und Brillenfassungen aller Art.<\/p>\n","protected":false},"featured_media":80346,"comment_status":"open","ping_status":"closed","template":"","meta":[],"product_brand":[],"product_cat":[566,5775],"product_tag":[],"class_list":{"0":"post-80345","1":"product","2":"type-product","3":"status-publish","4":"has-post-thumbnail","6":"product_cat-drogerie-koerperpflege","7":"product_cat-kontaktlinsen-brillen","8":"pa_binding-badartikel","9":"pa_brand-freise-sohn-optikprodukte","10":"pa_manufacturer-freise-sohn-optikprodukte","12":"first","13":"instock","14":"shipping-taxable","15":"purchasable","16":"product-type-simple","17":"customify-col","18":"product-has-gallery"},"yoast_head":"<!-- This site is optimized with the Yoast SEO plugin v27.4 - https:\/\/yoast.com\/product\/yoast-seo-wordpress\/ -->\n<title>Original freiblick Brillenbad &quot;Klassik 1.2&quot; SET | Sch\u00fcttelbad inkl. 50ml Spezialreiniger (blau) - Markt-XXL<\/title>\n<meta name=\"description\" content=\"Markt-XXL Original freiblick Brillenbad &quot;Klassik 1.2&quot; SET | Sch\u00fcttelbad inkl. 50ml Spezialreiniger (blau)\" \/>\n<meta name=\"robots\" content=\"index, follow, max-snippet:-1, max-image-preview:large, max-video-preview:-1\" \/>\n<link rel=\"canonical\" href=\"https:\/\/marktxxl.de\/markt\/produkt\/original-freiblick-brillenbadklassik-1-2-set-schuettelbad-inkl-50ml-spezialreiniger-farbe-waehlbar\/\" \/>\n<meta property=\"og:locale\" content=\"de_DE\" \/>\n<meta property=\"og:type\" content=\"article\" \/>\n<meta property=\"og:title\" content=\"Original freiblick Brillenbad &quot;Klassik 1.2&quot; SET | Sch\u00fcttelbad inkl. 50ml Spezialreiniger (blau) - Markt-XXL\" \/>\n<meta property=\"og:description\" content=\"Markt-XXL Original freiblick Brillenbad &quot;Klassik 1.2&quot; SET | Sch\u00fcttelbad inkl. 50ml Spezialreiniger (blau)\" \/>\n<meta property=\"og:url\" content=\"https:\/\/marktxxl.de\/markt\/produkt\/original-freiblick-brillenbadklassik-1-2-set-schuettelbad-inkl-50ml-spezialreiniger-farbe-waehlbar\/\" \/>\n<meta property=\"og:site_name\" content=\"Markt-XXL\" \/>\n<meta property=\"article:modified_time\" content=\"2023-04-10T00:47:26+00:00\" \/>\n<meta property=\"og:image\" content=\"https:\/\/m.media-amazon.com\/images\/I\/31SJwuEQaLL._SL500_.jpg\" \/>\n\t<meta property=\"og:image:width\" content=\"500\" \/>\n\t<meta property=\"og:image:height\" content=\"500\" \/>\n\t<meta property=\"og:image:type\" content=\"image\/jpeg\" \/>\n<meta name=\"twitter:card\" content=\"summary_large_image\" \/>\n<script type=\"application\/ld+json\" class=\"yoast-schema-graph\">{\"@context\":\"https:\\\/\\\/schema.org\",\"@graph\":[{\"@type\":\"WebPage\",\"@id\":\"https:\\\/\\\/marktxxl.de\\\/markt\\\/produkt\\\/original-freiblick-brillenbadklassik-1-2-set-schuettelbad-inkl-50ml-spezialreiniger-farbe-waehlbar\\\/\",\"url\":\"https:\\\/\\\/marktxxl.de\\\/markt\\\/produkt\\\/original-freiblick-brillenbadklassik-1-2-set-schuettelbad-inkl-50ml-spezialreiniger-farbe-waehlbar\\\/\",\"name\":\"Original freiblick Brillenbad \\\"Klassik 1.2\\\" SET | Sch\u00fcttelbad inkl. 50ml Spezialreiniger (blau) - Markt-XXL\",\"isPartOf\":{\"@id\":\"https:\\\/\\\/marktxxl.de\\\/markt\\\/#website\"},\"primaryImageOfPage\":{\"@id\":\"https:\\\/\\\/marktxxl.de\\\/markt\\\/produkt\\\/original-freiblick-brillenbadklassik-1-2-set-schuettelbad-inkl-50ml-spezialreiniger-farbe-waehlbar\\\/#primaryimage\"},\"image\":{\"@id\":\"https:\\\/\\\/marktxxl.de\\\/markt\\\/produkt\\\/original-freiblick-brillenbadklassik-1-2-set-schuettelbad-inkl-50ml-spezialreiniger-farbe-waehlbar\\\/#primaryimage\"},\"thumbnailUrl\":\"https:\\\/\\\/m.media-amazon.com\\\/images\\\/I\\\/31SJwuEQaLL._SL500_.jpg\",\"datePublished\":\"2021-11-25T16:30:34+00:00\",\"dateModified\":\"2023-04-10T00:47:26+00:00\",\"description\":\"Markt-XXL Original freiblick Brillenbad \\\"Klassik 1.2\\\" SET | Sch\u00fcttelbad inkl. 50ml Spezialreiniger (blau)\",\"breadcrumb\":{\"@id\":\"https:\\\/\\\/marktxxl.de\\\/markt\\\/produkt\\\/original-freiblick-brillenbadklassik-1-2-set-schuettelbad-inkl-50ml-spezialreiniger-farbe-waehlbar\\\/#breadcrumb\"},\"inLanguage\":\"de\",\"potentialAction\":[{\"@type\":\"ReadAction\",\"target\":[\"https:\\\/\\\/marktxxl.de\\\/markt\\\/produkt\\\/original-freiblick-brillenbadklassik-1-2-set-schuettelbad-inkl-50ml-spezialreiniger-farbe-waehlbar\\\/\"]}]},{\"@type\":\"ImageObject\",\"inLanguage\":\"de\",\"@id\":\"https:\\\/\\\/marktxxl.de\\\/markt\\\/produkt\\\/original-freiblick-brillenbadklassik-1-2-set-schuettelbad-inkl-50ml-spezialreiniger-farbe-waehlbar\\\/#primaryimage\",\"url\":\"https:\\\/\\\/m.media-amazon.com\\\/images\\\/I\\\/31SJwuEQaLL._SL500_.jpg\",\"contentUrl\":\"https:\\\/\\\/m.media-amazon.com\\\/images\\\/I\\\/31SJwuEQaLL._SL500_.jpg\",\"width\":500,\"height\":500},{\"@type\":\"BreadcrumbList\",\"@id\":\"https:\\\/\\\/marktxxl.de\\\/markt\\\/produkt\\\/original-freiblick-brillenbadklassik-1-2-set-schuettelbad-inkl-50ml-spezialreiniger-farbe-waehlbar\\\/#breadcrumb\",\"itemListElement\":[{\"@type\":\"ListItem\",\"position\":1,\"name\":\"Startseite\",\"item\":\"https:\\\/\\\/marktxxl.de\\\/markt\\\/\"},{\"@type\":\"ListItem\",\"position\":2,\"name\":\"Markt\",\"item\":\"https:\\\/\\\/marktxxl.de\\\/markt\\\/\"},{\"@type\":\"ListItem\",\"position\":3,\"name\":\"Original freiblick Brillenbad &#8220;Klassik 1.2&#8221; SET | Sch\u00fcttelbad inkl. 50ml Spezialreiniger (blau)\"}]},{\"@type\":\"WebSite\",\"@id\":\"https:\\\/\\\/marktxxl.de\\\/markt\\\/#website\",\"url\":\"https:\\\/\\\/marktxxl.de\\\/markt\\\/\",\"name\":\"Markt-XXL\",\"description\":\"Ihr Markt Online\",\"publisher\":{\"@id\":\"https:\\\/\\\/marktxxl.de\\\/markt\\\/#organization\"},\"potentialAction\":[{\"@type\":\"SearchAction\",\"target\":{\"@type\":\"EntryPoint\",\"urlTemplate\":\"https:\\\/\\\/marktxxl.de\\\/markt\\\/?s={search_term_string}\"},\"query-input\":{\"@type\":\"PropertyValueSpecification\",\"valueRequired\":true,\"valueName\":\"search_term_string\"}}],\"inLanguage\":\"de\"},{\"@type\":\"Organization\",\"@id\":\"https:\\\/\\\/marktxxl.de\\\/markt\\\/#organization\",\"name\":\"Markt-XXL\",\"url\":\"https:\\\/\\\/marktxxl.de\\\/markt\\\/\",\"logo\":{\"@type\":\"ImageObject\",\"inLanguage\":\"de\",\"@id\":\"https:\\\/\\\/marktxxl.de\\\/markt\\\/#\\\/schema\\\/logo\\\/image\\\/\",\"url\":\"https:\\\/\\\/marktxxl.de\\\/markt\\\/wp-content\\\/uploads\\\/sites\\\/3\\\/2020\\\/12\\\/logo.png\",\"contentUrl\":\"https:\\\/\\\/marktxxl.de\\\/markt\\\/wp-content\\\/uploads\\\/sites\\\/3\\\/2020\\\/12\\\/logo.png\",\"width\":200,\"height\":70,\"caption\":\"Markt-XXL\"},\"image\":{\"@id\":\"https:\\\/\\\/marktxxl.de\\\/markt\\\/#\\\/schema\\\/logo\\\/image\\\/\"}}]}<\/script>\n<!-- \/ Yoast SEO plugin. -->","yoast_head_json":{"title":"Original freiblick Brillenbad \"Klassik 1.2\" SET | Sch\u00fcttelbad inkl. 50ml Spezialreiniger (blau) - Markt-XXL","description":"Markt-XXL Original freiblick Brillenbad \"Klassik 1.2\" SET | Sch\u00fcttelbad inkl. 50ml Spezialreiniger (blau)","robots":{"index":"index","follow":"follow","max-snippet":"max-snippet:-1","max-image-preview":"max-image-preview:large","max-video-preview":"max-video-preview:-1"},"canonical":"https:\/\/marktxxl.de\/markt\/produkt\/original-freiblick-brillenbadklassik-1-2-set-schuettelbad-inkl-50ml-spezialreiniger-farbe-waehlbar\/","og_locale":"de_DE","og_type":"article","og_title":"Original freiblick Brillenbad \"Klassik 1.2\" SET | Sch\u00fcttelbad inkl. 50ml Spezialreiniger (blau) - Markt-XXL","og_description":"Markt-XXL Original freiblick Brillenbad \"Klassik 1.2\" SET | Sch\u00fcttelbad inkl. 50ml Spezialreiniger (blau)","og_url":"https:\/\/marktxxl.de\/markt\/produkt\/original-freiblick-brillenbadklassik-1-2-set-schuettelbad-inkl-50ml-spezialreiniger-farbe-waehlbar\/","og_site_name":"Markt-XXL","article_modified_time":"2023-04-10T00:47:26+00:00","og_image":[{"width":500,"height":500,"url":"https:\/\/m.media-amazon.com\/images\/I\/31SJwuEQaLL._SL500_.jpg","type":"image\/jpeg"}],"twitter_card":"summary_large_image","schema":{"@context":"https:\/\/schema.org","@graph":[{"@type":"WebPage","@id":"https:\/\/marktxxl.de\/markt\/produkt\/original-freiblick-brillenbadklassik-1-2-set-schuettelbad-inkl-50ml-spezialreiniger-farbe-waehlbar\/","url":"https:\/\/marktxxl.de\/markt\/produkt\/original-freiblick-brillenbadklassik-1-2-set-schuettelbad-inkl-50ml-spezialreiniger-farbe-waehlbar\/","name":"Original freiblick Brillenbad \"Klassik 1.2\" SET | Sch\u00fcttelbad inkl. 50ml Spezialreiniger (blau) - Markt-XXL","isPartOf":{"@id":"https:\/\/marktxxl.de\/markt\/#website"},"primaryImageOfPage":{"@id":"https:\/\/marktxxl.de\/markt\/produkt\/original-freiblick-brillenbadklassik-1-2-set-schuettelbad-inkl-50ml-spezialreiniger-farbe-waehlbar\/#primaryimage"},"image":{"@id":"https:\/\/marktxxl.de\/markt\/produkt\/original-freiblick-brillenbadklassik-1-2-set-schuettelbad-inkl-50ml-spezialreiniger-farbe-waehlbar\/#primaryimage"},"thumbnailUrl":"https:\/\/m.media-amazon.com\/images\/I\/31SJwuEQaLL._SL500_.jpg","datePublished":"2021-11-25T16:30:34+00:00","dateModified":"2023-04-10T00:47:26+00:00","description":"Markt-XXL Original freiblick Brillenbad \"Klassik 1.2\" SET | Sch\u00fcttelbad inkl. 50ml Spezialreiniger (blau)","breadcrumb":{"@id":"https:\/\/marktxxl.de\/markt\/produkt\/original-freiblick-brillenbadklassik-1-2-set-schuettelbad-inkl-50ml-spezialreiniger-farbe-waehlbar\/#breadcrumb"},"inLanguage":"de","potentialAction":[{"@type":"ReadAction","target":["https:\/\/marktxxl.de\/markt\/produkt\/original-freiblick-brillenbadklassik-1-2-set-schuettelbad-inkl-50ml-spezialreiniger-farbe-waehlbar\/"]}]},{"@type":"ImageObject","inLanguage":"de","@id":"https:\/\/marktxxl.de\/markt\/produkt\/original-freiblick-brillenbadklassik-1-2-set-schuettelbad-inkl-50ml-spezialreiniger-farbe-waehlbar\/#primaryimage","url":"https:\/\/m.media-amazon.com\/images\/I\/31SJwuEQaLL._SL500_.jpg","contentUrl":"https:\/\/m.media-amazon.com\/images\/I\/31SJwuEQaLL._SL500_.jpg","width":500,"height":500},{"@type":"BreadcrumbList","@id":"https:\/\/marktxxl.de\/markt\/produkt\/original-freiblick-brillenbadklassik-1-2-set-schuettelbad-inkl-50ml-spezialreiniger-farbe-waehlbar\/#breadcrumb","itemListElement":[{"@type":"ListItem","position":1,"name":"Startseite","item":"https:\/\/marktxxl.de\/markt\/"},{"@type":"ListItem","position":2,"name":"Markt","item":"https:\/\/marktxxl.de\/markt\/"},{"@type":"ListItem","position":3,"name":"Original freiblick Brillenbad &#8220;Klassik 1.2&#8221; SET | Sch\u00fcttelbad inkl. 50ml Spezialreiniger (blau)"}]},{"@type":"WebSite","@id":"https:\/\/marktxxl.de\/markt\/#website","url":"https:\/\/marktxxl.de\/markt\/","name":"Markt-XXL","description":"Ihr Markt Online","publisher":{"@id":"https:\/\/marktxxl.de\/markt\/#organization"},"potentialAction":[{"@type":"SearchAction","target":{"@type":"EntryPoint","urlTemplate":"https:\/\/marktxxl.de\/markt\/?s={search_term_string}"},"query-input":{"@type":"PropertyValueSpecification","valueRequired":true,"valueName":"search_term_string"}}],"inLanguage":"de"},{"@type":"Organization","@id":"https:\/\/marktxxl.de\/markt\/#organization","name":"Markt-XXL","url":"https:\/\/marktxxl.de\/markt\/","logo":{"@type":"ImageObject","inLanguage":"de","@id":"https:\/\/marktxxl.de\/markt\/#\/schema\/logo\/image\/","url":"https:\/\/marktxxl.de\/markt\/wp-content\/uploads\/sites\/3\/2020\/12\/logo.png","contentUrl":"https:\/\/marktxxl.de\/markt\/wp-content\/uploads\/sites\/3\/2020\/12\/logo.png","width":200,"height":70,"caption":"Markt-XXL"},"image":{"@id":"https:\/\/marktxxl.de\/markt\/#\/schema\/logo\/image\/"}}]}},"_links":{"self":[{"href":"https:\/\/marktxxl.de\/markt\/wp-json\/wp\/v2\/product\/80345","targetHints":{"allow":["GET"]}}],"collection":[{"href":"https:\/\/marktxxl.de\/markt\/wp-json\/wp\/v2\/product"}],"about":[{"href":"https:\/\/marktxxl.de\/markt\/wp-json\/wp\/v2\/types\/product"}],"replies":[{"embeddable":true,"href":"https:\/\/marktxxl.de\/markt\/wp-json\/wp\/v2\/comments?post=80345"}],"wp:featuredmedia":[{"embeddable":true,"href":"https:\/\/marktxxl.de\/markt\/wp-json\/wp\/v2\/media\/80346"}],"wp:attachment":[{"href":"https:\/\/marktxxl.de\/markt\/wp-json\/wp\/v2\/media?parent=80345"}],"wp:term":[{"taxonomy":"product_brand","embeddable":true,"href":"https:\/\/marktxxl.de\/markt\/wp-json\/wp\/v2\/product_brand?post=80345"},{"taxonomy":"product_cat","embeddable":true,"href":"https:\/\/marktxxl.de\/markt\/wp-json\/wp\/v2\/product_cat?post=80345"},{"taxonomy":"product_tag","embeddable":true,"href":"https:\/\/marktxxl.de\/markt\/wp-json\/wp\/v2\/product_tag?post=80345"}],"curies":[{"name":"wp","href":"https:\/\/api.w.org\/{rel}","templated":true}]}}