{"id":80023,"date":"2021-11-25T17:15:34","date_gmt":"2021-11-25T16:15:34","guid":{"rendered":"https:\/\/marktxxl.de\/markt\/produkt\/tide-pods-he-turbo-waschmittel-packungen-fruehlingswiese-81-stueck\/"},"modified":"2023-04-08T02:25:07","modified_gmt":"2023-04-08T00:25:07","slug":"tide-pods-he-turbo-waschmittel-packungen-fruehlingswiese-81-stueck","status":"publish","type":"product","link":"https:\/\/marktxxl.de\/markt\/produkt\/tide-pods-he-turbo-waschmittel-packungen-fruehlingswiese-81-stueck\/","title":{"rendered":"Tide Pods ER Turbo Waschmittel Packungen, Spring 4in1 Downy, 61 Z\u00e4hlen"},"content":{"rendered":"<p>6x mehr sauber* (*Basierend auf der Fleckenentfernungsleistung von 1 Pac Tide PODS vs. 6 Dosen der f\u00fchrenden fl\u00fcssigen Schn\u00e4ppchenmarken-Basisvariante in einer Standard-Oberlademaschine)<br \/>\n3-in-1 W\u00e4schepacks: Waschmittel, Fleckenentferner, Aufheller<br \/>\n2 W\u00e4schebeutel f\u00fcr mittlere Lasten, 2 Packungen f\u00fcr gro\u00dfe Lasten und 3 Packungen f\u00fcr extra gro\u00dfe Ladungen.<br \/>\nTide PODS W\u00e4schebeutel l\u00f6sen sich schnell bei Hitze und K\u00e4lte auf.<br \/>\nTide Pods Spring Wiesenduft ist speziell mit der HE-Turbo-Technologie formuliert, die schnell zusammenfaltende Lauge enth\u00e4lt und harte Flecken bek\u00e4mpft.<br \/>\n<div class=\"main-cross-sell\" data-asin=\"B0723GBG26\">\n\n\t<div class=\"WooZone-cross-sell-loader\">\n\t\t<div>\n\t\t\t<div id=\"floatingBarsG\">\n\t\t\t\t<div class=\"blockG\" id=\"rotateG_01\"><\/div>\n\t\t\t\t<div class=\"blockG\" id=\"rotateG_02\"><\/div>\n\t\t\t\t<div class=\"blockG\" id=\"rotateG_03\"><\/div>\n\t\t\t\t<div class=\"blockG\" id=\"rotateG_04\"><\/div>\n\t\t\t\t<div class=\"blockG\" id=\"rotateG_05\"><\/div>\n\t\t\t\t<div class=\"blockG\" id=\"rotateG_06\"><\/div>\n\t\t\t\t<div class=\"blockG\" id=\"rotateG_07\"><\/div>\n\t\t\t\t<div class=\"blockG\" id=\"rotateG_08\"><\/div>\n\t\t\t<\/div>\n\t\t\t<div class=\"WooZone-cross-sell-loader-text\"><\/div>\n\t\t<\/div>\n\t<\/div>\n\n\t\t\n<\/div>\n<div style=\"clear:both;\"><\/div><\/p>\n","protected":false},"excerpt":{"rendered":"<p>6x mehr sauber* (*Basierend auf der Fleckenentfernungsleistung von 1 Pac Tide PODS vs. 6 Dosen der f\u00fchrenden fl\u00fcssigen Schn\u00e4ppchenmarken-Basisvariante in einer Standard-Oberlademaschine)<br \/>\n3-in-1 W\u00e4schepacks: Waschmittel, Fleckenentferner, Aufheller<br \/>\n2 W\u00e4schebeutel f\u00fcr mittlere Lasten, 2 Packungen f\u00fcr gro\u00dfe Lasten und 3 Packungen f\u00fcr extra gro\u00dfe Ladungen.<\/p>\n","protected":false},"featured_media":80024,"comment_status":"open","ping_status":"closed","template":"","meta":[],"product_brand":[],"product_cat":[566,5467],"product_tag":[],"class_list":{"0":"post-80023","1":"product","2":"type-product","3":"status-publish","4":"has-post-thumbnail","6":"product_cat-drogerie-koerperpflege","7":"product_cat-haushaltswaren-reinigungsmittel","8":"pa_binding-badartikel","9":"pa_brand-tide","10":"pa_height-10-25-zoll","11":"pa_length-4-5-zoll","12":"pa_manufacturer-procter-gamble-pampers","13":"pa_model-42345","14":"pa_weight-4-1-pfund","15":"pa_width-8-75-zoll","17":"first","18":"instock","19":"shipping-taxable","20":"purchasable","21":"product-type-simple","22":"customify-col","23":"product-has-gallery"},"yoast_head":"<!-- This site is optimized with the Yoast SEO plugin v27.3 - https:\/\/yoast.com\/product\/yoast-seo-wordpress\/ -->\n<title>Tide Pods ER Turbo Waschmittel Packungen, Spring 4in1 Downy, 61 Z\u00e4hlen - Markt-XXL<\/title>\n<meta name=\"description\" content=\"Markt-XXL Tide Pods ER Turbo Waschmittel Packungen, Spring 4in1 Downy, 61 Z\u00e4hlen\" \/>\n<meta name=\"robots\" content=\"index, follow, max-snippet:-1, max-image-preview:large, max-video-preview:-1\" \/>\n<link rel=\"canonical\" href=\"https:\/\/marktxxl.de\/markt\/produkt\/tide-pods-he-turbo-waschmittel-packungen-fruehlingswiese-81-stueck\/\" \/>\n<meta property=\"og:locale\" content=\"de_DE\" \/>\n<meta property=\"og:type\" content=\"article\" \/>\n<meta property=\"og:title\" content=\"Tide Pods ER Turbo Waschmittel Packungen, Spring 4in1 Downy, 61 Z\u00e4hlen - Markt-XXL\" \/>\n<meta property=\"og:description\" content=\"Markt-XXL Tide Pods ER Turbo Waschmittel Packungen, Spring 4in1 Downy, 61 Z\u00e4hlen\" \/>\n<meta property=\"og:url\" content=\"https:\/\/marktxxl.de\/markt\/produkt\/tide-pods-he-turbo-waschmittel-packungen-fruehlingswiese-81-stueck\/\" \/>\n<meta property=\"og:site_name\" content=\"Markt-XXL\" \/>\n<meta property=\"article:modified_time\" content=\"2023-04-08T00:25:07+00:00\" \/>\n<meta property=\"og:image\" content=\"https:\/\/m.media-amazon.com\/images\/I\/51Z2i4poCAL._SL500_.jpg\" \/>\n\t<meta property=\"og:image:width\" content=\"500\" \/>\n\t<meta property=\"og:image:height\" content=\"500\" \/>\n\t<meta property=\"og:image:type\" content=\"image\/jpeg\" \/>\n<meta name=\"twitter:card\" content=\"summary_large_image\" \/>\n<script type=\"application\/ld+json\" class=\"yoast-schema-graph\">{\"@context\":\"https:\\\/\\\/schema.org\",\"@graph\":[{\"@type\":\"WebPage\",\"@id\":\"https:\\\/\\\/marktxxl.de\\\/markt\\\/produkt\\\/tide-pods-he-turbo-waschmittel-packungen-fruehlingswiese-81-stueck\\\/\",\"url\":\"https:\\\/\\\/marktxxl.de\\\/markt\\\/produkt\\\/tide-pods-he-turbo-waschmittel-packungen-fruehlingswiese-81-stueck\\\/\",\"name\":\"Tide Pods ER Turbo Waschmittel Packungen, Spring 4in1 Downy, 61 Z\u00e4hlen - Markt-XXL\",\"isPartOf\":{\"@id\":\"https:\\\/\\\/marktxxl.de\\\/markt\\\/#website\"},\"primaryImageOfPage\":{\"@id\":\"https:\\\/\\\/marktxxl.de\\\/markt\\\/produkt\\\/tide-pods-he-turbo-waschmittel-packungen-fruehlingswiese-81-stueck\\\/#primaryimage\"},\"image\":{\"@id\":\"https:\\\/\\\/marktxxl.de\\\/markt\\\/produkt\\\/tide-pods-he-turbo-waschmittel-packungen-fruehlingswiese-81-stueck\\\/#primaryimage\"},\"thumbnailUrl\":\"https:\\\/\\\/m.media-amazon.com\\\/images\\\/I\\\/51Z2i4poCAL._SL500_.jpg\",\"datePublished\":\"2021-11-25T16:15:34+00:00\",\"dateModified\":\"2023-04-08T00:25:07+00:00\",\"description\":\"Markt-XXL Tide Pods ER Turbo Waschmittel Packungen, Spring 4in1 Downy, 61 Z\u00e4hlen\",\"breadcrumb\":{\"@id\":\"https:\\\/\\\/marktxxl.de\\\/markt\\\/produkt\\\/tide-pods-he-turbo-waschmittel-packungen-fruehlingswiese-81-stueck\\\/#breadcrumb\"},\"inLanguage\":\"de\",\"potentialAction\":[{\"@type\":\"ReadAction\",\"target\":[\"https:\\\/\\\/marktxxl.de\\\/markt\\\/produkt\\\/tide-pods-he-turbo-waschmittel-packungen-fruehlingswiese-81-stueck\\\/\"]}]},{\"@type\":\"ImageObject\",\"inLanguage\":\"de\",\"@id\":\"https:\\\/\\\/marktxxl.de\\\/markt\\\/produkt\\\/tide-pods-he-turbo-waschmittel-packungen-fruehlingswiese-81-stueck\\\/#primaryimage\",\"url\":\"https:\\\/\\\/m.media-amazon.com\\\/images\\\/I\\\/51Z2i4poCAL._SL500_.jpg\",\"contentUrl\":\"https:\\\/\\\/m.media-amazon.com\\\/images\\\/I\\\/51Z2i4poCAL._SL500_.jpg\",\"width\":500,\"height\":500},{\"@type\":\"BreadcrumbList\",\"@id\":\"https:\\\/\\\/marktxxl.de\\\/markt\\\/produkt\\\/tide-pods-he-turbo-waschmittel-packungen-fruehlingswiese-81-stueck\\\/#breadcrumb\",\"itemListElement\":[{\"@type\":\"ListItem\",\"position\":1,\"name\":\"Startseite\",\"item\":\"https:\\\/\\\/marktxxl.de\\\/markt\\\/\"},{\"@type\":\"ListItem\",\"position\":2,\"name\":\"Markt\",\"item\":\"https:\\\/\\\/marktxxl.de\\\/markt\\\/\"},{\"@type\":\"ListItem\",\"position\":3,\"name\":\"Tide Pods ER Turbo Waschmittel Packungen, Spring 4in1 Downy, 61 Z\u00e4hlen\"}]},{\"@type\":\"WebSite\",\"@id\":\"https:\\\/\\\/marktxxl.de\\\/markt\\\/#website\",\"url\":\"https:\\\/\\\/marktxxl.de\\\/markt\\\/\",\"name\":\"Markt-XXL\",\"description\":\"Ihr Markt Online\",\"publisher\":{\"@id\":\"https:\\\/\\\/marktxxl.de\\\/markt\\\/#organization\"},\"potentialAction\":[{\"@type\":\"SearchAction\",\"target\":{\"@type\":\"EntryPoint\",\"urlTemplate\":\"https:\\\/\\\/marktxxl.de\\\/markt\\\/?s={search_term_string}\"},\"query-input\":{\"@type\":\"PropertyValueSpecification\",\"valueRequired\":true,\"valueName\":\"search_term_string\"}}],\"inLanguage\":\"de\"},{\"@type\":\"Organization\",\"@id\":\"https:\\\/\\\/marktxxl.de\\\/markt\\\/#organization\",\"name\":\"Markt-XXL\",\"url\":\"https:\\\/\\\/marktxxl.de\\\/markt\\\/\",\"logo\":{\"@type\":\"ImageObject\",\"inLanguage\":\"de\",\"@id\":\"https:\\\/\\\/marktxxl.de\\\/markt\\\/#\\\/schema\\\/logo\\\/image\\\/\",\"url\":\"https:\\\/\\\/marktxxl.de\\\/markt\\\/wp-content\\\/uploads\\\/sites\\\/3\\\/2020\\\/12\\\/logo.png\",\"contentUrl\":\"https:\\\/\\\/marktxxl.de\\\/markt\\\/wp-content\\\/uploads\\\/sites\\\/3\\\/2020\\\/12\\\/logo.png\",\"width\":200,\"height\":70,\"caption\":\"Markt-XXL\"},\"image\":{\"@id\":\"https:\\\/\\\/marktxxl.de\\\/markt\\\/#\\\/schema\\\/logo\\\/image\\\/\"}}]}<\/script>\n<!-- \/ Yoast SEO plugin. -->","yoast_head_json":{"title":"Tide Pods ER Turbo Waschmittel Packungen, Spring 4in1 Downy, 61 Z\u00e4hlen - Markt-XXL","description":"Markt-XXL Tide Pods ER Turbo Waschmittel Packungen, Spring 4in1 Downy, 61 Z\u00e4hlen","robots":{"index":"index","follow":"follow","max-snippet":"max-snippet:-1","max-image-preview":"max-image-preview:large","max-video-preview":"max-video-preview:-1"},"canonical":"https:\/\/marktxxl.de\/markt\/produkt\/tide-pods-he-turbo-waschmittel-packungen-fruehlingswiese-81-stueck\/","og_locale":"de_DE","og_type":"article","og_title":"Tide Pods ER Turbo Waschmittel Packungen, Spring 4in1 Downy, 61 Z\u00e4hlen - Markt-XXL","og_description":"Markt-XXL Tide Pods ER Turbo Waschmittel Packungen, Spring 4in1 Downy, 61 Z\u00e4hlen","og_url":"https:\/\/marktxxl.de\/markt\/produkt\/tide-pods-he-turbo-waschmittel-packungen-fruehlingswiese-81-stueck\/","og_site_name":"Markt-XXL","article_modified_time":"2023-04-08T00:25:07+00:00","og_image":[{"width":500,"height":500,"url":"https:\/\/m.media-amazon.com\/images\/I\/51Z2i4poCAL._SL500_.jpg","type":"image\/jpeg"}],"twitter_card":"summary_large_image","schema":{"@context":"https:\/\/schema.org","@graph":[{"@type":"WebPage","@id":"https:\/\/marktxxl.de\/markt\/produkt\/tide-pods-he-turbo-waschmittel-packungen-fruehlingswiese-81-stueck\/","url":"https:\/\/marktxxl.de\/markt\/produkt\/tide-pods-he-turbo-waschmittel-packungen-fruehlingswiese-81-stueck\/","name":"Tide Pods ER Turbo Waschmittel Packungen, Spring 4in1 Downy, 61 Z\u00e4hlen - Markt-XXL","isPartOf":{"@id":"https:\/\/marktxxl.de\/markt\/#website"},"primaryImageOfPage":{"@id":"https:\/\/marktxxl.de\/markt\/produkt\/tide-pods-he-turbo-waschmittel-packungen-fruehlingswiese-81-stueck\/#primaryimage"},"image":{"@id":"https:\/\/marktxxl.de\/markt\/produkt\/tide-pods-he-turbo-waschmittel-packungen-fruehlingswiese-81-stueck\/#primaryimage"},"thumbnailUrl":"https:\/\/m.media-amazon.com\/images\/I\/51Z2i4poCAL._SL500_.jpg","datePublished":"2021-11-25T16:15:34+00:00","dateModified":"2023-04-08T00:25:07+00:00","description":"Markt-XXL Tide Pods ER Turbo Waschmittel Packungen, Spring 4in1 Downy, 61 Z\u00e4hlen","breadcrumb":{"@id":"https:\/\/marktxxl.de\/markt\/produkt\/tide-pods-he-turbo-waschmittel-packungen-fruehlingswiese-81-stueck\/#breadcrumb"},"inLanguage":"de","potentialAction":[{"@type":"ReadAction","target":["https:\/\/marktxxl.de\/markt\/produkt\/tide-pods-he-turbo-waschmittel-packungen-fruehlingswiese-81-stueck\/"]}]},{"@type":"ImageObject","inLanguage":"de","@id":"https:\/\/marktxxl.de\/markt\/produkt\/tide-pods-he-turbo-waschmittel-packungen-fruehlingswiese-81-stueck\/#primaryimage","url":"https:\/\/m.media-amazon.com\/images\/I\/51Z2i4poCAL._SL500_.jpg","contentUrl":"https:\/\/m.media-amazon.com\/images\/I\/51Z2i4poCAL._SL500_.jpg","width":500,"height":500},{"@type":"BreadcrumbList","@id":"https:\/\/marktxxl.de\/markt\/produkt\/tide-pods-he-turbo-waschmittel-packungen-fruehlingswiese-81-stueck\/#breadcrumb","itemListElement":[{"@type":"ListItem","position":1,"name":"Startseite","item":"https:\/\/marktxxl.de\/markt\/"},{"@type":"ListItem","position":2,"name":"Markt","item":"https:\/\/marktxxl.de\/markt\/"},{"@type":"ListItem","position":3,"name":"Tide Pods ER Turbo Waschmittel Packungen, Spring 4in1 Downy, 61 Z\u00e4hlen"}]},{"@type":"WebSite","@id":"https:\/\/marktxxl.de\/markt\/#website","url":"https:\/\/marktxxl.de\/markt\/","name":"Markt-XXL","description":"Ihr Markt Online","publisher":{"@id":"https:\/\/marktxxl.de\/markt\/#organization"},"potentialAction":[{"@type":"SearchAction","target":{"@type":"EntryPoint","urlTemplate":"https:\/\/marktxxl.de\/markt\/?s={search_term_string}"},"query-input":{"@type":"PropertyValueSpecification","valueRequired":true,"valueName":"search_term_string"}}],"inLanguage":"de"},{"@type":"Organization","@id":"https:\/\/marktxxl.de\/markt\/#organization","name":"Markt-XXL","url":"https:\/\/marktxxl.de\/markt\/","logo":{"@type":"ImageObject","inLanguage":"de","@id":"https:\/\/marktxxl.de\/markt\/#\/schema\/logo\/image\/","url":"https:\/\/marktxxl.de\/markt\/wp-content\/uploads\/sites\/3\/2020\/12\/logo.png","contentUrl":"https:\/\/marktxxl.de\/markt\/wp-content\/uploads\/sites\/3\/2020\/12\/logo.png","width":200,"height":70,"caption":"Markt-XXL"},"image":{"@id":"https:\/\/marktxxl.de\/markt\/#\/schema\/logo\/image\/"}}]}},"_links":{"self":[{"href":"https:\/\/marktxxl.de\/markt\/wp-json\/wp\/v2\/product\/80023","targetHints":{"allow":["GET"]}}],"collection":[{"href":"https:\/\/marktxxl.de\/markt\/wp-json\/wp\/v2\/product"}],"about":[{"href":"https:\/\/marktxxl.de\/markt\/wp-json\/wp\/v2\/types\/product"}],"replies":[{"embeddable":true,"href":"https:\/\/marktxxl.de\/markt\/wp-json\/wp\/v2\/comments?post=80023"}],"wp:featuredmedia":[{"embeddable":true,"href":"https:\/\/marktxxl.de\/markt\/wp-json\/wp\/v2\/media\/80024"}],"wp:attachment":[{"href":"https:\/\/marktxxl.de\/markt\/wp-json\/wp\/v2\/media?parent=80023"}],"wp:term":[{"taxonomy":"product_brand","embeddable":true,"href":"https:\/\/marktxxl.de\/markt\/wp-json\/wp\/v2\/product_brand?post=80023"},{"taxonomy":"product_cat","embeddable":true,"href":"https:\/\/marktxxl.de\/markt\/wp-json\/wp\/v2\/product_cat?post=80023"},{"taxonomy":"product_tag","embeddable":true,"href":"https:\/\/marktxxl.de\/markt\/wp-json\/wp\/v2\/product_tag?post=80023"}],"curies":[{"name":"wp","href":"https:\/\/api.w.org\/{rel}","templated":true}]}}