{"id":79972,"date":"2021-11-25T17:15:12","date_gmt":"2021-11-25T16:15:12","guid":{"rendered":"https:\/\/marktxxl.de\/markt\/produkt\/bounce-weichspueler-trocknertuecher-mit-duft-frische-waesche-240-stueck\/"},"modified":"2023-04-08T02:25:07","modified_gmt":"2023-04-08T00:25:07","slug":"bounce-weichspueler-trocknertuecher-mit-duft-frische-waesche-240-stueck","status":"publish","type":"product","link":"https:\/\/marktxxl.de\/markt\/produkt\/bounce-weichspueler-trocknertuecher-mit-duft-frische-waesche-240-stueck\/","title":{"rendered":"Whew Samsung A21s +11 Clear Bounce Weichsp\u00fcler-Trocknert\u00fccher mit Duft"},"content":{"rendered":"<p>Vertrauter Duft nach frischer W\u00e4sche.<br \/>\nHilft Falten zu reduzieren, sodass Sie weniger b\u00fcgeln m\u00fcssen.<br \/>\nKontrolliert statische Aufladung in Stoffen und hilft gegen Fusseln und Haare.<br \/>\nMacht Stoffe weicher.<br \/>\nF\u00fcgen Sie zwei Bounce-Trocknert\u00fccher f\u00fcr Ihre durchschnittlichen Trocknerladungen hinzu, um weniger zu b\u00fcgeln, wirkt gegen statische Aufladung, st\u00f6\u00dft Fusseln und Tierhaare ab und sorgt f\u00fcr mehr Weichheit und Frische. F\u00fcr kleine und mittlere Ladungen f\u00fcgen Sie ein Bounce-Trocknertuch hinzu und f\u00fcr extra gro\u00dfe Ladungen drei St\u00fcck.<br \/>\n<div class=\"main-cross-sell\" data-asin=\"B075MPR873\">\n\n\t<div class=\"WooZone-cross-sell-loader\">\n\t\t<div>\n\t\t\t<div id=\"floatingBarsG\">\n\t\t\t\t<div class=\"blockG\" id=\"rotateG_01\"><\/div>\n\t\t\t\t<div class=\"blockG\" id=\"rotateG_02\"><\/div>\n\t\t\t\t<div class=\"blockG\" id=\"rotateG_03\"><\/div>\n\t\t\t\t<div class=\"blockG\" id=\"rotateG_04\"><\/div>\n\t\t\t\t<div class=\"blockG\" id=\"rotateG_05\"><\/div>\n\t\t\t\t<div class=\"blockG\" id=\"rotateG_06\"><\/div>\n\t\t\t\t<div class=\"blockG\" id=\"rotateG_07\"><\/div>\n\t\t\t\t<div class=\"blockG\" id=\"rotateG_08\"><\/div>\n\t\t\t<\/div>\n\t\t\t<div class=\"WooZone-cross-sell-loader-text\"><\/div>\n\t\t<\/div>\n\t<\/div>\n\n\t\t\n<\/div>\n<div style=\"clear:both;\"><\/div><\/p>\n","protected":false},"excerpt":{"rendered":"<p>Vertrauter Duft nach frischer W\u00e4sche.<br \/>\nHilft Falten zu reduzieren, sodass Sie weniger b\u00fcgeln m\u00fcssen.<br \/>\nKontrolliert statische Aufladung in Stoffen und hilft gegen Fusseln und Haare.<\/p>\n","protected":false},"featured_media":79973,"comment_status":"open","ping_status":"closed","template":"","meta":[],"product_brand":[],"product_cat":[566,5467],"product_tag":[],"class_list":{"0":"post-79972","1":"product","2":"type-product","3":"status-publish","4":"has-post-thumbnail","6":"product_cat-drogerie-koerperpflege","7":"product_cat-haushaltswaren-reinigungsmittel","8":"pa_binding-badartikel","9":"pa_brand-whew","10":"pa_color-hjfk","11":"pa_height-7-087-zoll","12":"pa_length-4-882-zoll","13":"pa_manufacturer-whew","14":"pa_model-26507","15":"pa_size-jfjkfd","16":"pa_weight-1-14-pfund","17":"pa_width-4-291-zoll","19":"first","20":"instock","21":"shipping-taxable","22":"purchasable","23":"product-type-simple","24":"customify-col","25":"product-has-gallery"},"yoast_head":"<!-- This site is optimized with the Yoast SEO plugin v27.4 - https:\/\/yoast.com\/product\/yoast-seo-wordpress\/ -->\n<title>Whew Samsung A21s +11 Clear Bounce Weichsp\u00fcler-Trocknert\u00fccher mit Duft - Markt-XXL<\/title>\n<meta name=\"description\" content=\"Markt-XXL Whew Samsung A21s +11 Clear Bounce Weichsp\u00fcler-Trocknert\u00fccher mit Duft\" \/>\n<meta name=\"robots\" content=\"index, follow, max-snippet:-1, max-image-preview:large, max-video-preview:-1\" \/>\n<link rel=\"canonical\" href=\"https:\/\/marktxxl.de\/markt\/produkt\/bounce-weichspueler-trocknertuecher-mit-duft-frische-waesche-240-stueck\/\" \/>\n<meta property=\"og:locale\" content=\"de_DE\" \/>\n<meta property=\"og:type\" content=\"article\" \/>\n<meta property=\"og:title\" content=\"Whew Samsung A21s +11 Clear Bounce Weichsp\u00fcler-Trocknert\u00fccher mit Duft - Markt-XXL\" \/>\n<meta property=\"og:description\" content=\"Markt-XXL Whew Samsung A21s +11 Clear Bounce Weichsp\u00fcler-Trocknert\u00fccher mit Duft\" \/>\n<meta property=\"og:url\" content=\"https:\/\/marktxxl.de\/markt\/produkt\/bounce-weichspueler-trocknertuecher-mit-duft-frische-waesche-240-stueck\/\" \/>\n<meta property=\"og:site_name\" content=\"Markt-XXL\" \/>\n<meta property=\"article:modified_time\" content=\"2023-04-08T00:25:07+00:00\" \/>\n<meta property=\"og:image\" content=\"https:\/\/m.media-amazon.com\/images\/I\/51KVtDmv9GS._SL500_.jpg\" \/>\n\t<meta property=\"og:image:width\" content=\"500\" \/>\n\t<meta property=\"og:image:height\" content=\"500\" \/>\n\t<meta property=\"og:image:type\" content=\"image\/jpeg\" \/>\n<meta name=\"twitter:card\" content=\"summary_large_image\" \/>\n<script type=\"application\/ld+json\" class=\"yoast-schema-graph\">{\"@context\":\"https:\\\/\\\/schema.org\",\"@graph\":[{\"@type\":\"WebPage\",\"@id\":\"https:\\\/\\\/marktxxl.de\\\/markt\\\/produkt\\\/bounce-weichspueler-trocknertuecher-mit-duft-frische-waesche-240-stueck\\\/\",\"url\":\"https:\\\/\\\/marktxxl.de\\\/markt\\\/produkt\\\/bounce-weichspueler-trocknertuecher-mit-duft-frische-waesche-240-stueck\\\/\",\"name\":\"Whew Samsung A21s +11 Clear Bounce Weichsp\u00fcler-Trocknert\u00fccher mit Duft - Markt-XXL\",\"isPartOf\":{\"@id\":\"https:\\\/\\\/marktxxl.de\\\/markt\\\/#website\"},\"primaryImageOfPage\":{\"@id\":\"https:\\\/\\\/marktxxl.de\\\/markt\\\/produkt\\\/bounce-weichspueler-trocknertuecher-mit-duft-frische-waesche-240-stueck\\\/#primaryimage\"},\"image\":{\"@id\":\"https:\\\/\\\/marktxxl.de\\\/markt\\\/produkt\\\/bounce-weichspueler-trocknertuecher-mit-duft-frische-waesche-240-stueck\\\/#primaryimage\"},\"thumbnailUrl\":\"https:\\\/\\\/m.media-amazon.com\\\/images\\\/I\\\/51KVtDmv9GS._SL500_.jpg\",\"datePublished\":\"2021-11-25T16:15:12+00:00\",\"dateModified\":\"2023-04-08T00:25:07+00:00\",\"description\":\"Markt-XXL Whew Samsung A21s +11 Clear Bounce Weichsp\u00fcler-Trocknert\u00fccher mit Duft\",\"breadcrumb\":{\"@id\":\"https:\\\/\\\/marktxxl.de\\\/markt\\\/produkt\\\/bounce-weichspueler-trocknertuecher-mit-duft-frische-waesche-240-stueck\\\/#breadcrumb\"},\"inLanguage\":\"de\",\"potentialAction\":[{\"@type\":\"ReadAction\",\"target\":[\"https:\\\/\\\/marktxxl.de\\\/markt\\\/produkt\\\/bounce-weichspueler-trocknertuecher-mit-duft-frische-waesche-240-stueck\\\/\"]}]},{\"@type\":\"ImageObject\",\"inLanguage\":\"de\",\"@id\":\"https:\\\/\\\/marktxxl.de\\\/markt\\\/produkt\\\/bounce-weichspueler-trocknertuecher-mit-duft-frische-waesche-240-stueck\\\/#primaryimage\",\"url\":\"https:\\\/\\\/m.media-amazon.com\\\/images\\\/I\\\/51KVtDmv9GS._SL500_.jpg\",\"contentUrl\":\"https:\\\/\\\/m.media-amazon.com\\\/images\\\/I\\\/51KVtDmv9GS._SL500_.jpg\",\"width\":500,\"height\":500},{\"@type\":\"BreadcrumbList\",\"@id\":\"https:\\\/\\\/marktxxl.de\\\/markt\\\/produkt\\\/bounce-weichspueler-trocknertuecher-mit-duft-frische-waesche-240-stueck\\\/#breadcrumb\",\"itemListElement\":[{\"@type\":\"ListItem\",\"position\":1,\"name\":\"Startseite\",\"item\":\"https:\\\/\\\/marktxxl.de\\\/markt\\\/\"},{\"@type\":\"ListItem\",\"position\":2,\"name\":\"Markt\",\"item\":\"https:\\\/\\\/marktxxl.de\\\/markt\\\/\"},{\"@type\":\"ListItem\",\"position\":3,\"name\":\"Whew Samsung A21s +11 Clear Bounce Weichsp\u00fcler-Trocknert\u00fccher mit Duft\"}]},{\"@type\":\"WebSite\",\"@id\":\"https:\\\/\\\/marktxxl.de\\\/markt\\\/#website\",\"url\":\"https:\\\/\\\/marktxxl.de\\\/markt\\\/\",\"name\":\"Markt-XXL\",\"description\":\"Ihr Markt Online\",\"publisher\":{\"@id\":\"https:\\\/\\\/marktxxl.de\\\/markt\\\/#organization\"},\"potentialAction\":[{\"@type\":\"SearchAction\",\"target\":{\"@type\":\"EntryPoint\",\"urlTemplate\":\"https:\\\/\\\/marktxxl.de\\\/markt\\\/?s={search_term_string}\"},\"query-input\":{\"@type\":\"PropertyValueSpecification\",\"valueRequired\":true,\"valueName\":\"search_term_string\"}}],\"inLanguage\":\"de\"},{\"@type\":\"Organization\",\"@id\":\"https:\\\/\\\/marktxxl.de\\\/markt\\\/#organization\",\"name\":\"Markt-XXL\",\"url\":\"https:\\\/\\\/marktxxl.de\\\/markt\\\/\",\"logo\":{\"@type\":\"ImageObject\",\"inLanguage\":\"de\",\"@id\":\"https:\\\/\\\/marktxxl.de\\\/markt\\\/#\\\/schema\\\/logo\\\/image\\\/\",\"url\":\"https:\\\/\\\/marktxxl.de\\\/markt\\\/wp-content\\\/uploads\\\/sites\\\/3\\\/2020\\\/12\\\/logo.png\",\"contentUrl\":\"https:\\\/\\\/marktxxl.de\\\/markt\\\/wp-content\\\/uploads\\\/sites\\\/3\\\/2020\\\/12\\\/logo.png\",\"width\":200,\"height\":70,\"caption\":\"Markt-XXL\"},\"image\":{\"@id\":\"https:\\\/\\\/marktxxl.de\\\/markt\\\/#\\\/schema\\\/logo\\\/image\\\/\"}}]}<\/script>\n<!-- \/ Yoast SEO plugin. -->","yoast_head_json":{"title":"Whew Samsung A21s +11 Clear Bounce Weichsp\u00fcler-Trocknert\u00fccher mit Duft - Markt-XXL","description":"Markt-XXL Whew Samsung A21s +11 Clear Bounce Weichsp\u00fcler-Trocknert\u00fccher mit Duft","robots":{"index":"index","follow":"follow","max-snippet":"max-snippet:-1","max-image-preview":"max-image-preview:large","max-video-preview":"max-video-preview:-1"},"canonical":"https:\/\/marktxxl.de\/markt\/produkt\/bounce-weichspueler-trocknertuecher-mit-duft-frische-waesche-240-stueck\/","og_locale":"de_DE","og_type":"article","og_title":"Whew Samsung A21s +11 Clear Bounce Weichsp\u00fcler-Trocknert\u00fccher mit Duft - Markt-XXL","og_description":"Markt-XXL Whew Samsung A21s +11 Clear Bounce Weichsp\u00fcler-Trocknert\u00fccher mit Duft","og_url":"https:\/\/marktxxl.de\/markt\/produkt\/bounce-weichspueler-trocknertuecher-mit-duft-frische-waesche-240-stueck\/","og_site_name":"Markt-XXL","article_modified_time":"2023-04-08T00:25:07+00:00","og_image":[{"width":500,"height":500,"url":"https:\/\/m.media-amazon.com\/images\/I\/51KVtDmv9GS._SL500_.jpg","type":"image\/jpeg"}],"twitter_card":"summary_large_image","schema":{"@context":"https:\/\/schema.org","@graph":[{"@type":"WebPage","@id":"https:\/\/marktxxl.de\/markt\/produkt\/bounce-weichspueler-trocknertuecher-mit-duft-frische-waesche-240-stueck\/","url":"https:\/\/marktxxl.de\/markt\/produkt\/bounce-weichspueler-trocknertuecher-mit-duft-frische-waesche-240-stueck\/","name":"Whew Samsung A21s +11 Clear Bounce Weichsp\u00fcler-Trocknert\u00fccher mit Duft - Markt-XXL","isPartOf":{"@id":"https:\/\/marktxxl.de\/markt\/#website"},"primaryImageOfPage":{"@id":"https:\/\/marktxxl.de\/markt\/produkt\/bounce-weichspueler-trocknertuecher-mit-duft-frische-waesche-240-stueck\/#primaryimage"},"image":{"@id":"https:\/\/marktxxl.de\/markt\/produkt\/bounce-weichspueler-trocknertuecher-mit-duft-frische-waesche-240-stueck\/#primaryimage"},"thumbnailUrl":"https:\/\/m.media-amazon.com\/images\/I\/51KVtDmv9GS._SL500_.jpg","datePublished":"2021-11-25T16:15:12+00:00","dateModified":"2023-04-08T00:25:07+00:00","description":"Markt-XXL Whew Samsung A21s +11 Clear Bounce Weichsp\u00fcler-Trocknert\u00fccher mit Duft","breadcrumb":{"@id":"https:\/\/marktxxl.de\/markt\/produkt\/bounce-weichspueler-trocknertuecher-mit-duft-frische-waesche-240-stueck\/#breadcrumb"},"inLanguage":"de","potentialAction":[{"@type":"ReadAction","target":["https:\/\/marktxxl.de\/markt\/produkt\/bounce-weichspueler-trocknertuecher-mit-duft-frische-waesche-240-stueck\/"]}]},{"@type":"ImageObject","inLanguage":"de","@id":"https:\/\/marktxxl.de\/markt\/produkt\/bounce-weichspueler-trocknertuecher-mit-duft-frische-waesche-240-stueck\/#primaryimage","url":"https:\/\/m.media-amazon.com\/images\/I\/51KVtDmv9GS._SL500_.jpg","contentUrl":"https:\/\/m.media-amazon.com\/images\/I\/51KVtDmv9GS._SL500_.jpg","width":500,"height":500},{"@type":"BreadcrumbList","@id":"https:\/\/marktxxl.de\/markt\/produkt\/bounce-weichspueler-trocknertuecher-mit-duft-frische-waesche-240-stueck\/#breadcrumb","itemListElement":[{"@type":"ListItem","position":1,"name":"Startseite","item":"https:\/\/marktxxl.de\/markt\/"},{"@type":"ListItem","position":2,"name":"Markt","item":"https:\/\/marktxxl.de\/markt\/"},{"@type":"ListItem","position":3,"name":"Whew Samsung A21s +11 Clear Bounce Weichsp\u00fcler-Trocknert\u00fccher mit Duft"}]},{"@type":"WebSite","@id":"https:\/\/marktxxl.de\/markt\/#website","url":"https:\/\/marktxxl.de\/markt\/","name":"Markt-XXL","description":"Ihr Markt Online","publisher":{"@id":"https:\/\/marktxxl.de\/markt\/#organization"},"potentialAction":[{"@type":"SearchAction","target":{"@type":"EntryPoint","urlTemplate":"https:\/\/marktxxl.de\/markt\/?s={search_term_string}"},"query-input":{"@type":"PropertyValueSpecification","valueRequired":true,"valueName":"search_term_string"}}],"inLanguage":"de"},{"@type":"Organization","@id":"https:\/\/marktxxl.de\/markt\/#organization","name":"Markt-XXL","url":"https:\/\/marktxxl.de\/markt\/","logo":{"@type":"ImageObject","inLanguage":"de","@id":"https:\/\/marktxxl.de\/markt\/#\/schema\/logo\/image\/","url":"https:\/\/marktxxl.de\/markt\/wp-content\/uploads\/sites\/3\/2020\/12\/logo.png","contentUrl":"https:\/\/marktxxl.de\/markt\/wp-content\/uploads\/sites\/3\/2020\/12\/logo.png","width":200,"height":70,"caption":"Markt-XXL"},"image":{"@id":"https:\/\/marktxxl.de\/markt\/#\/schema\/logo\/image\/"}}]}},"_links":{"self":[{"href":"https:\/\/marktxxl.de\/markt\/wp-json\/wp\/v2\/product\/79972","targetHints":{"allow":["GET"]}}],"collection":[{"href":"https:\/\/marktxxl.de\/markt\/wp-json\/wp\/v2\/product"}],"about":[{"href":"https:\/\/marktxxl.de\/markt\/wp-json\/wp\/v2\/types\/product"}],"replies":[{"embeddable":true,"href":"https:\/\/marktxxl.de\/markt\/wp-json\/wp\/v2\/comments?post=79972"}],"wp:featuredmedia":[{"embeddable":true,"href":"https:\/\/marktxxl.de\/markt\/wp-json\/wp\/v2\/media\/79973"}],"wp:attachment":[{"href":"https:\/\/marktxxl.de\/markt\/wp-json\/wp\/v2\/media?parent=79972"}],"wp:term":[{"taxonomy":"product_brand","embeddable":true,"href":"https:\/\/marktxxl.de\/markt\/wp-json\/wp\/v2\/product_brand?post=79972"},{"taxonomy":"product_cat","embeddable":true,"href":"https:\/\/marktxxl.de\/markt\/wp-json\/wp\/v2\/product_cat?post=79972"},{"taxonomy":"product_tag","embeddable":true,"href":"https:\/\/marktxxl.de\/markt\/wp-json\/wp\/v2\/product_tag?post=79972"}],"curies":[{"name":"wp","href":"https:\/\/api.w.org\/{rel}","templated":true}]}}