{"id":79900,"date":"2021-11-25T17:09:48","date_gmt":"2021-11-25T16:09:48","guid":{"rendered":"https:\/\/marktxxl.de\/markt\/produkt\/knitpro-k47234-stricknadel-mit-knopf-holz-orange-25cm-2-75mm\/"},"modified":"2023-04-08T02:25:06","modified_gmt":"2023-04-08T00:25:06","slug":"knitpro-k47234-stricknadel-mit-knopf-holz-orange-25cm-2-75mm","status":"publish","type":"product","link":"https:\/\/marktxxl.de\/markt\/produkt\/knitpro-k47234-stricknadel-mit-knopf-holz-orange-25cm-2-75mm\/","title":{"rendered":"KnitPro K47234 Stricknadel mit Knopf, Holz, Orange, 25cm \/ 2.75mm"},"content":{"rendered":"<p>L\u00e4nge: 25cm<br \/>\nSt\u00e4rke: 2.75mm<br \/>\nDie Stricknadeln bestehen aus Aluminium<br \/>\nBequem in der Hand<br \/>\nFarbe: Orange (Jede Farbe ist mit einer Nadelgr\u00f6\u00dfe verkn\u00fcpft)<br \/>\n<div class=\"main-cross-sell\" data-asin=\"B010FZZWPW\">\n\n\t<div class=\"WooZone-cross-sell-loader\">\n\t\t<div>\n\t\t\t<div id=\"floatingBarsG\">\n\t\t\t\t<div class=\"blockG\" id=\"rotateG_01\"><\/div>\n\t\t\t\t<div class=\"blockG\" id=\"rotateG_02\"><\/div>\n\t\t\t\t<div class=\"blockG\" id=\"rotateG_03\"><\/div>\n\t\t\t\t<div class=\"blockG\" id=\"rotateG_04\"><\/div>\n\t\t\t\t<div class=\"blockG\" id=\"rotateG_05\"><\/div>\n\t\t\t\t<div class=\"blockG\" id=\"rotateG_06\"><\/div>\n\t\t\t\t<div class=\"blockG\" id=\"rotateG_07\"><\/div>\n\t\t\t\t<div class=\"blockG\" id=\"rotateG_08\"><\/div>\n\t\t\t<\/div>\n\t\t\t<div class=\"WooZone-cross-sell-loader-text\"><\/div>\n\t\t<\/div>\n\t<\/div>\n\n\t\t\n<\/div>\n<div style=\"clear:both;\"><\/div><\/p>\n","protected":false},"excerpt":{"rendered":"<p>L\u00e4nge: 25cm<br \/>\nSt\u00e4rke: 2.75mm<br \/>\nDie Stricknadeln bestehen aus Aluminium<\/p>\n","protected":false},"featured_media":79901,"comment_status":"open","ping_status":"closed","template":"","meta":[],"product_brand":[],"product_cat":[566,5467],"product_tag":[],"class_list":{"0":"post-79900","1":"product","2":"type-product","3":"status-publish","4":"has-post-thumbnail","6":"product_cat-drogerie-koerperpflege","7":"product_cat-haushaltswaren-reinigungsmittel","8":"pa_binding-haushaltswaren","9":"pa_brand-knitpro","10":"pa_color-orange","11":"pa_height-0-81496062909-zoll","12":"pa_length-12-0078740035-zoll","13":"pa_manufacturer-knit-pro","14":"pa_model-kp47234","15":"pa_size-25cm-2-75mm","16":"pa_warranty-n-a","17":"pa_weight-0-0330693393-pfund","18":"pa_width-1-968503935-zoll","20":"first","21":"instock","22":"shipping-taxable","23":"purchasable","24":"product-type-simple","25":"customify-col","26":"product-has-gallery"},"yoast_head":"<!-- This site is optimized with the Yoast SEO plugin v27.3 - https:\/\/yoast.com\/product\/yoast-seo-wordpress\/ -->\n<title>KnitPro K47234 Stricknadel mit Knopf, Holz, Orange, 25cm \/ 2.75mm - Markt-XXL<\/title>\n<meta name=\"description\" content=\"Markt-XXL KnitPro K47234 Stricknadel mit Knopf, Holz, Orange, 25cm \/ 2.75mm\" \/>\n<meta name=\"robots\" content=\"index, follow, max-snippet:-1, max-image-preview:large, max-video-preview:-1\" \/>\n<link rel=\"canonical\" href=\"https:\/\/marktxxl.de\/markt\/produkt\/knitpro-k47234-stricknadel-mit-knopf-holz-orange-25cm-2-75mm\/\" \/>\n<meta property=\"og:locale\" content=\"de_DE\" \/>\n<meta property=\"og:type\" content=\"article\" \/>\n<meta property=\"og:title\" content=\"KnitPro K47234 Stricknadel mit Knopf, Holz, Orange, 25cm \/ 2.75mm - Markt-XXL\" \/>\n<meta property=\"og:description\" content=\"Markt-XXL KnitPro K47234 Stricknadel mit Knopf, Holz, Orange, 25cm \/ 2.75mm\" \/>\n<meta property=\"og:url\" content=\"https:\/\/marktxxl.de\/markt\/produkt\/knitpro-k47234-stricknadel-mit-knopf-holz-orange-25cm-2-75mm\/\" \/>\n<meta property=\"og:site_name\" content=\"Markt-XXL\" \/>\n<meta property=\"article:modified_time\" content=\"2023-04-08T00:25:06+00:00\" \/>\n<meta property=\"og:image\" content=\"https:\/\/m.media-amazon.com\/images\/I\/215eS6Fxg5L._SL500_.jpg\" \/>\n\t<meta property=\"og:image:width\" content=\"500\" \/>\n\t<meta property=\"og:image:height\" content=\"332\" \/>\n\t<meta property=\"og:image:type\" content=\"image\/jpeg\" \/>\n<meta name=\"twitter:card\" content=\"summary_large_image\" \/>\n<script type=\"application\/ld+json\" class=\"yoast-schema-graph\">{\"@context\":\"https:\\\/\\\/schema.org\",\"@graph\":[{\"@type\":\"WebPage\",\"@id\":\"https:\\\/\\\/marktxxl.de\\\/markt\\\/produkt\\\/knitpro-k47234-stricknadel-mit-knopf-holz-orange-25cm-2-75mm\\\/\",\"url\":\"https:\\\/\\\/marktxxl.de\\\/markt\\\/produkt\\\/knitpro-k47234-stricknadel-mit-knopf-holz-orange-25cm-2-75mm\\\/\",\"name\":\"KnitPro K47234 Stricknadel mit Knopf, Holz, Orange, 25cm \\\/ 2.75mm - Markt-XXL\",\"isPartOf\":{\"@id\":\"https:\\\/\\\/marktxxl.de\\\/markt\\\/#website\"},\"primaryImageOfPage\":{\"@id\":\"https:\\\/\\\/marktxxl.de\\\/markt\\\/produkt\\\/knitpro-k47234-stricknadel-mit-knopf-holz-orange-25cm-2-75mm\\\/#primaryimage\"},\"image\":{\"@id\":\"https:\\\/\\\/marktxxl.de\\\/markt\\\/produkt\\\/knitpro-k47234-stricknadel-mit-knopf-holz-orange-25cm-2-75mm\\\/#primaryimage\"},\"thumbnailUrl\":\"https:\\\/\\\/m.media-amazon.com\\\/images\\\/I\\\/215eS6Fxg5L._SL500_.jpg\",\"datePublished\":\"2021-11-25T16:09:48+00:00\",\"dateModified\":\"2023-04-08T00:25:06+00:00\",\"description\":\"Markt-XXL KnitPro K47234 Stricknadel mit Knopf, Holz, Orange, 25cm \\\/ 2.75mm\",\"breadcrumb\":{\"@id\":\"https:\\\/\\\/marktxxl.de\\\/markt\\\/produkt\\\/knitpro-k47234-stricknadel-mit-knopf-holz-orange-25cm-2-75mm\\\/#breadcrumb\"},\"inLanguage\":\"de\",\"potentialAction\":[{\"@type\":\"ReadAction\",\"target\":[\"https:\\\/\\\/marktxxl.de\\\/markt\\\/produkt\\\/knitpro-k47234-stricknadel-mit-knopf-holz-orange-25cm-2-75mm\\\/\"]}]},{\"@type\":\"ImageObject\",\"inLanguage\":\"de\",\"@id\":\"https:\\\/\\\/marktxxl.de\\\/markt\\\/produkt\\\/knitpro-k47234-stricknadel-mit-knopf-holz-orange-25cm-2-75mm\\\/#primaryimage\",\"url\":\"https:\\\/\\\/m.media-amazon.com\\\/images\\\/I\\\/215eS6Fxg5L._SL500_.jpg\",\"contentUrl\":\"https:\\\/\\\/m.media-amazon.com\\\/images\\\/I\\\/215eS6Fxg5L._SL500_.jpg\",\"width\":500,\"height\":332},{\"@type\":\"BreadcrumbList\",\"@id\":\"https:\\\/\\\/marktxxl.de\\\/markt\\\/produkt\\\/knitpro-k47234-stricknadel-mit-knopf-holz-orange-25cm-2-75mm\\\/#breadcrumb\",\"itemListElement\":[{\"@type\":\"ListItem\",\"position\":1,\"name\":\"Startseite\",\"item\":\"https:\\\/\\\/marktxxl.de\\\/markt\\\/\"},{\"@type\":\"ListItem\",\"position\":2,\"name\":\"Markt\",\"item\":\"https:\\\/\\\/marktxxl.de\\\/markt\\\/\"},{\"@type\":\"ListItem\",\"position\":3,\"name\":\"KnitPro K47234 Stricknadel mit Knopf, Holz, Orange, 25cm \\\/ 2.75mm\"}]},{\"@type\":\"WebSite\",\"@id\":\"https:\\\/\\\/marktxxl.de\\\/markt\\\/#website\",\"url\":\"https:\\\/\\\/marktxxl.de\\\/markt\\\/\",\"name\":\"Markt-XXL\",\"description\":\"Ihr Markt Online\",\"publisher\":{\"@id\":\"https:\\\/\\\/marktxxl.de\\\/markt\\\/#organization\"},\"potentialAction\":[{\"@type\":\"SearchAction\",\"target\":{\"@type\":\"EntryPoint\",\"urlTemplate\":\"https:\\\/\\\/marktxxl.de\\\/markt\\\/?s={search_term_string}\"},\"query-input\":{\"@type\":\"PropertyValueSpecification\",\"valueRequired\":true,\"valueName\":\"search_term_string\"}}],\"inLanguage\":\"de\"},{\"@type\":\"Organization\",\"@id\":\"https:\\\/\\\/marktxxl.de\\\/markt\\\/#organization\",\"name\":\"Markt-XXL\",\"url\":\"https:\\\/\\\/marktxxl.de\\\/markt\\\/\",\"logo\":{\"@type\":\"ImageObject\",\"inLanguage\":\"de\",\"@id\":\"https:\\\/\\\/marktxxl.de\\\/markt\\\/#\\\/schema\\\/logo\\\/image\\\/\",\"url\":\"https:\\\/\\\/marktxxl.de\\\/markt\\\/wp-content\\\/uploads\\\/sites\\\/3\\\/2020\\\/12\\\/logo.png\",\"contentUrl\":\"https:\\\/\\\/marktxxl.de\\\/markt\\\/wp-content\\\/uploads\\\/sites\\\/3\\\/2020\\\/12\\\/logo.png\",\"width\":200,\"height\":70,\"caption\":\"Markt-XXL\"},\"image\":{\"@id\":\"https:\\\/\\\/marktxxl.de\\\/markt\\\/#\\\/schema\\\/logo\\\/image\\\/\"}}]}<\/script>\n<!-- \/ Yoast SEO plugin. -->","yoast_head_json":{"title":"KnitPro K47234 Stricknadel mit Knopf, Holz, Orange, 25cm \/ 2.75mm - Markt-XXL","description":"Markt-XXL KnitPro K47234 Stricknadel mit Knopf, Holz, Orange, 25cm \/ 2.75mm","robots":{"index":"index","follow":"follow","max-snippet":"max-snippet:-1","max-image-preview":"max-image-preview:large","max-video-preview":"max-video-preview:-1"},"canonical":"https:\/\/marktxxl.de\/markt\/produkt\/knitpro-k47234-stricknadel-mit-knopf-holz-orange-25cm-2-75mm\/","og_locale":"de_DE","og_type":"article","og_title":"KnitPro K47234 Stricknadel mit Knopf, Holz, Orange, 25cm \/ 2.75mm - Markt-XXL","og_description":"Markt-XXL KnitPro K47234 Stricknadel mit Knopf, Holz, Orange, 25cm \/ 2.75mm","og_url":"https:\/\/marktxxl.de\/markt\/produkt\/knitpro-k47234-stricknadel-mit-knopf-holz-orange-25cm-2-75mm\/","og_site_name":"Markt-XXL","article_modified_time":"2023-04-08T00:25:06+00:00","og_image":[{"width":500,"height":332,"url":"https:\/\/m.media-amazon.com\/images\/I\/215eS6Fxg5L._SL500_.jpg","type":"image\/jpeg"}],"twitter_card":"summary_large_image","schema":{"@context":"https:\/\/schema.org","@graph":[{"@type":"WebPage","@id":"https:\/\/marktxxl.de\/markt\/produkt\/knitpro-k47234-stricknadel-mit-knopf-holz-orange-25cm-2-75mm\/","url":"https:\/\/marktxxl.de\/markt\/produkt\/knitpro-k47234-stricknadel-mit-knopf-holz-orange-25cm-2-75mm\/","name":"KnitPro K47234 Stricknadel mit Knopf, Holz, Orange, 25cm \/ 2.75mm - Markt-XXL","isPartOf":{"@id":"https:\/\/marktxxl.de\/markt\/#website"},"primaryImageOfPage":{"@id":"https:\/\/marktxxl.de\/markt\/produkt\/knitpro-k47234-stricknadel-mit-knopf-holz-orange-25cm-2-75mm\/#primaryimage"},"image":{"@id":"https:\/\/marktxxl.de\/markt\/produkt\/knitpro-k47234-stricknadel-mit-knopf-holz-orange-25cm-2-75mm\/#primaryimage"},"thumbnailUrl":"https:\/\/m.media-amazon.com\/images\/I\/215eS6Fxg5L._SL500_.jpg","datePublished":"2021-11-25T16:09:48+00:00","dateModified":"2023-04-08T00:25:06+00:00","description":"Markt-XXL KnitPro K47234 Stricknadel mit Knopf, Holz, Orange, 25cm \/ 2.75mm","breadcrumb":{"@id":"https:\/\/marktxxl.de\/markt\/produkt\/knitpro-k47234-stricknadel-mit-knopf-holz-orange-25cm-2-75mm\/#breadcrumb"},"inLanguage":"de","potentialAction":[{"@type":"ReadAction","target":["https:\/\/marktxxl.de\/markt\/produkt\/knitpro-k47234-stricknadel-mit-knopf-holz-orange-25cm-2-75mm\/"]}]},{"@type":"ImageObject","inLanguage":"de","@id":"https:\/\/marktxxl.de\/markt\/produkt\/knitpro-k47234-stricknadel-mit-knopf-holz-orange-25cm-2-75mm\/#primaryimage","url":"https:\/\/m.media-amazon.com\/images\/I\/215eS6Fxg5L._SL500_.jpg","contentUrl":"https:\/\/m.media-amazon.com\/images\/I\/215eS6Fxg5L._SL500_.jpg","width":500,"height":332},{"@type":"BreadcrumbList","@id":"https:\/\/marktxxl.de\/markt\/produkt\/knitpro-k47234-stricknadel-mit-knopf-holz-orange-25cm-2-75mm\/#breadcrumb","itemListElement":[{"@type":"ListItem","position":1,"name":"Startseite","item":"https:\/\/marktxxl.de\/markt\/"},{"@type":"ListItem","position":2,"name":"Markt","item":"https:\/\/marktxxl.de\/markt\/"},{"@type":"ListItem","position":3,"name":"KnitPro K47234 Stricknadel mit Knopf, Holz, Orange, 25cm \/ 2.75mm"}]},{"@type":"WebSite","@id":"https:\/\/marktxxl.de\/markt\/#website","url":"https:\/\/marktxxl.de\/markt\/","name":"Markt-XXL","description":"Ihr Markt Online","publisher":{"@id":"https:\/\/marktxxl.de\/markt\/#organization"},"potentialAction":[{"@type":"SearchAction","target":{"@type":"EntryPoint","urlTemplate":"https:\/\/marktxxl.de\/markt\/?s={search_term_string}"},"query-input":{"@type":"PropertyValueSpecification","valueRequired":true,"valueName":"search_term_string"}}],"inLanguage":"de"},{"@type":"Organization","@id":"https:\/\/marktxxl.de\/markt\/#organization","name":"Markt-XXL","url":"https:\/\/marktxxl.de\/markt\/","logo":{"@type":"ImageObject","inLanguage":"de","@id":"https:\/\/marktxxl.de\/markt\/#\/schema\/logo\/image\/","url":"https:\/\/marktxxl.de\/markt\/wp-content\/uploads\/sites\/3\/2020\/12\/logo.png","contentUrl":"https:\/\/marktxxl.de\/markt\/wp-content\/uploads\/sites\/3\/2020\/12\/logo.png","width":200,"height":70,"caption":"Markt-XXL"},"image":{"@id":"https:\/\/marktxxl.de\/markt\/#\/schema\/logo\/image\/"}}]}},"_links":{"self":[{"href":"https:\/\/marktxxl.de\/markt\/wp-json\/wp\/v2\/product\/79900","targetHints":{"allow":["GET"]}}],"collection":[{"href":"https:\/\/marktxxl.de\/markt\/wp-json\/wp\/v2\/product"}],"about":[{"href":"https:\/\/marktxxl.de\/markt\/wp-json\/wp\/v2\/types\/product"}],"replies":[{"embeddable":true,"href":"https:\/\/marktxxl.de\/markt\/wp-json\/wp\/v2\/comments?post=79900"}],"wp:featuredmedia":[{"embeddable":true,"href":"https:\/\/marktxxl.de\/markt\/wp-json\/wp\/v2\/media\/79901"}],"wp:attachment":[{"href":"https:\/\/marktxxl.de\/markt\/wp-json\/wp\/v2\/media?parent=79900"}],"wp:term":[{"taxonomy":"product_brand","embeddable":true,"href":"https:\/\/marktxxl.de\/markt\/wp-json\/wp\/v2\/product_brand?post=79900"},{"taxonomy":"product_cat","embeddable":true,"href":"https:\/\/marktxxl.de\/markt\/wp-json\/wp\/v2\/product_cat?post=79900"},{"taxonomy":"product_tag","embeddable":true,"href":"https:\/\/marktxxl.de\/markt\/wp-json\/wp\/v2\/product_tag?post=79900"}],"curies":[{"name":"wp","href":"https:\/\/api.w.org\/{rel}","templated":true}]}}