{"id":79833,"date":"2021-11-25T17:06:41","date_gmt":"2021-11-25T16:06:41","guid":{"rendered":"https:\/\/marktxxl.de\/markt\/produkt\/oracle-hookah-shisha-set-wasserpfeife-aluminium-hookah-90cm-zubehoer-komplett-mit-led-schlauch-kopf-alu-mundstueck-molassefaenger\/"},"modified":"2023-04-08T02:25:05","modified_gmt":"2023-04-08T00:25:05","slug":"oracle-hookah-shisha-set-wasserpfeife-aluminium-hookah-90cm-zubehoer-komplett-mit-led-schlauch-kopf-alu-mundstueck-molassefaenger","status":"publish","type":"product","link":"https:\/\/marktxxl.de\/markt\/produkt\/oracle-hookah-shisha-set-wasserpfeife-aluminium-hookah-90cm-zubehoer-komplett-mit-led-schlauch-kopf-alu-mundstueck-molassefaenger\/","title":{"rendered":"ORACLE HOOKAH\u00ae Shisha Set Wasserpfeife Aluminium Shisha Rosa Komplettset 90cm mit Zubeh\u00f6r wie LED Schlauch Kopf Alu\u2026"},"content":{"rendered":"<p>\u2713 ALU SHISHA &#8211; Auf der Suche nach einer voll ausgestatteten Shisha mit einem super Rauchverhalten? Die Oracle Luna Wasserpfeife im Komplettset gibt es in 6 Farben und 3 Rauchs\u00e4ulen. Lass deine Hookah mit dem mitgelieferten LED Modul in verschiedenen Farben erstrahlen.<br \/>\n\u2713 DESIGN MEETS QUALITY &#8211; Die Luna, ist eine hochwertig gefertigte Wasserpfeife aus Aluminium. Mit einer H\u00f6he von 90cm ist es eine echte Augenweide die jedes Shisha Herz h\u00f6her schlagen l\u00e4sst. Dieses komplette Set eignet sich auch perfekt als Geschenk.<br \/>\n\u2713 AU\u00dfPACKEN UND LOSRAUCHEN &#8211; Das Set beinhaltet Glasbowl mit Click Gewinde &#8211; Edelstahl Tauchrohr mit Diffusor &#8211; Silikonschlauch und Schlauchhalterung &#8211; Alu Mundst\u00fcck &#8211; Schlauchadapter &#8211; Base mit 4 Anschl\u00fcssen &#8211; Rauchs\u00e4ule \u2014 Molassef\u00e4nger &#8211; Zange &#8211; Kaminaufsatz &#8211; Tonkopf &#8211; Kohleteller &#8211; Kopfadapter &#8211; LED Licht (Ohne Batterien) und Fernbedienung &#8211; alle notwendigen Dichtungen.<br \/>\n<div class=\"main-cross-sell\" data-asin=\"B07PG5BWRF\">\n\n\t<div class=\"WooZone-cross-sell-loader\">\n\t\t<div>\n\t\t\t<div id=\"floatingBarsG\">\n\t\t\t\t<div class=\"blockG\" id=\"rotateG_01\"><\/div>\n\t\t\t\t<div class=\"blockG\" id=\"rotateG_02\"><\/div>\n\t\t\t\t<div class=\"blockG\" id=\"rotateG_03\"><\/div>\n\t\t\t\t<div class=\"blockG\" id=\"rotateG_04\"><\/div>\n\t\t\t\t<div class=\"blockG\" id=\"rotateG_05\"><\/div>\n\t\t\t\t<div class=\"blockG\" id=\"rotateG_06\"><\/div>\n\t\t\t\t<div class=\"blockG\" id=\"rotateG_07\"><\/div>\n\t\t\t\t<div class=\"blockG\" id=\"rotateG_08\"><\/div>\n\t\t\t<\/div>\n\t\t\t<div class=\"WooZone-cross-sell-loader-text\"><\/div>\n\t\t<\/div>\n\t<\/div>\n\n\t\t\n<\/div>\n<div style=\"clear:both;\"><\/div><\/p>\n","protected":false},"excerpt":{"rendered":"<p>\u2713 ALU SHISHA &#8211; Auf der Suche nach einer voll ausgestatteten Shisha mit einem super Rauchverhalten? Die Oracle Luna Wasserpfeife im Komplettset gibt es in 6 Farben und 3 Rauchs\u00e4ulen. Lass deine Hookah mit dem mitgelieferten LED Modul in verschiedenen Farben erstrahlen.<br \/>\n\u2713 DESIGN MEETS QUALITY &#8211; Die Luna, ist eine hochwertig gefertigte Wasserpfeife aus Aluminium. Mit einer H\u00f6he von 90cm ist es eine echte Augenweide die jedes Shisha Herz h\u00f6her schlagen l\u00e4sst. Dieses komplette Set eignet sich auch perfekt als Geschenk.<br \/>\n\u2713 AU\u00dfPACKEN UND LOSRAUCHEN &#8211; Das Set beinhaltet Glasbowl mit Click Gewinde &#8211; Edelstahl Tauchrohr mit Diffusor &#8211; Silikonschlauch und Schlauchhalterung &#8211; Alu Mundst\u00fcck &#8211; Schlauchadapter &#8211; Base mit 4 Anschl\u00fcssen &#8211; Rauchs\u00e4ule \u2014 Molassef\u00e4nger &#8211; Zange &#8211; Kaminaufsatz &#8211; Tonkopf &#8211; Kohleteller &#8211; Kopfadapter &#8211; LED Licht (Ohne Batterien) und Fernbedienung &#8211; alle notwendigen Dichtungen.<\/p>\n","protected":false},"featured_media":79834,"comment_status":"open","ping_status":"closed","template":"","meta":[],"product_brand":[],"product_cat":[566,5626],"product_tag":[],"class_list":{"0":"post-79833","1":"product","2":"type-product","3":"status-publish","4":"has-post-thumbnail","6":"product_cat-drogerie-koerperpflege","7":"product_cat-elektronische-zigaretten-shishas-zubehoer","8":"pa_brand-oracle-hookah","9":"pa_manufacturer-oracle-hookah","11":"first","12":"instock","13":"shipping-taxable","14":"purchasable","15":"product-type-simple","16":"customify-col","17":"product-has-gallery"},"yoast_head":"<!-- This site is optimized with the Yoast SEO plugin v27.4 - https:\/\/yoast.com\/product\/yoast-seo-wordpress\/ -->\n<title>ORACLE HOOKAH\u00ae Shisha Set Wasserpfeife Aluminium Shisha Rosa Komplettset 90cm mit Zubeh\u00f6r wie LED Schlauch Kopf Alu\u2026 - Markt-XXL<\/title>\n<meta name=\"description\" content=\"Markt-XXL ORACLE HOOKAH\u00ae Shisha Set Wasserpfeife Aluminium Shisha Rosa Komplettset 90cm mit Zubeh\u00f6r wie LED Schlauch Kopf Alu\u2026\" \/>\n<meta name=\"robots\" content=\"index, follow, max-snippet:-1, max-image-preview:large, max-video-preview:-1\" \/>\n<link rel=\"canonical\" href=\"https:\/\/marktxxl.de\/markt\/produkt\/oracle-hookah-shisha-set-wasserpfeife-aluminium-hookah-90cm-zubehoer-komplett-mit-led-schlauch-kopf-alu-mundstueck-molassefaenger\/\" \/>\n<meta property=\"og:locale\" content=\"de_DE\" \/>\n<meta property=\"og:type\" content=\"article\" \/>\n<meta property=\"og:title\" content=\"ORACLE HOOKAH\u00ae Shisha Set Wasserpfeife Aluminium Shisha Rosa Komplettset 90cm mit Zubeh\u00f6r wie LED Schlauch Kopf Alu\u2026 - Markt-XXL\" \/>\n<meta property=\"og:description\" content=\"Markt-XXL ORACLE HOOKAH\u00ae Shisha Set Wasserpfeife Aluminium Shisha Rosa Komplettset 90cm mit Zubeh\u00f6r wie LED Schlauch Kopf Alu\u2026\" \/>\n<meta property=\"og:url\" content=\"https:\/\/marktxxl.de\/markt\/produkt\/oracle-hookah-shisha-set-wasserpfeife-aluminium-hookah-90cm-zubehoer-komplett-mit-led-schlauch-kopf-alu-mundstueck-molassefaenger\/\" \/>\n<meta property=\"og:site_name\" content=\"Markt-XXL\" \/>\n<meta property=\"article:modified_time\" content=\"2023-04-08T00:25:05+00:00\" \/>\n<meta property=\"og:image\" content=\"https:\/\/m.media-amazon.com\/images\/I\/51IEaJASBVL._SL500_.jpg\" \/>\n\t<meta property=\"og:image:width\" content=\"499\" \/>\n\t<meta property=\"og:image:height\" content=\"500\" \/>\n\t<meta property=\"og:image:type\" content=\"image\/jpeg\" \/>\n<meta name=\"twitter:card\" content=\"summary_large_image\" \/>\n<meta name=\"twitter:label1\" content=\"Gesch\u00e4tzte Lesezeit\" \/>\n\t<meta name=\"twitter:data1\" content=\"1\u00a0Minute\" \/>\n<script type=\"application\/ld+json\" class=\"yoast-schema-graph\">{\"@context\":\"https:\\\/\\\/schema.org\",\"@graph\":[{\"@type\":\"WebPage\",\"@id\":\"https:\\\/\\\/marktxxl.de\\\/markt\\\/produkt\\\/oracle-hookah-shisha-set-wasserpfeife-aluminium-hookah-90cm-zubehoer-komplett-mit-led-schlauch-kopf-alu-mundstueck-molassefaenger\\\/\",\"url\":\"https:\\\/\\\/marktxxl.de\\\/markt\\\/produkt\\\/oracle-hookah-shisha-set-wasserpfeife-aluminium-hookah-90cm-zubehoer-komplett-mit-led-schlauch-kopf-alu-mundstueck-molassefaenger\\\/\",\"name\":\"ORACLE HOOKAH\u00ae Shisha Set Wasserpfeife Aluminium Shisha Rosa Komplettset 90cm mit Zubeh\u00f6r wie LED Schlauch Kopf Alu\u2026 - Markt-XXL\",\"isPartOf\":{\"@id\":\"https:\\\/\\\/marktxxl.de\\\/markt\\\/#website\"},\"primaryImageOfPage\":{\"@id\":\"https:\\\/\\\/marktxxl.de\\\/markt\\\/produkt\\\/oracle-hookah-shisha-set-wasserpfeife-aluminium-hookah-90cm-zubehoer-komplett-mit-led-schlauch-kopf-alu-mundstueck-molassefaenger\\\/#primaryimage\"},\"image\":{\"@id\":\"https:\\\/\\\/marktxxl.de\\\/markt\\\/produkt\\\/oracle-hookah-shisha-set-wasserpfeife-aluminium-hookah-90cm-zubehoer-komplett-mit-led-schlauch-kopf-alu-mundstueck-molassefaenger\\\/#primaryimage\"},\"thumbnailUrl\":\"https:\\\/\\\/m.media-amazon.com\\\/images\\\/I\\\/51IEaJASBVL._SL500_.jpg\",\"datePublished\":\"2021-11-25T16:06:41+00:00\",\"dateModified\":\"2023-04-08T00:25:05+00:00\",\"description\":\"Markt-XXL ORACLE HOOKAH\u00ae Shisha Set Wasserpfeife Aluminium Shisha Rosa Komplettset 90cm mit Zubeh\u00f6r wie LED Schlauch Kopf Alu\u2026\",\"breadcrumb\":{\"@id\":\"https:\\\/\\\/marktxxl.de\\\/markt\\\/produkt\\\/oracle-hookah-shisha-set-wasserpfeife-aluminium-hookah-90cm-zubehoer-komplett-mit-led-schlauch-kopf-alu-mundstueck-molassefaenger\\\/#breadcrumb\"},\"inLanguage\":\"de\",\"potentialAction\":[{\"@type\":\"ReadAction\",\"target\":[\"https:\\\/\\\/marktxxl.de\\\/markt\\\/produkt\\\/oracle-hookah-shisha-set-wasserpfeife-aluminium-hookah-90cm-zubehoer-komplett-mit-led-schlauch-kopf-alu-mundstueck-molassefaenger\\\/\"]}]},{\"@type\":\"ImageObject\",\"inLanguage\":\"de\",\"@id\":\"https:\\\/\\\/marktxxl.de\\\/markt\\\/produkt\\\/oracle-hookah-shisha-set-wasserpfeife-aluminium-hookah-90cm-zubehoer-komplett-mit-led-schlauch-kopf-alu-mundstueck-molassefaenger\\\/#primaryimage\",\"url\":\"https:\\\/\\\/m.media-amazon.com\\\/images\\\/I\\\/51IEaJASBVL._SL500_.jpg\",\"contentUrl\":\"https:\\\/\\\/m.media-amazon.com\\\/images\\\/I\\\/51IEaJASBVL._SL500_.jpg\",\"width\":499,\"height\":500},{\"@type\":\"BreadcrumbList\",\"@id\":\"https:\\\/\\\/marktxxl.de\\\/markt\\\/produkt\\\/oracle-hookah-shisha-set-wasserpfeife-aluminium-hookah-90cm-zubehoer-komplett-mit-led-schlauch-kopf-alu-mundstueck-molassefaenger\\\/#breadcrumb\",\"itemListElement\":[{\"@type\":\"ListItem\",\"position\":1,\"name\":\"Startseite\",\"item\":\"https:\\\/\\\/marktxxl.de\\\/markt\\\/\"},{\"@type\":\"ListItem\",\"position\":2,\"name\":\"Markt\",\"item\":\"https:\\\/\\\/marktxxl.de\\\/markt\\\/\"},{\"@type\":\"ListItem\",\"position\":3,\"name\":\"ORACLE HOOKAH\u00ae Shisha Set Wasserpfeife Aluminium Shisha Rosa Komplettset 90cm mit Zubeh\u00f6r wie LED Schlauch Kopf Alu\u2026\"}]},{\"@type\":\"WebSite\",\"@id\":\"https:\\\/\\\/marktxxl.de\\\/markt\\\/#website\",\"url\":\"https:\\\/\\\/marktxxl.de\\\/markt\\\/\",\"name\":\"Markt-XXL\",\"description\":\"Ihr Markt Online\",\"publisher\":{\"@id\":\"https:\\\/\\\/marktxxl.de\\\/markt\\\/#organization\"},\"potentialAction\":[{\"@type\":\"SearchAction\",\"target\":{\"@type\":\"EntryPoint\",\"urlTemplate\":\"https:\\\/\\\/marktxxl.de\\\/markt\\\/?s={search_term_string}\"},\"query-input\":{\"@type\":\"PropertyValueSpecification\",\"valueRequired\":true,\"valueName\":\"search_term_string\"}}],\"inLanguage\":\"de\"},{\"@type\":\"Organization\",\"@id\":\"https:\\\/\\\/marktxxl.de\\\/markt\\\/#organization\",\"name\":\"Markt-XXL\",\"url\":\"https:\\\/\\\/marktxxl.de\\\/markt\\\/\",\"logo\":{\"@type\":\"ImageObject\",\"inLanguage\":\"de\",\"@id\":\"https:\\\/\\\/marktxxl.de\\\/markt\\\/#\\\/schema\\\/logo\\\/image\\\/\",\"url\":\"https:\\\/\\\/marktxxl.de\\\/markt\\\/wp-content\\\/uploads\\\/sites\\\/3\\\/2020\\\/12\\\/logo.png\",\"contentUrl\":\"https:\\\/\\\/marktxxl.de\\\/markt\\\/wp-content\\\/uploads\\\/sites\\\/3\\\/2020\\\/12\\\/logo.png\",\"width\":200,\"height\":70,\"caption\":\"Markt-XXL\"},\"image\":{\"@id\":\"https:\\\/\\\/marktxxl.de\\\/markt\\\/#\\\/schema\\\/logo\\\/image\\\/\"}}]}<\/script>\n<!-- \/ Yoast SEO plugin. -->","yoast_head_json":{"title":"ORACLE HOOKAH\u00ae Shisha Set Wasserpfeife Aluminium Shisha Rosa Komplettset 90cm mit Zubeh\u00f6r wie LED Schlauch Kopf Alu\u2026 - Markt-XXL","description":"Markt-XXL ORACLE HOOKAH\u00ae Shisha Set Wasserpfeife Aluminium Shisha Rosa Komplettset 90cm mit Zubeh\u00f6r wie LED Schlauch Kopf Alu\u2026","robots":{"index":"index","follow":"follow","max-snippet":"max-snippet:-1","max-image-preview":"max-image-preview:large","max-video-preview":"max-video-preview:-1"},"canonical":"https:\/\/marktxxl.de\/markt\/produkt\/oracle-hookah-shisha-set-wasserpfeife-aluminium-hookah-90cm-zubehoer-komplett-mit-led-schlauch-kopf-alu-mundstueck-molassefaenger\/","og_locale":"de_DE","og_type":"article","og_title":"ORACLE HOOKAH\u00ae Shisha Set Wasserpfeife Aluminium Shisha Rosa Komplettset 90cm mit Zubeh\u00f6r wie LED Schlauch Kopf Alu\u2026 - Markt-XXL","og_description":"Markt-XXL ORACLE HOOKAH\u00ae Shisha Set Wasserpfeife Aluminium Shisha Rosa Komplettset 90cm mit Zubeh\u00f6r wie LED Schlauch Kopf Alu\u2026","og_url":"https:\/\/marktxxl.de\/markt\/produkt\/oracle-hookah-shisha-set-wasserpfeife-aluminium-hookah-90cm-zubehoer-komplett-mit-led-schlauch-kopf-alu-mundstueck-molassefaenger\/","og_site_name":"Markt-XXL","article_modified_time":"2023-04-08T00:25:05+00:00","og_image":[{"width":499,"height":500,"url":"https:\/\/m.media-amazon.com\/images\/I\/51IEaJASBVL._SL500_.jpg","type":"image\/jpeg"}],"twitter_card":"summary_large_image","twitter_misc":{"Gesch\u00e4tzte Lesezeit":"1\u00a0Minute"},"schema":{"@context":"https:\/\/schema.org","@graph":[{"@type":"WebPage","@id":"https:\/\/marktxxl.de\/markt\/produkt\/oracle-hookah-shisha-set-wasserpfeife-aluminium-hookah-90cm-zubehoer-komplett-mit-led-schlauch-kopf-alu-mundstueck-molassefaenger\/","url":"https:\/\/marktxxl.de\/markt\/produkt\/oracle-hookah-shisha-set-wasserpfeife-aluminium-hookah-90cm-zubehoer-komplett-mit-led-schlauch-kopf-alu-mundstueck-molassefaenger\/","name":"ORACLE HOOKAH\u00ae Shisha Set Wasserpfeife Aluminium Shisha Rosa Komplettset 90cm mit Zubeh\u00f6r wie LED Schlauch Kopf Alu\u2026 - Markt-XXL","isPartOf":{"@id":"https:\/\/marktxxl.de\/markt\/#website"},"primaryImageOfPage":{"@id":"https:\/\/marktxxl.de\/markt\/produkt\/oracle-hookah-shisha-set-wasserpfeife-aluminium-hookah-90cm-zubehoer-komplett-mit-led-schlauch-kopf-alu-mundstueck-molassefaenger\/#primaryimage"},"image":{"@id":"https:\/\/marktxxl.de\/markt\/produkt\/oracle-hookah-shisha-set-wasserpfeife-aluminium-hookah-90cm-zubehoer-komplett-mit-led-schlauch-kopf-alu-mundstueck-molassefaenger\/#primaryimage"},"thumbnailUrl":"https:\/\/m.media-amazon.com\/images\/I\/51IEaJASBVL._SL500_.jpg","datePublished":"2021-11-25T16:06:41+00:00","dateModified":"2023-04-08T00:25:05+00:00","description":"Markt-XXL ORACLE HOOKAH\u00ae Shisha Set Wasserpfeife Aluminium Shisha Rosa Komplettset 90cm mit Zubeh\u00f6r wie LED Schlauch Kopf Alu\u2026","breadcrumb":{"@id":"https:\/\/marktxxl.de\/markt\/produkt\/oracle-hookah-shisha-set-wasserpfeife-aluminium-hookah-90cm-zubehoer-komplett-mit-led-schlauch-kopf-alu-mundstueck-molassefaenger\/#breadcrumb"},"inLanguage":"de","potentialAction":[{"@type":"ReadAction","target":["https:\/\/marktxxl.de\/markt\/produkt\/oracle-hookah-shisha-set-wasserpfeife-aluminium-hookah-90cm-zubehoer-komplett-mit-led-schlauch-kopf-alu-mundstueck-molassefaenger\/"]}]},{"@type":"ImageObject","inLanguage":"de","@id":"https:\/\/marktxxl.de\/markt\/produkt\/oracle-hookah-shisha-set-wasserpfeife-aluminium-hookah-90cm-zubehoer-komplett-mit-led-schlauch-kopf-alu-mundstueck-molassefaenger\/#primaryimage","url":"https:\/\/m.media-amazon.com\/images\/I\/51IEaJASBVL._SL500_.jpg","contentUrl":"https:\/\/m.media-amazon.com\/images\/I\/51IEaJASBVL._SL500_.jpg","width":499,"height":500},{"@type":"BreadcrumbList","@id":"https:\/\/marktxxl.de\/markt\/produkt\/oracle-hookah-shisha-set-wasserpfeife-aluminium-hookah-90cm-zubehoer-komplett-mit-led-schlauch-kopf-alu-mundstueck-molassefaenger\/#breadcrumb","itemListElement":[{"@type":"ListItem","position":1,"name":"Startseite","item":"https:\/\/marktxxl.de\/markt\/"},{"@type":"ListItem","position":2,"name":"Markt","item":"https:\/\/marktxxl.de\/markt\/"},{"@type":"ListItem","position":3,"name":"ORACLE HOOKAH\u00ae Shisha Set Wasserpfeife Aluminium Shisha Rosa Komplettset 90cm mit Zubeh\u00f6r wie LED Schlauch Kopf Alu\u2026"}]},{"@type":"WebSite","@id":"https:\/\/marktxxl.de\/markt\/#website","url":"https:\/\/marktxxl.de\/markt\/","name":"Markt-XXL","description":"Ihr Markt Online","publisher":{"@id":"https:\/\/marktxxl.de\/markt\/#organization"},"potentialAction":[{"@type":"SearchAction","target":{"@type":"EntryPoint","urlTemplate":"https:\/\/marktxxl.de\/markt\/?s={search_term_string}"},"query-input":{"@type":"PropertyValueSpecification","valueRequired":true,"valueName":"search_term_string"}}],"inLanguage":"de"},{"@type":"Organization","@id":"https:\/\/marktxxl.de\/markt\/#organization","name":"Markt-XXL","url":"https:\/\/marktxxl.de\/markt\/","logo":{"@type":"ImageObject","inLanguage":"de","@id":"https:\/\/marktxxl.de\/markt\/#\/schema\/logo\/image\/","url":"https:\/\/marktxxl.de\/markt\/wp-content\/uploads\/sites\/3\/2020\/12\/logo.png","contentUrl":"https:\/\/marktxxl.de\/markt\/wp-content\/uploads\/sites\/3\/2020\/12\/logo.png","width":200,"height":70,"caption":"Markt-XXL"},"image":{"@id":"https:\/\/marktxxl.de\/markt\/#\/schema\/logo\/image\/"}}]}},"_links":{"self":[{"href":"https:\/\/marktxxl.de\/markt\/wp-json\/wp\/v2\/product\/79833","targetHints":{"allow":["GET"]}}],"collection":[{"href":"https:\/\/marktxxl.de\/markt\/wp-json\/wp\/v2\/product"}],"about":[{"href":"https:\/\/marktxxl.de\/markt\/wp-json\/wp\/v2\/types\/product"}],"replies":[{"embeddable":true,"href":"https:\/\/marktxxl.de\/markt\/wp-json\/wp\/v2\/comments?post=79833"}],"wp:featuredmedia":[{"embeddable":true,"href":"https:\/\/marktxxl.de\/markt\/wp-json\/wp\/v2\/media\/79834"}],"wp:attachment":[{"href":"https:\/\/marktxxl.de\/markt\/wp-json\/wp\/v2\/media?parent=79833"}],"wp:term":[{"taxonomy":"product_brand","embeddable":true,"href":"https:\/\/marktxxl.de\/markt\/wp-json\/wp\/v2\/product_brand?post=79833"},{"taxonomy":"product_cat","embeddable":true,"href":"https:\/\/marktxxl.de\/markt\/wp-json\/wp\/v2\/product_cat?post=79833"},{"taxonomy":"product_tag","embeddable":true,"href":"https:\/\/marktxxl.de\/markt\/wp-json\/wp\/v2\/product_tag?post=79833"}],"curies":[{"name":"wp","href":"https:\/\/api.w.org\/{rel}","templated":true}]}}