{"id":79683,"date":"2021-11-25T17:00:15","date_gmt":"2021-11-25T16:00:15","guid":{"rendered":"https:\/\/marktxxl.de\/markt\/produkt\/dovpo-odin-100-100w-mod-akkutraeger\/"},"modified":"2023-04-08T02:25:00","modified_gmt":"2023-04-08T00:25:00","slug":"dovpo-odin-100-100w-mod-akkutraeger","status":"publish","type":"product","link":"https:\/\/marktxxl.de\/markt\/produkt\/dovpo-odin-100-100w-mod-akkutraeger\/","title":{"rendered":"Dovpo Odin 100 100W Mod Akkutr\u00e4ger Farbe Rot"},"content":{"rendered":"<p>Die Odin 100 ist eine Zusammenarbeit von Dovpo, Vaperz Cloud und dem YouTuber \u201eThe Vaping Bogan\u201c. Der Akkutr\u00e4ger ist mit dem Dovpo 100 Chipsatz und einem farbigen TFT-Display ausgestattet.<br \/>\nDie Drei-Tasten-Einstellung erm\u00f6glicht die Konfiguration des Chipsatzes und das alles in Farbe. Die Fortsetzung der bekannten Dovpo Odin Reihe zeichnet sich jedoch nicht nur durch ein elegantes Design aus, der ergonomisch geformte Akkutr\u00e4ger bietet zudem Platz f\u00fcr einen 18650, 20700 oder 21700 Akku. Der Akku wird \u00fcber einen Verschlussmechanismus am Boden des Odin Mini Molds eingelegt und gehalten.<br \/>\nEr kann sowohl extern als auch im verbauten Zustand mittels USB Typ-C z\u00fcgig wieder aufgeladen werden. Rundum ist die Dovpo Odin 100 sehr gut gelungen und passt jetzt auch in jede Hosentasche.<br \/>\nTechnische Daten Ma\u00dfe: 36,3mm x 32mm x 90,5mm Akku: 21700\/ 20700\/ 18650 (nicht im Lieferumfang enthalten) Chipsatz: Dovpo 100 Display: 0,96\u201c TFT Anschluss: 510er Ausgangsmodi: VW \/ TC \/ Bypass Ausgangsleistung: 1W \u2013 100W Ausgangspannung: 3,2 \u2013 4,2V Laden: USB Typ-C<br \/>\nLieferumfang 1 x Dovpo Odin 100 Akkutr\u00e4ger 1 x 18650 Akkuadapter 1 x Verschiedene Akkuwraps 1 x USB Typ-C Ladekabel 1 x Bedienungsanleitung<br \/>\n<div class=\"main-cross-sell\" data-asin=\"B08HVK6XFY\">\n\n\t<div class=\"WooZone-cross-sell-loader\">\n\t\t<div>\n\t\t\t<div id=\"floatingBarsG\">\n\t\t\t\t<div class=\"blockG\" id=\"rotateG_01\"><\/div>\n\t\t\t\t<div class=\"blockG\" id=\"rotateG_02\"><\/div>\n\t\t\t\t<div class=\"blockG\" id=\"rotateG_03\"><\/div>\n\t\t\t\t<div class=\"blockG\" id=\"rotateG_04\"><\/div>\n\t\t\t\t<div class=\"blockG\" id=\"rotateG_05\"><\/div>\n\t\t\t\t<div class=\"blockG\" id=\"rotateG_06\"><\/div>\n\t\t\t\t<div class=\"blockG\" id=\"rotateG_07\"><\/div>\n\t\t\t\t<div class=\"blockG\" id=\"rotateG_08\"><\/div>\n\t\t\t<\/div>\n\t\t\t<div class=\"WooZone-cross-sell-loader-text\"><\/div>\n\t\t<\/div>\n\t<\/div>\n\n\t\t\n<\/div>\n<div style=\"clear:both;\"><\/div><\/p>\n","protected":false},"excerpt":{"rendered":"<p>Die Odin 100 ist eine Zusammenarbeit von Dovpo, Vaperz Cloud und dem YouTuber \u201eThe Vaping Bogan\u201c. Der Akkutr\u00e4ger ist mit dem Dovpo 100 Chipsatz und einem farbigen TFT-Display ausgestattet.<br \/>\nDie Drei-Tasten-Einstellung erm\u00f6glicht die Konfiguration des Chipsatzes und das alles in Farbe. Die Fortsetzung der bekannten Dovpo Odin Reihe zeichnet sich jedoch nicht nur durch ein elegantes Design aus, der ergonomisch geformte Akkutr\u00e4ger bietet zudem Platz f\u00fcr einen 18650, 20700 oder 21700 Akku. Der Akku wird \u00fcber einen Verschlussmechanismus am Boden des Odin Mini Molds eingelegt und gehalten.<br \/>\nEr kann sowohl extern als auch im verbauten Zustand mittels USB Typ-C z\u00fcgig wieder aufgeladen werden. Rundum ist die Dovpo Odin 100 sehr gut gelungen und passt jetzt auch in jede Hosentasche.<\/p>\n","protected":false},"featured_media":79684,"comment_status":"open","ping_status":"closed","template":"","meta":[],"product_brand":[],"product_cat":[566,5626],"product_tag":[],"class_list":{"0":"post-79683","1":"product","2":"type-product","3":"status-publish","4":"has-post-thumbnail","6":"product_cat-drogerie-koerperpflege","7":"product_cat-elektronische-zigaretten-shishas-zubehoer","8":"pa_brand-dovpo","9":"pa_manufacturer-dovpo","11":"first","12":"instock","13":"shipping-taxable","14":"purchasable","15":"product-type-simple","16":"customify-col","17":"product-has-gallery"},"yoast_head":"<!-- This site is optimized with the Yoast SEO plugin v27.4 - https:\/\/yoast.com\/product\/yoast-seo-wordpress\/ -->\n<title>Dovpo Odin 100 100W Mod Akkutr\u00e4ger Farbe Rot - Markt-XXL<\/title>\n<meta name=\"description\" content=\"Markt-XXL Dovpo Odin 100 100W Mod Akkutr\u00e4ger Farbe Rot\" \/>\n<meta name=\"robots\" content=\"index, follow, max-snippet:-1, max-image-preview:large, max-video-preview:-1\" \/>\n<link rel=\"canonical\" href=\"https:\/\/marktxxl.de\/markt\/produkt\/dovpo-odin-100-100w-mod-akkutraeger\/\" \/>\n<meta property=\"og:locale\" content=\"de_DE\" \/>\n<meta property=\"og:type\" content=\"article\" \/>\n<meta property=\"og:title\" content=\"Dovpo Odin 100 100W Mod Akkutr\u00e4ger Farbe Rot - Markt-XXL\" \/>\n<meta property=\"og:description\" content=\"Markt-XXL Dovpo Odin 100 100W Mod Akkutr\u00e4ger Farbe Rot\" \/>\n<meta property=\"og:url\" content=\"https:\/\/marktxxl.de\/markt\/produkt\/dovpo-odin-100-100w-mod-akkutraeger\/\" \/>\n<meta property=\"og:site_name\" content=\"Markt-XXL\" \/>\n<meta property=\"article:modified_time\" content=\"2023-04-08T00:25:00+00:00\" \/>\n<meta property=\"og:image\" content=\"https:\/\/m.media-amazon.com\/images\/I\/41VghmCK+2L._SL500_.jpg\" \/>\n\t<meta property=\"og:image:width\" content=\"500\" \/>\n\t<meta property=\"og:image:height\" content=\"500\" \/>\n\t<meta property=\"og:image:type\" content=\"image\/jpeg\" \/>\n<meta name=\"twitter:card\" content=\"summary_large_image\" \/>\n<meta name=\"twitter:label1\" content=\"Gesch\u00e4tzte Lesezeit\" \/>\n\t<meta name=\"twitter:data1\" content=\"1\u00a0Minute\" \/>\n<script type=\"application\/ld+json\" class=\"yoast-schema-graph\">{\"@context\":\"https:\\\/\\\/schema.org\",\"@graph\":[{\"@type\":\"WebPage\",\"@id\":\"https:\\\/\\\/marktxxl.de\\\/markt\\\/produkt\\\/dovpo-odin-100-100w-mod-akkutraeger\\\/\",\"url\":\"https:\\\/\\\/marktxxl.de\\\/markt\\\/produkt\\\/dovpo-odin-100-100w-mod-akkutraeger\\\/\",\"name\":\"Dovpo Odin 100 100W Mod Akkutr\u00e4ger Farbe Rot - Markt-XXL\",\"isPartOf\":{\"@id\":\"https:\\\/\\\/marktxxl.de\\\/markt\\\/#website\"},\"primaryImageOfPage\":{\"@id\":\"https:\\\/\\\/marktxxl.de\\\/markt\\\/produkt\\\/dovpo-odin-100-100w-mod-akkutraeger\\\/#primaryimage\"},\"image\":{\"@id\":\"https:\\\/\\\/marktxxl.de\\\/markt\\\/produkt\\\/dovpo-odin-100-100w-mod-akkutraeger\\\/#primaryimage\"},\"thumbnailUrl\":\"https:\\\/\\\/m.media-amazon.com\\\/images\\\/I\\\/41VghmCK+2L._SL500_.jpg\",\"datePublished\":\"2021-11-25T16:00:15+00:00\",\"dateModified\":\"2023-04-08T00:25:00+00:00\",\"description\":\"Markt-XXL Dovpo Odin 100 100W Mod Akkutr\u00e4ger Farbe Rot\",\"breadcrumb\":{\"@id\":\"https:\\\/\\\/marktxxl.de\\\/markt\\\/produkt\\\/dovpo-odin-100-100w-mod-akkutraeger\\\/#breadcrumb\"},\"inLanguage\":\"de\",\"potentialAction\":[{\"@type\":\"ReadAction\",\"target\":[\"https:\\\/\\\/marktxxl.de\\\/markt\\\/produkt\\\/dovpo-odin-100-100w-mod-akkutraeger\\\/\"]}]},{\"@type\":\"ImageObject\",\"inLanguage\":\"de\",\"@id\":\"https:\\\/\\\/marktxxl.de\\\/markt\\\/produkt\\\/dovpo-odin-100-100w-mod-akkutraeger\\\/#primaryimage\",\"url\":\"https:\\\/\\\/m.media-amazon.com\\\/images\\\/I\\\/41VghmCK+2L._SL500_.jpg\",\"contentUrl\":\"https:\\\/\\\/m.media-amazon.com\\\/images\\\/I\\\/41VghmCK+2L._SL500_.jpg\",\"width\":500,\"height\":500},{\"@type\":\"BreadcrumbList\",\"@id\":\"https:\\\/\\\/marktxxl.de\\\/markt\\\/produkt\\\/dovpo-odin-100-100w-mod-akkutraeger\\\/#breadcrumb\",\"itemListElement\":[{\"@type\":\"ListItem\",\"position\":1,\"name\":\"Startseite\",\"item\":\"https:\\\/\\\/marktxxl.de\\\/markt\\\/\"},{\"@type\":\"ListItem\",\"position\":2,\"name\":\"Markt\",\"item\":\"https:\\\/\\\/marktxxl.de\\\/markt\\\/\"},{\"@type\":\"ListItem\",\"position\":3,\"name\":\"Dovpo Odin 100 100W Mod Akkutr\u00e4ger Farbe Rot\"}]},{\"@type\":\"WebSite\",\"@id\":\"https:\\\/\\\/marktxxl.de\\\/markt\\\/#website\",\"url\":\"https:\\\/\\\/marktxxl.de\\\/markt\\\/\",\"name\":\"Markt-XXL\",\"description\":\"Ihr Markt Online\",\"publisher\":{\"@id\":\"https:\\\/\\\/marktxxl.de\\\/markt\\\/#organization\"},\"potentialAction\":[{\"@type\":\"SearchAction\",\"target\":{\"@type\":\"EntryPoint\",\"urlTemplate\":\"https:\\\/\\\/marktxxl.de\\\/markt\\\/?s={search_term_string}\"},\"query-input\":{\"@type\":\"PropertyValueSpecification\",\"valueRequired\":true,\"valueName\":\"search_term_string\"}}],\"inLanguage\":\"de\"},{\"@type\":\"Organization\",\"@id\":\"https:\\\/\\\/marktxxl.de\\\/markt\\\/#organization\",\"name\":\"Markt-XXL\",\"url\":\"https:\\\/\\\/marktxxl.de\\\/markt\\\/\",\"logo\":{\"@type\":\"ImageObject\",\"inLanguage\":\"de\",\"@id\":\"https:\\\/\\\/marktxxl.de\\\/markt\\\/#\\\/schema\\\/logo\\\/image\\\/\",\"url\":\"https:\\\/\\\/marktxxl.de\\\/markt\\\/wp-content\\\/uploads\\\/sites\\\/3\\\/2020\\\/12\\\/logo.png\",\"contentUrl\":\"https:\\\/\\\/marktxxl.de\\\/markt\\\/wp-content\\\/uploads\\\/sites\\\/3\\\/2020\\\/12\\\/logo.png\",\"width\":200,\"height\":70,\"caption\":\"Markt-XXL\"},\"image\":{\"@id\":\"https:\\\/\\\/marktxxl.de\\\/markt\\\/#\\\/schema\\\/logo\\\/image\\\/\"}}]}<\/script>\n<!-- \/ Yoast SEO plugin. -->","yoast_head_json":{"title":"Dovpo Odin 100 100W Mod Akkutr\u00e4ger Farbe Rot - Markt-XXL","description":"Markt-XXL Dovpo Odin 100 100W Mod Akkutr\u00e4ger Farbe Rot","robots":{"index":"index","follow":"follow","max-snippet":"max-snippet:-1","max-image-preview":"max-image-preview:large","max-video-preview":"max-video-preview:-1"},"canonical":"https:\/\/marktxxl.de\/markt\/produkt\/dovpo-odin-100-100w-mod-akkutraeger\/","og_locale":"de_DE","og_type":"article","og_title":"Dovpo Odin 100 100W Mod Akkutr\u00e4ger Farbe Rot - Markt-XXL","og_description":"Markt-XXL Dovpo Odin 100 100W Mod Akkutr\u00e4ger Farbe Rot","og_url":"https:\/\/marktxxl.de\/markt\/produkt\/dovpo-odin-100-100w-mod-akkutraeger\/","og_site_name":"Markt-XXL","article_modified_time":"2023-04-08T00:25:00+00:00","og_image":[{"width":500,"height":500,"url":"https:\/\/m.media-amazon.com\/images\/I\/41VghmCK+2L._SL500_.jpg","type":"image\/jpeg"}],"twitter_card":"summary_large_image","twitter_misc":{"Gesch\u00e4tzte Lesezeit":"1\u00a0Minute"},"schema":{"@context":"https:\/\/schema.org","@graph":[{"@type":"WebPage","@id":"https:\/\/marktxxl.de\/markt\/produkt\/dovpo-odin-100-100w-mod-akkutraeger\/","url":"https:\/\/marktxxl.de\/markt\/produkt\/dovpo-odin-100-100w-mod-akkutraeger\/","name":"Dovpo Odin 100 100W Mod Akkutr\u00e4ger Farbe Rot - Markt-XXL","isPartOf":{"@id":"https:\/\/marktxxl.de\/markt\/#website"},"primaryImageOfPage":{"@id":"https:\/\/marktxxl.de\/markt\/produkt\/dovpo-odin-100-100w-mod-akkutraeger\/#primaryimage"},"image":{"@id":"https:\/\/marktxxl.de\/markt\/produkt\/dovpo-odin-100-100w-mod-akkutraeger\/#primaryimage"},"thumbnailUrl":"https:\/\/m.media-amazon.com\/images\/I\/41VghmCK+2L._SL500_.jpg","datePublished":"2021-11-25T16:00:15+00:00","dateModified":"2023-04-08T00:25:00+00:00","description":"Markt-XXL Dovpo Odin 100 100W Mod Akkutr\u00e4ger Farbe Rot","breadcrumb":{"@id":"https:\/\/marktxxl.de\/markt\/produkt\/dovpo-odin-100-100w-mod-akkutraeger\/#breadcrumb"},"inLanguage":"de","potentialAction":[{"@type":"ReadAction","target":["https:\/\/marktxxl.de\/markt\/produkt\/dovpo-odin-100-100w-mod-akkutraeger\/"]}]},{"@type":"ImageObject","inLanguage":"de","@id":"https:\/\/marktxxl.de\/markt\/produkt\/dovpo-odin-100-100w-mod-akkutraeger\/#primaryimage","url":"https:\/\/m.media-amazon.com\/images\/I\/41VghmCK+2L._SL500_.jpg","contentUrl":"https:\/\/m.media-amazon.com\/images\/I\/41VghmCK+2L._SL500_.jpg","width":500,"height":500},{"@type":"BreadcrumbList","@id":"https:\/\/marktxxl.de\/markt\/produkt\/dovpo-odin-100-100w-mod-akkutraeger\/#breadcrumb","itemListElement":[{"@type":"ListItem","position":1,"name":"Startseite","item":"https:\/\/marktxxl.de\/markt\/"},{"@type":"ListItem","position":2,"name":"Markt","item":"https:\/\/marktxxl.de\/markt\/"},{"@type":"ListItem","position":3,"name":"Dovpo Odin 100 100W Mod Akkutr\u00e4ger Farbe Rot"}]},{"@type":"WebSite","@id":"https:\/\/marktxxl.de\/markt\/#website","url":"https:\/\/marktxxl.de\/markt\/","name":"Markt-XXL","description":"Ihr Markt Online","publisher":{"@id":"https:\/\/marktxxl.de\/markt\/#organization"},"potentialAction":[{"@type":"SearchAction","target":{"@type":"EntryPoint","urlTemplate":"https:\/\/marktxxl.de\/markt\/?s={search_term_string}"},"query-input":{"@type":"PropertyValueSpecification","valueRequired":true,"valueName":"search_term_string"}}],"inLanguage":"de"},{"@type":"Organization","@id":"https:\/\/marktxxl.de\/markt\/#organization","name":"Markt-XXL","url":"https:\/\/marktxxl.de\/markt\/","logo":{"@type":"ImageObject","inLanguage":"de","@id":"https:\/\/marktxxl.de\/markt\/#\/schema\/logo\/image\/","url":"https:\/\/marktxxl.de\/markt\/wp-content\/uploads\/sites\/3\/2020\/12\/logo.png","contentUrl":"https:\/\/marktxxl.de\/markt\/wp-content\/uploads\/sites\/3\/2020\/12\/logo.png","width":200,"height":70,"caption":"Markt-XXL"},"image":{"@id":"https:\/\/marktxxl.de\/markt\/#\/schema\/logo\/image\/"}}]}},"_links":{"self":[{"href":"https:\/\/marktxxl.de\/markt\/wp-json\/wp\/v2\/product\/79683","targetHints":{"allow":["GET"]}}],"collection":[{"href":"https:\/\/marktxxl.de\/markt\/wp-json\/wp\/v2\/product"}],"about":[{"href":"https:\/\/marktxxl.de\/markt\/wp-json\/wp\/v2\/types\/product"}],"replies":[{"embeddable":true,"href":"https:\/\/marktxxl.de\/markt\/wp-json\/wp\/v2\/comments?post=79683"}],"wp:featuredmedia":[{"embeddable":true,"href":"https:\/\/marktxxl.de\/markt\/wp-json\/wp\/v2\/media\/79684"}],"wp:attachment":[{"href":"https:\/\/marktxxl.de\/markt\/wp-json\/wp\/v2\/media?parent=79683"}],"wp:term":[{"taxonomy":"product_brand","embeddable":true,"href":"https:\/\/marktxxl.de\/markt\/wp-json\/wp\/v2\/product_brand?post=79683"},{"taxonomy":"product_cat","embeddable":true,"href":"https:\/\/marktxxl.de\/markt\/wp-json\/wp\/v2\/product_cat?post=79683"},{"taxonomy":"product_tag","embeddable":true,"href":"https:\/\/marktxxl.de\/markt\/wp-json\/wp\/v2\/product_tag?post=79683"}],"curies":[{"name":"wp","href":"https:\/\/api.w.org\/{rel}","templated":true}]}}