{"id":79655,"date":"2021-11-25T16:57:47","date_gmt":"2021-11-25T15:57:47","guid":{"rendered":"https:\/\/marktxxl.de\/markt\/produkt\/voopoo-pnp-vm1-mesh-coil-fuer-vinci-kit-mit-dem-pnp-vm1-03-ohm-mesh-coil-fuer-ihren-pod-e-cigerette-vape-coil\/"},"modified":"2023-04-08T02:25:00","modified_gmt":"2023-04-08T00:25:00","slug":"voopoo-pnp-vm1-mesh-coil-fuer-vinci-kit-mit-dem-pnp-vm1-03-ohm-mesh-coil-fuer-ihren-pod-e-cigerette-vape-coil","status":"publish","type":"product","link":"https:\/\/marktxxl.de\/markt\/produkt\/voopoo-pnp-vm1-mesh-coil-fuer-vinci-kit-mit-dem-pnp-vm1-03-ohm-mesh-coil-fuer-ihren-pod-e-cigerette-vape-coil\/","title":{"rendered":"VOOPOO PnP-VM1 Mesh Coil f\u00fcr VINCI Kit Mit dem PnP-VM1 0,3 Ohm Mesh Coil f\u00fcr Ihren Pod E-Cigerette Vape Coil"},"content":{"rendered":"<p>Spulenwiderstand: PnP-VM1 0,3 Ohm<br \/>\nPnP-VM1 0,3 Ohm: Mesh 0,3 Ohm Spule f\u00fcr reines E-Liquid (Nikotin \u2264 10 mg) (32-40 W).<br \/>\nPassend f\u00fcr Voopoo Vinci Mod Pod Kit und Voopoo Vinci R Mod Pod Kit<br \/>\nSie erhalten 5 St\u00fcck.<br \/>\n&#8220;Dieses Produkt enth\u00e4lt Nikotin, das eine sehr s\u00fcchtig machende Substanz ist, gilt nur, wenn das Ger\u00e4t mit Nikotin verwendet wird, aber unsere Artikel enthalten kein Nikotin. Bitte bewahren Sie dieses Produkt au\u00dferhalb der Reichweite von Kindern auf.<br \/>\n<div class=\"main-cross-sell\" data-asin=\"B081354SDW\">\n\n\t<div class=\"WooZone-cross-sell-loader\">\n\t\t<div>\n\t\t\t<div id=\"floatingBarsG\">\n\t\t\t\t<div class=\"blockG\" id=\"rotateG_01\"><\/div>\n\t\t\t\t<div class=\"blockG\" id=\"rotateG_02\"><\/div>\n\t\t\t\t<div class=\"blockG\" id=\"rotateG_03\"><\/div>\n\t\t\t\t<div class=\"blockG\" id=\"rotateG_04\"><\/div>\n\t\t\t\t<div class=\"blockG\" id=\"rotateG_05\"><\/div>\n\t\t\t\t<div class=\"blockG\" id=\"rotateG_06\"><\/div>\n\t\t\t\t<div class=\"blockG\" id=\"rotateG_07\"><\/div>\n\t\t\t\t<div class=\"blockG\" id=\"rotateG_08\"><\/div>\n\t\t\t<\/div>\n\t\t\t<div class=\"WooZone-cross-sell-loader-text\"><\/div>\n\t\t<\/div>\n\t<\/div>\n\n\t\t\n<\/div>\n<div style=\"clear:both;\"><\/div><\/p>\n","protected":false},"excerpt":{"rendered":"<p>Spulenwiderstand: PnP-VM1 0,3 Ohm<br \/>\nPnP-VM1 0,3 Ohm: Mesh 0,3 Ohm Spule f\u00fcr reines E-Liquid (Nikotin \u2264 10 mg) (32-40 W).<br \/>\nPassend f\u00fcr Voopoo Vinci Mod Pod Kit und Voopoo Vinci R Mod Pod Kit<\/p>\n","protected":false},"featured_media":79656,"comment_status":"open","ping_status":"closed","template":"","meta":[],"product_brand":[],"product_cat":[566,5626],"product_tag":[],"class_list":{"0":"post-79655","1":"product","2":"type-product","3":"status-publish","4":"has-post-thumbnail","6":"product_cat-drogerie-koerperpflege","7":"product_cat-elektronische-zigaretten-shishas-zubehoer","8":"pa_binding-badartikel","9":"pa_brand-vapmore","10":"pa_manufacturer-vapmore","11":"pa_size-5-stueck-1er-pack","13":"first","14":"instock","15":"shipping-taxable","16":"purchasable","17":"product-type-simple","18":"customify-col","19":"product-has-gallery"},"yoast_head":"<!-- This site is optimized with the Yoast SEO plugin v27.4 - https:\/\/yoast.com\/product\/yoast-seo-wordpress\/ -->\n<title>VOOPOO PnP-VM1 Mesh Coil f\u00fcr VINCI Kit Mit dem PnP-VM1 0,3 Ohm Mesh Coil f\u00fcr Ihren Pod E-Cigerette Vape Coil - Markt-XXL<\/title>\n<meta name=\"description\" content=\"Markt-XXL VOOPOO PnP-VM1 Mesh Coil f\u00fcr VINCI Kit Mit dem PnP-VM1 0,3 Ohm Mesh Coil f\u00fcr Ihren Pod E-Cigerette Vape Coil\" \/>\n<meta name=\"robots\" content=\"index, follow, max-snippet:-1, max-image-preview:large, max-video-preview:-1\" \/>\n<link rel=\"canonical\" href=\"https:\/\/marktxxl.de\/markt\/produkt\/voopoo-pnp-vm1-mesh-coil-fuer-vinci-kit-mit-dem-pnp-vm1-03-ohm-mesh-coil-fuer-ihren-pod-e-cigerette-vape-coil\/\" \/>\n<meta property=\"og:locale\" content=\"de_DE\" \/>\n<meta property=\"og:type\" content=\"article\" \/>\n<meta property=\"og:title\" content=\"VOOPOO PnP-VM1 Mesh Coil f\u00fcr VINCI Kit Mit dem PnP-VM1 0,3 Ohm Mesh Coil f\u00fcr Ihren Pod E-Cigerette Vape Coil - Markt-XXL\" \/>\n<meta property=\"og:description\" content=\"Markt-XXL VOOPOO PnP-VM1 Mesh Coil f\u00fcr VINCI Kit Mit dem PnP-VM1 0,3 Ohm Mesh Coil f\u00fcr Ihren Pod E-Cigerette Vape Coil\" \/>\n<meta property=\"og:url\" content=\"https:\/\/marktxxl.de\/markt\/produkt\/voopoo-pnp-vm1-mesh-coil-fuer-vinci-kit-mit-dem-pnp-vm1-03-ohm-mesh-coil-fuer-ihren-pod-e-cigerette-vape-coil\/\" \/>\n<meta property=\"og:site_name\" content=\"Markt-XXL\" \/>\n<meta property=\"article:modified_time\" content=\"2023-04-08T00:25:00+00:00\" \/>\n<meta property=\"og:image\" content=\"https:\/\/m.media-amazon.com\/images\/I\/31vbGpGFAgL._SL500_.jpg\" \/>\n\t<meta property=\"og:image:width\" content=\"500\" \/>\n\t<meta property=\"og:image:height\" content=\"500\" \/>\n\t<meta property=\"og:image:type\" content=\"image\/jpeg\" \/>\n<meta name=\"twitter:card\" content=\"summary_large_image\" \/>\n<script type=\"application\/ld+json\" class=\"yoast-schema-graph\">{\"@context\":\"https:\\\/\\\/schema.org\",\"@graph\":[{\"@type\":\"WebPage\",\"@id\":\"https:\\\/\\\/marktxxl.de\\\/markt\\\/produkt\\\/voopoo-pnp-vm1-mesh-coil-fuer-vinci-kit-mit-dem-pnp-vm1-03-ohm-mesh-coil-fuer-ihren-pod-e-cigerette-vape-coil\\\/\",\"url\":\"https:\\\/\\\/marktxxl.de\\\/markt\\\/produkt\\\/voopoo-pnp-vm1-mesh-coil-fuer-vinci-kit-mit-dem-pnp-vm1-03-ohm-mesh-coil-fuer-ihren-pod-e-cigerette-vape-coil\\\/\",\"name\":\"VOOPOO PnP-VM1 Mesh Coil f\u00fcr VINCI Kit Mit dem PnP-VM1 0,3 Ohm Mesh Coil f\u00fcr Ihren Pod E-Cigerette Vape Coil - Markt-XXL\",\"isPartOf\":{\"@id\":\"https:\\\/\\\/marktxxl.de\\\/markt\\\/#website\"},\"primaryImageOfPage\":{\"@id\":\"https:\\\/\\\/marktxxl.de\\\/markt\\\/produkt\\\/voopoo-pnp-vm1-mesh-coil-fuer-vinci-kit-mit-dem-pnp-vm1-03-ohm-mesh-coil-fuer-ihren-pod-e-cigerette-vape-coil\\\/#primaryimage\"},\"image\":{\"@id\":\"https:\\\/\\\/marktxxl.de\\\/markt\\\/produkt\\\/voopoo-pnp-vm1-mesh-coil-fuer-vinci-kit-mit-dem-pnp-vm1-03-ohm-mesh-coil-fuer-ihren-pod-e-cigerette-vape-coil\\\/#primaryimage\"},\"thumbnailUrl\":\"https:\\\/\\\/m.media-amazon.com\\\/images\\\/I\\\/31vbGpGFAgL._SL500_.jpg\",\"datePublished\":\"2021-11-25T15:57:47+00:00\",\"dateModified\":\"2023-04-08T00:25:00+00:00\",\"description\":\"Markt-XXL VOOPOO PnP-VM1 Mesh Coil f\u00fcr VINCI Kit Mit dem PnP-VM1 0,3 Ohm Mesh Coil f\u00fcr Ihren Pod E-Cigerette Vape Coil\",\"breadcrumb\":{\"@id\":\"https:\\\/\\\/marktxxl.de\\\/markt\\\/produkt\\\/voopoo-pnp-vm1-mesh-coil-fuer-vinci-kit-mit-dem-pnp-vm1-03-ohm-mesh-coil-fuer-ihren-pod-e-cigerette-vape-coil\\\/#breadcrumb\"},\"inLanguage\":\"de\",\"potentialAction\":[{\"@type\":\"ReadAction\",\"target\":[\"https:\\\/\\\/marktxxl.de\\\/markt\\\/produkt\\\/voopoo-pnp-vm1-mesh-coil-fuer-vinci-kit-mit-dem-pnp-vm1-03-ohm-mesh-coil-fuer-ihren-pod-e-cigerette-vape-coil\\\/\"]}]},{\"@type\":\"ImageObject\",\"inLanguage\":\"de\",\"@id\":\"https:\\\/\\\/marktxxl.de\\\/markt\\\/produkt\\\/voopoo-pnp-vm1-mesh-coil-fuer-vinci-kit-mit-dem-pnp-vm1-03-ohm-mesh-coil-fuer-ihren-pod-e-cigerette-vape-coil\\\/#primaryimage\",\"url\":\"https:\\\/\\\/m.media-amazon.com\\\/images\\\/I\\\/31vbGpGFAgL._SL500_.jpg\",\"contentUrl\":\"https:\\\/\\\/m.media-amazon.com\\\/images\\\/I\\\/31vbGpGFAgL._SL500_.jpg\",\"width\":500,\"height\":500},{\"@type\":\"BreadcrumbList\",\"@id\":\"https:\\\/\\\/marktxxl.de\\\/markt\\\/produkt\\\/voopoo-pnp-vm1-mesh-coil-fuer-vinci-kit-mit-dem-pnp-vm1-03-ohm-mesh-coil-fuer-ihren-pod-e-cigerette-vape-coil\\\/#breadcrumb\",\"itemListElement\":[{\"@type\":\"ListItem\",\"position\":1,\"name\":\"Startseite\",\"item\":\"https:\\\/\\\/marktxxl.de\\\/markt\\\/\"},{\"@type\":\"ListItem\",\"position\":2,\"name\":\"Markt\",\"item\":\"https:\\\/\\\/marktxxl.de\\\/markt\\\/\"},{\"@type\":\"ListItem\",\"position\":3,\"name\":\"VOOPOO PnP-VM1 Mesh Coil f\u00fcr VINCI Kit Mit dem PnP-VM1 0,3 Ohm Mesh Coil f\u00fcr Ihren Pod E-Cigerette Vape Coil\"}]},{\"@type\":\"WebSite\",\"@id\":\"https:\\\/\\\/marktxxl.de\\\/markt\\\/#website\",\"url\":\"https:\\\/\\\/marktxxl.de\\\/markt\\\/\",\"name\":\"Markt-XXL\",\"description\":\"Ihr Markt Online\",\"publisher\":{\"@id\":\"https:\\\/\\\/marktxxl.de\\\/markt\\\/#organization\"},\"potentialAction\":[{\"@type\":\"SearchAction\",\"target\":{\"@type\":\"EntryPoint\",\"urlTemplate\":\"https:\\\/\\\/marktxxl.de\\\/markt\\\/?s={search_term_string}\"},\"query-input\":{\"@type\":\"PropertyValueSpecification\",\"valueRequired\":true,\"valueName\":\"search_term_string\"}}],\"inLanguage\":\"de\"},{\"@type\":\"Organization\",\"@id\":\"https:\\\/\\\/marktxxl.de\\\/markt\\\/#organization\",\"name\":\"Markt-XXL\",\"url\":\"https:\\\/\\\/marktxxl.de\\\/markt\\\/\",\"logo\":{\"@type\":\"ImageObject\",\"inLanguage\":\"de\",\"@id\":\"https:\\\/\\\/marktxxl.de\\\/markt\\\/#\\\/schema\\\/logo\\\/image\\\/\",\"url\":\"https:\\\/\\\/marktxxl.de\\\/markt\\\/wp-content\\\/uploads\\\/sites\\\/3\\\/2020\\\/12\\\/logo.png\",\"contentUrl\":\"https:\\\/\\\/marktxxl.de\\\/markt\\\/wp-content\\\/uploads\\\/sites\\\/3\\\/2020\\\/12\\\/logo.png\",\"width\":200,\"height\":70,\"caption\":\"Markt-XXL\"},\"image\":{\"@id\":\"https:\\\/\\\/marktxxl.de\\\/markt\\\/#\\\/schema\\\/logo\\\/image\\\/\"}}]}<\/script>\n<!-- \/ Yoast SEO plugin. -->","yoast_head_json":{"title":"VOOPOO PnP-VM1 Mesh Coil f\u00fcr VINCI Kit Mit dem PnP-VM1 0,3 Ohm Mesh Coil f\u00fcr Ihren Pod E-Cigerette Vape Coil - Markt-XXL","description":"Markt-XXL VOOPOO PnP-VM1 Mesh Coil f\u00fcr VINCI Kit Mit dem PnP-VM1 0,3 Ohm Mesh Coil f\u00fcr Ihren Pod E-Cigerette Vape Coil","robots":{"index":"index","follow":"follow","max-snippet":"max-snippet:-1","max-image-preview":"max-image-preview:large","max-video-preview":"max-video-preview:-1"},"canonical":"https:\/\/marktxxl.de\/markt\/produkt\/voopoo-pnp-vm1-mesh-coil-fuer-vinci-kit-mit-dem-pnp-vm1-03-ohm-mesh-coil-fuer-ihren-pod-e-cigerette-vape-coil\/","og_locale":"de_DE","og_type":"article","og_title":"VOOPOO PnP-VM1 Mesh Coil f\u00fcr VINCI Kit Mit dem PnP-VM1 0,3 Ohm Mesh Coil f\u00fcr Ihren Pod E-Cigerette Vape Coil - Markt-XXL","og_description":"Markt-XXL VOOPOO PnP-VM1 Mesh Coil f\u00fcr VINCI Kit Mit dem PnP-VM1 0,3 Ohm Mesh Coil f\u00fcr Ihren Pod E-Cigerette Vape Coil","og_url":"https:\/\/marktxxl.de\/markt\/produkt\/voopoo-pnp-vm1-mesh-coil-fuer-vinci-kit-mit-dem-pnp-vm1-03-ohm-mesh-coil-fuer-ihren-pod-e-cigerette-vape-coil\/","og_site_name":"Markt-XXL","article_modified_time":"2023-04-08T00:25:00+00:00","og_image":[{"width":500,"height":500,"url":"https:\/\/m.media-amazon.com\/images\/I\/31vbGpGFAgL._SL500_.jpg","type":"image\/jpeg"}],"twitter_card":"summary_large_image","schema":{"@context":"https:\/\/schema.org","@graph":[{"@type":"WebPage","@id":"https:\/\/marktxxl.de\/markt\/produkt\/voopoo-pnp-vm1-mesh-coil-fuer-vinci-kit-mit-dem-pnp-vm1-03-ohm-mesh-coil-fuer-ihren-pod-e-cigerette-vape-coil\/","url":"https:\/\/marktxxl.de\/markt\/produkt\/voopoo-pnp-vm1-mesh-coil-fuer-vinci-kit-mit-dem-pnp-vm1-03-ohm-mesh-coil-fuer-ihren-pod-e-cigerette-vape-coil\/","name":"VOOPOO PnP-VM1 Mesh Coil f\u00fcr VINCI Kit Mit dem PnP-VM1 0,3 Ohm Mesh Coil f\u00fcr Ihren Pod E-Cigerette Vape Coil - Markt-XXL","isPartOf":{"@id":"https:\/\/marktxxl.de\/markt\/#website"},"primaryImageOfPage":{"@id":"https:\/\/marktxxl.de\/markt\/produkt\/voopoo-pnp-vm1-mesh-coil-fuer-vinci-kit-mit-dem-pnp-vm1-03-ohm-mesh-coil-fuer-ihren-pod-e-cigerette-vape-coil\/#primaryimage"},"image":{"@id":"https:\/\/marktxxl.de\/markt\/produkt\/voopoo-pnp-vm1-mesh-coil-fuer-vinci-kit-mit-dem-pnp-vm1-03-ohm-mesh-coil-fuer-ihren-pod-e-cigerette-vape-coil\/#primaryimage"},"thumbnailUrl":"https:\/\/m.media-amazon.com\/images\/I\/31vbGpGFAgL._SL500_.jpg","datePublished":"2021-11-25T15:57:47+00:00","dateModified":"2023-04-08T00:25:00+00:00","description":"Markt-XXL VOOPOO PnP-VM1 Mesh Coil f\u00fcr VINCI Kit Mit dem PnP-VM1 0,3 Ohm Mesh Coil f\u00fcr Ihren Pod E-Cigerette Vape Coil","breadcrumb":{"@id":"https:\/\/marktxxl.de\/markt\/produkt\/voopoo-pnp-vm1-mesh-coil-fuer-vinci-kit-mit-dem-pnp-vm1-03-ohm-mesh-coil-fuer-ihren-pod-e-cigerette-vape-coil\/#breadcrumb"},"inLanguage":"de","potentialAction":[{"@type":"ReadAction","target":["https:\/\/marktxxl.de\/markt\/produkt\/voopoo-pnp-vm1-mesh-coil-fuer-vinci-kit-mit-dem-pnp-vm1-03-ohm-mesh-coil-fuer-ihren-pod-e-cigerette-vape-coil\/"]}]},{"@type":"ImageObject","inLanguage":"de","@id":"https:\/\/marktxxl.de\/markt\/produkt\/voopoo-pnp-vm1-mesh-coil-fuer-vinci-kit-mit-dem-pnp-vm1-03-ohm-mesh-coil-fuer-ihren-pod-e-cigerette-vape-coil\/#primaryimage","url":"https:\/\/m.media-amazon.com\/images\/I\/31vbGpGFAgL._SL500_.jpg","contentUrl":"https:\/\/m.media-amazon.com\/images\/I\/31vbGpGFAgL._SL500_.jpg","width":500,"height":500},{"@type":"BreadcrumbList","@id":"https:\/\/marktxxl.de\/markt\/produkt\/voopoo-pnp-vm1-mesh-coil-fuer-vinci-kit-mit-dem-pnp-vm1-03-ohm-mesh-coil-fuer-ihren-pod-e-cigerette-vape-coil\/#breadcrumb","itemListElement":[{"@type":"ListItem","position":1,"name":"Startseite","item":"https:\/\/marktxxl.de\/markt\/"},{"@type":"ListItem","position":2,"name":"Markt","item":"https:\/\/marktxxl.de\/markt\/"},{"@type":"ListItem","position":3,"name":"VOOPOO PnP-VM1 Mesh Coil f\u00fcr VINCI Kit Mit dem PnP-VM1 0,3 Ohm Mesh Coil f\u00fcr Ihren Pod E-Cigerette Vape Coil"}]},{"@type":"WebSite","@id":"https:\/\/marktxxl.de\/markt\/#website","url":"https:\/\/marktxxl.de\/markt\/","name":"Markt-XXL","description":"Ihr Markt Online","publisher":{"@id":"https:\/\/marktxxl.de\/markt\/#organization"},"potentialAction":[{"@type":"SearchAction","target":{"@type":"EntryPoint","urlTemplate":"https:\/\/marktxxl.de\/markt\/?s={search_term_string}"},"query-input":{"@type":"PropertyValueSpecification","valueRequired":true,"valueName":"search_term_string"}}],"inLanguage":"de"},{"@type":"Organization","@id":"https:\/\/marktxxl.de\/markt\/#organization","name":"Markt-XXL","url":"https:\/\/marktxxl.de\/markt\/","logo":{"@type":"ImageObject","inLanguage":"de","@id":"https:\/\/marktxxl.de\/markt\/#\/schema\/logo\/image\/","url":"https:\/\/marktxxl.de\/markt\/wp-content\/uploads\/sites\/3\/2020\/12\/logo.png","contentUrl":"https:\/\/marktxxl.de\/markt\/wp-content\/uploads\/sites\/3\/2020\/12\/logo.png","width":200,"height":70,"caption":"Markt-XXL"},"image":{"@id":"https:\/\/marktxxl.de\/markt\/#\/schema\/logo\/image\/"}}]}},"_links":{"self":[{"href":"https:\/\/marktxxl.de\/markt\/wp-json\/wp\/v2\/product\/79655","targetHints":{"allow":["GET"]}}],"collection":[{"href":"https:\/\/marktxxl.de\/markt\/wp-json\/wp\/v2\/product"}],"about":[{"href":"https:\/\/marktxxl.de\/markt\/wp-json\/wp\/v2\/types\/product"}],"replies":[{"embeddable":true,"href":"https:\/\/marktxxl.de\/markt\/wp-json\/wp\/v2\/comments?post=79655"}],"wp:featuredmedia":[{"embeddable":true,"href":"https:\/\/marktxxl.de\/markt\/wp-json\/wp\/v2\/media\/79656"}],"wp:attachment":[{"href":"https:\/\/marktxxl.de\/markt\/wp-json\/wp\/v2\/media?parent=79655"}],"wp:term":[{"taxonomy":"product_brand","embeddable":true,"href":"https:\/\/marktxxl.de\/markt\/wp-json\/wp\/v2\/product_brand?post=79655"},{"taxonomy":"product_cat","embeddable":true,"href":"https:\/\/marktxxl.de\/markt\/wp-json\/wp\/v2\/product_cat?post=79655"},{"taxonomy":"product_tag","embeddable":true,"href":"https:\/\/marktxxl.de\/markt\/wp-json\/wp\/v2\/product_tag?post=79655"}],"curies":[{"name":"wp","href":"https:\/\/api.w.org\/{rel}","templated":true}]}}