{"id":79611,"date":"2021-11-25T16:54:37","date_gmt":"2021-11-25T15:54:37","guid":{"rendered":"https:\/\/marktxxl.de\/markt\/produkt\/aspire-nautilus-x-glasverstaerker-adapter-set-2-stueck-fuer-aspire-nautilus-x-tank-nikotinfrei\/"},"modified":"2023-04-11T02:54:18","modified_gmt":"2023-04-11T00:54:18","slug":"aspire-nautilus-x-glasverstaerker-adapter-set-2-stueck-fuer-aspire-nautilus-x-tank-nikotinfrei","status":"publish","type":"product","link":"https:\/\/marktxxl.de\/markt\/produkt\/aspire-nautilus-x-glasverstaerker-adapter-set-2-stueck-fuer-aspire-nautilus-x-tank-nikotinfrei\/","title":{"rendered":"Aspire Nautilus X Glasverst\u00e4rker-Adapter-Set (2 St\u00fcck) f\u00fcr Aspire Nautilus X Tank \u2013 nikotinfrei"},"content":{"rendered":"<p>Aspire Nautilus X Pyrex Booster-Adapter-Set, 2er-Pack SmartGek<br \/>\nKompatibel mit Aspire Nautilus X Tank<br \/>\nDas Set enth\u00e4lt einen Spulenadapter und gr\u00f6\u00dferes Pyrex-Glas.<br \/>\nKann den Nautilus X 2 ml Tank aufr\u00fcsten.<br \/>\nNikotinfrei Bewahren Sie dieses Produkt au\u00dferhalb der Reichweite von Kindern auf. Dieses Produkt enth\u00e4lt Nikotin, das eine stark s\u00fcchtig machende Substanz ist. Gilt nur, wenn das Ger\u00e4t mit Nikotin verwendet wird.<br \/>\n<div class=\"main-cross-sell\" data-asin=\"B08B8PGCX9\">\n\n\t<div class=\"WooZone-cross-sell-loader\">\n\t\t<div>\n\t\t\t<div id=\"floatingBarsG\">\n\t\t\t\t<div class=\"blockG\" id=\"rotateG_01\"><\/div>\n\t\t\t\t<div class=\"blockG\" id=\"rotateG_02\"><\/div>\n\t\t\t\t<div class=\"blockG\" id=\"rotateG_03\"><\/div>\n\t\t\t\t<div class=\"blockG\" id=\"rotateG_04\"><\/div>\n\t\t\t\t<div class=\"blockG\" id=\"rotateG_05\"><\/div>\n\t\t\t\t<div class=\"blockG\" id=\"rotateG_06\"><\/div>\n\t\t\t\t<div class=\"blockG\" id=\"rotateG_07\"><\/div>\n\t\t\t\t<div class=\"blockG\" id=\"rotateG_08\"><\/div>\n\t\t\t<\/div>\n\t\t\t<div class=\"WooZone-cross-sell-loader-text\"><\/div>\n\t\t<\/div>\n\t<\/div>\n\n\t\t\n<\/div>\n<div style=\"clear:both;\"><\/div><\/p>\n","protected":false},"excerpt":{"rendered":"<p>Aspire Nautilus X Pyrex Booster-Adapter-Set, 2er-Pack SmartGek<br \/>\nKompatibel mit Aspire Nautilus X Tank<br \/>\nDas Set enth\u00e4lt einen Spulenadapter und gr\u00f6\u00dferes Pyrex-Glas.<\/p>\n","protected":false},"featured_media":79612,"comment_status":"open","ping_status":"closed","template":"","meta":[],"product_brand":[],"product_cat":[566,5626],"product_tag":[],"class_list":{"0":"post-79611","1":"product","2":"type-product","3":"status-publish","4":"has-post-thumbnail","6":"product_cat-drogerie-koerperpflege","7":"product_cat-elektronische-zigaretten-shishas-zubehoer","8":"pa_brand-smartgek","9":"pa_manufacturer-aspire-shenzhen-eigate-technology-co-ltd","11":"first","12":"instock","13":"shipping-taxable","14":"purchasable","15":"product-type-simple","16":"customify-col","17":"product-has-gallery"},"yoast_head":"<!-- This site is optimized with the Yoast SEO plugin v27.4 - https:\/\/yoast.com\/product\/yoast-seo-wordpress\/ -->\n<title>Aspire Nautilus X Glasverst\u00e4rker-Adapter-Set (2 St\u00fcck) f\u00fcr Aspire Nautilus X Tank \u2013 nikotinfrei - Markt-XXL<\/title>\n<meta name=\"description\" content=\"Markt-XXL Aspire Nautilus X Glasverst\u00e4rker-Adapter-Set (2 St\u00fcck) f\u00fcr Aspire Nautilus X Tank \u2013 nikotinfrei\" \/>\n<meta name=\"robots\" content=\"index, follow, max-snippet:-1, max-image-preview:large, max-video-preview:-1\" \/>\n<link rel=\"canonical\" href=\"https:\/\/marktxxl.de\/markt\/produkt\/aspire-nautilus-x-glasverstaerker-adapter-set-2-stueck-fuer-aspire-nautilus-x-tank-nikotinfrei\/\" \/>\n<meta property=\"og:locale\" content=\"de_DE\" \/>\n<meta property=\"og:type\" content=\"article\" \/>\n<meta property=\"og:title\" content=\"Aspire Nautilus X Glasverst\u00e4rker-Adapter-Set (2 St\u00fcck) f\u00fcr Aspire Nautilus X Tank \u2013 nikotinfrei - Markt-XXL\" \/>\n<meta property=\"og:description\" content=\"Markt-XXL Aspire Nautilus X Glasverst\u00e4rker-Adapter-Set (2 St\u00fcck) f\u00fcr Aspire Nautilus X Tank \u2013 nikotinfrei\" \/>\n<meta property=\"og:url\" content=\"https:\/\/marktxxl.de\/markt\/produkt\/aspire-nautilus-x-glasverstaerker-adapter-set-2-stueck-fuer-aspire-nautilus-x-tank-nikotinfrei\/\" \/>\n<meta property=\"og:site_name\" content=\"Markt-XXL\" \/>\n<meta property=\"article:modified_time\" content=\"2023-04-11T00:54:18+00:00\" \/>\n<meta property=\"og:image\" content=\"https:\/\/m.media-amazon.com\/images\/I\/31wCgPQGqzL._SL500_.jpg\" \/>\n\t<meta property=\"og:image:width\" content=\"268\" \/>\n\t<meta property=\"og:image:height\" content=\"394\" \/>\n\t<meta property=\"og:image:type\" content=\"image\/jpeg\" \/>\n<meta name=\"twitter:card\" content=\"summary_large_image\" \/>\n<script type=\"application\/ld+json\" class=\"yoast-schema-graph\">{\"@context\":\"https:\\\/\\\/schema.org\",\"@graph\":[{\"@type\":\"WebPage\",\"@id\":\"https:\\\/\\\/marktxxl.de\\\/markt\\\/produkt\\\/aspire-nautilus-x-glasverstaerker-adapter-set-2-stueck-fuer-aspire-nautilus-x-tank-nikotinfrei\\\/\",\"url\":\"https:\\\/\\\/marktxxl.de\\\/markt\\\/produkt\\\/aspire-nautilus-x-glasverstaerker-adapter-set-2-stueck-fuer-aspire-nautilus-x-tank-nikotinfrei\\\/\",\"name\":\"Aspire Nautilus X Glasverst\u00e4rker-Adapter-Set (2 St\u00fcck) f\u00fcr Aspire Nautilus X Tank \u2013 nikotinfrei - Markt-XXL\",\"isPartOf\":{\"@id\":\"https:\\\/\\\/marktxxl.de\\\/markt\\\/#website\"},\"primaryImageOfPage\":{\"@id\":\"https:\\\/\\\/marktxxl.de\\\/markt\\\/produkt\\\/aspire-nautilus-x-glasverstaerker-adapter-set-2-stueck-fuer-aspire-nautilus-x-tank-nikotinfrei\\\/#primaryimage\"},\"image\":{\"@id\":\"https:\\\/\\\/marktxxl.de\\\/markt\\\/produkt\\\/aspire-nautilus-x-glasverstaerker-adapter-set-2-stueck-fuer-aspire-nautilus-x-tank-nikotinfrei\\\/#primaryimage\"},\"thumbnailUrl\":\"https:\\\/\\\/m.media-amazon.com\\\/images\\\/I\\\/31wCgPQGqzL._SL500_.jpg\",\"datePublished\":\"2021-11-25T15:54:37+00:00\",\"dateModified\":\"2023-04-11T00:54:18+00:00\",\"description\":\"Markt-XXL Aspire Nautilus X Glasverst\u00e4rker-Adapter-Set (2 St\u00fcck) f\u00fcr Aspire Nautilus X Tank \u2013 nikotinfrei\",\"breadcrumb\":{\"@id\":\"https:\\\/\\\/marktxxl.de\\\/markt\\\/produkt\\\/aspire-nautilus-x-glasverstaerker-adapter-set-2-stueck-fuer-aspire-nautilus-x-tank-nikotinfrei\\\/#breadcrumb\"},\"inLanguage\":\"de\",\"potentialAction\":[{\"@type\":\"ReadAction\",\"target\":[\"https:\\\/\\\/marktxxl.de\\\/markt\\\/produkt\\\/aspire-nautilus-x-glasverstaerker-adapter-set-2-stueck-fuer-aspire-nautilus-x-tank-nikotinfrei\\\/\"]}]},{\"@type\":\"ImageObject\",\"inLanguage\":\"de\",\"@id\":\"https:\\\/\\\/marktxxl.de\\\/markt\\\/produkt\\\/aspire-nautilus-x-glasverstaerker-adapter-set-2-stueck-fuer-aspire-nautilus-x-tank-nikotinfrei\\\/#primaryimage\",\"url\":\"https:\\\/\\\/m.media-amazon.com\\\/images\\\/I\\\/31wCgPQGqzL._SL500_.jpg\",\"contentUrl\":\"https:\\\/\\\/m.media-amazon.com\\\/images\\\/I\\\/31wCgPQGqzL._SL500_.jpg\",\"width\":268,\"height\":394},{\"@type\":\"BreadcrumbList\",\"@id\":\"https:\\\/\\\/marktxxl.de\\\/markt\\\/produkt\\\/aspire-nautilus-x-glasverstaerker-adapter-set-2-stueck-fuer-aspire-nautilus-x-tank-nikotinfrei\\\/#breadcrumb\",\"itemListElement\":[{\"@type\":\"ListItem\",\"position\":1,\"name\":\"Startseite\",\"item\":\"https:\\\/\\\/marktxxl.de\\\/markt\\\/\"},{\"@type\":\"ListItem\",\"position\":2,\"name\":\"Markt\",\"item\":\"https:\\\/\\\/marktxxl.de\\\/markt\\\/\"},{\"@type\":\"ListItem\",\"position\":3,\"name\":\"Aspire Nautilus X Glasverst\u00e4rker-Adapter-Set (2 St\u00fcck) f\u00fcr Aspire Nautilus X Tank \u2013 nikotinfrei\"}]},{\"@type\":\"WebSite\",\"@id\":\"https:\\\/\\\/marktxxl.de\\\/markt\\\/#website\",\"url\":\"https:\\\/\\\/marktxxl.de\\\/markt\\\/\",\"name\":\"Markt-XXL\",\"description\":\"Ihr Markt Online\",\"publisher\":{\"@id\":\"https:\\\/\\\/marktxxl.de\\\/markt\\\/#organization\"},\"potentialAction\":[{\"@type\":\"SearchAction\",\"target\":{\"@type\":\"EntryPoint\",\"urlTemplate\":\"https:\\\/\\\/marktxxl.de\\\/markt\\\/?s={search_term_string}\"},\"query-input\":{\"@type\":\"PropertyValueSpecification\",\"valueRequired\":true,\"valueName\":\"search_term_string\"}}],\"inLanguage\":\"de\"},{\"@type\":\"Organization\",\"@id\":\"https:\\\/\\\/marktxxl.de\\\/markt\\\/#organization\",\"name\":\"Markt-XXL\",\"url\":\"https:\\\/\\\/marktxxl.de\\\/markt\\\/\",\"logo\":{\"@type\":\"ImageObject\",\"inLanguage\":\"de\",\"@id\":\"https:\\\/\\\/marktxxl.de\\\/markt\\\/#\\\/schema\\\/logo\\\/image\\\/\",\"url\":\"https:\\\/\\\/marktxxl.de\\\/markt\\\/wp-content\\\/uploads\\\/sites\\\/3\\\/2020\\\/12\\\/logo.png\",\"contentUrl\":\"https:\\\/\\\/marktxxl.de\\\/markt\\\/wp-content\\\/uploads\\\/sites\\\/3\\\/2020\\\/12\\\/logo.png\",\"width\":200,\"height\":70,\"caption\":\"Markt-XXL\"},\"image\":{\"@id\":\"https:\\\/\\\/marktxxl.de\\\/markt\\\/#\\\/schema\\\/logo\\\/image\\\/\"}}]}<\/script>\n<!-- \/ Yoast SEO plugin. -->","yoast_head_json":{"title":"Aspire Nautilus X Glasverst\u00e4rker-Adapter-Set (2 St\u00fcck) f\u00fcr Aspire Nautilus X Tank \u2013 nikotinfrei - Markt-XXL","description":"Markt-XXL Aspire Nautilus X Glasverst\u00e4rker-Adapter-Set (2 St\u00fcck) f\u00fcr Aspire Nautilus X Tank \u2013 nikotinfrei","robots":{"index":"index","follow":"follow","max-snippet":"max-snippet:-1","max-image-preview":"max-image-preview:large","max-video-preview":"max-video-preview:-1"},"canonical":"https:\/\/marktxxl.de\/markt\/produkt\/aspire-nautilus-x-glasverstaerker-adapter-set-2-stueck-fuer-aspire-nautilus-x-tank-nikotinfrei\/","og_locale":"de_DE","og_type":"article","og_title":"Aspire Nautilus X Glasverst\u00e4rker-Adapter-Set (2 St\u00fcck) f\u00fcr Aspire Nautilus X Tank \u2013 nikotinfrei - Markt-XXL","og_description":"Markt-XXL Aspire Nautilus X Glasverst\u00e4rker-Adapter-Set (2 St\u00fcck) f\u00fcr Aspire Nautilus X Tank \u2013 nikotinfrei","og_url":"https:\/\/marktxxl.de\/markt\/produkt\/aspire-nautilus-x-glasverstaerker-adapter-set-2-stueck-fuer-aspire-nautilus-x-tank-nikotinfrei\/","og_site_name":"Markt-XXL","article_modified_time":"2023-04-11T00:54:18+00:00","og_image":[{"width":268,"height":394,"url":"https:\/\/m.media-amazon.com\/images\/I\/31wCgPQGqzL._SL500_.jpg","type":"image\/jpeg"}],"twitter_card":"summary_large_image","schema":{"@context":"https:\/\/schema.org","@graph":[{"@type":"WebPage","@id":"https:\/\/marktxxl.de\/markt\/produkt\/aspire-nautilus-x-glasverstaerker-adapter-set-2-stueck-fuer-aspire-nautilus-x-tank-nikotinfrei\/","url":"https:\/\/marktxxl.de\/markt\/produkt\/aspire-nautilus-x-glasverstaerker-adapter-set-2-stueck-fuer-aspire-nautilus-x-tank-nikotinfrei\/","name":"Aspire Nautilus X Glasverst\u00e4rker-Adapter-Set (2 St\u00fcck) f\u00fcr Aspire Nautilus X Tank \u2013 nikotinfrei - Markt-XXL","isPartOf":{"@id":"https:\/\/marktxxl.de\/markt\/#website"},"primaryImageOfPage":{"@id":"https:\/\/marktxxl.de\/markt\/produkt\/aspire-nautilus-x-glasverstaerker-adapter-set-2-stueck-fuer-aspire-nautilus-x-tank-nikotinfrei\/#primaryimage"},"image":{"@id":"https:\/\/marktxxl.de\/markt\/produkt\/aspire-nautilus-x-glasverstaerker-adapter-set-2-stueck-fuer-aspire-nautilus-x-tank-nikotinfrei\/#primaryimage"},"thumbnailUrl":"https:\/\/m.media-amazon.com\/images\/I\/31wCgPQGqzL._SL500_.jpg","datePublished":"2021-11-25T15:54:37+00:00","dateModified":"2023-04-11T00:54:18+00:00","description":"Markt-XXL Aspire Nautilus X Glasverst\u00e4rker-Adapter-Set (2 St\u00fcck) f\u00fcr Aspire Nautilus X Tank \u2013 nikotinfrei","breadcrumb":{"@id":"https:\/\/marktxxl.de\/markt\/produkt\/aspire-nautilus-x-glasverstaerker-adapter-set-2-stueck-fuer-aspire-nautilus-x-tank-nikotinfrei\/#breadcrumb"},"inLanguage":"de","potentialAction":[{"@type":"ReadAction","target":["https:\/\/marktxxl.de\/markt\/produkt\/aspire-nautilus-x-glasverstaerker-adapter-set-2-stueck-fuer-aspire-nautilus-x-tank-nikotinfrei\/"]}]},{"@type":"ImageObject","inLanguage":"de","@id":"https:\/\/marktxxl.de\/markt\/produkt\/aspire-nautilus-x-glasverstaerker-adapter-set-2-stueck-fuer-aspire-nautilus-x-tank-nikotinfrei\/#primaryimage","url":"https:\/\/m.media-amazon.com\/images\/I\/31wCgPQGqzL._SL500_.jpg","contentUrl":"https:\/\/m.media-amazon.com\/images\/I\/31wCgPQGqzL._SL500_.jpg","width":268,"height":394},{"@type":"BreadcrumbList","@id":"https:\/\/marktxxl.de\/markt\/produkt\/aspire-nautilus-x-glasverstaerker-adapter-set-2-stueck-fuer-aspire-nautilus-x-tank-nikotinfrei\/#breadcrumb","itemListElement":[{"@type":"ListItem","position":1,"name":"Startseite","item":"https:\/\/marktxxl.de\/markt\/"},{"@type":"ListItem","position":2,"name":"Markt","item":"https:\/\/marktxxl.de\/markt\/"},{"@type":"ListItem","position":3,"name":"Aspire Nautilus X Glasverst\u00e4rker-Adapter-Set (2 St\u00fcck) f\u00fcr Aspire Nautilus X Tank \u2013 nikotinfrei"}]},{"@type":"WebSite","@id":"https:\/\/marktxxl.de\/markt\/#website","url":"https:\/\/marktxxl.de\/markt\/","name":"Markt-XXL","description":"Ihr Markt Online","publisher":{"@id":"https:\/\/marktxxl.de\/markt\/#organization"},"potentialAction":[{"@type":"SearchAction","target":{"@type":"EntryPoint","urlTemplate":"https:\/\/marktxxl.de\/markt\/?s={search_term_string}"},"query-input":{"@type":"PropertyValueSpecification","valueRequired":true,"valueName":"search_term_string"}}],"inLanguage":"de"},{"@type":"Organization","@id":"https:\/\/marktxxl.de\/markt\/#organization","name":"Markt-XXL","url":"https:\/\/marktxxl.de\/markt\/","logo":{"@type":"ImageObject","inLanguage":"de","@id":"https:\/\/marktxxl.de\/markt\/#\/schema\/logo\/image\/","url":"https:\/\/marktxxl.de\/markt\/wp-content\/uploads\/sites\/3\/2020\/12\/logo.png","contentUrl":"https:\/\/marktxxl.de\/markt\/wp-content\/uploads\/sites\/3\/2020\/12\/logo.png","width":200,"height":70,"caption":"Markt-XXL"},"image":{"@id":"https:\/\/marktxxl.de\/markt\/#\/schema\/logo\/image\/"}}]}},"_links":{"self":[{"href":"https:\/\/marktxxl.de\/markt\/wp-json\/wp\/v2\/product\/79611","targetHints":{"allow":["GET"]}}],"collection":[{"href":"https:\/\/marktxxl.de\/markt\/wp-json\/wp\/v2\/product"}],"about":[{"href":"https:\/\/marktxxl.de\/markt\/wp-json\/wp\/v2\/types\/product"}],"replies":[{"embeddable":true,"href":"https:\/\/marktxxl.de\/markt\/wp-json\/wp\/v2\/comments?post=79611"}],"wp:featuredmedia":[{"embeddable":true,"href":"https:\/\/marktxxl.de\/markt\/wp-json\/wp\/v2\/media\/79612"}],"wp:attachment":[{"href":"https:\/\/marktxxl.de\/markt\/wp-json\/wp\/v2\/media?parent=79611"}],"wp:term":[{"taxonomy":"product_brand","embeddable":true,"href":"https:\/\/marktxxl.de\/markt\/wp-json\/wp\/v2\/product_brand?post=79611"},{"taxonomy":"product_cat","embeddable":true,"href":"https:\/\/marktxxl.de\/markt\/wp-json\/wp\/v2\/product_cat?post=79611"},{"taxonomy":"product_tag","embeddable":true,"href":"https:\/\/marktxxl.de\/markt\/wp-json\/wp\/v2\/product_tag?post=79611"}],"curies":[{"name":"wp","href":"https:\/\/api.w.org\/{rel}","templated":true}]}}