{"id":79558,"date":"2021-11-25T16:51:38","date_gmt":"2021-11-25T15:51:38","guid":{"rendered":"https:\/\/marktxxl.de\/markt\/produkt\/bibelhuelle-tragetasche-mit-griffen-fuer-damen-teenager-blumenmuster-blumendruck-schrift-tragetasche-guter-buchhalter-organizer-1-violett\/"},"modified":"2023-04-11T02:54:17","modified_gmt":"2023-04-11T00:54:17","slug":"bibelhuelle-tragetasche-mit-griffen-fuer-damen-teenager-blumenmuster-blumendruck-schrift-tragetasche-guter-buchhalter-organizer-1-violett","status":"publish","type":"product","link":"https:\/\/marktxxl.de\/markt\/produkt\/bibelhuelle-tragetasche-mit-griffen-fuer-damen-teenager-blumenmuster-blumendruck-schrift-tragetasche-guter-buchhalter-organizer-1-violett\/","title":{"rendered":"Bibelh\u00fclle f\u00fcr Frauen M\u00e4dchen Damen Scripture Bag Lds Teens Buch sch\u00fctzende Tragetasche mit Taschen Gro\u00df Medium\u2026"},"content":{"rendered":"<p>Langlebiger Bibeleinband: Das Kunstleder-Bibeletui ist aus k\u00fcnstlichem Material, das aussieht und sich anf\u00fchlt wie echtes Leder tr\u00e4gt. Langlebig und leicht zu reinigen, h\u00e4lt dem t\u00e4glichen Verschlei\u00df stand. Die Bibeltasche aus Leder ist weich, wasserabweisend und leicht zu tragen.<br \/>\nEigenschaften: Gro\u00dfes Fassungsverm\u00f6gen, mehrere Taschen, 2 Stifthalter, Rei\u00dfverschluss, Griff. Die Tasche kann Textmarker, Karten, Notizb\u00fccher usw. halten.<br \/>\nPerfekte Geschenke: Diese Bibelh\u00fclle kann als christliches Geschenk f\u00fcr M\u00e4nner, Familie, Freunde, Herren, Jungen, Vater, Opa, Gro\u00dfvater, Gelassenheit, Gebet Jesus Jesu Christus verwendet werden.<br \/>\nMultifunktional: Diese Leder-Bibeltasche kann als Andenkensbuchh\u00fclle, Notebook-Tasche, Bibeltasche, Bibeltasche oder Geldb\u00f6rse verwendet werden.<br \/>\nF\u00f6rdern Sie Ihr Glaube: Unsere Bibelh\u00fclle bietet auch eine Vielzahl von Bibeltaschen. Geeignet f\u00fcr Malb\u00fccher, Tagebuch-Bibeln, Zeitschriften und religi\u00f6se B\u00fccher sowie als Segens-Kunstzubeh\u00f6r.<br \/>\n<div class=\"main-cross-sell\" data-asin=\"B08ML1R65C\">\n\n\t<div class=\"WooZone-cross-sell-loader\">\n\t\t<div>\n\t\t\t<div id=\"floatingBarsG\">\n\t\t\t\t<div class=\"blockG\" id=\"rotateG_01\"><\/div>\n\t\t\t\t<div class=\"blockG\" id=\"rotateG_02\"><\/div>\n\t\t\t\t<div class=\"blockG\" id=\"rotateG_03\"><\/div>\n\t\t\t\t<div class=\"blockG\" id=\"rotateG_04\"><\/div>\n\t\t\t\t<div class=\"blockG\" id=\"rotateG_05\"><\/div>\n\t\t\t\t<div class=\"blockG\" id=\"rotateG_06\"><\/div>\n\t\t\t\t<div class=\"blockG\" id=\"rotateG_07\"><\/div>\n\t\t\t\t<div class=\"blockG\" id=\"rotateG_08\"><\/div>\n\t\t\t<\/div>\n\t\t\t<div class=\"WooZone-cross-sell-loader-text\"><\/div>\n\t\t<\/div>\n\t<\/div>\n\n\t\t\n<\/div>\n<div style=\"clear:both;\"><\/div><\/p>\n","protected":false},"excerpt":{"rendered":"<p>Langlebiger Bibeleinband: Das Kunstleder-Bibeletui ist aus k\u00fcnstlichem Material, das aussieht und sich anf\u00fchlt wie echtes Leder tr\u00e4gt. Langlebig und leicht zu reinigen, h\u00e4lt dem t\u00e4glichen Verschlei\u00df stand. Die Bibeltasche aus Leder ist weich, wasserabweisend und leicht zu tragen.<br \/>\nEigenschaften: Gro\u00dfes Fassungsverm\u00f6gen, mehrere Taschen, 2 Stifthalter, Rei\u00dfverschluss, Griff. Die Tasche kann Textmarker, Karten, Notizb\u00fccher usw. halten.<br \/>\nPerfekte Geschenke: Diese Bibelh\u00fclle kann als christliches Geschenk f\u00fcr M\u00e4nner, Familie, Freunde, Herren, Jungen, Vater, Opa, Gro\u00dfvater, Gelassenheit, Gebet Jesus Jesu Christus verwendet werden.<\/p>\n","protected":false},"featured_media":79559,"comment_status":"open","ping_status":"closed","template":"","meta":[],"product_brand":[],"product_cat":[504,8631],"product_tag":[],"class_list":{"0":"post-79558","1":"product","2":"type-product","3":"status-publish","4":"has-post-thumbnail","6":"product_cat-buerobedarf-schreibwaren","7":"product_cat-schul-unibedarf","8":"pa_binding-buerobedarf-schreibwaren","9":"pa_brand-gatycallaty","10":"pa_manufacturer-gatycallaty","12":"first","13":"instock","14":"shipping-taxable","15":"purchasable","16":"product-type-simple","17":"customify-col","18":"product-has-gallery"},"yoast_head":"<!-- This site is optimized with the Yoast SEO plugin v27.4 - https:\/\/yoast.com\/product\/yoast-seo-wordpress\/ -->\n<title>Bibelh\u00fclle f\u00fcr Frauen M\u00e4dchen Damen Scripture Bag Lds Teens Buch sch\u00fctzende Tragetasche mit Taschen Gro\u00df Medium\u2026 - Markt-XXL<\/title>\n<meta name=\"description\" content=\"Markt-XXL Bibelh\u00fclle f\u00fcr Frauen M\u00e4dchen Damen Scripture Bag Lds Teens Buch sch\u00fctzende Tragetasche mit Taschen Gro\u00df Medium\u2026\" \/>\n<meta name=\"robots\" content=\"index, follow, max-snippet:-1, max-image-preview:large, max-video-preview:-1\" \/>\n<link rel=\"canonical\" href=\"https:\/\/marktxxl.de\/markt\/produkt\/bibelhuelle-tragetasche-mit-griffen-fuer-damen-teenager-blumenmuster-blumendruck-schrift-tragetasche-guter-buchhalter-organizer-1-violett\/\" \/>\n<meta property=\"og:locale\" content=\"de_DE\" \/>\n<meta property=\"og:type\" content=\"article\" \/>\n<meta property=\"og:title\" content=\"Bibelh\u00fclle f\u00fcr Frauen M\u00e4dchen Damen Scripture Bag Lds Teens Buch sch\u00fctzende Tragetasche mit Taschen Gro\u00df Medium\u2026 - Markt-XXL\" \/>\n<meta property=\"og:description\" content=\"Markt-XXL Bibelh\u00fclle f\u00fcr Frauen M\u00e4dchen Damen Scripture Bag Lds Teens Buch sch\u00fctzende Tragetasche mit Taschen Gro\u00df Medium\u2026\" \/>\n<meta property=\"og:url\" content=\"https:\/\/marktxxl.de\/markt\/produkt\/bibelhuelle-tragetasche-mit-griffen-fuer-damen-teenager-blumenmuster-blumendruck-schrift-tragetasche-guter-buchhalter-organizer-1-violett\/\" \/>\n<meta property=\"og:site_name\" content=\"Markt-XXL\" \/>\n<meta property=\"article:modified_time\" content=\"2023-04-11T00:54:17+00:00\" \/>\n<meta property=\"og:image\" content=\"https:\/\/m.media-amazon.com\/images\/I\/31+giOMbkES._SL500_.jpg\" \/>\n\t<meta property=\"og:image:width\" content=\"500\" \/>\n\t<meta property=\"og:image:height\" content=\"500\" \/>\n\t<meta property=\"og:image:type\" content=\"image\/jpeg\" \/>\n<meta name=\"twitter:card\" content=\"summary_large_image\" \/>\n<meta name=\"twitter:label1\" content=\"Gesch\u00e4tzte Lesezeit\" \/>\n\t<meta name=\"twitter:data1\" content=\"1\u00a0Minute\" \/>\n<script type=\"application\/ld+json\" class=\"yoast-schema-graph\">{\"@context\":\"https:\\\/\\\/schema.org\",\"@graph\":[{\"@type\":\"WebPage\",\"@id\":\"https:\\\/\\\/marktxxl.de\\\/markt\\\/produkt\\\/bibelhuelle-tragetasche-mit-griffen-fuer-damen-teenager-blumenmuster-blumendruck-schrift-tragetasche-guter-buchhalter-organizer-1-violett\\\/\",\"url\":\"https:\\\/\\\/marktxxl.de\\\/markt\\\/produkt\\\/bibelhuelle-tragetasche-mit-griffen-fuer-damen-teenager-blumenmuster-blumendruck-schrift-tragetasche-guter-buchhalter-organizer-1-violett\\\/\",\"name\":\"Bibelh\u00fclle f\u00fcr Frauen M\u00e4dchen Damen Scripture Bag Lds Teens Buch sch\u00fctzende Tragetasche mit Taschen Gro\u00df Medium\u2026 - Markt-XXL\",\"isPartOf\":{\"@id\":\"https:\\\/\\\/marktxxl.de\\\/markt\\\/#website\"},\"primaryImageOfPage\":{\"@id\":\"https:\\\/\\\/marktxxl.de\\\/markt\\\/produkt\\\/bibelhuelle-tragetasche-mit-griffen-fuer-damen-teenager-blumenmuster-blumendruck-schrift-tragetasche-guter-buchhalter-organizer-1-violett\\\/#primaryimage\"},\"image\":{\"@id\":\"https:\\\/\\\/marktxxl.de\\\/markt\\\/produkt\\\/bibelhuelle-tragetasche-mit-griffen-fuer-damen-teenager-blumenmuster-blumendruck-schrift-tragetasche-guter-buchhalter-organizer-1-violett\\\/#primaryimage\"},\"thumbnailUrl\":\"https:\\\/\\\/m.media-amazon.com\\\/images\\\/I\\\/31+giOMbkES._SL500_.jpg\",\"datePublished\":\"2021-11-25T15:51:38+00:00\",\"dateModified\":\"2023-04-11T00:54:17+00:00\",\"description\":\"Markt-XXL Bibelh\u00fclle f\u00fcr Frauen M\u00e4dchen Damen Scripture Bag Lds Teens Buch sch\u00fctzende Tragetasche mit Taschen Gro\u00df Medium\u2026\",\"breadcrumb\":{\"@id\":\"https:\\\/\\\/marktxxl.de\\\/markt\\\/produkt\\\/bibelhuelle-tragetasche-mit-griffen-fuer-damen-teenager-blumenmuster-blumendruck-schrift-tragetasche-guter-buchhalter-organizer-1-violett\\\/#breadcrumb\"},\"inLanguage\":\"de\",\"potentialAction\":[{\"@type\":\"ReadAction\",\"target\":[\"https:\\\/\\\/marktxxl.de\\\/markt\\\/produkt\\\/bibelhuelle-tragetasche-mit-griffen-fuer-damen-teenager-blumenmuster-blumendruck-schrift-tragetasche-guter-buchhalter-organizer-1-violett\\\/\"]}]},{\"@type\":\"ImageObject\",\"inLanguage\":\"de\",\"@id\":\"https:\\\/\\\/marktxxl.de\\\/markt\\\/produkt\\\/bibelhuelle-tragetasche-mit-griffen-fuer-damen-teenager-blumenmuster-blumendruck-schrift-tragetasche-guter-buchhalter-organizer-1-violett\\\/#primaryimage\",\"url\":\"https:\\\/\\\/m.media-amazon.com\\\/images\\\/I\\\/31+giOMbkES._SL500_.jpg\",\"contentUrl\":\"https:\\\/\\\/m.media-amazon.com\\\/images\\\/I\\\/31+giOMbkES._SL500_.jpg\",\"width\":500,\"height\":500},{\"@type\":\"BreadcrumbList\",\"@id\":\"https:\\\/\\\/marktxxl.de\\\/markt\\\/produkt\\\/bibelhuelle-tragetasche-mit-griffen-fuer-damen-teenager-blumenmuster-blumendruck-schrift-tragetasche-guter-buchhalter-organizer-1-violett\\\/#breadcrumb\",\"itemListElement\":[{\"@type\":\"ListItem\",\"position\":1,\"name\":\"Startseite\",\"item\":\"https:\\\/\\\/marktxxl.de\\\/markt\\\/\"},{\"@type\":\"ListItem\",\"position\":2,\"name\":\"Markt\",\"item\":\"https:\\\/\\\/marktxxl.de\\\/markt\\\/\"},{\"@type\":\"ListItem\",\"position\":3,\"name\":\"Bibelh\u00fclle f\u00fcr Frauen M\u00e4dchen Damen Scripture Bag Lds Teens Buch sch\u00fctzende Tragetasche mit Taschen Gro\u00df Medium\u2026\"}]},{\"@type\":\"WebSite\",\"@id\":\"https:\\\/\\\/marktxxl.de\\\/markt\\\/#website\",\"url\":\"https:\\\/\\\/marktxxl.de\\\/markt\\\/\",\"name\":\"Markt-XXL\",\"description\":\"Ihr Markt Online\",\"publisher\":{\"@id\":\"https:\\\/\\\/marktxxl.de\\\/markt\\\/#organization\"},\"potentialAction\":[{\"@type\":\"SearchAction\",\"target\":{\"@type\":\"EntryPoint\",\"urlTemplate\":\"https:\\\/\\\/marktxxl.de\\\/markt\\\/?s={search_term_string}\"},\"query-input\":{\"@type\":\"PropertyValueSpecification\",\"valueRequired\":true,\"valueName\":\"search_term_string\"}}],\"inLanguage\":\"de\"},{\"@type\":\"Organization\",\"@id\":\"https:\\\/\\\/marktxxl.de\\\/markt\\\/#organization\",\"name\":\"Markt-XXL\",\"url\":\"https:\\\/\\\/marktxxl.de\\\/markt\\\/\",\"logo\":{\"@type\":\"ImageObject\",\"inLanguage\":\"de\",\"@id\":\"https:\\\/\\\/marktxxl.de\\\/markt\\\/#\\\/schema\\\/logo\\\/image\\\/\",\"url\":\"https:\\\/\\\/marktxxl.de\\\/markt\\\/wp-content\\\/uploads\\\/sites\\\/3\\\/2020\\\/12\\\/logo.png\",\"contentUrl\":\"https:\\\/\\\/marktxxl.de\\\/markt\\\/wp-content\\\/uploads\\\/sites\\\/3\\\/2020\\\/12\\\/logo.png\",\"width\":200,\"height\":70,\"caption\":\"Markt-XXL\"},\"image\":{\"@id\":\"https:\\\/\\\/marktxxl.de\\\/markt\\\/#\\\/schema\\\/logo\\\/image\\\/\"}}]}<\/script>\n<!-- \/ Yoast SEO plugin. -->","yoast_head_json":{"title":"Bibelh\u00fclle f\u00fcr Frauen M\u00e4dchen Damen Scripture Bag Lds Teens Buch sch\u00fctzende Tragetasche mit Taschen Gro\u00df Medium\u2026 - Markt-XXL","description":"Markt-XXL Bibelh\u00fclle f\u00fcr Frauen M\u00e4dchen Damen Scripture Bag Lds Teens Buch sch\u00fctzende Tragetasche mit Taschen Gro\u00df Medium\u2026","robots":{"index":"index","follow":"follow","max-snippet":"max-snippet:-1","max-image-preview":"max-image-preview:large","max-video-preview":"max-video-preview:-1"},"canonical":"https:\/\/marktxxl.de\/markt\/produkt\/bibelhuelle-tragetasche-mit-griffen-fuer-damen-teenager-blumenmuster-blumendruck-schrift-tragetasche-guter-buchhalter-organizer-1-violett\/","og_locale":"de_DE","og_type":"article","og_title":"Bibelh\u00fclle f\u00fcr Frauen M\u00e4dchen Damen Scripture Bag Lds Teens Buch sch\u00fctzende Tragetasche mit Taschen Gro\u00df Medium\u2026 - Markt-XXL","og_description":"Markt-XXL Bibelh\u00fclle f\u00fcr Frauen M\u00e4dchen Damen Scripture Bag Lds Teens Buch sch\u00fctzende Tragetasche mit Taschen Gro\u00df Medium\u2026","og_url":"https:\/\/marktxxl.de\/markt\/produkt\/bibelhuelle-tragetasche-mit-griffen-fuer-damen-teenager-blumenmuster-blumendruck-schrift-tragetasche-guter-buchhalter-organizer-1-violett\/","og_site_name":"Markt-XXL","article_modified_time":"2023-04-11T00:54:17+00:00","og_image":[{"width":500,"height":500,"url":"https:\/\/m.media-amazon.com\/images\/I\/31+giOMbkES._SL500_.jpg","type":"image\/jpeg"}],"twitter_card":"summary_large_image","twitter_misc":{"Gesch\u00e4tzte Lesezeit":"1\u00a0Minute"},"schema":{"@context":"https:\/\/schema.org","@graph":[{"@type":"WebPage","@id":"https:\/\/marktxxl.de\/markt\/produkt\/bibelhuelle-tragetasche-mit-griffen-fuer-damen-teenager-blumenmuster-blumendruck-schrift-tragetasche-guter-buchhalter-organizer-1-violett\/","url":"https:\/\/marktxxl.de\/markt\/produkt\/bibelhuelle-tragetasche-mit-griffen-fuer-damen-teenager-blumenmuster-blumendruck-schrift-tragetasche-guter-buchhalter-organizer-1-violett\/","name":"Bibelh\u00fclle f\u00fcr Frauen M\u00e4dchen Damen Scripture Bag Lds Teens Buch sch\u00fctzende Tragetasche mit Taschen Gro\u00df Medium\u2026 - Markt-XXL","isPartOf":{"@id":"https:\/\/marktxxl.de\/markt\/#website"},"primaryImageOfPage":{"@id":"https:\/\/marktxxl.de\/markt\/produkt\/bibelhuelle-tragetasche-mit-griffen-fuer-damen-teenager-blumenmuster-blumendruck-schrift-tragetasche-guter-buchhalter-organizer-1-violett\/#primaryimage"},"image":{"@id":"https:\/\/marktxxl.de\/markt\/produkt\/bibelhuelle-tragetasche-mit-griffen-fuer-damen-teenager-blumenmuster-blumendruck-schrift-tragetasche-guter-buchhalter-organizer-1-violett\/#primaryimage"},"thumbnailUrl":"https:\/\/m.media-amazon.com\/images\/I\/31+giOMbkES._SL500_.jpg","datePublished":"2021-11-25T15:51:38+00:00","dateModified":"2023-04-11T00:54:17+00:00","description":"Markt-XXL Bibelh\u00fclle f\u00fcr Frauen M\u00e4dchen Damen Scripture Bag Lds Teens Buch sch\u00fctzende Tragetasche mit Taschen Gro\u00df Medium\u2026","breadcrumb":{"@id":"https:\/\/marktxxl.de\/markt\/produkt\/bibelhuelle-tragetasche-mit-griffen-fuer-damen-teenager-blumenmuster-blumendruck-schrift-tragetasche-guter-buchhalter-organizer-1-violett\/#breadcrumb"},"inLanguage":"de","potentialAction":[{"@type":"ReadAction","target":["https:\/\/marktxxl.de\/markt\/produkt\/bibelhuelle-tragetasche-mit-griffen-fuer-damen-teenager-blumenmuster-blumendruck-schrift-tragetasche-guter-buchhalter-organizer-1-violett\/"]}]},{"@type":"ImageObject","inLanguage":"de","@id":"https:\/\/marktxxl.de\/markt\/produkt\/bibelhuelle-tragetasche-mit-griffen-fuer-damen-teenager-blumenmuster-blumendruck-schrift-tragetasche-guter-buchhalter-organizer-1-violett\/#primaryimage","url":"https:\/\/m.media-amazon.com\/images\/I\/31+giOMbkES._SL500_.jpg","contentUrl":"https:\/\/m.media-amazon.com\/images\/I\/31+giOMbkES._SL500_.jpg","width":500,"height":500},{"@type":"BreadcrumbList","@id":"https:\/\/marktxxl.de\/markt\/produkt\/bibelhuelle-tragetasche-mit-griffen-fuer-damen-teenager-blumenmuster-blumendruck-schrift-tragetasche-guter-buchhalter-organizer-1-violett\/#breadcrumb","itemListElement":[{"@type":"ListItem","position":1,"name":"Startseite","item":"https:\/\/marktxxl.de\/markt\/"},{"@type":"ListItem","position":2,"name":"Markt","item":"https:\/\/marktxxl.de\/markt\/"},{"@type":"ListItem","position":3,"name":"Bibelh\u00fclle f\u00fcr Frauen M\u00e4dchen Damen Scripture Bag Lds Teens Buch sch\u00fctzende Tragetasche mit Taschen Gro\u00df Medium\u2026"}]},{"@type":"WebSite","@id":"https:\/\/marktxxl.de\/markt\/#website","url":"https:\/\/marktxxl.de\/markt\/","name":"Markt-XXL","description":"Ihr Markt Online","publisher":{"@id":"https:\/\/marktxxl.de\/markt\/#organization"},"potentialAction":[{"@type":"SearchAction","target":{"@type":"EntryPoint","urlTemplate":"https:\/\/marktxxl.de\/markt\/?s={search_term_string}"},"query-input":{"@type":"PropertyValueSpecification","valueRequired":true,"valueName":"search_term_string"}}],"inLanguage":"de"},{"@type":"Organization","@id":"https:\/\/marktxxl.de\/markt\/#organization","name":"Markt-XXL","url":"https:\/\/marktxxl.de\/markt\/","logo":{"@type":"ImageObject","inLanguage":"de","@id":"https:\/\/marktxxl.de\/markt\/#\/schema\/logo\/image\/","url":"https:\/\/marktxxl.de\/markt\/wp-content\/uploads\/sites\/3\/2020\/12\/logo.png","contentUrl":"https:\/\/marktxxl.de\/markt\/wp-content\/uploads\/sites\/3\/2020\/12\/logo.png","width":200,"height":70,"caption":"Markt-XXL"},"image":{"@id":"https:\/\/marktxxl.de\/markt\/#\/schema\/logo\/image\/"}}]}},"_links":{"self":[{"href":"https:\/\/marktxxl.de\/markt\/wp-json\/wp\/v2\/product\/79558","targetHints":{"allow":["GET"]}}],"collection":[{"href":"https:\/\/marktxxl.de\/markt\/wp-json\/wp\/v2\/product"}],"about":[{"href":"https:\/\/marktxxl.de\/markt\/wp-json\/wp\/v2\/types\/product"}],"replies":[{"embeddable":true,"href":"https:\/\/marktxxl.de\/markt\/wp-json\/wp\/v2\/comments?post=79558"}],"wp:featuredmedia":[{"embeddable":true,"href":"https:\/\/marktxxl.de\/markt\/wp-json\/wp\/v2\/media\/79559"}],"wp:attachment":[{"href":"https:\/\/marktxxl.de\/markt\/wp-json\/wp\/v2\/media?parent=79558"}],"wp:term":[{"taxonomy":"product_brand","embeddable":true,"href":"https:\/\/marktxxl.de\/markt\/wp-json\/wp\/v2\/product_brand?post=79558"},{"taxonomy":"product_cat","embeddable":true,"href":"https:\/\/marktxxl.de\/markt\/wp-json\/wp\/v2\/product_cat?post=79558"},{"taxonomy":"product_tag","embeddable":true,"href":"https:\/\/marktxxl.de\/markt\/wp-json\/wp\/v2\/product_tag?post=79558"}],"curies":[{"name":"wp","href":"https:\/\/api.w.org\/{rel}","templated":true}]}}