{"id":79498,"date":"2021-11-25T16:49:12","date_gmt":"2021-11-25T15:49:12","guid":{"rendered":"https:\/\/marktxxl.de\/markt\/produkt\/always-infinity-pads\/"},"modified":"2023-04-11T02:54:16","modified_gmt":"2023-04-11T00:54:16","slug":"always-infinity-pads","status":"publish","type":"product","link":"https:\/\/marktxxl.de\/markt\/produkt\/always-infinity-pads\/","title":{"rendered":"Always Infinity Pads"},"content":{"rendered":"<p>Flexi-Wings-Pad \u2013 Always Infinity Pads sind mit Flex-Foam-Flexi-Wing-Pad f\u00fcr sicheren Schutz konzipiert. Es hat formschl\u00fcssige Rillen, die sich mit Ihnen bewegen, sich in jede Richtung drehen und sich Ihrer einzigartigen Form anpassen.<br \/>\nH\u00e4lt l\u00e4nger als andere Einlagen \u2013 machen Sie sich keine Sorgen dar\u00fcber, dass Sie in Ihrer Periode auslaufen, denn diese sind aus super saugf\u00e4higen Materialien namens Infinicel hergestellt, die das zehnfache seines Gewichts absorbieren k\u00f6nnen.<br \/>\nBequem den ganzen Tag lang \u2013 machen Sie Ihre Periodenlagen wie ein gew\u00f6hnlicher Tag, indem Sie diese Always Infinity Pads verwenden. Passgenaue Rillen sind so konzipiert, dass sie sich mit Ihnen bewegen k\u00f6nnen<br \/>\nFeuchtigkeitsableitende Technologie \u2013 unglaublich feuchtigkeitsableitende Technologie, die Feuchtigkeit von Ihrer Haut wegzieht und Sie sauber und frisch h\u00e4lt.<br \/>\nSchnelle Absorptionsmerkmale \u2013 es verf\u00fcgt \u00fcber Mikropunkte, die f\u00fcr superschnelle Absorption entwickelt wurden. Bis zu 8 Stunden maximaler Komfort und Schutz mit Anti-Leck-Schutztechnologie.<br \/>\n<div class=\"main-cross-sell\" data-asin=\"B01A8KKGUU\">\n\n\t<div class=\"WooZone-cross-sell-loader\">\n\t\t<div>\n\t\t\t<div id=\"floatingBarsG\">\n\t\t\t\t<div class=\"blockG\" id=\"rotateG_01\"><\/div>\n\t\t\t\t<div class=\"blockG\" id=\"rotateG_02\"><\/div>\n\t\t\t\t<div class=\"blockG\" id=\"rotateG_03\"><\/div>\n\t\t\t\t<div class=\"blockG\" id=\"rotateG_04\"><\/div>\n\t\t\t\t<div class=\"blockG\" id=\"rotateG_05\"><\/div>\n\t\t\t\t<div class=\"blockG\" id=\"rotateG_06\"><\/div>\n\t\t\t\t<div class=\"blockG\" id=\"rotateG_07\"><\/div>\n\t\t\t\t<div class=\"blockG\" id=\"rotateG_08\"><\/div>\n\t\t\t<\/div>\n\t\t\t<div class=\"WooZone-cross-sell-loader-text\"><\/div>\n\t\t<\/div>\n\t<\/div>\n\n\t\t\n<\/div>\n<div style=\"clear:both;\"><\/div><\/p>\n","protected":false},"excerpt":{"rendered":"<p>Flexi-Wings-Pad \u2013 Always Infinity Pads sind mit Flex-Foam-Flexi-Wing-Pad f\u00fcr sicheren Schutz konzipiert. Es hat formschl\u00fcssige Rillen, die sich mit Ihnen bewegen, sich in jede Richtung drehen und sich Ihrer einzigartigen Form anpassen.<br \/>\nH\u00e4lt l\u00e4nger als andere Einlagen \u2013 machen Sie sich keine Sorgen dar\u00fcber, dass Sie in Ihrer Periode auslaufen, denn diese sind aus super saugf\u00e4higen Materialien namens Infinicel hergestellt, die das zehnfache seines Gewichts absorbieren k\u00f6nnen.<br \/>\nBequem den ganzen Tag lang \u2013 machen Sie Ihre Periodenlagen wie ein gew\u00f6hnlicher Tag, indem Sie diese Always Infinity Pads verwenden. Passgenaue Rillen sind so konzipiert, dass sie sich mit Ihnen bewegen k\u00f6nnen<\/p>\n","protected":false},"featured_media":79499,"comment_status":"open","ping_status":"closed","template":"","meta":[],"product_brand":[],"product_cat":[566,5680],"product_tag":[],"class_list":{"0":"post-79498","1":"product","2":"type-product","3":"status-publish","4":"has-post-thumbnail","6":"product_cat-drogerie-koerperpflege","7":"product_cat-intime-pflege-hygiene","8":"pa_binding-badartikel","9":"pa_brand-always","10":"pa_manufacturer-always","12":"first","13":"instock","14":"shipping-taxable","15":"purchasable","16":"product-type-simple","17":"customify-col","18":"product-has-gallery"},"yoast_head":"<!-- This site is optimized with the Yoast SEO plugin v27.3 - https:\/\/yoast.com\/product\/yoast-seo-wordpress\/ -->\n<title>Always Infinity Pads - Markt-XXL<\/title>\n<meta name=\"description\" content=\"Markt-XXL Always Infinity Pads\" \/>\n<meta name=\"robots\" content=\"index, follow, max-snippet:-1, max-image-preview:large, max-video-preview:-1\" \/>\n<link rel=\"canonical\" href=\"https:\/\/marktxxl.de\/markt\/produkt\/always-infinity-pads\/\" \/>\n<meta property=\"og:locale\" content=\"de_DE\" \/>\n<meta property=\"og:type\" content=\"article\" \/>\n<meta property=\"og:title\" content=\"Always Infinity Pads - Markt-XXL\" \/>\n<meta property=\"og:description\" content=\"Markt-XXL Always Infinity Pads\" \/>\n<meta property=\"og:url\" content=\"https:\/\/marktxxl.de\/markt\/produkt\/always-infinity-pads\/\" \/>\n<meta property=\"og:site_name\" content=\"Markt-XXL\" \/>\n<meta property=\"article:modified_time\" content=\"2023-04-11T00:54:16+00:00\" \/>\n<meta property=\"og:image\" content=\"https:\/\/m.media-amazon.com\/images\/I\/51oZalVRQxL._SL500_.jpg\" \/>\n\t<meta property=\"og:image:width\" content=\"477\" \/>\n\t<meta property=\"og:image:height\" content=\"500\" \/>\n\t<meta property=\"og:image:type\" content=\"image\/jpeg\" \/>\n<meta name=\"twitter:card\" content=\"summary_large_image\" \/>\n<meta name=\"twitter:label1\" content=\"Gesch\u00e4tzte Lesezeit\" \/>\n\t<meta name=\"twitter:data1\" content=\"1\u00a0Minute\" \/>\n<script type=\"application\/ld+json\" class=\"yoast-schema-graph\">{\"@context\":\"https:\\\/\\\/schema.org\",\"@graph\":[{\"@type\":\"WebPage\",\"@id\":\"https:\\\/\\\/marktxxl.de\\\/markt\\\/produkt\\\/always-infinity-pads\\\/\",\"url\":\"https:\\\/\\\/marktxxl.de\\\/markt\\\/produkt\\\/always-infinity-pads\\\/\",\"name\":\"Always Infinity Pads - Markt-XXL\",\"isPartOf\":{\"@id\":\"https:\\\/\\\/marktxxl.de\\\/markt\\\/#website\"},\"primaryImageOfPage\":{\"@id\":\"https:\\\/\\\/marktxxl.de\\\/markt\\\/produkt\\\/always-infinity-pads\\\/#primaryimage\"},\"image\":{\"@id\":\"https:\\\/\\\/marktxxl.de\\\/markt\\\/produkt\\\/always-infinity-pads\\\/#primaryimage\"},\"thumbnailUrl\":\"https:\\\/\\\/m.media-amazon.com\\\/images\\\/I\\\/51oZalVRQxL._SL500_.jpg\",\"datePublished\":\"2021-11-25T15:49:12+00:00\",\"dateModified\":\"2023-04-11T00:54:16+00:00\",\"description\":\"Markt-XXL Always Infinity Pads\",\"breadcrumb\":{\"@id\":\"https:\\\/\\\/marktxxl.de\\\/markt\\\/produkt\\\/always-infinity-pads\\\/#breadcrumb\"},\"inLanguage\":\"de\",\"potentialAction\":[{\"@type\":\"ReadAction\",\"target\":[\"https:\\\/\\\/marktxxl.de\\\/markt\\\/produkt\\\/always-infinity-pads\\\/\"]}]},{\"@type\":\"ImageObject\",\"inLanguage\":\"de\",\"@id\":\"https:\\\/\\\/marktxxl.de\\\/markt\\\/produkt\\\/always-infinity-pads\\\/#primaryimage\",\"url\":\"https:\\\/\\\/m.media-amazon.com\\\/images\\\/I\\\/51oZalVRQxL._SL500_.jpg\",\"contentUrl\":\"https:\\\/\\\/m.media-amazon.com\\\/images\\\/I\\\/51oZalVRQxL._SL500_.jpg\",\"width\":477,\"height\":500},{\"@type\":\"BreadcrumbList\",\"@id\":\"https:\\\/\\\/marktxxl.de\\\/markt\\\/produkt\\\/always-infinity-pads\\\/#breadcrumb\",\"itemListElement\":[{\"@type\":\"ListItem\",\"position\":1,\"name\":\"Startseite\",\"item\":\"https:\\\/\\\/marktxxl.de\\\/markt\\\/\"},{\"@type\":\"ListItem\",\"position\":2,\"name\":\"Markt\",\"item\":\"https:\\\/\\\/marktxxl.de\\\/markt\\\/\"},{\"@type\":\"ListItem\",\"position\":3,\"name\":\"Always Infinity Pads\"}]},{\"@type\":\"WebSite\",\"@id\":\"https:\\\/\\\/marktxxl.de\\\/markt\\\/#website\",\"url\":\"https:\\\/\\\/marktxxl.de\\\/markt\\\/\",\"name\":\"Markt-XXL\",\"description\":\"Ihr Markt Online\",\"publisher\":{\"@id\":\"https:\\\/\\\/marktxxl.de\\\/markt\\\/#organization\"},\"potentialAction\":[{\"@type\":\"SearchAction\",\"target\":{\"@type\":\"EntryPoint\",\"urlTemplate\":\"https:\\\/\\\/marktxxl.de\\\/markt\\\/?s={search_term_string}\"},\"query-input\":{\"@type\":\"PropertyValueSpecification\",\"valueRequired\":true,\"valueName\":\"search_term_string\"}}],\"inLanguage\":\"de\"},{\"@type\":\"Organization\",\"@id\":\"https:\\\/\\\/marktxxl.de\\\/markt\\\/#organization\",\"name\":\"Markt-XXL\",\"url\":\"https:\\\/\\\/marktxxl.de\\\/markt\\\/\",\"logo\":{\"@type\":\"ImageObject\",\"inLanguage\":\"de\",\"@id\":\"https:\\\/\\\/marktxxl.de\\\/markt\\\/#\\\/schema\\\/logo\\\/image\\\/\",\"url\":\"https:\\\/\\\/marktxxl.de\\\/markt\\\/wp-content\\\/uploads\\\/sites\\\/3\\\/2020\\\/12\\\/logo.png\",\"contentUrl\":\"https:\\\/\\\/marktxxl.de\\\/markt\\\/wp-content\\\/uploads\\\/sites\\\/3\\\/2020\\\/12\\\/logo.png\",\"width\":200,\"height\":70,\"caption\":\"Markt-XXL\"},\"image\":{\"@id\":\"https:\\\/\\\/marktxxl.de\\\/markt\\\/#\\\/schema\\\/logo\\\/image\\\/\"}}]}<\/script>\n<!-- \/ Yoast SEO plugin. -->","yoast_head_json":{"title":"Always Infinity Pads - Markt-XXL","description":"Markt-XXL Always Infinity Pads","robots":{"index":"index","follow":"follow","max-snippet":"max-snippet:-1","max-image-preview":"max-image-preview:large","max-video-preview":"max-video-preview:-1"},"canonical":"https:\/\/marktxxl.de\/markt\/produkt\/always-infinity-pads\/","og_locale":"de_DE","og_type":"article","og_title":"Always Infinity Pads - Markt-XXL","og_description":"Markt-XXL Always Infinity Pads","og_url":"https:\/\/marktxxl.de\/markt\/produkt\/always-infinity-pads\/","og_site_name":"Markt-XXL","article_modified_time":"2023-04-11T00:54:16+00:00","og_image":[{"width":477,"height":500,"url":"https:\/\/m.media-amazon.com\/images\/I\/51oZalVRQxL._SL500_.jpg","type":"image\/jpeg"}],"twitter_card":"summary_large_image","twitter_misc":{"Gesch\u00e4tzte Lesezeit":"1\u00a0Minute"},"schema":{"@context":"https:\/\/schema.org","@graph":[{"@type":"WebPage","@id":"https:\/\/marktxxl.de\/markt\/produkt\/always-infinity-pads\/","url":"https:\/\/marktxxl.de\/markt\/produkt\/always-infinity-pads\/","name":"Always Infinity Pads - Markt-XXL","isPartOf":{"@id":"https:\/\/marktxxl.de\/markt\/#website"},"primaryImageOfPage":{"@id":"https:\/\/marktxxl.de\/markt\/produkt\/always-infinity-pads\/#primaryimage"},"image":{"@id":"https:\/\/marktxxl.de\/markt\/produkt\/always-infinity-pads\/#primaryimage"},"thumbnailUrl":"https:\/\/m.media-amazon.com\/images\/I\/51oZalVRQxL._SL500_.jpg","datePublished":"2021-11-25T15:49:12+00:00","dateModified":"2023-04-11T00:54:16+00:00","description":"Markt-XXL Always Infinity Pads","breadcrumb":{"@id":"https:\/\/marktxxl.de\/markt\/produkt\/always-infinity-pads\/#breadcrumb"},"inLanguage":"de","potentialAction":[{"@type":"ReadAction","target":["https:\/\/marktxxl.de\/markt\/produkt\/always-infinity-pads\/"]}]},{"@type":"ImageObject","inLanguage":"de","@id":"https:\/\/marktxxl.de\/markt\/produkt\/always-infinity-pads\/#primaryimage","url":"https:\/\/m.media-amazon.com\/images\/I\/51oZalVRQxL._SL500_.jpg","contentUrl":"https:\/\/m.media-amazon.com\/images\/I\/51oZalVRQxL._SL500_.jpg","width":477,"height":500},{"@type":"BreadcrumbList","@id":"https:\/\/marktxxl.de\/markt\/produkt\/always-infinity-pads\/#breadcrumb","itemListElement":[{"@type":"ListItem","position":1,"name":"Startseite","item":"https:\/\/marktxxl.de\/markt\/"},{"@type":"ListItem","position":2,"name":"Markt","item":"https:\/\/marktxxl.de\/markt\/"},{"@type":"ListItem","position":3,"name":"Always Infinity Pads"}]},{"@type":"WebSite","@id":"https:\/\/marktxxl.de\/markt\/#website","url":"https:\/\/marktxxl.de\/markt\/","name":"Markt-XXL","description":"Ihr Markt Online","publisher":{"@id":"https:\/\/marktxxl.de\/markt\/#organization"},"potentialAction":[{"@type":"SearchAction","target":{"@type":"EntryPoint","urlTemplate":"https:\/\/marktxxl.de\/markt\/?s={search_term_string}"},"query-input":{"@type":"PropertyValueSpecification","valueRequired":true,"valueName":"search_term_string"}}],"inLanguage":"de"},{"@type":"Organization","@id":"https:\/\/marktxxl.de\/markt\/#organization","name":"Markt-XXL","url":"https:\/\/marktxxl.de\/markt\/","logo":{"@type":"ImageObject","inLanguage":"de","@id":"https:\/\/marktxxl.de\/markt\/#\/schema\/logo\/image\/","url":"https:\/\/marktxxl.de\/markt\/wp-content\/uploads\/sites\/3\/2020\/12\/logo.png","contentUrl":"https:\/\/marktxxl.de\/markt\/wp-content\/uploads\/sites\/3\/2020\/12\/logo.png","width":200,"height":70,"caption":"Markt-XXL"},"image":{"@id":"https:\/\/marktxxl.de\/markt\/#\/schema\/logo\/image\/"}}]}},"_links":{"self":[{"href":"https:\/\/marktxxl.de\/markt\/wp-json\/wp\/v2\/product\/79498","targetHints":{"allow":["GET"]}}],"collection":[{"href":"https:\/\/marktxxl.de\/markt\/wp-json\/wp\/v2\/product"}],"about":[{"href":"https:\/\/marktxxl.de\/markt\/wp-json\/wp\/v2\/types\/product"}],"replies":[{"embeddable":true,"href":"https:\/\/marktxxl.de\/markt\/wp-json\/wp\/v2\/comments?post=79498"}],"wp:featuredmedia":[{"embeddable":true,"href":"https:\/\/marktxxl.de\/markt\/wp-json\/wp\/v2\/media\/79499"}],"wp:attachment":[{"href":"https:\/\/marktxxl.de\/markt\/wp-json\/wp\/v2\/media?parent=79498"}],"wp:term":[{"taxonomy":"product_brand","embeddable":true,"href":"https:\/\/marktxxl.de\/markt\/wp-json\/wp\/v2\/product_brand?post=79498"},{"taxonomy":"product_cat","embeddable":true,"href":"https:\/\/marktxxl.de\/markt\/wp-json\/wp\/v2\/product_cat?post=79498"},{"taxonomy":"product_tag","embeddable":true,"href":"https:\/\/marktxxl.de\/markt\/wp-json\/wp\/v2\/product_tag?post=79498"}],"curies":[{"name":"wp","href":"https:\/\/api.w.org\/{rel}","templated":true}]}}