{"id":79440,"date":"2021-11-25T16:48:34","date_gmt":"2021-11-25T15:48:34","guid":{"rendered":"https:\/\/marktxxl.de\/markt\/produkt\/pixie-cup-sterilisator-fuer-menstruationstassen-toetet-999-der-keime-mit-dampf-3-minuten-und-ihre-menstruationstasse-ist-sauber-uk-stecker-typ-g-stecker\/"},"modified":"2023-04-11T02:54:14","modified_gmt":"2023-04-11T00:54:14","slug":"pixie-cup-sterilisator-fuer-menstruationstassen-toetet-999-der-keime-mit-dampf-3-minuten-und-ihre-menstruationstasse-ist-sauber-uk-stecker-typ-g-stecker","status":"publish","type":"product","link":"https:\/\/marktxxl.de\/markt\/produkt\/pixie-cup-sterilisator-fuer-menstruationstassen-toetet-999-der-keime-mit-dampf-3-minuten-und-ihre-menstruationstasse-ist-sauber-uk-stecker-typ-g-stecker\/","title":{"rendered":"Pixie Cup | Sterilisator f\u00fcr Menstruationstassen | T\u00f6tet 99,9 % der Keime mit Dampf | 3 Minuten und Ihre\u2026"},"content":{"rendered":"<p>WICHTIG: Die Taste kann nur einmal pro Zyklus gedr\u00fcckt werden. Wenn sich die Taste nicht dr\u00fccken l\u00e4sst, f\u00fcgen Sie Wasser hinzu, schlie\u00dfen Sie den Stecker an und lassen Sie das Ger\u00e4t laufen, bis die Taste herausspringt<br \/>\nT\u00f6tet 99,9 % der sch\u00e4dlichen Bakterien und Keime ohne Verwendung von Chemikalien<br \/>\nSterilisiert in nur 3 Minuten mit automatischer Abschaltung f\u00fcr Schnelligkeit und Sicherheit<br \/>\nEinfach zu bedienen, kompakt und leicht<br \/>\nHochwertiges Produkt. Wenn Sie mit Ihrem Pixie Cup Dampfer nicht zufrieden sind, kontaktieren Sie uns einfach und Sie erhalten Ihr Geld zur\u00fcck!<br \/>\n<div class=\"main-cross-sell\" data-asin=\"B07M5HGTJ6\">\n\n\t<div class=\"WooZone-cross-sell-loader\">\n\t\t<div>\n\t\t\t<div id=\"floatingBarsG\">\n\t\t\t\t<div class=\"blockG\" id=\"rotateG_01\"><\/div>\n\t\t\t\t<div class=\"blockG\" id=\"rotateG_02\"><\/div>\n\t\t\t\t<div class=\"blockG\" id=\"rotateG_03\"><\/div>\n\t\t\t\t<div class=\"blockG\" id=\"rotateG_04\"><\/div>\n\t\t\t\t<div class=\"blockG\" id=\"rotateG_05\"><\/div>\n\t\t\t\t<div class=\"blockG\" id=\"rotateG_06\"><\/div>\n\t\t\t\t<div class=\"blockG\" id=\"rotateG_07\"><\/div>\n\t\t\t\t<div class=\"blockG\" id=\"rotateG_08\"><\/div>\n\t\t\t<\/div>\n\t\t\t<div class=\"WooZone-cross-sell-loader-text\"><\/div>\n\t\t<\/div>\n\t<\/div>\n\n\t\t\n<\/div>\n<div style=\"clear:both;\"><\/div><\/p>\n","protected":false},"excerpt":{"rendered":"<p>WICHTIG: Die Taste kann nur einmal pro Zyklus gedr\u00fcckt werden. Wenn sich die Taste nicht dr\u00fccken l\u00e4sst, f\u00fcgen Sie Wasser hinzu, schlie\u00dfen Sie den Stecker an und lassen Sie das Ger\u00e4t laufen, bis die Taste herausspringt<br \/>\nT\u00f6tet 99,9 % der sch\u00e4dlichen Bakterien und Keime ohne Verwendung von Chemikalien<br \/>\nSterilisiert in nur 3 Minuten mit automatischer Abschaltung f\u00fcr Schnelligkeit und Sicherheit<\/p>\n","protected":false},"featured_media":79441,"comment_status":"open","ping_status":"closed","template":"","meta":[],"product_brand":[],"product_cat":[566,5680],"product_tag":[],"class_list":{"0":"post-79440","1":"product","2":"type-product","3":"status-publish","4":"has-post-thumbnail","6":"product_cat-drogerie-koerperpflege","7":"product_cat-intime-pflege-hygiene","8":"pa_binding-badartikel","9":"pa_brand-pixie-cup","10":"pa_height-19-4881889565-zoll","11":"pa_length-15-74803148-zoll","12":"pa_manufacturer-pixie-cup","13":"pa_model-bd15484","14":"pa_size-1-stueck-1er-pack","15":"pa_weight-0-65-pfund","16":"pa_width-19-4881889565-zoll","18":"first","19":"instock","20":"shipping-taxable","21":"purchasable","22":"product-type-simple","23":"customify-col","24":"product-has-gallery"},"yoast_head":"<!-- This site is optimized with the Yoast SEO plugin v27.4 - https:\/\/yoast.com\/product\/yoast-seo-wordpress\/ -->\n<title>Pixie Cup | Sterilisator f\u00fcr Menstruationstassen | T\u00f6tet 99,9 % der Keime mit Dampf | 3 Minuten und Ihre\u2026 - Markt-XXL<\/title>\n<meta name=\"description\" content=\"Markt-XXL Pixie Cup | Sterilisator f\u00fcr Menstruationstassen | T\u00f6tet 99,9 % der Keime mit Dampf | 3 Minuten und Ihre\u2026\" \/>\n<meta name=\"robots\" content=\"index, follow, max-snippet:-1, max-image-preview:large, max-video-preview:-1\" \/>\n<link rel=\"canonical\" href=\"https:\/\/marktxxl.de\/markt\/produkt\/pixie-cup-sterilisator-fuer-menstruationstassen-toetet-999-der-keime-mit-dampf-3-minuten-und-ihre-menstruationstasse-ist-sauber-uk-stecker-typ-g-stecker\/\" \/>\n<meta property=\"og:locale\" content=\"de_DE\" \/>\n<meta property=\"og:type\" content=\"article\" \/>\n<meta property=\"og:title\" content=\"Pixie Cup | Sterilisator f\u00fcr Menstruationstassen | T\u00f6tet 99,9 % der Keime mit Dampf | 3 Minuten und Ihre\u2026 - Markt-XXL\" \/>\n<meta property=\"og:description\" content=\"Markt-XXL Pixie Cup | Sterilisator f\u00fcr Menstruationstassen | T\u00f6tet 99,9 % der Keime mit Dampf | 3 Minuten und Ihre\u2026\" \/>\n<meta property=\"og:url\" content=\"https:\/\/marktxxl.de\/markt\/produkt\/pixie-cup-sterilisator-fuer-menstruationstassen-toetet-999-der-keime-mit-dampf-3-minuten-und-ihre-menstruationstasse-ist-sauber-uk-stecker-typ-g-stecker\/\" \/>\n<meta property=\"og:site_name\" content=\"Markt-XXL\" \/>\n<meta property=\"article:modified_time\" content=\"2023-04-11T00:54:14+00:00\" \/>\n<meta property=\"og:image\" content=\"https:\/\/m.media-amazon.com\/images\/I\/51JR6t4eiWL._SL500_.jpg\" \/>\n\t<meta property=\"og:image:width\" content=\"500\" \/>\n\t<meta property=\"og:image:height\" content=\"500\" \/>\n\t<meta property=\"og:image:type\" content=\"image\/jpeg\" \/>\n<meta name=\"twitter:card\" content=\"summary_large_image\" \/>\n<meta name=\"twitter:label1\" content=\"Gesch\u00e4tzte Lesezeit\" \/>\n\t<meta name=\"twitter:data1\" content=\"1\u00a0Minute\" \/>\n<script type=\"application\/ld+json\" class=\"yoast-schema-graph\">{\"@context\":\"https:\\\/\\\/schema.org\",\"@graph\":[{\"@type\":\"WebPage\",\"@id\":\"https:\\\/\\\/marktxxl.de\\\/markt\\\/produkt\\\/pixie-cup-sterilisator-fuer-menstruationstassen-toetet-999-der-keime-mit-dampf-3-minuten-und-ihre-menstruationstasse-ist-sauber-uk-stecker-typ-g-stecker\\\/\",\"url\":\"https:\\\/\\\/marktxxl.de\\\/markt\\\/produkt\\\/pixie-cup-sterilisator-fuer-menstruationstassen-toetet-999-der-keime-mit-dampf-3-minuten-und-ihre-menstruationstasse-ist-sauber-uk-stecker-typ-g-stecker\\\/\",\"name\":\"Pixie Cup | Sterilisator f\u00fcr Menstruationstassen | T\u00f6tet 99,9 % der Keime mit Dampf | 3 Minuten und Ihre\u2026 - Markt-XXL\",\"isPartOf\":{\"@id\":\"https:\\\/\\\/marktxxl.de\\\/markt\\\/#website\"},\"primaryImageOfPage\":{\"@id\":\"https:\\\/\\\/marktxxl.de\\\/markt\\\/produkt\\\/pixie-cup-sterilisator-fuer-menstruationstassen-toetet-999-der-keime-mit-dampf-3-minuten-und-ihre-menstruationstasse-ist-sauber-uk-stecker-typ-g-stecker\\\/#primaryimage\"},\"image\":{\"@id\":\"https:\\\/\\\/marktxxl.de\\\/markt\\\/produkt\\\/pixie-cup-sterilisator-fuer-menstruationstassen-toetet-999-der-keime-mit-dampf-3-minuten-und-ihre-menstruationstasse-ist-sauber-uk-stecker-typ-g-stecker\\\/#primaryimage\"},\"thumbnailUrl\":\"https:\\\/\\\/m.media-amazon.com\\\/images\\\/I\\\/51JR6t4eiWL._SL500_.jpg\",\"datePublished\":\"2021-11-25T15:48:34+00:00\",\"dateModified\":\"2023-04-11T00:54:14+00:00\",\"description\":\"Markt-XXL Pixie Cup | Sterilisator f\u00fcr Menstruationstassen | T\u00f6tet 99,9 % der Keime mit Dampf | 3 Minuten und Ihre\u2026\",\"breadcrumb\":{\"@id\":\"https:\\\/\\\/marktxxl.de\\\/markt\\\/produkt\\\/pixie-cup-sterilisator-fuer-menstruationstassen-toetet-999-der-keime-mit-dampf-3-minuten-und-ihre-menstruationstasse-ist-sauber-uk-stecker-typ-g-stecker\\\/#breadcrumb\"},\"inLanguage\":\"de\",\"potentialAction\":[{\"@type\":\"ReadAction\",\"target\":[\"https:\\\/\\\/marktxxl.de\\\/markt\\\/produkt\\\/pixie-cup-sterilisator-fuer-menstruationstassen-toetet-999-der-keime-mit-dampf-3-minuten-und-ihre-menstruationstasse-ist-sauber-uk-stecker-typ-g-stecker\\\/\"]}]},{\"@type\":\"ImageObject\",\"inLanguage\":\"de\",\"@id\":\"https:\\\/\\\/marktxxl.de\\\/markt\\\/produkt\\\/pixie-cup-sterilisator-fuer-menstruationstassen-toetet-999-der-keime-mit-dampf-3-minuten-und-ihre-menstruationstasse-ist-sauber-uk-stecker-typ-g-stecker\\\/#primaryimage\",\"url\":\"https:\\\/\\\/m.media-amazon.com\\\/images\\\/I\\\/51JR6t4eiWL._SL500_.jpg\",\"contentUrl\":\"https:\\\/\\\/m.media-amazon.com\\\/images\\\/I\\\/51JR6t4eiWL._SL500_.jpg\",\"width\":500,\"height\":500},{\"@type\":\"BreadcrumbList\",\"@id\":\"https:\\\/\\\/marktxxl.de\\\/markt\\\/produkt\\\/pixie-cup-sterilisator-fuer-menstruationstassen-toetet-999-der-keime-mit-dampf-3-minuten-und-ihre-menstruationstasse-ist-sauber-uk-stecker-typ-g-stecker\\\/#breadcrumb\",\"itemListElement\":[{\"@type\":\"ListItem\",\"position\":1,\"name\":\"Startseite\",\"item\":\"https:\\\/\\\/marktxxl.de\\\/markt\\\/\"},{\"@type\":\"ListItem\",\"position\":2,\"name\":\"Markt\",\"item\":\"https:\\\/\\\/marktxxl.de\\\/markt\\\/\"},{\"@type\":\"ListItem\",\"position\":3,\"name\":\"Pixie Cup | Sterilisator f\u00fcr Menstruationstassen | T\u00f6tet 99,9 % der Keime mit Dampf | 3 Minuten und Ihre\u2026\"}]},{\"@type\":\"WebSite\",\"@id\":\"https:\\\/\\\/marktxxl.de\\\/markt\\\/#website\",\"url\":\"https:\\\/\\\/marktxxl.de\\\/markt\\\/\",\"name\":\"Markt-XXL\",\"description\":\"Ihr Markt Online\",\"publisher\":{\"@id\":\"https:\\\/\\\/marktxxl.de\\\/markt\\\/#organization\"},\"potentialAction\":[{\"@type\":\"SearchAction\",\"target\":{\"@type\":\"EntryPoint\",\"urlTemplate\":\"https:\\\/\\\/marktxxl.de\\\/markt\\\/?s={search_term_string}\"},\"query-input\":{\"@type\":\"PropertyValueSpecification\",\"valueRequired\":true,\"valueName\":\"search_term_string\"}}],\"inLanguage\":\"de\"},{\"@type\":\"Organization\",\"@id\":\"https:\\\/\\\/marktxxl.de\\\/markt\\\/#organization\",\"name\":\"Markt-XXL\",\"url\":\"https:\\\/\\\/marktxxl.de\\\/markt\\\/\",\"logo\":{\"@type\":\"ImageObject\",\"inLanguage\":\"de\",\"@id\":\"https:\\\/\\\/marktxxl.de\\\/markt\\\/#\\\/schema\\\/logo\\\/image\\\/\",\"url\":\"https:\\\/\\\/marktxxl.de\\\/markt\\\/wp-content\\\/uploads\\\/sites\\\/3\\\/2020\\\/12\\\/logo.png\",\"contentUrl\":\"https:\\\/\\\/marktxxl.de\\\/markt\\\/wp-content\\\/uploads\\\/sites\\\/3\\\/2020\\\/12\\\/logo.png\",\"width\":200,\"height\":70,\"caption\":\"Markt-XXL\"},\"image\":{\"@id\":\"https:\\\/\\\/marktxxl.de\\\/markt\\\/#\\\/schema\\\/logo\\\/image\\\/\"}}]}<\/script>\n<!-- \/ Yoast SEO plugin. -->","yoast_head_json":{"title":"Pixie Cup | Sterilisator f\u00fcr Menstruationstassen | T\u00f6tet 99,9 % der Keime mit Dampf | 3 Minuten und Ihre\u2026 - Markt-XXL","description":"Markt-XXL Pixie Cup | Sterilisator f\u00fcr Menstruationstassen | T\u00f6tet 99,9 % der Keime mit Dampf | 3 Minuten und Ihre\u2026","robots":{"index":"index","follow":"follow","max-snippet":"max-snippet:-1","max-image-preview":"max-image-preview:large","max-video-preview":"max-video-preview:-1"},"canonical":"https:\/\/marktxxl.de\/markt\/produkt\/pixie-cup-sterilisator-fuer-menstruationstassen-toetet-999-der-keime-mit-dampf-3-minuten-und-ihre-menstruationstasse-ist-sauber-uk-stecker-typ-g-stecker\/","og_locale":"de_DE","og_type":"article","og_title":"Pixie Cup | Sterilisator f\u00fcr Menstruationstassen | T\u00f6tet 99,9 % der Keime mit Dampf | 3 Minuten und Ihre\u2026 - Markt-XXL","og_description":"Markt-XXL Pixie Cup | Sterilisator f\u00fcr Menstruationstassen | T\u00f6tet 99,9 % der Keime mit Dampf | 3 Minuten und Ihre\u2026","og_url":"https:\/\/marktxxl.de\/markt\/produkt\/pixie-cup-sterilisator-fuer-menstruationstassen-toetet-999-der-keime-mit-dampf-3-minuten-und-ihre-menstruationstasse-ist-sauber-uk-stecker-typ-g-stecker\/","og_site_name":"Markt-XXL","article_modified_time":"2023-04-11T00:54:14+00:00","og_image":[{"width":500,"height":500,"url":"https:\/\/m.media-amazon.com\/images\/I\/51JR6t4eiWL._SL500_.jpg","type":"image\/jpeg"}],"twitter_card":"summary_large_image","twitter_misc":{"Gesch\u00e4tzte Lesezeit":"1\u00a0Minute"},"schema":{"@context":"https:\/\/schema.org","@graph":[{"@type":"WebPage","@id":"https:\/\/marktxxl.de\/markt\/produkt\/pixie-cup-sterilisator-fuer-menstruationstassen-toetet-999-der-keime-mit-dampf-3-minuten-und-ihre-menstruationstasse-ist-sauber-uk-stecker-typ-g-stecker\/","url":"https:\/\/marktxxl.de\/markt\/produkt\/pixie-cup-sterilisator-fuer-menstruationstassen-toetet-999-der-keime-mit-dampf-3-minuten-und-ihre-menstruationstasse-ist-sauber-uk-stecker-typ-g-stecker\/","name":"Pixie Cup | Sterilisator f\u00fcr Menstruationstassen | T\u00f6tet 99,9 % der Keime mit Dampf | 3 Minuten und Ihre\u2026 - Markt-XXL","isPartOf":{"@id":"https:\/\/marktxxl.de\/markt\/#website"},"primaryImageOfPage":{"@id":"https:\/\/marktxxl.de\/markt\/produkt\/pixie-cup-sterilisator-fuer-menstruationstassen-toetet-999-der-keime-mit-dampf-3-minuten-und-ihre-menstruationstasse-ist-sauber-uk-stecker-typ-g-stecker\/#primaryimage"},"image":{"@id":"https:\/\/marktxxl.de\/markt\/produkt\/pixie-cup-sterilisator-fuer-menstruationstassen-toetet-999-der-keime-mit-dampf-3-minuten-und-ihre-menstruationstasse-ist-sauber-uk-stecker-typ-g-stecker\/#primaryimage"},"thumbnailUrl":"https:\/\/m.media-amazon.com\/images\/I\/51JR6t4eiWL._SL500_.jpg","datePublished":"2021-11-25T15:48:34+00:00","dateModified":"2023-04-11T00:54:14+00:00","description":"Markt-XXL Pixie Cup | Sterilisator f\u00fcr Menstruationstassen | T\u00f6tet 99,9 % der Keime mit Dampf | 3 Minuten und Ihre\u2026","breadcrumb":{"@id":"https:\/\/marktxxl.de\/markt\/produkt\/pixie-cup-sterilisator-fuer-menstruationstassen-toetet-999-der-keime-mit-dampf-3-minuten-und-ihre-menstruationstasse-ist-sauber-uk-stecker-typ-g-stecker\/#breadcrumb"},"inLanguage":"de","potentialAction":[{"@type":"ReadAction","target":["https:\/\/marktxxl.de\/markt\/produkt\/pixie-cup-sterilisator-fuer-menstruationstassen-toetet-999-der-keime-mit-dampf-3-minuten-und-ihre-menstruationstasse-ist-sauber-uk-stecker-typ-g-stecker\/"]}]},{"@type":"ImageObject","inLanguage":"de","@id":"https:\/\/marktxxl.de\/markt\/produkt\/pixie-cup-sterilisator-fuer-menstruationstassen-toetet-999-der-keime-mit-dampf-3-minuten-und-ihre-menstruationstasse-ist-sauber-uk-stecker-typ-g-stecker\/#primaryimage","url":"https:\/\/m.media-amazon.com\/images\/I\/51JR6t4eiWL._SL500_.jpg","contentUrl":"https:\/\/m.media-amazon.com\/images\/I\/51JR6t4eiWL._SL500_.jpg","width":500,"height":500},{"@type":"BreadcrumbList","@id":"https:\/\/marktxxl.de\/markt\/produkt\/pixie-cup-sterilisator-fuer-menstruationstassen-toetet-999-der-keime-mit-dampf-3-minuten-und-ihre-menstruationstasse-ist-sauber-uk-stecker-typ-g-stecker\/#breadcrumb","itemListElement":[{"@type":"ListItem","position":1,"name":"Startseite","item":"https:\/\/marktxxl.de\/markt\/"},{"@type":"ListItem","position":2,"name":"Markt","item":"https:\/\/marktxxl.de\/markt\/"},{"@type":"ListItem","position":3,"name":"Pixie Cup | Sterilisator f\u00fcr Menstruationstassen | T\u00f6tet 99,9 % der Keime mit Dampf | 3 Minuten und Ihre\u2026"}]},{"@type":"WebSite","@id":"https:\/\/marktxxl.de\/markt\/#website","url":"https:\/\/marktxxl.de\/markt\/","name":"Markt-XXL","description":"Ihr Markt Online","publisher":{"@id":"https:\/\/marktxxl.de\/markt\/#organization"},"potentialAction":[{"@type":"SearchAction","target":{"@type":"EntryPoint","urlTemplate":"https:\/\/marktxxl.de\/markt\/?s={search_term_string}"},"query-input":{"@type":"PropertyValueSpecification","valueRequired":true,"valueName":"search_term_string"}}],"inLanguage":"de"},{"@type":"Organization","@id":"https:\/\/marktxxl.de\/markt\/#organization","name":"Markt-XXL","url":"https:\/\/marktxxl.de\/markt\/","logo":{"@type":"ImageObject","inLanguage":"de","@id":"https:\/\/marktxxl.de\/markt\/#\/schema\/logo\/image\/","url":"https:\/\/marktxxl.de\/markt\/wp-content\/uploads\/sites\/3\/2020\/12\/logo.png","contentUrl":"https:\/\/marktxxl.de\/markt\/wp-content\/uploads\/sites\/3\/2020\/12\/logo.png","width":200,"height":70,"caption":"Markt-XXL"},"image":{"@id":"https:\/\/marktxxl.de\/markt\/#\/schema\/logo\/image\/"}}]}},"_links":{"self":[{"href":"https:\/\/marktxxl.de\/markt\/wp-json\/wp\/v2\/product\/79440","targetHints":{"allow":["GET"]}}],"collection":[{"href":"https:\/\/marktxxl.de\/markt\/wp-json\/wp\/v2\/product"}],"about":[{"href":"https:\/\/marktxxl.de\/markt\/wp-json\/wp\/v2\/types\/product"}],"replies":[{"embeddable":true,"href":"https:\/\/marktxxl.de\/markt\/wp-json\/wp\/v2\/comments?post=79440"}],"wp:featuredmedia":[{"embeddable":true,"href":"https:\/\/marktxxl.de\/markt\/wp-json\/wp\/v2\/media\/79441"}],"wp:attachment":[{"href":"https:\/\/marktxxl.de\/markt\/wp-json\/wp\/v2\/media?parent=79440"}],"wp:term":[{"taxonomy":"product_brand","embeddable":true,"href":"https:\/\/marktxxl.de\/markt\/wp-json\/wp\/v2\/product_brand?post=79440"},{"taxonomy":"product_cat","embeddable":true,"href":"https:\/\/marktxxl.de\/markt\/wp-json\/wp\/v2\/product_cat?post=79440"},{"taxonomy":"product_tag","embeddable":true,"href":"https:\/\/marktxxl.de\/markt\/wp-json\/wp\/v2\/product_tag?post=79440"}],"curies":[{"name":"wp","href":"https:\/\/api.w.org\/{rel}","templated":true}]}}