{"id":79088,"date":"2021-11-25T16:33:44","date_gmt":"2021-11-25T15:33:44","guid":{"rendered":"https:\/\/marktxxl.de\/markt\/produkt\/netuno-briefumschlaege-majestic-dl\/"},"modified":"2023-04-11T02:54:08","modified_gmt":"2023-04-11T00:54:08","slug":"netuno-briefumschlaege-majestic-dl","status":"publish","type":"product","link":"https:\/\/marktxxl.de\/markt\/produkt\/netuno-briefumschlaege-majestic-dl\/","title":{"rendered":"Netuno 25 Umschl\u00e4ge Perlmutt-Creme DIN Lang 110x 220 mm 120g Majestic Candelight Cream elegante Umschl\u00e4ge f\u00fcr Hochzeit\u2026"},"content":{"rendered":"<p>RICHTIGES FORMAT \u2013 Egal ob Einladungen, Danksagungskarten oder Gelegenheitskarten &#8211; bei Kuverts kommt es auf die Wahl des richtigen Formates an. DL-Umschl\u00e4ge (Standard-Briefumschl\u00e4ge) sind meistgenutzte Kuverts. Mit diesem Format k\u00f6nnen Sie DIN Lang Karten oder DIN A4 Briefe (zweimal gefalzt) verschicken.<br \/>\nGENIALE UMSCHL\u00c4GE F\u00dcR GENIALE IDEEN \u2013 Exklusive Briefumschl\u00e4ge mit einem einzigartigen Look aus dekorativem Papier in edlen Farben sind die perfekte Inspirationsquelle f\u00fcr alle kreativen Entw\u00fcrfe. Lassen Sie sich von dem Perlmuttglanz dieser Umschl\u00e4ge inspirieren. Bereiten Sie dem Empf\u00e4nger eine besondere Freude.<br \/>\nGL\u00c4NZENDE ELEGANZ \u2013 Elegante Kuverts mit metallisch gl\u00e4nzenden Partikeln aus brillantem, beidseitig schimmerndem Papier mit Metallic-Effekt finden Anwendung \u00fcberall dort, wo die h\u00f6chste Qualit\u00e4t verlangt werden. Hochwertige Kuverts eignen sich hervorragend f\u00fcr Gl\u00fcckwunschkarten, luxuri\u00f6se Einladungen oder Visitenkarten.<br \/>\nPERFEKT F\u00dcR JEDE GELEGENHEIT \u2013 Farbige Briefh\u00fcllen f\u00fcr hochwertige, eindrucksvolle Inhalte, ideal f\u00fcr Ihre besonderen Anl\u00e4sse: Hochzeit, Weihnachten, Neujahr, Geburtstag, Taufe, Erstkommunion, Ostern, Valentinstag, Jubil\u00e4en. Sie lassen sich auch in Ihrem Gesch\u00e4ft einsetzen, z. B. f\u00fcr eine stilvolle Firmenpost.<br \/>\nTECHNISCHE DATEN \u2013 500 Umschl\u00e4ge im DIN Lang-Format (110x220mm), gerade Klappe, Haftklebung mit Abdeckstreifen, hergestellt aus Majestic Papier 120g, FSC-zertifiziert. Sie sind bedruckbar und beschreibbar. Beachten Sie, dass leichte Farbabweichungen aufgrund unterschiedlicher Monitoreinstellungen m\u00f6glich sind.<br \/>\n<div class=\"main-cross-sell\" data-asin=\"B07797ZXT3\">\n\n\t<div class=\"WooZone-cross-sell-loader\">\n\t\t<div>\n\t\t\t<div id=\"floatingBarsG\">\n\t\t\t\t<div class=\"blockG\" id=\"rotateG_01\"><\/div>\n\t\t\t\t<div class=\"blockG\" id=\"rotateG_02\"><\/div>\n\t\t\t\t<div class=\"blockG\" id=\"rotateG_03\"><\/div>\n\t\t\t\t<div class=\"blockG\" id=\"rotateG_04\"><\/div>\n\t\t\t\t<div class=\"blockG\" id=\"rotateG_05\"><\/div>\n\t\t\t\t<div class=\"blockG\" id=\"rotateG_06\"><\/div>\n\t\t\t\t<div class=\"blockG\" id=\"rotateG_07\"><\/div>\n\t\t\t\t<div class=\"blockG\" id=\"rotateG_08\"><\/div>\n\t\t\t<\/div>\n\t\t\t<div class=\"WooZone-cross-sell-loader-text\"><\/div>\n\t\t<\/div>\n\t<\/div>\n\n\t\t\n<\/div>\n<div style=\"clear:both;\"><\/div><\/p>\n","protected":false},"excerpt":{"rendered":"<p>RICHTIGES FORMAT \u2013 Egal ob Einladungen, Danksagungskarten oder Gelegenheitskarten &#8211; bei Kuverts kommt es auf die Wahl des richtigen Formates an. DL-Umschl\u00e4ge (Standard-Briefumschl\u00e4ge) sind meistgenutzte Kuverts. Mit diesem Format k\u00f6nnen Sie DIN Lang Karten oder DIN A4 Briefe (zweimal gefalzt) verschicken.<br \/>\nGENIALE UMSCHL\u00c4GE F\u00dcR GENIALE IDEEN \u2013 Exklusive Briefumschl\u00e4ge mit einem einzigartigen Look aus dekorativem Papier in edlen Farben sind die perfekte Inspirationsquelle f\u00fcr alle kreativen Entw\u00fcrfe. Lassen Sie sich von dem Perlmuttglanz dieser Umschl\u00e4ge inspirieren. Bereiten Sie dem Empf\u00e4nger eine besondere Freude.<br \/>\nGL\u00c4NZENDE ELEGANZ \u2013 Elegante Kuverts mit metallisch gl\u00e4nzenden Partikeln aus brillantem, beidseitig schimmerndem Papier mit Metallic-Effekt finden Anwendung \u00fcberall dort, wo die h\u00f6chste Qualit\u00e4t verlangt werden. Hochwertige Kuverts eignen sich hervorragend f\u00fcr Gl\u00fcckwunschkarten, luxuri\u00f6se Einladungen oder Visitenkarten.<\/p>\n","protected":false},"featured_media":79089,"comment_status":"open","ping_status":"closed","template":"","meta":[],"product_brand":[],"product_cat":[504,8703],"product_tag":[],"class_list":{"0":"post-79088","1":"product","2":"type-product","3":"status-publish","4":"has-post-thumbnail","6":"product_cat-buerobedarf-schreibwaren","7":"product_cat-umschlaege-versandzubehoer","8":"pa_brand-netuno","9":"pa_manufacturer-netuno","11":"first","12":"instock","13":"shipping-taxable","14":"purchasable","15":"product-type-simple","16":"customify-col","17":"product-has-gallery"},"yoast_head":"<!-- This site is optimized with the Yoast SEO plugin v27.3 - https:\/\/yoast.com\/product\/yoast-seo-wordpress\/ -->\n<title>Netuno 25 Umschl\u00e4ge Perlmutt-Creme DIN Lang 110x 220 mm 120g Majestic Candelight Cream elegante Umschl\u00e4ge f\u00fcr Hochzeit\u2026 - Markt-XXL<\/title>\n<meta name=\"description\" content=\"Markt-XXL Netuno 25 Umschl\u00e4ge Perlmutt-Creme DIN Lang 110x 220 mm 120g Majestic Candelight Cream elegante Umschl\u00e4ge f\u00fcr Hochzeit\u2026\" \/>\n<meta name=\"robots\" content=\"index, follow, max-snippet:-1, max-image-preview:large, max-video-preview:-1\" \/>\n<link rel=\"canonical\" href=\"https:\/\/marktxxl.de\/markt\/produkt\/netuno-briefumschlaege-majestic-dl\/\" \/>\n<meta property=\"og:locale\" content=\"de_DE\" \/>\n<meta property=\"og:type\" content=\"article\" \/>\n<meta property=\"og:title\" content=\"Netuno 25 Umschl\u00e4ge Perlmutt-Creme DIN Lang 110x 220 mm 120g Majestic Candelight Cream elegante Umschl\u00e4ge f\u00fcr Hochzeit\u2026 - Markt-XXL\" \/>\n<meta property=\"og:description\" content=\"Markt-XXL Netuno 25 Umschl\u00e4ge Perlmutt-Creme DIN Lang 110x 220 mm 120g Majestic Candelight Cream elegante Umschl\u00e4ge f\u00fcr Hochzeit\u2026\" \/>\n<meta property=\"og:url\" content=\"https:\/\/marktxxl.de\/markt\/produkt\/netuno-briefumschlaege-majestic-dl\/\" \/>\n<meta property=\"og:site_name\" content=\"Markt-XXL\" \/>\n<meta property=\"article:modified_time\" content=\"2023-04-11T00:54:08+00:00\" \/>\n<meta property=\"og:image\" content=\"https:\/\/m.media-amazon.com\/images\/I\/41LUq+OuQnL._SL500_.jpg\" \/>\n\t<meta property=\"og:image:width\" content=\"500\" \/>\n\t<meta property=\"og:image:height\" content=\"248\" \/>\n\t<meta property=\"og:image:type\" content=\"image\/jpeg\" \/>\n<meta name=\"twitter:card\" content=\"summary_large_image\" \/>\n<meta name=\"twitter:label1\" content=\"Gesch\u00e4tzte Lesezeit\" \/>\n\t<meta name=\"twitter:data1\" content=\"1\u00a0Minute\" \/>\n<script type=\"application\/ld+json\" class=\"yoast-schema-graph\">{\"@context\":\"https:\\\/\\\/schema.org\",\"@graph\":[{\"@type\":\"WebPage\",\"@id\":\"https:\\\/\\\/marktxxl.de\\\/markt\\\/produkt\\\/netuno-briefumschlaege-majestic-dl\\\/\",\"url\":\"https:\\\/\\\/marktxxl.de\\\/markt\\\/produkt\\\/netuno-briefumschlaege-majestic-dl\\\/\",\"name\":\"Netuno 25 Umschl\u00e4ge Perlmutt-Creme DIN Lang 110x 220 mm 120g Majestic Candelight Cream elegante Umschl\u00e4ge f\u00fcr Hochzeit\u2026 - Markt-XXL\",\"isPartOf\":{\"@id\":\"https:\\\/\\\/marktxxl.de\\\/markt\\\/#website\"},\"primaryImageOfPage\":{\"@id\":\"https:\\\/\\\/marktxxl.de\\\/markt\\\/produkt\\\/netuno-briefumschlaege-majestic-dl\\\/#primaryimage\"},\"image\":{\"@id\":\"https:\\\/\\\/marktxxl.de\\\/markt\\\/produkt\\\/netuno-briefumschlaege-majestic-dl\\\/#primaryimage\"},\"thumbnailUrl\":\"https:\\\/\\\/m.media-amazon.com\\\/images\\\/I\\\/41LUq+OuQnL._SL500_.jpg\",\"datePublished\":\"2021-11-25T15:33:44+00:00\",\"dateModified\":\"2023-04-11T00:54:08+00:00\",\"description\":\"Markt-XXL Netuno 25 Umschl\u00e4ge Perlmutt-Creme DIN Lang 110x 220 mm 120g Majestic Candelight Cream elegante Umschl\u00e4ge f\u00fcr Hochzeit\u2026\",\"breadcrumb\":{\"@id\":\"https:\\\/\\\/marktxxl.de\\\/markt\\\/produkt\\\/netuno-briefumschlaege-majestic-dl\\\/#breadcrumb\"},\"inLanguage\":\"de\",\"potentialAction\":[{\"@type\":\"ReadAction\",\"target\":[\"https:\\\/\\\/marktxxl.de\\\/markt\\\/produkt\\\/netuno-briefumschlaege-majestic-dl\\\/\"]}]},{\"@type\":\"ImageObject\",\"inLanguage\":\"de\",\"@id\":\"https:\\\/\\\/marktxxl.de\\\/markt\\\/produkt\\\/netuno-briefumschlaege-majestic-dl\\\/#primaryimage\",\"url\":\"https:\\\/\\\/m.media-amazon.com\\\/images\\\/I\\\/41LUq+OuQnL._SL500_.jpg\",\"contentUrl\":\"https:\\\/\\\/m.media-amazon.com\\\/images\\\/I\\\/41LUq+OuQnL._SL500_.jpg\",\"width\":500,\"height\":248},{\"@type\":\"BreadcrumbList\",\"@id\":\"https:\\\/\\\/marktxxl.de\\\/markt\\\/produkt\\\/netuno-briefumschlaege-majestic-dl\\\/#breadcrumb\",\"itemListElement\":[{\"@type\":\"ListItem\",\"position\":1,\"name\":\"Startseite\",\"item\":\"https:\\\/\\\/marktxxl.de\\\/markt\\\/\"},{\"@type\":\"ListItem\",\"position\":2,\"name\":\"Markt\",\"item\":\"https:\\\/\\\/marktxxl.de\\\/markt\\\/\"},{\"@type\":\"ListItem\",\"position\":3,\"name\":\"Netuno 25 Umschl\u00e4ge Perlmutt-Creme DIN Lang 110x 220 mm 120g Majestic Candelight Cream elegante Umschl\u00e4ge f\u00fcr Hochzeit\u2026\"}]},{\"@type\":\"WebSite\",\"@id\":\"https:\\\/\\\/marktxxl.de\\\/markt\\\/#website\",\"url\":\"https:\\\/\\\/marktxxl.de\\\/markt\\\/\",\"name\":\"Markt-XXL\",\"description\":\"Ihr Markt Online\",\"publisher\":{\"@id\":\"https:\\\/\\\/marktxxl.de\\\/markt\\\/#organization\"},\"potentialAction\":[{\"@type\":\"SearchAction\",\"target\":{\"@type\":\"EntryPoint\",\"urlTemplate\":\"https:\\\/\\\/marktxxl.de\\\/markt\\\/?s={search_term_string}\"},\"query-input\":{\"@type\":\"PropertyValueSpecification\",\"valueRequired\":true,\"valueName\":\"search_term_string\"}}],\"inLanguage\":\"de\"},{\"@type\":\"Organization\",\"@id\":\"https:\\\/\\\/marktxxl.de\\\/markt\\\/#organization\",\"name\":\"Markt-XXL\",\"url\":\"https:\\\/\\\/marktxxl.de\\\/markt\\\/\",\"logo\":{\"@type\":\"ImageObject\",\"inLanguage\":\"de\",\"@id\":\"https:\\\/\\\/marktxxl.de\\\/markt\\\/#\\\/schema\\\/logo\\\/image\\\/\",\"url\":\"https:\\\/\\\/marktxxl.de\\\/markt\\\/wp-content\\\/uploads\\\/sites\\\/3\\\/2020\\\/12\\\/logo.png\",\"contentUrl\":\"https:\\\/\\\/marktxxl.de\\\/markt\\\/wp-content\\\/uploads\\\/sites\\\/3\\\/2020\\\/12\\\/logo.png\",\"width\":200,\"height\":70,\"caption\":\"Markt-XXL\"},\"image\":{\"@id\":\"https:\\\/\\\/marktxxl.de\\\/markt\\\/#\\\/schema\\\/logo\\\/image\\\/\"}}]}<\/script>\n<!-- \/ Yoast SEO plugin. -->","yoast_head_json":{"title":"Netuno 25 Umschl\u00e4ge Perlmutt-Creme DIN Lang 110x 220 mm 120g Majestic Candelight Cream elegante Umschl\u00e4ge f\u00fcr Hochzeit\u2026 - Markt-XXL","description":"Markt-XXL Netuno 25 Umschl\u00e4ge Perlmutt-Creme DIN Lang 110x 220 mm 120g Majestic Candelight Cream elegante Umschl\u00e4ge f\u00fcr Hochzeit\u2026","robots":{"index":"index","follow":"follow","max-snippet":"max-snippet:-1","max-image-preview":"max-image-preview:large","max-video-preview":"max-video-preview:-1"},"canonical":"https:\/\/marktxxl.de\/markt\/produkt\/netuno-briefumschlaege-majestic-dl\/","og_locale":"de_DE","og_type":"article","og_title":"Netuno 25 Umschl\u00e4ge Perlmutt-Creme DIN Lang 110x 220 mm 120g Majestic Candelight Cream elegante Umschl\u00e4ge f\u00fcr Hochzeit\u2026 - Markt-XXL","og_description":"Markt-XXL Netuno 25 Umschl\u00e4ge Perlmutt-Creme DIN Lang 110x 220 mm 120g Majestic Candelight Cream elegante Umschl\u00e4ge f\u00fcr Hochzeit\u2026","og_url":"https:\/\/marktxxl.de\/markt\/produkt\/netuno-briefumschlaege-majestic-dl\/","og_site_name":"Markt-XXL","article_modified_time":"2023-04-11T00:54:08+00:00","og_image":[{"width":500,"height":248,"url":"https:\/\/m.media-amazon.com\/images\/I\/41LUq+OuQnL._SL500_.jpg","type":"image\/jpeg"}],"twitter_card":"summary_large_image","twitter_misc":{"Gesch\u00e4tzte Lesezeit":"1\u00a0Minute"},"schema":{"@context":"https:\/\/schema.org","@graph":[{"@type":"WebPage","@id":"https:\/\/marktxxl.de\/markt\/produkt\/netuno-briefumschlaege-majestic-dl\/","url":"https:\/\/marktxxl.de\/markt\/produkt\/netuno-briefumschlaege-majestic-dl\/","name":"Netuno 25 Umschl\u00e4ge Perlmutt-Creme DIN Lang 110x 220 mm 120g Majestic Candelight Cream elegante Umschl\u00e4ge f\u00fcr Hochzeit\u2026 - Markt-XXL","isPartOf":{"@id":"https:\/\/marktxxl.de\/markt\/#website"},"primaryImageOfPage":{"@id":"https:\/\/marktxxl.de\/markt\/produkt\/netuno-briefumschlaege-majestic-dl\/#primaryimage"},"image":{"@id":"https:\/\/marktxxl.de\/markt\/produkt\/netuno-briefumschlaege-majestic-dl\/#primaryimage"},"thumbnailUrl":"https:\/\/m.media-amazon.com\/images\/I\/41LUq+OuQnL._SL500_.jpg","datePublished":"2021-11-25T15:33:44+00:00","dateModified":"2023-04-11T00:54:08+00:00","description":"Markt-XXL Netuno 25 Umschl\u00e4ge Perlmutt-Creme DIN Lang 110x 220 mm 120g Majestic Candelight Cream elegante Umschl\u00e4ge f\u00fcr Hochzeit\u2026","breadcrumb":{"@id":"https:\/\/marktxxl.de\/markt\/produkt\/netuno-briefumschlaege-majestic-dl\/#breadcrumb"},"inLanguage":"de","potentialAction":[{"@type":"ReadAction","target":["https:\/\/marktxxl.de\/markt\/produkt\/netuno-briefumschlaege-majestic-dl\/"]}]},{"@type":"ImageObject","inLanguage":"de","@id":"https:\/\/marktxxl.de\/markt\/produkt\/netuno-briefumschlaege-majestic-dl\/#primaryimage","url":"https:\/\/m.media-amazon.com\/images\/I\/41LUq+OuQnL._SL500_.jpg","contentUrl":"https:\/\/m.media-amazon.com\/images\/I\/41LUq+OuQnL._SL500_.jpg","width":500,"height":248},{"@type":"BreadcrumbList","@id":"https:\/\/marktxxl.de\/markt\/produkt\/netuno-briefumschlaege-majestic-dl\/#breadcrumb","itemListElement":[{"@type":"ListItem","position":1,"name":"Startseite","item":"https:\/\/marktxxl.de\/markt\/"},{"@type":"ListItem","position":2,"name":"Markt","item":"https:\/\/marktxxl.de\/markt\/"},{"@type":"ListItem","position":3,"name":"Netuno 25 Umschl\u00e4ge Perlmutt-Creme DIN Lang 110x 220 mm 120g Majestic Candelight Cream elegante Umschl\u00e4ge f\u00fcr Hochzeit\u2026"}]},{"@type":"WebSite","@id":"https:\/\/marktxxl.de\/markt\/#website","url":"https:\/\/marktxxl.de\/markt\/","name":"Markt-XXL","description":"Ihr Markt Online","publisher":{"@id":"https:\/\/marktxxl.de\/markt\/#organization"},"potentialAction":[{"@type":"SearchAction","target":{"@type":"EntryPoint","urlTemplate":"https:\/\/marktxxl.de\/markt\/?s={search_term_string}"},"query-input":{"@type":"PropertyValueSpecification","valueRequired":true,"valueName":"search_term_string"}}],"inLanguage":"de"},{"@type":"Organization","@id":"https:\/\/marktxxl.de\/markt\/#organization","name":"Markt-XXL","url":"https:\/\/marktxxl.de\/markt\/","logo":{"@type":"ImageObject","inLanguage":"de","@id":"https:\/\/marktxxl.de\/markt\/#\/schema\/logo\/image\/","url":"https:\/\/marktxxl.de\/markt\/wp-content\/uploads\/sites\/3\/2020\/12\/logo.png","contentUrl":"https:\/\/marktxxl.de\/markt\/wp-content\/uploads\/sites\/3\/2020\/12\/logo.png","width":200,"height":70,"caption":"Markt-XXL"},"image":{"@id":"https:\/\/marktxxl.de\/markt\/#\/schema\/logo\/image\/"}}]}},"_links":{"self":[{"href":"https:\/\/marktxxl.de\/markt\/wp-json\/wp\/v2\/product\/79088","targetHints":{"allow":["GET"]}}],"collection":[{"href":"https:\/\/marktxxl.de\/markt\/wp-json\/wp\/v2\/product"}],"about":[{"href":"https:\/\/marktxxl.de\/markt\/wp-json\/wp\/v2\/types\/product"}],"replies":[{"embeddable":true,"href":"https:\/\/marktxxl.de\/markt\/wp-json\/wp\/v2\/comments?post=79088"}],"wp:featuredmedia":[{"embeddable":true,"href":"https:\/\/marktxxl.de\/markt\/wp-json\/wp\/v2\/media\/79089"}],"wp:attachment":[{"href":"https:\/\/marktxxl.de\/markt\/wp-json\/wp\/v2\/media?parent=79088"}],"wp:term":[{"taxonomy":"product_brand","embeddable":true,"href":"https:\/\/marktxxl.de\/markt\/wp-json\/wp\/v2\/product_brand?post=79088"},{"taxonomy":"product_cat","embeddable":true,"href":"https:\/\/marktxxl.de\/markt\/wp-json\/wp\/v2\/product_cat?post=79088"},{"taxonomy":"product_tag","embeddable":true,"href":"https:\/\/marktxxl.de\/markt\/wp-json\/wp\/v2\/product_tag?post=79088"}],"curies":[{"name":"wp","href":"https:\/\/api.w.org\/{rel}","templated":true}]}}