{"id":78819,"date":"2021-11-25T16:21:21","date_gmt":"2021-11-25T15:21:21","guid":{"rendered":"https:\/\/marktxxl.de\/markt\/produkt\/satch-match-schulrucksack-ergonomisch-erweiterbar-auf-35-liter-extra-fronttasche-blue-crush-blau\/"},"modified":"2023-04-08T02:22:40","modified_gmt":"2023-04-08T00:22:40","slug":"satch-match-schulrucksack-ergonomisch-erweiterbar-auf-35-liter-extra-fronttasche-blue-crush-blau","status":"publish","type":"product","link":"https:\/\/marktxxl.de\/markt\/produkt\/satch-match-schulrucksack-ergonomisch-erweiterbar-auf-35-liter-extra-fronttasche-blue-crush-blau\/","title":{"rendered":"satch Unisex Kinder Match Schulrucksack match (1er Pack)"},"content":{"rendered":"<p>Aus dem Bergsport auf den R\u00fccken: Das satch Tragesystem garantiert die Verlagerung des Gewichts von den Schultern auf den stabilen Beckenbereich.<br \/>\nSatch match w\u00e4chst mit: f\u00fcr einen perfekten Sitz kann die Schultasche auf alle K\u00f6rpergr\u00f6\u00dfen von 1,40 bis 1,80 m angepasst werden.<br \/>\nDer Allrounder: Ob Ball, Helm oder 1,5l Flasche &#8211; der satch match Ranzen mit extra Fronttasche und 5 Liter Erweiterung hat Platz daf\u00fcr.<br \/>\nPlatzwunder: mit 2 Hauptf\u00e4chern, Organizerfach, dehnbarer Seitentasche und Fronttasche f\u00fcr Ball, Helm &amp; Co. ist der satch match ein echtes Organisationstalent.<br \/>\nAus 31 PET Flaschen hergestellt: Wir verarbeiten ausschlie\u00dflich Textilien, die zu 100% aus PET Flaschen hergestellt werden &#8211; der Umwelt zur Liebe.<br \/>\n<div class=\"main-cross-sell\" data-asin=\"B081K1M52R\">\n\n\t<div class=\"WooZone-cross-sell-loader\">\n\t\t<div>\n\t\t\t<div id=\"floatingBarsG\">\n\t\t\t\t<div class=\"blockG\" id=\"rotateG_01\"><\/div>\n\t\t\t\t<div class=\"blockG\" id=\"rotateG_02\"><\/div>\n\t\t\t\t<div class=\"blockG\" id=\"rotateG_03\"><\/div>\n\t\t\t\t<div class=\"blockG\" id=\"rotateG_04\"><\/div>\n\t\t\t\t<div class=\"blockG\" id=\"rotateG_05\"><\/div>\n\t\t\t\t<div class=\"blockG\" id=\"rotateG_06\"><\/div>\n\t\t\t\t<div class=\"blockG\" id=\"rotateG_07\"><\/div>\n\t\t\t\t<div class=\"blockG\" id=\"rotateG_08\"><\/div>\n\t\t\t<\/div>\n\t\t\t<div class=\"WooZone-cross-sell-loader-text\"><\/div>\n\t\t<\/div>\n\t<\/div>\n\n\t\t\n<\/div>\n<div style=\"clear:both;\"><\/div><\/p>\n","protected":false},"excerpt":{"rendered":"<p>Aus dem Bergsport auf den R\u00fccken: Das satch Tragesystem garantiert die Verlagerung des Gewichts von den Schultern auf den stabilen Beckenbereich.<br \/>\nSatch match w\u00e4chst mit: f\u00fcr einen perfekten Sitz kann die Schultasche auf alle K\u00f6rpergr\u00f6\u00dfen von 1,40 bis 1,80 m angepasst werden.<br \/>\nDer Allrounder: Ob Ball, Helm oder 1,5l Flasche &#8211; der satch match Ranzen mit extra Fronttasche und 5 Liter Erweiterung hat Platz daf\u00fcr.<\/p>\n","protected":false},"featured_media":78820,"comment_status":"open","ping_status":"closed","template":"","meta":[],"product_brand":[],"product_cat":[504,8631],"product_tag":[],"class_list":{"0":"post-78819","1":"product","2":"type-product","3":"status-publish","4":"has-post-thumbnail","6":"product_cat-buerobedarf-schreibwaren","7":"product_cat-schul-unibedarf","8":"pa_binding-luggage","9":"pa_brand-satch","10":"pa_color-blue-crush","11":"pa_height-17-716535415-zoll","12":"pa_length-7-87401574-zoll","13":"pa_manufacturer-satch","14":"pa_model-sat-mat-003-9a2","15":"pa_size-einheitsgroesse","16":"pa_weight-3-086471668-pfund","17":"pa_width-11-81102361-zoll","19":"first","20":"instock","21":"shipping-taxable","22":"purchasable","23":"product-type-simple","24":"customify-col","25":"product-has-gallery"},"yoast_head":"<!-- This site is optimized with the Yoast SEO plugin v27.3 - https:\/\/yoast.com\/product\/yoast-seo-wordpress\/ -->\n<title>satch Unisex Kinder Match Schulrucksack match (1er Pack) - Markt-XXL<\/title>\n<meta name=\"description\" content=\"Markt-XXL satch Unisex Kinder Match Schulrucksack match (1er Pack)\" \/>\n<meta name=\"robots\" content=\"index, follow, max-snippet:-1, max-image-preview:large, max-video-preview:-1\" \/>\n<link rel=\"canonical\" href=\"https:\/\/marktxxl.de\/markt\/produkt\/satch-match-schulrucksack-ergonomisch-erweiterbar-auf-35-liter-extra-fronttasche-blue-crush-blau\/\" \/>\n<meta property=\"og:locale\" content=\"de_DE\" \/>\n<meta property=\"og:type\" content=\"article\" \/>\n<meta property=\"og:title\" content=\"satch Unisex Kinder Match Schulrucksack match (1er Pack) - Markt-XXL\" \/>\n<meta property=\"og:description\" content=\"Markt-XXL satch Unisex Kinder Match Schulrucksack match (1er Pack)\" \/>\n<meta property=\"og:url\" content=\"https:\/\/marktxxl.de\/markt\/produkt\/satch-match-schulrucksack-ergonomisch-erweiterbar-auf-35-liter-extra-fronttasche-blue-crush-blau\/\" \/>\n<meta property=\"og:site_name\" content=\"Markt-XXL\" \/>\n<meta property=\"article:modified_time\" content=\"2023-04-08T00:22:40+00:00\" \/>\n<meta property=\"og:image\" content=\"https:\/\/m.media-amazon.com\/images\/I\/41o9M9ome0S._SL500_.jpg\" \/>\n\t<meta property=\"og:image:width\" content=\"500\" \/>\n\t<meta property=\"og:image:height\" content=\"500\" \/>\n\t<meta property=\"og:image:type\" content=\"image\/jpeg\" \/>\n<meta name=\"twitter:card\" content=\"summary_large_image\" \/>\n<meta name=\"twitter:label1\" content=\"Gesch\u00e4tzte Lesezeit\" \/>\n\t<meta name=\"twitter:data1\" content=\"1\u00a0Minute\" \/>\n<script type=\"application\/ld+json\" class=\"yoast-schema-graph\">{\"@context\":\"https:\\\/\\\/schema.org\",\"@graph\":[{\"@type\":\"WebPage\",\"@id\":\"https:\\\/\\\/marktxxl.de\\\/markt\\\/produkt\\\/satch-match-schulrucksack-ergonomisch-erweiterbar-auf-35-liter-extra-fronttasche-blue-crush-blau\\\/\",\"url\":\"https:\\\/\\\/marktxxl.de\\\/markt\\\/produkt\\\/satch-match-schulrucksack-ergonomisch-erweiterbar-auf-35-liter-extra-fronttasche-blue-crush-blau\\\/\",\"name\":\"satch Unisex Kinder Match Schulrucksack match (1er Pack) - Markt-XXL\",\"isPartOf\":{\"@id\":\"https:\\\/\\\/marktxxl.de\\\/markt\\\/#website\"},\"primaryImageOfPage\":{\"@id\":\"https:\\\/\\\/marktxxl.de\\\/markt\\\/produkt\\\/satch-match-schulrucksack-ergonomisch-erweiterbar-auf-35-liter-extra-fronttasche-blue-crush-blau\\\/#primaryimage\"},\"image\":{\"@id\":\"https:\\\/\\\/marktxxl.de\\\/markt\\\/produkt\\\/satch-match-schulrucksack-ergonomisch-erweiterbar-auf-35-liter-extra-fronttasche-blue-crush-blau\\\/#primaryimage\"},\"thumbnailUrl\":\"https:\\\/\\\/m.media-amazon.com\\\/images\\\/I\\\/41o9M9ome0S._SL500_.jpg\",\"datePublished\":\"2021-11-25T15:21:21+00:00\",\"dateModified\":\"2023-04-08T00:22:40+00:00\",\"description\":\"Markt-XXL satch Unisex Kinder Match Schulrucksack match (1er Pack)\",\"breadcrumb\":{\"@id\":\"https:\\\/\\\/marktxxl.de\\\/markt\\\/produkt\\\/satch-match-schulrucksack-ergonomisch-erweiterbar-auf-35-liter-extra-fronttasche-blue-crush-blau\\\/#breadcrumb\"},\"inLanguage\":\"de\",\"potentialAction\":[{\"@type\":\"ReadAction\",\"target\":[\"https:\\\/\\\/marktxxl.de\\\/markt\\\/produkt\\\/satch-match-schulrucksack-ergonomisch-erweiterbar-auf-35-liter-extra-fronttasche-blue-crush-blau\\\/\"]}]},{\"@type\":\"ImageObject\",\"inLanguage\":\"de\",\"@id\":\"https:\\\/\\\/marktxxl.de\\\/markt\\\/produkt\\\/satch-match-schulrucksack-ergonomisch-erweiterbar-auf-35-liter-extra-fronttasche-blue-crush-blau\\\/#primaryimage\",\"url\":\"https:\\\/\\\/m.media-amazon.com\\\/images\\\/I\\\/41o9M9ome0S._SL500_.jpg\",\"contentUrl\":\"https:\\\/\\\/m.media-amazon.com\\\/images\\\/I\\\/41o9M9ome0S._SL500_.jpg\",\"width\":500,\"height\":500},{\"@type\":\"BreadcrumbList\",\"@id\":\"https:\\\/\\\/marktxxl.de\\\/markt\\\/produkt\\\/satch-match-schulrucksack-ergonomisch-erweiterbar-auf-35-liter-extra-fronttasche-blue-crush-blau\\\/#breadcrumb\",\"itemListElement\":[{\"@type\":\"ListItem\",\"position\":1,\"name\":\"Startseite\",\"item\":\"https:\\\/\\\/marktxxl.de\\\/markt\\\/\"},{\"@type\":\"ListItem\",\"position\":2,\"name\":\"Markt\",\"item\":\"https:\\\/\\\/marktxxl.de\\\/markt\\\/\"},{\"@type\":\"ListItem\",\"position\":3,\"name\":\"satch Unisex Kinder Match Schulrucksack match (1er Pack)\"}]},{\"@type\":\"WebSite\",\"@id\":\"https:\\\/\\\/marktxxl.de\\\/markt\\\/#website\",\"url\":\"https:\\\/\\\/marktxxl.de\\\/markt\\\/\",\"name\":\"Markt-XXL\",\"description\":\"Ihr Markt Online\",\"publisher\":{\"@id\":\"https:\\\/\\\/marktxxl.de\\\/markt\\\/#organization\"},\"potentialAction\":[{\"@type\":\"SearchAction\",\"target\":{\"@type\":\"EntryPoint\",\"urlTemplate\":\"https:\\\/\\\/marktxxl.de\\\/markt\\\/?s={search_term_string}\"},\"query-input\":{\"@type\":\"PropertyValueSpecification\",\"valueRequired\":true,\"valueName\":\"search_term_string\"}}],\"inLanguage\":\"de\"},{\"@type\":\"Organization\",\"@id\":\"https:\\\/\\\/marktxxl.de\\\/markt\\\/#organization\",\"name\":\"Markt-XXL\",\"url\":\"https:\\\/\\\/marktxxl.de\\\/markt\\\/\",\"logo\":{\"@type\":\"ImageObject\",\"inLanguage\":\"de\",\"@id\":\"https:\\\/\\\/marktxxl.de\\\/markt\\\/#\\\/schema\\\/logo\\\/image\\\/\",\"url\":\"https:\\\/\\\/marktxxl.de\\\/markt\\\/wp-content\\\/uploads\\\/sites\\\/3\\\/2020\\\/12\\\/logo.png\",\"contentUrl\":\"https:\\\/\\\/marktxxl.de\\\/markt\\\/wp-content\\\/uploads\\\/sites\\\/3\\\/2020\\\/12\\\/logo.png\",\"width\":200,\"height\":70,\"caption\":\"Markt-XXL\"},\"image\":{\"@id\":\"https:\\\/\\\/marktxxl.de\\\/markt\\\/#\\\/schema\\\/logo\\\/image\\\/\"}}]}<\/script>\n<!-- \/ Yoast SEO plugin. -->","yoast_head_json":{"title":"satch Unisex Kinder Match Schulrucksack match (1er Pack) - Markt-XXL","description":"Markt-XXL satch Unisex Kinder Match Schulrucksack match (1er Pack)","robots":{"index":"index","follow":"follow","max-snippet":"max-snippet:-1","max-image-preview":"max-image-preview:large","max-video-preview":"max-video-preview:-1"},"canonical":"https:\/\/marktxxl.de\/markt\/produkt\/satch-match-schulrucksack-ergonomisch-erweiterbar-auf-35-liter-extra-fronttasche-blue-crush-blau\/","og_locale":"de_DE","og_type":"article","og_title":"satch Unisex Kinder Match Schulrucksack match (1er Pack) - Markt-XXL","og_description":"Markt-XXL satch Unisex Kinder Match Schulrucksack match (1er Pack)","og_url":"https:\/\/marktxxl.de\/markt\/produkt\/satch-match-schulrucksack-ergonomisch-erweiterbar-auf-35-liter-extra-fronttasche-blue-crush-blau\/","og_site_name":"Markt-XXL","article_modified_time":"2023-04-08T00:22:40+00:00","og_image":[{"width":500,"height":500,"url":"https:\/\/m.media-amazon.com\/images\/I\/41o9M9ome0S._SL500_.jpg","type":"image\/jpeg"}],"twitter_card":"summary_large_image","twitter_misc":{"Gesch\u00e4tzte Lesezeit":"1\u00a0Minute"},"schema":{"@context":"https:\/\/schema.org","@graph":[{"@type":"WebPage","@id":"https:\/\/marktxxl.de\/markt\/produkt\/satch-match-schulrucksack-ergonomisch-erweiterbar-auf-35-liter-extra-fronttasche-blue-crush-blau\/","url":"https:\/\/marktxxl.de\/markt\/produkt\/satch-match-schulrucksack-ergonomisch-erweiterbar-auf-35-liter-extra-fronttasche-blue-crush-blau\/","name":"satch Unisex Kinder Match Schulrucksack match (1er Pack) - Markt-XXL","isPartOf":{"@id":"https:\/\/marktxxl.de\/markt\/#website"},"primaryImageOfPage":{"@id":"https:\/\/marktxxl.de\/markt\/produkt\/satch-match-schulrucksack-ergonomisch-erweiterbar-auf-35-liter-extra-fronttasche-blue-crush-blau\/#primaryimage"},"image":{"@id":"https:\/\/marktxxl.de\/markt\/produkt\/satch-match-schulrucksack-ergonomisch-erweiterbar-auf-35-liter-extra-fronttasche-blue-crush-blau\/#primaryimage"},"thumbnailUrl":"https:\/\/m.media-amazon.com\/images\/I\/41o9M9ome0S._SL500_.jpg","datePublished":"2021-11-25T15:21:21+00:00","dateModified":"2023-04-08T00:22:40+00:00","description":"Markt-XXL satch Unisex Kinder Match Schulrucksack match (1er Pack)","breadcrumb":{"@id":"https:\/\/marktxxl.de\/markt\/produkt\/satch-match-schulrucksack-ergonomisch-erweiterbar-auf-35-liter-extra-fronttasche-blue-crush-blau\/#breadcrumb"},"inLanguage":"de","potentialAction":[{"@type":"ReadAction","target":["https:\/\/marktxxl.de\/markt\/produkt\/satch-match-schulrucksack-ergonomisch-erweiterbar-auf-35-liter-extra-fronttasche-blue-crush-blau\/"]}]},{"@type":"ImageObject","inLanguage":"de","@id":"https:\/\/marktxxl.de\/markt\/produkt\/satch-match-schulrucksack-ergonomisch-erweiterbar-auf-35-liter-extra-fronttasche-blue-crush-blau\/#primaryimage","url":"https:\/\/m.media-amazon.com\/images\/I\/41o9M9ome0S._SL500_.jpg","contentUrl":"https:\/\/m.media-amazon.com\/images\/I\/41o9M9ome0S._SL500_.jpg","width":500,"height":500},{"@type":"BreadcrumbList","@id":"https:\/\/marktxxl.de\/markt\/produkt\/satch-match-schulrucksack-ergonomisch-erweiterbar-auf-35-liter-extra-fronttasche-blue-crush-blau\/#breadcrumb","itemListElement":[{"@type":"ListItem","position":1,"name":"Startseite","item":"https:\/\/marktxxl.de\/markt\/"},{"@type":"ListItem","position":2,"name":"Markt","item":"https:\/\/marktxxl.de\/markt\/"},{"@type":"ListItem","position":3,"name":"satch Unisex Kinder Match Schulrucksack match (1er Pack)"}]},{"@type":"WebSite","@id":"https:\/\/marktxxl.de\/markt\/#website","url":"https:\/\/marktxxl.de\/markt\/","name":"Markt-XXL","description":"Ihr Markt Online","publisher":{"@id":"https:\/\/marktxxl.de\/markt\/#organization"},"potentialAction":[{"@type":"SearchAction","target":{"@type":"EntryPoint","urlTemplate":"https:\/\/marktxxl.de\/markt\/?s={search_term_string}"},"query-input":{"@type":"PropertyValueSpecification","valueRequired":true,"valueName":"search_term_string"}}],"inLanguage":"de"},{"@type":"Organization","@id":"https:\/\/marktxxl.de\/markt\/#organization","name":"Markt-XXL","url":"https:\/\/marktxxl.de\/markt\/","logo":{"@type":"ImageObject","inLanguage":"de","@id":"https:\/\/marktxxl.de\/markt\/#\/schema\/logo\/image\/","url":"https:\/\/marktxxl.de\/markt\/wp-content\/uploads\/sites\/3\/2020\/12\/logo.png","contentUrl":"https:\/\/marktxxl.de\/markt\/wp-content\/uploads\/sites\/3\/2020\/12\/logo.png","width":200,"height":70,"caption":"Markt-XXL"},"image":{"@id":"https:\/\/marktxxl.de\/markt\/#\/schema\/logo\/image\/"}}]}},"_links":{"self":[{"href":"https:\/\/marktxxl.de\/markt\/wp-json\/wp\/v2\/product\/78819","targetHints":{"allow":["GET"]}}],"collection":[{"href":"https:\/\/marktxxl.de\/markt\/wp-json\/wp\/v2\/product"}],"about":[{"href":"https:\/\/marktxxl.de\/markt\/wp-json\/wp\/v2\/types\/product"}],"replies":[{"embeddable":true,"href":"https:\/\/marktxxl.de\/markt\/wp-json\/wp\/v2\/comments?post=78819"}],"wp:featuredmedia":[{"embeddable":true,"href":"https:\/\/marktxxl.de\/markt\/wp-json\/wp\/v2\/media\/78820"}],"wp:attachment":[{"href":"https:\/\/marktxxl.de\/markt\/wp-json\/wp\/v2\/media?parent=78819"}],"wp:term":[{"taxonomy":"product_brand","embeddable":true,"href":"https:\/\/marktxxl.de\/markt\/wp-json\/wp\/v2\/product_brand?post=78819"},{"taxonomy":"product_cat","embeddable":true,"href":"https:\/\/marktxxl.de\/markt\/wp-json\/wp\/v2\/product_cat?post=78819"},{"taxonomy":"product_tag","embeddable":true,"href":"https:\/\/marktxxl.de\/markt\/wp-json\/wp\/v2\/product_tag?post=78819"}],"curies":[{"name":"wp","href":"https:\/\/api.w.org\/{rel}","templated":true}]}}