{"id":78652,"date":"2021-11-25T16:10:09","date_gmt":"2021-11-25T15:10:09","guid":{"rendered":"https:\/\/marktxxl.de\/markt\/produkt\/50-stueck-suessigkeiten-taschen-weihnachten-klare-cellophan-taschen-transparent-kekstueten-gebaecktueten-mit-50-pcs-red-merry-christmas-card-und-2-rolls-ribbon-klebemittel-weihnachtstueten\/"},"modified":"2023-04-08T02:22:31","modified_gmt":"2023-04-08T00:22:31","slug":"50-stueck-suessigkeiten-taschen-weihnachten-klare-cellophan-taschen-transparent-kekstueten-gebaecktueten-mit-50-pcs-red-merry-christmas-card-und-2-rolls-ribbon-klebemittel-weihnachtstueten","status":"publish","type":"product","link":"https:\/\/marktxxl.de\/markt\/produkt\/50-stueck-suessigkeiten-taschen-weihnachten-klare-cellophan-taschen-transparent-kekstueten-gebaecktueten-mit-50-pcs-red-merry-christmas-card-und-2-rolls-ribbon-klebemittel-weihnachtstueten\/","title":{"rendered":"50 St\u00fcck S\u00fc\u00dfigkeiten Taschen Weihnachten Klare Cellophan Taschen Transparent Kekst\u00fcten Geb\u00e4ckt\u00fcten mit 50 Pcs Red Merry\u2026"},"content":{"rendered":"<p>\u27a4 Paket beinhaltet &#8211; 50 Packungen Weihnachtskeksbeutel + 50 St\u00fcck Rote Frohe Weihnachtskarte + 1 Rolle 22 Meter rotes Weihnachtsband 10 mm + 1 Rolle 22 Meter gr\u00fcnes Weihnachtsband 10 mm + 50 x Weihnachtsaufkleber<br \/>\n\u27a4 Gr\u00f6\u00dfe der durchsichtigen Weihnachtsbeutel &#8211; Die Gr\u00f6\u00dfe der durchsichtigen Leckerli-Beutel betr\u00e4gt 29 x 8,5 cm \/ 9 x 3,3 Zoll \/ Weihnachtskartengr\u00f6\u00dfe 8,5 x 6 cm \/ 3,3 x 2,4 Zoll \/ Bandgr\u00f6\u00dfe 10 mm x 22 m (B x L)<br \/>\n\u27a4 Premium-Material &#8211; Unsere transparenten Weihnachtskorb-Korbtaschen bestehen aus OPP, sind langlebig und nicht leicht zu zerrei\u00dfen und zu zerlegen. Sie k\u00f6nnen mehrfach verwendet werden. Der Schrumpfeffekt ist leicht zu erzielen und eignet sich zum Dekorieren verschiedener K\u00f6rbe.<br \/>\n\u27a4 Use Step &#8211; Diese Weihnachtstaschen k\u00f6nnen Ihre praktischen F\u00e4higkeiten aus\u00fcben. Wenn Sie die Ware erhalten, erhalten Sie 3 Produkte, transparente Tasche + Weihnachtsgeschenkkarte + Band. Sie m\u00fcssen die Karte selbst in die Tasche falten, dann das Geschenk oder Essen, das Sie zubereitet haben, einlegen und schlie\u00dflich ein Band durchschneiden, um Ihren Lieblingsknoten zu weben.<br \/>\n\u27a4 Breite Anwendungen &#8211; Geschenkbeutel aus Kunststoff sind ideal f\u00fcr Geburtstagsfeiern, Babypartys, Hochzeiten, Junggesellenabschiede, Weihnachten, Erntedankfest, Valentinstagspartys, Oster- oder Schulprojekte, Werbegeschenke, Firmenveranstaltungen, Restaurants und Einzelhandelsgesch\u00e4fte<br \/>\n<div class=\"main-cross-sell\" data-asin=\"B08HXWJFYQ\">\n\n\t<div class=\"WooZone-cross-sell-loader\">\n\t\t<div>\n\t\t\t<div id=\"floatingBarsG\">\n\t\t\t\t<div class=\"blockG\" id=\"rotateG_01\"><\/div>\n\t\t\t\t<div class=\"blockG\" id=\"rotateG_02\"><\/div>\n\t\t\t\t<div class=\"blockG\" id=\"rotateG_03\"><\/div>\n\t\t\t\t<div class=\"blockG\" id=\"rotateG_04\"><\/div>\n\t\t\t\t<div class=\"blockG\" id=\"rotateG_05\"><\/div>\n\t\t\t\t<div class=\"blockG\" id=\"rotateG_06\"><\/div>\n\t\t\t\t<div class=\"blockG\" id=\"rotateG_07\"><\/div>\n\t\t\t\t<div class=\"blockG\" id=\"rotateG_08\"><\/div>\n\t\t\t<\/div>\n\t\t\t<div class=\"WooZone-cross-sell-loader-text\"><\/div>\n\t\t<\/div>\n\t<\/div>\n\n\t\t\n<\/div>\n<div style=\"clear:both;\"><\/div><\/p>\n","protected":false},"excerpt":{"rendered":"<p>\u27a4 Paket beinhaltet &#8211; 50 Packungen Weihnachtskeksbeutel + 50 St\u00fcck Rote Frohe Weihnachtskarte + 1 Rolle 22 Meter rotes Weihnachtsband 10 mm + 1 Rolle 22 Meter gr\u00fcnes Weihnachtsband 10 mm + 50 x Weihnachtsaufkleber<br \/>\n\u27a4 Gr\u00f6\u00dfe der durchsichtigen Weihnachtsbeutel &#8211; Die Gr\u00f6\u00dfe der durchsichtigen Leckerli-Beutel betr\u00e4gt 29 x 8,5 cm \/ 9 x 3,3 Zoll \/ Weihnachtskartengr\u00f6\u00dfe 8,5 x 6 cm \/ 3,3 x 2,4 Zoll \/ Bandgr\u00f6\u00dfe 10 mm x 22 m (B x L)<br \/>\n\u27a4 Premium-Material &#8211; Unsere transparenten Weihnachtskorb-Korbtaschen bestehen aus OPP, sind langlebig und nicht leicht zu zerrei\u00dfen und zu zerlegen. Sie k\u00f6nnen mehrfach verwendet werden. Der Schrumpfeffekt ist leicht zu erzielen und eignet sich zum Dekorieren verschiedener K\u00f6rbe.<\/p>\n","protected":false},"featured_media":78653,"comment_status":"open","ping_status":"closed","template":"","meta":[],"product_brand":[],"product_cat":[504,8703],"product_tag":[],"class_list":{"0":"post-78652","1":"product","2":"type-product","3":"status-publish","4":"has-post-thumbnail","6":"product_cat-buerobedarf-schreibwaren","7":"product_cat-umschlaege-versandzubehoer","8":"pa_brand-gukasxi","9":"pa_manufacturer-gukasxi","11":"first","12":"instock","13":"shipping-taxable","14":"purchasable","15":"product-type-simple","16":"customify-col","17":"product-has-gallery"},"yoast_head":"<!-- This site is optimized with the Yoast SEO plugin v27.3 - https:\/\/yoast.com\/product\/yoast-seo-wordpress\/ -->\n<title>50 St\u00fcck S\u00fc\u00dfigkeiten Taschen Weihnachten Klare Cellophan Taschen Transparent Kekst\u00fcten Geb\u00e4ckt\u00fcten mit 50 Pcs Red Merry\u2026 - Markt-XXL<\/title>\n<meta name=\"description\" content=\"Markt-XXL 50 St\u00fcck S\u00fc\u00dfigkeiten Taschen Weihnachten Klare Cellophan Taschen Transparent Kekst\u00fcten Geb\u00e4ckt\u00fcten mit 50 Pcs Red Merry\u2026\" \/>\n<meta name=\"robots\" content=\"index, follow, max-snippet:-1, max-image-preview:large, max-video-preview:-1\" \/>\n<link rel=\"canonical\" href=\"https:\/\/marktxxl.de\/markt\/produkt\/50-stueck-suessigkeiten-taschen-weihnachten-klare-cellophan-taschen-transparent-kekstueten-gebaecktueten-mit-50-pcs-red-merry-christmas-card-und-2-rolls-ribbon-klebemittel-weihnachtstueten\/\" \/>\n<meta property=\"og:locale\" content=\"de_DE\" \/>\n<meta property=\"og:type\" content=\"article\" \/>\n<meta property=\"og:title\" content=\"50 St\u00fcck S\u00fc\u00dfigkeiten Taschen Weihnachten Klare Cellophan Taschen Transparent Kekst\u00fcten Geb\u00e4ckt\u00fcten mit 50 Pcs Red Merry\u2026 - Markt-XXL\" \/>\n<meta property=\"og:description\" content=\"Markt-XXL 50 St\u00fcck S\u00fc\u00dfigkeiten Taschen Weihnachten Klare Cellophan Taschen Transparent Kekst\u00fcten Geb\u00e4ckt\u00fcten mit 50 Pcs Red Merry\u2026\" \/>\n<meta property=\"og:url\" content=\"https:\/\/marktxxl.de\/markt\/produkt\/50-stueck-suessigkeiten-taschen-weihnachten-klare-cellophan-taschen-transparent-kekstueten-gebaecktueten-mit-50-pcs-red-merry-christmas-card-und-2-rolls-ribbon-klebemittel-weihnachtstueten\/\" \/>\n<meta property=\"og:site_name\" content=\"Markt-XXL\" \/>\n<meta property=\"article:modified_time\" content=\"2023-04-08T00:22:31+00:00\" \/>\n<meta property=\"og:image\" content=\"https:\/\/m.media-amazon.com\/images\/I\/51X-d-2DIfL._SL500_.jpg\" \/>\n\t<meta property=\"og:image:width\" content=\"500\" \/>\n\t<meta property=\"og:image:height\" content=\"500\" \/>\n\t<meta property=\"og:image:type\" content=\"image\/jpeg\" \/>\n<meta name=\"twitter:card\" content=\"summary_large_image\" \/>\n<meta name=\"twitter:label1\" content=\"Gesch\u00e4tzte Lesezeit\" \/>\n\t<meta name=\"twitter:data1\" content=\"1\u00a0Minute\" \/>\n<script type=\"application\/ld+json\" class=\"yoast-schema-graph\">{\"@context\":\"https:\\\/\\\/schema.org\",\"@graph\":[{\"@type\":\"WebPage\",\"@id\":\"https:\\\/\\\/marktxxl.de\\\/markt\\\/produkt\\\/50-stueck-suessigkeiten-taschen-weihnachten-klare-cellophan-taschen-transparent-kekstueten-gebaecktueten-mit-50-pcs-red-merry-christmas-card-und-2-rolls-ribbon-klebemittel-weihnachtstueten\\\/\",\"url\":\"https:\\\/\\\/marktxxl.de\\\/markt\\\/produkt\\\/50-stueck-suessigkeiten-taschen-weihnachten-klare-cellophan-taschen-transparent-kekstueten-gebaecktueten-mit-50-pcs-red-merry-christmas-card-und-2-rolls-ribbon-klebemittel-weihnachtstueten\\\/\",\"name\":\"50 St\u00fcck S\u00fc\u00dfigkeiten Taschen Weihnachten Klare Cellophan Taschen Transparent Kekst\u00fcten Geb\u00e4ckt\u00fcten mit 50 Pcs Red Merry\u2026 - Markt-XXL\",\"isPartOf\":{\"@id\":\"https:\\\/\\\/marktxxl.de\\\/markt\\\/#website\"},\"primaryImageOfPage\":{\"@id\":\"https:\\\/\\\/marktxxl.de\\\/markt\\\/produkt\\\/50-stueck-suessigkeiten-taschen-weihnachten-klare-cellophan-taschen-transparent-kekstueten-gebaecktueten-mit-50-pcs-red-merry-christmas-card-und-2-rolls-ribbon-klebemittel-weihnachtstueten\\\/#primaryimage\"},\"image\":{\"@id\":\"https:\\\/\\\/marktxxl.de\\\/markt\\\/produkt\\\/50-stueck-suessigkeiten-taschen-weihnachten-klare-cellophan-taschen-transparent-kekstueten-gebaecktueten-mit-50-pcs-red-merry-christmas-card-und-2-rolls-ribbon-klebemittel-weihnachtstueten\\\/#primaryimage\"},\"thumbnailUrl\":\"https:\\\/\\\/m.media-amazon.com\\\/images\\\/I\\\/51X-d-2DIfL._SL500_.jpg\",\"datePublished\":\"2021-11-25T15:10:09+00:00\",\"dateModified\":\"2023-04-08T00:22:31+00:00\",\"description\":\"Markt-XXL 50 St\u00fcck S\u00fc\u00dfigkeiten Taschen Weihnachten Klare Cellophan Taschen Transparent Kekst\u00fcten Geb\u00e4ckt\u00fcten mit 50 Pcs Red Merry\u2026\",\"breadcrumb\":{\"@id\":\"https:\\\/\\\/marktxxl.de\\\/markt\\\/produkt\\\/50-stueck-suessigkeiten-taschen-weihnachten-klare-cellophan-taschen-transparent-kekstueten-gebaecktueten-mit-50-pcs-red-merry-christmas-card-und-2-rolls-ribbon-klebemittel-weihnachtstueten\\\/#breadcrumb\"},\"inLanguage\":\"de\",\"potentialAction\":[{\"@type\":\"ReadAction\",\"target\":[\"https:\\\/\\\/marktxxl.de\\\/markt\\\/produkt\\\/50-stueck-suessigkeiten-taschen-weihnachten-klare-cellophan-taschen-transparent-kekstueten-gebaecktueten-mit-50-pcs-red-merry-christmas-card-und-2-rolls-ribbon-klebemittel-weihnachtstueten\\\/\"]}]},{\"@type\":\"ImageObject\",\"inLanguage\":\"de\",\"@id\":\"https:\\\/\\\/marktxxl.de\\\/markt\\\/produkt\\\/50-stueck-suessigkeiten-taschen-weihnachten-klare-cellophan-taschen-transparent-kekstueten-gebaecktueten-mit-50-pcs-red-merry-christmas-card-und-2-rolls-ribbon-klebemittel-weihnachtstueten\\\/#primaryimage\",\"url\":\"https:\\\/\\\/m.media-amazon.com\\\/images\\\/I\\\/51X-d-2DIfL._SL500_.jpg\",\"contentUrl\":\"https:\\\/\\\/m.media-amazon.com\\\/images\\\/I\\\/51X-d-2DIfL._SL500_.jpg\",\"width\":500,\"height\":500},{\"@type\":\"BreadcrumbList\",\"@id\":\"https:\\\/\\\/marktxxl.de\\\/markt\\\/produkt\\\/50-stueck-suessigkeiten-taschen-weihnachten-klare-cellophan-taschen-transparent-kekstueten-gebaecktueten-mit-50-pcs-red-merry-christmas-card-und-2-rolls-ribbon-klebemittel-weihnachtstueten\\\/#breadcrumb\",\"itemListElement\":[{\"@type\":\"ListItem\",\"position\":1,\"name\":\"Startseite\",\"item\":\"https:\\\/\\\/marktxxl.de\\\/markt\\\/\"},{\"@type\":\"ListItem\",\"position\":2,\"name\":\"Markt\",\"item\":\"https:\\\/\\\/marktxxl.de\\\/markt\\\/\"},{\"@type\":\"ListItem\",\"position\":3,\"name\":\"50 St\u00fcck S\u00fc\u00dfigkeiten Taschen Weihnachten Klare Cellophan Taschen Transparent Kekst\u00fcten Geb\u00e4ckt\u00fcten mit 50 Pcs Red Merry\u2026\"}]},{\"@type\":\"WebSite\",\"@id\":\"https:\\\/\\\/marktxxl.de\\\/markt\\\/#website\",\"url\":\"https:\\\/\\\/marktxxl.de\\\/markt\\\/\",\"name\":\"Markt-XXL\",\"description\":\"Ihr Markt Online\",\"publisher\":{\"@id\":\"https:\\\/\\\/marktxxl.de\\\/markt\\\/#organization\"},\"potentialAction\":[{\"@type\":\"SearchAction\",\"target\":{\"@type\":\"EntryPoint\",\"urlTemplate\":\"https:\\\/\\\/marktxxl.de\\\/markt\\\/?s={search_term_string}\"},\"query-input\":{\"@type\":\"PropertyValueSpecification\",\"valueRequired\":true,\"valueName\":\"search_term_string\"}}],\"inLanguage\":\"de\"},{\"@type\":\"Organization\",\"@id\":\"https:\\\/\\\/marktxxl.de\\\/markt\\\/#organization\",\"name\":\"Markt-XXL\",\"url\":\"https:\\\/\\\/marktxxl.de\\\/markt\\\/\",\"logo\":{\"@type\":\"ImageObject\",\"inLanguage\":\"de\",\"@id\":\"https:\\\/\\\/marktxxl.de\\\/markt\\\/#\\\/schema\\\/logo\\\/image\\\/\",\"url\":\"https:\\\/\\\/marktxxl.de\\\/markt\\\/wp-content\\\/uploads\\\/sites\\\/3\\\/2020\\\/12\\\/logo.png\",\"contentUrl\":\"https:\\\/\\\/marktxxl.de\\\/markt\\\/wp-content\\\/uploads\\\/sites\\\/3\\\/2020\\\/12\\\/logo.png\",\"width\":200,\"height\":70,\"caption\":\"Markt-XXL\"},\"image\":{\"@id\":\"https:\\\/\\\/marktxxl.de\\\/markt\\\/#\\\/schema\\\/logo\\\/image\\\/\"}}]}<\/script>\n<!-- \/ Yoast SEO plugin. -->","yoast_head_json":{"title":"50 St\u00fcck S\u00fc\u00dfigkeiten Taschen Weihnachten Klare Cellophan Taschen Transparent Kekst\u00fcten Geb\u00e4ckt\u00fcten mit 50 Pcs Red Merry\u2026 - Markt-XXL","description":"Markt-XXL 50 St\u00fcck S\u00fc\u00dfigkeiten Taschen Weihnachten Klare Cellophan Taschen Transparent Kekst\u00fcten Geb\u00e4ckt\u00fcten mit 50 Pcs Red Merry\u2026","robots":{"index":"index","follow":"follow","max-snippet":"max-snippet:-1","max-image-preview":"max-image-preview:large","max-video-preview":"max-video-preview:-1"},"canonical":"https:\/\/marktxxl.de\/markt\/produkt\/50-stueck-suessigkeiten-taschen-weihnachten-klare-cellophan-taschen-transparent-kekstueten-gebaecktueten-mit-50-pcs-red-merry-christmas-card-und-2-rolls-ribbon-klebemittel-weihnachtstueten\/","og_locale":"de_DE","og_type":"article","og_title":"50 St\u00fcck S\u00fc\u00dfigkeiten Taschen Weihnachten Klare Cellophan Taschen Transparent Kekst\u00fcten Geb\u00e4ckt\u00fcten mit 50 Pcs Red Merry\u2026 - Markt-XXL","og_description":"Markt-XXL 50 St\u00fcck S\u00fc\u00dfigkeiten Taschen Weihnachten Klare Cellophan Taschen Transparent Kekst\u00fcten Geb\u00e4ckt\u00fcten mit 50 Pcs Red Merry\u2026","og_url":"https:\/\/marktxxl.de\/markt\/produkt\/50-stueck-suessigkeiten-taschen-weihnachten-klare-cellophan-taschen-transparent-kekstueten-gebaecktueten-mit-50-pcs-red-merry-christmas-card-und-2-rolls-ribbon-klebemittel-weihnachtstueten\/","og_site_name":"Markt-XXL","article_modified_time":"2023-04-08T00:22:31+00:00","og_image":[{"width":500,"height":500,"url":"https:\/\/m.media-amazon.com\/images\/I\/51X-d-2DIfL._SL500_.jpg","type":"image\/jpeg"}],"twitter_card":"summary_large_image","twitter_misc":{"Gesch\u00e4tzte Lesezeit":"1\u00a0Minute"},"schema":{"@context":"https:\/\/schema.org","@graph":[{"@type":"WebPage","@id":"https:\/\/marktxxl.de\/markt\/produkt\/50-stueck-suessigkeiten-taschen-weihnachten-klare-cellophan-taschen-transparent-kekstueten-gebaecktueten-mit-50-pcs-red-merry-christmas-card-und-2-rolls-ribbon-klebemittel-weihnachtstueten\/","url":"https:\/\/marktxxl.de\/markt\/produkt\/50-stueck-suessigkeiten-taschen-weihnachten-klare-cellophan-taschen-transparent-kekstueten-gebaecktueten-mit-50-pcs-red-merry-christmas-card-und-2-rolls-ribbon-klebemittel-weihnachtstueten\/","name":"50 St\u00fcck S\u00fc\u00dfigkeiten Taschen Weihnachten Klare Cellophan Taschen Transparent Kekst\u00fcten Geb\u00e4ckt\u00fcten mit 50 Pcs Red Merry\u2026 - Markt-XXL","isPartOf":{"@id":"https:\/\/marktxxl.de\/markt\/#website"},"primaryImageOfPage":{"@id":"https:\/\/marktxxl.de\/markt\/produkt\/50-stueck-suessigkeiten-taschen-weihnachten-klare-cellophan-taschen-transparent-kekstueten-gebaecktueten-mit-50-pcs-red-merry-christmas-card-und-2-rolls-ribbon-klebemittel-weihnachtstueten\/#primaryimage"},"image":{"@id":"https:\/\/marktxxl.de\/markt\/produkt\/50-stueck-suessigkeiten-taschen-weihnachten-klare-cellophan-taschen-transparent-kekstueten-gebaecktueten-mit-50-pcs-red-merry-christmas-card-und-2-rolls-ribbon-klebemittel-weihnachtstueten\/#primaryimage"},"thumbnailUrl":"https:\/\/m.media-amazon.com\/images\/I\/51X-d-2DIfL._SL500_.jpg","datePublished":"2021-11-25T15:10:09+00:00","dateModified":"2023-04-08T00:22:31+00:00","description":"Markt-XXL 50 St\u00fcck S\u00fc\u00dfigkeiten Taschen Weihnachten Klare Cellophan Taschen Transparent Kekst\u00fcten Geb\u00e4ckt\u00fcten mit 50 Pcs Red Merry\u2026","breadcrumb":{"@id":"https:\/\/marktxxl.de\/markt\/produkt\/50-stueck-suessigkeiten-taschen-weihnachten-klare-cellophan-taschen-transparent-kekstueten-gebaecktueten-mit-50-pcs-red-merry-christmas-card-und-2-rolls-ribbon-klebemittel-weihnachtstueten\/#breadcrumb"},"inLanguage":"de","potentialAction":[{"@type":"ReadAction","target":["https:\/\/marktxxl.de\/markt\/produkt\/50-stueck-suessigkeiten-taschen-weihnachten-klare-cellophan-taschen-transparent-kekstueten-gebaecktueten-mit-50-pcs-red-merry-christmas-card-und-2-rolls-ribbon-klebemittel-weihnachtstueten\/"]}]},{"@type":"ImageObject","inLanguage":"de","@id":"https:\/\/marktxxl.de\/markt\/produkt\/50-stueck-suessigkeiten-taschen-weihnachten-klare-cellophan-taschen-transparent-kekstueten-gebaecktueten-mit-50-pcs-red-merry-christmas-card-und-2-rolls-ribbon-klebemittel-weihnachtstueten\/#primaryimage","url":"https:\/\/m.media-amazon.com\/images\/I\/51X-d-2DIfL._SL500_.jpg","contentUrl":"https:\/\/m.media-amazon.com\/images\/I\/51X-d-2DIfL._SL500_.jpg","width":500,"height":500},{"@type":"BreadcrumbList","@id":"https:\/\/marktxxl.de\/markt\/produkt\/50-stueck-suessigkeiten-taschen-weihnachten-klare-cellophan-taschen-transparent-kekstueten-gebaecktueten-mit-50-pcs-red-merry-christmas-card-und-2-rolls-ribbon-klebemittel-weihnachtstueten\/#breadcrumb","itemListElement":[{"@type":"ListItem","position":1,"name":"Startseite","item":"https:\/\/marktxxl.de\/markt\/"},{"@type":"ListItem","position":2,"name":"Markt","item":"https:\/\/marktxxl.de\/markt\/"},{"@type":"ListItem","position":3,"name":"50 St\u00fcck S\u00fc\u00dfigkeiten Taschen Weihnachten Klare Cellophan Taschen Transparent Kekst\u00fcten Geb\u00e4ckt\u00fcten mit 50 Pcs Red Merry\u2026"}]},{"@type":"WebSite","@id":"https:\/\/marktxxl.de\/markt\/#website","url":"https:\/\/marktxxl.de\/markt\/","name":"Markt-XXL","description":"Ihr Markt Online","publisher":{"@id":"https:\/\/marktxxl.de\/markt\/#organization"},"potentialAction":[{"@type":"SearchAction","target":{"@type":"EntryPoint","urlTemplate":"https:\/\/marktxxl.de\/markt\/?s={search_term_string}"},"query-input":{"@type":"PropertyValueSpecification","valueRequired":true,"valueName":"search_term_string"}}],"inLanguage":"de"},{"@type":"Organization","@id":"https:\/\/marktxxl.de\/markt\/#organization","name":"Markt-XXL","url":"https:\/\/marktxxl.de\/markt\/","logo":{"@type":"ImageObject","inLanguage":"de","@id":"https:\/\/marktxxl.de\/markt\/#\/schema\/logo\/image\/","url":"https:\/\/marktxxl.de\/markt\/wp-content\/uploads\/sites\/3\/2020\/12\/logo.png","contentUrl":"https:\/\/marktxxl.de\/markt\/wp-content\/uploads\/sites\/3\/2020\/12\/logo.png","width":200,"height":70,"caption":"Markt-XXL"},"image":{"@id":"https:\/\/marktxxl.de\/markt\/#\/schema\/logo\/image\/"}}]}},"_links":{"self":[{"href":"https:\/\/marktxxl.de\/markt\/wp-json\/wp\/v2\/product\/78652","targetHints":{"allow":["GET"]}}],"collection":[{"href":"https:\/\/marktxxl.de\/markt\/wp-json\/wp\/v2\/product"}],"about":[{"href":"https:\/\/marktxxl.de\/markt\/wp-json\/wp\/v2\/types\/product"}],"replies":[{"embeddable":true,"href":"https:\/\/marktxxl.de\/markt\/wp-json\/wp\/v2\/comments?post=78652"}],"wp:featuredmedia":[{"embeddable":true,"href":"https:\/\/marktxxl.de\/markt\/wp-json\/wp\/v2\/media\/78653"}],"wp:attachment":[{"href":"https:\/\/marktxxl.de\/markt\/wp-json\/wp\/v2\/media?parent=78652"}],"wp:term":[{"taxonomy":"product_brand","embeddable":true,"href":"https:\/\/marktxxl.de\/markt\/wp-json\/wp\/v2\/product_brand?post=78652"},{"taxonomy":"product_cat","embeddable":true,"href":"https:\/\/marktxxl.de\/markt\/wp-json\/wp\/v2\/product_cat?post=78652"},{"taxonomy":"product_tag","embeddable":true,"href":"https:\/\/marktxxl.de\/markt\/wp-json\/wp\/v2\/product_tag?post=78652"}],"curies":[{"name":"wp","href":"https:\/\/api.w.org\/{rel}","templated":true}]}}