{"id":78573,"date":"2021-11-25T16:06:51","date_gmt":"2021-11-25T15:06:51","guid":{"rendered":"https:\/\/marktxxl.de\/markt\/produkt\/quality-park-verschluss-umschlaege-gummierter-feuchtigkeitsaktivierter-klebstoff-fuer-dauerhafte-sichere-versiegelung\/"},"modified":"2023-04-08T02:22:28","modified_gmt":"2023-04-08T00:22:28","slug":"quality-park-verschluss-umschlaege-gummierter-feuchtigkeitsaktivierter-klebstoff-fuer-dauerhafte-sichere-versiegelung","status":"publish","type":"product","link":"https:\/\/marktxxl.de\/markt\/produkt\/quality-park-verschluss-umschlaege-gummierter-feuchtigkeitsaktivierter-klebstoff-fuer-dauerhafte-sichere-versiegelung\/","title":{"rendered":"Quality Park Verschluss-Umschl\u00e4ge, gummierter, feuchtigkeitsaktivierter Klebstoff f\u00fcr dauerhafte sichere Versiegelung."},"content":{"rendered":"<p>Wiederverwendbarer Verschluss: Konzipiert f\u00fcr wiederholten Gebrauch, Doppelzinken-Metallverschluss ist langlebig und \u00d6sen sind verst\u00e4rkt. Ideal f\u00fcr Zuhause, B\u00fcro, Schule, Interoffice oder Versand.<br \/>\nBraunes Kraftpapier, 12,7 kg: Ideal f\u00fcr den t\u00e4glichen Gebrauch zu Hause und im B\u00fcro. Die Briefumschl\u00e4ge von Quality Park sind aus schwerem 12,7 kg hergestellt. Braunes Kraftpapier f\u00fcr zus\u00e4tzlichen Schutz beim Versand, Lagerung und Handhabung.<br \/>\nGr\u00f6\u00dfe: 22,9 x 30,5 cm. Perfekte Gr\u00f6\u00dfe f\u00fcr den Versand und die Aufbewahrung von Dokumenten im Format 21,6 x 28,9 cm.<br \/>\n<div class=\"main-cross-sell\" data-asin=\"B07SRCRD3D\">\n\n\t<div class=\"WooZone-cross-sell-loader\">\n\t\t<div>\n\t\t\t<div id=\"floatingBarsG\">\n\t\t\t\t<div class=\"blockG\" id=\"rotateG_01\"><\/div>\n\t\t\t\t<div class=\"blockG\" id=\"rotateG_02\"><\/div>\n\t\t\t\t<div class=\"blockG\" id=\"rotateG_03\"><\/div>\n\t\t\t\t<div class=\"blockG\" id=\"rotateG_04\"><\/div>\n\t\t\t\t<div class=\"blockG\" id=\"rotateG_05\"><\/div>\n\t\t\t\t<div class=\"blockG\" id=\"rotateG_06\"><\/div>\n\t\t\t\t<div class=\"blockG\" id=\"rotateG_07\"><\/div>\n\t\t\t\t<div class=\"blockG\" id=\"rotateG_08\"><\/div>\n\t\t\t<\/div>\n\t\t\t<div class=\"WooZone-cross-sell-loader-text\"><\/div>\n\t\t<\/div>\n\t<\/div>\n\n\t\t\n<\/div>\n<div style=\"clear:both;\"><\/div><\/p>\n","protected":false},"excerpt":{"rendered":"<p>Wiederverwendbarer Verschluss: Konzipiert f\u00fcr wiederholten Gebrauch, Doppelzinken-Metallverschluss ist langlebig und \u00d6sen sind verst\u00e4rkt. Ideal f\u00fcr Zuhause, B\u00fcro, Schule, Interoffice oder Versand.<br \/>\nBraunes Kraftpapier, 12,7 kg: Ideal f\u00fcr den t\u00e4glichen Gebrauch zu Hause und im B\u00fcro. Die Briefumschl\u00e4ge von Quality Park sind aus schwerem 12,7 kg hergestellt. Braunes Kraftpapier f\u00fcr zus\u00e4tzlichen Schutz beim Versand, Lagerung und Handhabung.<br \/>\nGr\u00f6\u00dfe: 22,9 x 30,5 cm. Perfekte Gr\u00f6\u00dfe f\u00fcr den Versand und die Aufbewahrung von Dokumenten im Format 21,6 x 28,9 cm.<\/p>\n","protected":false},"featured_media":78574,"comment_status":"open","ping_status":"closed","template":"","meta":[],"product_brand":[],"product_cat":[504,8703],"product_tag":[],"class_list":{"0":"post-78573","1":"product","2":"type-product","3":"status-publish","4":"has-post-thumbnail","6":"product_cat-buerobedarf-schreibwaren","7":"product_cat-umschlaege-versandzubehoer","8":"pa_binding-buerobedarf-schreibwaren","9":"pa_brand-quality-park","10":"pa_manufacturer-quality-park","12":"first","13":"instock","14":"shipping-taxable","15":"purchasable","16":"product-type-simple","17":"customify-col","18":"product-has-gallery"},"yoast_head":"<!-- This site is optimized with the Yoast SEO plugin v27.3 - https:\/\/yoast.com\/product\/yoast-seo-wordpress\/ -->\n<title>Quality Park Verschluss-Umschl\u00e4ge, gummierter, feuchtigkeitsaktivierter Klebstoff f\u00fcr dauerhafte sichere Versiegelung. - Markt-XXL<\/title>\n<meta name=\"description\" content=\"Markt-XXL Quality Park Verschluss-Umschl\u00e4ge, gummierter, feuchtigkeitsaktivierter Klebstoff f\u00fcr dauerhafte sichere Versiegelung.\" \/>\n<meta name=\"robots\" content=\"index, follow, max-snippet:-1, max-image-preview:large, max-video-preview:-1\" \/>\n<link rel=\"canonical\" href=\"https:\/\/marktxxl.de\/markt\/produkt\/quality-park-verschluss-umschlaege-gummierter-feuchtigkeitsaktivierter-klebstoff-fuer-dauerhafte-sichere-versiegelung\/\" \/>\n<meta property=\"og:locale\" content=\"de_DE\" \/>\n<meta property=\"og:type\" content=\"article\" \/>\n<meta property=\"og:title\" content=\"Quality Park Verschluss-Umschl\u00e4ge, gummierter, feuchtigkeitsaktivierter Klebstoff f\u00fcr dauerhafte sichere Versiegelung. - Markt-XXL\" \/>\n<meta property=\"og:description\" content=\"Markt-XXL Quality Park Verschluss-Umschl\u00e4ge, gummierter, feuchtigkeitsaktivierter Klebstoff f\u00fcr dauerhafte sichere Versiegelung.\" \/>\n<meta property=\"og:url\" content=\"https:\/\/marktxxl.de\/markt\/produkt\/quality-park-verschluss-umschlaege-gummierter-feuchtigkeitsaktivierter-klebstoff-fuer-dauerhafte-sichere-versiegelung\/\" \/>\n<meta property=\"og:site_name\" content=\"Markt-XXL\" \/>\n<meta property=\"article:modified_time\" content=\"2023-04-08T00:22:28+00:00\" \/>\n<meta property=\"og:image\" content=\"https:\/\/m.media-amazon.com\/images\/I\/31GNyREvPYL._SL500_.jpg\" \/>\n\t<meta property=\"og:image:width\" content=\"500\" \/>\n\t<meta property=\"og:image:height\" content=\"500\" \/>\n\t<meta property=\"og:image:type\" content=\"image\/jpeg\" \/>\n<meta name=\"twitter:card\" content=\"summary_large_image\" \/>\n<script type=\"application\/ld+json\" class=\"yoast-schema-graph\">{\"@context\":\"https:\\\/\\\/schema.org\",\"@graph\":[{\"@type\":\"WebPage\",\"@id\":\"https:\\\/\\\/marktxxl.de\\\/markt\\\/produkt\\\/quality-park-verschluss-umschlaege-gummierter-feuchtigkeitsaktivierter-klebstoff-fuer-dauerhafte-sichere-versiegelung\\\/\",\"url\":\"https:\\\/\\\/marktxxl.de\\\/markt\\\/produkt\\\/quality-park-verschluss-umschlaege-gummierter-feuchtigkeitsaktivierter-klebstoff-fuer-dauerhafte-sichere-versiegelung\\\/\",\"name\":\"Quality Park Verschluss-Umschl\u00e4ge, gummierter, feuchtigkeitsaktivierter Klebstoff f\u00fcr dauerhafte sichere Versiegelung. - Markt-XXL\",\"isPartOf\":{\"@id\":\"https:\\\/\\\/marktxxl.de\\\/markt\\\/#website\"},\"primaryImageOfPage\":{\"@id\":\"https:\\\/\\\/marktxxl.de\\\/markt\\\/produkt\\\/quality-park-verschluss-umschlaege-gummierter-feuchtigkeitsaktivierter-klebstoff-fuer-dauerhafte-sichere-versiegelung\\\/#primaryimage\"},\"image\":{\"@id\":\"https:\\\/\\\/marktxxl.de\\\/markt\\\/produkt\\\/quality-park-verschluss-umschlaege-gummierter-feuchtigkeitsaktivierter-klebstoff-fuer-dauerhafte-sichere-versiegelung\\\/#primaryimage\"},\"thumbnailUrl\":\"https:\\\/\\\/m.media-amazon.com\\\/images\\\/I\\\/31GNyREvPYL._SL500_.jpg\",\"datePublished\":\"2021-11-25T15:06:51+00:00\",\"dateModified\":\"2023-04-08T00:22:28+00:00\",\"description\":\"Markt-XXL Quality Park Verschluss-Umschl\u00e4ge, gummierter, feuchtigkeitsaktivierter Klebstoff f\u00fcr dauerhafte sichere Versiegelung.\",\"breadcrumb\":{\"@id\":\"https:\\\/\\\/marktxxl.de\\\/markt\\\/produkt\\\/quality-park-verschluss-umschlaege-gummierter-feuchtigkeitsaktivierter-klebstoff-fuer-dauerhafte-sichere-versiegelung\\\/#breadcrumb\"},\"inLanguage\":\"de\",\"potentialAction\":[{\"@type\":\"ReadAction\",\"target\":[\"https:\\\/\\\/marktxxl.de\\\/markt\\\/produkt\\\/quality-park-verschluss-umschlaege-gummierter-feuchtigkeitsaktivierter-klebstoff-fuer-dauerhafte-sichere-versiegelung\\\/\"]}]},{\"@type\":\"ImageObject\",\"inLanguage\":\"de\",\"@id\":\"https:\\\/\\\/marktxxl.de\\\/markt\\\/produkt\\\/quality-park-verschluss-umschlaege-gummierter-feuchtigkeitsaktivierter-klebstoff-fuer-dauerhafte-sichere-versiegelung\\\/#primaryimage\",\"url\":\"https:\\\/\\\/m.media-amazon.com\\\/images\\\/I\\\/31GNyREvPYL._SL500_.jpg\",\"contentUrl\":\"https:\\\/\\\/m.media-amazon.com\\\/images\\\/I\\\/31GNyREvPYL._SL500_.jpg\",\"width\":500,\"height\":500},{\"@type\":\"BreadcrumbList\",\"@id\":\"https:\\\/\\\/marktxxl.de\\\/markt\\\/produkt\\\/quality-park-verschluss-umschlaege-gummierter-feuchtigkeitsaktivierter-klebstoff-fuer-dauerhafte-sichere-versiegelung\\\/#breadcrumb\",\"itemListElement\":[{\"@type\":\"ListItem\",\"position\":1,\"name\":\"Startseite\",\"item\":\"https:\\\/\\\/marktxxl.de\\\/markt\\\/\"},{\"@type\":\"ListItem\",\"position\":2,\"name\":\"Markt\",\"item\":\"https:\\\/\\\/marktxxl.de\\\/markt\\\/\"},{\"@type\":\"ListItem\",\"position\":3,\"name\":\"Quality Park Verschluss-Umschl\u00e4ge, gummierter, feuchtigkeitsaktivierter Klebstoff f\u00fcr dauerhafte sichere Versiegelung.\"}]},{\"@type\":\"WebSite\",\"@id\":\"https:\\\/\\\/marktxxl.de\\\/markt\\\/#website\",\"url\":\"https:\\\/\\\/marktxxl.de\\\/markt\\\/\",\"name\":\"Markt-XXL\",\"description\":\"Ihr Markt Online\",\"publisher\":{\"@id\":\"https:\\\/\\\/marktxxl.de\\\/markt\\\/#organization\"},\"potentialAction\":[{\"@type\":\"SearchAction\",\"target\":{\"@type\":\"EntryPoint\",\"urlTemplate\":\"https:\\\/\\\/marktxxl.de\\\/markt\\\/?s={search_term_string}\"},\"query-input\":{\"@type\":\"PropertyValueSpecification\",\"valueRequired\":true,\"valueName\":\"search_term_string\"}}],\"inLanguage\":\"de\"},{\"@type\":\"Organization\",\"@id\":\"https:\\\/\\\/marktxxl.de\\\/markt\\\/#organization\",\"name\":\"Markt-XXL\",\"url\":\"https:\\\/\\\/marktxxl.de\\\/markt\\\/\",\"logo\":{\"@type\":\"ImageObject\",\"inLanguage\":\"de\",\"@id\":\"https:\\\/\\\/marktxxl.de\\\/markt\\\/#\\\/schema\\\/logo\\\/image\\\/\",\"url\":\"https:\\\/\\\/marktxxl.de\\\/markt\\\/wp-content\\\/uploads\\\/sites\\\/3\\\/2020\\\/12\\\/logo.png\",\"contentUrl\":\"https:\\\/\\\/marktxxl.de\\\/markt\\\/wp-content\\\/uploads\\\/sites\\\/3\\\/2020\\\/12\\\/logo.png\",\"width\":200,\"height\":70,\"caption\":\"Markt-XXL\"},\"image\":{\"@id\":\"https:\\\/\\\/marktxxl.de\\\/markt\\\/#\\\/schema\\\/logo\\\/image\\\/\"}}]}<\/script>\n<!-- \/ Yoast SEO plugin. -->","yoast_head_json":{"title":"Quality Park Verschluss-Umschl\u00e4ge, gummierter, feuchtigkeitsaktivierter Klebstoff f\u00fcr dauerhafte sichere Versiegelung. - Markt-XXL","description":"Markt-XXL Quality Park Verschluss-Umschl\u00e4ge, gummierter, feuchtigkeitsaktivierter Klebstoff f\u00fcr dauerhafte sichere Versiegelung.","robots":{"index":"index","follow":"follow","max-snippet":"max-snippet:-1","max-image-preview":"max-image-preview:large","max-video-preview":"max-video-preview:-1"},"canonical":"https:\/\/marktxxl.de\/markt\/produkt\/quality-park-verschluss-umschlaege-gummierter-feuchtigkeitsaktivierter-klebstoff-fuer-dauerhafte-sichere-versiegelung\/","og_locale":"de_DE","og_type":"article","og_title":"Quality Park Verschluss-Umschl\u00e4ge, gummierter, feuchtigkeitsaktivierter Klebstoff f\u00fcr dauerhafte sichere Versiegelung. - Markt-XXL","og_description":"Markt-XXL Quality Park Verschluss-Umschl\u00e4ge, gummierter, feuchtigkeitsaktivierter Klebstoff f\u00fcr dauerhafte sichere Versiegelung.","og_url":"https:\/\/marktxxl.de\/markt\/produkt\/quality-park-verschluss-umschlaege-gummierter-feuchtigkeitsaktivierter-klebstoff-fuer-dauerhafte-sichere-versiegelung\/","og_site_name":"Markt-XXL","article_modified_time":"2023-04-08T00:22:28+00:00","og_image":[{"width":500,"height":500,"url":"https:\/\/m.media-amazon.com\/images\/I\/31GNyREvPYL._SL500_.jpg","type":"image\/jpeg"}],"twitter_card":"summary_large_image","schema":{"@context":"https:\/\/schema.org","@graph":[{"@type":"WebPage","@id":"https:\/\/marktxxl.de\/markt\/produkt\/quality-park-verschluss-umschlaege-gummierter-feuchtigkeitsaktivierter-klebstoff-fuer-dauerhafte-sichere-versiegelung\/","url":"https:\/\/marktxxl.de\/markt\/produkt\/quality-park-verschluss-umschlaege-gummierter-feuchtigkeitsaktivierter-klebstoff-fuer-dauerhafte-sichere-versiegelung\/","name":"Quality Park Verschluss-Umschl\u00e4ge, gummierter, feuchtigkeitsaktivierter Klebstoff f\u00fcr dauerhafte sichere Versiegelung. - Markt-XXL","isPartOf":{"@id":"https:\/\/marktxxl.de\/markt\/#website"},"primaryImageOfPage":{"@id":"https:\/\/marktxxl.de\/markt\/produkt\/quality-park-verschluss-umschlaege-gummierter-feuchtigkeitsaktivierter-klebstoff-fuer-dauerhafte-sichere-versiegelung\/#primaryimage"},"image":{"@id":"https:\/\/marktxxl.de\/markt\/produkt\/quality-park-verschluss-umschlaege-gummierter-feuchtigkeitsaktivierter-klebstoff-fuer-dauerhafte-sichere-versiegelung\/#primaryimage"},"thumbnailUrl":"https:\/\/m.media-amazon.com\/images\/I\/31GNyREvPYL._SL500_.jpg","datePublished":"2021-11-25T15:06:51+00:00","dateModified":"2023-04-08T00:22:28+00:00","description":"Markt-XXL Quality Park Verschluss-Umschl\u00e4ge, gummierter, feuchtigkeitsaktivierter Klebstoff f\u00fcr dauerhafte sichere Versiegelung.","breadcrumb":{"@id":"https:\/\/marktxxl.de\/markt\/produkt\/quality-park-verschluss-umschlaege-gummierter-feuchtigkeitsaktivierter-klebstoff-fuer-dauerhafte-sichere-versiegelung\/#breadcrumb"},"inLanguage":"de","potentialAction":[{"@type":"ReadAction","target":["https:\/\/marktxxl.de\/markt\/produkt\/quality-park-verschluss-umschlaege-gummierter-feuchtigkeitsaktivierter-klebstoff-fuer-dauerhafte-sichere-versiegelung\/"]}]},{"@type":"ImageObject","inLanguage":"de","@id":"https:\/\/marktxxl.de\/markt\/produkt\/quality-park-verschluss-umschlaege-gummierter-feuchtigkeitsaktivierter-klebstoff-fuer-dauerhafte-sichere-versiegelung\/#primaryimage","url":"https:\/\/m.media-amazon.com\/images\/I\/31GNyREvPYL._SL500_.jpg","contentUrl":"https:\/\/m.media-amazon.com\/images\/I\/31GNyREvPYL._SL500_.jpg","width":500,"height":500},{"@type":"BreadcrumbList","@id":"https:\/\/marktxxl.de\/markt\/produkt\/quality-park-verschluss-umschlaege-gummierter-feuchtigkeitsaktivierter-klebstoff-fuer-dauerhafte-sichere-versiegelung\/#breadcrumb","itemListElement":[{"@type":"ListItem","position":1,"name":"Startseite","item":"https:\/\/marktxxl.de\/markt\/"},{"@type":"ListItem","position":2,"name":"Markt","item":"https:\/\/marktxxl.de\/markt\/"},{"@type":"ListItem","position":3,"name":"Quality Park Verschluss-Umschl\u00e4ge, gummierter, feuchtigkeitsaktivierter Klebstoff f\u00fcr dauerhafte sichere Versiegelung."}]},{"@type":"WebSite","@id":"https:\/\/marktxxl.de\/markt\/#website","url":"https:\/\/marktxxl.de\/markt\/","name":"Markt-XXL","description":"Ihr Markt Online","publisher":{"@id":"https:\/\/marktxxl.de\/markt\/#organization"},"potentialAction":[{"@type":"SearchAction","target":{"@type":"EntryPoint","urlTemplate":"https:\/\/marktxxl.de\/markt\/?s={search_term_string}"},"query-input":{"@type":"PropertyValueSpecification","valueRequired":true,"valueName":"search_term_string"}}],"inLanguage":"de"},{"@type":"Organization","@id":"https:\/\/marktxxl.de\/markt\/#organization","name":"Markt-XXL","url":"https:\/\/marktxxl.de\/markt\/","logo":{"@type":"ImageObject","inLanguage":"de","@id":"https:\/\/marktxxl.de\/markt\/#\/schema\/logo\/image\/","url":"https:\/\/marktxxl.de\/markt\/wp-content\/uploads\/sites\/3\/2020\/12\/logo.png","contentUrl":"https:\/\/marktxxl.de\/markt\/wp-content\/uploads\/sites\/3\/2020\/12\/logo.png","width":200,"height":70,"caption":"Markt-XXL"},"image":{"@id":"https:\/\/marktxxl.de\/markt\/#\/schema\/logo\/image\/"}}]}},"_links":{"self":[{"href":"https:\/\/marktxxl.de\/markt\/wp-json\/wp\/v2\/product\/78573","targetHints":{"allow":["GET"]}}],"collection":[{"href":"https:\/\/marktxxl.de\/markt\/wp-json\/wp\/v2\/product"}],"about":[{"href":"https:\/\/marktxxl.de\/markt\/wp-json\/wp\/v2\/types\/product"}],"replies":[{"embeddable":true,"href":"https:\/\/marktxxl.de\/markt\/wp-json\/wp\/v2\/comments?post=78573"}],"wp:featuredmedia":[{"embeddable":true,"href":"https:\/\/marktxxl.de\/markt\/wp-json\/wp\/v2\/media\/78574"}],"wp:attachment":[{"href":"https:\/\/marktxxl.de\/markt\/wp-json\/wp\/v2\/media?parent=78573"}],"wp:term":[{"taxonomy":"product_brand","embeddable":true,"href":"https:\/\/marktxxl.de\/markt\/wp-json\/wp\/v2\/product_brand?post=78573"},{"taxonomy":"product_cat","embeddable":true,"href":"https:\/\/marktxxl.de\/markt\/wp-json\/wp\/v2\/product_cat?post=78573"},{"taxonomy":"product_tag","embeddable":true,"href":"https:\/\/marktxxl.de\/markt\/wp-json\/wp\/v2\/product_tag?post=78573"}],"curies":[{"name":"wp","href":"https:\/\/api.w.org\/{rel}","templated":true}]}}