{"id":78538,"date":"2021-11-25T16:06:32","date_gmt":"2021-11-25T15:06:32","guid":{"rendered":"https:\/\/marktxxl.de\/markt\/produkt\/knisternes-papier-fuellmittel-fuer-geschenkverpackungen-und-korb-fuellung-schwarz-gold-magicwater-supply\/"},"modified":"2023-04-08T02:22:26","modified_gmt":"2023-04-08T00:22:26","slug":"knisternes-papier-fuellmittel-fuer-geschenkverpackungen-und-korb-fuellung-schwarz-gold-magicwater-supply","status":"publish","type":"product","link":"https:\/\/marktxxl.de\/markt\/produkt\/knisternes-papier-fuellmittel-fuer-geschenkverpackungen-und-korb-fuellung-schwarz-gold-magicwater-supply\/","title":{"rendered":"MagicWater Supply Crinkle Cut Papierschnipself\u00fcller (0,5 kg) f\u00fcr Geschenkverpackungen und Korbf\u00fcllung \u2013 Schwarz &amp; Gold"},"content":{"rendered":"<p>Enth\u00e4lt einen knistergeschnittenen Papierschrottierer \u2013 Schwarz &amp; Gold<br \/>\nKnistergeschnittenes gef\u00e4rbtes Papier ist ein tolles Bett, um Ihr Produkt zu pr\u00e4sentieren.<br \/>\nIdeal f\u00fcr Geschenkverpackungen und Korb; F\u00fcllen Sie zus\u00e4tzliche Platz, die Sie in Ihren Paketen haben.<br \/>\nAttraktive F\u00fcllmenge f\u00fcr K\u00f6rbe und Geschenkboxen. Verwenden Sie es f\u00fcr jeden Anlass wie Geburtstag, Jahrestag, Hochzeit, Valentinstag, Weihnachten usw.<br \/>\nDie Marke MagicWater Supply wird exklusiv von MagicWater Supply verkauft. Durch den Kauf von MagicWater Supply ist Ihre Zufriedenheit unsere oberste Priorit\u00e4t. Der Name der MagicWater Supply ist eine Marke von MagicWater Supply.<br \/>\n<div class=\"main-cross-sell\" data-asin=\"B0751WNK32\">\n\n\t<div class=\"WooZone-cross-sell-loader\">\n\t\t<div>\n\t\t\t<div id=\"floatingBarsG\">\n\t\t\t\t<div class=\"blockG\" id=\"rotateG_01\"><\/div>\n\t\t\t\t<div class=\"blockG\" id=\"rotateG_02\"><\/div>\n\t\t\t\t<div class=\"blockG\" id=\"rotateG_03\"><\/div>\n\t\t\t\t<div class=\"blockG\" id=\"rotateG_04\"><\/div>\n\t\t\t\t<div class=\"blockG\" id=\"rotateG_05\"><\/div>\n\t\t\t\t<div class=\"blockG\" id=\"rotateG_06\"><\/div>\n\t\t\t\t<div class=\"blockG\" id=\"rotateG_07\"><\/div>\n\t\t\t\t<div class=\"blockG\" id=\"rotateG_08\"><\/div>\n\t\t\t<\/div>\n\t\t\t<div class=\"WooZone-cross-sell-loader-text\"><\/div>\n\t\t<\/div>\n\t<\/div>\n\n\t\t\n<\/div>\n<div style=\"clear:both;\"><\/div><\/p>\n","protected":false},"excerpt":{"rendered":"<p>Enth\u00e4lt einen knistergeschnittenen Papierschrottierer \u2013 Schwarz &amp; Gold<br \/>\nKnistergeschnittenes gef\u00e4rbtes Papier ist ein tolles Bett, um Ihr Produkt zu pr\u00e4sentieren.<br \/>\nIdeal f\u00fcr Geschenkverpackungen und Korb; F\u00fcllen Sie zus\u00e4tzliche Platz, die Sie in Ihren Paketen haben.<\/p>\n","protected":false},"featured_media":78539,"comment_status":"open","ping_status":"closed","template":"","meta":[],"product_brand":[],"product_cat":[504,8703],"product_tag":[],"class_list":{"0":"post-78538","1":"product","2":"type-product","3":"status-publish","4":"has-post-thumbnail","6":"product_cat-buerobedarf-schreibwaren","7":"product_cat-umschlaege-versandzubehoer","8":"pa_binding-badartikel","9":"pa_brand-magicwater-supply","10":"pa_height-6-zoll","11":"pa_length-8-zoll","12":"pa_manufacturer-mws","13":"pa_model-abcd","14":"pa_weight-1-pfund","15":"pa_width-7-zoll","17":"first","18":"instock","19":"shipping-taxable","20":"purchasable","21":"product-type-simple","22":"customify-col","23":"product-has-gallery"},"yoast_head":"<!-- This site is optimized with the Yoast SEO plugin v27.4 - https:\/\/yoast.com\/product\/yoast-seo-wordpress\/ -->\n<title>MagicWater Supply Crinkle Cut Papierschnipself\u00fcller (0,5 kg) f\u00fcr Geschenkverpackungen und Korbf\u00fcllung \u2013 Schwarz &amp; Gold - Markt-XXL<\/title>\n<meta name=\"description\" content=\"Markt-XXL MagicWater Supply Crinkle Cut Papierschnipself\u00fcller (0,5 kg) f\u00fcr Geschenkverpackungen und Korbf\u00fcllung \u2013 Schwarz &amp; Gold\" \/>\n<meta name=\"robots\" content=\"index, follow, max-snippet:-1, max-image-preview:large, max-video-preview:-1\" \/>\n<link rel=\"canonical\" href=\"https:\/\/marktxxl.de\/markt\/produkt\/knisternes-papier-fuellmittel-fuer-geschenkverpackungen-und-korb-fuellung-schwarz-gold-magicwater-supply\/\" \/>\n<meta property=\"og:locale\" content=\"de_DE\" \/>\n<meta property=\"og:type\" content=\"article\" \/>\n<meta property=\"og:title\" content=\"MagicWater Supply Crinkle Cut Papierschnipself\u00fcller (0,5 kg) f\u00fcr Geschenkverpackungen und Korbf\u00fcllung \u2013 Schwarz &amp; Gold - Markt-XXL\" \/>\n<meta property=\"og:description\" content=\"Markt-XXL MagicWater Supply Crinkle Cut Papierschnipself\u00fcller (0,5 kg) f\u00fcr Geschenkverpackungen und Korbf\u00fcllung \u2013 Schwarz &amp; Gold\" \/>\n<meta property=\"og:url\" content=\"https:\/\/marktxxl.de\/markt\/produkt\/knisternes-papier-fuellmittel-fuer-geschenkverpackungen-und-korb-fuellung-schwarz-gold-magicwater-supply\/\" \/>\n<meta property=\"og:site_name\" content=\"Markt-XXL\" \/>\n<meta property=\"article:modified_time\" content=\"2023-04-08T00:22:26+00:00\" \/>\n<meta property=\"og:image\" content=\"https:\/\/m.media-amazon.com\/images\/I\/61xRJfUPhlL._SL500_.jpg\" \/>\n\t<meta property=\"og:image:width\" content=\"500\" \/>\n\t<meta property=\"og:image:height\" content=\"500\" \/>\n\t<meta property=\"og:image:type\" content=\"image\/jpeg\" \/>\n<meta name=\"twitter:card\" content=\"summary_large_image\" \/>\n<meta name=\"twitter:label1\" content=\"Gesch\u00e4tzte Lesezeit\" \/>\n\t<meta name=\"twitter:data1\" content=\"1\u00a0Minute\" \/>\n<script type=\"application\/ld+json\" class=\"yoast-schema-graph\">{\"@context\":\"https:\\\/\\\/schema.org\",\"@graph\":[{\"@type\":\"WebPage\",\"@id\":\"https:\\\/\\\/marktxxl.de\\\/markt\\\/produkt\\\/knisternes-papier-fuellmittel-fuer-geschenkverpackungen-und-korb-fuellung-schwarz-gold-magicwater-supply\\\/\",\"url\":\"https:\\\/\\\/marktxxl.de\\\/markt\\\/produkt\\\/knisternes-papier-fuellmittel-fuer-geschenkverpackungen-und-korb-fuellung-schwarz-gold-magicwater-supply\\\/\",\"name\":\"MagicWater Supply Crinkle Cut Papierschnipself\u00fcller (0,5 kg) f\u00fcr Geschenkverpackungen und Korbf\u00fcllung \u2013 Schwarz &amp; Gold - Markt-XXL\",\"isPartOf\":{\"@id\":\"https:\\\/\\\/marktxxl.de\\\/markt\\\/#website\"},\"primaryImageOfPage\":{\"@id\":\"https:\\\/\\\/marktxxl.de\\\/markt\\\/produkt\\\/knisternes-papier-fuellmittel-fuer-geschenkverpackungen-und-korb-fuellung-schwarz-gold-magicwater-supply\\\/#primaryimage\"},\"image\":{\"@id\":\"https:\\\/\\\/marktxxl.de\\\/markt\\\/produkt\\\/knisternes-papier-fuellmittel-fuer-geschenkverpackungen-und-korb-fuellung-schwarz-gold-magicwater-supply\\\/#primaryimage\"},\"thumbnailUrl\":\"https:\\\/\\\/m.media-amazon.com\\\/images\\\/I\\\/61xRJfUPhlL._SL500_.jpg\",\"datePublished\":\"2021-11-25T15:06:32+00:00\",\"dateModified\":\"2023-04-08T00:22:26+00:00\",\"description\":\"Markt-XXL MagicWater Supply Crinkle Cut Papierschnipself\u00fcller (0,5 kg) f\u00fcr Geschenkverpackungen und Korbf\u00fcllung \u2013 Schwarz &amp; Gold\",\"breadcrumb\":{\"@id\":\"https:\\\/\\\/marktxxl.de\\\/markt\\\/produkt\\\/knisternes-papier-fuellmittel-fuer-geschenkverpackungen-und-korb-fuellung-schwarz-gold-magicwater-supply\\\/#breadcrumb\"},\"inLanguage\":\"de\",\"potentialAction\":[{\"@type\":\"ReadAction\",\"target\":[\"https:\\\/\\\/marktxxl.de\\\/markt\\\/produkt\\\/knisternes-papier-fuellmittel-fuer-geschenkverpackungen-und-korb-fuellung-schwarz-gold-magicwater-supply\\\/\"]}]},{\"@type\":\"ImageObject\",\"inLanguage\":\"de\",\"@id\":\"https:\\\/\\\/marktxxl.de\\\/markt\\\/produkt\\\/knisternes-papier-fuellmittel-fuer-geschenkverpackungen-und-korb-fuellung-schwarz-gold-magicwater-supply\\\/#primaryimage\",\"url\":\"https:\\\/\\\/m.media-amazon.com\\\/images\\\/I\\\/61xRJfUPhlL._SL500_.jpg\",\"contentUrl\":\"https:\\\/\\\/m.media-amazon.com\\\/images\\\/I\\\/61xRJfUPhlL._SL500_.jpg\",\"width\":500,\"height\":500},{\"@type\":\"BreadcrumbList\",\"@id\":\"https:\\\/\\\/marktxxl.de\\\/markt\\\/produkt\\\/knisternes-papier-fuellmittel-fuer-geschenkverpackungen-und-korb-fuellung-schwarz-gold-magicwater-supply\\\/#breadcrumb\",\"itemListElement\":[{\"@type\":\"ListItem\",\"position\":1,\"name\":\"Startseite\",\"item\":\"https:\\\/\\\/marktxxl.de\\\/markt\\\/\"},{\"@type\":\"ListItem\",\"position\":2,\"name\":\"Markt\",\"item\":\"https:\\\/\\\/marktxxl.de\\\/markt\\\/\"},{\"@type\":\"ListItem\",\"position\":3,\"name\":\"MagicWater Supply Crinkle Cut Papierschnipself\u00fcller (0,5 kg) f\u00fcr Geschenkverpackungen und Korbf\u00fcllung \u2013 Schwarz &amp; Gold\"}]},{\"@type\":\"WebSite\",\"@id\":\"https:\\\/\\\/marktxxl.de\\\/markt\\\/#website\",\"url\":\"https:\\\/\\\/marktxxl.de\\\/markt\\\/\",\"name\":\"Markt-XXL\",\"description\":\"Ihr Markt Online\",\"publisher\":{\"@id\":\"https:\\\/\\\/marktxxl.de\\\/markt\\\/#organization\"},\"potentialAction\":[{\"@type\":\"SearchAction\",\"target\":{\"@type\":\"EntryPoint\",\"urlTemplate\":\"https:\\\/\\\/marktxxl.de\\\/markt\\\/?s={search_term_string}\"},\"query-input\":{\"@type\":\"PropertyValueSpecification\",\"valueRequired\":true,\"valueName\":\"search_term_string\"}}],\"inLanguage\":\"de\"},{\"@type\":\"Organization\",\"@id\":\"https:\\\/\\\/marktxxl.de\\\/markt\\\/#organization\",\"name\":\"Markt-XXL\",\"url\":\"https:\\\/\\\/marktxxl.de\\\/markt\\\/\",\"logo\":{\"@type\":\"ImageObject\",\"inLanguage\":\"de\",\"@id\":\"https:\\\/\\\/marktxxl.de\\\/markt\\\/#\\\/schema\\\/logo\\\/image\\\/\",\"url\":\"https:\\\/\\\/marktxxl.de\\\/markt\\\/wp-content\\\/uploads\\\/sites\\\/3\\\/2020\\\/12\\\/logo.png\",\"contentUrl\":\"https:\\\/\\\/marktxxl.de\\\/markt\\\/wp-content\\\/uploads\\\/sites\\\/3\\\/2020\\\/12\\\/logo.png\",\"width\":200,\"height\":70,\"caption\":\"Markt-XXL\"},\"image\":{\"@id\":\"https:\\\/\\\/marktxxl.de\\\/markt\\\/#\\\/schema\\\/logo\\\/image\\\/\"}}]}<\/script>\n<!-- \/ Yoast SEO plugin. -->","yoast_head_json":{"title":"MagicWater Supply Crinkle Cut Papierschnipself\u00fcller (0,5 kg) f\u00fcr Geschenkverpackungen und Korbf\u00fcllung \u2013 Schwarz &amp; Gold - Markt-XXL","description":"Markt-XXL MagicWater Supply Crinkle Cut Papierschnipself\u00fcller (0,5 kg) f\u00fcr Geschenkverpackungen und Korbf\u00fcllung \u2013 Schwarz &amp; Gold","robots":{"index":"index","follow":"follow","max-snippet":"max-snippet:-1","max-image-preview":"max-image-preview:large","max-video-preview":"max-video-preview:-1"},"canonical":"https:\/\/marktxxl.de\/markt\/produkt\/knisternes-papier-fuellmittel-fuer-geschenkverpackungen-und-korb-fuellung-schwarz-gold-magicwater-supply\/","og_locale":"de_DE","og_type":"article","og_title":"MagicWater Supply Crinkle Cut Papierschnipself\u00fcller (0,5 kg) f\u00fcr Geschenkverpackungen und Korbf\u00fcllung \u2013 Schwarz &amp; Gold - Markt-XXL","og_description":"Markt-XXL MagicWater Supply Crinkle Cut Papierschnipself\u00fcller (0,5 kg) f\u00fcr Geschenkverpackungen und Korbf\u00fcllung \u2013 Schwarz &amp; Gold","og_url":"https:\/\/marktxxl.de\/markt\/produkt\/knisternes-papier-fuellmittel-fuer-geschenkverpackungen-und-korb-fuellung-schwarz-gold-magicwater-supply\/","og_site_name":"Markt-XXL","article_modified_time":"2023-04-08T00:22:26+00:00","og_image":[{"width":500,"height":500,"url":"https:\/\/m.media-amazon.com\/images\/I\/61xRJfUPhlL._SL500_.jpg","type":"image\/jpeg"}],"twitter_card":"summary_large_image","twitter_misc":{"Gesch\u00e4tzte Lesezeit":"1\u00a0Minute"},"schema":{"@context":"https:\/\/schema.org","@graph":[{"@type":"WebPage","@id":"https:\/\/marktxxl.de\/markt\/produkt\/knisternes-papier-fuellmittel-fuer-geschenkverpackungen-und-korb-fuellung-schwarz-gold-magicwater-supply\/","url":"https:\/\/marktxxl.de\/markt\/produkt\/knisternes-papier-fuellmittel-fuer-geschenkverpackungen-und-korb-fuellung-schwarz-gold-magicwater-supply\/","name":"MagicWater Supply Crinkle Cut Papierschnipself\u00fcller (0,5 kg) f\u00fcr Geschenkverpackungen und Korbf\u00fcllung \u2013 Schwarz &amp; Gold - Markt-XXL","isPartOf":{"@id":"https:\/\/marktxxl.de\/markt\/#website"},"primaryImageOfPage":{"@id":"https:\/\/marktxxl.de\/markt\/produkt\/knisternes-papier-fuellmittel-fuer-geschenkverpackungen-und-korb-fuellung-schwarz-gold-magicwater-supply\/#primaryimage"},"image":{"@id":"https:\/\/marktxxl.de\/markt\/produkt\/knisternes-papier-fuellmittel-fuer-geschenkverpackungen-und-korb-fuellung-schwarz-gold-magicwater-supply\/#primaryimage"},"thumbnailUrl":"https:\/\/m.media-amazon.com\/images\/I\/61xRJfUPhlL._SL500_.jpg","datePublished":"2021-11-25T15:06:32+00:00","dateModified":"2023-04-08T00:22:26+00:00","description":"Markt-XXL MagicWater Supply Crinkle Cut Papierschnipself\u00fcller (0,5 kg) f\u00fcr Geschenkverpackungen und Korbf\u00fcllung \u2013 Schwarz &amp; Gold","breadcrumb":{"@id":"https:\/\/marktxxl.de\/markt\/produkt\/knisternes-papier-fuellmittel-fuer-geschenkverpackungen-und-korb-fuellung-schwarz-gold-magicwater-supply\/#breadcrumb"},"inLanguage":"de","potentialAction":[{"@type":"ReadAction","target":["https:\/\/marktxxl.de\/markt\/produkt\/knisternes-papier-fuellmittel-fuer-geschenkverpackungen-und-korb-fuellung-schwarz-gold-magicwater-supply\/"]}]},{"@type":"ImageObject","inLanguage":"de","@id":"https:\/\/marktxxl.de\/markt\/produkt\/knisternes-papier-fuellmittel-fuer-geschenkverpackungen-und-korb-fuellung-schwarz-gold-magicwater-supply\/#primaryimage","url":"https:\/\/m.media-amazon.com\/images\/I\/61xRJfUPhlL._SL500_.jpg","contentUrl":"https:\/\/m.media-amazon.com\/images\/I\/61xRJfUPhlL._SL500_.jpg","width":500,"height":500},{"@type":"BreadcrumbList","@id":"https:\/\/marktxxl.de\/markt\/produkt\/knisternes-papier-fuellmittel-fuer-geschenkverpackungen-und-korb-fuellung-schwarz-gold-magicwater-supply\/#breadcrumb","itemListElement":[{"@type":"ListItem","position":1,"name":"Startseite","item":"https:\/\/marktxxl.de\/markt\/"},{"@type":"ListItem","position":2,"name":"Markt","item":"https:\/\/marktxxl.de\/markt\/"},{"@type":"ListItem","position":3,"name":"MagicWater Supply Crinkle Cut Papierschnipself\u00fcller (0,5 kg) f\u00fcr Geschenkverpackungen und Korbf\u00fcllung \u2013 Schwarz &amp; Gold"}]},{"@type":"WebSite","@id":"https:\/\/marktxxl.de\/markt\/#website","url":"https:\/\/marktxxl.de\/markt\/","name":"Markt-XXL","description":"Ihr Markt Online","publisher":{"@id":"https:\/\/marktxxl.de\/markt\/#organization"},"potentialAction":[{"@type":"SearchAction","target":{"@type":"EntryPoint","urlTemplate":"https:\/\/marktxxl.de\/markt\/?s={search_term_string}"},"query-input":{"@type":"PropertyValueSpecification","valueRequired":true,"valueName":"search_term_string"}}],"inLanguage":"de"},{"@type":"Organization","@id":"https:\/\/marktxxl.de\/markt\/#organization","name":"Markt-XXL","url":"https:\/\/marktxxl.de\/markt\/","logo":{"@type":"ImageObject","inLanguage":"de","@id":"https:\/\/marktxxl.de\/markt\/#\/schema\/logo\/image\/","url":"https:\/\/marktxxl.de\/markt\/wp-content\/uploads\/sites\/3\/2020\/12\/logo.png","contentUrl":"https:\/\/marktxxl.de\/markt\/wp-content\/uploads\/sites\/3\/2020\/12\/logo.png","width":200,"height":70,"caption":"Markt-XXL"},"image":{"@id":"https:\/\/marktxxl.de\/markt\/#\/schema\/logo\/image\/"}}]}},"_links":{"self":[{"href":"https:\/\/marktxxl.de\/markt\/wp-json\/wp\/v2\/product\/78538","targetHints":{"allow":["GET"]}}],"collection":[{"href":"https:\/\/marktxxl.de\/markt\/wp-json\/wp\/v2\/product"}],"about":[{"href":"https:\/\/marktxxl.de\/markt\/wp-json\/wp\/v2\/types\/product"}],"replies":[{"embeddable":true,"href":"https:\/\/marktxxl.de\/markt\/wp-json\/wp\/v2\/comments?post=78538"}],"wp:featuredmedia":[{"embeddable":true,"href":"https:\/\/marktxxl.de\/markt\/wp-json\/wp\/v2\/media\/78539"}],"wp:attachment":[{"href":"https:\/\/marktxxl.de\/markt\/wp-json\/wp\/v2\/media?parent=78538"}],"wp:term":[{"taxonomy":"product_brand","embeddable":true,"href":"https:\/\/marktxxl.de\/markt\/wp-json\/wp\/v2\/product_brand?post=78538"},{"taxonomy":"product_cat","embeddable":true,"href":"https:\/\/marktxxl.de\/markt\/wp-json\/wp\/v2\/product_cat?post=78538"},{"taxonomy":"product_tag","embeddable":true,"href":"https:\/\/marktxxl.de\/markt\/wp-json\/wp\/v2\/product_tag?post=78538"}],"curies":[{"name":"wp","href":"https:\/\/api.w.org\/{rel}","templated":true}]}}