{"id":78211,"date":"2021-11-25T15:51:54","date_gmt":"2021-11-25T14:51:54","guid":{"rendered":"https:\/\/marktxxl.de\/markt\/produkt\/fotokarton-bastelkarton-300-g-m%c2%b2-premium-papier-din-cm-druckerpapier-unbedruckt-fuer-fotografie-praesentationenbasteln-scrapbooking-karton-made-in-germany\/"},"modified":"2023-04-08T02:22:18","modified_gmt":"2023-04-08T00:22:18","slug":"fotokarton-bastelkarton-300-g-m%c2%b2-premium-papier-din-cm-druckerpapier-unbedruckt-fuer-fotografie-praesentationenbasteln-scrapbooking-karton-made-in-germany","status":"publish","type":"product","link":"https:\/\/marktxxl.de\/markt\/produkt\/fotokarton-bastelkarton-300-g-m%c2%b2-premium-papier-din-cm-druckerpapier-unbedruckt-fuer-fotografie-praesentationenbasteln-scrapbooking-karton-made-in-germany\/","title":{"rendered":"30 Blatt BUNTES PAPIER Karton DIN A3-300g\/m\u00b2 Fotokarton Set 10 Farben &#8211; Bastelpapier &amp; Farbige Bl\u00e4tter Pappe, Kinder\u2026"},"content":{"rendered":"<p>EXAKT GERADES PAPIER: Jeder einzelne DIN Bogen, den du erh\u00e4ltst, wurde maschinell geschnitten, um ein exaktes Format zu gew\u00e4hrleisten. Das Papier ist durch die echte Grammatur von 300 g\/m\u00b2 Ideal zum Knicken oder Falzen f\u00fcr Karten, Figuren oder andere Kunstwerke geeignet.<br \/>\nZU HAUSE BEDRUCKBAR: Unser Papier ist ganz einfach in deinem Drucker bedruckbar. Sowohl bei einem Tintenstrahl, als auch bei dem Laserdrucker gibt es ein sehr sch\u00f6nes Druckbild. Bitte daf\u00fcr die Papierart &#8220;KARTON&#8221; im Drucker ausw\u00e4hlen. Sollte dir dieses Papier zu dick sein, findest du unter der Artikelnummer \u201eEVBPTKA4B100\u201c unsere 220 g\/m starke Variante.<br \/>\nDAS SERVICE VERSPRECHEN: Wir von ELES VIDA sind zu 100 % von unserem Produkt \u00fcberzeugt. Sollte dir unser Papier nicht zusagen oder du nicht zufrieden sein, erh\u00e4ltst du dein Geld zur\u00fcck.<br \/>\nSEHR GRO\u00dfE FARBVIELFALT: Dank der 10 intensiven, unterschiedlichen Farbt\u00f6ne, ist das Papier f\u00fcr alle m\u00f6glichen Bastel- und Gestaltungsarbeiten verwendbar. Ob ihr Scrapbooking betreibt, kleine Figuren bastelt oder eigene Einladungskarten macht, all dies ist m\u00f6glich. Die Vorder- und R\u00fcckseite haben beide dieselbe, hohe Farb-Intensit\u00e4t, sodass ihr z. B. bei Collagen oder Fotoalben immer ein sch\u00f6nes Gesamtbild habt.<br \/>\nNACHHALTIGKEIT DER NATUR: Wir verwenden nur Papier, welches aus einem gro\u00dfen Anteil an pflanzlichen Fasern zusammengesetzt und hergestellt wird, dadurch k\u00f6nnen wir eine perfekte Qualit\u00e4t und sch\u00f6ne Haptik gew\u00e4hrleisten, welches dir ein umso hochwertigeres Produkt garantiert. Das gesamte Papier wird hier in Deutschland hergestellt und unterliegt damit strengen Kontrollen.<br \/>\n<div class=\"main-cross-sell\" data-asin=\"B082L1DVLR\">\n\n\t<div class=\"WooZone-cross-sell-loader\">\n\t\t<div>\n\t\t\t<div id=\"floatingBarsG\">\n\t\t\t\t<div class=\"blockG\" id=\"rotateG_01\"><\/div>\n\t\t\t\t<div class=\"blockG\" id=\"rotateG_02\"><\/div>\n\t\t\t\t<div class=\"blockG\" id=\"rotateG_03\"><\/div>\n\t\t\t\t<div class=\"blockG\" id=\"rotateG_04\"><\/div>\n\t\t\t\t<div class=\"blockG\" id=\"rotateG_05\"><\/div>\n\t\t\t\t<div class=\"blockG\" id=\"rotateG_06\"><\/div>\n\t\t\t\t<div class=\"blockG\" id=\"rotateG_07\"><\/div>\n\t\t\t\t<div class=\"blockG\" id=\"rotateG_08\"><\/div>\n\t\t\t<\/div>\n\t\t\t<div class=\"WooZone-cross-sell-loader-text\"><\/div>\n\t\t<\/div>\n\t<\/div>\n\n\t\t\n<\/div>\n<div style=\"clear:both;\"><\/div><\/p>\n","protected":false},"excerpt":{"rendered":"<p>EXAKT GERADES PAPIER: Jeder einzelne DIN Bogen, den du erh\u00e4ltst, wurde maschinell geschnitten, um ein exaktes Format zu gew\u00e4hrleisten. Das Papier ist durch die echte Grammatur von 300 g\/m\u00b2 Ideal zum Knicken oder Falzen f\u00fcr Karten, Figuren oder andere Kunstwerke geeignet.<br \/>\nZU HAUSE BEDRUCKBAR: Unser Papier ist ganz einfach in deinem Drucker bedruckbar. Sowohl bei einem Tintenstrahl, als auch bei dem Laserdrucker gibt es ein sehr sch\u00f6nes Druckbild. Bitte daf\u00fcr die Papierart &#8220;KARTON&#8221; im Drucker ausw\u00e4hlen. Sollte dir dieses Papier zu dick sein, findest du unter der Artikelnummer \u201eEVBPTKA4B100\u201c unsere 220 g\/m starke Variante.<br \/>\nDAS SERVICE VERSPRECHEN: Wir von ELES VIDA sind zu 100 % von unserem Produkt \u00fcberzeugt. Sollte dir unser Papier nicht zusagen oder du nicht zufrieden sein, erh\u00e4ltst du dein Geld zur\u00fcck.<\/p>\n","protected":false},"featured_media":78212,"comment_status":"open","ping_status":"closed","template":"","meta":[],"product_brand":[],"product_cat":[504,8482],"product_tag":[],"class_list":{"0":"post-78211","1":"product","2":"type-product","3":"status-publish","4":"has-post-thumbnail","6":"product_cat-buerobedarf-schreibwaren","7":"product_cat-kuenstler-bastelbedarf","8":"pa_brand-eles-vida","9":"pa_manufacturer-eles-vida","11":"first","12":"instock","13":"shipping-taxable","14":"purchasable","15":"product-type-simple","16":"customify-col","17":"product-has-gallery"},"yoast_head":"<!-- This site is optimized with the Yoast SEO plugin v27.4 - https:\/\/yoast.com\/product\/yoast-seo-wordpress\/ -->\n<title>30 Blatt BUNTES PAPIER Karton DIN A3-300g\/m\u00b2 Fotokarton Set 10 Farben - Bastelpapier &amp; Farbige Bl\u00e4tter Pappe, Kinder\u2026 - Markt-XXL<\/title>\n<meta name=\"description\" content=\"Markt-XXL 30 Blatt BUNTES PAPIER Karton DIN A3-300g\/m\u00b2 Fotokarton Set 10 Farben - Bastelpapier &amp; Farbige Bl\u00e4tter Pappe, Kinder\u2026\" \/>\n<meta name=\"robots\" content=\"index, follow, max-snippet:-1, max-image-preview:large, max-video-preview:-1\" \/>\n<link rel=\"canonical\" href=\"https:\/\/marktxxl.de\/markt\/produkt\/fotokarton-bastelkarton-300-g-m\u00b2-premium-papier-din-cm-druckerpapier-unbedruckt-fuer-fotografie-praesentationenbasteln-scrapbooking-karton-made-in-germany\/\" \/>\n<meta property=\"og:locale\" content=\"de_DE\" \/>\n<meta property=\"og:type\" content=\"article\" \/>\n<meta property=\"og:title\" content=\"30 Blatt BUNTES PAPIER Karton DIN A3-300g\/m\u00b2 Fotokarton Set 10 Farben - Bastelpapier &amp; Farbige Bl\u00e4tter Pappe, Kinder\u2026 - Markt-XXL\" \/>\n<meta property=\"og:description\" content=\"Markt-XXL 30 Blatt BUNTES PAPIER Karton DIN A3-300g\/m\u00b2 Fotokarton Set 10 Farben - Bastelpapier &amp; Farbige Bl\u00e4tter Pappe, Kinder\u2026\" \/>\n<meta property=\"og:url\" content=\"https:\/\/marktxxl.de\/markt\/produkt\/fotokarton-bastelkarton-300-g-m\u00b2-premium-papier-din-cm-druckerpapier-unbedruckt-fuer-fotografie-praesentationenbasteln-scrapbooking-karton-made-in-germany\/\" \/>\n<meta property=\"og:site_name\" content=\"Markt-XXL\" \/>\n<meta property=\"article:modified_time\" content=\"2023-04-08T00:22:18+00:00\" \/>\n<meta property=\"og:image\" content=\"https:\/\/m.media-amazon.com\/images\/I\/51db5JzUbHS._SL500_.jpg\" \/>\n\t<meta property=\"og:image:width\" content=\"500\" \/>\n\t<meta property=\"og:image:height\" content=\"500\" \/>\n\t<meta property=\"og:image:type\" content=\"image\/jpeg\" \/>\n<meta name=\"twitter:card\" content=\"summary_large_image\" \/>\n<meta name=\"twitter:label1\" content=\"Gesch\u00e4tzte Lesezeit\" \/>\n\t<meta name=\"twitter:data1\" content=\"1\u00a0Minute\" \/>\n<script type=\"application\/ld+json\" class=\"yoast-schema-graph\">{\"@context\":\"https:\\\/\\\/schema.org\",\"@graph\":[{\"@type\":\"WebPage\",\"@id\":\"https:\\\/\\\/marktxxl.de\\\/markt\\\/produkt\\\/fotokarton-bastelkarton-300-g-m%c2%b2-premium-papier-din-cm-druckerpapier-unbedruckt-fuer-fotografie-praesentationenbasteln-scrapbooking-karton-made-in-germany\\\/\",\"url\":\"https:\\\/\\\/marktxxl.de\\\/markt\\\/produkt\\\/fotokarton-bastelkarton-300-g-m%c2%b2-premium-papier-din-cm-druckerpapier-unbedruckt-fuer-fotografie-praesentationenbasteln-scrapbooking-karton-made-in-germany\\\/\",\"name\":\"30 Blatt BUNTES PAPIER Karton DIN A3-300g\\\/m\u00b2 Fotokarton Set 10 Farben - Bastelpapier &amp; Farbige Bl\u00e4tter Pappe, Kinder\u2026 - Markt-XXL\",\"isPartOf\":{\"@id\":\"https:\\\/\\\/marktxxl.de\\\/markt\\\/#website\"},\"primaryImageOfPage\":{\"@id\":\"https:\\\/\\\/marktxxl.de\\\/markt\\\/produkt\\\/fotokarton-bastelkarton-300-g-m%c2%b2-premium-papier-din-cm-druckerpapier-unbedruckt-fuer-fotografie-praesentationenbasteln-scrapbooking-karton-made-in-germany\\\/#primaryimage\"},\"image\":{\"@id\":\"https:\\\/\\\/marktxxl.de\\\/markt\\\/produkt\\\/fotokarton-bastelkarton-300-g-m%c2%b2-premium-papier-din-cm-druckerpapier-unbedruckt-fuer-fotografie-praesentationenbasteln-scrapbooking-karton-made-in-germany\\\/#primaryimage\"},\"thumbnailUrl\":\"https:\\\/\\\/m.media-amazon.com\\\/images\\\/I\\\/51db5JzUbHS._SL500_.jpg\",\"datePublished\":\"2021-11-25T14:51:54+00:00\",\"dateModified\":\"2023-04-08T00:22:18+00:00\",\"description\":\"Markt-XXL 30 Blatt BUNTES PAPIER Karton DIN A3-300g\\\/m\u00b2 Fotokarton Set 10 Farben - Bastelpapier &amp; Farbige Bl\u00e4tter Pappe, Kinder\u2026\",\"breadcrumb\":{\"@id\":\"https:\\\/\\\/marktxxl.de\\\/markt\\\/produkt\\\/fotokarton-bastelkarton-300-g-m%c2%b2-premium-papier-din-cm-druckerpapier-unbedruckt-fuer-fotografie-praesentationenbasteln-scrapbooking-karton-made-in-germany\\\/#breadcrumb\"},\"inLanguage\":\"de\",\"potentialAction\":[{\"@type\":\"ReadAction\",\"target\":[\"https:\\\/\\\/marktxxl.de\\\/markt\\\/produkt\\\/fotokarton-bastelkarton-300-g-m%c2%b2-premium-papier-din-cm-druckerpapier-unbedruckt-fuer-fotografie-praesentationenbasteln-scrapbooking-karton-made-in-germany\\\/\"]}]},{\"@type\":\"ImageObject\",\"inLanguage\":\"de\",\"@id\":\"https:\\\/\\\/marktxxl.de\\\/markt\\\/produkt\\\/fotokarton-bastelkarton-300-g-m%c2%b2-premium-papier-din-cm-druckerpapier-unbedruckt-fuer-fotografie-praesentationenbasteln-scrapbooking-karton-made-in-germany\\\/#primaryimage\",\"url\":\"https:\\\/\\\/m.media-amazon.com\\\/images\\\/I\\\/51db5JzUbHS._SL500_.jpg\",\"contentUrl\":\"https:\\\/\\\/m.media-amazon.com\\\/images\\\/I\\\/51db5JzUbHS._SL500_.jpg\",\"width\":500,\"height\":500},{\"@type\":\"BreadcrumbList\",\"@id\":\"https:\\\/\\\/marktxxl.de\\\/markt\\\/produkt\\\/fotokarton-bastelkarton-300-g-m%c2%b2-premium-papier-din-cm-druckerpapier-unbedruckt-fuer-fotografie-praesentationenbasteln-scrapbooking-karton-made-in-germany\\\/#breadcrumb\",\"itemListElement\":[{\"@type\":\"ListItem\",\"position\":1,\"name\":\"Startseite\",\"item\":\"https:\\\/\\\/marktxxl.de\\\/markt\\\/\"},{\"@type\":\"ListItem\",\"position\":2,\"name\":\"Markt\",\"item\":\"https:\\\/\\\/marktxxl.de\\\/markt\\\/\"},{\"@type\":\"ListItem\",\"position\":3,\"name\":\"30 Blatt BUNTES PAPIER Karton DIN A3-300g\\\/m\u00b2 Fotokarton Set 10 Farben &#8211; Bastelpapier &amp; Farbige Bl\u00e4tter Pappe, Kinder\u2026\"}]},{\"@type\":\"WebSite\",\"@id\":\"https:\\\/\\\/marktxxl.de\\\/markt\\\/#website\",\"url\":\"https:\\\/\\\/marktxxl.de\\\/markt\\\/\",\"name\":\"Markt-XXL\",\"description\":\"Ihr Markt Online\",\"publisher\":{\"@id\":\"https:\\\/\\\/marktxxl.de\\\/markt\\\/#organization\"},\"potentialAction\":[{\"@type\":\"SearchAction\",\"target\":{\"@type\":\"EntryPoint\",\"urlTemplate\":\"https:\\\/\\\/marktxxl.de\\\/markt\\\/?s={search_term_string}\"},\"query-input\":{\"@type\":\"PropertyValueSpecification\",\"valueRequired\":true,\"valueName\":\"search_term_string\"}}],\"inLanguage\":\"de\"},{\"@type\":\"Organization\",\"@id\":\"https:\\\/\\\/marktxxl.de\\\/markt\\\/#organization\",\"name\":\"Markt-XXL\",\"url\":\"https:\\\/\\\/marktxxl.de\\\/markt\\\/\",\"logo\":{\"@type\":\"ImageObject\",\"inLanguage\":\"de\",\"@id\":\"https:\\\/\\\/marktxxl.de\\\/markt\\\/#\\\/schema\\\/logo\\\/image\\\/\",\"url\":\"https:\\\/\\\/marktxxl.de\\\/markt\\\/wp-content\\\/uploads\\\/sites\\\/3\\\/2020\\\/12\\\/logo.png\",\"contentUrl\":\"https:\\\/\\\/marktxxl.de\\\/markt\\\/wp-content\\\/uploads\\\/sites\\\/3\\\/2020\\\/12\\\/logo.png\",\"width\":200,\"height\":70,\"caption\":\"Markt-XXL\"},\"image\":{\"@id\":\"https:\\\/\\\/marktxxl.de\\\/markt\\\/#\\\/schema\\\/logo\\\/image\\\/\"}}]}<\/script>\n<!-- \/ Yoast SEO plugin. -->","yoast_head_json":{"title":"30 Blatt BUNTES PAPIER Karton DIN A3-300g\/m\u00b2 Fotokarton Set 10 Farben - Bastelpapier &amp; Farbige Bl\u00e4tter Pappe, Kinder\u2026 - Markt-XXL","description":"Markt-XXL 30 Blatt BUNTES PAPIER Karton DIN A3-300g\/m\u00b2 Fotokarton Set 10 Farben - Bastelpapier &amp; Farbige Bl\u00e4tter Pappe, Kinder\u2026","robots":{"index":"index","follow":"follow","max-snippet":"max-snippet:-1","max-image-preview":"max-image-preview:large","max-video-preview":"max-video-preview:-1"},"canonical":"https:\/\/marktxxl.de\/markt\/produkt\/fotokarton-bastelkarton-300-g-m\u00b2-premium-papier-din-cm-druckerpapier-unbedruckt-fuer-fotografie-praesentationenbasteln-scrapbooking-karton-made-in-germany\/","og_locale":"de_DE","og_type":"article","og_title":"30 Blatt BUNTES PAPIER Karton DIN A3-300g\/m\u00b2 Fotokarton Set 10 Farben - Bastelpapier &amp; Farbige Bl\u00e4tter Pappe, Kinder\u2026 - Markt-XXL","og_description":"Markt-XXL 30 Blatt BUNTES PAPIER Karton DIN A3-300g\/m\u00b2 Fotokarton Set 10 Farben - Bastelpapier &amp; Farbige Bl\u00e4tter Pappe, Kinder\u2026","og_url":"https:\/\/marktxxl.de\/markt\/produkt\/fotokarton-bastelkarton-300-g-m\u00b2-premium-papier-din-cm-druckerpapier-unbedruckt-fuer-fotografie-praesentationenbasteln-scrapbooking-karton-made-in-germany\/","og_site_name":"Markt-XXL","article_modified_time":"2023-04-08T00:22:18+00:00","og_image":[{"width":500,"height":500,"url":"https:\/\/m.media-amazon.com\/images\/I\/51db5JzUbHS._SL500_.jpg","type":"image\/jpeg"}],"twitter_card":"summary_large_image","twitter_misc":{"Gesch\u00e4tzte Lesezeit":"1\u00a0Minute"},"schema":{"@context":"https:\/\/schema.org","@graph":[{"@type":"WebPage","@id":"https:\/\/marktxxl.de\/markt\/produkt\/fotokarton-bastelkarton-300-g-m%c2%b2-premium-papier-din-cm-druckerpapier-unbedruckt-fuer-fotografie-praesentationenbasteln-scrapbooking-karton-made-in-germany\/","url":"https:\/\/marktxxl.de\/markt\/produkt\/fotokarton-bastelkarton-300-g-m%c2%b2-premium-papier-din-cm-druckerpapier-unbedruckt-fuer-fotografie-praesentationenbasteln-scrapbooking-karton-made-in-germany\/","name":"30 Blatt BUNTES PAPIER Karton DIN A3-300g\/m\u00b2 Fotokarton Set 10 Farben - Bastelpapier &amp; Farbige Bl\u00e4tter Pappe, Kinder\u2026 - Markt-XXL","isPartOf":{"@id":"https:\/\/marktxxl.de\/markt\/#website"},"primaryImageOfPage":{"@id":"https:\/\/marktxxl.de\/markt\/produkt\/fotokarton-bastelkarton-300-g-m%c2%b2-premium-papier-din-cm-druckerpapier-unbedruckt-fuer-fotografie-praesentationenbasteln-scrapbooking-karton-made-in-germany\/#primaryimage"},"image":{"@id":"https:\/\/marktxxl.de\/markt\/produkt\/fotokarton-bastelkarton-300-g-m%c2%b2-premium-papier-din-cm-druckerpapier-unbedruckt-fuer-fotografie-praesentationenbasteln-scrapbooking-karton-made-in-germany\/#primaryimage"},"thumbnailUrl":"https:\/\/m.media-amazon.com\/images\/I\/51db5JzUbHS._SL500_.jpg","datePublished":"2021-11-25T14:51:54+00:00","dateModified":"2023-04-08T00:22:18+00:00","description":"Markt-XXL 30 Blatt BUNTES PAPIER Karton DIN A3-300g\/m\u00b2 Fotokarton Set 10 Farben - Bastelpapier &amp; Farbige Bl\u00e4tter Pappe, Kinder\u2026","breadcrumb":{"@id":"https:\/\/marktxxl.de\/markt\/produkt\/fotokarton-bastelkarton-300-g-m%c2%b2-premium-papier-din-cm-druckerpapier-unbedruckt-fuer-fotografie-praesentationenbasteln-scrapbooking-karton-made-in-germany\/#breadcrumb"},"inLanguage":"de","potentialAction":[{"@type":"ReadAction","target":["https:\/\/marktxxl.de\/markt\/produkt\/fotokarton-bastelkarton-300-g-m%c2%b2-premium-papier-din-cm-druckerpapier-unbedruckt-fuer-fotografie-praesentationenbasteln-scrapbooking-karton-made-in-germany\/"]}]},{"@type":"ImageObject","inLanguage":"de","@id":"https:\/\/marktxxl.de\/markt\/produkt\/fotokarton-bastelkarton-300-g-m%c2%b2-premium-papier-din-cm-druckerpapier-unbedruckt-fuer-fotografie-praesentationenbasteln-scrapbooking-karton-made-in-germany\/#primaryimage","url":"https:\/\/m.media-amazon.com\/images\/I\/51db5JzUbHS._SL500_.jpg","contentUrl":"https:\/\/m.media-amazon.com\/images\/I\/51db5JzUbHS._SL500_.jpg","width":500,"height":500},{"@type":"BreadcrumbList","@id":"https:\/\/marktxxl.de\/markt\/produkt\/fotokarton-bastelkarton-300-g-m%c2%b2-premium-papier-din-cm-druckerpapier-unbedruckt-fuer-fotografie-praesentationenbasteln-scrapbooking-karton-made-in-germany\/#breadcrumb","itemListElement":[{"@type":"ListItem","position":1,"name":"Startseite","item":"https:\/\/marktxxl.de\/markt\/"},{"@type":"ListItem","position":2,"name":"Markt","item":"https:\/\/marktxxl.de\/markt\/"},{"@type":"ListItem","position":3,"name":"30 Blatt BUNTES PAPIER Karton DIN A3-300g\/m\u00b2 Fotokarton Set 10 Farben &#8211; Bastelpapier &amp; Farbige Bl\u00e4tter Pappe, Kinder\u2026"}]},{"@type":"WebSite","@id":"https:\/\/marktxxl.de\/markt\/#website","url":"https:\/\/marktxxl.de\/markt\/","name":"Markt-XXL","description":"Ihr Markt Online","publisher":{"@id":"https:\/\/marktxxl.de\/markt\/#organization"},"potentialAction":[{"@type":"SearchAction","target":{"@type":"EntryPoint","urlTemplate":"https:\/\/marktxxl.de\/markt\/?s={search_term_string}"},"query-input":{"@type":"PropertyValueSpecification","valueRequired":true,"valueName":"search_term_string"}}],"inLanguage":"de"},{"@type":"Organization","@id":"https:\/\/marktxxl.de\/markt\/#organization","name":"Markt-XXL","url":"https:\/\/marktxxl.de\/markt\/","logo":{"@type":"ImageObject","inLanguage":"de","@id":"https:\/\/marktxxl.de\/markt\/#\/schema\/logo\/image\/","url":"https:\/\/marktxxl.de\/markt\/wp-content\/uploads\/sites\/3\/2020\/12\/logo.png","contentUrl":"https:\/\/marktxxl.de\/markt\/wp-content\/uploads\/sites\/3\/2020\/12\/logo.png","width":200,"height":70,"caption":"Markt-XXL"},"image":{"@id":"https:\/\/marktxxl.de\/markt\/#\/schema\/logo\/image\/"}}]}},"_links":{"self":[{"href":"https:\/\/marktxxl.de\/markt\/wp-json\/wp\/v2\/product\/78211","targetHints":{"allow":["GET"]}}],"collection":[{"href":"https:\/\/marktxxl.de\/markt\/wp-json\/wp\/v2\/product"}],"about":[{"href":"https:\/\/marktxxl.de\/markt\/wp-json\/wp\/v2\/types\/product"}],"replies":[{"embeddable":true,"href":"https:\/\/marktxxl.de\/markt\/wp-json\/wp\/v2\/comments?post=78211"}],"wp:featuredmedia":[{"embeddable":true,"href":"https:\/\/marktxxl.de\/markt\/wp-json\/wp\/v2\/media\/78212"}],"wp:attachment":[{"href":"https:\/\/marktxxl.de\/markt\/wp-json\/wp\/v2\/media?parent=78211"}],"wp:term":[{"taxonomy":"product_brand","embeddable":true,"href":"https:\/\/marktxxl.de\/markt\/wp-json\/wp\/v2\/product_brand?post=78211"},{"taxonomy":"product_cat","embeddable":true,"href":"https:\/\/marktxxl.de\/markt\/wp-json\/wp\/v2\/product_cat?post=78211"},{"taxonomy":"product_tag","embeddable":true,"href":"https:\/\/marktxxl.de\/markt\/wp-json\/wp\/v2\/product_tag?post=78211"}],"curies":[{"name":"wp","href":"https:\/\/api.w.org\/{rel}","templated":true}]}}