{"id":78158,"date":"2021-11-25T15:49:04","date_gmt":"2021-11-25T14:49:04","guid":{"rendered":"https:\/\/marktxxl.de\/markt\/produkt\/cricut-easypress-matte\/"},"modified":"2023-04-10T02:43:22","modified_gmt":"2023-04-10T00:43:22","slug":"cricut-easypress-matte","status":"publish","type":"product","link":"https:\/\/marktxxl.de\/markt\/produkt\/cricut-easypress-matte\/","title":{"rendered":"Cricut 549049 8 x 10 Easy Press Mat, Eisen, Grau, 8&#8243;x10&#8243;"},"content":{"rendered":"<p>Entwickelt, um mit Circuit Easy Press f\u00fcr einwandfreie B\u00fcgelbilder zu arbeiten<br \/>\nDie innovative Konstruktion eliminiert Feuchtigkeit und leitet die W\u00e4rme an Ihr B\u00fcgeldesign ab<br \/>\nSch\u00fctzt die Arbeitsfl\u00e4che vor sch\u00e4dlicher Hitze und Feuchtigkeit<br \/>\nAuch perfekt f\u00fcr N\u00e4hprojekte<br \/>\nMa\u00dfe: 12. 2,5 cm L x 0. 15,2 cm x 30,5 cm. H\u00f6he: 0 cm<br \/>\nDise\u00f1ado para trabajar con Circuit Easy Press para transferencias de planchado impecables.<br \/>\nSu Construcci\u00f3n innovadora elimina la humedad y dirige el calor a tu dise\u00f1o de planchado.<br \/>\nProtege tu superficie de trabajo de da\u00f1os por calor y humedad.<br \/>\nTambi\u00e9n perfecto para proyectos de costura de prensado.<br \/>\nMa\u00dfe des Produkts: 12. 0 Pulgadas de largo x 0 6 Pulgadas de ancho x 12 Pulgadas 0 pulgadas de alto<br \/>\n<div class=\"main-cross-sell\" data-asin=\"B07H9MLFCK\">\n\n\t<div class=\"WooZone-cross-sell-loader\">\n\t\t<div>\n\t\t\t<div id=\"floatingBarsG\">\n\t\t\t\t<div class=\"blockG\" id=\"rotateG_01\"><\/div>\n\t\t\t\t<div class=\"blockG\" id=\"rotateG_02\"><\/div>\n\t\t\t\t<div class=\"blockG\" id=\"rotateG_03\"><\/div>\n\t\t\t\t<div class=\"blockG\" id=\"rotateG_04\"><\/div>\n\t\t\t\t<div class=\"blockG\" id=\"rotateG_05\"><\/div>\n\t\t\t\t<div class=\"blockG\" id=\"rotateG_06\"><\/div>\n\t\t\t\t<div class=\"blockG\" id=\"rotateG_07\"><\/div>\n\t\t\t\t<div class=\"blockG\" id=\"rotateG_08\"><\/div>\n\t\t\t<\/div>\n\t\t\t<div class=\"WooZone-cross-sell-loader-text\"><\/div>\n\t\t<\/div>\n\t<\/div>\n\n\t\t\n<\/div>\n<div style=\"clear:both;\"><\/div><\/p>\n","protected":false},"excerpt":{"rendered":"<p>Entwickelt, um mit Circuit Easy Press f\u00fcr einwandfreie B\u00fcgelbilder zu arbeiten<br \/>\nDie innovative Konstruktion eliminiert Feuchtigkeit und leitet die W\u00e4rme an Ihr B\u00fcgeldesign ab<br \/>\nSch\u00fctzt die Arbeitsfl\u00e4che vor sch\u00e4dlicher Hitze und Feuchtigkeit<\/p>\n","protected":false},"featured_media":78159,"comment_status":"open","ping_status":"closed","template":"","meta":[],"product_brand":[],"product_cat":[504,8482],"product_tag":[],"class_list":{"0":"post-78158","1":"product","2":"type-product","3":"status-publish","4":"has-post-thumbnail","6":"product_cat-buerobedarf-schreibwaren","7":"product_cat-kuenstler-bastelbedarf","8":"pa_binding-haushaltswaren","9":"pa_brand-cricut","10":"pa_manufacturer-cricut","12":"first","13":"instock","14":"shipping-taxable","15":"purchasable","16":"product-type-simple","17":"customify-col","18":"product-has-gallery"},"yoast_head":"<!-- This site is optimized with the Yoast SEO plugin v27.4 - https:\/\/yoast.com\/product\/yoast-seo-wordpress\/ -->\n<title>Cricut 549049 8 x 10 Easy Press Mat, Eisen, Grau, 8&quot;x10&quot; - Markt-XXL<\/title>\n<meta name=\"description\" content=\"Markt-XXL Cricut 549049 8 x 10 Easy Press Mat, Eisen, Grau, 8&quot;x10&quot;\" \/>\n<meta name=\"robots\" content=\"index, follow, max-snippet:-1, max-image-preview:large, max-video-preview:-1\" \/>\n<link rel=\"canonical\" href=\"https:\/\/marktxxl.de\/markt\/produkt\/cricut-easypress-matte\/\" \/>\n<meta property=\"og:locale\" content=\"de_DE\" \/>\n<meta property=\"og:type\" content=\"article\" \/>\n<meta property=\"og:title\" content=\"Cricut 549049 8 x 10 Easy Press Mat, Eisen, Grau, 8&quot;x10&quot; - Markt-XXL\" \/>\n<meta property=\"og:description\" content=\"Markt-XXL Cricut 549049 8 x 10 Easy Press Mat, Eisen, Grau, 8&quot;x10&quot;\" \/>\n<meta property=\"og:url\" content=\"https:\/\/marktxxl.de\/markt\/produkt\/cricut-easypress-matte\/\" \/>\n<meta property=\"og:site_name\" content=\"Markt-XXL\" \/>\n<meta property=\"article:modified_time\" content=\"2023-04-10T00:43:22+00:00\" \/>\n<meta property=\"og:image\" content=\"https:\/\/m.media-amazon.com\/images\/I\/31rahDQ5-7L._SL500_.jpg\" \/>\n\t<meta property=\"og:image:width\" content=\"500\" \/>\n\t<meta property=\"og:image:height\" content=\"333\" \/>\n\t<meta property=\"og:image:type\" content=\"image\/jpeg\" \/>\n<meta name=\"twitter:card\" content=\"summary_large_image\" \/>\n<meta name=\"twitter:label1\" content=\"Gesch\u00e4tzte Lesezeit\" \/>\n\t<meta name=\"twitter:data1\" content=\"1\u00a0Minute\" \/>\n<script type=\"application\/ld+json\" class=\"yoast-schema-graph\">{\"@context\":\"https:\\\/\\\/schema.org\",\"@graph\":[{\"@type\":\"WebPage\",\"@id\":\"https:\\\/\\\/marktxxl.de\\\/markt\\\/produkt\\\/cricut-easypress-matte\\\/\",\"url\":\"https:\\\/\\\/marktxxl.de\\\/markt\\\/produkt\\\/cricut-easypress-matte\\\/\",\"name\":\"Cricut 549049 8 x 10 Easy Press Mat, Eisen, Grau, 8\\\"x10\\\" - Markt-XXL\",\"isPartOf\":{\"@id\":\"https:\\\/\\\/marktxxl.de\\\/markt\\\/#website\"},\"primaryImageOfPage\":{\"@id\":\"https:\\\/\\\/marktxxl.de\\\/markt\\\/produkt\\\/cricut-easypress-matte\\\/#primaryimage\"},\"image\":{\"@id\":\"https:\\\/\\\/marktxxl.de\\\/markt\\\/produkt\\\/cricut-easypress-matte\\\/#primaryimage\"},\"thumbnailUrl\":\"https:\\\/\\\/m.media-amazon.com\\\/images\\\/I\\\/31rahDQ5-7L._SL500_.jpg\",\"datePublished\":\"2021-11-25T14:49:04+00:00\",\"dateModified\":\"2023-04-10T00:43:22+00:00\",\"description\":\"Markt-XXL Cricut 549049 8 x 10 Easy Press Mat, Eisen, Grau, 8\\\"x10\\\"\",\"breadcrumb\":{\"@id\":\"https:\\\/\\\/marktxxl.de\\\/markt\\\/produkt\\\/cricut-easypress-matte\\\/#breadcrumb\"},\"inLanguage\":\"de\",\"potentialAction\":[{\"@type\":\"ReadAction\",\"target\":[\"https:\\\/\\\/marktxxl.de\\\/markt\\\/produkt\\\/cricut-easypress-matte\\\/\"]}]},{\"@type\":\"ImageObject\",\"inLanguage\":\"de\",\"@id\":\"https:\\\/\\\/marktxxl.de\\\/markt\\\/produkt\\\/cricut-easypress-matte\\\/#primaryimage\",\"url\":\"https:\\\/\\\/m.media-amazon.com\\\/images\\\/I\\\/31rahDQ5-7L._SL500_.jpg\",\"contentUrl\":\"https:\\\/\\\/m.media-amazon.com\\\/images\\\/I\\\/31rahDQ5-7L._SL500_.jpg\",\"width\":500,\"height\":333},{\"@type\":\"BreadcrumbList\",\"@id\":\"https:\\\/\\\/marktxxl.de\\\/markt\\\/produkt\\\/cricut-easypress-matte\\\/#breadcrumb\",\"itemListElement\":[{\"@type\":\"ListItem\",\"position\":1,\"name\":\"Startseite\",\"item\":\"https:\\\/\\\/marktxxl.de\\\/markt\\\/\"},{\"@type\":\"ListItem\",\"position\":2,\"name\":\"Markt\",\"item\":\"https:\\\/\\\/marktxxl.de\\\/markt\\\/\"},{\"@type\":\"ListItem\",\"position\":3,\"name\":\"Cricut 549049 8 x 10 Easy Press Mat, Eisen, Grau, 8&#8243;x10&#8243;\"}]},{\"@type\":\"WebSite\",\"@id\":\"https:\\\/\\\/marktxxl.de\\\/markt\\\/#website\",\"url\":\"https:\\\/\\\/marktxxl.de\\\/markt\\\/\",\"name\":\"Markt-XXL\",\"description\":\"Ihr Markt Online\",\"publisher\":{\"@id\":\"https:\\\/\\\/marktxxl.de\\\/markt\\\/#organization\"},\"potentialAction\":[{\"@type\":\"SearchAction\",\"target\":{\"@type\":\"EntryPoint\",\"urlTemplate\":\"https:\\\/\\\/marktxxl.de\\\/markt\\\/?s={search_term_string}\"},\"query-input\":{\"@type\":\"PropertyValueSpecification\",\"valueRequired\":true,\"valueName\":\"search_term_string\"}}],\"inLanguage\":\"de\"},{\"@type\":\"Organization\",\"@id\":\"https:\\\/\\\/marktxxl.de\\\/markt\\\/#organization\",\"name\":\"Markt-XXL\",\"url\":\"https:\\\/\\\/marktxxl.de\\\/markt\\\/\",\"logo\":{\"@type\":\"ImageObject\",\"inLanguage\":\"de\",\"@id\":\"https:\\\/\\\/marktxxl.de\\\/markt\\\/#\\\/schema\\\/logo\\\/image\\\/\",\"url\":\"https:\\\/\\\/marktxxl.de\\\/markt\\\/wp-content\\\/uploads\\\/sites\\\/3\\\/2020\\\/12\\\/logo.png\",\"contentUrl\":\"https:\\\/\\\/marktxxl.de\\\/markt\\\/wp-content\\\/uploads\\\/sites\\\/3\\\/2020\\\/12\\\/logo.png\",\"width\":200,\"height\":70,\"caption\":\"Markt-XXL\"},\"image\":{\"@id\":\"https:\\\/\\\/marktxxl.de\\\/markt\\\/#\\\/schema\\\/logo\\\/image\\\/\"}}]}<\/script>\n<!-- \/ Yoast SEO plugin. -->","yoast_head_json":{"title":"Cricut 549049 8 x 10 Easy Press Mat, Eisen, Grau, 8\"x10\" - Markt-XXL","description":"Markt-XXL Cricut 549049 8 x 10 Easy Press Mat, Eisen, Grau, 8\"x10\"","robots":{"index":"index","follow":"follow","max-snippet":"max-snippet:-1","max-image-preview":"max-image-preview:large","max-video-preview":"max-video-preview:-1"},"canonical":"https:\/\/marktxxl.de\/markt\/produkt\/cricut-easypress-matte\/","og_locale":"de_DE","og_type":"article","og_title":"Cricut 549049 8 x 10 Easy Press Mat, Eisen, Grau, 8\"x10\" - Markt-XXL","og_description":"Markt-XXL Cricut 549049 8 x 10 Easy Press Mat, Eisen, Grau, 8\"x10\"","og_url":"https:\/\/marktxxl.de\/markt\/produkt\/cricut-easypress-matte\/","og_site_name":"Markt-XXL","article_modified_time":"2023-04-10T00:43:22+00:00","og_image":[{"width":500,"height":333,"url":"https:\/\/m.media-amazon.com\/images\/I\/31rahDQ5-7L._SL500_.jpg","type":"image\/jpeg"}],"twitter_card":"summary_large_image","twitter_misc":{"Gesch\u00e4tzte Lesezeit":"1\u00a0Minute"},"schema":{"@context":"https:\/\/schema.org","@graph":[{"@type":"WebPage","@id":"https:\/\/marktxxl.de\/markt\/produkt\/cricut-easypress-matte\/","url":"https:\/\/marktxxl.de\/markt\/produkt\/cricut-easypress-matte\/","name":"Cricut 549049 8 x 10 Easy Press Mat, Eisen, Grau, 8\"x10\" - Markt-XXL","isPartOf":{"@id":"https:\/\/marktxxl.de\/markt\/#website"},"primaryImageOfPage":{"@id":"https:\/\/marktxxl.de\/markt\/produkt\/cricut-easypress-matte\/#primaryimage"},"image":{"@id":"https:\/\/marktxxl.de\/markt\/produkt\/cricut-easypress-matte\/#primaryimage"},"thumbnailUrl":"https:\/\/m.media-amazon.com\/images\/I\/31rahDQ5-7L._SL500_.jpg","datePublished":"2021-11-25T14:49:04+00:00","dateModified":"2023-04-10T00:43:22+00:00","description":"Markt-XXL Cricut 549049 8 x 10 Easy Press Mat, Eisen, Grau, 8\"x10\"","breadcrumb":{"@id":"https:\/\/marktxxl.de\/markt\/produkt\/cricut-easypress-matte\/#breadcrumb"},"inLanguage":"de","potentialAction":[{"@type":"ReadAction","target":["https:\/\/marktxxl.de\/markt\/produkt\/cricut-easypress-matte\/"]}]},{"@type":"ImageObject","inLanguage":"de","@id":"https:\/\/marktxxl.de\/markt\/produkt\/cricut-easypress-matte\/#primaryimage","url":"https:\/\/m.media-amazon.com\/images\/I\/31rahDQ5-7L._SL500_.jpg","contentUrl":"https:\/\/m.media-amazon.com\/images\/I\/31rahDQ5-7L._SL500_.jpg","width":500,"height":333},{"@type":"BreadcrumbList","@id":"https:\/\/marktxxl.de\/markt\/produkt\/cricut-easypress-matte\/#breadcrumb","itemListElement":[{"@type":"ListItem","position":1,"name":"Startseite","item":"https:\/\/marktxxl.de\/markt\/"},{"@type":"ListItem","position":2,"name":"Markt","item":"https:\/\/marktxxl.de\/markt\/"},{"@type":"ListItem","position":3,"name":"Cricut 549049 8 x 10 Easy Press Mat, Eisen, Grau, 8&#8243;x10&#8243;"}]},{"@type":"WebSite","@id":"https:\/\/marktxxl.de\/markt\/#website","url":"https:\/\/marktxxl.de\/markt\/","name":"Markt-XXL","description":"Ihr Markt Online","publisher":{"@id":"https:\/\/marktxxl.de\/markt\/#organization"},"potentialAction":[{"@type":"SearchAction","target":{"@type":"EntryPoint","urlTemplate":"https:\/\/marktxxl.de\/markt\/?s={search_term_string}"},"query-input":{"@type":"PropertyValueSpecification","valueRequired":true,"valueName":"search_term_string"}}],"inLanguage":"de"},{"@type":"Organization","@id":"https:\/\/marktxxl.de\/markt\/#organization","name":"Markt-XXL","url":"https:\/\/marktxxl.de\/markt\/","logo":{"@type":"ImageObject","inLanguage":"de","@id":"https:\/\/marktxxl.de\/markt\/#\/schema\/logo\/image\/","url":"https:\/\/marktxxl.de\/markt\/wp-content\/uploads\/sites\/3\/2020\/12\/logo.png","contentUrl":"https:\/\/marktxxl.de\/markt\/wp-content\/uploads\/sites\/3\/2020\/12\/logo.png","width":200,"height":70,"caption":"Markt-XXL"},"image":{"@id":"https:\/\/marktxxl.de\/markt\/#\/schema\/logo\/image\/"}}]}},"_links":{"self":[{"href":"https:\/\/marktxxl.de\/markt\/wp-json\/wp\/v2\/product\/78158","targetHints":{"allow":["GET"]}}],"collection":[{"href":"https:\/\/marktxxl.de\/markt\/wp-json\/wp\/v2\/product"}],"about":[{"href":"https:\/\/marktxxl.de\/markt\/wp-json\/wp\/v2\/types\/product"}],"replies":[{"embeddable":true,"href":"https:\/\/marktxxl.de\/markt\/wp-json\/wp\/v2\/comments?post=78158"}],"wp:featuredmedia":[{"embeddable":true,"href":"https:\/\/marktxxl.de\/markt\/wp-json\/wp\/v2\/media\/78159"}],"wp:attachment":[{"href":"https:\/\/marktxxl.de\/markt\/wp-json\/wp\/v2\/media?parent=78158"}],"wp:term":[{"taxonomy":"product_brand","embeddable":true,"href":"https:\/\/marktxxl.de\/markt\/wp-json\/wp\/v2\/product_brand?post=78158"},{"taxonomy":"product_cat","embeddable":true,"href":"https:\/\/marktxxl.de\/markt\/wp-json\/wp\/v2\/product_cat?post=78158"},{"taxonomy":"product_tag","embeddable":true,"href":"https:\/\/marktxxl.de\/markt\/wp-json\/wp\/v2\/product_tag?post=78158"}],"curies":[{"name":"wp","href":"https:\/\/api.w.org\/{rel}","templated":true}]}}