{"id":78117,"date":"2021-11-25T15:48:40","date_gmt":"2021-11-25T14:48:40","guid":{"rendered":"https:\/\/marktxxl.de\/markt\/produkt\/horn-medical-dosierpumpe-mit-sterillium-virugard-haendedesinfektionsmittel\/"},"modified":"2023-04-10T02:43:21","modified_gmt":"2023-04-10T00:43:21","slug":"horn-medical-dosierpumpe-mit-sterillium-virugard-haendedesinfektionsmittel","status":"publish","type":"product","link":"https:\/\/marktxxl.de\/markt\/produkt\/horn-medical-dosierpumpe-mit-sterillium-virugard-haendedesinfektionsmittel\/","title":{"rendered":"Horn Medical Dosierpumpen (4 St\u00fcck) mit Sterillium Virugard H\u00e4ndedesinfektionsmittel (4 x 500 ml)"},"content":{"rendered":"<p>Zur besonders wirksamen und hygienischen H\u00e4ndedesinfektion \u00fcberall einsatzf\u00e4hig: Zuhause, am Arbeitsplatz, auf Reisen, in \u00d6ffentlichen Einrichtungen\u2026<br \/>\nOhne Farb- und Parf\u00fcmstoffe, hautvertr\u00e4glich auch bei Langzeitanwendung, daher auch im Praxisbereich, der Pflege und Kliniken vielfach eingesetzt<br \/>\nDank mitgelieferter praktischer Horn-Dosierpumpe(n) direkt gebrauchsfertig und einsatzbereit<br \/>\nWirkt zuverl\u00e4sslich und sofort gegen beh\u00fcllte und unbeh\u00fcllte Viren, ideal auch f\u00fcr die Inaktivierung von Noroviren, Enteroviren und Papillomaviren<br \/>\nZur hygienischen und chirurgischen H\u00e4ndedesinfektion zum Einreiben &#8211; unabh\u00e4ngig von Waschbecken und Wasser.<br \/>\n<div class=\"main-cross-sell\" data-asin=\"B08FBJHSHK\">\n\n\t<div class=\"WooZone-cross-sell-loader\">\n\t\t<div>\n\t\t\t<div id=\"floatingBarsG\">\n\t\t\t\t<div class=\"blockG\" id=\"rotateG_01\"><\/div>\n\t\t\t\t<div class=\"blockG\" id=\"rotateG_02\"><\/div>\n\t\t\t\t<div class=\"blockG\" id=\"rotateG_03\"><\/div>\n\t\t\t\t<div class=\"blockG\" id=\"rotateG_04\"><\/div>\n\t\t\t\t<div class=\"blockG\" id=\"rotateG_05\"><\/div>\n\t\t\t\t<div class=\"blockG\" id=\"rotateG_06\"><\/div>\n\t\t\t\t<div class=\"blockG\" id=\"rotateG_07\"><\/div>\n\t\t\t\t<div class=\"blockG\" id=\"rotateG_08\"><\/div>\n\t\t\t<\/div>\n\t\t\t<div class=\"WooZone-cross-sell-loader-text\"><\/div>\n\t\t<\/div>\n\t<\/div>\n\n\t\t\n<\/div>\n<div style=\"clear:both;\"><\/div><\/p>\n","protected":false},"excerpt":{"rendered":"<p>Zur besonders wirksamen und hygienischen H\u00e4ndedesinfektion \u00fcberall einsatzf\u00e4hig: Zuhause, am Arbeitsplatz, auf Reisen, in \u00d6ffentlichen Einrichtungen\u2026<br \/>\nOhne Farb- und Parf\u00fcmstoffe, hautvertr\u00e4glich auch bei Langzeitanwendung, daher auch im Praxisbereich, der Pflege und Kliniken vielfach eingesetzt<br \/>\nDank mitgelieferter praktischer Horn-Dosierpumpe(n) direkt gebrauchsfertig und einsatzbereit<\/p>\n","protected":false},"featured_media":78118,"comment_status":"open","ping_status":"closed","template":"","meta":[],"product_brand":[],"product_cat":[566,5846],"product_tag":[],"class_list":{"0":"post-78117","1":"product","2":"type-product","3":"status-publish","4":"has-post-thumbnail","6":"product_cat-drogerie-koerperpflege","7":"product_cat-medizin-erste-hilfe","8":"pa_binding-badartikel","9":"pa_brand-horn-medical","10":"pa_manufacturer-horn-medical-producing-trading-gmbh","12":"first","13":"instock","14":"shipping-taxable","15":"purchasable","16":"product-type-simple","17":"customify-col","18":"product-has-gallery"},"yoast_head":"<!-- This site is optimized with the Yoast SEO plugin v27.4 - https:\/\/yoast.com\/product\/yoast-seo-wordpress\/ -->\n<title>Horn Medical Dosierpumpen (4 St\u00fcck) mit Sterillium Virugard H\u00e4ndedesinfektionsmittel (4 x 500 ml) - Markt-XXL<\/title>\n<meta name=\"description\" content=\"Markt-XXL Horn Medical Dosierpumpen (4 St\u00fcck) mit Sterillium Virugard H\u00e4ndedesinfektionsmittel (4 x 500 ml)\" \/>\n<meta name=\"robots\" content=\"index, follow, max-snippet:-1, max-image-preview:large, max-video-preview:-1\" \/>\n<link rel=\"canonical\" href=\"https:\/\/marktxxl.de\/markt\/produkt\/horn-medical-dosierpumpe-mit-sterillium-virugard-haendedesinfektionsmittel\/\" \/>\n<meta property=\"og:locale\" content=\"de_DE\" \/>\n<meta property=\"og:type\" content=\"article\" \/>\n<meta property=\"og:title\" content=\"Horn Medical Dosierpumpen (4 St\u00fcck) mit Sterillium Virugard H\u00e4ndedesinfektionsmittel (4 x 500 ml) - Markt-XXL\" \/>\n<meta property=\"og:description\" content=\"Markt-XXL Horn Medical Dosierpumpen (4 St\u00fcck) mit Sterillium Virugard H\u00e4ndedesinfektionsmittel (4 x 500 ml)\" \/>\n<meta property=\"og:url\" content=\"https:\/\/marktxxl.de\/markt\/produkt\/horn-medical-dosierpumpe-mit-sterillium-virugard-haendedesinfektionsmittel\/\" \/>\n<meta property=\"og:site_name\" content=\"Markt-XXL\" \/>\n<meta property=\"article:modified_time\" content=\"2023-04-10T00:43:21+00:00\" \/>\n<meta property=\"og:image\" content=\"https:\/\/m.media-amazon.com\/images\/I\/31IfepddOkL._SL500_.jpg\" \/>\n\t<meta property=\"og:image:width\" content=\"500\" \/>\n\t<meta property=\"og:image:height\" content=\"214\" \/>\n\t<meta property=\"og:image:type\" content=\"image\/jpeg\" \/>\n<meta name=\"twitter:card\" content=\"summary_large_image\" \/>\n<script type=\"application\/ld+json\" class=\"yoast-schema-graph\">{\"@context\":\"https:\\\/\\\/schema.org\",\"@graph\":[{\"@type\":\"WebPage\",\"@id\":\"https:\\\/\\\/marktxxl.de\\\/markt\\\/produkt\\\/horn-medical-dosierpumpe-mit-sterillium-virugard-haendedesinfektionsmittel\\\/\",\"url\":\"https:\\\/\\\/marktxxl.de\\\/markt\\\/produkt\\\/horn-medical-dosierpumpe-mit-sterillium-virugard-haendedesinfektionsmittel\\\/\",\"name\":\"Horn Medical Dosierpumpen (4 St\u00fcck) mit Sterillium Virugard H\u00e4ndedesinfektionsmittel (4 x 500 ml) - Markt-XXL\",\"isPartOf\":{\"@id\":\"https:\\\/\\\/marktxxl.de\\\/markt\\\/#website\"},\"primaryImageOfPage\":{\"@id\":\"https:\\\/\\\/marktxxl.de\\\/markt\\\/produkt\\\/horn-medical-dosierpumpe-mit-sterillium-virugard-haendedesinfektionsmittel\\\/#primaryimage\"},\"image\":{\"@id\":\"https:\\\/\\\/marktxxl.de\\\/markt\\\/produkt\\\/horn-medical-dosierpumpe-mit-sterillium-virugard-haendedesinfektionsmittel\\\/#primaryimage\"},\"thumbnailUrl\":\"https:\\\/\\\/m.media-amazon.com\\\/images\\\/I\\\/31IfepddOkL._SL500_.jpg\",\"datePublished\":\"2021-11-25T14:48:40+00:00\",\"dateModified\":\"2023-04-10T00:43:21+00:00\",\"description\":\"Markt-XXL Horn Medical Dosierpumpen (4 St\u00fcck) mit Sterillium Virugard H\u00e4ndedesinfektionsmittel (4 x 500 ml)\",\"breadcrumb\":{\"@id\":\"https:\\\/\\\/marktxxl.de\\\/markt\\\/produkt\\\/horn-medical-dosierpumpe-mit-sterillium-virugard-haendedesinfektionsmittel\\\/#breadcrumb\"},\"inLanguage\":\"de\",\"potentialAction\":[{\"@type\":\"ReadAction\",\"target\":[\"https:\\\/\\\/marktxxl.de\\\/markt\\\/produkt\\\/horn-medical-dosierpumpe-mit-sterillium-virugard-haendedesinfektionsmittel\\\/\"]}]},{\"@type\":\"ImageObject\",\"inLanguage\":\"de\",\"@id\":\"https:\\\/\\\/marktxxl.de\\\/markt\\\/produkt\\\/horn-medical-dosierpumpe-mit-sterillium-virugard-haendedesinfektionsmittel\\\/#primaryimage\",\"url\":\"https:\\\/\\\/m.media-amazon.com\\\/images\\\/I\\\/31IfepddOkL._SL500_.jpg\",\"contentUrl\":\"https:\\\/\\\/m.media-amazon.com\\\/images\\\/I\\\/31IfepddOkL._SL500_.jpg\",\"width\":500,\"height\":214},{\"@type\":\"BreadcrumbList\",\"@id\":\"https:\\\/\\\/marktxxl.de\\\/markt\\\/produkt\\\/horn-medical-dosierpumpe-mit-sterillium-virugard-haendedesinfektionsmittel\\\/#breadcrumb\",\"itemListElement\":[{\"@type\":\"ListItem\",\"position\":1,\"name\":\"Startseite\",\"item\":\"https:\\\/\\\/marktxxl.de\\\/markt\\\/\"},{\"@type\":\"ListItem\",\"position\":2,\"name\":\"Markt\",\"item\":\"https:\\\/\\\/marktxxl.de\\\/markt\\\/\"},{\"@type\":\"ListItem\",\"position\":3,\"name\":\"Horn Medical Dosierpumpen (4 St\u00fcck) mit Sterillium Virugard H\u00e4ndedesinfektionsmittel (4 x 500 ml)\"}]},{\"@type\":\"WebSite\",\"@id\":\"https:\\\/\\\/marktxxl.de\\\/markt\\\/#website\",\"url\":\"https:\\\/\\\/marktxxl.de\\\/markt\\\/\",\"name\":\"Markt-XXL\",\"description\":\"Ihr Markt Online\",\"publisher\":{\"@id\":\"https:\\\/\\\/marktxxl.de\\\/markt\\\/#organization\"},\"potentialAction\":[{\"@type\":\"SearchAction\",\"target\":{\"@type\":\"EntryPoint\",\"urlTemplate\":\"https:\\\/\\\/marktxxl.de\\\/markt\\\/?s={search_term_string}\"},\"query-input\":{\"@type\":\"PropertyValueSpecification\",\"valueRequired\":true,\"valueName\":\"search_term_string\"}}],\"inLanguage\":\"de\"},{\"@type\":\"Organization\",\"@id\":\"https:\\\/\\\/marktxxl.de\\\/markt\\\/#organization\",\"name\":\"Markt-XXL\",\"url\":\"https:\\\/\\\/marktxxl.de\\\/markt\\\/\",\"logo\":{\"@type\":\"ImageObject\",\"inLanguage\":\"de\",\"@id\":\"https:\\\/\\\/marktxxl.de\\\/markt\\\/#\\\/schema\\\/logo\\\/image\\\/\",\"url\":\"https:\\\/\\\/marktxxl.de\\\/markt\\\/wp-content\\\/uploads\\\/sites\\\/3\\\/2020\\\/12\\\/logo.png\",\"contentUrl\":\"https:\\\/\\\/marktxxl.de\\\/markt\\\/wp-content\\\/uploads\\\/sites\\\/3\\\/2020\\\/12\\\/logo.png\",\"width\":200,\"height\":70,\"caption\":\"Markt-XXL\"},\"image\":{\"@id\":\"https:\\\/\\\/marktxxl.de\\\/markt\\\/#\\\/schema\\\/logo\\\/image\\\/\"}}]}<\/script>\n<!-- \/ Yoast SEO plugin. -->","yoast_head_json":{"title":"Horn Medical Dosierpumpen (4 St\u00fcck) mit Sterillium Virugard H\u00e4ndedesinfektionsmittel (4 x 500 ml) - Markt-XXL","description":"Markt-XXL Horn Medical Dosierpumpen (4 St\u00fcck) mit Sterillium Virugard H\u00e4ndedesinfektionsmittel (4 x 500 ml)","robots":{"index":"index","follow":"follow","max-snippet":"max-snippet:-1","max-image-preview":"max-image-preview:large","max-video-preview":"max-video-preview:-1"},"canonical":"https:\/\/marktxxl.de\/markt\/produkt\/horn-medical-dosierpumpe-mit-sterillium-virugard-haendedesinfektionsmittel\/","og_locale":"de_DE","og_type":"article","og_title":"Horn Medical Dosierpumpen (4 St\u00fcck) mit Sterillium Virugard H\u00e4ndedesinfektionsmittel (4 x 500 ml) - Markt-XXL","og_description":"Markt-XXL Horn Medical Dosierpumpen (4 St\u00fcck) mit Sterillium Virugard H\u00e4ndedesinfektionsmittel (4 x 500 ml)","og_url":"https:\/\/marktxxl.de\/markt\/produkt\/horn-medical-dosierpumpe-mit-sterillium-virugard-haendedesinfektionsmittel\/","og_site_name":"Markt-XXL","article_modified_time":"2023-04-10T00:43:21+00:00","og_image":[{"width":500,"height":214,"url":"https:\/\/m.media-amazon.com\/images\/I\/31IfepddOkL._SL500_.jpg","type":"image\/jpeg"}],"twitter_card":"summary_large_image","schema":{"@context":"https:\/\/schema.org","@graph":[{"@type":"WebPage","@id":"https:\/\/marktxxl.de\/markt\/produkt\/horn-medical-dosierpumpe-mit-sterillium-virugard-haendedesinfektionsmittel\/","url":"https:\/\/marktxxl.de\/markt\/produkt\/horn-medical-dosierpumpe-mit-sterillium-virugard-haendedesinfektionsmittel\/","name":"Horn Medical Dosierpumpen (4 St\u00fcck) mit Sterillium Virugard H\u00e4ndedesinfektionsmittel (4 x 500 ml) - Markt-XXL","isPartOf":{"@id":"https:\/\/marktxxl.de\/markt\/#website"},"primaryImageOfPage":{"@id":"https:\/\/marktxxl.de\/markt\/produkt\/horn-medical-dosierpumpe-mit-sterillium-virugard-haendedesinfektionsmittel\/#primaryimage"},"image":{"@id":"https:\/\/marktxxl.de\/markt\/produkt\/horn-medical-dosierpumpe-mit-sterillium-virugard-haendedesinfektionsmittel\/#primaryimage"},"thumbnailUrl":"https:\/\/m.media-amazon.com\/images\/I\/31IfepddOkL._SL500_.jpg","datePublished":"2021-11-25T14:48:40+00:00","dateModified":"2023-04-10T00:43:21+00:00","description":"Markt-XXL Horn Medical Dosierpumpen (4 St\u00fcck) mit Sterillium Virugard H\u00e4ndedesinfektionsmittel (4 x 500 ml)","breadcrumb":{"@id":"https:\/\/marktxxl.de\/markt\/produkt\/horn-medical-dosierpumpe-mit-sterillium-virugard-haendedesinfektionsmittel\/#breadcrumb"},"inLanguage":"de","potentialAction":[{"@type":"ReadAction","target":["https:\/\/marktxxl.de\/markt\/produkt\/horn-medical-dosierpumpe-mit-sterillium-virugard-haendedesinfektionsmittel\/"]}]},{"@type":"ImageObject","inLanguage":"de","@id":"https:\/\/marktxxl.de\/markt\/produkt\/horn-medical-dosierpumpe-mit-sterillium-virugard-haendedesinfektionsmittel\/#primaryimage","url":"https:\/\/m.media-amazon.com\/images\/I\/31IfepddOkL._SL500_.jpg","contentUrl":"https:\/\/m.media-amazon.com\/images\/I\/31IfepddOkL._SL500_.jpg","width":500,"height":214},{"@type":"BreadcrumbList","@id":"https:\/\/marktxxl.de\/markt\/produkt\/horn-medical-dosierpumpe-mit-sterillium-virugard-haendedesinfektionsmittel\/#breadcrumb","itemListElement":[{"@type":"ListItem","position":1,"name":"Startseite","item":"https:\/\/marktxxl.de\/markt\/"},{"@type":"ListItem","position":2,"name":"Markt","item":"https:\/\/marktxxl.de\/markt\/"},{"@type":"ListItem","position":3,"name":"Horn Medical Dosierpumpen (4 St\u00fcck) mit Sterillium Virugard H\u00e4ndedesinfektionsmittel (4 x 500 ml)"}]},{"@type":"WebSite","@id":"https:\/\/marktxxl.de\/markt\/#website","url":"https:\/\/marktxxl.de\/markt\/","name":"Markt-XXL","description":"Ihr Markt Online","publisher":{"@id":"https:\/\/marktxxl.de\/markt\/#organization"},"potentialAction":[{"@type":"SearchAction","target":{"@type":"EntryPoint","urlTemplate":"https:\/\/marktxxl.de\/markt\/?s={search_term_string}"},"query-input":{"@type":"PropertyValueSpecification","valueRequired":true,"valueName":"search_term_string"}}],"inLanguage":"de"},{"@type":"Organization","@id":"https:\/\/marktxxl.de\/markt\/#organization","name":"Markt-XXL","url":"https:\/\/marktxxl.de\/markt\/","logo":{"@type":"ImageObject","inLanguage":"de","@id":"https:\/\/marktxxl.de\/markt\/#\/schema\/logo\/image\/","url":"https:\/\/marktxxl.de\/markt\/wp-content\/uploads\/sites\/3\/2020\/12\/logo.png","contentUrl":"https:\/\/marktxxl.de\/markt\/wp-content\/uploads\/sites\/3\/2020\/12\/logo.png","width":200,"height":70,"caption":"Markt-XXL"},"image":{"@id":"https:\/\/marktxxl.de\/markt\/#\/schema\/logo\/image\/"}}]}},"_links":{"self":[{"href":"https:\/\/marktxxl.de\/markt\/wp-json\/wp\/v2\/product\/78117","targetHints":{"allow":["GET"]}}],"collection":[{"href":"https:\/\/marktxxl.de\/markt\/wp-json\/wp\/v2\/product"}],"about":[{"href":"https:\/\/marktxxl.de\/markt\/wp-json\/wp\/v2\/types\/product"}],"replies":[{"embeddable":true,"href":"https:\/\/marktxxl.de\/markt\/wp-json\/wp\/v2\/comments?post=78117"}],"wp:featuredmedia":[{"embeddable":true,"href":"https:\/\/marktxxl.de\/markt\/wp-json\/wp\/v2\/media\/78118"}],"wp:attachment":[{"href":"https:\/\/marktxxl.de\/markt\/wp-json\/wp\/v2\/media?parent=78117"}],"wp:term":[{"taxonomy":"product_brand","embeddable":true,"href":"https:\/\/marktxxl.de\/markt\/wp-json\/wp\/v2\/product_brand?post=78117"},{"taxonomy":"product_cat","embeddable":true,"href":"https:\/\/marktxxl.de\/markt\/wp-json\/wp\/v2\/product_cat?post=78117"},{"taxonomy":"product_tag","embeddable":true,"href":"https:\/\/marktxxl.de\/markt\/wp-json\/wp\/v2\/product_tag?post=78117"}],"curies":[{"name":"wp","href":"https:\/\/api.w.org\/{rel}","templated":true}]}}