{"id":78075,"date":"2021-11-25T15:45:52","date_gmt":"2021-11-25T14:45:52","guid":{"rendered":"https:\/\/marktxxl.de\/markt\/produkt\/premium-laser-hornhautraspel-mit-mini-feile-von-dynesse-fussraspel-mit-ergonomischem-rutschfestem-griff-edelstahl-fussfeile-fuer-pedikuere-ohne-verletzungen-dank-lasercut-technologie\/"},"modified":"2023-04-10T02:43:19","modified_gmt":"2023-04-10T00:43:19","slug":"premium-laser-hornhautraspel-mit-mini-feile-von-dynesse-fussraspel-mit-ergonomischem-rutschfestem-griff-edelstahl-fussfeile-fuer-pedikuere-ohne-verletzungen-dank-lasercut-technologie","status":"publish","type":"product","link":"https:\/\/marktxxl.de\/markt\/produkt\/premium-laser-hornhautraspel-mit-mini-feile-von-dynesse-fussraspel-mit-ergonomischem-rutschfestem-griff-edelstahl-fussfeile-fuer-pedikuere-ohne-verletzungen-dank-lasercut-technologie\/","title":{"rendered":"DYNESSE Premium 3-in-1 Hornhautfeile mit integrierter Mini-Feile. Keine Schnittgefahr. Benutzt in Pedik\u00fcre-Studios\u2026"},"content":{"rendered":"<p>\u27a4 EXKLUSIVE NEUE VERSION &#8211; Mit der integrierten Mini-Raspelfeile entfernen Sie die Hornhaut auch an schwierigen Stellen. Der neue nahtlose Griff verhindert Schmutzablagerungen und liegt gut und sicher in der Hand<br \/>\n\u27a4 EFFIZIENT &#8211; Die mit Laser bearbeiteten Oberfl\u00e4chen machen die Entfernung der Hornhaut zu einem Kinderspiel. Ihre F\u00fc\u00dfe werden m\u00fchelos wieder samtweich und glatt. Anwendung sowohl bei eingeweichten als auch trockenen F\u00fc\u00dfen, wenn es schnell gehen muss<br \/>\n\u27a4 SICHER &#8211; Keine Verletzungen oder Schnitte w\u00e4hrend der Hornhautentfernung wie bei herk\u00f6mmlichen Hornhauthobeln. Der Wirkungsgrad l\u00e4sst sich perfekt dosieren<br \/>\n\u27a4 LANGLEBIG &#8211; Im Gegensatz zu einem elektrischen Hornhautentferner brauchen Sie keine Batterien oder teure Ersatzrollen nachzukaufen<br \/>\n\u27a4 PREMIUM QUALIT\u00c4T &#8211; Dank Edelstahl k\u00f6nnen Sie diese Hornhautraspel auch unter der Dusche verwenden<br \/>\n<div class=\"main-cross-sell\" data-asin=\"B07KM41Q9R\">\n\n\t<div class=\"WooZone-cross-sell-loader\">\n\t\t<div>\n\t\t\t<div id=\"floatingBarsG\">\n\t\t\t\t<div class=\"blockG\" id=\"rotateG_01\"><\/div>\n\t\t\t\t<div class=\"blockG\" id=\"rotateG_02\"><\/div>\n\t\t\t\t<div class=\"blockG\" id=\"rotateG_03\"><\/div>\n\t\t\t\t<div class=\"blockG\" id=\"rotateG_04\"><\/div>\n\t\t\t\t<div class=\"blockG\" id=\"rotateG_05\"><\/div>\n\t\t\t\t<div class=\"blockG\" id=\"rotateG_06\"><\/div>\n\t\t\t\t<div class=\"blockG\" id=\"rotateG_07\"><\/div>\n\t\t\t\t<div class=\"blockG\" id=\"rotateG_08\"><\/div>\n\t\t\t<\/div>\n\t\t\t<div class=\"WooZone-cross-sell-loader-text\"><\/div>\n\t\t<\/div>\n\t<\/div>\n\n\t\t\n<\/div>\n<div style=\"clear:both;\"><\/div><\/p>\n","protected":false},"excerpt":{"rendered":"<p>\u27a4 EXKLUSIVE NEUE VERSION &#8211; Mit der integrierten Mini-Raspelfeile entfernen Sie die Hornhaut auch an schwierigen Stellen. Der neue nahtlose Griff verhindert Schmutzablagerungen und liegt gut und sicher in der Hand<br \/>\n\u27a4 EFFIZIENT &#8211; Die mit Laser bearbeiteten Oberfl\u00e4chen machen die Entfernung der Hornhaut zu einem Kinderspiel. Ihre F\u00fc\u00dfe werden m\u00fchelos wieder samtweich und glatt. Anwendung sowohl bei eingeweichten als auch trockenen F\u00fc\u00dfen, wenn es schnell gehen muss<br \/>\n\u27a4 SICHER &#8211; Keine Verletzungen oder Schnitte w\u00e4hrend der Hornhautentfernung wie bei herk\u00f6mmlichen Hornhauthobeln. Der Wirkungsgrad l\u00e4sst sich perfekt dosieren<\/p>\n","protected":false},"featured_media":78076,"comment_status":"open","ping_status":"closed","template":"","meta":[],"product_brand":[],"product_cat":[566,5846],"product_tag":[],"class_list":{"0":"post-78075","1":"product","2":"type-product","3":"status-publish","4":"has-post-thumbnail","6":"product_cat-drogerie-koerperpflege","7":"product_cat-medizin-erste-hilfe","8":"pa_binding-badartikel","9":"pa_brand-dynesse","10":"pa_color-schwarz","11":"pa_height-0-3937-zoll","12":"pa_length-10-43305-zoll","13":"pa_manufacturer-dynesse","14":"pa_size-2-stueck-1er-pack","15":"pa_weight-0-220462262-pfund","16":"pa_width-2-16535-zoll","18":"first","19":"instock","20":"shipping-taxable","21":"purchasable","22":"product-type-simple","23":"customify-col","24":"product-has-gallery"},"yoast_head":"<!-- This site is optimized with the Yoast SEO plugin v27.4 - https:\/\/yoast.com\/product\/yoast-seo-wordpress\/ -->\n<title>DYNESSE Premium 3-in-1 Hornhautfeile mit integrierter Mini-Feile. Keine Schnittgefahr. Benutzt in Pedik\u00fcre-Studios\u2026 - Markt-XXL<\/title>\n<meta name=\"description\" content=\"Markt-XXL DYNESSE Premium 3-in-1 Hornhautfeile mit integrierter Mini-Feile. Keine Schnittgefahr. Benutzt in Pedik\u00fcre-Studios\u2026\" \/>\n<meta name=\"robots\" content=\"index, follow, max-snippet:-1, max-image-preview:large, max-video-preview:-1\" \/>\n<link rel=\"canonical\" href=\"https:\/\/marktxxl.de\/markt\/produkt\/premium-laser-hornhautraspel-mit-mini-feile-von-dynesse-fussraspel-mit-ergonomischem-rutschfestem-griff-edelstahl-fussfeile-fuer-pedikuere-ohne-verletzungen-dank-lasercut-technologie\/\" \/>\n<meta property=\"og:locale\" content=\"de_DE\" \/>\n<meta property=\"og:type\" content=\"article\" \/>\n<meta property=\"og:title\" content=\"DYNESSE Premium 3-in-1 Hornhautfeile mit integrierter Mini-Feile. Keine Schnittgefahr. Benutzt in Pedik\u00fcre-Studios\u2026 - Markt-XXL\" \/>\n<meta property=\"og:description\" content=\"Markt-XXL DYNESSE Premium 3-in-1 Hornhautfeile mit integrierter Mini-Feile. Keine Schnittgefahr. Benutzt in Pedik\u00fcre-Studios\u2026\" \/>\n<meta property=\"og:url\" content=\"https:\/\/marktxxl.de\/markt\/produkt\/premium-laser-hornhautraspel-mit-mini-feile-von-dynesse-fussraspel-mit-ergonomischem-rutschfestem-griff-edelstahl-fussfeile-fuer-pedikuere-ohne-verletzungen-dank-lasercut-technologie\/\" \/>\n<meta property=\"og:site_name\" content=\"Markt-XXL\" \/>\n<meta property=\"article:modified_time\" content=\"2023-04-10T00:43:19+00:00\" \/>\n<meta property=\"og:image\" content=\"https:\/\/m.media-amazon.com\/images\/I\/4134DOfxAyL._SL500_.jpg\" \/>\n\t<meta property=\"og:image:width\" content=\"500\" \/>\n\t<meta property=\"og:image:height\" content=\"500\" \/>\n\t<meta property=\"og:image:type\" content=\"image\/jpeg\" \/>\n<meta name=\"twitter:card\" content=\"summary_large_image\" \/>\n<meta name=\"twitter:label1\" content=\"Gesch\u00e4tzte Lesezeit\" \/>\n\t<meta name=\"twitter:data1\" content=\"1\u00a0Minute\" \/>\n<script type=\"application\/ld+json\" class=\"yoast-schema-graph\">{\"@context\":\"https:\\\/\\\/schema.org\",\"@graph\":[{\"@type\":\"WebPage\",\"@id\":\"https:\\\/\\\/marktxxl.de\\\/markt\\\/produkt\\\/premium-laser-hornhautraspel-mit-mini-feile-von-dynesse-fussraspel-mit-ergonomischem-rutschfestem-griff-edelstahl-fussfeile-fuer-pedikuere-ohne-verletzungen-dank-lasercut-technologie\\\/\",\"url\":\"https:\\\/\\\/marktxxl.de\\\/markt\\\/produkt\\\/premium-laser-hornhautraspel-mit-mini-feile-von-dynesse-fussraspel-mit-ergonomischem-rutschfestem-griff-edelstahl-fussfeile-fuer-pedikuere-ohne-verletzungen-dank-lasercut-technologie\\\/\",\"name\":\"DYNESSE Premium 3-in-1 Hornhautfeile mit integrierter Mini-Feile. Keine Schnittgefahr. Benutzt in Pedik\u00fcre-Studios\u2026 - Markt-XXL\",\"isPartOf\":{\"@id\":\"https:\\\/\\\/marktxxl.de\\\/markt\\\/#website\"},\"primaryImageOfPage\":{\"@id\":\"https:\\\/\\\/marktxxl.de\\\/markt\\\/produkt\\\/premium-laser-hornhautraspel-mit-mini-feile-von-dynesse-fussraspel-mit-ergonomischem-rutschfestem-griff-edelstahl-fussfeile-fuer-pedikuere-ohne-verletzungen-dank-lasercut-technologie\\\/#primaryimage\"},\"image\":{\"@id\":\"https:\\\/\\\/marktxxl.de\\\/markt\\\/produkt\\\/premium-laser-hornhautraspel-mit-mini-feile-von-dynesse-fussraspel-mit-ergonomischem-rutschfestem-griff-edelstahl-fussfeile-fuer-pedikuere-ohne-verletzungen-dank-lasercut-technologie\\\/#primaryimage\"},\"thumbnailUrl\":\"https:\\\/\\\/m.media-amazon.com\\\/images\\\/I\\\/4134DOfxAyL._SL500_.jpg\",\"datePublished\":\"2021-11-25T14:45:52+00:00\",\"dateModified\":\"2023-04-10T00:43:19+00:00\",\"description\":\"Markt-XXL DYNESSE Premium 3-in-1 Hornhautfeile mit integrierter Mini-Feile. Keine Schnittgefahr. Benutzt in Pedik\u00fcre-Studios\u2026\",\"breadcrumb\":{\"@id\":\"https:\\\/\\\/marktxxl.de\\\/markt\\\/produkt\\\/premium-laser-hornhautraspel-mit-mini-feile-von-dynesse-fussraspel-mit-ergonomischem-rutschfestem-griff-edelstahl-fussfeile-fuer-pedikuere-ohne-verletzungen-dank-lasercut-technologie\\\/#breadcrumb\"},\"inLanguage\":\"de\",\"potentialAction\":[{\"@type\":\"ReadAction\",\"target\":[\"https:\\\/\\\/marktxxl.de\\\/markt\\\/produkt\\\/premium-laser-hornhautraspel-mit-mini-feile-von-dynesse-fussraspel-mit-ergonomischem-rutschfestem-griff-edelstahl-fussfeile-fuer-pedikuere-ohne-verletzungen-dank-lasercut-technologie\\\/\"]}]},{\"@type\":\"ImageObject\",\"inLanguage\":\"de\",\"@id\":\"https:\\\/\\\/marktxxl.de\\\/markt\\\/produkt\\\/premium-laser-hornhautraspel-mit-mini-feile-von-dynesse-fussraspel-mit-ergonomischem-rutschfestem-griff-edelstahl-fussfeile-fuer-pedikuere-ohne-verletzungen-dank-lasercut-technologie\\\/#primaryimage\",\"url\":\"https:\\\/\\\/m.media-amazon.com\\\/images\\\/I\\\/4134DOfxAyL._SL500_.jpg\",\"contentUrl\":\"https:\\\/\\\/m.media-amazon.com\\\/images\\\/I\\\/4134DOfxAyL._SL500_.jpg\",\"width\":500,\"height\":500},{\"@type\":\"BreadcrumbList\",\"@id\":\"https:\\\/\\\/marktxxl.de\\\/markt\\\/produkt\\\/premium-laser-hornhautraspel-mit-mini-feile-von-dynesse-fussraspel-mit-ergonomischem-rutschfestem-griff-edelstahl-fussfeile-fuer-pedikuere-ohne-verletzungen-dank-lasercut-technologie\\\/#breadcrumb\",\"itemListElement\":[{\"@type\":\"ListItem\",\"position\":1,\"name\":\"Startseite\",\"item\":\"https:\\\/\\\/marktxxl.de\\\/markt\\\/\"},{\"@type\":\"ListItem\",\"position\":2,\"name\":\"Markt\",\"item\":\"https:\\\/\\\/marktxxl.de\\\/markt\\\/\"},{\"@type\":\"ListItem\",\"position\":3,\"name\":\"DYNESSE Premium 3-in-1 Hornhautfeile mit integrierter Mini-Feile. Keine Schnittgefahr. Benutzt in Pedik\u00fcre-Studios\u2026\"}]},{\"@type\":\"WebSite\",\"@id\":\"https:\\\/\\\/marktxxl.de\\\/markt\\\/#website\",\"url\":\"https:\\\/\\\/marktxxl.de\\\/markt\\\/\",\"name\":\"Markt-XXL\",\"description\":\"Ihr Markt Online\",\"publisher\":{\"@id\":\"https:\\\/\\\/marktxxl.de\\\/markt\\\/#organization\"},\"potentialAction\":[{\"@type\":\"SearchAction\",\"target\":{\"@type\":\"EntryPoint\",\"urlTemplate\":\"https:\\\/\\\/marktxxl.de\\\/markt\\\/?s={search_term_string}\"},\"query-input\":{\"@type\":\"PropertyValueSpecification\",\"valueRequired\":true,\"valueName\":\"search_term_string\"}}],\"inLanguage\":\"de\"},{\"@type\":\"Organization\",\"@id\":\"https:\\\/\\\/marktxxl.de\\\/markt\\\/#organization\",\"name\":\"Markt-XXL\",\"url\":\"https:\\\/\\\/marktxxl.de\\\/markt\\\/\",\"logo\":{\"@type\":\"ImageObject\",\"inLanguage\":\"de\",\"@id\":\"https:\\\/\\\/marktxxl.de\\\/markt\\\/#\\\/schema\\\/logo\\\/image\\\/\",\"url\":\"https:\\\/\\\/marktxxl.de\\\/markt\\\/wp-content\\\/uploads\\\/sites\\\/3\\\/2020\\\/12\\\/logo.png\",\"contentUrl\":\"https:\\\/\\\/marktxxl.de\\\/markt\\\/wp-content\\\/uploads\\\/sites\\\/3\\\/2020\\\/12\\\/logo.png\",\"width\":200,\"height\":70,\"caption\":\"Markt-XXL\"},\"image\":{\"@id\":\"https:\\\/\\\/marktxxl.de\\\/markt\\\/#\\\/schema\\\/logo\\\/image\\\/\"}}]}<\/script>\n<!-- \/ Yoast SEO plugin. -->","yoast_head_json":{"title":"DYNESSE Premium 3-in-1 Hornhautfeile mit integrierter Mini-Feile. Keine Schnittgefahr. Benutzt in Pedik\u00fcre-Studios\u2026 - Markt-XXL","description":"Markt-XXL DYNESSE Premium 3-in-1 Hornhautfeile mit integrierter Mini-Feile. Keine Schnittgefahr. Benutzt in Pedik\u00fcre-Studios\u2026","robots":{"index":"index","follow":"follow","max-snippet":"max-snippet:-1","max-image-preview":"max-image-preview:large","max-video-preview":"max-video-preview:-1"},"canonical":"https:\/\/marktxxl.de\/markt\/produkt\/premium-laser-hornhautraspel-mit-mini-feile-von-dynesse-fussraspel-mit-ergonomischem-rutschfestem-griff-edelstahl-fussfeile-fuer-pedikuere-ohne-verletzungen-dank-lasercut-technologie\/","og_locale":"de_DE","og_type":"article","og_title":"DYNESSE Premium 3-in-1 Hornhautfeile mit integrierter Mini-Feile. Keine Schnittgefahr. Benutzt in Pedik\u00fcre-Studios\u2026 - Markt-XXL","og_description":"Markt-XXL DYNESSE Premium 3-in-1 Hornhautfeile mit integrierter Mini-Feile. Keine Schnittgefahr. Benutzt in Pedik\u00fcre-Studios\u2026","og_url":"https:\/\/marktxxl.de\/markt\/produkt\/premium-laser-hornhautraspel-mit-mini-feile-von-dynesse-fussraspel-mit-ergonomischem-rutschfestem-griff-edelstahl-fussfeile-fuer-pedikuere-ohne-verletzungen-dank-lasercut-technologie\/","og_site_name":"Markt-XXL","article_modified_time":"2023-04-10T00:43:19+00:00","og_image":[{"width":500,"height":500,"url":"https:\/\/m.media-amazon.com\/images\/I\/4134DOfxAyL._SL500_.jpg","type":"image\/jpeg"}],"twitter_card":"summary_large_image","twitter_misc":{"Gesch\u00e4tzte Lesezeit":"1\u00a0Minute"},"schema":{"@context":"https:\/\/schema.org","@graph":[{"@type":"WebPage","@id":"https:\/\/marktxxl.de\/markt\/produkt\/premium-laser-hornhautraspel-mit-mini-feile-von-dynesse-fussraspel-mit-ergonomischem-rutschfestem-griff-edelstahl-fussfeile-fuer-pedikuere-ohne-verletzungen-dank-lasercut-technologie\/","url":"https:\/\/marktxxl.de\/markt\/produkt\/premium-laser-hornhautraspel-mit-mini-feile-von-dynesse-fussraspel-mit-ergonomischem-rutschfestem-griff-edelstahl-fussfeile-fuer-pedikuere-ohne-verletzungen-dank-lasercut-technologie\/","name":"DYNESSE Premium 3-in-1 Hornhautfeile mit integrierter Mini-Feile. Keine Schnittgefahr. Benutzt in Pedik\u00fcre-Studios\u2026 - Markt-XXL","isPartOf":{"@id":"https:\/\/marktxxl.de\/markt\/#website"},"primaryImageOfPage":{"@id":"https:\/\/marktxxl.de\/markt\/produkt\/premium-laser-hornhautraspel-mit-mini-feile-von-dynesse-fussraspel-mit-ergonomischem-rutschfestem-griff-edelstahl-fussfeile-fuer-pedikuere-ohne-verletzungen-dank-lasercut-technologie\/#primaryimage"},"image":{"@id":"https:\/\/marktxxl.de\/markt\/produkt\/premium-laser-hornhautraspel-mit-mini-feile-von-dynesse-fussraspel-mit-ergonomischem-rutschfestem-griff-edelstahl-fussfeile-fuer-pedikuere-ohne-verletzungen-dank-lasercut-technologie\/#primaryimage"},"thumbnailUrl":"https:\/\/m.media-amazon.com\/images\/I\/4134DOfxAyL._SL500_.jpg","datePublished":"2021-11-25T14:45:52+00:00","dateModified":"2023-04-10T00:43:19+00:00","description":"Markt-XXL DYNESSE Premium 3-in-1 Hornhautfeile mit integrierter Mini-Feile. Keine Schnittgefahr. Benutzt in Pedik\u00fcre-Studios\u2026","breadcrumb":{"@id":"https:\/\/marktxxl.de\/markt\/produkt\/premium-laser-hornhautraspel-mit-mini-feile-von-dynesse-fussraspel-mit-ergonomischem-rutschfestem-griff-edelstahl-fussfeile-fuer-pedikuere-ohne-verletzungen-dank-lasercut-technologie\/#breadcrumb"},"inLanguage":"de","potentialAction":[{"@type":"ReadAction","target":["https:\/\/marktxxl.de\/markt\/produkt\/premium-laser-hornhautraspel-mit-mini-feile-von-dynesse-fussraspel-mit-ergonomischem-rutschfestem-griff-edelstahl-fussfeile-fuer-pedikuere-ohne-verletzungen-dank-lasercut-technologie\/"]}]},{"@type":"ImageObject","inLanguage":"de","@id":"https:\/\/marktxxl.de\/markt\/produkt\/premium-laser-hornhautraspel-mit-mini-feile-von-dynesse-fussraspel-mit-ergonomischem-rutschfestem-griff-edelstahl-fussfeile-fuer-pedikuere-ohne-verletzungen-dank-lasercut-technologie\/#primaryimage","url":"https:\/\/m.media-amazon.com\/images\/I\/4134DOfxAyL._SL500_.jpg","contentUrl":"https:\/\/m.media-amazon.com\/images\/I\/4134DOfxAyL._SL500_.jpg","width":500,"height":500},{"@type":"BreadcrumbList","@id":"https:\/\/marktxxl.de\/markt\/produkt\/premium-laser-hornhautraspel-mit-mini-feile-von-dynesse-fussraspel-mit-ergonomischem-rutschfestem-griff-edelstahl-fussfeile-fuer-pedikuere-ohne-verletzungen-dank-lasercut-technologie\/#breadcrumb","itemListElement":[{"@type":"ListItem","position":1,"name":"Startseite","item":"https:\/\/marktxxl.de\/markt\/"},{"@type":"ListItem","position":2,"name":"Markt","item":"https:\/\/marktxxl.de\/markt\/"},{"@type":"ListItem","position":3,"name":"DYNESSE Premium 3-in-1 Hornhautfeile mit integrierter Mini-Feile. Keine Schnittgefahr. Benutzt in Pedik\u00fcre-Studios\u2026"}]},{"@type":"WebSite","@id":"https:\/\/marktxxl.de\/markt\/#website","url":"https:\/\/marktxxl.de\/markt\/","name":"Markt-XXL","description":"Ihr Markt Online","publisher":{"@id":"https:\/\/marktxxl.de\/markt\/#organization"},"potentialAction":[{"@type":"SearchAction","target":{"@type":"EntryPoint","urlTemplate":"https:\/\/marktxxl.de\/markt\/?s={search_term_string}"},"query-input":{"@type":"PropertyValueSpecification","valueRequired":true,"valueName":"search_term_string"}}],"inLanguage":"de"},{"@type":"Organization","@id":"https:\/\/marktxxl.de\/markt\/#organization","name":"Markt-XXL","url":"https:\/\/marktxxl.de\/markt\/","logo":{"@type":"ImageObject","inLanguage":"de","@id":"https:\/\/marktxxl.de\/markt\/#\/schema\/logo\/image\/","url":"https:\/\/marktxxl.de\/markt\/wp-content\/uploads\/sites\/3\/2020\/12\/logo.png","contentUrl":"https:\/\/marktxxl.de\/markt\/wp-content\/uploads\/sites\/3\/2020\/12\/logo.png","width":200,"height":70,"caption":"Markt-XXL"},"image":{"@id":"https:\/\/marktxxl.de\/markt\/#\/schema\/logo\/image\/"}}]}},"_links":{"self":[{"href":"https:\/\/marktxxl.de\/markt\/wp-json\/wp\/v2\/product\/78075","targetHints":{"allow":["GET"]}}],"collection":[{"href":"https:\/\/marktxxl.de\/markt\/wp-json\/wp\/v2\/product"}],"about":[{"href":"https:\/\/marktxxl.de\/markt\/wp-json\/wp\/v2\/types\/product"}],"replies":[{"embeddable":true,"href":"https:\/\/marktxxl.de\/markt\/wp-json\/wp\/v2\/comments?post=78075"}],"wp:featuredmedia":[{"embeddable":true,"href":"https:\/\/marktxxl.de\/markt\/wp-json\/wp\/v2\/media\/78076"}],"wp:attachment":[{"href":"https:\/\/marktxxl.de\/markt\/wp-json\/wp\/v2\/media?parent=78075"}],"wp:term":[{"taxonomy":"product_brand","embeddable":true,"href":"https:\/\/marktxxl.de\/markt\/wp-json\/wp\/v2\/product_brand?post=78075"},{"taxonomy":"product_cat","embeddable":true,"href":"https:\/\/marktxxl.de\/markt\/wp-json\/wp\/v2\/product_cat?post=78075"},{"taxonomy":"product_tag","embeddable":true,"href":"https:\/\/marktxxl.de\/markt\/wp-json\/wp\/v2\/product_tag?post=78075"}],"curies":[{"name":"wp","href":"https:\/\/api.w.org\/{rel}","templated":true}]}}