{"id":77952,"date":"2021-11-25T15:42:07","date_gmt":"2021-11-25T14:42:07","guid":{"rendered":"https:\/\/marktxxl.de\/markt\/produkt\/hdmi-kabel-splitter-1-auf-2-wege-splitter-kabel-adapter-konverter-1080p-hdmi-stecker-auf-dual-hdmi-buchse\/"},"modified":"2023-04-10T02:43:17","modified_gmt":"2023-04-10T00:43:17","slug":"hdmi-kabel-splitter-1-auf-2-wege-splitter-kabel-adapter-konverter-1080p-hdmi-stecker-auf-dual-hdmi-buchse","status":"publish","type":"product","link":"https:\/\/marktxxl.de\/markt\/produkt\/hdmi-kabel-splitter-1-auf-2-wege-splitter-kabel-adapter-konverter-1080p-hdmi-stecker-auf-dual-hdmi-buchse\/","title":{"rendered":"UFD Kabel Splitter, 1-auf-2 Wege Splitter Kabel Adapter Konverter, 1080P HDMI Stecker auf Dual HDMI Buchse"},"content":{"rendered":"<p>Dieser HDMI Splitter Adapter kann 1 HDMI Eingangssignal auf zwei HDMI Ausg\u00e4nge verteilen. (Hinweis: Es k\u00f6nnen nicht 2 Displays gleichzeitig aktiv sein. Bitte schlie\u00dfen Sie ein Display, wenn Sie ein anderes verwenden m\u00f6chten.)<br \/>\nDieser HDMI-Splitter unterst\u00fctzt HD-Aufl\u00f6sungen, einschlie\u00dflich 480i, 480p, 720p, 1080i, 1080p.<br \/>\nHDMI Splitter Switcher geeignet f\u00fcr die meisten Ger\u00e4te mit Standard HDMI Schnittstelle. Dieses HDMI Splitterkabel ist ideal f\u00fcr den Anschluss eines HDMI-f\u00e4higen Ger\u00e4ts. Eingang: HD &#8211; DVD, Bule &#8211; Ray DVD, X-BOX, XPS3, STB, S.ony HD TV. Ausgang: Fernseher, Projektor, Monitor, LCD-Fernseher, Plasma Display, digitales Fernsehen.<br \/>\nSchlank und komSchlank und kompakt, leicht zu verstauen und zu transportieren. Einfach zu bedienen, einfach einstecken und loslegen, bitte an den entsprechenden Anschluss anschlie\u00dfen.pakt, leicht zu verstauen und zu transportieren. Einfach zu bedienen, einfach einstecken und loslegen, bitte an den entsprechenden Anschluss anschlie\u00dfen.<br \/>\nEs ist immer nur 1 Ausgabeger\u00e4t aktiv. Wenn Sie nur ein Ausgabeger\u00e4t ben\u00f6tigen, schlie\u00dfen Sie bitte nicht den anderen HDMI-Anschluss an. Wenn diese beiden HDMI-Buchsen angeschlossen sind, funktioniert dies nicht, auch wenn nur ein HDMI-Kabel zum Anschlie\u00dfen des Displays verwendet wird. Dies f\u00fchrt dazu, dass die Signalausgabe nicht normal ist und kein Video und kein Blitz angezeigt wird.<br \/>\n<div class=\"main-cross-sell\" data-asin=\"B09KMW9CZS\">\n\n\t<div class=\"WooZone-cross-sell-loader\">\n\t\t<div>\n\t\t\t<div id=\"floatingBarsG\">\n\t\t\t\t<div class=\"blockG\" id=\"rotateG_01\"><\/div>\n\t\t\t\t<div class=\"blockG\" id=\"rotateG_02\"><\/div>\n\t\t\t\t<div class=\"blockG\" id=\"rotateG_03\"><\/div>\n\t\t\t\t<div class=\"blockG\" id=\"rotateG_04\"><\/div>\n\t\t\t\t<div class=\"blockG\" id=\"rotateG_05\"><\/div>\n\t\t\t\t<div class=\"blockG\" id=\"rotateG_06\"><\/div>\n\t\t\t\t<div class=\"blockG\" id=\"rotateG_07\"><\/div>\n\t\t\t\t<div class=\"blockG\" id=\"rotateG_08\"><\/div>\n\t\t\t<\/div>\n\t\t\t<div class=\"WooZone-cross-sell-loader-text\"><\/div>\n\t\t<\/div>\n\t<\/div>\n\n\t\t\n<\/div>\n<div style=\"clear:both;\"><\/div><\/p>\n","protected":false},"excerpt":{"rendered":"<p>Dieser HDMI Splitter Adapter kann 1 HDMI Eingangssignal auf zwei HDMI Ausg\u00e4nge verteilen. (Hinweis: Es k\u00f6nnen nicht 2 Displays gleichzeitig aktiv sein. Bitte schlie\u00dfen Sie ein Display, wenn Sie ein anderes verwenden m\u00f6chten.)<br \/>\nDieser HDMI-Splitter unterst\u00fctzt HD-Aufl\u00f6sungen, einschlie\u00dflich 480i, 480p, 720p, 1080i, 1080p.<br \/>\nHDMI Splitter Switcher geeignet f\u00fcr die meisten Ger\u00e4te mit Standard HDMI Schnittstelle. Dieses HDMI Splitterkabel ist ideal f\u00fcr den Anschluss eines HDMI-f\u00e4higen Ger\u00e4ts. Eingang: HD &#8211; DVD, Bule &#8211; Ray DVD, X-BOX, XPS3, STB, S.ony HD TV. Ausgang: Fernseher, Projektor, Monitor, LCD-Fernseher, Plasma Display, digitales Fernsehen.<\/p>\n","protected":false},"featured_media":77953,"comment_status":"open","ping_status":"closed","template":"","meta":[],"product_brand":[],"product_cat":[863],"product_tag":[],"class_list":{"0":"post-77952","1":"product","2":"type-product","3":"status-publish","4":"has-post-thumbnail","6":"product_cat-computer-zubehoer","7":"pa_brand-ufd","8":"pa_manufacturer-ufd","10":"first","11":"instock","12":"shipping-taxable","13":"purchasable","14":"product-type-simple","15":"customify-col","16":"product-has-gallery"},"yoast_head":"<!-- This site is optimized with the Yoast SEO plugin v27.4 - https:\/\/yoast.com\/product\/yoast-seo-wordpress\/ -->\n<title>UFD Kabel Splitter, 1-auf-2 Wege Splitter Kabel Adapter Konverter, 1080P HDMI Stecker auf Dual HDMI Buchse - Markt-XXL<\/title>\n<meta name=\"description\" content=\"Markt-XXL UFD Kabel Splitter, 1-auf-2 Wege Splitter Kabel Adapter Konverter, 1080P HDMI Stecker auf Dual HDMI Buchse\" \/>\n<meta name=\"robots\" content=\"index, follow, max-snippet:-1, max-image-preview:large, max-video-preview:-1\" \/>\n<link rel=\"canonical\" href=\"https:\/\/marktxxl.de\/markt\/produkt\/hdmi-kabel-splitter-1-auf-2-wege-splitter-kabel-adapter-konverter-1080p-hdmi-stecker-auf-dual-hdmi-buchse\/\" \/>\n<meta property=\"og:locale\" content=\"de_DE\" \/>\n<meta property=\"og:type\" content=\"article\" \/>\n<meta property=\"og:title\" content=\"UFD Kabel Splitter, 1-auf-2 Wege Splitter Kabel Adapter Konverter, 1080P HDMI Stecker auf Dual HDMI Buchse - Markt-XXL\" \/>\n<meta property=\"og:description\" content=\"Markt-XXL UFD Kabel Splitter, 1-auf-2 Wege Splitter Kabel Adapter Konverter, 1080P HDMI Stecker auf Dual HDMI Buchse\" \/>\n<meta property=\"og:url\" content=\"https:\/\/marktxxl.de\/markt\/produkt\/hdmi-kabel-splitter-1-auf-2-wege-splitter-kabel-adapter-konverter-1080p-hdmi-stecker-auf-dual-hdmi-buchse\/\" \/>\n<meta property=\"og:site_name\" content=\"Markt-XXL\" \/>\n<meta property=\"article:modified_time\" content=\"2023-04-10T00:43:17+00:00\" \/>\n<meta property=\"og:image\" content=\"https:\/\/m.media-amazon.com\/images\/I\/41SOMOR-1EL._SL500_.jpg\" \/>\n\t<meta property=\"og:image:width\" content=\"500\" \/>\n\t<meta property=\"og:image:height\" content=\"500\" \/>\n\t<meta property=\"og:image:type\" content=\"image\/jpeg\" \/>\n<meta name=\"twitter:card\" content=\"summary_large_image\" \/>\n<meta name=\"twitter:label1\" content=\"Gesch\u00e4tzte Lesezeit\" \/>\n\t<meta name=\"twitter:data1\" content=\"1\u00a0Minute\" \/>\n<script type=\"application\/ld+json\" class=\"yoast-schema-graph\">{\"@context\":\"https:\\\/\\\/schema.org\",\"@graph\":[{\"@type\":\"WebPage\",\"@id\":\"https:\\\/\\\/marktxxl.de\\\/markt\\\/produkt\\\/hdmi-kabel-splitter-1-auf-2-wege-splitter-kabel-adapter-konverter-1080p-hdmi-stecker-auf-dual-hdmi-buchse\\\/\",\"url\":\"https:\\\/\\\/marktxxl.de\\\/markt\\\/produkt\\\/hdmi-kabel-splitter-1-auf-2-wege-splitter-kabel-adapter-konverter-1080p-hdmi-stecker-auf-dual-hdmi-buchse\\\/\",\"name\":\"UFD Kabel Splitter, 1-auf-2 Wege Splitter Kabel Adapter Konverter, 1080P HDMI Stecker auf Dual HDMI Buchse - Markt-XXL\",\"isPartOf\":{\"@id\":\"https:\\\/\\\/marktxxl.de\\\/markt\\\/#website\"},\"primaryImageOfPage\":{\"@id\":\"https:\\\/\\\/marktxxl.de\\\/markt\\\/produkt\\\/hdmi-kabel-splitter-1-auf-2-wege-splitter-kabel-adapter-konverter-1080p-hdmi-stecker-auf-dual-hdmi-buchse\\\/#primaryimage\"},\"image\":{\"@id\":\"https:\\\/\\\/marktxxl.de\\\/markt\\\/produkt\\\/hdmi-kabel-splitter-1-auf-2-wege-splitter-kabel-adapter-konverter-1080p-hdmi-stecker-auf-dual-hdmi-buchse\\\/#primaryimage\"},\"thumbnailUrl\":\"https:\\\/\\\/m.media-amazon.com\\\/images\\\/I\\\/41SOMOR-1EL._SL500_.jpg\",\"datePublished\":\"2021-11-25T14:42:07+00:00\",\"dateModified\":\"2023-04-10T00:43:17+00:00\",\"description\":\"Markt-XXL UFD Kabel Splitter, 1-auf-2 Wege Splitter Kabel Adapter Konverter, 1080P HDMI Stecker auf Dual HDMI Buchse\",\"breadcrumb\":{\"@id\":\"https:\\\/\\\/marktxxl.de\\\/markt\\\/produkt\\\/hdmi-kabel-splitter-1-auf-2-wege-splitter-kabel-adapter-konverter-1080p-hdmi-stecker-auf-dual-hdmi-buchse\\\/#breadcrumb\"},\"inLanguage\":\"de\",\"potentialAction\":[{\"@type\":\"ReadAction\",\"target\":[\"https:\\\/\\\/marktxxl.de\\\/markt\\\/produkt\\\/hdmi-kabel-splitter-1-auf-2-wege-splitter-kabel-adapter-konverter-1080p-hdmi-stecker-auf-dual-hdmi-buchse\\\/\"]}]},{\"@type\":\"ImageObject\",\"inLanguage\":\"de\",\"@id\":\"https:\\\/\\\/marktxxl.de\\\/markt\\\/produkt\\\/hdmi-kabel-splitter-1-auf-2-wege-splitter-kabel-adapter-konverter-1080p-hdmi-stecker-auf-dual-hdmi-buchse\\\/#primaryimage\",\"url\":\"https:\\\/\\\/m.media-amazon.com\\\/images\\\/I\\\/41SOMOR-1EL._SL500_.jpg\",\"contentUrl\":\"https:\\\/\\\/m.media-amazon.com\\\/images\\\/I\\\/41SOMOR-1EL._SL500_.jpg\",\"width\":500,\"height\":500},{\"@type\":\"BreadcrumbList\",\"@id\":\"https:\\\/\\\/marktxxl.de\\\/markt\\\/produkt\\\/hdmi-kabel-splitter-1-auf-2-wege-splitter-kabel-adapter-konverter-1080p-hdmi-stecker-auf-dual-hdmi-buchse\\\/#breadcrumb\",\"itemListElement\":[{\"@type\":\"ListItem\",\"position\":1,\"name\":\"Startseite\",\"item\":\"https:\\\/\\\/marktxxl.de\\\/markt\\\/\"},{\"@type\":\"ListItem\",\"position\":2,\"name\":\"Markt\",\"item\":\"https:\\\/\\\/marktxxl.de\\\/markt\\\/\"},{\"@type\":\"ListItem\",\"position\":3,\"name\":\"UFD Kabel Splitter, 1-auf-2 Wege Splitter Kabel Adapter Konverter, 1080P HDMI Stecker auf Dual HDMI Buchse\"}]},{\"@type\":\"WebSite\",\"@id\":\"https:\\\/\\\/marktxxl.de\\\/markt\\\/#website\",\"url\":\"https:\\\/\\\/marktxxl.de\\\/markt\\\/\",\"name\":\"Markt-XXL\",\"description\":\"Ihr Markt Online\",\"publisher\":{\"@id\":\"https:\\\/\\\/marktxxl.de\\\/markt\\\/#organization\"},\"potentialAction\":[{\"@type\":\"SearchAction\",\"target\":{\"@type\":\"EntryPoint\",\"urlTemplate\":\"https:\\\/\\\/marktxxl.de\\\/markt\\\/?s={search_term_string}\"},\"query-input\":{\"@type\":\"PropertyValueSpecification\",\"valueRequired\":true,\"valueName\":\"search_term_string\"}}],\"inLanguage\":\"de\"},{\"@type\":\"Organization\",\"@id\":\"https:\\\/\\\/marktxxl.de\\\/markt\\\/#organization\",\"name\":\"Markt-XXL\",\"url\":\"https:\\\/\\\/marktxxl.de\\\/markt\\\/\",\"logo\":{\"@type\":\"ImageObject\",\"inLanguage\":\"de\",\"@id\":\"https:\\\/\\\/marktxxl.de\\\/markt\\\/#\\\/schema\\\/logo\\\/image\\\/\",\"url\":\"https:\\\/\\\/marktxxl.de\\\/markt\\\/wp-content\\\/uploads\\\/sites\\\/3\\\/2020\\\/12\\\/logo.png\",\"contentUrl\":\"https:\\\/\\\/marktxxl.de\\\/markt\\\/wp-content\\\/uploads\\\/sites\\\/3\\\/2020\\\/12\\\/logo.png\",\"width\":200,\"height\":70,\"caption\":\"Markt-XXL\"},\"image\":{\"@id\":\"https:\\\/\\\/marktxxl.de\\\/markt\\\/#\\\/schema\\\/logo\\\/image\\\/\"}}]}<\/script>\n<!-- \/ Yoast SEO plugin. -->","yoast_head_json":{"title":"UFD Kabel Splitter, 1-auf-2 Wege Splitter Kabel Adapter Konverter, 1080P HDMI Stecker auf Dual HDMI Buchse - Markt-XXL","description":"Markt-XXL UFD Kabel Splitter, 1-auf-2 Wege Splitter Kabel Adapter Konverter, 1080P HDMI Stecker auf Dual HDMI Buchse","robots":{"index":"index","follow":"follow","max-snippet":"max-snippet:-1","max-image-preview":"max-image-preview:large","max-video-preview":"max-video-preview:-1"},"canonical":"https:\/\/marktxxl.de\/markt\/produkt\/hdmi-kabel-splitter-1-auf-2-wege-splitter-kabel-adapter-konverter-1080p-hdmi-stecker-auf-dual-hdmi-buchse\/","og_locale":"de_DE","og_type":"article","og_title":"UFD Kabel Splitter, 1-auf-2 Wege Splitter Kabel Adapter Konverter, 1080P HDMI Stecker auf Dual HDMI Buchse - Markt-XXL","og_description":"Markt-XXL UFD Kabel Splitter, 1-auf-2 Wege Splitter Kabel Adapter Konverter, 1080P HDMI Stecker auf Dual HDMI Buchse","og_url":"https:\/\/marktxxl.de\/markt\/produkt\/hdmi-kabel-splitter-1-auf-2-wege-splitter-kabel-adapter-konverter-1080p-hdmi-stecker-auf-dual-hdmi-buchse\/","og_site_name":"Markt-XXL","article_modified_time":"2023-04-10T00:43:17+00:00","og_image":[{"width":500,"height":500,"url":"https:\/\/m.media-amazon.com\/images\/I\/41SOMOR-1EL._SL500_.jpg","type":"image\/jpeg"}],"twitter_card":"summary_large_image","twitter_misc":{"Gesch\u00e4tzte Lesezeit":"1\u00a0Minute"},"schema":{"@context":"https:\/\/schema.org","@graph":[{"@type":"WebPage","@id":"https:\/\/marktxxl.de\/markt\/produkt\/hdmi-kabel-splitter-1-auf-2-wege-splitter-kabel-adapter-konverter-1080p-hdmi-stecker-auf-dual-hdmi-buchse\/","url":"https:\/\/marktxxl.de\/markt\/produkt\/hdmi-kabel-splitter-1-auf-2-wege-splitter-kabel-adapter-konverter-1080p-hdmi-stecker-auf-dual-hdmi-buchse\/","name":"UFD Kabel Splitter, 1-auf-2 Wege Splitter Kabel Adapter Konverter, 1080P HDMI Stecker auf Dual HDMI Buchse - Markt-XXL","isPartOf":{"@id":"https:\/\/marktxxl.de\/markt\/#website"},"primaryImageOfPage":{"@id":"https:\/\/marktxxl.de\/markt\/produkt\/hdmi-kabel-splitter-1-auf-2-wege-splitter-kabel-adapter-konverter-1080p-hdmi-stecker-auf-dual-hdmi-buchse\/#primaryimage"},"image":{"@id":"https:\/\/marktxxl.de\/markt\/produkt\/hdmi-kabel-splitter-1-auf-2-wege-splitter-kabel-adapter-konverter-1080p-hdmi-stecker-auf-dual-hdmi-buchse\/#primaryimage"},"thumbnailUrl":"https:\/\/m.media-amazon.com\/images\/I\/41SOMOR-1EL._SL500_.jpg","datePublished":"2021-11-25T14:42:07+00:00","dateModified":"2023-04-10T00:43:17+00:00","description":"Markt-XXL UFD Kabel Splitter, 1-auf-2 Wege Splitter Kabel Adapter Konverter, 1080P HDMI Stecker auf Dual HDMI Buchse","breadcrumb":{"@id":"https:\/\/marktxxl.de\/markt\/produkt\/hdmi-kabel-splitter-1-auf-2-wege-splitter-kabel-adapter-konverter-1080p-hdmi-stecker-auf-dual-hdmi-buchse\/#breadcrumb"},"inLanguage":"de","potentialAction":[{"@type":"ReadAction","target":["https:\/\/marktxxl.de\/markt\/produkt\/hdmi-kabel-splitter-1-auf-2-wege-splitter-kabel-adapter-konverter-1080p-hdmi-stecker-auf-dual-hdmi-buchse\/"]}]},{"@type":"ImageObject","inLanguage":"de","@id":"https:\/\/marktxxl.de\/markt\/produkt\/hdmi-kabel-splitter-1-auf-2-wege-splitter-kabel-adapter-konverter-1080p-hdmi-stecker-auf-dual-hdmi-buchse\/#primaryimage","url":"https:\/\/m.media-amazon.com\/images\/I\/41SOMOR-1EL._SL500_.jpg","contentUrl":"https:\/\/m.media-amazon.com\/images\/I\/41SOMOR-1EL._SL500_.jpg","width":500,"height":500},{"@type":"BreadcrumbList","@id":"https:\/\/marktxxl.de\/markt\/produkt\/hdmi-kabel-splitter-1-auf-2-wege-splitter-kabel-adapter-konverter-1080p-hdmi-stecker-auf-dual-hdmi-buchse\/#breadcrumb","itemListElement":[{"@type":"ListItem","position":1,"name":"Startseite","item":"https:\/\/marktxxl.de\/markt\/"},{"@type":"ListItem","position":2,"name":"Markt","item":"https:\/\/marktxxl.de\/markt\/"},{"@type":"ListItem","position":3,"name":"UFD Kabel Splitter, 1-auf-2 Wege Splitter Kabel Adapter Konverter, 1080P HDMI Stecker auf Dual HDMI Buchse"}]},{"@type":"WebSite","@id":"https:\/\/marktxxl.de\/markt\/#website","url":"https:\/\/marktxxl.de\/markt\/","name":"Markt-XXL","description":"Ihr Markt Online","publisher":{"@id":"https:\/\/marktxxl.de\/markt\/#organization"},"potentialAction":[{"@type":"SearchAction","target":{"@type":"EntryPoint","urlTemplate":"https:\/\/marktxxl.de\/markt\/?s={search_term_string}"},"query-input":{"@type":"PropertyValueSpecification","valueRequired":true,"valueName":"search_term_string"}}],"inLanguage":"de"},{"@type":"Organization","@id":"https:\/\/marktxxl.de\/markt\/#organization","name":"Markt-XXL","url":"https:\/\/marktxxl.de\/markt\/","logo":{"@type":"ImageObject","inLanguage":"de","@id":"https:\/\/marktxxl.de\/markt\/#\/schema\/logo\/image\/","url":"https:\/\/marktxxl.de\/markt\/wp-content\/uploads\/sites\/3\/2020\/12\/logo.png","contentUrl":"https:\/\/marktxxl.de\/markt\/wp-content\/uploads\/sites\/3\/2020\/12\/logo.png","width":200,"height":70,"caption":"Markt-XXL"},"image":{"@id":"https:\/\/marktxxl.de\/markt\/#\/schema\/logo\/image\/"}}]}},"_links":{"self":[{"href":"https:\/\/marktxxl.de\/markt\/wp-json\/wp\/v2\/product\/77952","targetHints":{"allow":["GET"]}}],"collection":[{"href":"https:\/\/marktxxl.de\/markt\/wp-json\/wp\/v2\/product"}],"about":[{"href":"https:\/\/marktxxl.de\/markt\/wp-json\/wp\/v2\/types\/product"}],"replies":[{"embeddable":true,"href":"https:\/\/marktxxl.de\/markt\/wp-json\/wp\/v2\/comments?post=77952"}],"wp:featuredmedia":[{"embeddable":true,"href":"https:\/\/marktxxl.de\/markt\/wp-json\/wp\/v2\/media\/77953"}],"wp:attachment":[{"href":"https:\/\/marktxxl.de\/markt\/wp-json\/wp\/v2\/media?parent=77952"}],"wp:term":[{"taxonomy":"product_brand","embeddable":true,"href":"https:\/\/marktxxl.de\/markt\/wp-json\/wp\/v2\/product_brand?post=77952"},{"taxonomy":"product_cat","embeddable":true,"href":"https:\/\/marktxxl.de\/markt\/wp-json\/wp\/v2\/product_cat?post=77952"},{"taxonomy":"product_tag","embeddable":true,"href":"https:\/\/marktxxl.de\/markt\/wp-json\/wp\/v2\/product_tag?post=77952"}],"curies":[{"name":"wp","href":"https:\/\/api.w.org\/{rel}","templated":true}]}}