{"id":77944,"date":"2021-11-25T15:42:03","date_gmt":"2021-11-25T14:42:03","guid":{"rendered":"https:\/\/marktxxl.de\/markt\/produkt\/laptop-14-zoll-teclast-f7-plus-notebook-12gb-ram-256gb-ssd-quad-core-intel-n4100-beleuchtete-tastatur-1920x1080-full-hd-windows-10-home-38000mwh-usb-30-mini-hdmi-micro-sd-qwerty\/"},"modified":"2023-04-10T02:43:17","modified_gmt":"2023-04-10T00:43:17","slug":"laptop-14-zoll-teclast-f7-plus-notebook-12gb-ram-256gb-ssd-quad-core-intel-n4100-beleuchtete-tastatur-1920x1080-full-hd-windows-10-home-38000mwh-usb-30-mini-hdmi-micro-sd-qwerty","status":"publish","type":"product","link":"https:\/\/marktxxl.de\/markt\/produkt\/laptop-14-zoll-teclast-f7-plus-notebook-12gb-ram-256gb-ssd-quad-core-intel-n4100-beleuchtete-tastatur-1920x1080-full-hd-windows-10-home-38000mwh-usb-30-mini-hdmi-micro-sd-qwerty\/","title":{"rendered":"Laptop 14 Zoll, TECLAST F7 Plus Notebook, 12GB RAM 256GB SSD, Quad Core, Intel N4100, Beleuchtete Tastatur, 1920&#215;1080\u2026"},"content":{"rendered":"<p>\u3010Gro\u00dfer Bildschirm\u3011Hohes Bildschirm zu K\u00f6rper-Verh\u00e4ltnis, Laptop PC mit einem 14 Zoll Bildschirm 1920\u00d71080 mit Full HD IPS Aufl\u00f6sung, breiter Betrachtungswinkel, was zu einem breiten, sauberen und intensiven Seherlebnis f\u00fchrt, so dass die T\u00f6ne lebendig und genau sind.<br \/>\n\u3010Leichtes Design\u3011Notebook mit elegantem Metallgeh\u00e4use, Teclast F7 PLUS Laptop wiegt nur 1,5kg, die d\u00fcnnste Stelle des Rumpfes ist nur 7mm, es ist sehr bequem zu tragen und kann f\u00fcr Gesch\u00e4ftsreisen und Studien verwendet werden, ein gutes Geschenk. Es eignet sich sehr gut als Weihnachtsgeschenk.<br \/>\n\u3010Optimierte Leistung\u301114 Zoll Notebook verf\u00fcgt \u00fcber einen N4100-Prozessor und hat 4 ultra reaktionsschnelle Kerne, die die Leistung beschleunigen und optimieren. Notebook PC mit 12GB l\u00e4uft, 256GB Speicher und TF-Kartenerweiterung, so dass das Notebook schneller und reibungsloser l\u00e4uft, ohne das Problem des Einfrierens jemals.<br \/>\n\u3010Tastatur mit Hintergrundbeleuchtung\u3011 Das Windows 10 Laptop verf\u00fcgt \u00fcber eine beleuchtete Tastatur mit insgesamt zwei Helligkeitsstufen, die auch im Dunkeln genutzt werden kann (die Tastatur ist eine englische Tastatur und ein deutsche Tastaturaufkleber wird mitgeliefert). Die Tasten sind gr\u00f6\u00dfer und das Tippen ist bequemer.<br \/>\n\u3010High Speed Verbindung\u3011Der 12GB Laptop PC eine gro\u00dfe Leistung von 38000mWh und eine Akkulaufzeit von bis zu 7 Stunden; Dual-Band ac WiFi macht High-Speed-Wireless-\u00dcbertragung, Bluetooth 4.2, zwei Standard-USB 3.0 bietet eine einfache Verbindung zu verschiedenen Peripherieger\u00e4ten und HDMI-Audio-Ausgang bringt eine High-Definition-Video.<br \/>\n<div class=\"main-cross-sell\" data-asin=\"B09JKGPVS4\">\n\n\t<div class=\"WooZone-cross-sell-loader\">\n\t\t<div>\n\t\t\t<div id=\"floatingBarsG\">\n\t\t\t\t<div class=\"blockG\" id=\"rotateG_01\"><\/div>\n\t\t\t\t<div class=\"blockG\" id=\"rotateG_02\"><\/div>\n\t\t\t\t<div class=\"blockG\" id=\"rotateG_03\"><\/div>\n\t\t\t\t<div class=\"blockG\" id=\"rotateG_04\"><\/div>\n\t\t\t\t<div class=\"blockG\" id=\"rotateG_05\"><\/div>\n\t\t\t\t<div class=\"blockG\" id=\"rotateG_06\"><\/div>\n\t\t\t\t<div class=\"blockG\" id=\"rotateG_07\"><\/div>\n\t\t\t\t<div class=\"blockG\" id=\"rotateG_08\"><\/div>\n\t\t\t<\/div>\n\t\t\t<div class=\"WooZone-cross-sell-loader-text\"><\/div>\n\t\t<\/div>\n\t<\/div>\n\n\t\t\n<\/div>\n<div style=\"clear:both;\"><\/div><\/p>\n","protected":false},"excerpt":{"rendered":"<p>\u3010Gro\u00dfer Bildschirm\u3011Hohes Bildschirm zu K\u00f6rper-Verh\u00e4ltnis, Laptop PC mit einem 14 Zoll Bildschirm 1920\u00d71080 mit Full HD IPS Aufl\u00f6sung, breiter Betrachtungswinkel, was zu einem breiten, sauberen und intensiven Seherlebnis f\u00fchrt, so dass die T\u00f6ne lebendig und genau sind.<br \/>\n\u3010Leichtes Design\u3011Notebook mit elegantem Metallgeh\u00e4use, Teclast F7 PLUS Laptop wiegt nur 1,5kg, die d\u00fcnnste Stelle des Rumpfes ist nur 7mm, es ist sehr bequem zu tragen und kann f\u00fcr Gesch\u00e4ftsreisen und Studien verwendet werden, ein gutes Geschenk. Es eignet sich sehr gut als Weihnachtsgeschenk.<br \/>\n\u3010Optimierte Leistung\u301114 Zoll Notebook verf\u00fcgt \u00fcber einen N4100-Prozessor und hat 4 ultra reaktionsschnelle Kerne, die die Leistung beschleunigen und optimieren. Notebook PC mit 12GB l\u00e4uft, 256GB Speicher und TF-Kartenerweiterung, so dass das Notebook schneller und reibungsloser l\u00e4uft, ohne das Problem des Einfrierens jemals.<\/p>\n","protected":false},"featured_media":77945,"comment_status":"open","ping_status":"closed","template":"","meta":[],"product_brand":[],"product_cat":[863],"product_tag":[],"class_list":{"0":"post-77944","1":"product","2":"type-product","3":"status-publish","4":"has-post-thumbnail","6":"product_cat-computer-zubehoer","7":"pa_brand-teclast","8":"pa_manufacturer-teclast","9":"pa_model-f7-plus","11":"first","12":"instock","13":"shipping-taxable","14":"purchasable","15":"product-type-simple","16":"customify-col","17":"product-has-gallery"},"yoast_head":"<!-- This site is optimized with the Yoast SEO plugin v27.4 - https:\/\/yoast.com\/product\/yoast-seo-wordpress\/ -->\n<title>Laptop 14 Zoll, TECLAST F7 Plus Notebook, 12GB RAM 256GB SSD, Quad Core, Intel N4100, Beleuchtete Tastatur, 1920x1080\u2026 - Markt-XXL<\/title>\n<meta name=\"description\" content=\"Markt-XXL Laptop 14 Zoll, TECLAST F7 Plus Notebook, 12GB RAM 256GB SSD, Quad Core, Intel N4100, Beleuchtete Tastatur, 1920x1080\u2026\" \/>\n<meta name=\"robots\" content=\"index, follow, max-snippet:-1, max-image-preview:large, max-video-preview:-1\" \/>\n<link rel=\"canonical\" href=\"https:\/\/marktxxl.de\/markt\/produkt\/laptop-14-zoll-teclast-f7-plus-notebook-12gb-ram-256gb-ssd-quad-core-intel-n4100-beleuchtete-tastatur-1920x1080-full-hd-windows-10-home-38000mwh-usb-30-mini-hdmi-micro-sd-qwerty\/\" \/>\n<meta property=\"og:locale\" content=\"de_DE\" \/>\n<meta property=\"og:type\" content=\"article\" \/>\n<meta property=\"og:title\" content=\"Laptop 14 Zoll, TECLAST F7 Plus Notebook, 12GB RAM 256GB SSD, Quad Core, Intel N4100, Beleuchtete Tastatur, 1920x1080\u2026 - Markt-XXL\" \/>\n<meta property=\"og:description\" content=\"Markt-XXL Laptop 14 Zoll, TECLAST F7 Plus Notebook, 12GB RAM 256GB SSD, Quad Core, Intel N4100, Beleuchtete Tastatur, 1920x1080\u2026\" \/>\n<meta property=\"og:url\" content=\"https:\/\/marktxxl.de\/markt\/produkt\/laptop-14-zoll-teclast-f7-plus-notebook-12gb-ram-256gb-ssd-quad-core-intel-n4100-beleuchtete-tastatur-1920x1080-full-hd-windows-10-home-38000mwh-usb-30-mini-hdmi-micro-sd-qwerty\/\" \/>\n<meta property=\"og:site_name\" content=\"Markt-XXL\" \/>\n<meta property=\"article:modified_time\" content=\"2023-04-10T00:43:17+00:00\" \/>\n<meta property=\"og:image\" content=\"https:\/\/m.media-amazon.com\/images\/I\/51wJSW75XML._SL500_.jpg\" \/>\n\t<meta property=\"og:image:width\" content=\"500\" \/>\n\t<meta property=\"og:image:height\" content=\"500\" \/>\n\t<meta property=\"og:image:type\" content=\"image\/jpeg\" \/>\n<meta name=\"twitter:card\" content=\"summary_large_image\" \/>\n<meta name=\"twitter:label1\" content=\"Gesch\u00e4tzte Lesezeit\" \/>\n\t<meta name=\"twitter:data1\" content=\"1\u00a0Minute\" \/>\n<script type=\"application\/ld+json\" class=\"yoast-schema-graph\">{\"@context\":\"https:\\\/\\\/schema.org\",\"@graph\":[{\"@type\":\"WebPage\",\"@id\":\"https:\\\/\\\/marktxxl.de\\\/markt\\\/produkt\\\/laptop-14-zoll-teclast-f7-plus-notebook-12gb-ram-256gb-ssd-quad-core-intel-n4100-beleuchtete-tastatur-1920x1080-full-hd-windows-10-home-38000mwh-usb-30-mini-hdmi-micro-sd-qwerty\\\/\",\"url\":\"https:\\\/\\\/marktxxl.de\\\/markt\\\/produkt\\\/laptop-14-zoll-teclast-f7-plus-notebook-12gb-ram-256gb-ssd-quad-core-intel-n4100-beleuchtete-tastatur-1920x1080-full-hd-windows-10-home-38000mwh-usb-30-mini-hdmi-micro-sd-qwerty\\\/\",\"name\":\"Laptop 14 Zoll, TECLAST F7 Plus Notebook, 12GB RAM 256GB SSD, Quad Core, Intel N4100, Beleuchtete Tastatur, 1920x1080\u2026 - Markt-XXL\",\"isPartOf\":{\"@id\":\"https:\\\/\\\/marktxxl.de\\\/markt\\\/#website\"},\"primaryImageOfPage\":{\"@id\":\"https:\\\/\\\/marktxxl.de\\\/markt\\\/produkt\\\/laptop-14-zoll-teclast-f7-plus-notebook-12gb-ram-256gb-ssd-quad-core-intel-n4100-beleuchtete-tastatur-1920x1080-full-hd-windows-10-home-38000mwh-usb-30-mini-hdmi-micro-sd-qwerty\\\/#primaryimage\"},\"image\":{\"@id\":\"https:\\\/\\\/marktxxl.de\\\/markt\\\/produkt\\\/laptop-14-zoll-teclast-f7-plus-notebook-12gb-ram-256gb-ssd-quad-core-intel-n4100-beleuchtete-tastatur-1920x1080-full-hd-windows-10-home-38000mwh-usb-30-mini-hdmi-micro-sd-qwerty\\\/#primaryimage\"},\"thumbnailUrl\":\"https:\\\/\\\/m.media-amazon.com\\\/images\\\/I\\\/51wJSW75XML._SL500_.jpg\",\"datePublished\":\"2021-11-25T14:42:03+00:00\",\"dateModified\":\"2023-04-10T00:43:17+00:00\",\"description\":\"Markt-XXL Laptop 14 Zoll, TECLAST F7 Plus Notebook, 12GB RAM 256GB SSD, Quad Core, Intel N4100, Beleuchtete Tastatur, 1920x1080\u2026\",\"breadcrumb\":{\"@id\":\"https:\\\/\\\/marktxxl.de\\\/markt\\\/produkt\\\/laptop-14-zoll-teclast-f7-plus-notebook-12gb-ram-256gb-ssd-quad-core-intel-n4100-beleuchtete-tastatur-1920x1080-full-hd-windows-10-home-38000mwh-usb-30-mini-hdmi-micro-sd-qwerty\\\/#breadcrumb\"},\"inLanguage\":\"de\",\"potentialAction\":[{\"@type\":\"ReadAction\",\"target\":[\"https:\\\/\\\/marktxxl.de\\\/markt\\\/produkt\\\/laptop-14-zoll-teclast-f7-plus-notebook-12gb-ram-256gb-ssd-quad-core-intel-n4100-beleuchtete-tastatur-1920x1080-full-hd-windows-10-home-38000mwh-usb-30-mini-hdmi-micro-sd-qwerty\\\/\"]}]},{\"@type\":\"ImageObject\",\"inLanguage\":\"de\",\"@id\":\"https:\\\/\\\/marktxxl.de\\\/markt\\\/produkt\\\/laptop-14-zoll-teclast-f7-plus-notebook-12gb-ram-256gb-ssd-quad-core-intel-n4100-beleuchtete-tastatur-1920x1080-full-hd-windows-10-home-38000mwh-usb-30-mini-hdmi-micro-sd-qwerty\\\/#primaryimage\",\"url\":\"https:\\\/\\\/m.media-amazon.com\\\/images\\\/I\\\/51wJSW75XML._SL500_.jpg\",\"contentUrl\":\"https:\\\/\\\/m.media-amazon.com\\\/images\\\/I\\\/51wJSW75XML._SL500_.jpg\",\"width\":500,\"height\":500},{\"@type\":\"BreadcrumbList\",\"@id\":\"https:\\\/\\\/marktxxl.de\\\/markt\\\/produkt\\\/laptop-14-zoll-teclast-f7-plus-notebook-12gb-ram-256gb-ssd-quad-core-intel-n4100-beleuchtete-tastatur-1920x1080-full-hd-windows-10-home-38000mwh-usb-30-mini-hdmi-micro-sd-qwerty\\\/#breadcrumb\",\"itemListElement\":[{\"@type\":\"ListItem\",\"position\":1,\"name\":\"Startseite\",\"item\":\"https:\\\/\\\/marktxxl.de\\\/markt\\\/\"},{\"@type\":\"ListItem\",\"position\":2,\"name\":\"Markt\",\"item\":\"https:\\\/\\\/marktxxl.de\\\/markt\\\/\"},{\"@type\":\"ListItem\",\"position\":3,\"name\":\"Laptop 14 Zoll, TECLAST F7 Plus Notebook, 12GB RAM 256GB SSD, Quad Core, Intel N4100, Beleuchtete Tastatur, 1920&#215;1080\u2026\"}]},{\"@type\":\"WebSite\",\"@id\":\"https:\\\/\\\/marktxxl.de\\\/markt\\\/#website\",\"url\":\"https:\\\/\\\/marktxxl.de\\\/markt\\\/\",\"name\":\"Markt-XXL\",\"description\":\"Ihr Markt Online\",\"publisher\":{\"@id\":\"https:\\\/\\\/marktxxl.de\\\/markt\\\/#organization\"},\"potentialAction\":[{\"@type\":\"SearchAction\",\"target\":{\"@type\":\"EntryPoint\",\"urlTemplate\":\"https:\\\/\\\/marktxxl.de\\\/markt\\\/?s={search_term_string}\"},\"query-input\":{\"@type\":\"PropertyValueSpecification\",\"valueRequired\":true,\"valueName\":\"search_term_string\"}}],\"inLanguage\":\"de\"},{\"@type\":\"Organization\",\"@id\":\"https:\\\/\\\/marktxxl.de\\\/markt\\\/#organization\",\"name\":\"Markt-XXL\",\"url\":\"https:\\\/\\\/marktxxl.de\\\/markt\\\/\",\"logo\":{\"@type\":\"ImageObject\",\"inLanguage\":\"de\",\"@id\":\"https:\\\/\\\/marktxxl.de\\\/markt\\\/#\\\/schema\\\/logo\\\/image\\\/\",\"url\":\"https:\\\/\\\/marktxxl.de\\\/markt\\\/wp-content\\\/uploads\\\/sites\\\/3\\\/2020\\\/12\\\/logo.png\",\"contentUrl\":\"https:\\\/\\\/marktxxl.de\\\/markt\\\/wp-content\\\/uploads\\\/sites\\\/3\\\/2020\\\/12\\\/logo.png\",\"width\":200,\"height\":70,\"caption\":\"Markt-XXL\"},\"image\":{\"@id\":\"https:\\\/\\\/marktxxl.de\\\/markt\\\/#\\\/schema\\\/logo\\\/image\\\/\"}}]}<\/script>\n<!-- \/ Yoast SEO plugin. -->","yoast_head_json":{"title":"Laptop 14 Zoll, TECLAST F7 Plus Notebook, 12GB RAM 256GB SSD, Quad Core, Intel N4100, Beleuchtete Tastatur, 1920x1080\u2026 - Markt-XXL","description":"Markt-XXL Laptop 14 Zoll, TECLAST F7 Plus Notebook, 12GB RAM 256GB SSD, Quad Core, Intel N4100, Beleuchtete Tastatur, 1920x1080\u2026","robots":{"index":"index","follow":"follow","max-snippet":"max-snippet:-1","max-image-preview":"max-image-preview:large","max-video-preview":"max-video-preview:-1"},"canonical":"https:\/\/marktxxl.de\/markt\/produkt\/laptop-14-zoll-teclast-f7-plus-notebook-12gb-ram-256gb-ssd-quad-core-intel-n4100-beleuchtete-tastatur-1920x1080-full-hd-windows-10-home-38000mwh-usb-30-mini-hdmi-micro-sd-qwerty\/","og_locale":"de_DE","og_type":"article","og_title":"Laptop 14 Zoll, TECLAST F7 Plus Notebook, 12GB RAM 256GB SSD, Quad Core, Intel N4100, Beleuchtete Tastatur, 1920x1080\u2026 - Markt-XXL","og_description":"Markt-XXL Laptop 14 Zoll, TECLAST F7 Plus Notebook, 12GB RAM 256GB SSD, Quad Core, Intel N4100, Beleuchtete Tastatur, 1920x1080\u2026","og_url":"https:\/\/marktxxl.de\/markt\/produkt\/laptop-14-zoll-teclast-f7-plus-notebook-12gb-ram-256gb-ssd-quad-core-intel-n4100-beleuchtete-tastatur-1920x1080-full-hd-windows-10-home-38000mwh-usb-30-mini-hdmi-micro-sd-qwerty\/","og_site_name":"Markt-XXL","article_modified_time":"2023-04-10T00:43:17+00:00","og_image":[{"width":500,"height":500,"url":"https:\/\/m.media-amazon.com\/images\/I\/51wJSW75XML._SL500_.jpg","type":"image\/jpeg"}],"twitter_card":"summary_large_image","twitter_misc":{"Gesch\u00e4tzte Lesezeit":"1\u00a0Minute"},"schema":{"@context":"https:\/\/schema.org","@graph":[{"@type":"WebPage","@id":"https:\/\/marktxxl.de\/markt\/produkt\/laptop-14-zoll-teclast-f7-plus-notebook-12gb-ram-256gb-ssd-quad-core-intel-n4100-beleuchtete-tastatur-1920x1080-full-hd-windows-10-home-38000mwh-usb-30-mini-hdmi-micro-sd-qwerty\/","url":"https:\/\/marktxxl.de\/markt\/produkt\/laptop-14-zoll-teclast-f7-plus-notebook-12gb-ram-256gb-ssd-quad-core-intel-n4100-beleuchtete-tastatur-1920x1080-full-hd-windows-10-home-38000mwh-usb-30-mini-hdmi-micro-sd-qwerty\/","name":"Laptop 14 Zoll, TECLAST F7 Plus Notebook, 12GB RAM 256GB SSD, Quad Core, Intel N4100, Beleuchtete Tastatur, 1920x1080\u2026 - Markt-XXL","isPartOf":{"@id":"https:\/\/marktxxl.de\/markt\/#website"},"primaryImageOfPage":{"@id":"https:\/\/marktxxl.de\/markt\/produkt\/laptop-14-zoll-teclast-f7-plus-notebook-12gb-ram-256gb-ssd-quad-core-intel-n4100-beleuchtete-tastatur-1920x1080-full-hd-windows-10-home-38000mwh-usb-30-mini-hdmi-micro-sd-qwerty\/#primaryimage"},"image":{"@id":"https:\/\/marktxxl.de\/markt\/produkt\/laptop-14-zoll-teclast-f7-plus-notebook-12gb-ram-256gb-ssd-quad-core-intel-n4100-beleuchtete-tastatur-1920x1080-full-hd-windows-10-home-38000mwh-usb-30-mini-hdmi-micro-sd-qwerty\/#primaryimage"},"thumbnailUrl":"https:\/\/m.media-amazon.com\/images\/I\/51wJSW75XML._SL500_.jpg","datePublished":"2021-11-25T14:42:03+00:00","dateModified":"2023-04-10T00:43:17+00:00","description":"Markt-XXL Laptop 14 Zoll, TECLAST F7 Plus Notebook, 12GB RAM 256GB SSD, Quad Core, Intel N4100, Beleuchtete Tastatur, 1920x1080\u2026","breadcrumb":{"@id":"https:\/\/marktxxl.de\/markt\/produkt\/laptop-14-zoll-teclast-f7-plus-notebook-12gb-ram-256gb-ssd-quad-core-intel-n4100-beleuchtete-tastatur-1920x1080-full-hd-windows-10-home-38000mwh-usb-30-mini-hdmi-micro-sd-qwerty\/#breadcrumb"},"inLanguage":"de","potentialAction":[{"@type":"ReadAction","target":["https:\/\/marktxxl.de\/markt\/produkt\/laptop-14-zoll-teclast-f7-plus-notebook-12gb-ram-256gb-ssd-quad-core-intel-n4100-beleuchtete-tastatur-1920x1080-full-hd-windows-10-home-38000mwh-usb-30-mini-hdmi-micro-sd-qwerty\/"]}]},{"@type":"ImageObject","inLanguage":"de","@id":"https:\/\/marktxxl.de\/markt\/produkt\/laptop-14-zoll-teclast-f7-plus-notebook-12gb-ram-256gb-ssd-quad-core-intel-n4100-beleuchtete-tastatur-1920x1080-full-hd-windows-10-home-38000mwh-usb-30-mini-hdmi-micro-sd-qwerty\/#primaryimage","url":"https:\/\/m.media-amazon.com\/images\/I\/51wJSW75XML._SL500_.jpg","contentUrl":"https:\/\/m.media-amazon.com\/images\/I\/51wJSW75XML._SL500_.jpg","width":500,"height":500},{"@type":"BreadcrumbList","@id":"https:\/\/marktxxl.de\/markt\/produkt\/laptop-14-zoll-teclast-f7-plus-notebook-12gb-ram-256gb-ssd-quad-core-intel-n4100-beleuchtete-tastatur-1920x1080-full-hd-windows-10-home-38000mwh-usb-30-mini-hdmi-micro-sd-qwerty\/#breadcrumb","itemListElement":[{"@type":"ListItem","position":1,"name":"Startseite","item":"https:\/\/marktxxl.de\/markt\/"},{"@type":"ListItem","position":2,"name":"Markt","item":"https:\/\/marktxxl.de\/markt\/"},{"@type":"ListItem","position":3,"name":"Laptop 14 Zoll, TECLAST F7 Plus Notebook, 12GB RAM 256GB SSD, Quad Core, Intel N4100, Beleuchtete Tastatur, 1920&#215;1080\u2026"}]},{"@type":"WebSite","@id":"https:\/\/marktxxl.de\/markt\/#website","url":"https:\/\/marktxxl.de\/markt\/","name":"Markt-XXL","description":"Ihr Markt Online","publisher":{"@id":"https:\/\/marktxxl.de\/markt\/#organization"},"potentialAction":[{"@type":"SearchAction","target":{"@type":"EntryPoint","urlTemplate":"https:\/\/marktxxl.de\/markt\/?s={search_term_string}"},"query-input":{"@type":"PropertyValueSpecification","valueRequired":true,"valueName":"search_term_string"}}],"inLanguage":"de"},{"@type":"Organization","@id":"https:\/\/marktxxl.de\/markt\/#organization","name":"Markt-XXL","url":"https:\/\/marktxxl.de\/markt\/","logo":{"@type":"ImageObject","inLanguage":"de","@id":"https:\/\/marktxxl.de\/markt\/#\/schema\/logo\/image\/","url":"https:\/\/marktxxl.de\/markt\/wp-content\/uploads\/sites\/3\/2020\/12\/logo.png","contentUrl":"https:\/\/marktxxl.de\/markt\/wp-content\/uploads\/sites\/3\/2020\/12\/logo.png","width":200,"height":70,"caption":"Markt-XXL"},"image":{"@id":"https:\/\/marktxxl.de\/markt\/#\/schema\/logo\/image\/"}}]}},"_links":{"self":[{"href":"https:\/\/marktxxl.de\/markt\/wp-json\/wp\/v2\/product\/77944","targetHints":{"allow":["GET"]}}],"collection":[{"href":"https:\/\/marktxxl.de\/markt\/wp-json\/wp\/v2\/product"}],"about":[{"href":"https:\/\/marktxxl.de\/markt\/wp-json\/wp\/v2\/types\/product"}],"replies":[{"embeddable":true,"href":"https:\/\/marktxxl.de\/markt\/wp-json\/wp\/v2\/comments?post=77944"}],"wp:featuredmedia":[{"embeddable":true,"href":"https:\/\/marktxxl.de\/markt\/wp-json\/wp\/v2\/media\/77945"}],"wp:attachment":[{"href":"https:\/\/marktxxl.de\/markt\/wp-json\/wp\/v2\/media?parent=77944"}],"wp:term":[{"taxonomy":"product_brand","embeddable":true,"href":"https:\/\/marktxxl.de\/markt\/wp-json\/wp\/v2\/product_brand?post=77944"},{"taxonomy":"product_cat","embeddable":true,"href":"https:\/\/marktxxl.de\/markt\/wp-json\/wp\/v2\/product_cat?post=77944"},{"taxonomy":"product_tag","embeddable":true,"href":"https:\/\/marktxxl.de\/markt\/wp-json\/wp\/v2\/product_tag?post=77944"}],"curies":[{"name":"wp","href":"https:\/\/api.w.org\/{rel}","templated":true}]}}