{"id":77881,"date":"2021-11-25T15:36:40","date_gmt":"2021-11-25T14:36:40","guid":{"rendered":"https:\/\/marktxxl.de\/markt\/produkt\/gelomyrtol-forte-100-st-verbessert-den-abtransport-schaedlicher-viren-der-pflanzlicher-schleimloeser-bei-akuten-atemwegsinfekten-mit-husten-schnupfen-und-druckkopfschmerz-symptome-der-sinusitis\/"},"modified":"2023-04-10T02:43:16","modified_gmt":"2023-04-10T00:43:16","slug":"gelomyrtol-forte-100-st-verbessert-den-abtransport-schaedlicher-viren-der-pflanzlicher-schleimloeser-bei-akuten-atemwegsinfekten-mit-husten-schnupfen-und-druckkopfschmerz-symptome-der-sinusitis","status":"publish","type":"product","link":"https:\/\/marktxxl.de\/markt\/produkt\/gelomyrtol-forte-100-st-verbessert-den-abtransport-schaedlicher-viren-der-pflanzlicher-schleimloeser-bei-akuten-atemwegsinfekten-mit-husten-schnupfen-und-druckkopfschmerz-symptome-der-sinusitis\/","title":{"rendered":"GeloMyrtol forte 100 St., Verbessert den Abtransport sch\u00e4dlicher Viren, Der pflanzlicher Schleiml\u00f6ser bei akuten\u2026"},"content":{"rendered":"<p>GeloMyrtol forte ist ein pflanzlicher Schleiml\u00f6ser. Es l\u00f6st den Schleim bei akuter und chronischer Bronchitis und Sinusitis (Nasennebenh\u00f6hlenentz\u00fcndung). Nehmen Sie GeloMyrtol forte bereits bei den ersten Anzeichen eines Atemwegsinfekts so kann einer Verschlimmerung entgegengewirkt werden.<br \/>\nDie Schleimhaut der oberen und unteren Atemwege bildet eine gemeinsame Einheit. Deshalb sind Nase und Lunge h\u00e4ufig gleichzeitig von einem Atemwegsinfekt betroffen. GeloMyrtol forte wirkt umfassend sowohl in den oberen als auch den unteren Atemwegen: Bei Symptomen wie Husten, Schnupfen und Druckkopfschmerz.<br \/>\nDie Wirkung von GeloMyrtol forte beruht auf dem Spezialdestillat ELOM-080. Das Spezialdestillat wird vom K\u00f6rper aufgenommen und gelangt \u00fcber den Blutkreislauf in die Lunge und die oberen Atemwege (z.B. Nasennebenh\u00f6hlen, Stirnh\u00f6hlen). Dort l\u00f6st es den Schleim und f\u00f6rdert den Heilungsprozess. Diesen Effekt k\u00f6nnen Sie erleben: das Spezialdestillat \u00e4therischer \u00d6le wird abgeatmet. Sie sp\u00fcren und riechen GeloMyrtol forte wie eine Inhalation von Innen.<br \/>\nKinder haben besonders h\u00e4ufig Symptome wie Schnupfen und Husten gleichzeitig, die sich schnell zu einer Bronchitis oder Sinusitis entwickeln k\u00f6nnen. Der pflanzliche Schleiml\u00f6ser GeloMyrtol forte ist bereits f\u00fcr Kinder ab 6 Jahren geeignet und gut vertr\u00e4glich.<br \/>\nNehmen Sie bereits bei den ersten Anzeichen einer Erk\u00e4ltung GeloMyrtol forte. Der pflanzliche Schleiml\u00f6ser aktiviert die Selbstreinigungskr\u00e4fte der Atemwege kann so ein Festsetzen und die Ausweitung eines Infekts verhindern.<br \/>\n<div class=\"main-cross-sell\" data-asin=\"B0090JZ59S\">\n\n\t<div class=\"WooZone-cross-sell-loader\">\n\t\t<div>\n\t\t\t<div id=\"floatingBarsG\">\n\t\t\t\t<div class=\"blockG\" id=\"rotateG_01\"><\/div>\n\t\t\t\t<div class=\"blockG\" id=\"rotateG_02\"><\/div>\n\t\t\t\t<div class=\"blockG\" id=\"rotateG_03\"><\/div>\n\t\t\t\t<div class=\"blockG\" id=\"rotateG_04\"><\/div>\n\t\t\t\t<div class=\"blockG\" id=\"rotateG_05\"><\/div>\n\t\t\t\t<div class=\"blockG\" id=\"rotateG_06\"><\/div>\n\t\t\t\t<div class=\"blockG\" id=\"rotateG_07\"><\/div>\n\t\t\t\t<div class=\"blockG\" id=\"rotateG_08\"><\/div>\n\t\t\t<\/div>\n\t\t\t<div class=\"WooZone-cross-sell-loader-text\"><\/div>\n\t\t<\/div>\n\t<\/div>\n\n\t\t\n<\/div>\n<div style=\"clear:both;\"><\/div><\/p>\n","protected":false},"excerpt":{"rendered":"<p>GeloMyrtol forte ist ein pflanzlicher Schleiml\u00f6ser. Es l\u00f6st den Schleim bei akuter und chronischer Bronchitis und Sinusitis (Nasennebenh\u00f6hlenentz\u00fcndung). Nehmen Sie GeloMyrtol forte bereits bei den ersten Anzeichen eines Atemwegsinfekts so kann einer Verschlimmerung entgegengewirkt werden.<br \/>\nDie Schleimhaut der oberen und unteren Atemwege bildet eine gemeinsame Einheit. Deshalb sind Nase und Lunge h\u00e4ufig gleichzeitig von einem Atemwegsinfekt betroffen. GeloMyrtol forte wirkt umfassend sowohl in den oberen als auch den unteren Atemwegen: Bei Symptomen wie Husten, Schnupfen und Druckkopfschmerz.<br \/>\nDie Wirkung von GeloMyrtol forte beruht auf dem Spezialdestillat ELOM-080. Das Spezialdestillat wird vom K\u00f6rper aufgenommen und gelangt \u00fcber den Blutkreislauf in die Lunge und die oberen Atemwege (z.B. Nasennebenh\u00f6hlen, Stirnh\u00f6hlen). Dort l\u00f6st es den Schleim und f\u00f6rdert den Heilungsprozess. Diesen Effekt k\u00f6nnen Sie erleben: das Spezialdestillat \u00e4therischer \u00d6le wird abgeatmet. Sie sp\u00fcren und riechen GeloMyrtol forte wie eine Inhalation von Innen.<\/p>\n","protected":false},"featured_media":77882,"comment_status":"open","ping_status":"closed","template":"","meta":[],"product_brand":[],"product_cat":[566,5846],"product_tag":[],"class_list":{"0":"post-77881","1":"product","2":"type-product","3":"status-publish","4":"has-post-thumbnail","6":"product_cat-drogerie-koerperpflege","7":"product_cat-medizin-erste-hilfe","8":"pa_binding-badartikel","9":"pa_brand-gelomyrtol","10":"pa_height-0-01-zoll","11":"pa_languages-unbekannt-deutsch","12":"pa_length-0-01-zoll","13":"pa_manufacturer-g-pohl-boskamp-gmbh-co-kg","14":"pa_model-26072","15":"pa_size-100-stueck-1er-pack","16":"pa_weight-0-01-pfund","17":"pa_width-0-01-zoll","19":"first","20":"instock","21":"shipping-taxable","22":"purchasable","23":"product-type-simple","24":"customify-col","25":"product-has-gallery"},"yoast_head":"<!-- This site is optimized with the Yoast SEO plugin v27.4 - https:\/\/yoast.com\/product\/yoast-seo-wordpress\/ -->\n<title>GeloMyrtol forte 100 St., Verbessert den Abtransport sch\u00e4dlicher Viren, Der pflanzlicher Schleiml\u00f6ser bei akuten\u2026 - Markt-XXL<\/title>\n<meta name=\"description\" content=\"Markt-XXL GeloMyrtol forte 100 St., Verbessert den Abtransport sch\u00e4dlicher Viren, Der pflanzlicher Schleiml\u00f6ser bei akuten\u2026\" \/>\n<meta name=\"robots\" content=\"index, follow, max-snippet:-1, max-image-preview:large, max-video-preview:-1\" \/>\n<link rel=\"canonical\" href=\"https:\/\/marktxxl.de\/markt\/produkt\/gelomyrtol-forte-100-st-verbessert-den-abtransport-schaedlicher-viren-der-pflanzlicher-schleimloeser-bei-akuten-atemwegsinfekten-mit-husten-schnupfen-und-druckkopfschmerz-symptome-der-sinusitis\/\" \/>\n<meta property=\"og:locale\" content=\"de_DE\" \/>\n<meta property=\"og:type\" content=\"article\" \/>\n<meta property=\"og:title\" content=\"GeloMyrtol forte 100 St., Verbessert den Abtransport sch\u00e4dlicher Viren, Der pflanzlicher Schleiml\u00f6ser bei akuten\u2026 - Markt-XXL\" \/>\n<meta property=\"og:description\" content=\"Markt-XXL GeloMyrtol forte 100 St., Verbessert den Abtransport sch\u00e4dlicher Viren, Der pflanzlicher Schleiml\u00f6ser bei akuten\u2026\" \/>\n<meta property=\"og:url\" content=\"https:\/\/marktxxl.de\/markt\/produkt\/gelomyrtol-forte-100-st-verbessert-den-abtransport-schaedlicher-viren-der-pflanzlicher-schleimloeser-bei-akuten-atemwegsinfekten-mit-husten-schnupfen-und-druckkopfschmerz-symptome-der-sinusitis\/\" \/>\n<meta property=\"og:site_name\" content=\"Markt-XXL\" \/>\n<meta property=\"article:modified_time\" content=\"2023-04-10T00:43:16+00:00\" \/>\n<meta property=\"og:image\" content=\"https:\/\/m.media-amazon.com\/images\/I\/41fCUK84aqL._SL500_.jpg\" \/>\n\t<meta property=\"og:image:width\" content=\"500\" \/>\n\t<meta property=\"og:image:height\" content=\"500\" \/>\n\t<meta property=\"og:image:type\" content=\"image\/jpeg\" \/>\n<meta name=\"twitter:card\" content=\"summary_large_image\" \/>\n<meta name=\"twitter:label1\" content=\"Gesch\u00e4tzte Lesezeit\" \/>\n\t<meta name=\"twitter:data1\" content=\"1\u00a0Minute\" \/>\n<script type=\"application\/ld+json\" class=\"yoast-schema-graph\">{\"@context\":\"https:\\\/\\\/schema.org\",\"@graph\":[{\"@type\":\"WebPage\",\"@id\":\"https:\\\/\\\/marktxxl.de\\\/markt\\\/produkt\\\/gelomyrtol-forte-100-st-verbessert-den-abtransport-schaedlicher-viren-der-pflanzlicher-schleimloeser-bei-akuten-atemwegsinfekten-mit-husten-schnupfen-und-druckkopfschmerz-symptome-der-sinusitis\\\/\",\"url\":\"https:\\\/\\\/marktxxl.de\\\/markt\\\/produkt\\\/gelomyrtol-forte-100-st-verbessert-den-abtransport-schaedlicher-viren-der-pflanzlicher-schleimloeser-bei-akuten-atemwegsinfekten-mit-husten-schnupfen-und-druckkopfschmerz-symptome-der-sinusitis\\\/\",\"name\":\"GeloMyrtol forte 100 St., Verbessert den Abtransport sch\u00e4dlicher Viren, Der pflanzlicher Schleiml\u00f6ser bei akuten\u2026 - Markt-XXL\",\"isPartOf\":{\"@id\":\"https:\\\/\\\/marktxxl.de\\\/markt\\\/#website\"},\"primaryImageOfPage\":{\"@id\":\"https:\\\/\\\/marktxxl.de\\\/markt\\\/produkt\\\/gelomyrtol-forte-100-st-verbessert-den-abtransport-schaedlicher-viren-der-pflanzlicher-schleimloeser-bei-akuten-atemwegsinfekten-mit-husten-schnupfen-und-druckkopfschmerz-symptome-der-sinusitis\\\/#primaryimage\"},\"image\":{\"@id\":\"https:\\\/\\\/marktxxl.de\\\/markt\\\/produkt\\\/gelomyrtol-forte-100-st-verbessert-den-abtransport-schaedlicher-viren-der-pflanzlicher-schleimloeser-bei-akuten-atemwegsinfekten-mit-husten-schnupfen-und-druckkopfschmerz-symptome-der-sinusitis\\\/#primaryimage\"},\"thumbnailUrl\":\"https:\\\/\\\/m.media-amazon.com\\\/images\\\/I\\\/41fCUK84aqL._SL500_.jpg\",\"datePublished\":\"2021-11-25T14:36:40+00:00\",\"dateModified\":\"2023-04-10T00:43:16+00:00\",\"description\":\"Markt-XXL GeloMyrtol forte 100 St., Verbessert den Abtransport sch\u00e4dlicher Viren, Der pflanzlicher Schleiml\u00f6ser bei akuten\u2026\",\"breadcrumb\":{\"@id\":\"https:\\\/\\\/marktxxl.de\\\/markt\\\/produkt\\\/gelomyrtol-forte-100-st-verbessert-den-abtransport-schaedlicher-viren-der-pflanzlicher-schleimloeser-bei-akuten-atemwegsinfekten-mit-husten-schnupfen-und-druckkopfschmerz-symptome-der-sinusitis\\\/#breadcrumb\"},\"inLanguage\":\"de\",\"potentialAction\":[{\"@type\":\"ReadAction\",\"target\":[\"https:\\\/\\\/marktxxl.de\\\/markt\\\/produkt\\\/gelomyrtol-forte-100-st-verbessert-den-abtransport-schaedlicher-viren-der-pflanzlicher-schleimloeser-bei-akuten-atemwegsinfekten-mit-husten-schnupfen-und-druckkopfschmerz-symptome-der-sinusitis\\\/\"]}]},{\"@type\":\"ImageObject\",\"inLanguage\":\"de\",\"@id\":\"https:\\\/\\\/marktxxl.de\\\/markt\\\/produkt\\\/gelomyrtol-forte-100-st-verbessert-den-abtransport-schaedlicher-viren-der-pflanzlicher-schleimloeser-bei-akuten-atemwegsinfekten-mit-husten-schnupfen-und-druckkopfschmerz-symptome-der-sinusitis\\\/#primaryimage\",\"url\":\"https:\\\/\\\/m.media-amazon.com\\\/images\\\/I\\\/41fCUK84aqL._SL500_.jpg\",\"contentUrl\":\"https:\\\/\\\/m.media-amazon.com\\\/images\\\/I\\\/41fCUK84aqL._SL500_.jpg\",\"width\":500,\"height\":500},{\"@type\":\"BreadcrumbList\",\"@id\":\"https:\\\/\\\/marktxxl.de\\\/markt\\\/produkt\\\/gelomyrtol-forte-100-st-verbessert-den-abtransport-schaedlicher-viren-der-pflanzlicher-schleimloeser-bei-akuten-atemwegsinfekten-mit-husten-schnupfen-und-druckkopfschmerz-symptome-der-sinusitis\\\/#breadcrumb\",\"itemListElement\":[{\"@type\":\"ListItem\",\"position\":1,\"name\":\"Startseite\",\"item\":\"https:\\\/\\\/marktxxl.de\\\/markt\\\/\"},{\"@type\":\"ListItem\",\"position\":2,\"name\":\"Markt\",\"item\":\"https:\\\/\\\/marktxxl.de\\\/markt\\\/\"},{\"@type\":\"ListItem\",\"position\":3,\"name\":\"GeloMyrtol forte 100 St., Verbessert den Abtransport sch\u00e4dlicher Viren, Der pflanzlicher Schleiml\u00f6ser bei akuten\u2026\"}]},{\"@type\":\"WebSite\",\"@id\":\"https:\\\/\\\/marktxxl.de\\\/markt\\\/#website\",\"url\":\"https:\\\/\\\/marktxxl.de\\\/markt\\\/\",\"name\":\"Markt-XXL\",\"description\":\"Ihr Markt Online\",\"publisher\":{\"@id\":\"https:\\\/\\\/marktxxl.de\\\/markt\\\/#organization\"},\"potentialAction\":[{\"@type\":\"SearchAction\",\"target\":{\"@type\":\"EntryPoint\",\"urlTemplate\":\"https:\\\/\\\/marktxxl.de\\\/markt\\\/?s={search_term_string}\"},\"query-input\":{\"@type\":\"PropertyValueSpecification\",\"valueRequired\":true,\"valueName\":\"search_term_string\"}}],\"inLanguage\":\"de\"},{\"@type\":\"Organization\",\"@id\":\"https:\\\/\\\/marktxxl.de\\\/markt\\\/#organization\",\"name\":\"Markt-XXL\",\"url\":\"https:\\\/\\\/marktxxl.de\\\/markt\\\/\",\"logo\":{\"@type\":\"ImageObject\",\"inLanguage\":\"de\",\"@id\":\"https:\\\/\\\/marktxxl.de\\\/markt\\\/#\\\/schema\\\/logo\\\/image\\\/\",\"url\":\"https:\\\/\\\/marktxxl.de\\\/markt\\\/wp-content\\\/uploads\\\/sites\\\/3\\\/2020\\\/12\\\/logo.png\",\"contentUrl\":\"https:\\\/\\\/marktxxl.de\\\/markt\\\/wp-content\\\/uploads\\\/sites\\\/3\\\/2020\\\/12\\\/logo.png\",\"width\":200,\"height\":70,\"caption\":\"Markt-XXL\"},\"image\":{\"@id\":\"https:\\\/\\\/marktxxl.de\\\/markt\\\/#\\\/schema\\\/logo\\\/image\\\/\"}}]}<\/script>\n<!-- \/ Yoast SEO plugin. -->","yoast_head_json":{"title":"GeloMyrtol forte 100 St., Verbessert den Abtransport sch\u00e4dlicher Viren, Der pflanzlicher Schleiml\u00f6ser bei akuten\u2026 - Markt-XXL","description":"Markt-XXL GeloMyrtol forte 100 St., Verbessert den Abtransport sch\u00e4dlicher Viren, Der pflanzlicher Schleiml\u00f6ser bei akuten\u2026","robots":{"index":"index","follow":"follow","max-snippet":"max-snippet:-1","max-image-preview":"max-image-preview:large","max-video-preview":"max-video-preview:-1"},"canonical":"https:\/\/marktxxl.de\/markt\/produkt\/gelomyrtol-forte-100-st-verbessert-den-abtransport-schaedlicher-viren-der-pflanzlicher-schleimloeser-bei-akuten-atemwegsinfekten-mit-husten-schnupfen-und-druckkopfschmerz-symptome-der-sinusitis\/","og_locale":"de_DE","og_type":"article","og_title":"GeloMyrtol forte 100 St., Verbessert den Abtransport sch\u00e4dlicher Viren, Der pflanzlicher Schleiml\u00f6ser bei akuten\u2026 - Markt-XXL","og_description":"Markt-XXL GeloMyrtol forte 100 St., Verbessert den Abtransport sch\u00e4dlicher Viren, Der pflanzlicher Schleiml\u00f6ser bei akuten\u2026","og_url":"https:\/\/marktxxl.de\/markt\/produkt\/gelomyrtol-forte-100-st-verbessert-den-abtransport-schaedlicher-viren-der-pflanzlicher-schleimloeser-bei-akuten-atemwegsinfekten-mit-husten-schnupfen-und-druckkopfschmerz-symptome-der-sinusitis\/","og_site_name":"Markt-XXL","article_modified_time":"2023-04-10T00:43:16+00:00","og_image":[{"width":500,"height":500,"url":"https:\/\/m.media-amazon.com\/images\/I\/41fCUK84aqL._SL500_.jpg","type":"image\/jpeg"}],"twitter_card":"summary_large_image","twitter_misc":{"Gesch\u00e4tzte Lesezeit":"1\u00a0Minute"},"schema":{"@context":"https:\/\/schema.org","@graph":[{"@type":"WebPage","@id":"https:\/\/marktxxl.de\/markt\/produkt\/gelomyrtol-forte-100-st-verbessert-den-abtransport-schaedlicher-viren-der-pflanzlicher-schleimloeser-bei-akuten-atemwegsinfekten-mit-husten-schnupfen-und-druckkopfschmerz-symptome-der-sinusitis\/","url":"https:\/\/marktxxl.de\/markt\/produkt\/gelomyrtol-forte-100-st-verbessert-den-abtransport-schaedlicher-viren-der-pflanzlicher-schleimloeser-bei-akuten-atemwegsinfekten-mit-husten-schnupfen-und-druckkopfschmerz-symptome-der-sinusitis\/","name":"GeloMyrtol forte 100 St., Verbessert den Abtransport sch\u00e4dlicher Viren, Der pflanzlicher Schleiml\u00f6ser bei akuten\u2026 - Markt-XXL","isPartOf":{"@id":"https:\/\/marktxxl.de\/markt\/#website"},"primaryImageOfPage":{"@id":"https:\/\/marktxxl.de\/markt\/produkt\/gelomyrtol-forte-100-st-verbessert-den-abtransport-schaedlicher-viren-der-pflanzlicher-schleimloeser-bei-akuten-atemwegsinfekten-mit-husten-schnupfen-und-druckkopfschmerz-symptome-der-sinusitis\/#primaryimage"},"image":{"@id":"https:\/\/marktxxl.de\/markt\/produkt\/gelomyrtol-forte-100-st-verbessert-den-abtransport-schaedlicher-viren-der-pflanzlicher-schleimloeser-bei-akuten-atemwegsinfekten-mit-husten-schnupfen-und-druckkopfschmerz-symptome-der-sinusitis\/#primaryimage"},"thumbnailUrl":"https:\/\/m.media-amazon.com\/images\/I\/41fCUK84aqL._SL500_.jpg","datePublished":"2021-11-25T14:36:40+00:00","dateModified":"2023-04-10T00:43:16+00:00","description":"Markt-XXL GeloMyrtol forte 100 St., Verbessert den Abtransport sch\u00e4dlicher Viren, Der pflanzlicher Schleiml\u00f6ser bei akuten\u2026","breadcrumb":{"@id":"https:\/\/marktxxl.de\/markt\/produkt\/gelomyrtol-forte-100-st-verbessert-den-abtransport-schaedlicher-viren-der-pflanzlicher-schleimloeser-bei-akuten-atemwegsinfekten-mit-husten-schnupfen-und-druckkopfschmerz-symptome-der-sinusitis\/#breadcrumb"},"inLanguage":"de","potentialAction":[{"@type":"ReadAction","target":["https:\/\/marktxxl.de\/markt\/produkt\/gelomyrtol-forte-100-st-verbessert-den-abtransport-schaedlicher-viren-der-pflanzlicher-schleimloeser-bei-akuten-atemwegsinfekten-mit-husten-schnupfen-und-druckkopfschmerz-symptome-der-sinusitis\/"]}]},{"@type":"ImageObject","inLanguage":"de","@id":"https:\/\/marktxxl.de\/markt\/produkt\/gelomyrtol-forte-100-st-verbessert-den-abtransport-schaedlicher-viren-der-pflanzlicher-schleimloeser-bei-akuten-atemwegsinfekten-mit-husten-schnupfen-und-druckkopfschmerz-symptome-der-sinusitis\/#primaryimage","url":"https:\/\/m.media-amazon.com\/images\/I\/41fCUK84aqL._SL500_.jpg","contentUrl":"https:\/\/m.media-amazon.com\/images\/I\/41fCUK84aqL._SL500_.jpg","width":500,"height":500},{"@type":"BreadcrumbList","@id":"https:\/\/marktxxl.de\/markt\/produkt\/gelomyrtol-forte-100-st-verbessert-den-abtransport-schaedlicher-viren-der-pflanzlicher-schleimloeser-bei-akuten-atemwegsinfekten-mit-husten-schnupfen-und-druckkopfschmerz-symptome-der-sinusitis\/#breadcrumb","itemListElement":[{"@type":"ListItem","position":1,"name":"Startseite","item":"https:\/\/marktxxl.de\/markt\/"},{"@type":"ListItem","position":2,"name":"Markt","item":"https:\/\/marktxxl.de\/markt\/"},{"@type":"ListItem","position":3,"name":"GeloMyrtol forte 100 St., Verbessert den Abtransport sch\u00e4dlicher Viren, Der pflanzlicher Schleiml\u00f6ser bei akuten\u2026"}]},{"@type":"WebSite","@id":"https:\/\/marktxxl.de\/markt\/#website","url":"https:\/\/marktxxl.de\/markt\/","name":"Markt-XXL","description":"Ihr Markt Online","publisher":{"@id":"https:\/\/marktxxl.de\/markt\/#organization"},"potentialAction":[{"@type":"SearchAction","target":{"@type":"EntryPoint","urlTemplate":"https:\/\/marktxxl.de\/markt\/?s={search_term_string}"},"query-input":{"@type":"PropertyValueSpecification","valueRequired":true,"valueName":"search_term_string"}}],"inLanguage":"de"},{"@type":"Organization","@id":"https:\/\/marktxxl.de\/markt\/#organization","name":"Markt-XXL","url":"https:\/\/marktxxl.de\/markt\/","logo":{"@type":"ImageObject","inLanguage":"de","@id":"https:\/\/marktxxl.de\/markt\/#\/schema\/logo\/image\/","url":"https:\/\/marktxxl.de\/markt\/wp-content\/uploads\/sites\/3\/2020\/12\/logo.png","contentUrl":"https:\/\/marktxxl.de\/markt\/wp-content\/uploads\/sites\/3\/2020\/12\/logo.png","width":200,"height":70,"caption":"Markt-XXL"},"image":{"@id":"https:\/\/marktxxl.de\/markt\/#\/schema\/logo\/image\/"}}]}},"_links":{"self":[{"href":"https:\/\/marktxxl.de\/markt\/wp-json\/wp\/v2\/product\/77881","targetHints":{"allow":["GET"]}}],"collection":[{"href":"https:\/\/marktxxl.de\/markt\/wp-json\/wp\/v2\/product"}],"about":[{"href":"https:\/\/marktxxl.de\/markt\/wp-json\/wp\/v2\/types\/product"}],"replies":[{"embeddable":true,"href":"https:\/\/marktxxl.de\/markt\/wp-json\/wp\/v2\/comments?post=77881"}],"wp:featuredmedia":[{"embeddable":true,"href":"https:\/\/marktxxl.de\/markt\/wp-json\/wp\/v2\/media\/77882"}],"wp:attachment":[{"href":"https:\/\/marktxxl.de\/markt\/wp-json\/wp\/v2\/media?parent=77881"}],"wp:term":[{"taxonomy":"product_brand","embeddable":true,"href":"https:\/\/marktxxl.de\/markt\/wp-json\/wp\/v2\/product_brand?post=77881"},{"taxonomy":"product_cat","embeddable":true,"href":"https:\/\/marktxxl.de\/markt\/wp-json\/wp\/v2\/product_cat?post=77881"},{"taxonomy":"product_tag","embeddable":true,"href":"https:\/\/marktxxl.de\/markt\/wp-json\/wp\/v2\/product_tag?post=77881"}],"curies":[{"name":"wp","href":"https:\/\/api.w.org\/{rel}","templated":true}]}}