{"id":77728,"date":"2021-11-25T15:27:45","date_gmt":"2021-11-25T14:27:45","guid":{"rendered":"https:\/\/marktxxl.de\/markt\/produkt\/bright-day-wandkalender-2021-esel-305-x-305-cm-bauernhoftiere\/"},"modified":"2023-04-10T02:43:13","modified_gmt":"2023-04-10T00:43:13","slug":"bright-day-wandkalender-2021-esel-305-x-305-cm-bauernhoftiere","status":"publish","type":"product","link":"https:\/\/marktxxl.de\/markt\/produkt\/bright-day-wandkalender-2021-esel-305-x-305-cm-bauernhoftiere\/","title":{"rendered":"Bright Day Wandkalender 2021 Esel, 30,5 x 30,5 cm, Bauernhoftiere"},"content":{"rendered":"<p>Bleiben Sie organisiert: Kalender 2021. Esel sind einer der ber\u00fcchtigtesten Bauernhof f\u00fcr Hilfstiere. Tats\u00e4chlich wurden sie seit 5000 Jahren von Menschen f\u00fcr alles verwendet, von der Belastung bis zum Kanalbetrieb. Ja, diese harten Arbeiter haben einen besonderen Platz in den Herzen von Menschen auf der ganzen Welt. Genie\u00dfen Sie unseren Tier-Wandkalender 2021.<br \/>\nHohe Qualit\u00e4t: Kalender 2021, Bauernhof-Life-Kalender \u2013 Gr\u00f6\u00dfe geschlossen: 30,5 x 30,5 cm. Ge\u00f6ffnet: 30,5 x 61 cm. blutet nicht durch! 13 Farbbilder. Alle 2021 humorvollen Kalenderfotos werden von einer Vielzahl von Fotografen aus der ganzen Welt von Hand ausgew\u00e4hlt. In unserem Bauernhof-Wandkalender f\u00fcr 2021 werden keine Kompromisse bei der Bildqualit\u00e4t oder dem Inhalt eingegangen.<br \/>\nVielseitig: Ein klassischer quadratischer Kalender ist ideal f\u00fcr die Schaffung eines individuellen Looks in Badezimmern, Wohnzimmern, Schlafzimmern, Heimk\u00fcchen, Ihrem B\u00fcro, auf Ihrem Schreibtisch, Garage, Klassenzimmer in der Schule, sogar Ihrem Schuppen oder M\u00e4nnerh\u00f6hle, H\u00f6hle oder Bar. Dieser Kalender l\u00e4uft von September 2020 bis Dezember 2021 und bietet vier zus\u00e4tzliche Monate f\u00fcr die Planung. (September 2020-Dezember 2020 ist ein Layout auf einen Blick.)<br \/>\nDesigns: Bright Day bietet Planer und Kalender f\u00fcr W\u00e4nde, Schreibtische und K\u00fchlschr\u00e4nke. Unz\u00e4hlige Designs: Katzen, K\u00e4tzchen, Hunde und Welpen aller Rassen. Sch\u00f6ne Nationalparks, amerikanische St\u00e4dte und Staaten, Pferde, Wildtiere, Naturfotografie und viele mehr!<br \/>\nPerfektes Geschenk: Weihnachten, Wichteln, wei\u00dfe Elefantenb\u00fcro-Party oder Familienaustausch, Kollegen, Freunde, Geburtstag, Jubil\u00e4en oder eine nette durchdachte \u00dcberraschung. Ideal f\u00fcr jemanden, der schwer zu kaufen ist und eine tolle Last-Minute-Geschenkidee.<br \/>\n<div class=\"main-cross-sell\" data-asin=\"B084GWCRR5\">\n\n\t<div class=\"WooZone-cross-sell-loader\">\n\t\t<div>\n\t\t\t<div id=\"floatingBarsG\">\n\t\t\t\t<div class=\"blockG\" id=\"rotateG_01\"><\/div>\n\t\t\t\t<div class=\"blockG\" id=\"rotateG_02\"><\/div>\n\t\t\t\t<div class=\"blockG\" id=\"rotateG_03\"><\/div>\n\t\t\t\t<div class=\"blockG\" id=\"rotateG_04\"><\/div>\n\t\t\t\t<div class=\"blockG\" id=\"rotateG_05\"><\/div>\n\t\t\t\t<div class=\"blockG\" id=\"rotateG_06\"><\/div>\n\t\t\t\t<div class=\"blockG\" id=\"rotateG_07\"><\/div>\n\t\t\t\t<div class=\"blockG\" id=\"rotateG_08\"><\/div>\n\t\t\t<\/div>\n\t\t\t<div class=\"WooZone-cross-sell-loader-text\"><\/div>\n\t\t<\/div>\n\t<\/div>\n\n\t\t\n<\/div>\n<div style=\"clear:both;\"><\/div><\/p>\n","protected":false},"excerpt":{"rendered":"<p>Bleiben Sie organisiert: Kalender 2021. Esel sind einer der ber\u00fcchtigtesten Bauernhof f\u00fcr Hilfstiere. Tats\u00e4chlich wurden sie seit 5000 Jahren von Menschen f\u00fcr alles verwendet, von der Belastung bis zum Kanalbetrieb. Ja, diese harten Arbeiter haben einen besonderen Platz in den Herzen von Menschen auf der ganzen Welt. Genie\u00dfen Sie unseren Tier-Wandkalender 2021.<br \/>\nHohe Qualit\u00e4t: Kalender 2021, Bauernhof-Life-Kalender \u2013 Gr\u00f6\u00dfe geschlossen: 30,5 x 30,5 cm. Ge\u00f6ffnet: 30,5 x 61 cm. blutet nicht durch! 13 Farbbilder. Alle 2021 humorvollen Kalenderfotos werden von einer Vielzahl von Fotografen aus der ganzen Welt von Hand ausgew\u00e4hlt. In unserem Bauernhof-Wandkalender f\u00fcr 2021 werden keine Kompromisse bei der Bildqualit\u00e4t oder dem Inhalt eingegangen.<br \/>\nVielseitig: Ein klassischer quadratischer Kalender ist ideal f\u00fcr die Schaffung eines individuellen Looks in Badezimmern, Wohnzimmern, Schlafzimmern, Heimk\u00fcchen, Ihrem B\u00fcro, auf Ihrem Schreibtisch, Garage, Klassenzimmer in der Schule, sogar Ihrem Schuppen oder M\u00e4nnerh\u00f6hle, H\u00f6hle oder Bar. Dieser Kalender l\u00e4uft von September 2020 bis Dezember 2021 und bietet vier zus\u00e4tzliche Monate f\u00fcr die Planung. (September 2020-Dezember 2020 ist ein Layout auf einen Blick.)<\/p>\n","protected":false},"featured_media":77729,"comment_status":"open","ping_status":"closed","template":"","meta":[],"product_brand":[],"product_cat":[504,8381],"product_tag":[],"class_list":{"0":"post-77728","1":"product","2":"type-product","3":"status-publish","4":"has-post-thumbnail","6":"product_cat-buerobedarf-schreibwaren","7":"product_cat-kalender-planer-und-organizer","8":"pa_brand-bright-day-calendars","9":"pa_height-0-1-zoll","10":"pa_length-12-zoll","11":"pa_manufacturer-bright-day-calendars","12":"pa_width-12-zoll","14":"first","15":"instock","16":"shipping-taxable","17":"purchasable","18":"product-type-simple","19":"customify-col","20":"product-has-gallery"},"yoast_head":"<!-- This site is optimized with the Yoast SEO plugin v27.4 - https:\/\/yoast.com\/product\/yoast-seo-wordpress\/ -->\n<title>Bright Day Wandkalender 2021 Esel, 30,5 x 30,5 cm, Bauernhoftiere - Markt-XXL<\/title>\n<meta name=\"description\" content=\"Markt-XXL Bright Day Wandkalender 2021 Esel, 30,5 x 30,5 cm, Bauernhoftiere\" \/>\n<meta name=\"robots\" content=\"index, follow, max-snippet:-1, max-image-preview:large, max-video-preview:-1\" \/>\n<link rel=\"canonical\" href=\"https:\/\/marktxxl.de\/markt\/produkt\/bright-day-wandkalender-2021-esel-305-x-305-cm-bauernhoftiere\/\" \/>\n<meta property=\"og:locale\" content=\"de_DE\" \/>\n<meta property=\"og:type\" content=\"article\" \/>\n<meta property=\"og:title\" content=\"Bright Day Wandkalender 2021 Esel, 30,5 x 30,5 cm, Bauernhoftiere - Markt-XXL\" \/>\n<meta property=\"og:description\" content=\"Markt-XXL Bright Day Wandkalender 2021 Esel, 30,5 x 30,5 cm, Bauernhoftiere\" \/>\n<meta property=\"og:url\" content=\"https:\/\/marktxxl.de\/markt\/produkt\/bright-day-wandkalender-2021-esel-305-x-305-cm-bauernhoftiere\/\" \/>\n<meta property=\"og:site_name\" content=\"Markt-XXL\" \/>\n<meta property=\"article:modified_time\" content=\"2023-04-10T00:43:13+00:00\" \/>\n<meta property=\"og:image\" content=\"https:\/\/m.media-amazon.com\/images\/I\/51W3Tb7a8YL._SL500_.jpg\" \/>\n\t<meta property=\"og:image:width\" content=\"500\" \/>\n\t<meta property=\"og:image:height\" content=\"500\" \/>\n\t<meta property=\"og:image:type\" content=\"image\/jpeg\" \/>\n<meta name=\"twitter:card\" content=\"summary_large_image\" \/>\n<meta name=\"twitter:label1\" content=\"Gesch\u00e4tzte Lesezeit\" \/>\n\t<meta name=\"twitter:data1\" content=\"1\u00a0Minute\" \/>\n<script type=\"application\/ld+json\" class=\"yoast-schema-graph\">{\"@context\":\"https:\\\/\\\/schema.org\",\"@graph\":[{\"@type\":\"WebPage\",\"@id\":\"https:\\\/\\\/marktxxl.de\\\/markt\\\/produkt\\\/bright-day-wandkalender-2021-esel-305-x-305-cm-bauernhoftiere\\\/\",\"url\":\"https:\\\/\\\/marktxxl.de\\\/markt\\\/produkt\\\/bright-day-wandkalender-2021-esel-305-x-305-cm-bauernhoftiere\\\/\",\"name\":\"Bright Day Wandkalender 2021 Esel, 30,5 x 30,5 cm, Bauernhoftiere - Markt-XXL\",\"isPartOf\":{\"@id\":\"https:\\\/\\\/marktxxl.de\\\/markt\\\/#website\"},\"primaryImageOfPage\":{\"@id\":\"https:\\\/\\\/marktxxl.de\\\/markt\\\/produkt\\\/bright-day-wandkalender-2021-esel-305-x-305-cm-bauernhoftiere\\\/#primaryimage\"},\"image\":{\"@id\":\"https:\\\/\\\/marktxxl.de\\\/markt\\\/produkt\\\/bright-day-wandkalender-2021-esel-305-x-305-cm-bauernhoftiere\\\/#primaryimage\"},\"thumbnailUrl\":\"https:\\\/\\\/m.media-amazon.com\\\/images\\\/I\\\/51W3Tb7a8YL._SL500_.jpg\",\"datePublished\":\"2021-11-25T14:27:45+00:00\",\"dateModified\":\"2023-04-10T00:43:13+00:00\",\"description\":\"Markt-XXL Bright Day Wandkalender 2021 Esel, 30,5 x 30,5 cm, Bauernhoftiere\",\"breadcrumb\":{\"@id\":\"https:\\\/\\\/marktxxl.de\\\/markt\\\/produkt\\\/bright-day-wandkalender-2021-esel-305-x-305-cm-bauernhoftiere\\\/#breadcrumb\"},\"inLanguage\":\"de\",\"potentialAction\":[{\"@type\":\"ReadAction\",\"target\":[\"https:\\\/\\\/marktxxl.de\\\/markt\\\/produkt\\\/bright-day-wandkalender-2021-esel-305-x-305-cm-bauernhoftiere\\\/\"]}]},{\"@type\":\"ImageObject\",\"inLanguage\":\"de\",\"@id\":\"https:\\\/\\\/marktxxl.de\\\/markt\\\/produkt\\\/bright-day-wandkalender-2021-esel-305-x-305-cm-bauernhoftiere\\\/#primaryimage\",\"url\":\"https:\\\/\\\/m.media-amazon.com\\\/images\\\/I\\\/51W3Tb7a8YL._SL500_.jpg\",\"contentUrl\":\"https:\\\/\\\/m.media-amazon.com\\\/images\\\/I\\\/51W3Tb7a8YL._SL500_.jpg\",\"width\":500,\"height\":500},{\"@type\":\"BreadcrumbList\",\"@id\":\"https:\\\/\\\/marktxxl.de\\\/markt\\\/produkt\\\/bright-day-wandkalender-2021-esel-305-x-305-cm-bauernhoftiere\\\/#breadcrumb\",\"itemListElement\":[{\"@type\":\"ListItem\",\"position\":1,\"name\":\"Startseite\",\"item\":\"https:\\\/\\\/marktxxl.de\\\/markt\\\/\"},{\"@type\":\"ListItem\",\"position\":2,\"name\":\"Markt\",\"item\":\"https:\\\/\\\/marktxxl.de\\\/markt\\\/\"},{\"@type\":\"ListItem\",\"position\":3,\"name\":\"Bright Day Wandkalender 2021 Esel, 30,5 x 30,5 cm, Bauernhoftiere\"}]},{\"@type\":\"WebSite\",\"@id\":\"https:\\\/\\\/marktxxl.de\\\/markt\\\/#website\",\"url\":\"https:\\\/\\\/marktxxl.de\\\/markt\\\/\",\"name\":\"Markt-XXL\",\"description\":\"Ihr Markt Online\",\"publisher\":{\"@id\":\"https:\\\/\\\/marktxxl.de\\\/markt\\\/#organization\"},\"potentialAction\":[{\"@type\":\"SearchAction\",\"target\":{\"@type\":\"EntryPoint\",\"urlTemplate\":\"https:\\\/\\\/marktxxl.de\\\/markt\\\/?s={search_term_string}\"},\"query-input\":{\"@type\":\"PropertyValueSpecification\",\"valueRequired\":true,\"valueName\":\"search_term_string\"}}],\"inLanguage\":\"de\"},{\"@type\":\"Organization\",\"@id\":\"https:\\\/\\\/marktxxl.de\\\/markt\\\/#organization\",\"name\":\"Markt-XXL\",\"url\":\"https:\\\/\\\/marktxxl.de\\\/markt\\\/\",\"logo\":{\"@type\":\"ImageObject\",\"inLanguage\":\"de\",\"@id\":\"https:\\\/\\\/marktxxl.de\\\/markt\\\/#\\\/schema\\\/logo\\\/image\\\/\",\"url\":\"https:\\\/\\\/marktxxl.de\\\/markt\\\/wp-content\\\/uploads\\\/sites\\\/3\\\/2020\\\/12\\\/logo.png\",\"contentUrl\":\"https:\\\/\\\/marktxxl.de\\\/markt\\\/wp-content\\\/uploads\\\/sites\\\/3\\\/2020\\\/12\\\/logo.png\",\"width\":200,\"height\":70,\"caption\":\"Markt-XXL\"},\"image\":{\"@id\":\"https:\\\/\\\/marktxxl.de\\\/markt\\\/#\\\/schema\\\/logo\\\/image\\\/\"}}]}<\/script>\n<!-- \/ Yoast SEO plugin. -->","yoast_head_json":{"title":"Bright Day Wandkalender 2021 Esel, 30,5 x 30,5 cm, Bauernhoftiere - Markt-XXL","description":"Markt-XXL Bright Day Wandkalender 2021 Esel, 30,5 x 30,5 cm, Bauernhoftiere","robots":{"index":"index","follow":"follow","max-snippet":"max-snippet:-1","max-image-preview":"max-image-preview:large","max-video-preview":"max-video-preview:-1"},"canonical":"https:\/\/marktxxl.de\/markt\/produkt\/bright-day-wandkalender-2021-esel-305-x-305-cm-bauernhoftiere\/","og_locale":"de_DE","og_type":"article","og_title":"Bright Day Wandkalender 2021 Esel, 30,5 x 30,5 cm, Bauernhoftiere - Markt-XXL","og_description":"Markt-XXL Bright Day Wandkalender 2021 Esel, 30,5 x 30,5 cm, Bauernhoftiere","og_url":"https:\/\/marktxxl.de\/markt\/produkt\/bright-day-wandkalender-2021-esel-305-x-305-cm-bauernhoftiere\/","og_site_name":"Markt-XXL","article_modified_time":"2023-04-10T00:43:13+00:00","og_image":[{"width":500,"height":500,"url":"https:\/\/m.media-amazon.com\/images\/I\/51W3Tb7a8YL._SL500_.jpg","type":"image\/jpeg"}],"twitter_card":"summary_large_image","twitter_misc":{"Gesch\u00e4tzte Lesezeit":"1\u00a0Minute"},"schema":{"@context":"https:\/\/schema.org","@graph":[{"@type":"WebPage","@id":"https:\/\/marktxxl.de\/markt\/produkt\/bright-day-wandkalender-2021-esel-305-x-305-cm-bauernhoftiere\/","url":"https:\/\/marktxxl.de\/markt\/produkt\/bright-day-wandkalender-2021-esel-305-x-305-cm-bauernhoftiere\/","name":"Bright Day Wandkalender 2021 Esel, 30,5 x 30,5 cm, Bauernhoftiere - Markt-XXL","isPartOf":{"@id":"https:\/\/marktxxl.de\/markt\/#website"},"primaryImageOfPage":{"@id":"https:\/\/marktxxl.de\/markt\/produkt\/bright-day-wandkalender-2021-esel-305-x-305-cm-bauernhoftiere\/#primaryimage"},"image":{"@id":"https:\/\/marktxxl.de\/markt\/produkt\/bright-day-wandkalender-2021-esel-305-x-305-cm-bauernhoftiere\/#primaryimage"},"thumbnailUrl":"https:\/\/m.media-amazon.com\/images\/I\/51W3Tb7a8YL._SL500_.jpg","datePublished":"2021-11-25T14:27:45+00:00","dateModified":"2023-04-10T00:43:13+00:00","description":"Markt-XXL Bright Day Wandkalender 2021 Esel, 30,5 x 30,5 cm, Bauernhoftiere","breadcrumb":{"@id":"https:\/\/marktxxl.de\/markt\/produkt\/bright-day-wandkalender-2021-esel-305-x-305-cm-bauernhoftiere\/#breadcrumb"},"inLanguage":"de","potentialAction":[{"@type":"ReadAction","target":["https:\/\/marktxxl.de\/markt\/produkt\/bright-day-wandkalender-2021-esel-305-x-305-cm-bauernhoftiere\/"]}]},{"@type":"ImageObject","inLanguage":"de","@id":"https:\/\/marktxxl.de\/markt\/produkt\/bright-day-wandkalender-2021-esel-305-x-305-cm-bauernhoftiere\/#primaryimage","url":"https:\/\/m.media-amazon.com\/images\/I\/51W3Tb7a8YL._SL500_.jpg","contentUrl":"https:\/\/m.media-amazon.com\/images\/I\/51W3Tb7a8YL._SL500_.jpg","width":500,"height":500},{"@type":"BreadcrumbList","@id":"https:\/\/marktxxl.de\/markt\/produkt\/bright-day-wandkalender-2021-esel-305-x-305-cm-bauernhoftiere\/#breadcrumb","itemListElement":[{"@type":"ListItem","position":1,"name":"Startseite","item":"https:\/\/marktxxl.de\/markt\/"},{"@type":"ListItem","position":2,"name":"Markt","item":"https:\/\/marktxxl.de\/markt\/"},{"@type":"ListItem","position":3,"name":"Bright Day Wandkalender 2021 Esel, 30,5 x 30,5 cm, Bauernhoftiere"}]},{"@type":"WebSite","@id":"https:\/\/marktxxl.de\/markt\/#website","url":"https:\/\/marktxxl.de\/markt\/","name":"Markt-XXL","description":"Ihr Markt Online","publisher":{"@id":"https:\/\/marktxxl.de\/markt\/#organization"},"potentialAction":[{"@type":"SearchAction","target":{"@type":"EntryPoint","urlTemplate":"https:\/\/marktxxl.de\/markt\/?s={search_term_string}"},"query-input":{"@type":"PropertyValueSpecification","valueRequired":true,"valueName":"search_term_string"}}],"inLanguage":"de"},{"@type":"Organization","@id":"https:\/\/marktxxl.de\/markt\/#organization","name":"Markt-XXL","url":"https:\/\/marktxxl.de\/markt\/","logo":{"@type":"ImageObject","inLanguage":"de","@id":"https:\/\/marktxxl.de\/markt\/#\/schema\/logo\/image\/","url":"https:\/\/marktxxl.de\/markt\/wp-content\/uploads\/sites\/3\/2020\/12\/logo.png","contentUrl":"https:\/\/marktxxl.de\/markt\/wp-content\/uploads\/sites\/3\/2020\/12\/logo.png","width":200,"height":70,"caption":"Markt-XXL"},"image":{"@id":"https:\/\/marktxxl.de\/markt\/#\/schema\/logo\/image\/"}}]}},"_links":{"self":[{"href":"https:\/\/marktxxl.de\/markt\/wp-json\/wp\/v2\/product\/77728","targetHints":{"allow":["GET"]}}],"collection":[{"href":"https:\/\/marktxxl.de\/markt\/wp-json\/wp\/v2\/product"}],"about":[{"href":"https:\/\/marktxxl.de\/markt\/wp-json\/wp\/v2\/types\/product"}],"replies":[{"embeddable":true,"href":"https:\/\/marktxxl.de\/markt\/wp-json\/wp\/v2\/comments?post=77728"}],"wp:featuredmedia":[{"embeddable":true,"href":"https:\/\/marktxxl.de\/markt\/wp-json\/wp\/v2\/media\/77729"}],"wp:attachment":[{"href":"https:\/\/marktxxl.de\/markt\/wp-json\/wp\/v2\/media?parent=77728"}],"wp:term":[{"taxonomy":"product_brand","embeddable":true,"href":"https:\/\/marktxxl.de\/markt\/wp-json\/wp\/v2\/product_brand?post=77728"},{"taxonomy":"product_cat","embeddable":true,"href":"https:\/\/marktxxl.de\/markt\/wp-json\/wp\/v2\/product_cat?post=77728"},{"taxonomy":"product_tag","embeddable":true,"href":"https:\/\/marktxxl.de\/markt\/wp-json\/wp\/v2\/product_tag?post=77728"}],"curies":[{"name":"wp","href":"https:\/\/api.w.org\/{rel}","templated":true}]}}