{"id":77438,"date":"2021-11-25T15:15:51","date_gmt":"2021-11-25T14:15:51","guid":{"rendered":"https:\/\/marktxxl.de\/markt\/produkt\/xiron-2-stueck-paperfeel-displayschutzfolie-kompatibel-mit-ipad-pro-129-zoll-2021-2020-2018-ipad-pro-12-9-matte-pet-folie-zum-zeichnen-kompatibel-mit-apple-pencil\/"},"modified":"2023-04-11T02:51:26","modified_gmt":"2023-04-11T00:51:26","slug":"xiron-2-stueck-paperfeel-displayschutzfolie-kompatibel-mit-ipad-pro-129-zoll-2021-2020-2018-ipad-pro-12-9-matte-pet-folie-zum-zeichnen-kompatibel-mit-apple-pencil","status":"publish","type":"product","link":"https:\/\/marktxxl.de\/markt\/produkt\/xiron-2-stueck-paperfeel-displayschutzfolie-kompatibel-mit-ipad-pro-129-zoll-2021-2020-2018-ipad-pro-12-9-matte-pet-folie-zum-zeichnen-kompatibel-mit-apple-pencil\/","title":{"rendered":"XIRON 2 St\u00fcck Paperfeel Schutzfolie Kompatibel mit iPad Pro 12.9 Zoll (2022\/2021\/2020\/2018), iPad Pro 12.9 Matt Papier\u2026"},"content":{"rendered":"<p>Kompatibilit\u00e4t: Kompatibel mit iPad Pro 12,9 Zoll (2021 &amp; 2020 &amp; 2018 Modelle ohne Home-Taste), passend f\u00fcr Modelle: A1876\/A2014\/A1895\/A1983\/A2229\/A2069\/A2032\/A2233, bitte \u00fcberpr\u00fcfen Sie die R\u00fcckseite mit Ihrem iPad. um die Modellnummer zu finden. .<br \/>\n\u3010Wie Papier-Displayschutzfolie\u3011: Diese PET-Folie, das ist die iPad Pro 12,9 Zoll Displayschutzfolie, ber\u00fchren wie Papier, zeichnen Sie wie Papier, beim Schreiben oder Zeichnen gibt es keine rutschige Oberfl\u00e4che, die eine bessere Kontrolle machen kann. Die Oberfl\u00e4che ist wie echtes Papier, reduziert Schwindel und Augenbeschwerden nach langfristigem Gebrauch.<br \/>\n\u3010Ber\u00fchrungsempfindlich\/kratzfest\u3011: Verwandeln Sie das Glas zu Papier, diese iPad Pro 12.9 Displayschutzfolie ist ultrad\u00fcnn, sie erh\u00e4lt die Ber\u00fchrungsempfindlichkeit wie das Display des Ger\u00e4ts. Entworfen mit 3H H\u00e4rte und selbstklebend, einfach zu dr\u00fccken die Blasen und sch\u00fctzt Ihre t\u00e4glichen Kratzer.<br \/>\n\u3010Keine Blendung und kompatibel mit Apple Pencil\u3011: Mit matter Textur auf der Oberfl\u00e4che, blendfrei und reduziert Fingerabdr\u00fccke auf dem Bildschirm, die Farbe und Definition des Originalbildschirms bleiben maximale Klarheit erhalten. Diese Displayschutzfolie ist d\u00fcnn genug, um sicherzustellen, dass die Stricherkennung zwischen Ihrem Apple Pencil und iPad immer genau ist.<br \/>\n\u3010Einfache Installation\u3011: Durch den luftabsch\u00f6pfenden Kleber wird die iPad Pro 12.9 Displayschutzfolie (kein Glas) automatisch auf dem iPad-Display angebracht, problemlos, und blasenfrei, ohne R\u00fcckst\u00e4nde beim Entfernen der Displayschutzfolie. Bei Fragen zur Installation oder Verwendung kontaktieren Sie uns bitte.<br \/>\n<div class=\"main-cross-sell\" data-asin=\"B09DFF1XVX\">\n\n\t<div class=\"WooZone-cross-sell-loader\">\n\t\t<div>\n\t\t\t<div id=\"floatingBarsG\">\n\t\t\t\t<div class=\"blockG\" id=\"rotateG_01\"><\/div>\n\t\t\t\t<div class=\"blockG\" id=\"rotateG_02\"><\/div>\n\t\t\t\t<div class=\"blockG\" id=\"rotateG_03\"><\/div>\n\t\t\t\t<div class=\"blockG\" id=\"rotateG_04\"><\/div>\n\t\t\t\t<div class=\"blockG\" id=\"rotateG_05\"><\/div>\n\t\t\t\t<div class=\"blockG\" id=\"rotateG_06\"><\/div>\n\t\t\t\t<div class=\"blockG\" id=\"rotateG_07\"><\/div>\n\t\t\t\t<div class=\"blockG\" id=\"rotateG_08\"><\/div>\n\t\t\t<\/div>\n\t\t\t<div class=\"WooZone-cross-sell-loader-text\"><\/div>\n\t\t<\/div>\n\t<\/div>\n\n\t\t\n<\/div>\n<div style=\"clear:both;\"><\/div><\/p>\n","protected":false},"excerpt":{"rendered":"<p>Kompatibilit\u00e4t: Kompatibel mit iPad Pro 12,9 Zoll (2021 &amp; 2020 &amp; 2018 Modelle ohne Home-Taste), passend f\u00fcr Modelle: A1876\/A2014\/A1895\/A1983\/A2229\/A2069\/A2032\/A2233, bitte \u00fcberpr\u00fcfen Sie die R\u00fcckseite mit Ihrem iPad. um die Modellnummer zu finden. .<br \/>\n\u3010Wie Papier-Displayschutzfolie\u3011: Diese PET-Folie, das ist die iPad Pro 12,9 Zoll Displayschutzfolie, ber\u00fchren wie Papier, zeichnen Sie wie Papier, beim Schreiben oder Zeichnen gibt es keine rutschige Oberfl\u00e4che, die eine bessere Kontrolle machen kann. Die Oberfl\u00e4che ist wie echtes Papier, reduziert Schwindel und Augenbeschwerden nach langfristigem Gebrauch.<br \/>\n\u3010Ber\u00fchrungsempfindlich\/kratzfest\u3011: Verwandeln Sie das Glas zu Papier, diese iPad Pro 12.9 Displayschutzfolie ist ultrad\u00fcnn, sie erh\u00e4lt die Ber\u00fchrungsempfindlichkeit wie das Display des Ger\u00e4ts. Entworfen mit 3H H\u00e4rte und selbstklebend, einfach zu dr\u00fccken die Blasen und sch\u00fctzt Ihre t\u00e4glichen Kratzer.<\/p>\n","protected":false},"featured_media":77439,"comment_status":"open","ping_status":"closed","template":"","meta":[],"product_brand":[],"product_cat":[863],"product_tag":[],"class_list":{"0":"post-77438","1":"product","2":"type-product","3":"status-publish","4":"has-post-thumbnail","6":"product_cat-computer-zubehoer","7":"pa_brand-xiron","8":"pa_manufacturer-xiron","10":"first","11":"instock","12":"shipping-taxable","13":"purchasable","14":"product-type-simple","15":"customify-col","16":"product-has-gallery"},"yoast_head":"<!-- This site is optimized with the Yoast SEO plugin v27.4 - https:\/\/yoast.com\/product\/yoast-seo-wordpress\/ -->\n<title>XIRON 2 St\u00fcck Paperfeel Schutzfolie Kompatibel mit iPad Pro 12.9 Zoll (2022\/2021\/2020\/2018), iPad Pro 12.9 Matt Papier\u2026 - Markt-XXL<\/title>\n<meta name=\"description\" content=\"Markt-XXL XIRON 2 St\u00fcck Paperfeel Schutzfolie Kompatibel mit iPad Pro 12.9 Zoll (2022\/2021\/2020\/2018), iPad Pro 12.9 Matt Papier\u2026\" \/>\n<meta name=\"robots\" content=\"index, follow, max-snippet:-1, max-image-preview:large, max-video-preview:-1\" \/>\n<link rel=\"canonical\" href=\"https:\/\/marktxxl.de\/markt\/produkt\/xiron-2-stueck-paperfeel-displayschutzfolie-kompatibel-mit-ipad-pro-129-zoll-2021-2020-2018-ipad-pro-12-9-matte-pet-folie-zum-zeichnen-kompatibel-mit-apple-pencil\/\" \/>\n<meta property=\"og:locale\" content=\"de_DE\" \/>\n<meta property=\"og:type\" content=\"article\" \/>\n<meta property=\"og:title\" content=\"XIRON 2 St\u00fcck Paperfeel Schutzfolie Kompatibel mit iPad Pro 12.9 Zoll (2022\/2021\/2020\/2018), iPad Pro 12.9 Matt Papier\u2026 - Markt-XXL\" \/>\n<meta property=\"og:description\" content=\"Markt-XXL XIRON 2 St\u00fcck Paperfeel Schutzfolie Kompatibel mit iPad Pro 12.9 Zoll (2022\/2021\/2020\/2018), iPad Pro 12.9 Matt Papier\u2026\" \/>\n<meta property=\"og:url\" content=\"https:\/\/marktxxl.de\/markt\/produkt\/xiron-2-stueck-paperfeel-displayschutzfolie-kompatibel-mit-ipad-pro-129-zoll-2021-2020-2018-ipad-pro-12-9-matte-pet-folie-zum-zeichnen-kompatibel-mit-apple-pencil\/\" \/>\n<meta property=\"og:site_name\" content=\"Markt-XXL\" \/>\n<meta property=\"article:modified_time\" content=\"2023-04-11T00:51:26+00:00\" \/>\n<meta property=\"og:image\" content=\"https:\/\/m.media-amazon.com\/images\/I\/51+L5GQ-iTL._SL500_.jpg\" \/>\n\t<meta property=\"og:image:width\" content=\"500\" \/>\n\t<meta property=\"og:image:height\" content=\"485\" \/>\n\t<meta property=\"og:image:type\" content=\"image\/jpeg\" \/>\n<meta name=\"twitter:card\" content=\"summary_large_image\" \/>\n<meta name=\"twitter:label1\" content=\"Gesch\u00e4tzte Lesezeit\" \/>\n\t<meta name=\"twitter:data1\" content=\"1\u00a0Minute\" \/>\n<script type=\"application\/ld+json\" class=\"yoast-schema-graph\">{\"@context\":\"https:\\\/\\\/schema.org\",\"@graph\":[{\"@type\":\"WebPage\",\"@id\":\"https:\\\/\\\/marktxxl.de\\\/markt\\\/produkt\\\/xiron-2-stueck-paperfeel-displayschutzfolie-kompatibel-mit-ipad-pro-129-zoll-2021-2020-2018-ipad-pro-12-9-matte-pet-folie-zum-zeichnen-kompatibel-mit-apple-pencil\\\/\",\"url\":\"https:\\\/\\\/marktxxl.de\\\/markt\\\/produkt\\\/xiron-2-stueck-paperfeel-displayschutzfolie-kompatibel-mit-ipad-pro-129-zoll-2021-2020-2018-ipad-pro-12-9-matte-pet-folie-zum-zeichnen-kompatibel-mit-apple-pencil\\\/\",\"name\":\"XIRON 2 St\u00fcck Paperfeel Schutzfolie Kompatibel mit iPad Pro 12.9 Zoll (2022\\\/2021\\\/2020\\\/2018), iPad Pro 12.9 Matt Papier\u2026 - Markt-XXL\",\"isPartOf\":{\"@id\":\"https:\\\/\\\/marktxxl.de\\\/markt\\\/#website\"},\"primaryImageOfPage\":{\"@id\":\"https:\\\/\\\/marktxxl.de\\\/markt\\\/produkt\\\/xiron-2-stueck-paperfeel-displayschutzfolie-kompatibel-mit-ipad-pro-129-zoll-2021-2020-2018-ipad-pro-12-9-matte-pet-folie-zum-zeichnen-kompatibel-mit-apple-pencil\\\/#primaryimage\"},\"image\":{\"@id\":\"https:\\\/\\\/marktxxl.de\\\/markt\\\/produkt\\\/xiron-2-stueck-paperfeel-displayschutzfolie-kompatibel-mit-ipad-pro-129-zoll-2021-2020-2018-ipad-pro-12-9-matte-pet-folie-zum-zeichnen-kompatibel-mit-apple-pencil\\\/#primaryimage\"},\"thumbnailUrl\":\"https:\\\/\\\/m.media-amazon.com\\\/images\\\/I\\\/51+L5GQ-iTL._SL500_.jpg\",\"datePublished\":\"2021-11-25T14:15:51+00:00\",\"dateModified\":\"2023-04-11T00:51:26+00:00\",\"description\":\"Markt-XXL XIRON 2 St\u00fcck Paperfeel Schutzfolie Kompatibel mit iPad Pro 12.9 Zoll (2022\\\/2021\\\/2020\\\/2018), iPad Pro 12.9 Matt Papier\u2026\",\"breadcrumb\":{\"@id\":\"https:\\\/\\\/marktxxl.de\\\/markt\\\/produkt\\\/xiron-2-stueck-paperfeel-displayschutzfolie-kompatibel-mit-ipad-pro-129-zoll-2021-2020-2018-ipad-pro-12-9-matte-pet-folie-zum-zeichnen-kompatibel-mit-apple-pencil\\\/#breadcrumb\"},\"inLanguage\":\"de\",\"potentialAction\":[{\"@type\":\"ReadAction\",\"target\":[\"https:\\\/\\\/marktxxl.de\\\/markt\\\/produkt\\\/xiron-2-stueck-paperfeel-displayschutzfolie-kompatibel-mit-ipad-pro-129-zoll-2021-2020-2018-ipad-pro-12-9-matte-pet-folie-zum-zeichnen-kompatibel-mit-apple-pencil\\\/\"]}]},{\"@type\":\"ImageObject\",\"inLanguage\":\"de\",\"@id\":\"https:\\\/\\\/marktxxl.de\\\/markt\\\/produkt\\\/xiron-2-stueck-paperfeel-displayschutzfolie-kompatibel-mit-ipad-pro-129-zoll-2021-2020-2018-ipad-pro-12-9-matte-pet-folie-zum-zeichnen-kompatibel-mit-apple-pencil\\\/#primaryimage\",\"url\":\"https:\\\/\\\/m.media-amazon.com\\\/images\\\/I\\\/51+L5GQ-iTL._SL500_.jpg\",\"contentUrl\":\"https:\\\/\\\/m.media-amazon.com\\\/images\\\/I\\\/51+L5GQ-iTL._SL500_.jpg\",\"width\":500,\"height\":485},{\"@type\":\"BreadcrumbList\",\"@id\":\"https:\\\/\\\/marktxxl.de\\\/markt\\\/produkt\\\/xiron-2-stueck-paperfeel-displayschutzfolie-kompatibel-mit-ipad-pro-129-zoll-2021-2020-2018-ipad-pro-12-9-matte-pet-folie-zum-zeichnen-kompatibel-mit-apple-pencil\\\/#breadcrumb\",\"itemListElement\":[{\"@type\":\"ListItem\",\"position\":1,\"name\":\"Startseite\",\"item\":\"https:\\\/\\\/marktxxl.de\\\/markt\\\/\"},{\"@type\":\"ListItem\",\"position\":2,\"name\":\"Markt\",\"item\":\"https:\\\/\\\/marktxxl.de\\\/markt\\\/\"},{\"@type\":\"ListItem\",\"position\":3,\"name\":\"XIRON 2 St\u00fcck Paperfeel Schutzfolie Kompatibel mit iPad Pro 12.9 Zoll (2022\\\/2021\\\/2020\\\/2018), iPad Pro 12.9 Matt Papier\u2026\"}]},{\"@type\":\"WebSite\",\"@id\":\"https:\\\/\\\/marktxxl.de\\\/markt\\\/#website\",\"url\":\"https:\\\/\\\/marktxxl.de\\\/markt\\\/\",\"name\":\"Markt-XXL\",\"description\":\"Ihr Markt Online\",\"publisher\":{\"@id\":\"https:\\\/\\\/marktxxl.de\\\/markt\\\/#organization\"},\"potentialAction\":[{\"@type\":\"SearchAction\",\"target\":{\"@type\":\"EntryPoint\",\"urlTemplate\":\"https:\\\/\\\/marktxxl.de\\\/markt\\\/?s={search_term_string}\"},\"query-input\":{\"@type\":\"PropertyValueSpecification\",\"valueRequired\":true,\"valueName\":\"search_term_string\"}}],\"inLanguage\":\"de\"},{\"@type\":\"Organization\",\"@id\":\"https:\\\/\\\/marktxxl.de\\\/markt\\\/#organization\",\"name\":\"Markt-XXL\",\"url\":\"https:\\\/\\\/marktxxl.de\\\/markt\\\/\",\"logo\":{\"@type\":\"ImageObject\",\"inLanguage\":\"de\",\"@id\":\"https:\\\/\\\/marktxxl.de\\\/markt\\\/#\\\/schema\\\/logo\\\/image\\\/\",\"url\":\"https:\\\/\\\/marktxxl.de\\\/markt\\\/wp-content\\\/uploads\\\/sites\\\/3\\\/2020\\\/12\\\/logo.png\",\"contentUrl\":\"https:\\\/\\\/marktxxl.de\\\/markt\\\/wp-content\\\/uploads\\\/sites\\\/3\\\/2020\\\/12\\\/logo.png\",\"width\":200,\"height\":70,\"caption\":\"Markt-XXL\"},\"image\":{\"@id\":\"https:\\\/\\\/marktxxl.de\\\/markt\\\/#\\\/schema\\\/logo\\\/image\\\/\"}}]}<\/script>\n<!-- \/ Yoast SEO plugin. -->","yoast_head_json":{"title":"XIRON 2 St\u00fcck Paperfeel Schutzfolie Kompatibel mit iPad Pro 12.9 Zoll (2022\/2021\/2020\/2018), iPad Pro 12.9 Matt Papier\u2026 - Markt-XXL","description":"Markt-XXL XIRON 2 St\u00fcck Paperfeel Schutzfolie Kompatibel mit iPad Pro 12.9 Zoll (2022\/2021\/2020\/2018), iPad Pro 12.9 Matt Papier\u2026","robots":{"index":"index","follow":"follow","max-snippet":"max-snippet:-1","max-image-preview":"max-image-preview:large","max-video-preview":"max-video-preview:-1"},"canonical":"https:\/\/marktxxl.de\/markt\/produkt\/xiron-2-stueck-paperfeel-displayschutzfolie-kompatibel-mit-ipad-pro-129-zoll-2021-2020-2018-ipad-pro-12-9-matte-pet-folie-zum-zeichnen-kompatibel-mit-apple-pencil\/","og_locale":"de_DE","og_type":"article","og_title":"XIRON 2 St\u00fcck Paperfeel Schutzfolie Kompatibel mit iPad Pro 12.9 Zoll (2022\/2021\/2020\/2018), iPad Pro 12.9 Matt Papier\u2026 - Markt-XXL","og_description":"Markt-XXL XIRON 2 St\u00fcck Paperfeel Schutzfolie Kompatibel mit iPad Pro 12.9 Zoll (2022\/2021\/2020\/2018), iPad Pro 12.9 Matt Papier\u2026","og_url":"https:\/\/marktxxl.de\/markt\/produkt\/xiron-2-stueck-paperfeel-displayschutzfolie-kompatibel-mit-ipad-pro-129-zoll-2021-2020-2018-ipad-pro-12-9-matte-pet-folie-zum-zeichnen-kompatibel-mit-apple-pencil\/","og_site_name":"Markt-XXL","article_modified_time":"2023-04-11T00:51:26+00:00","og_image":[{"width":500,"height":485,"url":"https:\/\/m.media-amazon.com\/images\/I\/51+L5GQ-iTL._SL500_.jpg","type":"image\/jpeg"}],"twitter_card":"summary_large_image","twitter_misc":{"Gesch\u00e4tzte Lesezeit":"1\u00a0Minute"},"schema":{"@context":"https:\/\/schema.org","@graph":[{"@type":"WebPage","@id":"https:\/\/marktxxl.de\/markt\/produkt\/xiron-2-stueck-paperfeel-displayschutzfolie-kompatibel-mit-ipad-pro-129-zoll-2021-2020-2018-ipad-pro-12-9-matte-pet-folie-zum-zeichnen-kompatibel-mit-apple-pencil\/","url":"https:\/\/marktxxl.de\/markt\/produkt\/xiron-2-stueck-paperfeel-displayschutzfolie-kompatibel-mit-ipad-pro-129-zoll-2021-2020-2018-ipad-pro-12-9-matte-pet-folie-zum-zeichnen-kompatibel-mit-apple-pencil\/","name":"XIRON 2 St\u00fcck Paperfeel Schutzfolie Kompatibel mit iPad Pro 12.9 Zoll (2022\/2021\/2020\/2018), iPad Pro 12.9 Matt Papier\u2026 - Markt-XXL","isPartOf":{"@id":"https:\/\/marktxxl.de\/markt\/#website"},"primaryImageOfPage":{"@id":"https:\/\/marktxxl.de\/markt\/produkt\/xiron-2-stueck-paperfeel-displayschutzfolie-kompatibel-mit-ipad-pro-129-zoll-2021-2020-2018-ipad-pro-12-9-matte-pet-folie-zum-zeichnen-kompatibel-mit-apple-pencil\/#primaryimage"},"image":{"@id":"https:\/\/marktxxl.de\/markt\/produkt\/xiron-2-stueck-paperfeel-displayschutzfolie-kompatibel-mit-ipad-pro-129-zoll-2021-2020-2018-ipad-pro-12-9-matte-pet-folie-zum-zeichnen-kompatibel-mit-apple-pencil\/#primaryimage"},"thumbnailUrl":"https:\/\/m.media-amazon.com\/images\/I\/51+L5GQ-iTL._SL500_.jpg","datePublished":"2021-11-25T14:15:51+00:00","dateModified":"2023-04-11T00:51:26+00:00","description":"Markt-XXL XIRON 2 St\u00fcck Paperfeel Schutzfolie Kompatibel mit iPad Pro 12.9 Zoll (2022\/2021\/2020\/2018), iPad Pro 12.9 Matt Papier\u2026","breadcrumb":{"@id":"https:\/\/marktxxl.de\/markt\/produkt\/xiron-2-stueck-paperfeel-displayschutzfolie-kompatibel-mit-ipad-pro-129-zoll-2021-2020-2018-ipad-pro-12-9-matte-pet-folie-zum-zeichnen-kompatibel-mit-apple-pencil\/#breadcrumb"},"inLanguage":"de","potentialAction":[{"@type":"ReadAction","target":["https:\/\/marktxxl.de\/markt\/produkt\/xiron-2-stueck-paperfeel-displayschutzfolie-kompatibel-mit-ipad-pro-129-zoll-2021-2020-2018-ipad-pro-12-9-matte-pet-folie-zum-zeichnen-kompatibel-mit-apple-pencil\/"]}]},{"@type":"ImageObject","inLanguage":"de","@id":"https:\/\/marktxxl.de\/markt\/produkt\/xiron-2-stueck-paperfeel-displayschutzfolie-kompatibel-mit-ipad-pro-129-zoll-2021-2020-2018-ipad-pro-12-9-matte-pet-folie-zum-zeichnen-kompatibel-mit-apple-pencil\/#primaryimage","url":"https:\/\/m.media-amazon.com\/images\/I\/51+L5GQ-iTL._SL500_.jpg","contentUrl":"https:\/\/m.media-amazon.com\/images\/I\/51+L5GQ-iTL._SL500_.jpg","width":500,"height":485},{"@type":"BreadcrumbList","@id":"https:\/\/marktxxl.de\/markt\/produkt\/xiron-2-stueck-paperfeel-displayschutzfolie-kompatibel-mit-ipad-pro-129-zoll-2021-2020-2018-ipad-pro-12-9-matte-pet-folie-zum-zeichnen-kompatibel-mit-apple-pencil\/#breadcrumb","itemListElement":[{"@type":"ListItem","position":1,"name":"Startseite","item":"https:\/\/marktxxl.de\/markt\/"},{"@type":"ListItem","position":2,"name":"Markt","item":"https:\/\/marktxxl.de\/markt\/"},{"@type":"ListItem","position":3,"name":"XIRON 2 St\u00fcck Paperfeel Schutzfolie Kompatibel mit iPad Pro 12.9 Zoll (2022\/2021\/2020\/2018), iPad Pro 12.9 Matt Papier\u2026"}]},{"@type":"WebSite","@id":"https:\/\/marktxxl.de\/markt\/#website","url":"https:\/\/marktxxl.de\/markt\/","name":"Markt-XXL","description":"Ihr Markt Online","publisher":{"@id":"https:\/\/marktxxl.de\/markt\/#organization"},"potentialAction":[{"@type":"SearchAction","target":{"@type":"EntryPoint","urlTemplate":"https:\/\/marktxxl.de\/markt\/?s={search_term_string}"},"query-input":{"@type":"PropertyValueSpecification","valueRequired":true,"valueName":"search_term_string"}}],"inLanguage":"de"},{"@type":"Organization","@id":"https:\/\/marktxxl.de\/markt\/#organization","name":"Markt-XXL","url":"https:\/\/marktxxl.de\/markt\/","logo":{"@type":"ImageObject","inLanguage":"de","@id":"https:\/\/marktxxl.de\/markt\/#\/schema\/logo\/image\/","url":"https:\/\/marktxxl.de\/markt\/wp-content\/uploads\/sites\/3\/2020\/12\/logo.png","contentUrl":"https:\/\/marktxxl.de\/markt\/wp-content\/uploads\/sites\/3\/2020\/12\/logo.png","width":200,"height":70,"caption":"Markt-XXL"},"image":{"@id":"https:\/\/marktxxl.de\/markt\/#\/schema\/logo\/image\/"}}]}},"_links":{"self":[{"href":"https:\/\/marktxxl.de\/markt\/wp-json\/wp\/v2\/product\/77438","targetHints":{"allow":["GET"]}}],"collection":[{"href":"https:\/\/marktxxl.de\/markt\/wp-json\/wp\/v2\/product"}],"about":[{"href":"https:\/\/marktxxl.de\/markt\/wp-json\/wp\/v2\/types\/product"}],"replies":[{"embeddable":true,"href":"https:\/\/marktxxl.de\/markt\/wp-json\/wp\/v2\/comments?post=77438"}],"wp:featuredmedia":[{"embeddable":true,"href":"https:\/\/marktxxl.de\/markt\/wp-json\/wp\/v2\/media\/77439"}],"wp:attachment":[{"href":"https:\/\/marktxxl.de\/markt\/wp-json\/wp\/v2\/media?parent=77438"}],"wp:term":[{"taxonomy":"product_brand","embeddable":true,"href":"https:\/\/marktxxl.de\/markt\/wp-json\/wp\/v2\/product_brand?post=77438"},{"taxonomy":"product_cat","embeddable":true,"href":"https:\/\/marktxxl.de\/markt\/wp-json\/wp\/v2\/product_cat?post=77438"},{"taxonomy":"product_tag","embeddable":true,"href":"https:\/\/marktxxl.de\/markt\/wp-json\/wp\/v2\/product_tag?post=77438"}],"curies":[{"name":"wp","href":"https:\/\/api.w.org\/{rel}","templated":true}]}}