{"id":77405,"date":"2021-11-25T15:15:32","date_gmt":"2021-11-25T14:15:32","guid":{"rendered":"https:\/\/marktxxl.de\/markt\/produkt\/co2crea-case-harte-reiseschutzhuelle-etui-tasche-fuer-logitech-mx-keys-mini-kabellose-tastatur-nur-tasche-enthaelt-keine-tastatur\/"},"modified":"2023-04-11T02:51:26","modified_gmt":"2023-04-11T00:51:26","slug":"co2crea-case-harte-reiseschutzhuelle-etui-tasche-fuer-logitech-mx-keys-mini-kabellose-tastatur-nur-tasche-enthaelt-keine-tastatur","status":"publish","type":"product","link":"https:\/\/marktxxl.de\/markt\/produkt\/co2crea-case-harte-reiseschutzhuelle-etui-tasche-fuer-logitech-mx-keys-mini-kabellose-tastatur-nur-tasche-enthaelt-keine-tastatur\/","title":{"rendered":"co2CREA Ersatz-Hartschalengeh\u00e4use f\u00fcr Logitech MX Mechanical Mini Wireless Illuminated Keyboard und Anywhere 3 Compact\u2026"},"content":{"rendered":"<p>PERFEKTES DESIGN:co2CREA Harte Reisetasche, die speziell f\u00fcr Logitech MX Keys Mini Kabellose Tastatur entwickelt wurde und perfekt zu Ihrem Ger\u00e4t und Zubeh\u00f6r passt.Gleichzeitig verf\u00fcgt der bluetooth tastatur logitech mx keys mini h\u00fclle \u00fcber einen sehr bequemen Griff, der problemlos unterwegs getragen werden kann Bring dir eine bessere Erfahrung.<br \/>\nMATERIAL: Hartes EVA, FARBE: schwarz, VERPACKUNG ENTH\u00c4LT: Nur mx keys mini logitech h\u00fclle.<br \/>\nGROSSER SCHUTZ: Die bluetooth tastatur logitech mx keys mini tasche ist sto\u00dffest, staubdicht und wasserdicht. Das \u00c4u\u00dfere besteht aus hartem EVA-Material und das Innenfutter aus weichem Samtmaterial. Die harte logi mx keys mini Abdeckung kann den Aufprall effektiv abfedern und Sch\u00e4den durch versehentliche Kollisionen reduzieren sowie die logitech mx tastatur kabellos keys mini und das Zubeh\u00f6r besser sch\u00fctzen.<br \/>\nPraktisch und langlebig: Der glatte und robuste Rei\u00dfverschluss erleichtert das \u00d6ffnen und Schlie\u00dfen des logi mx keys mini tasche und das Befestigen und Aufbewahren des keys mini logitech tastatur. Dar\u00fcber hinaus ist der Schneiderprozess ausgezeichnet, was den logitech keys mini \u200bh\u00fclle sehr langlebig und sch\u00f6n macht.<br \/>\n\u2764 TIPPS: Nur zum Verkauf Fall (Bemerkenswert: kein bluetooth tastatur logitech mx keys mini \u200bund Zubeh\u00f6r im Inneren.) Wenn Sie mit dem erhaltenen Fall nicht zufrieden sind, k\u00f6nnen Sie sich gerne an uns wenden. Wir werden das Problem so schnell wie m\u00f6glich f\u00fcr Sie l\u00f6sen.<br \/>\n<div class=\"main-cross-sell\" data-asin=\"B09LQD1VGQ\">\n\n\t<div class=\"WooZone-cross-sell-loader\">\n\t\t<div>\n\t\t\t<div id=\"floatingBarsG\">\n\t\t\t\t<div class=\"blockG\" id=\"rotateG_01\"><\/div>\n\t\t\t\t<div class=\"blockG\" id=\"rotateG_02\"><\/div>\n\t\t\t\t<div class=\"blockG\" id=\"rotateG_03\"><\/div>\n\t\t\t\t<div class=\"blockG\" id=\"rotateG_04\"><\/div>\n\t\t\t\t<div class=\"blockG\" id=\"rotateG_05\"><\/div>\n\t\t\t\t<div class=\"blockG\" id=\"rotateG_06\"><\/div>\n\t\t\t\t<div class=\"blockG\" id=\"rotateG_07\"><\/div>\n\t\t\t\t<div class=\"blockG\" id=\"rotateG_08\"><\/div>\n\t\t\t<\/div>\n\t\t\t<div class=\"WooZone-cross-sell-loader-text\"><\/div>\n\t\t<\/div>\n\t<\/div>\n\n\t\t\n<\/div>\n<div style=\"clear:both;\"><\/div><\/p>\n","protected":false},"excerpt":{"rendered":"<p>PERFEKTES DESIGN:co2CREA Harte Reisetasche, die speziell f\u00fcr Logitech MX Keys Mini Kabellose Tastatur entwickelt wurde und perfekt zu Ihrem Ger\u00e4t und Zubeh\u00f6r passt.Gleichzeitig verf\u00fcgt der bluetooth tastatur logitech mx keys mini h\u00fclle \u00fcber einen sehr bequemen Griff, der problemlos unterwegs getragen werden kann Bring dir eine bessere Erfahrung.<br \/>\nMATERIAL: Hartes EVA, FARBE: schwarz, VERPACKUNG ENTH\u00c4LT: Nur mx keys mini logitech h\u00fclle.<br \/>\nGROSSER SCHUTZ: Die bluetooth tastatur logitech mx keys mini tasche ist sto\u00dffest, staubdicht und wasserdicht. Das \u00c4u\u00dfere besteht aus hartem EVA-Material und das Innenfutter aus weichem Samtmaterial. Die harte logi mx keys mini Abdeckung kann den Aufprall effektiv abfedern und Sch\u00e4den durch versehentliche Kollisionen reduzieren sowie die logitech mx tastatur kabellos keys mini und das Zubeh\u00f6r besser sch\u00fctzen.<\/p>\n","protected":false},"featured_media":77406,"comment_status":"open","ping_status":"closed","template":"","meta":[],"product_brand":[],"product_cat":[863],"product_tag":[],"class_list":{"0":"post-77405","1":"product","2":"type-product","3":"status-publish","4":"has-post-thumbnail","6":"product_cat-computer-zubehoer","7":"pa_brand-co2crea","8":"pa_manufacturer-co2crea","10":"first","11":"instock","12":"shipping-taxable","13":"purchasable","14":"product-type-simple","15":"customify-col","16":"product-has-gallery"},"yoast_head":"<!-- This site is optimized with the Yoast SEO plugin v27.4 - https:\/\/yoast.com\/product\/yoast-seo-wordpress\/ -->\n<title>co2CREA Ersatz-Hartschalengeh\u00e4use f\u00fcr Logitech MX Mechanical Mini Wireless Illuminated Keyboard und Anywhere 3 Compact\u2026 - Markt-XXL<\/title>\n<meta name=\"description\" content=\"Markt-XXL co2CREA Ersatz-Hartschalengeh\u00e4use f\u00fcr Logitech MX Mechanical Mini Wireless Illuminated Keyboard und Anywhere 3 Compact\u2026\" \/>\n<meta name=\"robots\" content=\"index, follow, max-snippet:-1, max-image-preview:large, max-video-preview:-1\" \/>\n<link rel=\"canonical\" href=\"https:\/\/marktxxl.de\/markt\/produkt\/co2crea-case-harte-reiseschutzhuelle-etui-tasche-fuer-logitech-mx-keys-mini-kabellose-tastatur-nur-tasche-enthaelt-keine-tastatur\/\" \/>\n<meta property=\"og:locale\" content=\"de_DE\" \/>\n<meta property=\"og:type\" content=\"article\" \/>\n<meta property=\"og:title\" content=\"co2CREA Ersatz-Hartschalengeh\u00e4use f\u00fcr Logitech MX Mechanical Mini Wireless Illuminated Keyboard und Anywhere 3 Compact\u2026 - Markt-XXL\" \/>\n<meta property=\"og:description\" content=\"Markt-XXL co2CREA Ersatz-Hartschalengeh\u00e4use f\u00fcr Logitech MX Mechanical Mini Wireless Illuminated Keyboard und Anywhere 3 Compact\u2026\" \/>\n<meta property=\"og:url\" content=\"https:\/\/marktxxl.de\/markt\/produkt\/co2crea-case-harte-reiseschutzhuelle-etui-tasche-fuer-logitech-mx-keys-mini-kabellose-tastatur-nur-tasche-enthaelt-keine-tastatur\/\" \/>\n<meta property=\"og:site_name\" content=\"Markt-XXL\" \/>\n<meta property=\"article:modified_time\" content=\"2023-04-11T00:51:26+00:00\" \/>\n<meta property=\"og:image\" content=\"https:\/\/m.media-amazon.com\/images\/I\/51rlvM7pHeL._SL500_.jpg\" \/>\n\t<meta property=\"og:image:width\" content=\"500\" \/>\n\t<meta property=\"og:image:height\" content=\"500\" \/>\n\t<meta property=\"og:image:type\" content=\"image\/jpeg\" \/>\n<meta name=\"twitter:card\" content=\"summary_large_image\" \/>\n<meta name=\"twitter:label1\" content=\"Gesch\u00e4tzte Lesezeit\" \/>\n\t<meta name=\"twitter:data1\" content=\"1\u00a0Minute\" \/>\n<script type=\"application\/ld+json\" class=\"yoast-schema-graph\">{\"@context\":\"https:\\\/\\\/schema.org\",\"@graph\":[{\"@type\":\"WebPage\",\"@id\":\"https:\\\/\\\/marktxxl.de\\\/markt\\\/produkt\\\/co2crea-case-harte-reiseschutzhuelle-etui-tasche-fuer-logitech-mx-keys-mini-kabellose-tastatur-nur-tasche-enthaelt-keine-tastatur\\\/\",\"url\":\"https:\\\/\\\/marktxxl.de\\\/markt\\\/produkt\\\/co2crea-case-harte-reiseschutzhuelle-etui-tasche-fuer-logitech-mx-keys-mini-kabellose-tastatur-nur-tasche-enthaelt-keine-tastatur\\\/\",\"name\":\"co2CREA Ersatz-Hartschalengeh\u00e4use f\u00fcr Logitech MX Mechanical Mini Wireless Illuminated Keyboard und Anywhere 3 Compact\u2026 - Markt-XXL\",\"isPartOf\":{\"@id\":\"https:\\\/\\\/marktxxl.de\\\/markt\\\/#website\"},\"primaryImageOfPage\":{\"@id\":\"https:\\\/\\\/marktxxl.de\\\/markt\\\/produkt\\\/co2crea-case-harte-reiseschutzhuelle-etui-tasche-fuer-logitech-mx-keys-mini-kabellose-tastatur-nur-tasche-enthaelt-keine-tastatur\\\/#primaryimage\"},\"image\":{\"@id\":\"https:\\\/\\\/marktxxl.de\\\/markt\\\/produkt\\\/co2crea-case-harte-reiseschutzhuelle-etui-tasche-fuer-logitech-mx-keys-mini-kabellose-tastatur-nur-tasche-enthaelt-keine-tastatur\\\/#primaryimage\"},\"thumbnailUrl\":\"https:\\\/\\\/m.media-amazon.com\\\/images\\\/I\\\/51rlvM7pHeL._SL500_.jpg\",\"datePublished\":\"2021-11-25T14:15:32+00:00\",\"dateModified\":\"2023-04-11T00:51:26+00:00\",\"description\":\"Markt-XXL co2CREA Ersatz-Hartschalengeh\u00e4use f\u00fcr Logitech MX Mechanical Mini Wireless Illuminated Keyboard und Anywhere 3 Compact\u2026\",\"breadcrumb\":{\"@id\":\"https:\\\/\\\/marktxxl.de\\\/markt\\\/produkt\\\/co2crea-case-harte-reiseschutzhuelle-etui-tasche-fuer-logitech-mx-keys-mini-kabellose-tastatur-nur-tasche-enthaelt-keine-tastatur\\\/#breadcrumb\"},\"inLanguage\":\"de\",\"potentialAction\":[{\"@type\":\"ReadAction\",\"target\":[\"https:\\\/\\\/marktxxl.de\\\/markt\\\/produkt\\\/co2crea-case-harte-reiseschutzhuelle-etui-tasche-fuer-logitech-mx-keys-mini-kabellose-tastatur-nur-tasche-enthaelt-keine-tastatur\\\/\"]}]},{\"@type\":\"ImageObject\",\"inLanguage\":\"de\",\"@id\":\"https:\\\/\\\/marktxxl.de\\\/markt\\\/produkt\\\/co2crea-case-harte-reiseschutzhuelle-etui-tasche-fuer-logitech-mx-keys-mini-kabellose-tastatur-nur-tasche-enthaelt-keine-tastatur\\\/#primaryimage\",\"url\":\"https:\\\/\\\/m.media-amazon.com\\\/images\\\/I\\\/51rlvM7pHeL._SL500_.jpg\",\"contentUrl\":\"https:\\\/\\\/m.media-amazon.com\\\/images\\\/I\\\/51rlvM7pHeL._SL500_.jpg\",\"width\":500,\"height\":500},{\"@type\":\"BreadcrumbList\",\"@id\":\"https:\\\/\\\/marktxxl.de\\\/markt\\\/produkt\\\/co2crea-case-harte-reiseschutzhuelle-etui-tasche-fuer-logitech-mx-keys-mini-kabellose-tastatur-nur-tasche-enthaelt-keine-tastatur\\\/#breadcrumb\",\"itemListElement\":[{\"@type\":\"ListItem\",\"position\":1,\"name\":\"Startseite\",\"item\":\"https:\\\/\\\/marktxxl.de\\\/markt\\\/\"},{\"@type\":\"ListItem\",\"position\":2,\"name\":\"Markt\",\"item\":\"https:\\\/\\\/marktxxl.de\\\/markt\\\/\"},{\"@type\":\"ListItem\",\"position\":3,\"name\":\"co2CREA Ersatz-Hartschalengeh\u00e4use f\u00fcr Logitech MX Mechanical Mini Wireless Illuminated Keyboard und Anywhere 3 Compact\u2026\"}]},{\"@type\":\"WebSite\",\"@id\":\"https:\\\/\\\/marktxxl.de\\\/markt\\\/#website\",\"url\":\"https:\\\/\\\/marktxxl.de\\\/markt\\\/\",\"name\":\"Markt-XXL\",\"description\":\"Ihr Markt Online\",\"publisher\":{\"@id\":\"https:\\\/\\\/marktxxl.de\\\/markt\\\/#organization\"},\"potentialAction\":[{\"@type\":\"SearchAction\",\"target\":{\"@type\":\"EntryPoint\",\"urlTemplate\":\"https:\\\/\\\/marktxxl.de\\\/markt\\\/?s={search_term_string}\"},\"query-input\":{\"@type\":\"PropertyValueSpecification\",\"valueRequired\":true,\"valueName\":\"search_term_string\"}}],\"inLanguage\":\"de\"},{\"@type\":\"Organization\",\"@id\":\"https:\\\/\\\/marktxxl.de\\\/markt\\\/#organization\",\"name\":\"Markt-XXL\",\"url\":\"https:\\\/\\\/marktxxl.de\\\/markt\\\/\",\"logo\":{\"@type\":\"ImageObject\",\"inLanguage\":\"de\",\"@id\":\"https:\\\/\\\/marktxxl.de\\\/markt\\\/#\\\/schema\\\/logo\\\/image\\\/\",\"url\":\"https:\\\/\\\/marktxxl.de\\\/markt\\\/wp-content\\\/uploads\\\/sites\\\/3\\\/2020\\\/12\\\/logo.png\",\"contentUrl\":\"https:\\\/\\\/marktxxl.de\\\/markt\\\/wp-content\\\/uploads\\\/sites\\\/3\\\/2020\\\/12\\\/logo.png\",\"width\":200,\"height\":70,\"caption\":\"Markt-XXL\"},\"image\":{\"@id\":\"https:\\\/\\\/marktxxl.de\\\/markt\\\/#\\\/schema\\\/logo\\\/image\\\/\"}}]}<\/script>\n<!-- \/ Yoast SEO plugin. -->","yoast_head_json":{"title":"co2CREA Ersatz-Hartschalengeh\u00e4use f\u00fcr Logitech MX Mechanical Mini Wireless Illuminated Keyboard und Anywhere 3 Compact\u2026 - Markt-XXL","description":"Markt-XXL co2CREA Ersatz-Hartschalengeh\u00e4use f\u00fcr Logitech MX Mechanical Mini Wireless Illuminated Keyboard und Anywhere 3 Compact\u2026","robots":{"index":"index","follow":"follow","max-snippet":"max-snippet:-1","max-image-preview":"max-image-preview:large","max-video-preview":"max-video-preview:-1"},"canonical":"https:\/\/marktxxl.de\/markt\/produkt\/co2crea-case-harte-reiseschutzhuelle-etui-tasche-fuer-logitech-mx-keys-mini-kabellose-tastatur-nur-tasche-enthaelt-keine-tastatur\/","og_locale":"de_DE","og_type":"article","og_title":"co2CREA Ersatz-Hartschalengeh\u00e4use f\u00fcr Logitech MX Mechanical Mini Wireless Illuminated Keyboard und Anywhere 3 Compact\u2026 - Markt-XXL","og_description":"Markt-XXL co2CREA Ersatz-Hartschalengeh\u00e4use f\u00fcr Logitech MX Mechanical Mini Wireless Illuminated Keyboard und Anywhere 3 Compact\u2026","og_url":"https:\/\/marktxxl.de\/markt\/produkt\/co2crea-case-harte-reiseschutzhuelle-etui-tasche-fuer-logitech-mx-keys-mini-kabellose-tastatur-nur-tasche-enthaelt-keine-tastatur\/","og_site_name":"Markt-XXL","article_modified_time":"2023-04-11T00:51:26+00:00","og_image":[{"width":500,"height":500,"url":"https:\/\/m.media-amazon.com\/images\/I\/51rlvM7pHeL._SL500_.jpg","type":"image\/jpeg"}],"twitter_card":"summary_large_image","twitter_misc":{"Gesch\u00e4tzte Lesezeit":"1\u00a0Minute"},"schema":{"@context":"https:\/\/schema.org","@graph":[{"@type":"WebPage","@id":"https:\/\/marktxxl.de\/markt\/produkt\/co2crea-case-harte-reiseschutzhuelle-etui-tasche-fuer-logitech-mx-keys-mini-kabellose-tastatur-nur-tasche-enthaelt-keine-tastatur\/","url":"https:\/\/marktxxl.de\/markt\/produkt\/co2crea-case-harte-reiseschutzhuelle-etui-tasche-fuer-logitech-mx-keys-mini-kabellose-tastatur-nur-tasche-enthaelt-keine-tastatur\/","name":"co2CREA Ersatz-Hartschalengeh\u00e4use f\u00fcr Logitech MX Mechanical Mini Wireless Illuminated Keyboard und Anywhere 3 Compact\u2026 - Markt-XXL","isPartOf":{"@id":"https:\/\/marktxxl.de\/markt\/#website"},"primaryImageOfPage":{"@id":"https:\/\/marktxxl.de\/markt\/produkt\/co2crea-case-harte-reiseschutzhuelle-etui-tasche-fuer-logitech-mx-keys-mini-kabellose-tastatur-nur-tasche-enthaelt-keine-tastatur\/#primaryimage"},"image":{"@id":"https:\/\/marktxxl.de\/markt\/produkt\/co2crea-case-harte-reiseschutzhuelle-etui-tasche-fuer-logitech-mx-keys-mini-kabellose-tastatur-nur-tasche-enthaelt-keine-tastatur\/#primaryimage"},"thumbnailUrl":"https:\/\/m.media-amazon.com\/images\/I\/51rlvM7pHeL._SL500_.jpg","datePublished":"2021-11-25T14:15:32+00:00","dateModified":"2023-04-11T00:51:26+00:00","description":"Markt-XXL co2CREA Ersatz-Hartschalengeh\u00e4use f\u00fcr Logitech MX Mechanical Mini Wireless Illuminated Keyboard und Anywhere 3 Compact\u2026","breadcrumb":{"@id":"https:\/\/marktxxl.de\/markt\/produkt\/co2crea-case-harte-reiseschutzhuelle-etui-tasche-fuer-logitech-mx-keys-mini-kabellose-tastatur-nur-tasche-enthaelt-keine-tastatur\/#breadcrumb"},"inLanguage":"de","potentialAction":[{"@type":"ReadAction","target":["https:\/\/marktxxl.de\/markt\/produkt\/co2crea-case-harte-reiseschutzhuelle-etui-tasche-fuer-logitech-mx-keys-mini-kabellose-tastatur-nur-tasche-enthaelt-keine-tastatur\/"]}]},{"@type":"ImageObject","inLanguage":"de","@id":"https:\/\/marktxxl.de\/markt\/produkt\/co2crea-case-harte-reiseschutzhuelle-etui-tasche-fuer-logitech-mx-keys-mini-kabellose-tastatur-nur-tasche-enthaelt-keine-tastatur\/#primaryimage","url":"https:\/\/m.media-amazon.com\/images\/I\/51rlvM7pHeL._SL500_.jpg","contentUrl":"https:\/\/m.media-amazon.com\/images\/I\/51rlvM7pHeL._SL500_.jpg","width":500,"height":500},{"@type":"BreadcrumbList","@id":"https:\/\/marktxxl.de\/markt\/produkt\/co2crea-case-harte-reiseschutzhuelle-etui-tasche-fuer-logitech-mx-keys-mini-kabellose-tastatur-nur-tasche-enthaelt-keine-tastatur\/#breadcrumb","itemListElement":[{"@type":"ListItem","position":1,"name":"Startseite","item":"https:\/\/marktxxl.de\/markt\/"},{"@type":"ListItem","position":2,"name":"Markt","item":"https:\/\/marktxxl.de\/markt\/"},{"@type":"ListItem","position":3,"name":"co2CREA Ersatz-Hartschalengeh\u00e4use f\u00fcr Logitech MX Mechanical Mini Wireless Illuminated Keyboard und Anywhere 3 Compact\u2026"}]},{"@type":"WebSite","@id":"https:\/\/marktxxl.de\/markt\/#website","url":"https:\/\/marktxxl.de\/markt\/","name":"Markt-XXL","description":"Ihr Markt Online","publisher":{"@id":"https:\/\/marktxxl.de\/markt\/#organization"},"potentialAction":[{"@type":"SearchAction","target":{"@type":"EntryPoint","urlTemplate":"https:\/\/marktxxl.de\/markt\/?s={search_term_string}"},"query-input":{"@type":"PropertyValueSpecification","valueRequired":true,"valueName":"search_term_string"}}],"inLanguage":"de"},{"@type":"Organization","@id":"https:\/\/marktxxl.de\/markt\/#organization","name":"Markt-XXL","url":"https:\/\/marktxxl.de\/markt\/","logo":{"@type":"ImageObject","inLanguage":"de","@id":"https:\/\/marktxxl.de\/markt\/#\/schema\/logo\/image\/","url":"https:\/\/marktxxl.de\/markt\/wp-content\/uploads\/sites\/3\/2020\/12\/logo.png","contentUrl":"https:\/\/marktxxl.de\/markt\/wp-content\/uploads\/sites\/3\/2020\/12\/logo.png","width":200,"height":70,"caption":"Markt-XXL"},"image":{"@id":"https:\/\/marktxxl.de\/markt\/#\/schema\/logo\/image\/"}}]}},"_links":{"self":[{"href":"https:\/\/marktxxl.de\/markt\/wp-json\/wp\/v2\/product\/77405","targetHints":{"allow":["GET"]}}],"collection":[{"href":"https:\/\/marktxxl.de\/markt\/wp-json\/wp\/v2\/product"}],"about":[{"href":"https:\/\/marktxxl.de\/markt\/wp-json\/wp\/v2\/types\/product"}],"replies":[{"embeddable":true,"href":"https:\/\/marktxxl.de\/markt\/wp-json\/wp\/v2\/comments?post=77405"}],"wp:featuredmedia":[{"embeddable":true,"href":"https:\/\/marktxxl.de\/markt\/wp-json\/wp\/v2\/media\/77406"}],"wp:attachment":[{"href":"https:\/\/marktxxl.de\/markt\/wp-json\/wp\/v2\/media?parent=77405"}],"wp:term":[{"taxonomy":"product_brand","embeddable":true,"href":"https:\/\/marktxxl.de\/markt\/wp-json\/wp\/v2\/product_brand?post=77405"},{"taxonomy":"product_cat","embeddable":true,"href":"https:\/\/marktxxl.de\/markt\/wp-json\/wp\/v2\/product_cat?post=77405"},{"taxonomy":"product_tag","embeddable":true,"href":"https:\/\/marktxxl.de\/markt\/wp-json\/wp\/v2\/product_tag?post=77405"}],"curies":[{"name":"wp","href":"https:\/\/api.w.org\/{rel}","templated":true}]}}