{"id":77388,"date":"2021-11-25T15:15:22","date_gmt":"2021-11-25T14:15:22","guid":{"rendered":"https:\/\/marktxxl.de\/markt\/produkt\/sparin-2-stueck-panzerglas-fuer-microsoft-surface-pro-8-und-surface-pro-x-13-zoll-2021-schutzfolie-mit-9h-haerte-surface-stift-kompatibel\/"},"modified":"2023-04-11T02:51:26","modified_gmt":"2023-04-11T00:51:26","slug":"sparin-2-stueck-panzerglas-fuer-microsoft-surface-pro-8-und-surface-pro-x-13-zoll-2021-schutzfolie-mit-9h-haerte-surface-stift-kompatibel","status":"publish","type":"product","link":"https:\/\/marktxxl.de\/markt\/produkt\/sparin-2-stueck-panzerglas-fuer-microsoft-surface-pro-8-und-surface-pro-x-13-zoll-2021-schutzfolie-mit-9h-haerte-surface-stift-kompatibel\/","title":{"rendered":"SPARIN Schutzfolie f\u00fcr Microsoft Surface Pro 9 (4G\/5G), Surface Pro 8 und Surface Pro X (13 Zoll), Folie mit 9H H\u00e4rte, 2\u2026"},"content":{"rendered":"<p>Wichtiger Hinweis: Nur geeignet f\u00fcr Surface Pro 8 und Surface Pro X (13 Zoll) , nicht f\u00fcr Surface Pro 7+, Surface Pro 7 oder andere Modelle<br \/>\nKratzfest: Die Surface Pro 8 Panzerglas aus hochwertigem 9H geh\u00e4rtetem Glas zum Sch\u00fctzen Sie das Tablet vor Kratzern durch Schl\u00fcssel und andere harte Gegenst\u00e4nde<br \/>\nSurface Pen kompatibel: Nur 0,3 mm dick beh\u00e4lt die Empfindlichkeit von Surface Pen und Multi-Touch-Subsystem. Erleben Sie Ihre Geschwindigkeit mit Pr\u00e4zision und Reaktionsf\u00e4higkeit<br \/>\nEinfache Installation: Diese Surface Pro 8 Schutzfolie kann automatisch an Ihrem Ger\u00e4t angebracht werden, sobald Sie sie mit blasenfreiem Druck auf das Tablet legen<br \/>\nFingerprint-resistent: Die Beschichtung der \u00f6labweisenden hydrophoben Schicht kann die Adsorption von Fingerabdr\u00fccken gut reduzieren, wir k\u00f6nnten das Mikrofasertuch langsam abwischen, um es zu reinigen<br \/>\n<div class=\"main-cross-sell\" data-asin=\"B07YWZCMS5\">\n\n\t<div class=\"WooZone-cross-sell-loader\">\n\t\t<div>\n\t\t\t<div id=\"floatingBarsG\">\n\t\t\t\t<div class=\"blockG\" id=\"rotateG_01\"><\/div>\n\t\t\t\t<div class=\"blockG\" id=\"rotateG_02\"><\/div>\n\t\t\t\t<div class=\"blockG\" id=\"rotateG_03\"><\/div>\n\t\t\t\t<div class=\"blockG\" id=\"rotateG_04\"><\/div>\n\t\t\t\t<div class=\"blockG\" id=\"rotateG_05\"><\/div>\n\t\t\t\t<div class=\"blockG\" id=\"rotateG_06\"><\/div>\n\t\t\t\t<div class=\"blockG\" id=\"rotateG_07\"><\/div>\n\t\t\t\t<div class=\"blockG\" id=\"rotateG_08\"><\/div>\n\t\t\t<\/div>\n\t\t\t<div class=\"WooZone-cross-sell-loader-text\"><\/div>\n\t\t<\/div>\n\t<\/div>\n\n\t\t\n<\/div>\n<div style=\"clear:both;\"><\/div><\/p>\n","protected":false},"excerpt":{"rendered":"<p>Wichtiger Hinweis: Nur geeignet f\u00fcr Surface Pro 8 und Surface Pro X (13 Zoll) , nicht f\u00fcr Surface Pro 7+, Surface Pro 7 oder andere Modelle<br \/>\nKratzfest: Die Surface Pro 8 Panzerglas aus hochwertigem 9H geh\u00e4rtetem Glas zum Sch\u00fctzen Sie das Tablet vor Kratzern durch Schl\u00fcssel und andere harte Gegenst\u00e4nde<br \/>\nSurface Pen kompatibel: Nur 0,3 mm dick beh\u00e4lt die Empfindlichkeit von Surface Pen und Multi-Touch-Subsystem. Erleben Sie Ihre Geschwindigkeit mit Pr\u00e4zision und Reaktionsf\u00e4higkeit<\/p>\n","protected":false},"featured_media":77389,"comment_status":"open","ping_status":"closed","template":"","meta":[],"product_brand":[],"product_cat":[863],"product_tag":[],"class_list":{"0":"post-77388","1":"product","2":"type-product","3":"status-publish","4":"has-post-thumbnail","6":"product_cat-computer-zubehoer","7":"pa_binding-elektronik","8":"pa_brand-sparin","9":"pa_manufacturer-sparin","11":"first","12":"instock","13":"shipping-taxable","14":"purchasable","15":"product-type-simple","16":"customify-col","17":"product-has-gallery"},"yoast_head":"<!-- This site is optimized with the Yoast SEO plugin v27.4 - https:\/\/yoast.com\/product\/yoast-seo-wordpress\/ -->\n<title>SPARIN Schutzfolie f\u00fcr Microsoft Surface Pro 9 (4G\/5G), Surface Pro 8 und Surface Pro X (13 Zoll), Folie mit 9H H\u00e4rte, 2\u2026 - Markt-XXL<\/title>\n<meta name=\"description\" content=\"Markt-XXL SPARIN Schutzfolie f\u00fcr Microsoft Surface Pro 9 (4G\/5G), Surface Pro 8 und Surface Pro X (13 Zoll), Folie mit 9H H\u00e4rte, 2\u2026\" \/>\n<meta name=\"robots\" content=\"index, follow, max-snippet:-1, max-image-preview:large, max-video-preview:-1\" \/>\n<link rel=\"canonical\" href=\"https:\/\/marktxxl.de\/markt\/produkt\/sparin-2-stueck-panzerglas-fuer-microsoft-surface-pro-8-und-surface-pro-x-13-zoll-2021-schutzfolie-mit-9h-haerte-surface-stift-kompatibel\/\" \/>\n<meta property=\"og:locale\" content=\"de_DE\" \/>\n<meta property=\"og:type\" content=\"article\" \/>\n<meta property=\"og:title\" content=\"SPARIN Schutzfolie f\u00fcr Microsoft Surface Pro 9 (4G\/5G), Surface Pro 8 und Surface Pro X (13 Zoll), Folie mit 9H H\u00e4rte, 2\u2026 - Markt-XXL\" \/>\n<meta property=\"og:description\" content=\"Markt-XXL SPARIN Schutzfolie f\u00fcr Microsoft Surface Pro 9 (4G\/5G), Surface Pro 8 und Surface Pro X (13 Zoll), Folie mit 9H H\u00e4rte, 2\u2026\" \/>\n<meta property=\"og:url\" content=\"https:\/\/marktxxl.de\/markt\/produkt\/sparin-2-stueck-panzerglas-fuer-microsoft-surface-pro-8-und-surface-pro-x-13-zoll-2021-schutzfolie-mit-9h-haerte-surface-stift-kompatibel\/\" \/>\n<meta property=\"og:site_name\" content=\"Markt-XXL\" \/>\n<meta property=\"article:modified_time\" content=\"2023-04-11T00:51:26+00:00\" \/>\n<meta property=\"og:image\" content=\"https:\/\/m.media-amazon.com\/images\/I\/51D0Z346tCL._SL500_.jpg\" \/>\n\t<meta property=\"og:image:width\" content=\"500\" \/>\n\t<meta property=\"og:image:height\" content=\"500\" \/>\n\t<meta property=\"og:image:type\" content=\"image\/jpeg\" \/>\n<meta name=\"twitter:card\" content=\"summary_large_image\" \/>\n<meta name=\"twitter:label1\" content=\"Gesch\u00e4tzte Lesezeit\" \/>\n\t<meta name=\"twitter:data1\" content=\"1\u00a0Minute\" \/>\n<script type=\"application\/ld+json\" class=\"yoast-schema-graph\">{\"@context\":\"https:\\\/\\\/schema.org\",\"@graph\":[{\"@type\":\"WebPage\",\"@id\":\"https:\\\/\\\/marktxxl.de\\\/markt\\\/produkt\\\/sparin-2-stueck-panzerglas-fuer-microsoft-surface-pro-8-und-surface-pro-x-13-zoll-2021-schutzfolie-mit-9h-haerte-surface-stift-kompatibel\\\/\",\"url\":\"https:\\\/\\\/marktxxl.de\\\/markt\\\/produkt\\\/sparin-2-stueck-panzerglas-fuer-microsoft-surface-pro-8-und-surface-pro-x-13-zoll-2021-schutzfolie-mit-9h-haerte-surface-stift-kompatibel\\\/\",\"name\":\"SPARIN Schutzfolie f\u00fcr Microsoft Surface Pro 9 (4G\\\/5G), Surface Pro 8 und Surface Pro X (13 Zoll), Folie mit 9H H\u00e4rte, 2\u2026 - Markt-XXL\",\"isPartOf\":{\"@id\":\"https:\\\/\\\/marktxxl.de\\\/markt\\\/#website\"},\"primaryImageOfPage\":{\"@id\":\"https:\\\/\\\/marktxxl.de\\\/markt\\\/produkt\\\/sparin-2-stueck-panzerglas-fuer-microsoft-surface-pro-8-und-surface-pro-x-13-zoll-2021-schutzfolie-mit-9h-haerte-surface-stift-kompatibel\\\/#primaryimage\"},\"image\":{\"@id\":\"https:\\\/\\\/marktxxl.de\\\/markt\\\/produkt\\\/sparin-2-stueck-panzerglas-fuer-microsoft-surface-pro-8-und-surface-pro-x-13-zoll-2021-schutzfolie-mit-9h-haerte-surface-stift-kompatibel\\\/#primaryimage\"},\"thumbnailUrl\":\"https:\\\/\\\/m.media-amazon.com\\\/images\\\/I\\\/51D0Z346tCL._SL500_.jpg\",\"datePublished\":\"2021-11-25T14:15:22+00:00\",\"dateModified\":\"2023-04-11T00:51:26+00:00\",\"description\":\"Markt-XXL SPARIN Schutzfolie f\u00fcr Microsoft Surface Pro 9 (4G\\\/5G), Surface Pro 8 und Surface Pro X (13 Zoll), Folie mit 9H H\u00e4rte, 2\u2026\",\"breadcrumb\":{\"@id\":\"https:\\\/\\\/marktxxl.de\\\/markt\\\/produkt\\\/sparin-2-stueck-panzerglas-fuer-microsoft-surface-pro-8-und-surface-pro-x-13-zoll-2021-schutzfolie-mit-9h-haerte-surface-stift-kompatibel\\\/#breadcrumb\"},\"inLanguage\":\"de\",\"potentialAction\":[{\"@type\":\"ReadAction\",\"target\":[\"https:\\\/\\\/marktxxl.de\\\/markt\\\/produkt\\\/sparin-2-stueck-panzerglas-fuer-microsoft-surface-pro-8-und-surface-pro-x-13-zoll-2021-schutzfolie-mit-9h-haerte-surface-stift-kompatibel\\\/\"]}]},{\"@type\":\"ImageObject\",\"inLanguage\":\"de\",\"@id\":\"https:\\\/\\\/marktxxl.de\\\/markt\\\/produkt\\\/sparin-2-stueck-panzerglas-fuer-microsoft-surface-pro-8-und-surface-pro-x-13-zoll-2021-schutzfolie-mit-9h-haerte-surface-stift-kompatibel\\\/#primaryimage\",\"url\":\"https:\\\/\\\/m.media-amazon.com\\\/images\\\/I\\\/51D0Z346tCL._SL500_.jpg\",\"contentUrl\":\"https:\\\/\\\/m.media-amazon.com\\\/images\\\/I\\\/51D0Z346tCL._SL500_.jpg\",\"width\":500,\"height\":500},{\"@type\":\"BreadcrumbList\",\"@id\":\"https:\\\/\\\/marktxxl.de\\\/markt\\\/produkt\\\/sparin-2-stueck-panzerglas-fuer-microsoft-surface-pro-8-und-surface-pro-x-13-zoll-2021-schutzfolie-mit-9h-haerte-surface-stift-kompatibel\\\/#breadcrumb\",\"itemListElement\":[{\"@type\":\"ListItem\",\"position\":1,\"name\":\"Startseite\",\"item\":\"https:\\\/\\\/marktxxl.de\\\/markt\\\/\"},{\"@type\":\"ListItem\",\"position\":2,\"name\":\"Markt\",\"item\":\"https:\\\/\\\/marktxxl.de\\\/markt\\\/\"},{\"@type\":\"ListItem\",\"position\":3,\"name\":\"SPARIN Schutzfolie f\u00fcr Microsoft Surface Pro 9 (4G\\\/5G), Surface Pro 8 und Surface Pro X (13 Zoll), Folie mit 9H H\u00e4rte, 2\u2026\"}]},{\"@type\":\"WebSite\",\"@id\":\"https:\\\/\\\/marktxxl.de\\\/markt\\\/#website\",\"url\":\"https:\\\/\\\/marktxxl.de\\\/markt\\\/\",\"name\":\"Markt-XXL\",\"description\":\"Ihr Markt Online\",\"publisher\":{\"@id\":\"https:\\\/\\\/marktxxl.de\\\/markt\\\/#organization\"},\"potentialAction\":[{\"@type\":\"SearchAction\",\"target\":{\"@type\":\"EntryPoint\",\"urlTemplate\":\"https:\\\/\\\/marktxxl.de\\\/markt\\\/?s={search_term_string}\"},\"query-input\":{\"@type\":\"PropertyValueSpecification\",\"valueRequired\":true,\"valueName\":\"search_term_string\"}}],\"inLanguage\":\"de\"},{\"@type\":\"Organization\",\"@id\":\"https:\\\/\\\/marktxxl.de\\\/markt\\\/#organization\",\"name\":\"Markt-XXL\",\"url\":\"https:\\\/\\\/marktxxl.de\\\/markt\\\/\",\"logo\":{\"@type\":\"ImageObject\",\"inLanguage\":\"de\",\"@id\":\"https:\\\/\\\/marktxxl.de\\\/markt\\\/#\\\/schema\\\/logo\\\/image\\\/\",\"url\":\"https:\\\/\\\/marktxxl.de\\\/markt\\\/wp-content\\\/uploads\\\/sites\\\/3\\\/2020\\\/12\\\/logo.png\",\"contentUrl\":\"https:\\\/\\\/marktxxl.de\\\/markt\\\/wp-content\\\/uploads\\\/sites\\\/3\\\/2020\\\/12\\\/logo.png\",\"width\":200,\"height\":70,\"caption\":\"Markt-XXL\"},\"image\":{\"@id\":\"https:\\\/\\\/marktxxl.de\\\/markt\\\/#\\\/schema\\\/logo\\\/image\\\/\"}}]}<\/script>\n<!-- \/ Yoast SEO plugin. -->","yoast_head_json":{"title":"SPARIN Schutzfolie f\u00fcr Microsoft Surface Pro 9 (4G\/5G), Surface Pro 8 und Surface Pro X (13 Zoll), Folie mit 9H H\u00e4rte, 2\u2026 - Markt-XXL","description":"Markt-XXL SPARIN Schutzfolie f\u00fcr Microsoft Surface Pro 9 (4G\/5G), Surface Pro 8 und Surface Pro X (13 Zoll), Folie mit 9H H\u00e4rte, 2\u2026","robots":{"index":"index","follow":"follow","max-snippet":"max-snippet:-1","max-image-preview":"max-image-preview:large","max-video-preview":"max-video-preview:-1"},"canonical":"https:\/\/marktxxl.de\/markt\/produkt\/sparin-2-stueck-panzerglas-fuer-microsoft-surface-pro-8-und-surface-pro-x-13-zoll-2021-schutzfolie-mit-9h-haerte-surface-stift-kompatibel\/","og_locale":"de_DE","og_type":"article","og_title":"SPARIN Schutzfolie f\u00fcr Microsoft Surface Pro 9 (4G\/5G), Surface Pro 8 und Surface Pro X (13 Zoll), Folie mit 9H H\u00e4rte, 2\u2026 - Markt-XXL","og_description":"Markt-XXL SPARIN Schutzfolie f\u00fcr Microsoft Surface Pro 9 (4G\/5G), Surface Pro 8 und Surface Pro X (13 Zoll), Folie mit 9H H\u00e4rte, 2\u2026","og_url":"https:\/\/marktxxl.de\/markt\/produkt\/sparin-2-stueck-panzerglas-fuer-microsoft-surface-pro-8-und-surface-pro-x-13-zoll-2021-schutzfolie-mit-9h-haerte-surface-stift-kompatibel\/","og_site_name":"Markt-XXL","article_modified_time":"2023-04-11T00:51:26+00:00","og_image":[{"width":500,"height":500,"url":"https:\/\/m.media-amazon.com\/images\/I\/51D0Z346tCL._SL500_.jpg","type":"image\/jpeg"}],"twitter_card":"summary_large_image","twitter_misc":{"Gesch\u00e4tzte Lesezeit":"1\u00a0Minute"},"schema":{"@context":"https:\/\/schema.org","@graph":[{"@type":"WebPage","@id":"https:\/\/marktxxl.de\/markt\/produkt\/sparin-2-stueck-panzerglas-fuer-microsoft-surface-pro-8-und-surface-pro-x-13-zoll-2021-schutzfolie-mit-9h-haerte-surface-stift-kompatibel\/","url":"https:\/\/marktxxl.de\/markt\/produkt\/sparin-2-stueck-panzerglas-fuer-microsoft-surface-pro-8-und-surface-pro-x-13-zoll-2021-schutzfolie-mit-9h-haerte-surface-stift-kompatibel\/","name":"SPARIN Schutzfolie f\u00fcr Microsoft Surface Pro 9 (4G\/5G), Surface Pro 8 und Surface Pro X (13 Zoll), Folie mit 9H H\u00e4rte, 2\u2026 - Markt-XXL","isPartOf":{"@id":"https:\/\/marktxxl.de\/markt\/#website"},"primaryImageOfPage":{"@id":"https:\/\/marktxxl.de\/markt\/produkt\/sparin-2-stueck-panzerglas-fuer-microsoft-surface-pro-8-und-surface-pro-x-13-zoll-2021-schutzfolie-mit-9h-haerte-surface-stift-kompatibel\/#primaryimage"},"image":{"@id":"https:\/\/marktxxl.de\/markt\/produkt\/sparin-2-stueck-panzerglas-fuer-microsoft-surface-pro-8-und-surface-pro-x-13-zoll-2021-schutzfolie-mit-9h-haerte-surface-stift-kompatibel\/#primaryimage"},"thumbnailUrl":"https:\/\/m.media-amazon.com\/images\/I\/51D0Z346tCL._SL500_.jpg","datePublished":"2021-11-25T14:15:22+00:00","dateModified":"2023-04-11T00:51:26+00:00","description":"Markt-XXL SPARIN Schutzfolie f\u00fcr Microsoft Surface Pro 9 (4G\/5G), Surface Pro 8 und Surface Pro X (13 Zoll), Folie mit 9H H\u00e4rte, 2\u2026","breadcrumb":{"@id":"https:\/\/marktxxl.de\/markt\/produkt\/sparin-2-stueck-panzerglas-fuer-microsoft-surface-pro-8-und-surface-pro-x-13-zoll-2021-schutzfolie-mit-9h-haerte-surface-stift-kompatibel\/#breadcrumb"},"inLanguage":"de","potentialAction":[{"@type":"ReadAction","target":["https:\/\/marktxxl.de\/markt\/produkt\/sparin-2-stueck-panzerglas-fuer-microsoft-surface-pro-8-und-surface-pro-x-13-zoll-2021-schutzfolie-mit-9h-haerte-surface-stift-kompatibel\/"]}]},{"@type":"ImageObject","inLanguage":"de","@id":"https:\/\/marktxxl.de\/markt\/produkt\/sparin-2-stueck-panzerglas-fuer-microsoft-surface-pro-8-und-surface-pro-x-13-zoll-2021-schutzfolie-mit-9h-haerte-surface-stift-kompatibel\/#primaryimage","url":"https:\/\/m.media-amazon.com\/images\/I\/51D0Z346tCL._SL500_.jpg","contentUrl":"https:\/\/m.media-amazon.com\/images\/I\/51D0Z346tCL._SL500_.jpg","width":500,"height":500},{"@type":"BreadcrumbList","@id":"https:\/\/marktxxl.de\/markt\/produkt\/sparin-2-stueck-panzerglas-fuer-microsoft-surface-pro-8-und-surface-pro-x-13-zoll-2021-schutzfolie-mit-9h-haerte-surface-stift-kompatibel\/#breadcrumb","itemListElement":[{"@type":"ListItem","position":1,"name":"Startseite","item":"https:\/\/marktxxl.de\/markt\/"},{"@type":"ListItem","position":2,"name":"Markt","item":"https:\/\/marktxxl.de\/markt\/"},{"@type":"ListItem","position":3,"name":"SPARIN Schutzfolie f\u00fcr Microsoft Surface Pro 9 (4G\/5G), Surface Pro 8 und Surface Pro X (13 Zoll), Folie mit 9H H\u00e4rte, 2\u2026"}]},{"@type":"WebSite","@id":"https:\/\/marktxxl.de\/markt\/#website","url":"https:\/\/marktxxl.de\/markt\/","name":"Markt-XXL","description":"Ihr Markt Online","publisher":{"@id":"https:\/\/marktxxl.de\/markt\/#organization"},"potentialAction":[{"@type":"SearchAction","target":{"@type":"EntryPoint","urlTemplate":"https:\/\/marktxxl.de\/markt\/?s={search_term_string}"},"query-input":{"@type":"PropertyValueSpecification","valueRequired":true,"valueName":"search_term_string"}}],"inLanguage":"de"},{"@type":"Organization","@id":"https:\/\/marktxxl.de\/markt\/#organization","name":"Markt-XXL","url":"https:\/\/marktxxl.de\/markt\/","logo":{"@type":"ImageObject","inLanguage":"de","@id":"https:\/\/marktxxl.de\/markt\/#\/schema\/logo\/image\/","url":"https:\/\/marktxxl.de\/markt\/wp-content\/uploads\/sites\/3\/2020\/12\/logo.png","contentUrl":"https:\/\/marktxxl.de\/markt\/wp-content\/uploads\/sites\/3\/2020\/12\/logo.png","width":200,"height":70,"caption":"Markt-XXL"},"image":{"@id":"https:\/\/marktxxl.de\/markt\/#\/schema\/logo\/image\/"}}]}},"_links":{"self":[{"href":"https:\/\/marktxxl.de\/markt\/wp-json\/wp\/v2\/product\/77388","targetHints":{"allow":["GET"]}}],"collection":[{"href":"https:\/\/marktxxl.de\/markt\/wp-json\/wp\/v2\/product"}],"about":[{"href":"https:\/\/marktxxl.de\/markt\/wp-json\/wp\/v2\/types\/product"}],"replies":[{"embeddable":true,"href":"https:\/\/marktxxl.de\/markt\/wp-json\/wp\/v2\/comments?post=77388"}],"wp:featuredmedia":[{"embeddable":true,"href":"https:\/\/marktxxl.de\/markt\/wp-json\/wp\/v2\/media\/77389"}],"wp:attachment":[{"href":"https:\/\/marktxxl.de\/markt\/wp-json\/wp\/v2\/media?parent=77388"}],"wp:term":[{"taxonomy":"product_brand","embeddable":true,"href":"https:\/\/marktxxl.de\/markt\/wp-json\/wp\/v2\/product_brand?post=77388"},{"taxonomy":"product_cat","embeddable":true,"href":"https:\/\/marktxxl.de\/markt\/wp-json\/wp\/v2\/product_cat?post=77388"},{"taxonomy":"product_tag","embeddable":true,"href":"https:\/\/marktxxl.de\/markt\/wp-json\/wp\/v2\/product_tag?post=77388"}],"curies":[{"name":"wp","href":"https:\/\/api.w.org\/{rel}","templated":true}]}}