{"id":77380,"date":"2021-11-25T15:15:17","date_gmt":"2021-11-25T14:15:17","guid":{"rendered":"https:\/\/marktxxl.de\/markt\/produkt\/srosstec-tastatur-huelle-kompatibel-mit-samsung-tab-s7-fe-tab-s7-tab-s7-plus-qwertz-kabellose-beleuchtete-bluetooth-samsung-galaxy-tab-s7-fe-12-4-zoll-2021-tastatur-mit-touchpadpanzerglassch\/"},"modified":"2023-04-11T02:51:26","modified_gmt":"2023-04-11T00:51:26","slug":"srosstec-tastatur-huelle-kompatibel-mit-samsung-tab-s7-fe-tab-s7-tab-s7-plus-qwertz-kabellose-beleuchtete-bluetooth-samsung-galaxy-tab-s7-fe-12-4-zoll-2021-tastatur-mit-touchpadpanzerglassch","status":"publish","type":"product","link":"https:\/\/marktxxl.de\/markt\/produkt\/srosstec-tastatur-huelle-kompatibel-mit-samsung-tab-s7-fe-tab-s7-tab-s7-plus-qwertz-kabellose-beleuchtete-bluetooth-samsung-galaxy-tab-s7-fe-12-4-zoll-2021-tastatur-mit-touchpadpanzerglassch\/","title":{"rendered":"SROSSTEC Tastatur H\u00fclle Kompatibel mit Samsung Tab S7 FE &amp; Tab S7+\/Tab S7 Plus, QWERTZ Kabellose Beleuchtete Bluetooth\u2026"},"content":{"rendered":"<p>&amp;#9658 &amp;#60 Tastatur H\u00fclle F\u00fcr Samsung Galaxy Tab S7 FE &amp;#62 &#8211; Diese Tastatur Kabellos ist speziell f\u00fcr das neue Samsung Galaxy TAB S7 FE 12.4 Zoll 2021 &amp; Samsung TAB S7+\/S7 Plus 2020 (SM-T970\/T975\/T976\/T730\/T736)entwickelt. Mit dem eleganten Design sch\u00fctzt die H\u00fclle Ihr Samsung tablet kompakt vor Kratz und Fall.<br \/>\n&amp;#9658 &amp;#60 Samsung Galaxy Tab S7 FE Tastatur &amp;#62 &#8211; Diese Tastatur f\u00fcr Samsung TAB S7 FE verf\u00fcgt \u00fcber eine Touchpad-Maus. Mit dem magic trackpad k\u00f6nnen Sie Ihr durch mehrere Gesten besser kontrollieren. Ultraklares verst\u00e4rktes Glas erh\u00e4lt Bildqualit\u00e4t und sorgt f\u00fcr zuverl\u00e4ssigen Displayschutz f\u00fcr Galaxy TAB S7 FE. Sch\u00fctzt Ihren Bildschirm vor t\u00e4glichen Kratzern und St\u00fcrzen.<br \/>\n&amp;#9658 &amp;#60 Tastatur Beleuchtet &amp; Ladekabel Typ C &amp;#62 &#8211; bei der Bluetooth Tastatur Samsung Galaxy TAB S7+\/S7 Plus ist 7-farbigen Beleuchtung verf\u00fcgbar. Beleuchtete tastatur wiederaufladbar. Dr\u00fccken Sie die Gl\u00fchbirnen-Taste in der unteren rechten Ecke der Tastatur, um das Tastaturlicht zu \u00f6ffnen \/ schlie\u00dfen und 3 Helligkeiten zu \u00e4ndern. Dr\u00fccken Sie die RGB-Taste, um 7 Farben zu \u00e4ndern.<br \/>\n&amp;#9658 &amp;#60 H\u00fclle Aus PC Material &amp; PU Leder &amp;#62 &#8211; Die Samsung Galaxy Tab S7 FE H\u00fclle besteht aus hohe Qualit\u00e4t PC Material &amp; PU Leder, anti-Fall, haltbarer. Mit dem k\u00f6nnen Sie Ihr Galaxy TAB S7 FE 12,4&#8221; einfach in die Schutzh\u00fclle einziehen und leicht davon ausziehen, ohne Ihr Tablet zu besch\u00e4digen. 3 Winkeln kann nach Ihren W\u00fcnschen eingestellt werden.<br \/>\n&amp;#9658 &amp;#60 Nach Dem Verkauf &amp;#62 &#8211; Die Samsung Galaxy TAB S7 FE Tastatur h\u00fclle ist nicht nur ein gutes Tablet-Zubeh\u00f6r, sondern auch ein wunderbares Geschenk. Bei Problemen mit dieser das Galaxy Tab S7+\/S7 Plus Android Tablets Tastatur kontaktieren Sie uns bitte zuerst per E-Mail. Wir werden das Problem f\u00fcr Sie l\u00f6sen.<br \/>\n<div class=\"main-cross-sell\" data-asin=\"B09J545ZV3\">\n\n\t<div class=\"WooZone-cross-sell-loader\">\n\t\t<div>\n\t\t\t<div id=\"floatingBarsG\">\n\t\t\t\t<div class=\"blockG\" id=\"rotateG_01\"><\/div>\n\t\t\t\t<div class=\"blockG\" id=\"rotateG_02\"><\/div>\n\t\t\t\t<div class=\"blockG\" id=\"rotateG_03\"><\/div>\n\t\t\t\t<div class=\"blockG\" id=\"rotateG_04\"><\/div>\n\t\t\t\t<div class=\"blockG\" id=\"rotateG_05\"><\/div>\n\t\t\t\t<div class=\"blockG\" id=\"rotateG_06\"><\/div>\n\t\t\t\t<div class=\"blockG\" id=\"rotateG_07\"><\/div>\n\t\t\t\t<div class=\"blockG\" id=\"rotateG_08\"><\/div>\n\t\t\t<\/div>\n\t\t\t<div class=\"WooZone-cross-sell-loader-text\"><\/div>\n\t\t<\/div>\n\t<\/div>\n\n\t\t\n<\/div>\n<div style=\"clear:both;\"><\/div><\/p>\n","protected":false},"excerpt":{"rendered":"<p>&amp;#9658 &amp;#60 Tastatur H\u00fclle F\u00fcr Samsung Galaxy Tab S7 FE &amp;#62 &#8211; Diese Tastatur Kabellos ist speziell f\u00fcr das neue Samsung Galaxy TAB S7 FE 12.4 Zoll 2021 &amp; Samsung TAB S7+\/S7 Plus 2020 (SM-T970\/T975\/T976\/T730\/T736)entwickelt. Mit dem eleganten Design sch\u00fctzt die H\u00fclle Ihr Samsung tablet kompakt vor Kratz und Fall.<br \/>\n&amp;#9658 &amp;#60 Samsung Galaxy Tab S7 FE Tastatur &amp;#62 &#8211; Diese Tastatur f\u00fcr Samsung TAB S7 FE verf\u00fcgt \u00fcber eine Touchpad-Maus. Mit dem magic trackpad k\u00f6nnen Sie Ihr durch mehrere Gesten besser kontrollieren. Ultraklares verst\u00e4rktes Glas erh\u00e4lt Bildqualit\u00e4t und sorgt f\u00fcr zuverl\u00e4ssigen Displayschutz f\u00fcr Galaxy TAB S7 FE. Sch\u00fctzt Ihren Bildschirm vor t\u00e4glichen Kratzern und St\u00fcrzen.<br \/>\n&amp;#9658 &amp;#60 Tastatur Beleuchtet &amp; Ladekabel Typ C &amp;#62 &#8211; bei der Bluetooth Tastatur Samsung Galaxy TAB S7+\/S7 Plus ist 7-farbigen Beleuchtung verf\u00fcgbar. Beleuchtete tastatur wiederaufladbar. Dr\u00fccken Sie die Gl\u00fchbirnen-Taste in der unteren rechten Ecke der Tastatur, um das Tastaturlicht zu \u00f6ffnen \/ schlie\u00dfen und 3 Helligkeiten zu \u00e4ndern. Dr\u00fccken Sie die RGB-Taste, um 7 Farben zu \u00e4ndern.<\/p>\n","protected":false},"featured_media":77381,"comment_status":"open","ping_status":"closed","template":"","meta":[],"product_brand":[],"product_cat":[863],"product_tag":[],"class_list":{"0":"post-77380","1":"product","2":"type-product","3":"status-publish","4":"has-post-thumbnail","6":"product_cat-computer-zubehoer","7":"pa_brand-srosstec","8":"pa_color-schwarz-tab-s7-fe","9":"pa_manufacturer-yuanyueyue","11":"first","12":"instock","13":"shipping-taxable","14":"purchasable","15":"product-type-simple","16":"customify-col","17":"product-has-gallery"},"yoast_head":"<!-- This site is optimized with the Yoast SEO plugin v27.4 - https:\/\/yoast.com\/product\/yoast-seo-wordpress\/ -->\n<title>SROSSTEC Tastatur H\u00fclle Kompatibel mit Samsung Tab S7 FE &amp; Tab S7+\/Tab S7 Plus, QWERTZ Kabellose Beleuchtete Bluetooth\u2026 - Markt-XXL<\/title>\n<meta name=\"description\" content=\"Markt-XXL SROSSTEC Tastatur H\u00fclle Kompatibel mit Samsung Tab S7 FE &amp; Tab S7+\/Tab S7 Plus, QWERTZ Kabellose Beleuchtete Bluetooth\u2026\" \/>\n<meta name=\"robots\" content=\"index, follow, max-snippet:-1, max-image-preview:large, max-video-preview:-1\" \/>\n<link rel=\"canonical\" href=\"https:\/\/marktxxl.de\/markt\/produkt\/srosstec-tastatur-huelle-kompatibel-mit-samsung-tab-s7-fe-tab-s7-tab-s7-plus-qwertz-kabellose-beleuchtete-bluetooth-samsung-galaxy-tab-s7-fe-12-4-zoll-2021-tastatur-mit-touchpadpanzerglassch\/\" \/>\n<meta property=\"og:locale\" content=\"de_DE\" \/>\n<meta property=\"og:type\" content=\"article\" \/>\n<meta property=\"og:title\" content=\"SROSSTEC Tastatur H\u00fclle Kompatibel mit Samsung Tab S7 FE &amp; Tab S7+\/Tab S7 Plus, QWERTZ Kabellose Beleuchtete Bluetooth\u2026 - Markt-XXL\" \/>\n<meta property=\"og:description\" content=\"Markt-XXL SROSSTEC Tastatur H\u00fclle Kompatibel mit Samsung Tab S7 FE &amp; Tab S7+\/Tab S7 Plus, QWERTZ Kabellose Beleuchtete Bluetooth\u2026\" \/>\n<meta property=\"og:url\" content=\"https:\/\/marktxxl.de\/markt\/produkt\/srosstec-tastatur-huelle-kompatibel-mit-samsung-tab-s7-fe-tab-s7-tab-s7-plus-qwertz-kabellose-beleuchtete-bluetooth-samsung-galaxy-tab-s7-fe-12-4-zoll-2021-tastatur-mit-touchpadpanzerglassch\/\" \/>\n<meta property=\"og:site_name\" content=\"Markt-XXL\" \/>\n<meta property=\"article:modified_time\" content=\"2023-04-11T00:51:26+00:00\" \/>\n<meta property=\"og:image\" content=\"https:\/\/m.media-amazon.com\/images\/I\/51vasjYQF5L._SL500_.jpg\" \/>\n\t<meta property=\"og:image:width\" content=\"500\" \/>\n\t<meta property=\"og:image:height\" content=\"500\" \/>\n\t<meta property=\"og:image:type\" content=\"image\/jpeg\" \/>\n<meta name=\"twitter:card\" content=\"summary_large_image\" \/>\n<meta name=\"twitter:label1\" content=\"Gesch\u00e4tzte Lesezeit\" \/>\n\t<meta name=\"twitter:data1\" content=\"2\u00a0Minuten\" \/>\n<script type=\"application\/ld+json\" class=\"yoast-schema-graph\">{\"@context\":\"https:\\\/\\\/schema.org\",\"@graph\":[{\"@type\":\"WebPage\",\"@id\":\"https:\\\/\\\/marktxxl.de\\\/markt\\\/produkt\\\/srosstec-tastatur-huelle-kompatibel-mit-samsung-tab-s7-fe-tab-s7-tab-s7-plus-qwertz-kabellose-beleuchtete-bluetooth-samsung-galaxy-tab-s7-fe-12-4-zoll-2021-tastatur-mit-touchpadpanzerglassch\\\/\",\"url\":\"https:\\\/\\\/marktxxl.de\\\/markt\\\/produkt\\\/srosstec-tastatur-huelle-kompatibel-mit-samsung-tab-s7-fe-tab-s7-tab-s7-plus-qwertz-kabellose-beleuchtete-bluetooth-samsung-galaxy-tab-s7-fe-12-4-zoll-2021-tastatur-mit-touchpadpanzerglassch\\\/\",\"name\":\"SROSSTEC Tastatur H\u00fclle Kompatibel mit Samsung Tab S7 FE &amp; Tab S7+\\\/Tab S7 Plus, QWERTZ Kabellose Beleuchtete Bluetooth\u2026 - Markt-XXL\",\"isPartOf\":{\"@id\":\"https:\\\/\\\/marktxxl.de\\\/markt\\\/#website\"},\"primaryImageOfPage\":{\"@id\":\"https:\\\/\\\/marktxxl.de\\\/markt\\\/produkt\\\/srosstec-tastatur-huelle-kompatibel-mit-samsung-tab-s7-fe-tab-s7-tab-s7-plus-qwertz-kabellose-beleuchtete-bluetooth-samsung-galaxy-tab-s7-fe-12-4-zoll-2021-tastatur-mit-touchpadpanzerglassch\\\/#primaryimage\"},\"image\":{\"@id\":\"https:\\\/\\\/marktxxl.de\\\/markt\\\/produkt\\\/srosstec-tastatur-huelle-kompatibel-mit-samsung-tab-s7-fe-tab-s7-tab-s7-plus-qwertz-kabellose-beleuchtete-bluetooth-samsung-galaxy-tab-s7-fe-12-4-zoll-2021-tastatur-mit-touchpadpanzerglassch\\\/#primaryimage\"},\"thumbnailUrl\":\"https:\\\/\\\/m.media-amazon.com\\\/images\\\/I\\\/51vasjYQF5L._SL500_.jpg\",\"datePublished\":\"2021-11-25T14:15:17+00:00\",\"dateModified\":\"2023-04-11T00:51:26+00:00\",\"description\":\"Markt-XXL SROSSTEC Tastatur H\u00fclle Kompatibel mit Samsung Tab S7 FE &amp; Tab S7+\\\/Tab S7 Plus, QWERTZ Kabellose Beleuchtete Bluetooth\u2026\",\"breadcrumb\":{\"@id\":\"https:\\\/\\\/marktxxl.de\\\/markt\\\/produkt\\\/srosstec-tastatur-huelle-kompatibel-mit-samsung-tab-s7-fe-tab-s7-tab-s7-plus-qwertz-kabellose-beleuchtete-bluetooth-samsung-galaxy-tab-s7-fe-12-4-zoll-2021-tastatur-mit-touchpadpanzerglassch\\\/#breadcrumb\"},\"inLanguage\":\"de\",\"potentialAction\":[{\"@type\":\"ReadAction\",\"target\":[\"https:\\\/\\\/marktxxl.de\\\/markt\\\/produkt\\\/srosstec-tastatur-huelle-kompatibel-mit-samsung-tab-s7-fe-tab-s7-tab-s7-plus-qwertz-kabellose-beleuchtete-bluetooth-samsung-galaxy-tab-s7-fe-12-4-zoll-2021-tastatur-mit-touchpadpanzerglassch\\\/\"]}]},{\"@type\":\"ImageObject\",\"inLanguage\":\"de\",\"@id\":\"https:\\\/\\\/marktxxl.de\\\/markt\\\/produkt\\\/srosstec-tastatur-huelle-kompatibel-mit-samsung-tab-s7-fe-tab-s7-tab-s7-plus-qwertz-kabellose-beleuchtete-bluetooth-samsung-galaxy-tab-s7-fe-12-4-zoll-2021-tastatur-mit-touchpadpanzerglassch\\\/#primaryimage\",\"url\":\"https:\\\/\\\/m.media-amazon.com\\\/images\\\/I\\\/51vasjYQF5L._SL500_.jpg\",\"contentUrl\":\"https:\\\/\\\/m.media-amazon.com\\\/images\\\/I\\\/51vasjYQF5L._SL500_.jpg\",\"width\":500,\"height\":500},{\"@type\":\"BreadcrumbList\",\"@id\":\"https:\\\/\\\/marktxxl.de\\\/markt\\\/produkt\\\/srosstec-tastatur-huelle-kompatibel-mit-samsung-tab-s7-fe-tab-s7-tab-s7-plus-qwertz-kabellose-beleuchtete-bluetooth-samsung-galaxy-tab-s7-fe-12-4-zoll-2021-tastatur-mit-touchpadpanzerglassch\\\/#breadcrumb\",\"itemListElement\":[{\"@type\":\"ListItem\",\"position\":1,\"name\":\"Startseite\",\"item\":\"https:\\\/\\\/marktxxl.de\\\/markt\\\/\"},{\"@type\":\"ListItem\",\"position\":2,\"name\":\"Markt\",\"item\":\"https:\\\/\\\/marktxxl.de\\\/markt\\\/\"},{\"@type\":\"ListItem\",\"position\":3,\"name\":\"SROSSTEC Tastatur H\u00fclle Kompatibel mit Samsung Tab S7 FE &amp; Tab S7+\\\/Tab S7 Plus, QWERTZ Kabellose Beleuchtete Bluetooth\u2026\"}]},{\"@type\":\"WebSite\",\"@id\":\"https:\\\/\\\/marktxxl.de\\\/markt\\\/#website\",\"url\":\"https:\\\/\\\/marktxxl.de\\\/markt\\\/\",\"name\":\"Markt-XXL\",\"description\":\"Ihr Markt Online\",\"publisher\":{\"@id\":\"https:\\\/\\\/marktxxl.de\\\/markt\\\/#organization\"},\"potentialAction\":[{\"@type\":\"SearchAction\",\"target\":{\"@type\":\"EntryPoint\",\"urlTemplate\":\"https:\\\/\\\/marktxxl.de\\\/markt\\\/?s={search_term_string}\"},\"query-input\":{\"@type\":\"PropertyValueSpecification\",\"valueRequired\":true,\"valueName\":\"search_term_string\"}}],\"inLanguage\":\"de\"},{\"@type\":\"Organization\",\"@id\":\"https:\\\/\\\/marktxxl.de\\\/markt\\\/#organization\",\"name\":\"Markt-XXL\",\"url\":\"https:\\\/\\\/marktxxl.de\\\/markt\\\/\",\"logo\":{\"@type\":\"ImageObject\",\"inLanguage\":\"de\",\"@id\":\"https:\\\/\\\/marktxxl.de\\\/markt\\\/#\\\/schema\\\/logo\\\/image\\\/\",\"url\":\"https:\\\/\\\/marktxxl.de\\\/markt\\\/wp-content\\\/uploads\\\/sites\\\/3\\\/2020\\\/12\\\/logo.png\",\"contentUrl\":\"https:\\\/\\\/marktxxl.de\\\/markt\\\/wp-content\\\/uploads\\\/sites\\\/3\\\/2020\\\/12\\\/logo.png\",\"width\":200,\"height\":70,\"caption\":\"Markt-XXL\"},\"image\":{\"@id\":\"https:\\\/\\\/marktxxl.de\\\/markt\\\/#\\\/schema\\\/logo\\\/image\\\/\"}}]}<\/script>\n<!-- \/ Yoast SEO plugin. -->","yoast_head_json":{"title":"SROSSTEC Tastatur H\u00fclle Kompatibel mit Samsung Tab S7 FE &amp; Tab S7+\/Tab S7 Plus, QWERTZ Kabellose Beleuchtete Bluetooth\u2026 - Markt-XXL","description":"Markt-XXL SROSSTEC Tastatur H\u00fclle Kompatibel mit Samsung Tab S7 FE &amp; Tab S7+\/Tab S7 Plus, QWERTZ Kabellose Beleuchtete Bluetooth\u2026","robots":{"index":"index","follow":"follow","max-snippet":"max-snippet:-1","max-image-preview":"max-image-preview:large","max-video-preview":"max-video-preview:-1"},"canonical":"https:\/\/marktxxl.de\/markt\/produkt\/srosstec-tastatur-huelle-kompatibel-mit-samsung-tab-s7-fe-tab-s7-tab-s7-plus-qwertz-kabellose-beleuchtete-bluetooth-samsung-galaxy-tab-s7-fe-12-4-zoll-2021-tastatur-mit-touchpadpanzerglassch\/","og_locale":"de_DE","og_type":"article","og_title":"SROSSTEC Tastatur H\u00fclle Kompatibel mit Samsung Tab S7 FE &amp; Tab S7+\/Tab S7 Plus, QWERTZ Kabellose Beleuchtete Bluetooth\u2026 - Markt-XXL","og_description":"Markt-XXL SROSSTEC Tastatur H\u00fclle Kompatibel mit Samsung Tab S7 FE &amp; Tab S7+\/Tab S7 Plus, QWERTZ Kabellose Beleuchtete Bluetooth\u2026","og_url":"https:\/\/marktxxl.de\/markt\/produkt\/srosstec-tastatur-huelle-kompatibel-mit-samsung-tab-s7-fe-tab-s7-tab-s7-plus-qwertz-kabellose-beleuchtete-bluetooth-samsung-galaxy-tab-s7-fe-12-4-zoll-2021-tastatur-mit-touchpadpanzerglassch\/","og_site_name":"Markt-XXL","article_modified_time":"2023-04-11T00:51:26+00:00","og_image":[{"width":500,"height":500,"url":"https:\/\/m.media-amazon.com\/images\/I\/51vasjYQF5L._SL500_.jpg","type":"image\/jpeg"}],"twitter_card":"summary_large_image","twitter_misc":{"Gesch\u00e4tzte Lesezeit":"2\u00a0Minuten"},"schema":{"@context":"https:\/\/schema.org","@graph":[{"@type":"WebPage","@id":"https:\/\/marktxxl.de\/markt\/produkt\/srosstec-tastatur-huelle-kompatibel-mit-samsung-tab-s7-fe-tab-s7-tab-s7-plus-qwertz-kabellose-beleuchtete-bluetooth-samsung-galaxy-tab-s7-fe-12-4-zoll-2021-tastatur-mit-touchpadpanzerglassch\/","url":"https:\/\/marktxxl.de\/markt\/produkt\/srosstec-tastatur-huelle-kompatibel-mit-samsung-tab-s7-fe-tab-s7-tab-s7-plus-qwertz-kabellose-beleuchtete-bluetooth-samsung-galaxy-tab-s7-fe-12-4-zoll-2021-tastatur-mit-touchpadpanzerglassch\/","name":"SROSSTEC Tastatur H\u00fclle Kompatibel mit Samsung Tab S7 FE &amp; Tab S7+\/Tab S7 Plus, QWERTZ Kabellose Beleuchtete Bluetooth\u2026 - Markt-XXL","isPartOf":{"@id":"https:\/\/marktxxl.de\/markt\/#website"},"primaryImageOfPage":{"@id":"https:\/\/marktxxl.de\/markt\/produkt\/srosstec-tastatur-huelle-kompatibel-mit-samsung-tab-s7-fe-tab-s7-tab-s7-plus-qwertz-kabellose-beleuchtete-bluetooth-samsung-galaxy-tab-s7-fe-12-4-zoll-2021-tastatur-mit-touchpadpanzerglassch\/#primaryimage"},"image":{"@id":"https:\/\/marktxxl.de\/markt\/produkt\/srosstec-tastatur-huelle-kompatibel-mit-samsung-tab-s7-fe-tab-s7-tab-s7-plus-qwertz-kabellose-beleuchtete-bluetooth-samsung-galaxy-tab-s7-fe-12-4-zoll-2021-tastatur-mit-touchpadpanzerglassch\/#primaryimage"},"thumbnailUrl":"https:\/\/m.media-amazon.com\/images\/I\/51vasjYQF5L._SL500_.jpg","datePublished":"2021-11-25T14:15:17+00:00","dateModified":"2023-04-11T00:51:26+00:00","description":"Markt-XXL SROSSTEC Tastatur H\u00fclle Kompatibel mit Samsung Tab S7 FE &amp; Tab S7+\/Tab S7 Plus, QWERTZ Kabellose Beleuchtete Bluetooth\u2026","breadcrumb":{"@id":"https:\/\/marktxxl.de\/markt\/produkt\/srosstec-tastatur-huelle-kompatibel-mit-samsung-tab-s7-fe-tab-s7-tab-s7-plus-qwertz-kabellose-beleuchtete-bluetooth-samsung-galaxy-tab-s7-fe-12-4-zoll-2021-tastatur-mit-touchpadpanzerglassch\/#breadcrumb"},"inLanguage":"de","potentialAction":[{"@type":"ReadAction","target":["https:\/\/marktxxl.de\/markt\/produkt\/srosstec-tastatur-huelle-kompatibel-mit-samsung-tab-s7-fe-tab-s7-tab-s7-plus-qwertz-kabellose-beleuchtete-bluetooth-samsung-galaxy-tab-s7-fe-12-4-zoll-2021-tastatur-mit-touchpadpanzerglassch\/"]}]},{"@type":"ImageObject","inLanguage":"de","@id":"https:\/\/marktxxl.de\/markt\/produkt\/srosstec-tastatur-huelle-kompatibel-mit-samsung-tab-s7-fe-tab-s7-tab-s7-plus-qwertz-kabellose-beleuchtete-bluetooth-samsung-galaxy-tab-s7-fe-12-4-zoll-2021-tastatur-mit-touchpadpanzerglassch\/#primaryimage","url":"https:\/\/m.media-amazon.com\/images\/I\/51vasjYQF5L._SL500_.jpg","contentUrl":"https:\/\/m.media-amazon.com\/images\/I\/51vasjYQF5L._SL500_.jpg","width":500,"height":500},{"@type":"BreadcrumbList","@id":"https:\/\/marktxxl.de\/markt\/produkt\/srosstec-tastatur-huelle-kompatibel-mit-samsung-tab-s7-fe-tab-s7-tab-s7-plus-qwertz-kabellose-beleuchtete-bluetooth-samsung-galaxy-tab-s7-fe-12-4-zoll-2021-tastatur-mit-touchpadpanzerglassch\/#breadcrumb","itemListElement":[{"@type":"ListItem","position":1,"name":"Startseite","item":"https:\/\/marktxxl.de\/markt\/"},{"@type":"ListItem","position":2,"name":"Markt","item":"https:\/\/marktxxl.de\/markt\/"},{"@type":"ListItem","position":3,"name":"SROSSTEC Tastatur H\u00fclle Kompatibel mit Samsung Tab S7 FE &amp; Tab S7+\/Tab S7 Plus, QWERTZ Kabellose Beleuchtete Bluetooth\u2026"}]},{"@type":"WebSite","@id":"https:\/\/marktxxl.de\/markt\/#website","url":"https:\/\/marktxxl.de\/markt\/","name":"Markt-XXL","description":"Ihr Markt Online","publisher":{"@id":"https:\/\/marktxxl.de\/markt\/#organization"},"potentialAction":[{"@type":"SearchAction","target":{"@type":"EntryPoint","urlTemplate":"https:\/\/marktxxl.de\/markt\/?s={search_term_string}"},"query-input":{"@type":"PropertyValueSpecification","valueRequired":true,"valueName":"search_term_string"}}],"inLanguage":"de"},{"@type":"Organization","@id":"https:\/\/marktxxl.de\/markt\/#organization","name":"Markt-XXL","url":"https:\/\/marktxxl.de\/markt\/","logo":{"@type":"ImageObject","inLanguage":"de","@id":"https:\/\/marktxxl.de\/markt\/#\/schema\/logo\/image\/","url":"https:\/\/marktxxl.de\/markt\/wp-content\/uploads\/sites\/3\/2020\/12\/logo.png","contentUrl":"https:\/\/marktxxl.de\/markt\/wp-content\/uploads\/sites\/3\/2020\/12\/logo.png","width":200,"height":70,"caption":"Markt-XXL"},"image":{"@id":"https:\/\/marktxxl.de\/markt\/#\/schema\/logo\/image\/"}}]}},"_links":{"self":[{"href":"https:\/\/marktxxl.de\/markt\/wp-json\/wp\/v2\/product\/77380","targetHints":{"allow":["GET"]}}],"collection":[{"href":"https:\/\/marktxxl.de\/markt\/wp-json\/wp\/v2\/product"}],"about":[{"href":"https:\/\/marktxxl.de\/markt\/wp-json\/wp\/v2\/types\/product"}],"replies":[{"embeddable":true,"href":"https:\/\/marktxxl.de\/markt\/wp-json\/wp\/v2\/comments?post=77380"}],"wp:featuredmedia":[{"embeddable":true,"href":"https:\/\/marktxxl.de\/markt\/wp-json\/wp\/v2\/media\/77381"}],"wp:attachment":[{"href":"https:\/\/marktxxl.de\/markt\/wp-json\/wp\/v2\/media?parent=77380"}],"wp:term":[{"taxonomy":"product_brand","embeddable":true,"href":"https:\/\/marktxxl.de\/markt\/wp-json\/wp\/v2\/product_brand?post=77380"},{"taxonomy":"product_cat","embeddable":true,"href":"https:\/\/marktxxl.de\/markt\/wp-json\/wp\/v2\/product_cat?post=77380"},{"taxonomy":"product_tag","embeddable":true,"href":"https:\/\/marktxxl.de\/markt\/wp-json\/wp\/v2\/product_tag?post=77380"}],"curies":[{"name":"wp","href":"https:\/\/api.w.org\/{rel}","templated":true}]}}