{"id":77372,"date":"2021-11-25T15:15:12","date_gmt":"2021-11-25T14:15:12","guid":{"rendered":"https:\/\/marktxxl.de\/markt\/produkt\/512gb-usb-flash-laufwerk-2-in-1-dual-usb-typ-c-flash-laufwerk-512-gb-thumb-laufwerk-metall-speicherstick-fuer-usb-c-smartphones-tablets-pc\/"},"modified":"2023-04-11T02:51:26","modified_gmt":"2023-04-11T00:51:26","slug":"512gb-usb-flash-laufwerk-2-in-1-dual-usb-typ-c-flash-laufwerk-512-gb-thumb-laufwerk-metall-speicherstick-fuer-usb-c-smartphones-tablets-pc","status":"publish","type":"product","link":"https:\/\/marktxxl.de\/markt\/produkt\/512gb-usb-flash-laufwerk-2-in-1-dual-usb-typ-c-flash-laufwerk-512-gb-thumb-laufwerk-metall-speicherstick-fuer-usb-c-smartphones-tablets-pc\/","title":{"rendered":"512GB USB-Flash-Laufwerk, 2-in-1 Dual-USB-Typ-C-Flash-Laufwerk 512 GB Thumb-Laufwerk Metall-Speicherstick f\u00fcr USB-C\u2026"},"content":{"rendered":"<p>\u3010Dual USB 3.0 &amp; Typ-C-Flash-Laufwerk\u3011Das USB-C-Flash-Laufwerk 512GB mit der USB- und Typ-C-Schnittstelle, f\u00fcr Computer und f\u00fcr Android-Telefone.Unterst\u00fctzt Windows \/ Mac OS, kompatibel mit USB 2.0.Unterst\u00fctzt alle Arten von PC und Typ -C Ger\u00e4te mit OTG-Funktion.<br \/>\n\u3010Gro\u00dfe Kompatibilit\u00e4t\u3011: Das USB-C- und 3.0-Flash-Laufwerk ist kompatibel mit Computern, Laptops, Auto-Audiosystemen, Tablets, Smartphones mit USB-C-Anschluss. Bitte beachten Sie, dass diese Schnittstelle nicht f\u00fcr iPhone und Micro-USB gilt.<br \/>\n\u3010Plug and Play\u3011 Einfach zu bedienen, keine Softwareinstallation erforderlich. Mit diesem USB-C-Flash-Laufwerk k\u00f6nnen Sie Filme auf Ihrem Telefon ansehen und Fotos, Dateien und Daten einfach zwischen Typ-C-Telefonen, Tablets und Computern \u00fcbertragen.<br \/>\n\u3010Speicherplatz erweitern\u3011Speichern Sie Ihr Video und Foto auf dem U-Stick, ohne Speicherplatz auf dem Telefon zu belegen, geben Sie Ihr Mobiltelefon und die PC-Daten\u00fcbertragung und -Speicherung frei. Mehr Fotos und Videos.<br \/>\n\u3010Frei drehend\u3011 Hochwertiges Metallgeh\u00e4usedesign, 360 \u00b0 -Drehschutzkappendesign verhindert das Verlieren der Kappe und 90 \u00b0 -Steckpunktdesign verhindert, dass sich der Antrieb zuf\u00e4llig dreht.<br \/>\n<div class=\"main-cross-sell\" data-asin=\"B09LS57TSQ\">\n\n\t<div class=\"WooZone-cross-sell-loader\">\n\t\t<div>\n\t\t\t<div id=\"floatingBarsG\">\n\t\t\t\t<div class=\"blockG\" id=\"rotateG_01\"><\/div>\n\t\t\t\t<div class=\"blockG\" id=\"rotateG_02\"><\/div>\n\t\t\t\t<div class=\"blockG\" id=\"rotateG_03\"><\/div>\n\t\t\t\t<div class=\"blockG\" id=\"rotateG_04\"><\/div>\n\t\t\t\t<div class=\"blockG\" id=\"rotateG_05\"><\/div>\n\t\t\t\t<div class=\"blockG\" id=\"rotateG_06\"><\/div>\n\t\t\t\t<div class=\"blockG\" id=\"rotateG_07\"><\/div>\n\t\t\t\t<div class=\"blockG\" id=\"rotateG_08\"><\/div>\n\t\t\t<\/div>\n\t\t\t<div class=\"WooZone-cross-sell-loader-text\"><\/div>\n\t\t<\/div>\n\t<\/div>\n\n\t\t\n<\/div>\n<div style=\"clear:both;\"><\/div><\/p>\n","protected":false},"excerpt":{"rendered":"<p>\u3010Dual USB 3.0 &amp; Typ-C-Flash-Laufwerk\u3011Das USB-C-Flash-Laufwerk 512GB mit der USB- und Typ-C-Schnittstelle, f\u00fcr Computer und f\u00fcr Android-Telefone.Unterst\u00fctzt Windows \/ Mac OS, kompatibel mit USB 2.0.Unterst\u00fctzt alle Arten von PC und Typ -C Ger\u00e4te mit OTG-Funktion.<br \/>\n\u3010Gro\u00dfe Kompatibilit\u00e4t\u3011: Das USB-C- und 3.0-Flash-Laufwerk ist kompatibel mit Computern, Laptops, Auto-Audiosystemen, Tablets, Smartphones mit USB-C-Anschluss. Bitte beachten Sie, dass diese Schnittstelle nicht f\u00fcr iPhone und Micro-USB gilt.<br \/>\n\u3010Plug and Play\u3011 Einfach zu bedienen, keine Softwareinstallation erforderlich. Mit diesem USB-C-Flash-Laufwerk k\u00f6nnen Sie Filme auf Ihrem Telefon ansehen und Fotos, Dateien und Daten einfach zwischen Typ-C-Telefonen, Tablets und Computern \u00fcbertragen.<\/p>\n","protected":false},"featured_media":77373,"comment_status":"open","ping_status":"closed","template":"","meta":[],"product_brand":[],"product_cat":[863],"product_tag":[],"class_list":{"0":"post-77372","1":"product","2":"type-product","3":"status-publish","4":"has-post-thumbnail","6":"product_cat-computer-zubehoer","7":"pa_brand-liyekeji","8":"pa_manufacturer-liyekeji","10":"first","11":"instock","12":"shipping-taxable","13":"purchasable","14":"product-type-simple","15":"customify-col","16":"product-has-gallery"},"yoast_head":"<!-- This site is optimized with the Yoast SEO plugin v27.4 - https:\/\/yoast.com\/product\/yoast-seo-wordpress\/ -->\n<title>512GB USB-Flash-Laufwerk, 2-in-1 Dual-USB-Typ-C-Flash-Laufwerk 512 GB Thumb-Laufwerk Metall-Speicherstick f\u00fcr USB-C\u2026 - Markt-XXL<\/title>\n<meta name=\"description\" content=\"Markt-XXL 512GB USB-Flash-Laufwerk, 2-in-1 Dual-USB-Typ-C-Flash-Laufwerk 512 GB Thumb-Laufwerk Metall-Speicherstick f\u00fcr USB-C\u2026\" \/>\n<meta name=\"robots\" content=\"index, follow, max-snippet:-1, max-image-preview:large, max-video-preview:-1\" \/>\n<link rel=\"canonical\" href=\"https:\/\/marktxxl.de\/markt\/produkt\/512gb-usb-flash-laufwerk-2-in-1-dual-usb-typ-c-flash-laufwerk-512-gb-thumb-laufwerk-metall-speicherstick-fuer-usb-c-smartphones-tablets-pc\/\" \/>\n<meta property=\"og:locale\" content=\"de_DE\" \/>\n<meta property=\"og:type\" content=\"article\" \/>\n<meta property=\"og:title\" content=\"512GB USB-Flash-Laufwerk, 2-in-1 Dual-USB-Typ-C-Flash-Laufwerk 512 GB Thumb-Laufwerk Metall-Speicherstick f\u00fcr USB-C\u2026 - Markt-XXL\" \/>\n<meta property=\"og:description\" content=\"Markt-XXL 512GB USB-Flash-Laufwerk, 2-in-1 Dual-USB-Typ-C-Flash-Laufwerk 512 GB Thumb-Laufwerk Metall-Speicherstick f\u00fcr USB-C\u2026\" \/>\n<meta property=\"og:url\" content=\"https:\/\/marktxxl.de\/markt\/produkt\/512gb-usb-flash-laufwerk-2-in-1-dual-usb-typ-c-flash-laufwerk-512-gb-thumb-laufwerk-metall-speicherstick-fuer-usb-c-smartphones-tablets-pc\/\" \/>\n<meta property=\"og:site_name\" content=\"Markt-XXL\" \/>\n<meta property=\"article:modified_time\" content=\"2023-04-11T00:51:26+00:00\" \/>\n<meta property=\"og:image\" content=\"https:\/\/m.media-amazon.com\/images\/I\/312W7kNM2bL._SL500_.jpg\" \/>\n\t<meta property=\"og:image:width\" content=\"500\" \/>\n\t<meta property=\"og:image:height\" content=\"500\" \/>\n\t<meta property=\"og:image:type\" content=\"image\/jpeg\" \/>\n<meta name=\"twitter:card\" content=\"summary_large_image\" \/>\n<meta name=\"twitter:label1\" content=\"Gesch\u00e4tzte Lesezeit\" \/>\n\t<meta name=\"twitter:data1\" content=\"1\u00a0Minute\" \/>\n<script type=\"application\/ld+json\" class=\"yoast-schema-graph\">{\"@context\":\"https:\\\/\\\/schema.org\",\"@graph\":[{\"@type\":\"WebPage\",\"@id\":\"https:\\\/\\\/marktxxl.de\\\/markt\\\/produkt\\\/512gb-usb-flash-laufwerk-2-in-1-dual-usb-typ-c-flash-laufwerk-512-gb-thumb-laufwerk-metall-speicherstick-fuer-usb-c-smartphones-tablets-pc\\\/\",\"url\":\"https:\\\/\\\/marktxxl.de\\\/markt\\\/produkt\\\/512gb-usb-flash-laufwerk-2-in-1-dual-usb-typ-c-flash-laufwerk-512-gb-thumb-laufwerk-metall-speicherstick-fuer-usb-c-smartphones-tablets-pc\\\/\",\"name\":\"512GB USB-Flash-Laufwerk, 2-in-1 Dual-USB-Typ-C-Flash-Laufwerk 512 GB Thumb-Laufwerk Metall-Speicherstick f\u00fcr USB-C\u2026 - Markt-XXL\",\"isPartOf\":{\"@id\":\"https:\\\/\\\/marktxxl.de\\\/markt\\\/#website\"},\"primaryImageOfPage\":{\"@id\":\"https:\\\/\\\/marktxxl.de\\\/markt\\\/produkt\\\/512gb-usb-flash-laufwerk-2-in-1-dual-usb-typ-c-flash-laufwerk-512-gb-thumb-laufwerk-metall-speicherstick-fuer-usb-c-smartphones-tablets-pc\\\/#primaryimage\"},\"image\":{\"@id\":\"https:\\\/\\\/marktxxl.de\\\/markt\\\/produkt\\\/512gb-usb-flash-laufwerk-2-in-1-dual-usb-typ-c-flash-laufwerk-512-gb-thumb-laufwerk-metall-speicherstick-fuer-usb-c-smartphones-tablets-pc\\\/#primaryimage\"},\"thumbnailUrl\":\"https:\\\/\\\/m.media-amazon.com\\\/images\\\/I\\\/312W7kNM2bL._SL500_.jpg\",\"datePublished\":\"2021-11-25T14:15:12+00:00\",\"dateModified\":\"2023-04-11T00:51:26+00:00\",\"description\":\"Markt-XXL 512GB USB-Flash-Laufwerk, 2-in-1 Dual-USB-Typ-C-Flash-Laufwerk 512 GB Thumb-Laufwerk Metall-Speicherstick f\u00fcr USB-C\u2026\",\"breadcrumb\":{\"@id\":\"https:\\\/\\\/marktxxl.de\\\/markt\\\/produkt\\\/512gb-usb-flash-laufwerk-2-in-1-dual-usb-typ-c-flash-laufwerk-512-gb-thumb-laufwerk-metall-speicherstick-fuer-usb-c-smartphones-tablets-pc\\\/#breadcrumb\"},\"inLanguage\":\"de\",\"potentialAction\":[{\"@type\":\"ReadAction\",\"target\":[\"https:\\\/\\\/marktxxl.de\\\/markt\\\/produkt\\\/512gb-usb-flash-laufwerk-2-in-1-dual-usb-typ-c-flash-laufwerk-512-gb-thumb-laufwerk-metall-speicherstick-fuer-usb-c-smartphones-tablets-pc\\\/\"]}]},{\"@type\":\"ImageObject\",\"inLanguage\":\"de\",\"@id\":\"https:\\\/\\\/marktxxl.de\\\/markt\\\/produkt\\\/512gb-usb-flash-laufwerk-2-in-1-dual-usb-typ-c-flash-laufwerk-512-gb-thumb-laufwerk-metall-speicherstick-fuer-usb-c-smartphones-tablets-pc\\\/#primaryimage\",\"url\":\"https:\\\/\\\/m.media-amazon.com\\\/images\\\/I\\\/312W7kNM2bL._SL500_.jpg\",\"contentUrl\":\"https:\\\/\\\/m.media-amazon.com\\\/images\\\/I\\\/312W7kNM2bL._SL500_.jpg\",\"width\":500,\"height\":500},{\"@type\":\"BreadcrumbList\",\"@id\":\"https:\\\/\\\/marktxxl.de\\\/markt\\\/produkt\\\/512gb-usb-flash-laufwerk-2-in-1-dual-usb-typ-c-flash-laufwerk-512-gb-thumb-laufwerk-metall-speicherstick-fuer-usb-c-smartphones-tablets-pc\\\/#breadcrumb\",\"itemListElement\":[{\"@type\":\"ListItem\",\"position\":1,\"name\":\"Startseite\",\"item\":\"https:\\\/\\\/marktxxl.de\\\/markt\\\/\"},{\"@type\":\"ListItem\",\"position\":2,\"name\":\"Markt\",\"item\":\"https:\\\/\\\/marktxxl.de\\\/markt\\\/\"},{\"@type\":\"ListItem\",\"position\":3,\"name\":\"512GB USB-Flash-Laufwerk, 2-in-1 Dual-USB-Typ-C-Flash-Laufwerk 512 GB Thumb-Laufwerk Metall-Speicherstick f\u00fcr USB-C\u2026\"}]},{\"@type\":\"WebSite\",\"@id\":\"https:\\\/\\\/marktxxl.de\\\/markt\\\/#website\",\"url\":\"https:\\\/\\\/marktxxl.de\\\/markt\\\/\",\"name\":\"Markt-XXL\",\"description\":\"Ihr Markt Online\",\"publisher\":{\"@id\":\"https:\\\/\\\/marktxxl.de\\\/markt\\\/#organization\"},\"potentialAction\":[{\"@type\":\"SearchAction\",\"target\":{\"@type\":\"EntryPoint\",\"urlTemplate\":\"https:\\\/\\\/marktxxl.de\\\/markt\\\/?s={search_term_string}\"},\"query-input\":{\"@type\":\"PropertyValueSpecification\",\"valueRequired\":true,\"valueName\":\"search_term_string\"}}],\"inLanguage\":\"de\"},{\"@type\":\"Organization\",\"@id\":\"https:\\\/\\\/marktxxl.de\\\/markt\\\/#organization\",\"name\":\"Markt-XXL\",\"url\":\"https:\\\/\\\/marktxxl.de\\\/markt\\\/\",\"logo\":{\"@type\":\"ImageObject\",\"inLanguage\":\"de\",\"@id\":\"https:\\\/\\\/marktxxl.de\\\/markt\\\/#\\\/schema\\\/logo\\\/image\\\/\",\"url\":\"https:\\\/\\\/marktxxl.de\\\/markt\\\/wp-content\\\/uploads\\\/sites\\\/3\\\/2020\\\/12\\\/logo.png\",\"contentUrl\":\"https:\\\/\\\/marktxxl.de\\\/markt\\\/wp-content\\\/uploads\\\/sites\\\/3\\\/2020\\\/12\\\/logo.png\",\"width\":200,\"height\":70,\"caption\":\"Markt-XXL\"},\"image\":{\"@id\":\"https:\\\/\\\/marktxxl.de\\\/markt\\\/#\\\/schema\\\/logo\\\/image\\\/\"}}]}<\/script>\n<!-- \/ Yoast SEO plugin. -->","yoast_head_json":{"title":"512GB USB-Flash-Laufwerk, 2-in-1 Dual-USB-Typ-C-Flash-Laufwerk 512 GB Thumb-Laufwerk Metall-Speicherstick f\u00fcr USB-C\u2026 - Markt-XXL","description":"Markt-XXL 512GB USB-Flash-Laufwerk, 2-in-1 Dual-USB-Typ-C-Flash-Laufwerk 512 GB Thumb-Laufwerk Metall-Speicherstick f\u00fcr USB-C\u2026","robots":{"index":"index","follow":"follow","max-snippet":"max-snippet:-1","max-image-preview":"max-image-preview:large","max-video-preview":"max-video-preview:-1"},"canonical":"https:\/\/marktxxl.de\/markt\/produkt\/512gb-usb-flash-laufwerk-2-in-1-dual-usb-typ-c-flash-laufwerk-512-gb-thumb-laufwerk-metall-speicherstick-fuer-usb-c-smartphones-tablets-pc\/","og_locale":"de_DE","og_type":"article","og_title":"512GB USB-Flash-Laufwerk, 2-in-1 Dual-USB-Typ-C-Flash-Laufwerk 512 GB Thumb-Laufwerk Metall-Speicherstick f\u00fcr USB-C\u2026 - Markt-XXL","og_description":"Markt-XXL 512GB USB-Flash-Laufwerk, 2-in-1 Dual-USB-Typ-C-Flash-Laufwerk 512 GB Thumb-Laufwerk Metall-Speicherstick f\u00fcr USB-C\u2026","og_url":"https:\/\/marktxxl.de\/markt\/produkt\/512gb-usb-flash-laufwerk-2-in-1-dual-usb-typ-c-flash-laufwerk-512-gb-thumb-laufwerk-metall-speicherstick-fuer-usb-c-smartphones-tablets-pc\/","og_site_name":"Markt-XXL","article_modified_time":"2023-04-11T00:51:26+00:00","og_image":[{"width":500,"height":500,"url":"https:\/\/m.media-amazon.com\/images\/I\/312W7kNM2bL._SL500_.jpg","type":"image\/jpeg"}],"twitter_card":"summary_large_image","twitter_misc":{"Gesch\u00e4tzte Lesezeit":"1\u00a0Minute"},"schema":{"@context":"https:\/\/schema.org","@graph":[{"@type":"WebPage","@id":"https:\/\/marktxxl.de\/markt\/produkt\/512gb-usb-flash-laufwerk-2-in-1-dual-usb-typ-c-flash-laufwerk-512-gb-thumb-laufwerk-metall-speicherstick-fuer-usb-c-smartphones-tablets-pc\/","url":"https:\/\/marktxxl.de\/markt\/produkt\/512gb-usb-flash-laufwerk-2-in-1-dual-usb-typ-c-flash-laufwerk-512-gb-thumb-laufwerk-metall-speicherstick-fuer-usb-c-smartphones-tablets-pc\/","name":"512GB USB-Flash-Laufwerk, 2-in-1 Dual-USB-Typ-C-Flash-Laufwerk 512 GB Thumb-Laufwerk Metall-Speicherstick f\u00fcr USB-C\u2026 - Markt-XXL","isPartOf":{"@id":"https:\/\/marktxxl.de\/markt\/#website"},"primaryImageOfPage":{"@id":"https:\/\/marktxxl.de\/markt\/produkt\/512gb-usb-flash-laufwerk-2-in-1-dual-usb-typ-c-flash-laufwerk-512-gb-thumb-laufwerk-metall-speicherstick-fuer-usb-c-smartphones-tablets-pc\/#primaryimage"},"image":{"@id":"https:\/\/marktxxl.de\/markt\/produkt\/512gb-usb-flash-laufwerk-2-in-1-dual-usb-typ-c-flash-laufwerk-512-gb-thumb-laufwerk-metall-speicherstick-fuer-usb-c-smartphones-tablets-pc\/#primaryimage"},"thumbnailUrl":"https:\/\/m.media-amazon.com\/images\/I\/312W7kNM2bL._SL500_.jpg","datePublished":"2021-11-25T14:15:12+00:00","dateModified":"2023-04-11T00:51:26+00:00","description":"Markt-XXL 512GB USB-Flash-Laufwerk, 2-in-1 Dual-USB-Typ-C-Flash-Laufwerk 512 GB Thumb-Laufwerk Metall-Speicherstick f\u00fcr USB-C\u2026","breadcrumb":{"@id":"https:\/\/marktxxl.de\/markt\/produkt\/512gb-usb-flash-laufwerk-2-in-1-dual-usb-typ-c-flash-laufwerk-512-gb-thumb-laufwerk-metall-speicherstick-fuer-usb-c-smartphones-tablets-pc\/#breadcrumb"},"inLanguage":"de","potentialAction":[{"@type":"ReadAction","target":["https:\/\/marktxxl.de\/markt\/produkt\/512gb-usb-flash-laufwerk-2-in-1-dual-usb-typ-c-flash-laufwerk-512-gb-thumb-laufwerk-metall-speicherstick-fuer-usb-c-smartphones-tablets-pc\/"]}]},{"@type":"ImageObject","inLanguage":"de","@id":"https:\/\/marktxxl.de\/markt\/produkt\/512gb-usb-flash-laufwerk-2-in-1-dual-usb-typ-c-flash-laufwerk-512-gb-thumb-laufwerk-metall-speicherstick-fuer-usb-c-smartphones-tablets-pc\/#primaryimage","url":"https:\/\/m.media-amazon.com\/images\/I\/312W7kNM2bL._SL500_.jpg","contentUrl":"https:\/\/m.media-amazon.com\/images\/I\/312W7kNM2bL._SL500_.jpg","width":500,"height":500},{"@type":"BreadcrumbList","@id":"https:\/\/marktxxl.de\/markt\/produkt\/512gb-usb-flash-laufwerk-2-in-1-dual-usb-typ-c-flash-laufwerk-512-gb-thumb-laufwerk-metall-speicherstick-fuer-usb-c-smartphones-tablets-pc\/#breadcrumb","itemListElement":[{"@type":"ListItem","position":1,"name":"Startseite","item":"https:\/\/marktxxl.de\/markt\/"},{"@type":"ListItem","position":2,"name":"Markt","item":"https:\/\/marktxxl.de\/markt\/"},{"@type":"ListItem","position":3,"name":"512GB USB-Flash-Laufwerk, 2-in-1 Dual-USB-Typ-C-Flash-Laufwerk 512 GB Thumb-Laufwerk Metall-Speicherstick f\u00fcr USB-C\u2026"}]},{"@type":"WebSite","@id":"https:\/\/marktxxl.de\/markt\/#website","url":"https:\/\/marktxxl.de\/markt\/","name":"Markt-XXL","description":"Ihr Markt Online","publisher":{"@id":"https:\/\/marktxxl.de\/markt\/#organization"},"potentialAction":[{"@type":"SearchAction","target":{"@type":"EntryPoint","urlTemplate":"https:\/\/marktxxl.de\/markt\/?s={search_term_string}"},"query-input":{"@type":"PropertyValueSpecification","valueRequired":true,"valueName":"search_term_string"}}],"inLanguage":"de"},{"@type":"Organization","@id":"https:\/\/marktxxl.de\/markt\/#organization","name":"Markt-XXL","url":"https:\/\/marktxxl.de\/markt\/","logo":{"@type":"ImageObject","inLanguage":"de","@id":"https:\/\/marktxxl.de\/markt\/#\/schema\/logo\/image\/","url":"https:\/\/marktxxl.de\/markt\/wp-content\/uploads\/sites\/3\/2020\/12\/logo.png","contentUrl":"https:\/\/marktxxl.de\/markt\/wp-content\/uploads\/sites\/3\/2020\/12\/logo.png","width":200,"height":70,"caption":"Markt-XXL"},"image":{"@id":"https:\/\/marktxxl.de\/markt\/#\/schema\/logo\/image\/"}}]}},"_links":{"self":[{"href":"https:\/\/marktxxl.de\/markt\/wp-json\/wp\/v2\/product\/77372","targetHints":{"allow":["GET"]}}],"collection":[{"href":"https:\/\/marktxxl.de\/markt\/wp-json\/wp\/v2\/product"}],"about":[{"href":"https:\/\/marktxxl.de\/markt\/wp-json\/wp\/v2\/types\/product"}],"replies":[{"embeddable":true,"href":"https:\/\/marktxxl.de\/markt\/wp-json\/wp\/v2\/comments?post=77372"}],"wp:featuredmedia":[{"embeddable":true,"href":"https:\/\/marktxxl.de\/markt\/wp-json\/wp\/v2\/media\/77373"}],"wp:attachment":[{"href":"https:\/\/marktxxl.de\/markt\/wp-json\/wp\/v2\/media?parent=77372"}],"wp:term":[{"taxonomy":"product_brand","embeddable":true,"href":"https:\/\/marktxxl.de\/markt\/wp-json\/wp\/v2\/product_brand?post=77372"},{"taxonomy":"product_cat","embeddable":true,"href":"https:\/\/marktxxl.de\/markt\/wp-json\/wp\/v2\/product_cat?post=77372"},{"taxonomy":"product_tag","embeddable":true,"href":"https:\/\/marktxxl.de\/markt\/wp-json\/wp\/v2\/product_tag?post=77372"}],"curies":[{"name":"wp","href":"https:\/\/api.w.org\/{rel}","templated":true}]}}