{"id":77364,"date":"2021-11-25T15:15:08","date_gmt":"2021-11-25T14:15:08","guid":{"rendered":"https:\/\/marktxxl.de\/markt\/produkt\/tastatur-maus-set-kabellos-2-4ghz-ultra-duenn-silent-ergonomic-tastatur-und-maus-kabellos-combo-mit-usb-2-in-1-fuer-chromebook-pc-laptop-schwarz\/"},"modified":"2023-04-11T02:51:26","modified_gmt":"2023-04-11T00:51:26","slug":"tastatur-maus-set-kabellos-2-4ghz-ultra-duenn-silent-ergonomic-tastatur-und-maus-kabellos-combo-mit-usb-2-in-1-fuer-chromebook-pc-laptop-schwarz","status":"publish","type":"product","link":"https:\/\/marktxxl.de\/markt\/produkt\/tastatur-maus-set-kabellos-2-4ghz-ultra-duenn-silent-ergonomic-tastatur-und-maus-kabellos-combo-mit-usb-2-in-1-fuer-chromebook-pc-laptop-schwarz\/","title":{"rendered":"Tastatur Maus Set Kabellos, 2,4GHz Ultra D\u00fcnn Silent Ergonomic Tastatur und Maus Kabellos mit 19 Multimedia Shortcuts\u2026"},"content":{"rendered":"<p>ULTRA-D\u00dcNNES UND LEISES DESIGN: Das kabellose Tastatur- und Maus-Set hat ein ultraschlankes Design. Der d\u00fcnnste Teil der Tastatur misst nur 0,8 cm. Es ist sehr einfach zu tragen, egal ob gesch\u00e4ftlich oder auf Reisen. Die Tastatur verwendet die fortschrittlichste Scherenschalterstruktur, kombiniert mit einer Maus mit Mute-Technologie, sodass Sie keine Angst haben, andere zu st\u00f6ren, wenn Sie sie in der Bibliothek und in der Cafeteria verwenden.<br \/>\nSTABILE 2,4 G DRAHTLOSE VERBINDUNGSTECHNOLOGIE: Sie m\u00fcssen kein langes Datenkabel verwenden, um Tastatur und Maus anzuschlie\u00dfen. Sie m\u00fcssen nur den USB-Empf\u00e4nger (an der Unterseite der Maus) an den Computer anschlie\u00dfen und genie\u00dfen dann eine stabile 2,4-G-Funkverbindung. Die weiteste Verbindungsentfernung kann 10 Meter erreichen.<br \/>\nMULTIMEDIA-FUNKTIONSTASTEN UND ZIFFERNTASTATUR: Die Tastatur in voller Gr\u00f6\u00dfe verf\u00fcgt \u00fcber 19 Tastenkombinationen, mit denen Sie schnell auf Multimediafunktionen wie Mailboxen, Musik, Lautst\u00e4rkeregelung usw. zugreifen k\u00f6nnen. Der Ziffernblock passt sich den Nutzungsgewohnheiten der Menschen an und kann Berechnungen erleichtern. (Hinweis: Einige Tastenkombinationen sind auf dem Mac-System nicht verf\u00fcgbar)<br \/>\nENERGIESPAREND &amp; EINSTELLBARE DPI: Drahtlose Tastatur und Maus haben ein energiesparendes Design, sie gehen nach 15 Minuten Inaktivit\u00e4t automatisch in den Schlafmodus, um Energie zu sparen. Dr\u00fccken Sie eine beliebige Taste, um Tastatur und Maus wieder zu aktivieren. Die Maus bietet 3 einstellbare DPI (800\/1200\/1600), um Ihren unterschiedlichen Anforderungen gerecht zu werden.<br \/>\nBREITE KOMPATIBILIT\u00c4T: Die drahtlose Tastatur und Maus sind kompatibel mit Windows 2000 \/ ME \/ XP \/ Vista \/ 7\/8 \/ 10. Geeignet f\u00fcr Desktops, Chromebooks, PCs, Laptops, Computer usw. Die Tastatur ben\u00f6tigt 1 * AAA-Batterie und die Maus 1 * AA-Batterie (Batterien sind nicht im Lieferumfang enthalten).<br \/>\n<div class=\"main-cross-sell\" data-asin=\"B09KNPB6M7\">\n\n\t<div class=\"WooZone-cross-sell-loader\">\n\t\t<div>\n\t\t\t<div id=\"floatingBarsG\">\n\t\t\t\t<div class=\"blockG\" id=\"rotateG_01\"><\/div>\n\t\t\t\t<div class=\"blockG\" id=\"rotateG_02\"><\/div>\n\t\t\t\t<div class=\"blockG\" id=\"rotateG_03\"><\/div>\n\t\t\t\t<div class=\"blockG\" id=\"rotateG_04\"><\/div>\n\t\t\t\t<div class=\"blockG\" id=\"rotateG_05\"><\/div>\n\t\t\t\t<div class=\"blockG\" id=\"rotateG_06\"><\/div>\n\t\t\t\t<div class=\"blockG\" id=\"rotateG_07\"><\/div>\n\t\t\t\t<div class=\"blockG\" id=\"rotateG_08\"><\/div>\n\t\t\t<\/div>\n\t\t\t<div class=\"WooZone-cross-sell-loader-text\"><\/div>\n\t\t<\/div>\n\t<\/div>\n\n\t\t\n<\/div>\n<div style=\"clear:both;\"><\/div><\/p>\n","protected":false},"excerpt":{"rendered":"<p>ULTRA-D\u00dcNNES UND LEISES DESIGN: Das kabellose Tastatur- und Maus-Set hat ein ultraschlankes Design. Der d\u00fcnnste Teil der Tastatur misst nur 0,8 cm. Es ist sehr einfach zu tragen, egal ob gesch\u00e4ftlich oder auf Reisen. Die Tastatur verwendet die fortschrittlichste Scherenschalterstruktur, kombiniert mit einer Maus mit Mute-Technologie, sodass Sie keine Angst haben, andere zu st\u00f6ren, wenn Sie sie in der Bibliothek und in der Cafeteria verwenden.<br \/>\nSTABILE 2,4 G DRAHTLOSE VERBINDUNGSTECHNOLOGIE: Sie m\u00fcssen kein langes Datenkabel verwenden, um Tastatur und Maus anzuschlie\u00dfen. Sie m\u00fcssen nur den USB-Empf\u00e4nger (an der Unterseite der Maus) an den Computer anschlie\u00dfen und genie\u00dfen dann eine stabile 2,4-G-Funkverbindung. Die weiteste Verbindungsentfernung kann 10 Meter erreichen.<br \/>\nMULTIMEDIA-FUNKTIONSTASTEN UND ZIFFERNTASTATUR: Die Tastatur in voller Gr\u00f6\u00dfe verf\u00fcgt \u00fcber 19 Tastenkombinationen, mit denen Sie schnell auf Multimediafunktionen wie Mailboxen, Musik, Lautst\u00e4rkeregelung usw. zugreifen k\u00f6nnen. Der Ziffernblock passt sich den Nutzungsgewohnheiten der Menschen an und kann Berechnungen erleichtern. (Hinweis: Einige Tastenkombinationen sind auf dem Mac-System nicht verf\u00fcgbar)<\/p>\n","protected":false},"featured_media":77365,"comment_status":"open","ping_status":"closed","template":"","meta":[],"product_brand":[],"product_cat":[863],"product_tag":[],"class_list":{"0":"post-77364","1":"product","2":"type-product","3":"status-publish","4":"has-post-thumbnail","6":"product_cat-computer-zubehoer","7":"pa_brand-wisfox-office","8":"pa_height-2-2440944859-zoll","9":"pa_length-16-8897637623-zoll","10":"pa_manufacturer-wisfox-office","11":"pa_warranty-2-year-limited-warranty","12":"pa_width-5-0393700736-zoll","14":"first","15":"instock","16":"shipping-taxable","17":"purchasable","18":"product-type-simple","19":"customify-col","20":"product-has-gallery"},"yoast_head":"<!-- This site is optimized with the Yoast SEO plugin v27.4 - https:\/\/yoast.com\/product\/yoast-seo-wordpress\/ -->\n<title>Tastatur Maus Set Kabellos, 2,4GHz Ultra D\u00fcnn Silent Ergonomic Tastatur und Maus Kabellos mit 19 Multimedia Shortcuts\u2026 - Markt-XXL<\/title>\n<meta name=\"description\" content=\"Markt-XXL Tastatur Maus Set Kabellos, 2,4GHz Ultra D\u00fcnn Silent Ergonomic Tastatur und Maus Kabellos mit 19 Multimedia Shortcuts\u2026\" \/>\n<meta name=\"robots\" content=\"index, follow, max-snippet:-1, max-image-preview:large, max-video-preview:-1\" \/>\n<link rel=\"canonical\" href=\"https:\/\/marktxxl.de\/markt\/produkt\/tastatur-maus-set-kabellos-2-4ghz-ultra-duenn-silent-ergonomic-tastatur-und-maus-kabellos-combo-mit-usb-2-in-1-fuer-chromebook-pc-laptop-schwarz\/\" \/>\n<meta property=\"og:locale\" content=\"de_DE\" \/>\n<meta property=\"og:type\" content=\"article\" \/>\n<meta property=\"og:title\" content=\"Tastatur Maus Set Kabellos, 2,4GHz Ultra D\u00fcnn Silent Ergonomic Tastatur und Maus Kabellos mit 19 Multimedia Shortcuts\u2026 - Markt-XXL\" \/>\n<meta property=\"og:description\" content=\"Markt-XXL Tastatur Maus Set Kabellos, 2,4GHz Ultra D\u00fcnn Silent Ergonomic Tastatur und Maus Kabellos mit 19 Multimedia Shortcuts\u2026\" \/>\n<meta property=\"og:url\" content=\"https:\/\/marktxxl.de\/markt\/produkt\/tastatur-maus-set-kabellos-2-4ghz-ultra-duenn-silent-ergonomic-tastatur-und-maus-kabellos-combo-mit-usb-2-in-1-fuer-chromebook-pc-laptop-schwarz\/\" \/>\n<meta property=\"og:site_name\" content=\"Markt-XXL\" \/>\n<meta property=\"article:modified_time\" content=\"2023-04-11T00:51:26+00:00\" \/>\n<meta property=\"og:image\" content=\"https:\/\/m.media-amazon.com\/images\/I\/41HBjH2R2KL._SL500_.jpg\" \/>\n\t<meta property=\"og:image:width\" content=\"500\" \/>\n\t<meta property=\"og:image:height\" content=\"500\" \/>\n\t<meta property=\"og:image:type\" content=\"image\/jpeg\" \/>\n<meta name=\"twitter:card\" content=\"summary_large_image\" \/>\n<meta name=\"twitter:label1\" content=\"Gesch\u00e4tzte Lesezeit\" \/>\n\t<meta name=\"twitter:data1\" content=\"1\u00a0Minute\" \/>\n<script type=\"application\/ld+json\" class=\"yoast-schema-graph\">{\"@context\":\"https:\\\/\\\/schema.org\",\"@graph\":[{\"@type\":\"WebPage\",\"@id\":\"https:\\\/\\\/marktxxl.de\\\/markt\\\/produkt\\\/tastatur-maus-set-kabellos-2-4ghz-ultra-duenn-silent-ergonomic-tastatur-und-maus-kabellos-combo-mit-usb-2-in-1-fuer-chromebook-pc-laptop-schwarz\\\/\",\"url\":\"https:\\\/\\\/marktxxl.de\\\/markt\\\/produkt\\\/tastatur-maus-set-kabellos-2-4ghz-ultra-duenn-silent-ergonomic-tastatur-und-maus-kabellos-combo-mit-usb-2-in-1-fuer-chromebook-pc-laptop-schwarz\\\/\",\"name\":\"Tastatur Maus Set Kabellos, 2,4GHz Ultra D\u00fcnn Silent Ergonomic Tastatur und Maus Kabellos mit 19 Multimedia Shortcuts\u2026 - Markt-XXL\",\"isPartOf\":{\"@id\":\"https:\\\/\\\/marktxxl.de\\\/markt\\\/#website\"},\"primaryImageOfPage\":{\"@id\":\"https:\\\/\\\/marktxxl.de\\\/markt\\\/produkt\\\/tastatur-maus-set-kabellos-2-4ghz-ultra-duenn-silent-ergonomic-tastatur-und-maus-kabellos-combo-mit-usb-2-in-1-fuer-chromebook-pc-laptop-schwarz\\\/#primaryimage\"},\"image\":{\"@id\":\"https:\\\/\\\/marktxxl.de\\\/markt\\\/produkt\\\/tastatur-maus-set-kabellos-2-4ghz-ultra-duenn-silent-ergonomic-tastatur-und-maus-kabellos-combo-mit-usb-2-in-1-fuer-chromebook-pc-laptop-schwarz\\\/#primaryimage\"},\"thumbnailUrl\":\"https:\\\/\\\/m.media-amazon.com\\\/images\\\/I\\\/41HBjH2R2KL._SL500_.jpg\",\"datePublished\":\"2021-11-25T14:15:08+00:00\",\"dateModified\":\"2023-04-11T00:51:26+00:00\",\"description\":\"Markt-XXL Tastatur Maus Set Kabellos, 2,4GHz Ultra D\u00fcnn Silent Ergonomic Tastatur und Maus Kabellos mit 19 Multimedia Shortcuts\u2026\",\"breadcrumb\":{\"@id\":\"https:\\\/\\\/marktxxl.de\\\/markt\\\/produkt\\\/tastatur-maus-set-kabellos-2-4ghz-ultra-duenn-silent-ergonomic-tastatur-und-maus-kabellos-combo-mit-usb-2-in-1-fuer-chromebook-pc-laptop-schwarz\\\/#breadcrumb\"},\"inLanguage\":\"de\",\"potentialAction\":[{\"@type\":\"ReadAction\",\"target\":[\"https:\\\/\\\/marktxxl.de\\\/markt\\\/produkt\\\/tastatur-maus-set-kabellos-2-4ghz-ultra-duenn-silent-ergonomic-tastatur-und-maus-kabellos-combo-mit-usb-2-in-1-fuer-chromebook-pc-laptop-schwarz\\\/\"]}]},{\"@type\":\"ImageObject\",\"inLanguage\":\"de\",\"@id\":\"https:\\\/\\\/marktxxl.de\\\/markt\\\/produkt\\\/tastatur-maus-set-kabellos-2-4ghz-ultra-duenn-silent-ergonomic-tastatur-und-maus-kabellos-combo-mit-usb-2-in-1-fuer-chromebook-pc-laptop-schwarz\\\/#primaryimage\",\"url\":\"https:\\\/\\\/m.media-amazon.com\\\/images\\\/I\\\/41HBjH2R2KL._SL500_.jpg\",\"contentUrl\":\"https:\\\/\\\/m.media-amazon.com\\\/images\\\/I\\\/41HBjH2R2KL._SL500_.jpg\",\"width\":500,\"height\":500},{\"@type\":\"BreadcrumbList\",\"@id\":\"https:\\\/\\\/marktxxl.de\\\/markt\\\/produkt\\\/tastatur-maus-set-kabellos-2-4ghz-ultra-duenn-silent-ergonomic-tastatur-und-maus-kabellos-combo-mit-usb-2-in-1-fuer-chromebook-pc-laptop-schwarz\\\/#breadcrumb\",\"itemListElement\":[{\"@type\":\"ListItem\",\"position\":1,\"name\":\"Startseite\",\"item\":\"https:\\\/\\\/marktxxl.de\\\/markt\\\/\"},{\"@type\":\"ListItem\",\"position\":2,\"name\":\"Markt\",\"item\":\"https:\\\/\\\/marktxxl.de\\\/markt\\\/\"},{\"@type\":\"ListItem\",\"position\":3,\"name\":\"Tastatur Maus Set Kabellos, 2,4GHz Ultra D\u00fcnn Silent Ergonomic Tastatur und Maus Kabellos mit 19 Multimedia Shortcuts\u2026\"}]},{\"@type\":\"WebSite\",\"@id\":\"https:\\\/\\\/marktxxl.de\\\/markt\\\/#website\",\"url\":\"https:\\\/\\\/marktxxl.de\\\/markt\\\/\",\"name\":\"Markt-XXL\",\"description\":\"Ihr Markt Online\",\"publisher\":{\"@id\":\"https:\\\/\\\/marktxxl.de\\\/markt\\\/#organization\"},\"potentialAction\":[{\"@type\":\"SearchAction\",\"target\":{\"@type\":\"EntryPoint\",\"urlTemplate\":\"https:\\\/\\\/marktxxl.de\\\/markt\\\/?s={search_term_string}\"},\"query-input\":{\"@type\":\"PropertyValueSpecification\",\"valueRequired\":true,\"valueName\":\"search_term_string\"}}],\"inLanguage\":\"de\"},{\"@type\":\"Organization\",\"@id\":\"https:\\\/\\\/marktxxl.de\\\/markt\\\/#organization\",\"name\":\"Markt-XXL\",\"url\":\"https:\\\/\\\/marktxxl.de\\\/markt\\\/\",\"logo\":{\"@type\":\"ImageObject\",\"inLanguage\":\"de\",\"@id\":\"https:\\\/\\\/marktxxl.de\\\/markt\\\/#\\\/schema\\\/logo\\\/image\\\/\",\"url\":\"https:\\\/\\\/marktxxl.de\\\/markt\\\/wp-content\\\/uploads\\\/sites\\\/3\\\/2020\\\/12\\\/logo.png\",\"contentUrl\":\"https:\\\/\\\/marktxxl.de\\\/markt\\\/wp-content\\\/uploads\\\/sites\\\/3\\\/2020\\\/12\\\/logo.png\",\"width\":200,\"height\":70,\"caption\":\"Markt-XXL\"},\"image\":{\"@id\":\"https:\\\/\\\/marktxxl.de\\\/markt\\\/#\\\/schema\\\/logo\\\/image\\\/\"}}]}<\/script>\n<!-- \/ Yoast SEO plugin. -->","yoast_head_json":{"title":"Tastatur Maus Set Kabellos, 2,4GHz Ultra D\u00fcnn Silent Ergonomic Tastatur und Maus Kabellos mit 19 Multimedia Shortcuts\u2026 - Markt-XXL","description":"Markt-XXL Tastatur Maus Set Kabellos, 2,4GHz Ultra D\u00fcnn Silent Ergonomic Tastatur und Maus Kabellos mit 19 Multimedia Shortcuts\u2026","robots":{"index":"index","follow":"follow","max-snippet":"max-snippet:-1","max-image-preview":"max-image-preview:large","max-video-preview":"max-video-preview:-1"},"canonical":"https:\/\/marktxxl.de\/markt\/produkt\/tastatur-maus-set-kabellos-2-4ghz-ultra-duenn-silent-ergonomic-tastatur-und-maus-kabellos-combo-mit-usb-2-in-1-fuer-chromebook-pc-laptop-schwarz\/","og_locale":"de_DE","og_type":"article","og_title":"Tastatur Maus Set Kabellos, 2,4GHz Ultra D\u00fcnn Silent Ergonomic Tastatur und Maus Kabellos mit 19 Multimedia Shortcuts\u2026 - Markt-XXL","og_description":"Markt-XXL Tastatur Maus Set Kabellos, 2,4GHz Ultra D\u00fcnn Silent Ergonomic Tastatur und Maus Kabellos mit 19 Multimedia Shortcuts\u2026","og_url":"https:\/\/marktxxl.de\/markt\/produkt\/tastatur-maus-set-kabellos-2-4ghz-ultra-duenn-silent-ergonomic-tastatur-und-maus-kabellos-combo-mit-usb-2-in-1-fuer-chromebook-pc-laptop-schwarz\/","og_site_name":"Markt-XXL","article_modified_time":"2023-04-11T00:51:26+00:00","og_image":[{"width":500,"height":500,"url":"https:\/\/m.media-amazon.com\/images\/I\/41HBjH2R2KL._SL500_.jpg","type":"image\/jpeg"}],"twitter_card":"summary_large_image","twitter_misc":{"Gesch\u00e4tzte Lesezeit":"1\u00a0Minute"},"schema":{"@context":"https:\/\/schema.org","@graph":[{"@type":"WebPage","@id":"https:\/\/marktxxl.de\/markt\/produkt\/tastatur-maus-set-kabellos-2-4ghz-ultra-duenn-silent-ergonomic-tastatur-und-maus-kabellos-combo-mit-usb-2-in-1-fuer-chromebook-pc-laptop-schwarz\/","url":"https:\/\/marktxxl.de\/markt\/produkt\/tastatur-maus-set-kabellos-2-4ghz-ultra-duenn-silent-ergonomic-tastatur-und-maus-kabellos-combo-mit-usb-2-in-1-fuer-chromebook-pc-laptop-schwarz\/","name":"Tastatur Maus Set Kabellos, 2,4GHz Ultra D\u00fcnn Silent Ergonomic Tastatur und Maus Kabellos mit 19 Multimedia Shortcuts\u2026 - Markt-XXL","isPartOf":{"@id":"https:\/\/marktxxl.de\/markt\/#website"},"primaryImageOfPage":{"@id":"https:\/\/marktxxl.de\/markt\/produkt\/tastatur-maus-set-kabellos-2-4ghz-ultra-duenn-silent-ergonomic-tastatur-und-maus-kabellos-combo-mit-usb-2-in-1-fuer-chromebook-pc-laptop-schwarz\/#primaryimage"},"image":{"@id":"https:\/\/marktxxl.de\/markt\/produkt\/tastatur-maus-set-kabellos-2-4ghz-ultra-duenn-silent-ergonomic-tastatur-und-maus-kabellos-combo-mit-usb-2-in-1-fuer-chromebook-pc-laptop-schwarz\/#primaryimage"},"thumbnailUrl":"https:\/\/m.media-amazon.com\/images\/I\/41HBjH2R2KL._SL500_.jpg","datePublished":"2021-11-25T14:15:08+00:00","dateModified":"2023-04-11T00:51:26+00:00","description":"Markt-XXL Tastatur Maus Set Kabellos, 2,4GHz Ultra D\u00fcnn Silent Ergonomic Tastatur und Maus Kabellos mit 19 Multimedia Shortcuts\u2026","breadcrumb":{"@id":"https:\/\/marktxxl.de\/markt\/produkt\/tastatur-maus-set-kabellos-2-4ghz-ultra-duenn-silent-ergonomic-tastatur-und-maus-kabellos-combo-mit-usb-2-in-1-fuer-chromebook-pc-laptop-schwarz\/#breadcrumb"},"inLanguage":"de","potentialAction":[{"@type":"ReadAction","target":["https:\/\/marktxxl.de\/markt\/produkt\/tastatur-maus-set-kabellos-2-4ghz-ultra-duenn-silent-ergonomic-tastatur-und-maus-kabellos-combo-mit-usb-2-in-1-fuer-chromebook-pc-laptop-schwarz\/"]}]},{"@type":"ImageObject","inLanguage":"de","@id":"https:\/\/marktxxl.de\/markt\/produkt\/tastatur-maus-set-kabellos-2-4ghz-ultra-duenn-silent-ergonomic-tastatur-und-maus-kabellos-combo-mit-usb-2-in-1-fuer-chromebook-pc-laptop-schwarz\/#primaryimage","url":"https:\/\/m.media-amazon.com\/images\/I\/41HBjH2R2KL._SL500_.jpg","contentUrl":"https:\/\/m.media-amazon.com\/images\/I\/41HBjH2R2KL._SL500_.jpg","width":500,"height":500},{"@type":"BreadcrumbList","@id":"https:\/\/marktxxl.de\/markt\/produkt\/tastatur-maus-set-kabellos-2-4ghz-ultra-duenn-silent-ergonomic-tastatur-und-maus-kabellos-combo-mit-usb-2-in-1-fuer-chromebook-pc-laptop-schwarz\/#breadcrumb","itemListElement":[{"@type":"ListItem","position":1,"name":"Startseite","item":"https:\/\/marktxxl.de\/markt\/"},{"@type":"ListItem","position":2,"name":"Markt","item":"https:\/\/marktxxl.de\/markt\/"},{"@type":"ListItem","position":3,"name":"Tastatur Maus Set Kabellos, 2,4GHz Ultra D\u00fcnn Silent Ergonomic Tastatur und Maus Kabellos mit 19 Multimedia Shortcuts\u2026"}]},{"@type":"WebSite","@id":"https:\/\/marktxxl.de\/markt\/#website","url":"https:\/\/marktxxl.de\/markt\/","name":"Markt-XXL","description":"Ihr Markt Online","publisher":{"@id":"https:\/\/marktxxl.de\/markt\/#organization"},"potentialAction":[{"@type":"SearchAction","target":{"@type":"EntryPoint","urlTemplate":"https:\/\/marktxxl.de\/markt\/?s={search_term_string}"},"query-input":{"@type":"PropertyValueSpecification","valueRequired":true,"valueName":"search_term_string"}}],"inLanguage":"de"},{"@type":"Organization","@id":"https:\/\/marktxxl.de\/markt\/#organization","name":"Markt-XXL","url":"https:\/\/marktxxl.de\/markt\/","logo":{"@type":"ImageObject","inLanguage":"de","@id":"https:\/\/marktxxl.de\/markt\/#\/schema\/logo\/image\/","url":"https:\/\/marktxxl.de\/markt\/wp-content\/uploads\/sites\/3\/2020\/12\/logo.png","contentUrl":"https:\/\/marktxxl.de\/markt\/wp-content\/uploads\/sites\/3\/2020\/12\/logo.png","width":200,"height":70,"caption":"Markt-XXL"},"image":{"@id":"https:\/\/marktxxl.de\/markt\/#\/schema\/logo\/image\/"}}]}},"_links":{"self":[{"href":"https:\/\/marktxxl.de\/markt\/wp-json\/wp\/v2\/product\/77364","targetHints":{"allow":["GET"]}}],"collection":[{"href":"https:\/\/marktxxl.de\/markt\/wp-json\/wp\/v2\/product"}],"about":[{"href":"https:\/\/marktxxl.de\/markt\/wp-json\/wp\/v2\/types\/product"}],"replies":[{"embeddable":true,"href":"https:\/\/marktxxl.de\/markt\/wp-json\/wp\/v2\/comments?post=77364"}],"wp:featuredmedia":[{"embeddable":true,"href":"https:\/\/marktxxl.de\/markt\/wp-json\/wp\/v2\/media\/77365"}],"wp:attachment":[{"href":"https:\/\/marktxxl.de\/markt\/wp-json\/wp\/v2\/media?parent=77364"}],"wp:term":[{"taxonomy":"product_brand","embeddable":true,"href":"https:\/\/marktxxl.de\/markt\/wp-json\/wp\/v2\/product_brand?post=77364"},{"taxonomy":"product_cat","embeddable":true,"href":"https:\/\/marktxxl.de\/markt\/wp-json\/wp\/v2\/product_cat?post=77364"},{"taxonomy":"product_tag","embeddable":true,"href":"https:\/\/marktxxl.de\/markt\/wp-json\/wp\/v2\/product_tag?post=77364"}],"curies":[{"name":"wp","href":"https:\/\/api.w.org\/{rel}","templated":true}]}}