{"id":77355,"date":"2021-11-25T15:12:51","date_gmt":"2021-11-25T14:12:51","guid":{"rendered":"https:\/\/marktxxl.de\/markt\/produkt\/usb-c-hub-9-in-1-novoousb-c-dockingstation-mit-dreifachem-display-dual-hdmi-vga-gigabit-ethernet-100-w-pd-4-usb-anschluesse-usb-c-adapter-thunderbolt-3-dock-kompatibel-fuer-macbook\/"},"modified":"2023-04-11T02:51:26","modified_gmt":"2023-04-11T00:51:26","slug":"usb-c-hub-9-in-1-novoousb-c-dockingstation-mit-dreifachem-display-dual-hdmi-vga-gigabit-ethernet-100-w-pd-4-usb-anschluesse-usb-c-adapter-thunderbolt-3-dock-kompatibel-fuer-macbook","status":"publish","type":"product","link":"https:\/\/marktxxl.de\/markt\/produkt\/usb-c-hub-9-in-1-novoousb-c-dockingstation-mit-dreifachem-display-dual-hdmi-vga-gigabit-ethernet-100-w-pd-4-usb-anschluesse-usb-c-adapter-thunderbolt-3-dock-kompatibel-fuer-macbook\/","title":{"rendered":"NOVOO USB C Hub Dual Display Docking Station 9-in-1 mit HDMI 4K, VGA, 3 USB 3.0,Typ C 100W PD,Gigabit Ethernet, SD\/TF\u2026"},"content":{"rendered":"<p>NOVOO Laptop-Dockingstation erf\u00fcllt Ihre t\u00e4glichen Anforderungen: Dieses USB-C-Dock verwandelt einen einzelnen Typ C in 9 Anschl\u00fcsse: USB-C zu HDMI 4K &amp; VGA 1080P, USB3.0 *3, Typ C Power Delivery 100W-Ladeanschluss, SD- und Micro-SD-Karte Lesersteckplatz, 1000 Mbit\/s RJ45-Ethernet. NOVOO USB C Dongle Erweitern Sie Ihre Arbeitsm\u00f6glichkeiten und sorgen Sie f\u00fcr eine stabilere Leistung.<br \/>\nDual-Monitor-USB-C-auf-HDMI-Adapter VGA: 4K-HDMI-Anschl\u00fcsse unterst\u00fctzen Aufl\u00f6sungen von bis zu 3840 x 2160 bei 30 Hz. Der VGA-Port unterst\u00fctzt Bildschirmaufl\u00f6sungen bis zu 1920 x 1080 bei 60 Hz. Windows- und MAC-OS-Systeme unterst\u00fctzen den Mirror &amp; Extend-Modus. Spiegelmodus: 3 gleiche Anzeigen. Erweiterungsmodus: Die 2 externen Displays sind gleich, aber unterschiedlich zum Bildschirm des Laptops.<br \/>\nRJ45 LAN erm\u00f6glicht eine stabile Verbindung zum Gigabit-Netzwerk, keine Verz\u00f6gerung und keine Interferenzen mit USB3.0, 1G-Film kann in wenigen Minuten heruntergeladen werden. 100 W Typ-C-Pass-Through-Ladefunktion unterst\u00fctzt das schnelle Laden Ihres Laptops. Das spezielle Design zur W\u00e4rmeableitung erh\u00f6ht die Lebensdauer des Multiport-Adapters.<br \/>\nEffizienter und vielseitiger Multiport-Adapter: 3 USB 3.0 bis zu 5 Gbit\/s f\u00fcr Hochgeschwindigkeits-Daten\u00fcbertragung. SD- und Micro-SD-Speicherkarten (Geschwindigkeit bis zu 104 Mbit\/s) gleichzeitig zug\u00e4nglich, schnell Ihre Fotos oder Videos anzeigen, perfekt f\u00fcr Fotografen oder Designer oder Video-Editor usw. Plug-and-Play, keine Software, keine Treiber erforderlich<br \/>\nSicherheitsschnalle &amp; LED-Anzeigedesign &amp; KEIN Kauf: Die tragbare USB-C-Dockingstation verf\u00fcgt \u00fcber ein Aufbewahrungsloch zum Schutz des USB-C-Steckers (m\u00e4nnlich) der Dockingstation. Wenn die LED des USB-C-Hubs gr\u00fcn leuchtet, zeigt dies an, dass der Adapter funktioniert. FCC-, CE- und RoHS-zertifiziert. 24 Monate R\u00fcckerstattung oder Ersatzgarantie!<br \/>\n<div class=\"main-cross-sell\" data-asin=\"B09BQYW4PN\">\n\n\t<div class=\"WooZone-cross-sell-loader\">\n\t\t<div>\n\t\t\t<div id=\"floatingBarsG\">\n\t\t\t\t<div class=\"blockG\" id=\"rotateG_01\"><\/div>\n\t\t\t\t<div class=\"blockG\" id=\"rotateG_02\"><\/div>\n\t\t\t\t<div class=\"blockG\" id=\"rotateG_03\"><\/div>\n\t\t\t\t<div class=\"blockG\" id=\"rotateG_04\"><\/div>\n\t\t\t\t<div class=\"blockG\" id=\"rotateG_05\"><\/div>\n\t\t\t\t<div class=\"blockG\" id=\"rotateG_06\"><\/div>\n\t\t\t\t<div class=\"blockG\" id=\"rotateG_07\"><\/div>\n\t\t\t\t<div class=\"blockG\" id=\"rotateG_08\"><\/div>\n\t\t\t<\/div>\n\t\t\t<div class=\"WooZone-cross-sell-loader-text\"><\/div>\n\t\t<\/div>\n\t<\/div>\n\n\t\t\n<\/div>\n<div style=\"clear:both;\"><\/div><\/p>\n","protected":false},"excerpt":{"rendered":"<p>NOVOO Laptop-Dockingstation erf\u00fcllt Ihre t\u00e4glichen Anforderungen: Dieses USB-C-Dock verwandelt einen einzelnen Typ C in 9 Anschl\u00fcsse: USB-C zu HDMI 4K &amp; VGA 1080P, USB3.0 *3, Typ C Power Delivery 100W-Ladeanschluss, SD- und Micro-SD-Karte Lesersteckplatz, 1000 Mbit\/s RJ45-Ethernet. NOVOO USB C Dongle Erweitern Sie Ihre Arbeitsm\u00f6glichkeiten und sorgen Sie f\u00fcr eine stabilere Leistung.<br \/>\nDual-Monitor-USB-C-auf-HDMI-Adapter VGA: 4K-HDMI-Anschl\u00fcsse unterst\u00fctzen Aufl\u00f6sungen von bis zu 3840 x 2160 bei 30 Hz. Der VGA-Port unterst\u00fctzt Bildschirmaufl\u00f6sungen bis zu 1920 x 1080 bei 60 Hz. Windows- und MAC-OS-Systeme unterst\u00fctzen den Mirror &amp; Extend-Modus. Spiegelmodus: 3 gleiche Anzeigen. Erweiterungsmodus: Die 2 externen Displays sind gleich, aber unterschiedlich zum Bildschirm des Laptops.<br \/>\nRJ45 LAN erm\u00f6glicht eine stabile Verbindung zum Gigabit-Netzwerk, keine Verz\u00f6gerung und keine Interferenzen mit USB3.0, 1G-Film kann in wenigen Minuten heruntergeladen werden. 100 W Typ-C-Pass-Through-Ladefunktion unterst\u00fctzt das schnelle Laden Ihres Laptops. Das spezielle Design zur W\u00e4rmeableitung erh\u00f6ht die Lebensdauer des Multiport-Adapters.<\/p>\n","protected":false},"featured_media":77356,"comment_status":"open","ping_status":"closed","template":"","meta":[],"product_brand":[],"product_cat":[863],"product_tag":[],"class_list":{"0":"post-77355","1":"product","2":"type-product","3":"status-publish","4":"has-post-thumbnail","6":"product_cat-computer-zubehoer","7":"pa_brand-novoo","8":"pa_height-0-649605-zoll","9":"pa_length-4-44881-zoll","10":"pa_manufacturer-novoo","11":"pa_weight-0-22487150724-pfund","12":"pa_width-2-28346-zoll","14":"first","15":"instock","16":"shipping-taxable","17":"purchasable","18":"product-type-simple","19":"customify-col","20":"product-has-gallery"},"yoast_head":"<!-- This site is optimized with the Yoast SEO plugin v27.4 - https:\/\/yoast.com\/product\/yoast-seo-wordpress\/ -->\n<title>NOVOO USB C Hub Dual Display Docking Station 9-in-1 mit HDMI 4K, VGA, 3 USB 3.0,Typ C 100W PD,Gigabit Ethernet, SD\/TF\u2026 - Markt-XXL<\/title>\n<meta name=\"description\" content=\"Markt-XXL NOVOO USB C Hub Dual Display Docking Station 9-in-1 mit HDMI 4K, VGA, 3 USB 3.0,Typ C 100W PD,Gigabit Ethernet, SD\/TF\u2026\" \/>\n<meta name=\"robots\" content=\"index, follow, max-snippet:-1, max-image-preview:large, max-video-preview:-1\" \/>\n<link rel=\"canonical\" href=\"https:\/\/marktxxl.de\/markt\/produkt\/usb-c-hub-9-in-1-novoousb-c-dockingstation-mit-dreifachem-display-dual-hdmi-vga-gigabit-ethernet-100-w-pd-4-usb-anschluesse-usb-c-adapter-thunderbolt-3-dock-kompatibel-fuer-macbook\/\" \/>\n<meta property=\"og:locale\" content=\"de_DE\" \/>\n<meta property=\"og:type\" content=\"article\" \/>\n<meta property=\"og:title\" content=\"NOVOO USB C Hub Dual Display Docking Station 9-in-1 mit HDMI 4K, VGA, 3 USB 3.0,Typ C 100W PD,Gigabit Ethernet, SD\/TF\u2026 - Markt-XXL\" \/>\n<meta property=\"og:description\" content=\"Markt-XXL NOVOO USB C Hub Dual Display Docking Station 9-in-1 mit HDMI 4K, VGA, 3 USB 3.0,Typ C 100W PD,Gigabit Ethernet, SD\/TF\u2026\" \/>\n<meta property=\"og:url\" content=\"https:\/\/marktxxl.de\/markt\/produkt\/usb-c-hub-9-in-1-novoousb-c-dockingstation-mit-dreifachem-display-dual-hdmi-vga-gigabit-ethernet-100-w-pd-4-usb-anschluesse-usb-c-adapter-thunderbolt-3-dock-kompatibel-fuer-macbook\/\" \/>\n<meta property=\"og:site_name\" content=\"Markt-XXL\" \/>\n<meta property=\"article:modified_time\" content=\"2023-04-11T00:51:26+00:00\" \/>\n<meta property=\"og:image\" content=\"https:\/\/m.media-amazon.com\/images\/I\/410KaXDbv6L._SL500_.jpg\" \/>\n\t<meta property=\"og:image:width\" content=\"500\" \/>\n\t<meta property=\"og:image:height\" content=\"500\" \/>\n\t<meta property=\"og:image:type\" content=\"image\/jpeg\" \/>\n<meta name=\"twitter:card\" content=\"summary_large_image\" \/>\n<meta name=\"twitter:label1\" content=\"Gesch\u00e4tzte Lesezeit\" \/>\n\t<meta name=\"twitter:data1\" content=\"1\u00a0Minute\" \/>\n<script type=\"application\/ld+json\" class=\"yoast-schema-graph\">{\"@context\":\"https:\\\/\\\/schema.org\",\"@graph\":[{\"@type\":\"WebPage\",\"@id\":\"https:\\\/\\\/marktxxl.de\\\/markt\\\/produkt\\\/usb-c-hub-9-in-1-novoousb-c-dockingstation-mit-dreifachem-display-dual-hdmi-vga-gigabit-ethernet-100-w-pd-4-usb-anschluesse-usb-c-adapter-thunderbolt-3-dock-kompatibel-fuer-macbook\\\/\",\"url\":\"https:\\\/\\\/marktxxl.de\\\/markt\\\/produkt\\\/usb-c-hub-9-in-1-novoousb-c-dockingstation-mit-dreifachem-display-dual-hdmi-vga-gigabit-ethernet-100-w-pd-4-usb-anschluesse-usb-c-adapter-thunderbolt-3-dock-kompatibel-fuer-macbook\\\/\",\"name\":\"NOVOO USB C Hub Dual Display Docking Station 9-in-1 mit HDMI 4K, VGA, 3 USB 3.0,Typ C 100W PD,Gigabit Ethernet, SD\\\/TF\u2026 - Markt-XXL\",\"isPartOf\":{\"@id\":\"https:\\\/\\\/marktxxl.de\\\/markt\\\/#website\"},\"primaryImageOfPage\":{\"@id\":\"https:\\\/\\\/marktxxl.de\\\/markt\\\/produkt\\\/usb-c-hub-9-in-1-novoousb-c-dockingstation-mit-dreifachem-display-dual-hdmi-vga-gigabit-ethernet-100-w-pd-4-usb-anschluesse-usb-c-adapter-thunderbolt-3-dock-kompatibel-fuer-macbook\\\/#primaryimage\"},\"image\":{\"@id\":\"https:\\\/\\\/marktxxl.de\\\/markt\\\/produkt\\\/usb-c-hub-9-in-1-novoousb-c-dockingstation-mit-dreifachem-display-dual-hdmi-vga-gigabit-ethernet-100-w-pd-4-usb-anschluesse-usb-c-adapter-thunderbolt-3-dock-kompatibel-fuer-macbook\\\/#primaryimage\"},\"thumbnailUrl\":\"https:\\\/\\\/m.media-amazon.com\\\/images\\\/I\\\/410KaXDbv6L._SL500_.jpg\",\"datePublished\":\"2021-11-25T14:12:51+00:00\",\"dateModified\":\"2023-04-11T00:51:26+00:00\",\"description\":\"Markt-XXL NOVOO USB C Hub Dual Display Docking Station 9-in-1 mit HDMI 4K, VGA, 3 USB 3.0,Typ C 100W PD,Gigabit Ethernet, SD\\\/TF\u2026\",\"breadcrumb\":{\"@id\":\"https:\\\/\\\/marktxxl.de\\\/markt\\\/produkt\\\/usb-c-hub-9-in-1-novoousb-c-dockingstation-mit-dreifachem-display-dual-hdmi-vga-gigabit-ethernet-100-w-pd-4-usb-anschluesse-usb-c-adapter-thunderbolt-3-dock-kompatibel-fuer-macbook\\\/#breadcrumb\"},\"inLanguage\":\"de\",\"potentialAction\":[{\"@type\":\"ReadAction\",\"target\":[\"https:\\\/\\\/marktxxl.de\\\/markt\\\/produkt\\\/usb-c-hub-9-in-1-novoousb-c-dockingstation-mit-dreifachem-display-dual-hdmi-vga-gigabit-ethernet-100-w-pd-4-usb-anschluesse-usb-c-adapter-thunderbolt-3-dock-kompatibel-fuer-macbook\\\/\"]}]},{\"@type\":\"ImageObject\",\"inLanguage\":\"de\",\"@id\":\"https:\\\/\\\/marktxxl.de\\\/markt\\\/produkt\\\/usb-c-hub-9-in-1-novoousb-c-dockingstation-mit-dreifachem-display-dual-hdmi-vga-gigabit-ethernet-100-w-pd-4-usb-anschluesse-usb-c-adapter-thunderbolt-3-dock-kompatibel-fuer-macbook\\\/#primaryimage\",\"url\":\"https:\\\/\\\/m.media-amazon.com\\\/images\\\/I\\\/410KaXDbv6L._SL500_.jpg\",\"contentUrl\":\"https:\\\/\\\/m.media-amazon.com\\\/images\\\/I\\\/410KaXDbv6L._SL500_.jpg\",\"width\":500,\"height\":500},{\"@type\":\"BreadcrumbList\",\"@id\":\"https:\\\/\\\/marktxxl.de\\\/markt\\\/produkt\\\/usb-c-hub-9-in-1-novoousb-c-dockingstation-mit-dreifachem-display-dual-hdmi-vga-gigabit-ethernet-100-w-pd-4-usb-anschluesse-usb-c-adapter-thunderbolt-3-dock-kompatibel-fuer-macbook\\\/#breadcrumb\",\"itemListElement\":[{\"@type\":\"ListItem\",\"position\":1,\"name\":\"Startseite\",\"item\":\"https:\\\/\\\/marktxxl.de\\\/markt\\\/\"},{\"@type\":\"ListItem\",\"position\":2,\"name\":\"Markt\",\"item\":\"https:\\\/\\\/marktxxl.de\\\/markt\\\/\"},{\"@type\":\"ListItem\",\"position\":3,\"name\":\"NOVOO USB C Hub Dual Display Docking Station 9-in-1 mit HDMI 4K, VGA, 3 USB 3.0,Typ C 100W PD,Gigabit Ethernet, SD\\\/TF\u2026\"}]},{\"@type\":\"WebSite\",\"@id\":\"https:\\\/\\\/marktxxl.de\\\/markt\\\/#website\",\"url\":\"https:\\\/\\\/marktxxl.de\\\/markt\\\/\",\"name\":\"Markt-XXL\",\"description\":\"Ihr Markt Online\",\"publisher\":{\"@id\":\"https:\\\/\\\/marktxxl.de\\\/markt\\\/#organization\"},\"potentialAction\":[{\"@type\":\"SearchAction\",\"target\":{\"@type\":\"EntryPoint\",\"urlTemplate\":\"https:\\\/\\\/marktxxl.de\\\/markt\\\/?s={search_term_string}\"},\"query-input\":{\"@type\":\"PropertyValueSpecification\",\"valueRequired\":true,\"valueName\":\"search_term_string\"}}],\"inLanguage\":\"de\"},{\"@type\":\"Organization\",\"@id\":\"https:\\\/\\\/marktxxl.de\\\/markt\\\/#organization\",\"name\":\"Markt-XXL\",\"url\":\"https:\\\/\\\/marktxxl.de\\\/markt\\\/\",\"logo\":{\"@type\":\"ImageObject\",\"inLanguage\":\"de\",\"@id\":\"https:\\\/\\\/marktxxl.de\\\/markt\\\/#\\\/schema\\\/logo\\\/image\\\/\",\"url\":\"https:\\\/\\\/marktxxl.de\\\/markt\\\/wp-content\\\/uploads\\\/sites\\\/3\\\/2020\\\/12\\\/logo.png\",\"contentUrl\":\"https:\\\/\\\/marktxxl.de\\\/markt\\\/wp-content\\\/uploads\\\/sites\\\/3\\\/2020\\\/12\\\/logo.png\",\"width\":200,\"height\":70,\"caption\":\"Markt-XXL\"},\"image\":{\"@id\":\"https:\\\/\\\/marktxxl.de\\\/markt\\\/#\\\/schema\\\/logo\\\/image\\\/\"}}]}<\/script>\n<!-- \/ Yoast SEO plugin. -->","yoast_head_json":{"title":"NOVOO USB C Hub Dual Display Docking Station 9-in-1 mit HDMI 4K, VGA, 3 USB 3.0,Typ C 100W PD,Gigabit Ethernet, SD\/TF\u2026 - Markt-XXL","description":"Markt-XXL NOVOO USB C Hub Dual Display Docking Station 9-in-1 mit HDMI 4K, VGA, 3 USB 3.0,Typ C 100W PD,Gigabit Ethernet, SD\/TF\u2026","robots":{"index":"index","follow":"follow","max-snippet":"max-snippet:-1","max-image-preview":"max-image-preview:large","max-video-preview":"max-video-preview:-1"},"canonical":"https:\/\/marktxxl.de\/markt\/produkt\/usb-c-hub-9-in-1-novoousb-c-dockingstation-mit-dreifachem-display-dual-hdmi-vga-gigabit-ethernet-100-w-pd-4-usb-anschluesse-usb-c-adapter-thunderbolt-3-dock-kompatibel-fuer-macbook\/","og_locale":"de_DE","og_type":"article","og_title":"NOVOO USB C Hub Dual Display Docking Station 9-in-1 mit HDMI 4K, VGA, 3 USB 3.0,Typ C 100W PD,Gigabit Ethernet, SD\/TF\u2026 - Markt-XXL","og_description":"Markt-XXL NOVOO USB C Hub Dual Display Docking Station 9-in-1 mit HDMI 4K, VGA, 3 USB 3.0,Typ C 100W PD,Gigabit Ethernet, SD\/TF\u2026","og_url":"https:\/\/marktxxl.de\/markt\/produkt\/usb-c-hub-9-in-1-novoousb-c-dockingstation-mit-dreifachem-display-dual-hdmi-vga-gigabit-ethernet-100-w-pd-4-usb-anschluesse-usb-c-adapter-thunderbolt-3-dock-kompatibel-fuer-macbook\/","og_site_name":"Markt-XXL","article_modified_time":"2023-04-11T00:51:26+00:00","og_image":[{"width":500,"height":500,"url":"https:\/\/m.media-amazon.com\/images\/I\/410KaXDbv6L._SL500_.jpg","type":"image\/jpeg"}],"twitter_card":"summary_large_image","twitter_misc":{"Gesch\u00e4tzte Lesezeit":"1\u00a0Minute"},"schema":{"@context":"https:\/\/schema.org","@graph":[{"@type":"WebPage","@id":"https:\/\/marktxxl.de\/markt\/produkt\/usb-c-hub-9-in-1-novoousb-c-dockingstation-mit-dreifachem-display-dual-hdmi-vga-gigabit-ethernet-100-w-pd-4-usb-anschluesse-usb-c-adapter-thunderbolt-3-dock-kompatibel-fuer-macbook\/","url":"https:\/\/marktxxl.de\/markt\/produkt\/usb-c-hub-9-in-1-novoousb-c-dockingstation-mit-dreifachem-display-dual-hdmi-vga-gigabit-ethernet-100-w-pd-4-usb-anschluesse-usb-c-adapter-thunderbolt-3-dock-kompatibel-fuer-macbook\/","name":"NOVOO USB C Hub Dual Display Docking Station 9-in-1 mit HDMI 4K, VGA, 3 USB 3.0,Typ C 100W PD,Gigabit Ethernet, SD\/TF\u2026 - Markt-XXL","isPartOf":{"@id":"https:\/\/marktxxl.de\/markt\/#website"},"primaryImageOfPage":{"@id":"https:\/\/marktxxl.de\/markt\/produkt\/usb-c-hub-9-in-1-novoousb-c-dockingstation-mit-dreifachem-display-dual-hdmi-vga-gigabit-ethernet-100-w-pd-4-usb-anschluesse-usb-c-adapter-thunderbolt-3-dock-kompatibel-fuer-macbook\/#primaryimage"},"image":{"@id":"https:\/\/marktxxl.de\/markt\/produkt\/usb-c-hub-9-in-1-novoousb-c-dockingstation-mit-dreifachem-display-dual-hdmi-vga-gigabit-ethernet-100-w-pd-4-usb-anschluesse-usb-c-adapter-thunderbolt-3-dock-kompatibel-fuer-macbook\/#primaryimage"},"thumbnailUrl":"https:\/\/m.media-amazon.com\/images\/I\/410KaXDbv6L._SL500_.jpg","datePublished":"2021-11-25T14:12:51+00:00","dateModified":"2023-04-11T00:51:26+00:00","description":"Markt-XXL NOVOO USB C Hub Dual Display Docking Station 9-in-1 mit HDMI 4K, VGA, 3 USB 3.0,Typ C 100W PD,Gigabit Ethernet, SD\/TF\u2026","breadcrumb":{"@id":"https:\/\/marktxxl.de\/markt\/produkt\/usb-c-hub-9-in-1-novoousb-c-dockingstation-mit-dreifachem-display-dual-hdmi-vga-gigabit-ethernet-100-w-pd-4-usb-anschluesse-usb-c-adapter-thunderbolt-3-dock-kompatibel-fuer-macbook\/#breadcrumb"},"inLanguage":"de","potentialAction":[{"@type":"ReadAction","target":["https:\/\/marktxxl.de\/markt\/produkt\/usb-c-hub-9-in-1-novoousb-c-dockingstation-mit-dreifachem-display-dual-hdmi-vga-gigabit-ethernet-100-w-pd-4-usb-anschluesse-usb-c-adapter-thunderbolt-3-dock-kompatibel-fuer-macbook\/"]}]},{"@type":"ImageObject","inLanguage":"de","@id":"https:\/\/marktxxl.de\/markt\/produkt\/usb-c-hub-9-in-1-novoousb-c-dockingstation-mit-dreifachem-display-dual-hdmi-vga-gigabit-ethernet-100-w-pd-4-usb-anschluesse-usb-c-adapter-thunderbolt-3-dock-kompatibel-fuer-macbook\/#primaryimage","url":"https:\/\/m.media-amazon.com\/images\/I\/410KaXDbv6L._SL500_.jpg","contentUrl":"https:\/\/m.media-amazon.com\/images\/I\/410KaXDbv6L._SL500_.jpg","width":500,"height":500},{"@type":"BreadcrumbList","@id":"https:\/\/marktxxl.de\/markt\/produkt\/usb-c-hub-9-in-1-novoousb-c-dockingstation-mit-dreifachem-display-dual-hdmi-vga-gigabit-ethernet-100-w-pd-4-usb-anschluesse-usb-c-adapter-thunderbolt-3-dock-kompatibel-fuer-macbook\/#breadcrumb","itemListElement":[{"@type":"ListItem","position":1,"name":"Startseite","item":"https:\/\/marktxxl.de\/markt\/"},{"@type":"ListItem","position":2,"name":"Markt","item":"https:\/\/marktxxl.de\/markt\/"},{"@type":"ListItem","position":3,"name":"NOVOO USB C Hub Dual Display Docking Station 9-in-1 mit HDMI 4K, VGA, 3 USB 3.0,Typ C 100W PD,Gigabit Ethernet, SD\/TF\u2026"}]},{"@type":"WebSite","@id":"https:\/\/marktxxl.de\/markt\/#website","url":"https:\/\/marktxxl.de\/markt\/","name":"Markt-XXL","description":"Ihr Markt Online","publisher":{"@id":"https:\/\/marktxxl.de\/markt\/#organization"},"potentialAction":[{"@type":"SearchAction","target":{"@type":"EntryPoint","urlTemplate":"https:\/\/marktxxl.de\/markt\/?s={search_term_string}"},"query-input":{"@type":"PropertyValueSpecification","valueRequired":true,"valueName":"search_term_string"}}],"inLanguage":"de"},{"@type":"Organization","@id":"https:\/\/marktxxl.de\/markt\/#organization","name":"Markt-XXL","url":"https:\/\/marktxxl.de\/markt\/","logo":{"@type":"ImageObject","inLanguage":"de","@id":"https:\/\/marktxxl.de\/markt\/#\/schema\/logo\/image\/","url":"https:\/\/marktxxl.de\/markt\/wp-content\/uploads\/sites\/3\/2020\/12\/logo.png","contentUrl":"https:\/\/marktxxl.de\/markt\/wp-content\/uploads\/sites\/3\/2020\/12\/logo.png","width":200,"height":70,"caption":"Markt-XXL"},"image":{"@id":"https:\/\/marktxxl.de\/markt\/#\/schema\/logo\/image\/"}}]}},"_links":{"self":[{"href":"https:\/\/marktxxl.de\/markt\/wp-json\/wp\/v2\/product\/77355","targetHints":{"allow":["GET"]}}],"collection":[{"href":"https:\/\/marktxxl.de\/markt\/wp-json\/wp\/v2\/product"}],"about":[{"href":"https:\/\/marktxxl.de\/markt\/wp-json\/wp\/v2\/types\/product"}],"replies":[{"embeddable":true,"href":"https:\/\/marktxxl.de\/markt\/wp-json\/wp\/v2\/comments?post=77355"}],"wp:featuredmedia":[{"embeddable":true,"href":"https:\/\/marktxxl.de\/markt\/wp-json\/wp\/v2\/media\/77356"}],"wp:attachment":[{"href":"https:\/\/marktxxl.de\/markt\/wp-json\/wp\/v2\/media?parent=77355"}],"wp:term":[{"taxonomy":"product_brand","embeddable":true,"href":"https:\/\/marktxxl.de\/markt\/wp-json\/wp\/v2\/product_brand?post=77355"},{"taxonomy":"product_cat","embeddable":true,"href":"https:\/\/marktxxl.de\/markt\/wp-json\/wp\/v2\/product_cat?post=77355"},{"taxonomy":"product_tag","embeddable":true,"href":"https:\/\/marktxxl.de\/markt\/wp-json\/wp\/v2\/product_tag?post=77355"}],"curies":[{"name":"wp","href":"https:\/\/api.w.org\/{rel}","templated":true}]}}