{"id":77338,"date":"2021-11-25T15:12:42","date_gmt":"2021-11-25T14:12:42","guid":{"rendered":"https:\/\/marktxxl.de\/markt\/produkt\/ymcrlux-kabelclips-kabelhalter-und-kabelschoner-silikon-selbstklebend-kabel-organizer-clips-fuer-schreibtisch-kabelmanagement-und-kabelfuehrung-home-und-office-desk-accessoires-schwarz-und-weiss\/"},"modified":"2023-04-11T02:51:26","modified_gmt":"2023-04-11T00:51:26","slug":"ymcrlux-kabelclips-kabelhalter-und-kabelschoner-silikon-selbstklebend-kabel-organizer-clips-fuer-schreibtisch-kabelmanagement-und-kabelfuehrung-home-und-office-desk-accessoires-schwarz-und-weiss","status":"publish","type":"product","link":"https:\/\/marktxxl.de\/markt\/produkt\/ymcrlux-kabelclips-kabelhalter-und-kabelschoner-silikon-selbstklebend-kabel-organizer-clips-fuer-schreibtisch-kabelmanagement-und-kabelfuehrung-home-und-office-desk-accessoires-schwarz-und-weiss\/","title":{"rendered":"YMCRLUX Kabelclips Kabelhalter und Kabelschoner, Silikon selbstklebend Kabel Organizer Clips f\u00fcr Schreibtisch\u2026"},"content":{"rendered":"<p>\u3010Product Contains\u3011Silikon selbstklebende Kabelclips 5pcs single slot wei\u00df und 2pcs 5-slot schwarz, 10pcs Ladekabel Saver. Dieses Kabel-Management-Kit kann Ihnen helfen, Ihre USB-Kabel zu organisieren und sie zu sch\u00fctzen, um die Enden vor dem Brechen zu verhindern.<br \/>\n\u3010Weitgehend kompatibel\u3011Die 5-Schlitz- und 1-Schlitz-Kabelklammer haben unterschiedliche \u00d6ffnungen, die mit den meisten unserer h\u00e4ufig verwendeten Kabel kompatibel sind, wie USB-Kabel, Ladekabel, Mauskabel, PC\/TV-Kabel, Stromkabel, Kopfh\u00f6rerkabel, Audiokabel, Spielkonsolenkabel usw.<br \/>\n\u3010Vielf\u00e4ltige Anwendungsszenarien\u3011Die Kabelhalter k\u00f6nnen nicht nur auf dem Schreibtisch, sondern auch an der Wand, auf dem Nachttisch oder in Ihrem Auto verwendet werden.2 verschiedene Schlitze sind vorgesehen, um Ihre Verwendung bequemer zu machen.<br \/>\n\u3010Reliable Wire Organiser\u3011Hochwertiges Silikon verbessert effektiv die Haltbarkeit und sch\u00fctzt Ihre Kabel. Mit einer starken spurlosen Selbstklebung m\u00fcssen Sie sich keine Sorgen machen, dass die Kabelklammer abf\u00e4llt oder dass es R\u00fcckst\u00e4nde gibt, die schwer zu reinigen sind, wenn sie entfernt werden.<br \/>\n\u3010NOTE\u3011Nach der Installation warten Sie bitte 24 Stunden, bevor Sie es verwenden, da das Band nach 24 Stunden die beste Leistung erh\u00e4lt.<br \/>\n<div class=\"main-cross-sell\" data-asin=\"B09JZ8J1F3\">\n\n\t<div class=\"WooZone-cross-sell-loader\">\n\t\t<div>\n\t\t\t<div id=\"floatingBarsG\">\n\t\t\t\t<div class=\"blockG\" id=\"rotateG_01\"><\/div>\n\t\t\t\t<div class=\"blockG\" id=\"rotateG_02\"><\/div>\n\t\t\t\t<div class=\"blockG\" id=\"rotateG_03\"><\/div>\n\t\t\t\t<div class=\"blockG\" id=\"rotateG_04\"><\/div>\n\t\t\t\t<div class=\"blockG\" id=\"rotateG_05\"><\/div>\n\t\t\t\t<div class=\"blockG\" id=\"rotateG_06\"><\/div>\n\t\t\t\t<div class=\"blockG\" id=\"rotateG_07\"><\/div>\n\t\t\t\t<div class=\"blockG\" id=\"rotateG_08\"><\/div>\n\t\t\t<\/div>\n\t\t\t<div class=\"WooZone-cross-sell-loader-text\"><\/div>\n\t\t<\/div>\n\t<\/div>\n\n\t\t\n<\/div>\n<div style=\"clear:both;\"><\/div><\/p>\n","protected":false},"excerpt":{"rendered":"<p>\u3010Product Contains\u3011Silikon selbstklebende Kabelclips 5pcs single slot wei\u00df und 2pcs 5-slot schwarz, 10pcs Ladekabel Saver. Dieses Kabel-Management-Kit kann Ihnen helfen, Ihre USB-Kabel zu organisieren und sie zu sch\u00fctzen, um die Enden vor dem Brechen zu verhindern.<br \/>\n\u3010Weitgehend kompatibel\u3011Die 5-Schlitz- und 1-Schlitz-Kabelklammer haben unterschiedliche \u00d6ffnungen, die mit den meisten unserer h\u00e4ufig verwendeten Kabel kompatibel sind, wie USB-Kabel, Ladekabel, Mauskabel, PC\/TV-Kabel, Stromkabel, Kopfh\u00f6rerkabel, Audiokabel, Spielkonsolenkabel usw.<br \/>\n\u3010Vielf\u00e4ltige Anwendungsszenarien\u3011Die Kabelhalter k\u00f6nnen nicht nur auf dem Schreibtisch, sondern auch an der Wand, auf dem Nachttisch oder in Ihrem Auto verwendet werden.2 verschiedene Schlitze sind vorgesehen, um Ihre Verwendung bequemer zu machen.<\/p>\n","protected":false},"featured_media":77339,"comment_status":"open","ping_status":"closed","template":"","meta":[],"product_brand":[],"product_cat":[863],"product_tag":[],"class_list":{"0":"post-77338","1":"product","2":"type-product","3":"status-publish","4":"has-post-thumbnail","6":"product_cat-computer-zubehoer","7":"pa_brand-ymcrlux","8":"pa_height-0-787401574-zoll","9":"pa_length-5-7086614115-zoll","10":"pa_manufacturer-ymt","11":"pa_width-3-149606296-zoll","13":"first","14":"instock","15":"shipping-taxable","16":"purchasable","17":"product-type-simple","18":"customify-col","19":"product-has-gallery"},"yoast_head":"<!-- This site is optimized with the Yoast SEO plugin v27.4 - https:\/\/yoast.com\/product\/yoast-seo-wordpress\/ -->\n<title>YMCRLUX Kabelclips Kabelhalter und Kabelschoner, Silikon selbstklebend Kabel Organizer Clips f\u00fcr Schreibtisch\u2026 - Markt-XXL<\/title>\n<meta name=\"description\" content=\"Markt-XXL YMCRLUX Kabelclips Kabelhalter und Kabelschoner, Silikon selbstklebend Kabel Organizer Clips f\u00fcr Schreibtisch\u2026\" \/>\n<meta name=\"robots\" content=\"index, follow, max-snippet:-1, max-image-preview:large, max-video-preview:-1\" \/>\n<link rel=\"canonical\" href=\"https:\/\/marktxxl.de\/markt\/produkt\/ymcrlux-kabelclips-kabelhalter-und-kabelschoner-silikon-selbstklebend-kabel-organizer-clips-fuer-schreibtisch-kabelmanagement-und-kabelfuehrung-home-und-office-desk-accessoires-schwarz-und-weiss\/\" \/>\n<meta property=\"og:locale\" content=\"de_DE\" \/>\n<meta property=\"og:type\" content=\"article\" \/>\n<meta property=\"og:title\" content=\"YMCRLUX Kabelclips Kabelhalter und Kabelschoner, Silikon selbstklebend Kabel Organizer Clips f\u00fcr Schreibtisch\u2026 - Markt-XXL\" \/>\n<meta property=\"og:description\" content=\"Markt-XXL YMCRLUX Kabelclips Kabelhalter und Kabelschoner, Silikon selbstklebend Kabel Organizer Clips f\u00fcr Schreibtisch\u2026\" \/>\n<meta property=\"og:url\" content=\"https:\/\/marktxxl.de\/markt\/produkt\/ymcrlux-kabelclips-kabelhalter-und-kabelschoner-silikon-selbstklebend-kabel-organizer-clips-fuer-schreibtisch-kabelmanagement-und-kabelfuehrung-home-und-office-desk-accessoires-schwarz-und-weiss\/\" \/>\n<meta property=\"og:site_name\" content=\"Markt-XXL\" \/>\n<meta property=\"article:modified_time\" content=\"2023-04-11T00:51:26+00:00\" \/>\n<meta property=\"og:image\" content=\"https:\/\/m.media-amazon.com\/images\/I\/41ly8mvGGcL._SL500_.jpg\" \/>\n\t<meta property=\"og:image:width\" content=\"500\" \/>\n\t<meta property=\"og:image:height\" content=\"500\" \/>\n\t<meta property=\"og:image:type\" content=\"image\/jpeg\" \/>\n<meta name=\"twitter:card\" content=\"summary_large_image\" \/>\n<meta name=\"twitter:label1\" content=\"Gesch\u00e4tzte Lesezeit\" \/>\n\t<meta name=\"twitter:data1\" content=\"1\u00a0Minute\" \/>\n<script type=\"application\/ld+json\" class=\"yoast-schema-graph\">{\"@context\":\"https:\\\/\\\/schema.org\",\"@graph\":[{\"@type\":\"WebPage\",\"@id\":\"https:\\\/\\\/marktxxl.de\\\/markt\\\/produkt\\\/ymcrlux-kabelclips-kabelhalter-und-kabelschoner-silikon-selbstklebend-kabel-organizer-clips-fuer-schreibtisch-kabelmanagement-und-kabelfuehrung-home-und-office-desk-accessoires-schwarz-und-weiss\\\/\",\"url\":\"https:\\\/\\\/marktxxl.de\\\/markt\\\/produkt\\\/ymcrlux-kabelclips-kabelhalter-und-kabelschoner-silikon-selbstklebend-kabel-organizer-clips-fuer-schreibtisch-kabelmanagement-und-kabelfuehrung-home-und-office-desk-accessoires-schwarz-und-weiss\\\/\",\"name\":\"YMCRLUX Kabelclips Kabelhalter und Kabelschoner, Silikon selbstklebend Kabel Organizer Clips f\u00fcr Schreibtisch\u2026 - Markt-XXL\",\"isPartOf\":{\"@id\":\"https:\\\/\\\/marktxxl.de\\\/markt\\\/#website\"},\"primaryImageOfPage\":{\"@id\":\"https:\\\/\\\/marktxxl.de\\\/markt\\\/produkt\\\/ymcrlux-kabelclips-kabelhalter-und-kabelschoner-silikon-selbstklebend-kabel-organizer-clips-fuer-schreibtisch-kabelmanagement-und-kabelfuehrung-home-und-office-desk-accessoires-schwarz-und-weiss\\\/#primaryimage\"},\"image\":{\"@id\":\"https:\\\/\\\/marktxxl.de\\\/markt\\\/produkt\\\/ymcrlux-kabelclips-kabelhalter-und-kabelschoner-silikon-selbstklebend-kabel-organizer-clips-fuer-schreibtisch-kabelmanagement-und-kabelfuehrung-home-und-office-desk-accessoires-schwarz-und-weiss\\\/#primaryimage\"},\"thumbnailUrl\":\"https:\\\/\\\/m.media-amazon.com\\\/images\\\/I\\\/41ly8mvGGcL._SL500_.jpg\",\"datePublished\":\"2021-11-25T14:12:42+00:00\",\"dateModified\":\"2023-04-11T00:51:26+00:00\",\"description\":\"Markt-XXL YMCRLUX Kabelclips Kabelhalter und Kabelschoner, Silikon selbstklebend Kabel Organizer Clips f\u00fcr Schreibtisch\u2026\",\"breadcrumb\":{\"@id\":\"https:\\\/\\\/marktxxl.de\\\/markt\\\/produkt\\\/ymcrlux-kabelclips-kabelhalter-und-kabelschoner-silikon-selbstklebend-kabel-organizer-clips-fuer-schreibtisch-kabelmanagement-und-kabelfuehrung-home-und-office-desk-accessoires-schwarz-und-weiss\\\/#breadcrumb\"},\"inLanguage\":\"de\",\"potentialAction\":[{\"@type\":\"ReadAction\",\"target\":[\"https:\\\/\\\/marktxxl.de\\\/markt\\\/produkt\\\/ymcrlux-kabelclips-kabelhalter-und-kabelschoner-silikon-selbstklebend-kabel-organizer-clips-fuer-schreibtisch-kabelmanagement-und-kabelfuehrung-home-und-office-desk-accessoires-schwarz-und-weiss\\\/\"]}]},{\"@type\":\"ImageObject\",\"inLanguage\":\"de\",\"@id\":\"https:\\\/\\\/marktxxl.de\\\/markt\\\/produkt\\\/ymcrlux-kabelclips-kabelhalter-und-kabelschoner-silikon-selbstklebend-kabel-organizer-clips-fuer-schreibtisch-kabelmanagement-und-kabelfuehrung-home-und-office-desk-accessoires-schwarz-und-weiss\\\/#primaryimage\",\"url\":\"https:\\\/\\\/m.media-amazon.com\\\/images\\\/I\\\/41ly8mvGGcL._SL500_.jpg\",\"contentUrl\":\"https:\\\/\\\/m.media-amazon.com\\\/images\\\/I\\\/41ly8mvGGcL._SL500_.jpg\",\"width\":500,\"height\":500},{\"@type\":\"BreadcrumbList\",\"@id\":\"https:\\\/\\\/marktxxl.de\\\/markt\\\/produkt\\\/ymcrlux-kabelclips-kabelhalter-und-kabelschoner-silikon-selbstklebend-kabel-organizer-clips-fuer-schreibtisch-kabelmanagement-und-kabelfuehrung-home-und-office-desk-accessoires-schwarz-und-weiss\\\/#breadcrumb\",\"itemListElement\":[{\"@type\":\"ListItem\",\"position\":1,\"name\":\"Startseite\",\"item\":\"https:\\\/\\\/marktxxl.de\\\/markt\\\/\"},{\"@type\":\"ListItem\",\"position\":2,\"name\":\"Markt\",\"item\":\"https:\\\/\\\/marktxxl.de\\\/markt\\\/\"},{\"@type\":\"ListItem\",\"position\":3,\"name\":\"YMCRLUX Kabelclips Kabelhalter und Kabelschoner, Silikon selbstklebend Kabel Organizer Clips f\u00fcr Schreibtisch\u2026\"}]},{\"@type\":\"WebSite\",\"@id\":\"https:\\\/\\\/marktxxl.de\\\/markt\\\/#website\",\"url\":\"https:\\\/\\\/marktxxl.de\\\/markt\\\/\",\"name\":\"Markt-XXL\",\"description\":\"Ihr Markt Online\",\"publisher\":{\"@id\":\"https:\\\/\\\/marktxxl.de\\\/markt\\\/#organization\"},\"potentialAction\":[{\"@type\":\"SearchAction\",\"target\":{\"@type\":\"EntryPoint\",\"urlTemplate\":\"https:\\\/\\\/marktxxl.de\\\/markt\\\/?s={search_term_string}\"},\"query-input\":{\"@type\":\"PropertyValueSpecification\",\"valueRequired\":true,\"valueName\":\"search_term_string\"}}],\"inLanguage\":\"de\"},{\"@type\":\"Organization\",\"@id\":\"https:\\\/\\\/marktxxl.de\\\/markt\\\/#organization\",\"name\":\"Markt-XXL\",\"url\":\"https:\\\/\\\/marktxxl.de\\\/markt\\\/\",\"logo\":{\"@type\":\"ImageObject\",\"inLanguage\":\"de\",\"@id\":\"https:\\\/\\\/marktxxl.de\\\/markt\\\/#\\\/schema\\\/logo\\\/image\\\/\",\"url\":\"https:\\\/\\\/marktxxl.de\\\/markt\\\/wp-content\\\/uploads\\\/sites\\\/3\\\/2020\\\/12\\\/logo.png\",\"contentUrl\":\"https:\\\/\\\/marktxxl.de\\\/markt\\\/wp-content\\\/uploads\\\/sites\\\/3\\\/2020\\\/12\\\/logo.png\",\"width\":200,\"height\":70,\"caption\":\"Markt-XXL\"},\"image\":{\"@id\":\"https:\\\/\\\/marktxxl.de\\\/markt\\\/#\\\/schema\\\/logo\\\/image\\\/\"}}]}<\/script>\n<!-- \/ Yoast SEO plugin. -->","yoast_head_json":{"title":"YMCRLUX Kabelclips Kabelhalter und Kabelschoner, Silikon selbstklebend Kabel Organizer Clips f\u00fcr Schreibtisch\u2026 - Markt-XXL","description":"Markt-XXL YMCRLUX Kabelclips Kabelhalter und Kabelschoner, Silikon selbstklebend Kabel Organizer Clips f\u00fcr Schreibtisch\u2026","robots":{"index":"index","follow":"follow","max-snippet":"max-snippet:-1","max-image-preview":"max-image-preview:large","max-video-preview":"max-video-preview:-1"},"canonical":"https:\/\/marktxxl.de\/markt\/produkt\/ymcrlux-kabelclips-kabelhalter-und-kabelschoner-silikon-selbstklebend-kabel-organizer-clips-fuer-schreibtisch-kabelmanagement-und-kabelfuehrung-home-und-office-desk-accessoires-schwarz-und-weiss\/","og_locale":"de_DE","og_type":"article","og_title":"YMCRLUX Kabelclips Kabelhalter und Kabelschoner, Silikon selbstklebend Kabel Organizer Clips f\u00fcr Schreibtisch\u2026 - Markt-XXL","og_description":"Markt-XXL YMCRLUX Kabelclips Kabelhalter und Kabelschoner, Silikon selbstklebend Kabel Organizer Clips f\u00fcr Schreibtisch\u2026","og_url":"https:\/\/marktxxl.de\/markt\/produkt\/ymcrlux-kabelclips-kabelhalter-und-kabelschoner-silikon-selbstklebend-kabel-organizer-clips-fuer-schreibtisch-kabelmanagement-und-kabelfuehrung-home-und-office-desk-accessoires-schwarz-und-weiss\/","og_site_name":"Markt-XXL","article_modified_time":"2023-04-11T00:51:26+00:00","og_image":[{"width":500,"height":500,"url":"https:\/\/m.media-amazon.com\/images\/I\/41ly8mvGGcL._SL500_.jpg","type":"image\/jpeg"}],"twitter_card":"summary_large_image","twitter_misc":{"Gesch\u00e4tzte Lesezeit":"1\u00a0Minute"},"schema":{"@context":"https:\/\/schema.org","@graph":[{"@type":"WebPage","@id":"https:\/\/marktxxl.de\/markt\/produkt\/ymcrlux-kabelclips-kabelhalter-und-kabelschoner-silikon-selbstklebend-kabel-organizer-clips-fuer-schreibtisch-kabelmanagement-und-kabelfuehrung-home-und-office-desk-accessoires-schwarz-und-weiss\/","url":"https:\/\/marktxxl.de\/markt\/produkt\/ymcrlux-kabelclips-kabelhalter-und-kabelschoner-silikon-selbstklebend-kabel-organizer-clips-fuer-schreibtisch-kabelmanagement-und-kabelfuehrung-home-und-office-desk-accessoires-schwarz-und-weiss\/","name":"YMCRLUX Kabelclips Kabelhalter und Kabelschoner, Silikon selbstklebend Kabel Organizer Clips f\u00fcr Schreibtisch\u2026 - Markt-XXL","isPartOf":{"@id":"https:\/\/marktxxl.de\/markt\/#website"},"primaryImageOfPage":{"@id":"https:\/\/marktxxl.de\/markt\/produkt\/ymcrlux-kabelclips-kabelhalter-und-kabelschoner-silikon-selbstklebend-kabel-organizer-clips-fuer-schreibtisch-kabelmanagement-und-kabelfuehrung-home-und-office-desk-accessoires-schwarz-und-weiss\/#primaryimage"},"image":{"@id":"https:\/\/marktxxl.de\/markt\/produkt\/ymcrlux-kabelclips-kabelhalter-und-kabelschoner-silikon-selbstklebend-kabel-organizer-clips-fuer-schreibtisch-kabelmanagement-und-kabelfuehrung-home-und-office-desk-accessoires-schwarz-und-weiss\/#primaryimage"},"thumbnailUrl":"https:\/\/m.media-amazon.com\/images\/I\/41ly8mvGGcL._SL500_.jpg","datePublished":"2021-11-25T14:12:42+00:00","dateModified":"2023-04-11T00:51:26+00:00","description":"Markt-XXL YMCRLUX Kabelclips Kabelhalter und Kabelschoner, Silikon selbstklebend Kabel Organizer Clips f\u00fcr Schreibtisch\u2026","breadcrumb":{"@id":"https:\/\/marktxxl.de\/markt\/produkt\/ymcrlux-kabelclips-kabelhalter-und-kabelschoner-silikon-selbstklebend-kabel-organizer-clips-fuer-schreibtisch-kabelmanagement-und-kabelfuehrung-home-und-office-desk-accessoires-schwarz-und-weiss\/#breadcrumb"},"inLanguage":"de","potentialAction":[{"@type":"ReadAction","target":["https:\/\/marktxxl.de\/markt\/produkt\/ymcrlux-kabelclips-kabelhalter-und-kabelschoner-silikon-selbstklebend-kabel-organizer-clips-fuer-schreibtisch-kabelmanagement-und-kabelfuehrung-home-und-office-desk-accessoires-schwarz-und-weiss\/"]}]},{"@type":"ImageObject","inLanguage":"de","@id":"https:\/\/marktxxl.de\/markt\/produkt\/ymcrlux-kabelclips-kabelhalter-und-kabelschoner-silikon-selbstklebend-kabel-organizer-clips-fuer-schreibtisch-kabelmanagement-und-kabelfuehrung-home-und-office-desk-accessoires-schwarz-und-weiss\/#primaryimage","url":"https:\/\/m.media-amazon.com\/images\/I\/41ly8mvGGcL._SL500_.jpg","contentUrl":"https:\/\/m.media-amazon.com\/images\/I\/41ly8mvGGcL._SL500_.jpg","width":500,"height":500},{"@type":"BreadcrumbList","@id":"https:\/\/marktxxl.de\/markt\/produkt\/ymcrlux-kabelclips-kabelhalter-und-kabelschoner-silikon-selbstklebend-kabel-organizer-clips-fuer-schreibtisch-kabelmanagement-und-kabelfuehrung-home-und-office-desk-accessoires-schwarz-und-weiss\/#breadcrumb","itemListElement":[{"@type":"ListItem","position":1,"name":"Startseite","item":"https:\/\/marktxxl.de\/markt\/"},{"@type":"ListItem","position":2,"name":"Markt","item":"https:\/\/marktxxl.de\/markt\/"},{"@type":"ListItem","position":3,"name":"YMCRLUX Kabelclips Kabelhalter und Kabelschoner, Silikon selbstklebend Kabel Organizer Clips f\u00fcr Schreibtisch\u2026"}]},{"@type":"WebSite","@id":"https:\/\/marktxxl.de\/markt\/#website","url":"https:\/\/marktxxl.de\/markt\/","name":"Markt-XXL","description":"Ihr Markt Online","publisher":{"@id":"https:\/\/marktxxl.de\/markt\/#organization"},"potentialAction":[{"@type":"SearchAction","target":{"@type":"EntryPoint","urlTemplate":"https:\/\/marktxxl.de\/markt\/?s={search_term_string}"},"query-input":{"@type":"PropertyValueSpecification","valueRequired":true,"valueName":"search_term_string"}}],"inLanguage":"de"},{"@type":"Organization","@id":"https:\/\/marktxxl.de\/markt\/#organization","name":"Markt-XXL","url":"https:\/\/marktxxl.de\/markt\/","logo":{"@type":"ImageObject","inLanguage":"de","@id":"https:\/\/marktxxl.de\/markt\/#\/schema\/logo\/image\/","url":"https:\/\/marktxxl.de\/markt\/wp-content\/uploads\/sites\/3\/2020\/12\/logo.png","contentUrl":"https:\/\/marktxxl.de\/markt\/wp-content\/uploads\/sites\/3\/2020\/12\/logo.png","width":200,"height":70,"caption":"Markt-XXL"},"image":{"@id":"https:\/\/marktxxl.de\/markt\/#\/schema\/logo\/image\/"}}]}},"_links":{"self":[{"href":"https:\/\/marktxxl.de\/markt\/wp-json\/wp\/v2\/product\/77338","targetHints":{"allow":["GET"]}}],"collection":[{"href":"https:\/\/marktxxl.de\/markt\/wp-json\/wp\/v2\/product"}],"about":[{"href":"https:\/\/marktxxl.de\/markt\/wp-json\/wp\/v2\/types\/product"}],"replies":[{"embeddable":true,"href":"https:\/\/marktxxl.de\/markt\/wp-json\/wp\/v2\/comments?post=77338"}],"wp:featuredmedia":[{"embeddable":true,"href":"https:\/\/marktxxl.de\/markt\/wp-json\/wp\/v2\/media\/77339"}],"wp:attachment":[{"href":"https:\/\/marktxxl.de\/markt\/wp-json\/wp\/v2\/media?parent=77338"}],"wp:term":[{"taxonomy":"product_brand","embeddable":true,"href":"https:\/\/marktxxl.de\/markt\/wp-json\/wp\/v2\/product_brand?post=77338"},{"taxonomy":"product_cat","embeddable":true,"href":"https:\/\/marktxxl.de\/markt\/wp-json\/wp\/v2\/product_cat?post=77338"},{"taxonomy":"product_tag","embeddable":true,"href":"https:\/\/marktxxl.de\/markt\/wp-json\/wp\/v2\/product_tag?post=77338"}],"curies":[{"name":"wp","href":"https:\/\/api.w.org\/{rel}","templated":true}]}}