{"id":77180,"date":"2021-11-25T15:06:42","date_gmt":"2021-11-25T14:06:42","guid":{"rendered":"https:\/\/marktxxl.de\/markt\/produkt\/externe-ssd-2-tb-tragbares-solid-state-drive-usb-3-1-typ-c-fuer-pc-mac-windows-linux-und-smart-tv-schwarz\/"},"modified":"2023-04-11T02:51:24","modified_gmt":"2023-04-11T00:51:24","slug":"externe-ssd-2-tb-tragbares-solid-state-drive-usb-3-1-typ-c-fuer-pc-mac-windows-linux-und-smart-tv-schwarz","status":"publish","type":"product","link":"https:\/\/marktxxl.de\/markt\/produkt\/externe-ssd-2-tb-tragbares-solid-state-drive-usb-3-1-typ-c-fuer-pc-mac-windows-linux-und-smart-tv-schwarz\/","title":{"rendered":"Externe SSD, 2 TB, tragbares Solid State Drive, USB 3.1 Typ C f\u00fcr PC, Mac, Windows, Linux und Smart TV &#8211; Schwarz"},"content":{"rendered":"<p>\u3010Systemkompatibilit\u00e4t\u3011 Weitgehend kompatibel mit Apple Mac, PS4, Xbox One, WIN7\/8\/8.1\/10, Android und anderen Systemen, fast funktionsf\u00e4hig mit 99% der PCs<br \/>\nPlug-and-Play: Ohne Software zu installieren, einfach einstecken und loslegen. Der Typ-C-Anschluss unterst\u00fctzt das freie Einf\u00fchren auf beiden Seiten, was die Lebensdauer und den Benutzerkomfort verbessert.<br \/>\nUltrad\u00fcnne externe Festplatte: Ultrad\u00fcnnes und robustes Metalldesign mit matter Oberfl\u00e4che, bietet eine hervorragende W\u00e4rmeableitung. Das ultrad\u00fcnne Geh\u00e4use passt leicht in verschiedene Taschen, so tragbar, dass Sie Ihre Lieblingsfotos, Videos, Musik oder was immer f\u00fcr Sie da sein werden<br \/>\n\u3010 High Speed Externe Festplatte \u3011 High-Speed-\u00dcbertragungen mit bis zu 100 MB\/s Lesegeschwindigkeiten erm\u00f6glichen es Ihnen, hochaufl\u00f6sende Fotos und Videos schnell zu verschieben (basierend auf internen Tests; die Leistung kann je nach Laufwerkskapazit\u00e4t, Host-Ger\u00e4t, Betriebssystem und Anwendung niedriger ausfallen)<br \/>\n\u3010Gro\u00dfe Kapazit\u00e4t\u3011 2 TB f\u00fcr Ihre Auswahl, alle riesig genug, um gro\u00dfe Mengen an Daten zu speichern. Diese externe Festplatte leuchtet beim Einstecken und unterst\u00fctzt auch den automatischen Schlafmodus, wenn sie f\u00fcr 10 Minuten nicht betrieben wird, um die K\u00f6rperw\u00e4rme zu reduzieren und Datensicherheit zu erh\u00f6hen.<br \/>\n<div class=\"main-cross-sell\" data-asin=\"B09K4CR4ZB\">\n\n\t<div class=\"WooZone-cross-sell-loader\">\n\t\t<div>\n\t\t\t<div id=\"floatingBarsG\">\n\t\t\t\t<div class=\"blockG\" id=\"rotateG_01\"><\/div>\n\t\t\t\t<div class=\"blockG\" id=\"rotateG_02\"><\/div>\n\t\t\t\t<div class=\"blockG\" id=\"rotateG_03\"><\/div>\n\t\t\t\t<div class=\"blockG\" id=\"rotateG_04\"><\/div>\n\t\t\t\t<div class=\"blockG\" id=\"rotateG_05\"><\/div>\n\t\t\t\t<div class=\"blockG\" id=\"rotateG_06\"><\/div>\n\t\t\t\t<div class=\"blockG\" id=\"rotateG_07\"><\/div>\n\t\t\t\t<div class=\"blockG\" id=\"rotateG_08\"><\/div>\n\t\t\t<\/div>\n\t\t\t<div class=\"WooZone-cross-sell-loader-text\"><\/div>\n\t\t<\/div>\n\t<\/div>\n\n\t\t\n<\/div>\n<div style=\"clear:both;\"><\/div><\/p>\n","protected":false},"excerpt":{"rendered":"<p>\u3010Systemkompatibilit\u00e4t\u3011 Weitgehend kompatibel mit Apple Mac, PS4, Xbox One, WIN7\/8\/8.1\/10, Android und anderen Systemen, fast funktionsf\u00e4hig mit 99% der PCs<br \/>\nPlug-and-Play: Ohne Software zu installieren, einfach einstecken und loslegen. Der Typ-C-Anschluss unterst\u00fctzt das freie Einf\u00fchren auf beiden Seiten, was die Lebensdauer und den Benutzerkomfort verbessert.<br \/>\nUltrad\u00fcnne externe Festplatte: Ultrad\u00fcnnes und robustes Metalldesign mit matter Oberfl\u00e4che, bietet eine hervorragende W\u00e4rmeableitung. Das ultrad\u00fcnne Geh\u00e4use passt leicht in verschiedene Taschen, so tragbar, dass Sie Ihre Lieblingsfotos, Videos, Musik oder was immer f\u00fcr Sie da sein werden<\/p>\n","protected":false},"featured_media":77181,"comment_status":"open","ping_status":"closed","template":"","meta":[],"product_brand":[],"product_cat":[863],"product_tag":[],"class_list":{"0":"post-77180","1":"product","2":"type-product","3":"status-publish","4":"has-post-thumbnail","6":"product_cat-computer-zubehoer","7":"pa_binding-elektronik","8":"pa_brand-sxd","9":"pa_color-schwarz","10":"pa_height-0-787401574-zoll","11":"pa_length-3-93700787-zoll","12":"pa_manufacturer-sxd","13":"pa_size-2-tb","14":"pa_width-1-181102361-zoll","16":"first","17":"instock","18":"shipping-taxable","19":"purchasable","20":"product-type-simple","21":"customify-col","22":"product-has-gallery"},"yoast_head":"<!-- This site is optimized with the Yoast SEO plugin v27.3 - https:\/\/yoast.com\/product\/yoast-seo-wordpress\/ -->\n<title>Externe SSD, 2 TB, tragbares Solid State Drive, USB 3.1 Typ C f\u00fcr PC, Mac, Windows, Linux und Smart TV - Schwarz - Markt-XXL<\/title>\n<meta name=\"description\" content=\"Markt-XXL Externe SSD, 2 TB, tragbares Solid State Drive, USB 3.1 Typ C f\u00fcr PC, Mac, Windows, Linux und Smart TV - Schwarz\" \/>\n<meta name=\"robots\" content=\"index, follow, max-snippet:-1, max-image-preview:large, max-video-preview:-1\" \/>\n<link rel=\"canonical\" href=\"https:\/\/marktxxl.de\/markt\/produkt\/externe-ssd-2-tb-tragbares-solid-state-drive-usb-3-1-typ-c-fuer-pc-mac-windows-linux-und-smart-tv-schwarz\/\" \/>\n<meta property=\"og:locale\" content=\"de_DE\" \/>\n<meta property=\"og:type\" content=\"article\" \/>\n<meta property=\"og:title\" content=\"Externe SSD, 2 TB, tragbares Solid State Drive, USB 3.1 Typ C f\u00fcr PC, Mac, Windows, Linux und Smart TV - Schwarz - Markt-XXL\" \/>\n<meta property=\"og:description\" content=\"Markt-XXL Externe SSD, 2 TB, tragbares Solid State Drive, USB 3.1 Typ C f\u00fcr PC, Mac, Windows, Linux und Smart TV - Schwarz\" \/>\n<meta property=\"og:url\" content=\"https:\/\/marktxxl.de\/markt\/produkt\/externe-ssd-2-tb-tragbares-solid-state-drive-usb-3-1-typ-c-fuer-pc-mac-windows-linux-und-smart-tv-schwarz\/\" \/>\n<meta property=\"og:site_name\" content=\"Markt-XXL\" \/>\n<meta property=\"article:modified_time\" content=\"2023-04-11T00:51:24+00:00\" \/>\n<meta property=\"og:image\" content=\"https:\/\/m.media-amazon.com\/images\/I\/31bP3n9aEuS._SL500_.jpg\" \/>\n\t<meta property=\"og:image:width\" content=\"377\" \/>\n\t<meta property=\"og:image:height\" content=\"500\" \/>\n\t<meta property=\"og:image:type\" content=\"image\/jpeg\" \/>\n<meta name=\"twitter:card\" content=\"summary_large_image\" \/>\n<meta name=\"twitter:label1\" content=\"Gesch\u00e4tzte Lesezeit\" \/>\n\t<meta name=\"twitter:data1\" content=\"1\u00a0Minute\" \/>\n<script type=\"application\/ld+json\" class=\"yoast-schema-graph\">{\"@context\":\"https:\\\/\\\/schema.org\",\"@graph\":[{\"@type\":\"WebPage\",\"@id\":\"https:\\\/\\\/marktxxl.de\\\/markt\\\/produkt\\\/externe-ssd-2-tb-tragbares-solid-state-drive-usb-3-1-typ-c-fuer-pc-mac-windows-linux-und-smart-tv-schwarz\\\/\",\"url\":\"https:\\\/\\\/marktxxl.de\\\/markt\\\/produkt\\\/externe-ssd-2-tb-tragbares-solid-state-drive-usb-3-1-typ-c-fuer-pc-mac-windows-linux-und-smart-tv-schwarz\\\/\",\"name\":\"Externe SSD, 2 TB, tragbares Solid State Drive, USB 3.1 Typ C f\u00fcr PC, Mac, Windows, Linux und Smart TV - Schwarz - Markt-XXL\",\"isPartOf\":{\"@id\":\"https:\\\/\\\/marktxxl.de\\\/markt\\\/#website\"},\"primaryImageOfPage\":{\"@id\":\"https:\\\/\\\/marktxxl.de\\\/markt\\\/produkt\\\/externe-ssd-2-tb-tragbares-solid-state-drive-usb-3-1-typ-c-fuer-pc-mac-windows-linux-und-smart-tv-schwarz\\\/#primaryimage\"},\"image\":{\"@id\":\"https:\\\/\\\/marktxxl.de\\\/markt\\\/produkt\\\/externe-ssd-2-tb-tragbares-solid-state-drive-usb-3-1-typ-c-fuer-pc-mac-windows-linux-und-smart-tv-schwarz\\\/#primaryimage\"},\"thumbnailUrl\":\"https:\\\/\\\/m.media-amazon.com\\\/images\\\/I\\\/31bP3n9aEuS._SL500_.jpg\",\"datePublished\":\"2021-11-25T14:06:42+00:00\",\"dateModified\":\"2023-04-11T00:51:24+00:00\",\"description\":\"Markt-XXL Externe SSD, 2 TB, tragbares Solid State Drive, USB 3.1 Typ C f\u00fcr PC, Mac, Windows, Linux und Smart TV - Schwarz\",\"breadcrumb\":{\"@id\":\"https:\\\/\\\/marktxxl.de\\\/markt\\\/produkt\\\/externe-ssd-2-tb-tragbares-solid-state-drive-usb-3-1-typ-c-fuer-pc-mac-windows-linux-und-smart-tv-schwarz\\\/#breadcrumb\"},\"inLanguage\":\"de\",\"potentialAction\":[{\"@type\":\"ReadAction\",\"target\":[\"https:\\\/\\\/marktxxl.de\\\/markt\\\/produkt\\\/externe-ssd-2-tb-tragbares-solid-state-drive-usb-3-1-typ-c-fuer-pc-mac-windows-linux-und-smart-tv-schwarz\\\/\"]}]},{\"@type\":\"ImageObject\",\"inLanguage\":\"de\",\"@id\":\"https:\\\/\\\/marktxxl.de\\\/markt\\\/produkt\\\/externe-ssd-2-tb-tragbares-solid-state-drive-usb-3-1-typ-c-fuer-pc-mac-windows-linux-und-smart-tv-schwarz\\\/#primaryimage\",\"url\":\"https:\\\/\\\/m.media-amazon.com\\\/images\\\/I\\\/31bP3n9aEuS._SL500_.jpg\",\"contentUrl\":\"https:\\\/\\\/m.media-amazon.com\\\/images\\\/I\\\/31bP3n9aEuS._SL500_.jpg\",\"width\":377,\"height\":500},{\"@type\":\"BreadcrumbList\",\"@id\":\"https:\\\/\\\/marktxxl.de\\\/markt\\\/produkt\\\/externe-ssd-2-tb-tragbares-solid-state-drive-usb-3-1-typ-c-fuer-pc-mac-windows-linux-und-smart-tv-schwarz\\\/#breadcrumb\",\"itemListElement\":[{\"@type\":\"ListItem\",\"position\":1,\"name\":\"Startseite\",\"item\":\"https:\\\/\\\/marktxxl.de\\\/markt\\\/\"},{\"@type\":\"ListItem\",\"position\":2,\"name\":\"Markt\",\"item\":\"https:\\\/\\\/marktxxl.de\\\/markt\\\/\"},{\"@type\":\"ListItem\",\"position\":3,\"name\":\"Externe SSD, 2 TB, tragbares Solid State Drive, USB 3.1 Typ C f\u00fcr PC, Mac, Windows, Linux und Smart TV &#8211; Schwarz\"}]},{\"@type\":\"WebSite\",\"@id\":\"https:\\\/\\\/marktxxl.de\\\/markt\\\/#website\",\"url\":\"https:\\\/\\\/marktxxl.de\\\/markt\\\/\",\"name\":\"Markt-XXL\",\"description\":\"Ihr Markt Online\",\"publisher\":{\"@id\":\"https:\\\/\\\/marktxxl.de\\\/markt\\\/#organization\"},\"potentialAction\":[{\"@type\":\"SearchAction\",\"target\":{\"@type\":\"EntryPoint\",\"urlTemplate\":\"https:\\\/\\\/marktxxl.de\\\/markt\\\/?s={search_term_string}\"},\"query-input\":{\"@type\":\"PropertyValueSpecification\",\"valueRequired\":true,\"valueName\":\"search_term_string\"}}],\"inLanguage\":\"de\"},{\"@type\":\"Organization\",\"@id\":\"https:\\\/\\\/marktxxl.de\\\/markt\\\/#organization\",\"name\":\"Markt-XXL\",\"url\":\"https:\\\/\\\/marktxxl.de\\\/markt\\\/\",\"logo\":{\"@type\":\"ImageObject\",\"inLanguage\":\"de\",\"@id\":\"https:\\\/\\\/marktxxl.de\\\/markt\\\/#\\\/schema\\\/logo\\\/image\\\/\",\"url\":\"https:\\\/\\\/marktxxl.de\\\/markt\\\/wp-content\\\/uploads\\\/sites\\\/3\\\/2020\\\/12\\\/logo.png\",\"contentUrl\":\"https:\\\/\\\/marktxxl.de\\\/markt\\\/wp-content\\\/uploads\\\/sites\\\/3\\\/2020\\\/12\\\/logo.png\",\"width\":200,\"height\":70,\"caption\":\"Markt-XXL\"},\"image\":{\"@id\":\"https:\\\/\\\/marktxxl.de\\\/markt\\\/#\\\/schema\\\/logo\\\/image\\\/\"}}]}<\/script>\n<!-- \/ Yoast SEO plugin. -->","yoast_head_json":{"title":"Externe SSD, 2 TB, tragbares Solid State Drive, USB 3.1 Typ C f\u00fcr PC, Mac, Windows, Linux und Smart TV - Schwarz - Markt-XXL","description":"Markt-XXL Externe SSD, 2 TB, tragbares Solid State Drive, USB 3.1 Typ C f\u00fcr PC, Mac, Windows, Linux und Smart TV - Schwarz","robots":{"index":"index","follow":"follow","max-snippet":"max-snippet:-1","max-image-preview":"max-image-preview:large","max-video-preview":"max-video-preview:-1"},"canonical":"https:\/\/marktxxl.de\/markt\/produkt\/externe-ssd-2-tb-tragbares-solid-state-drive-usb-3-1-typ-c-fuer-pc-mac-windows-linux-und-smart-tv-schwarz\/","og_locale":"de_DE","og_type":"article","og_title":"Externe SSD, 2 TB, tragbares Solid State Drive, USB 3.1 Typ C f\u00fcr PC, Mac, Windows, Linux und Smart TV - Schwarz - Markt-XXL","og_description":"Markt-XXL Externe SSD, 2 TB, tragbares Solid State Drive, USB 3.1 Typ C f\u00fcr PC, Mac, Windows, Linux und Smart TV - Schwarz","og_url":"https:\/\/marktxxl.de\/markt\/produkt\/externe-ssd-2-tb-tragbares-solid-state-drive-usb-3-1-typ-c-fuer-pc-mac-windows-linux-und-smart-tv-schwarz\/","og_site_name":"Markt-XXL","article_modified_time":"2023-04-11T00:51:24+00:00","og_image":[{"width":377,"height":500,"url":"https:\/\/m.media-amazon.com\/images\/I\/31bP3n9aEuS._SL500_.jpg","type":"image\/jpeg"}],"twitter_card":"summary_large_image","twitter_misc":{"Gesch\u00e4tzte Lesezeit":"1\u00a0Minute"},"schema":{"@context":"https:\/\/schema.org","@graph":[{"@type":"WebPage","@id":"https:\/\/marktxxl.de\/markt\/produkt\/externe-ssd-2-tb-tragbares-solid-state-drive-usb-3-1-typ-c-fuer-pc-mac-windows-linux-und-smart-tv-schwarz\/","url":"https:\/\/marktxxl.de\/markt\/produkt\/externe-ssd-2-tb-tragbares-solid-state-drive-usb-3-1-typ-c-fuer-pc-mac-windows-linux-und-smart-tv-schwarz\/","name":"Externe SSD, 2 TB, tragbares Solid State Drive, USB 3.1 Typ C f\u00fcr PC, Mac, Windows, Linux und Smart TV - Schwarz - Markt-XXL","isPartOf":{"@id":"https:\/\/marktxxl.de\/markt\/#website"},"primaryImageOfPage":{"@id":"https:\/\/marktxxl.de\/markt\/produkt\/externe-ssd-2-tb-tragbares-solid-state-drive-usb-3-1-typ-c-fuer-pc-mac-windows-linux-und-smart-tv-schwarz\/#primaryimage"},"image":{"@id":"https:\/\/marktxxl.de\/markt\/produkt\/externe-ssd-2-tb-tragbares-solid-state-drive-usb-3-1-typ-c-fuer-pc-mac-windows-linux-und-smart-tv-schwarz\/#primaryimage"},"thumbnailUrl":"https:\/\/m.media-amazon.com\/images\/I\/31bP3n9aEuS._SL500_.jpg","datePublished":"2021-11-25T14:06:42+00:00","dateModified":"2023-04-11T00:51:24+00:00","description":"Markt-XXL Externe SSD, 2 TB, tragbares Solid State Drive, USB 3.1 Typ C f\u00fcr PC, Mac, Windows, Linux und Smart TV - Schwarz","breadcrumb":{"@id":"https:\/\/marktxxl.de\/markt\/produkt\/externe-ssd-2-tb-tragbares-solid-state-drive-usb-3-1-typ-c-fuer-pc-mac-windows-linux-und-smart-tv-schwarz\/#breadcrumb"},"inLanguage":"de","potentialAction":[{"@type":"ReadAction","target":["https:\/\/marktxxl.de\/markt\/produkt\/externe-ssd-2-tb-tragbares-solid-state-drive-usb-3-1-typ-c-fuer-pc-mac-windows-linux-und-smart-tv-schwarz\/"]}]},{"@type":"ImageObject","inLanguage":"de","@id":"https:\/\/marktxxl.de\/markt\/produkt\/externe-ssd-2-tb-tragbares-solid-state-drive-usb-3-1-typ-c-fuer-pc-mac-windows-linux-und-smart-tv-schwarz\/#primaryimage","url":"https:\/\/m.media-amazon.com\/images\/I\/31bP3n9aEuS._SL500_.jpg","contentUrl":"https:\/\/m.media-amazon.com\/images\/I\/31bP3n9aEuS._SL500_.jpg","width":377,"height":500},{"@type":"BreadcrumbList","@id":"https:\/\/marktxxl.de\/markt\/produkt\/externe-ssd-2-tb-tragbares-solid-state-drive-usb-3-1-typ-c-fuer-pc-mac-windows-linux-und-smart-tv-schwarz\/#breadcrumb","itemListElement":[{"@type":"ListItem","position":1,"name":"Startseite","item":"https:\/\/marktxxl.de\/markt\/"},{"@type":"ListItem","position":2,"name":"Markt","item":"https:\/\/marktxxl.de\/markt\/"},{"@type":"ListItem","position":3,"name":"Externe SSD, 2 TB, tragbares Solid State Drive, USB 3.1 Typ C f\u00fcr PC, Mac, Windows, Linux und Smart TV &#8211; Schwarz"}]},{"@type":"WebSite","@id":"https:\/\/marktxxl.de\/markt\/#website","url":"https:\/\/marktxxl.de\/markt\/","name":"Markt-XXL","description":"Ihr Markt Online","publisher":{"@id":"https:\/\/marktxxl.de\/markt\/#organization"},"potentialAction":[{"@type":"SearchAction","target":{"@type":"EntryPoint","urlTemplate":"https:\/\/marktxxl.de\/markt\/?s={search_term_string}"},"query-input":{"@type":"PropertyValueSpecification","valueRequired":true,"valueName":"search_term_string"}}],"inLanguage":"de"},{"@type":"Organization","@id":"https:\/\/marktxxl.de\/markt\/#organization","name":"Markt-XXL","url":"https:\/\/marktxxl.de\/markt\/","logo":{"@type":"ImageObject","inLanguage":"de","@id":"https:\/\/marktxxl.de\/markt\/#\/schema\/logo\/image\/","url":"https:\/\/marktxxl.de\/markt\/wp-content\/uploads\/sites\/3\/2020\/12\/logo.png","contentUrl":"https:\/\/marktxxl.de\/markt\/wp-content\/uploads\/sites\/3\/2020\/12\/logo.png","width":200,"height":70,"caption":"Markt-XXL"},"image":{"@id":"https:\/\/marktxxl.de\/markt\/#\/schema\/logo\/image\/"}}]}},"_links":{"self":[{"href":"https:\/\/marktxxl.de\/markt\/wp-json\/wp\/v2\/product\/77180","targetHints":{"allow":["GET"]}}],"collection":[{"href":"https:\/\/marktxxl.de\/markt\/wp-json\/wp\/v2\/product"}],"about":[{"href":"https:\/\/marktxxl.de\/markt\/wp-json\/wp\/v2\/types\/product"}],"replies":[{"embeddable":true,"href":"https:\/\/marktxxl.de\/markt\/wp-json\/wp\/v2\/comments?post=77180"}],"wp:featuredmedia":[{"embeddable":true,"href":"https:\/\/marktxxl.de\/markt\/wp-json\/wp\/v2\/media\/77181"}],"wp:attachment":[{"href":"https:\/\/marktxxl.de\/markt\/wp-json\/wp\/v2\/media?parent=77180"}],"wp:term":[{"taxonomy":"product_brand","embeddable":true,"href":"https:\/\/marktxxl.de\/markt\/wp-json\/wp\/v2\/product_brand?post=77180"},{"taxonomy":"product_cat","embeddable":true,"href":"https:\/\/marktxxl.de\/markt\/wp-json\/wp\/v2\/product_cat?post=77180"},{"taxonomy":"product_tag","embeddable":true,"href":"https:\/\/marktxxl.de\/markt\/wp-json\/wp\/v2\/product_tag?post=77180"}],"curies":[{"name":"wp","href":"https:\/\/api.w.org\/{rel}","templated":true}]}}