{"id":77154,"date":"2021-11-25T15:06:29","date_gmt":"2021-11-25T14:06:29","guid":{"rendered":"https:\/\/marktxxl.de\/markt\/produkt\/newhey-laptop-rucksack-17-zoll-mit-kabeltasche-rucksack-herren-arbeit-wasserdicht-gross-schulrucksack-jungen-teenager-mit-usb-ladeanschluss-notebook-rucksack-backpack-schwarz\/"},"modified":"2023-04-11T02:51:24","modified_gmt":"2023-04-11T00:51:24","slug":"newhey-laptop-rucksack-17-zoll-mit-kabeltasche-rucksack-herren-arbeit-wasserdicht-gross-schulrucksack-jungen-teenager-mit-usb-ladeanschluss-notebook-rucksack-backpack-schwarz","status":"publish","type":"product","link":"https:\/\/marktxxl.de\/markt\/produkt\/newhey-laptop-rucksack-17-zoll-mit-kabeltasche-rucksack-herren-arbeit-wasserdicht-gross-schulrucksack-jungen-teenager-mit-usb-ladeanschluss-notebook-rucksack-backpack-schwarz\/","title":{"rendered":"NEWHEY Laptop Rucksack 17 Zoll mit Kabeltasche Rucksack Herren Arbeit Wasserdicht Gro\u00df Schulrucksack Jungen Teenager mit\u2026"},"content":{"rendered":"<p>\u2708\u3010GRO\u00dfE KAPAZIT\u00c4T RUCKSACK\u3011 Gr\u00f6\u00dfe des extra gro\u00dfen Herrenrucksacks: 19,7&#8243; x 14,1&#8243; x 9,4&#8243;(50 *36 *24 cm), Kapazit\u00e4t von 45 Liter. Ausgestattet mit einem separaten Laptop-Fach und iPad-Fach kann es einen 13-17,3-Zoll-Laptop sowie ein iPad aufnehmen. Ger\u00e4umiges Fach bietet Platz f\u00fcr den t\u00e4glichen Bedarf und elektronisches High-Tech-Zubeh\u00f6r. Mehrere Taschen, Stifttaschen und Netztaschen \u200bim Inneren, um Ihre Sachen organisiert zu halten. Idealer laptop rucksack f\u00fcr die High School und das College.<br \/>\n\u2708\u3010KABELTASCHE\u3011Der 17 Zoll Laptop Rucksack tr\u00e4gt eine ma\u00dfgeschneiderte Kabelaufbewahrungstasche, leicht mit gro\u00dfem Format: 10,2 x 7,1 Zoll. Es hat zwei separate Innentaschen, eine Netztasche f\u00fcr Ihr kleines Gadget, wie zum Beispiel Powerbank, Handy-Ladeger\u00e4t, Kabel, Laptop-Adapter, USB-Kabellaufwerk, Maus usw. aufnehmen. Bewahren Sie alle Ihre Utensilien an einem Ort auf, und die umlaufende Rei\u00dfverschluss\u00f6ffnung erleichtert es Ihnen, das Gesuchte leicht zu finden.<br \/>\n\u2708\u3010PRAKTISCH UND N\u00dcTZLICH\u3011Der Laptop Rucksack ist mit einem USB-Ladeanschluss und einer Kopfh\u00f6rerbuchse an der Au\u00dfenseite des Rucksacks ausgestattet und erm\u00f6glicht es Ihnen, unterwegs bequem aufzuladen und jederzeit Musik zu genie\u00dfen. RFID-Taschen blockieren RFID-Leseger\u00e4te vor elektronischen Signalen und unbefugten Scans, um Ihre Identit\u00e4t oder pers\u00f6nliche Informationen zu sch\u00fctzen. Au\u00dferdem erm\u00f6glicht der Gep\u00e4ckriemen das Anbringen des Rucksacks am Gep\u00e4ck \/ Koffer.<br \/>\n\u2708\u3010ATEMBAR UND KOMFORTABEL\u3011Die gepolsterte und atmungsaktive Netzr\u00fcckseite dieses laptop rucksack-Designs hilft bei der Luftkonvektion, Bel\u00fcftung und W\u00e4rmeableitung.Das komfortable und atmungsaktive Schwammgewebe R\u00fcckenkonstruktion und verstellbare s-f\u00f6rmige Schultergurte helfen, den Druck auf die Schulterr\u00fcckseite zu entlasten und f\u00fcr maximalen Komfort zu sorgen.<br \/>\n\u2708\u3010HOCHWERTIGES MATERIAL und MEHRZWECK\u3011Der NEWHEY Laptop Rucksack aus hochwertigem Polyestergewebe mit hochdichtem Nylonfutter f\u00fcr bessere TEAR- und WASSERBEST\u00c4NDIGKEIT und einen robusten Rucksack, ideal um auf Reisen oder auf Gesch\u00e4ftsreise in einem Flugzeug unter den Sitz zu werfen. Mit doppelseitigem, glattem SBS-Rei\u00dfverschluss und verst\u00e4rkten N\u00e4hten kann es an regnerischen Tagen mehr Sicherheit und Schutz f\u00fcr Ihre Sachen bieten.<br \/>\n<div class=\"main-cross-sell\" data-asin=\"B09D2WZ7PN\">\n\n\t<div class=\"WooZone-cross-sell-loader\">\n\t\t<div>\n\t\t\t<div id=\"floatingBarsG\">\n\t\t\t\t<div class=\"blockG\" id=\"rotateG_01\"><\/div>\n\t\t\t\t<div class=\"blockG\" id=\"rotateG_02\"><\/div>\n\t\t\t\t<div class=\"blockG\" id=\"rotateG_03\"><\/div>\n\t\t\t\t<div class=\"blockG\" id=\"rotateG_04\"><\/div>\n\t\t\t\t<div class=\"blockG\" id=\"rotateG_05\"><\/div>\n\t\t\t\t<div class=\"blockG\" id=\"rotateG_06\"><\/div>\n\t\t\t\t<div class=\"blockG\" id=\"rotateG_07\"><\/div>\n\t\t\t\t<div class=\"blockG\" id=\"rotateG_08\"><\/div>\n\t\t\t<\/div>\n\t\t\t<div class=\"WooZone-cross-sell-loader-text\"><\/div>\n\t\t<\/div>\n\t<\/div>\n\n\t\t\n<\/div>\n<div style=\"clear:both;\"><\/div><\/p>\n","protected":false},"excerpt":{"rendered":"<p>\u2708\u3010GRO\u00dfE KAPAZIT\u00c4T RUCKSACK\u3011 Gr\u00f6\u00dfe des extra gro\u00dfen Herrenrucksacks: 19,7&#8243; x 14,1&#8243; x 9,4&#8243;(50 *36 *24 cm), Kapazit\u00e4t von 45 Liter. Ausgestattet mit einem separaten Laptop-Fach und iPad-Fach kann es einen 13-17,3-Zoll-Laptop sowie ein iPad aufnehmen. Ger\u00e4umiges Fach bietet Platz f\u00fcr den t\u00e4glichen Bedarf und elektronisches High-Tech-Zubeh\u00f6r. Mehrere Taschen, Stifttaschen und Netztaschen \u200bim Inneren, um Ihre Sachen organisiert zu halten. Idealer laptop rucksack f\u00fcr die High School und das College.<br \/>\n\u2708\u3010KABELTASCHE\u3011Der 17 Zoll Laptop Rucksack tr\u00e4gt eine ma\u00dfgeschneiderte Kabelaufbewahrungstasche, leicht mit gro\u00dfem Format: 10,2 x 7,1 Zoll. Es hat zwei separate Innentaschen, eine Netztasche f\u00fcr Ihr kleines Gadget, wie zum Beispiel Powerbank, Handy-Ladeger\u00e4t, Kabel, Laptop-Adapter, USB-Kabellaufwerk, Maus usw. aufnehmen. Bewahren Sie alle Ihre Utensilien an einem Ort auf, und die umlaufende Rei\u00dfverschluss\u00f6ffnung erleichtert es Ihnen, das Gesuchte leicht zu finden.<br \/>\n\u2708\u3010PRAKTISCH UND N\u00dcTZLICH\u3011Der Laptop Rucksack ist mit einem USB-Ladeanschluss und einer Kopfh\u00f6rerbuchse an der Au\u00dfenseite des Rucksacks ausgestattet und erm\u00f6glicht es Ihnen, unterwegs bequem aufzuladen und jederzeit Musik zu genie\u00dfen. RFID-Taschen blockieren RFID-Leseger\u00e4te vor elektronischen Signalen und unbefugten Scans, um Ihre Identit\u00e4t oder pers\u00f6nliche Informationen zu sch\u00fctzen. Au\u00dferdem erm\u00f6glicht der Gep\u00e4ckriemen das Anbringen des Rucksacks am Gep\u00e4ck \/ Koffer.<\/p>\n","protected":false},"featured_media":77155,"comment_status":"open","ping_status":"closed","template":"","meta":[],"product_brand":[],"product_cat":[863],"product_tag":[],"class_list":{"0":"post-77154","1":"product","2":"type-product","3":"status-publish","4":"has-post-thumbnail","6":"product_cat-computer-zubehoer","7":"pa_brand-newhey","8":"pa_color-schwarz","9":"pa_manufacturer-newhey","10":"pa_weight-1-763698096-pfund","12":"first","13":"instock","14":"shipping-taxable","15":"purchasable","16":"product-type-simple","17":"customify-col","18":"product-has-gallery"},"yoast_head":"<!-- This site is optimized with the Yoast SEO plugin v27.3 - https:\/\/yoast.com\/product\/yoast-seo-wordpress\/ -->\n<title>NEWHEY Laptop Rucksack 17 Zoll mit Kabeltasche Rucksack Herren Arbeit Wasserdicht Gro\u00df Schulrucksack Jungen Teenager mit\u2026 - Markt-XXL<\/title>\n<meta name=\"description\" content=\"Markt-XXL NEWHEY Laptop Rucksack 17 Zoll mit Kabeltasche Rucksack Herren Arbeit Wasserdicht Gro\u00df Schulrucksack Jungen Teenager mit\u2026\" \/>\n<meta name=\"robots\" content=\"index, follow, max-snippet:-1, max-image-preview:large, max-video-preview:-1\" \/>\n<link rel=\"canonical\" href=\"https:\/\/marktxxl.de\/markt\/produkt\/newhey-laptop-rucksack-17-zoll-mit-kabeltasche-rucksack-herren-arbeit-wasserdicht-gross-schulrucksack-jungen-teenager-mit-usb-ladeanschluss-notebook-rucksack-backpack-schwarz\/\" \/>\n<meta property=\"og:locale\" content=\"de_DE\" \/>\n<meta property=\"og:type\" content=\"article\" \/>\n<meta property=\"og:title\" content=\"NEWHEY Laptop Rucksack 17 Zoll mit Kabeltasche Rucksack Herren Arbeit Wasserdicht Gro\u00df Schulrucksack Jungen Teenager mit\u2026 - Markt-XXL\" \/>\n<meta property=\"og:description\" content=\"Markt-XXL NEWHEY Laptop Rucksack 17 Zoll mit Kabeltasche Rucksack Herren Arbeit Wasserdicht Gro\u00df Schulrucksack Jungen Teenager mit\u2026\" \/>\n<meta property=\"og:url\" content=\"https:\/\/marktxxl.de\/markt\/produkt\/newhey-laptop-rucksack-17-zoll-mit-kabeltasche-rucksack-herren-arbeit-wasserdicht-gross-schulrucksack-jungen-teenager-mit-usb-ladeanschluss-notebook-rucksack-backpack-schwarz\/\" \/>\n<meta property=\"og:site_name\" content=\"Markt-XXL\" \/>\n<meta property=\"article:modified_time\" content=\"2023-04-11T00:51:24+00:00\" \/>\n<meta property=\"og:image\" content=\"https:\/\/m.media-amazon.com\/images\/I\/41lv6gwT6oL._SL500_.jpg\" \/>\n\t<meta property=\"og:image:width\" content=\"500\" \/>\n\t<meta property=\"og:image:height\" content=\"500\" \/>\n\t<meta property=\"og:image:type\" content=\"image\/jpeg\" \/>\n<meta name=\"twitter:card\" content=\"summary_large_image\" \/>\n<meta name=\"twitter:label1\" content=\"Gesch\u00e4tzte Lesezeit\" \/>\n\t<meta name=\"twitter:data1\" content=\"2\u00a0Minuten\" \/>\n<script type=\"application\/ld+json\" class=\"yoast-schema-graph\">{\"@context\":\"https:\\\/\\\/schema.org\",\"@graph\":[{\"@type\":\"WebPage\",\"@id\":\"https:\\\/\\\/marktxxl.de\\\/markt\\\/produkt\\\/newhey-laptop-rucksack-17-zoll-mit-kabeltasche-rucksack-herren-arbeit-wasserdicht-gross-schulrucksack-jungen-teenager-mit-usb-ladeanschluss-notebook-rucksack-backpack-schwarz\\\/\",\"url\":\"https:\\\/\\\/marktxxl.de\\\/markt\\\/produkt\\\/newhey-laptop-rucksack-17-zoll-mit-kabeltasche-rucksack-herren-arbeit-wasserdicht-gross-schulrucksack-jungen-teenager-mit-usb-ladeanschluss-notebook-rucksack-backpack-schwarz\\\/\",\"name\":\"NEWHEY Laptop Rucksack 17 Zoll mit Kabeltasche Rucksack Herren Arbeit Wasserdicht Gro\u00df Schulrucksack Jungen Teenager mit\u2026 - Markt-XXL\",\"isPartOf\":{\"@id\":\"https:\\\/\\\/marktxxl.de\\\/markt\\\/#website\"},\"primaryImageOfPage\":{\"@id\":\"https:\\\/\\\/marktxxl.de\\\/markt\\\/produkt\\\/newhey-laptop-rucksack-17-zoll-mit-kabeltasche-rucksack-herren-arbeit-wasserdicht-gross-schulrucksack-jungen-teenager-mit-usb-ladeanschluss-notebook-rucksack-backpack-schwarz\\\/#primaryimage\"},\"image\":{\"@id\":\"https:\\\/\\\/marktxxl.de\\\/markt\\\/produkt\\\/newhey-laptop-rucksack-17-zoll-mit-kabeltasche-rucksack-herren-arbeit-wasserdicht-gross-schulrucksack-jungen-teenager-mit-usb-ladeanschluss-notebook-rucksack-backpack-schwarz\\\/#primaryimage\"},\"thumbnailUrl\":\"https:\\\/\\\/m.media-amazon.com\\\/images\\\/I\\\/41lv6gwT6oL._SL500_.jpg\",\"datePublished\":\"2021-11-25T14:06:29+00:00\",\"dateModified\":\"2023-04-11T00:51:24+00:00\",\"description\":\"Markt-XXL NEWHEY Laptop Rucksack 17 Zoll mit Kabeltasche Rucksack Herren Arbeit Wasserdicht Gro\u00df Schulrucksack Jungen Teenager mit\u2026\",\"breadcrumb\":{\"@id\":\"https:\\\/\\\/marktxxl.de\\\/markt\\\/produkt\\\/newhey-laptop-rucksack-17-zoll-mit-kabeltasche-rucksack-herren-arbeit-wasserdicht-gross-schulrucksack-jungen-teenager-mit-usb-ladeanschluss-notebook-rucksack-backpack-schwarz\\\/#breadcrumb\"},\"inLanguage\":\"de\",\"potentialAction\":[{\"@type\":\"ReadAction\",\"target\":[\"https:\\\/\\\/marktxxl.de\\\/markt\\\/produkt\\\/newhey-laptop-rucksack-17-zoll-mit-kabeltasche-rucksack-herren-arbeit-wasserdicht-gross-schulrucksack-jungen-teenager-mit-usb-ladeanschluss-notebook-rucksack-backpack-schwarz\\\/\"]}]},{\"@type\":\"ImageObject\",\"inLanguage\":\"de\",\"@id\":\"https:\\\/\\\/marktxxl.de\\\/markt\\\/produkt\\\/newhey-laptop-rucksack-17-zoll-mit-kabeltasche-rucksack-herren-arbeit-wasserdicht-gross-schulrucksack-jungen-teenager-mit-usb-ladeanschluss-notebook-rucksack-backpack-schwarz\\\/#primaryimage\",\"url\":\"https:\\\/\\\/m.media-amazon.com\\\/images\\\/I\\\/41lv6gwT6oL._SL500_.jpg\",\"contentUrl\":\"https:\\\/\\\/m.media-amazon.com\\\/images\\\/I\\\/41lv6gwT6oL._SL500_.jpg\",\"width\":500,\"height\":500},{\"@type\":\"BreadcrumbList\",\"@id\":\"https:\\\/\\\/marktxxl.de\\\/markt\\\/produkt\\\/newhey-laptop-rucksack-17-zoll-mit-kabeltasche-rucksack-herren-arbeit-wasserdicht-gross-schulrucksack-jungen-teenager-mit-usb-ladeanschluss-notebook-rucksack-backpack-schwarz\\\/#breadcrumb\",\"itemListElement\":[{\"@type\":\"ListItem\",\"position\":1,\"name\":\"Startseite\",\"item\":\"https:\\\/\\\/marktxxl.de\\\/markt\\\/\"},{\"@type\":\"ListItem\",\"position\":2,\"name\":\"Markt\",\"item\":\"https:\\\/\\\/marktxxl.de\\\/markt\\\/\"},{\"@type\":\"ListItem\",\"position\":3,\"name\":\"NEWHEY Laptop Rucksack 17 Zoll mit Kabeltasche Rucksack Herren Arbeit Wasserdicht Gro\u00df Schulrucksack Jungen Teenager mit\u2026\"}]},{\"@type\":\"WebSite\",\"@id\":\"https:\\\/\\\/marktxxl.de\\\/markt\\\/#website\",\"url\":\"https:\\\/\\\/marktxxl.de\\\/markt\\\/\",\"name\":\"Markt-XXL\",\"description\":\"Ihr Markt Online\",\"publisher\":{\"@id\":\"https:\\\/\\\/marktxxl.de\\\/markt\\\/#organization\"},\"potentialAction\":[{\"@type\":\"SearchAction\",\"target\":{\"@type\":\"EntryPoint\",\"urlTemplate\":\"https:\\\/\\\/marktxxl.de\\\/markt\\\/?s={search_term_string}\"},\"query-input\":{\"@type\":\"PropertyValueSpecification\",\"valueRequired\":true,\"valueName\":\"search_term_string\"}}],\"inLanguage\":\"de\"},{\"@type\":\"Organization\",\"@id\":\"https:\\\/\\\/marktxxl.de\\\/markt\\\/#organization\",\"name\":\"Markt-XXL\",\"url\":\"https:\\\/\\\/marktxxl.de\\\/markt\\\/\",\"logo\":{\"@type\":\"ImageObject\",\"inLanguage\":\"de\",\"@id\":\"https:\\\/\\\/marktxxl.de\\\/markt\\\/#\\\/schema\\\/logo\\\/image\\\/\",\"url\":\"https:\\\/\\\/marktxxl.de\\\/markt\\\/wp-content\\\/uploads\\\/sites\\\/3\\\/2020\\\/12\\\/logo.png\",\"contentUrl\":\"https:\\\/\\\/marktxxl.de\\\/markt\\\/wp-content\\\/uploads\\\/sites\\\/3\\\/2020\\\/12\\\/logo.png\",\"width\":200,\"height\":70,\"caption\":\"Markt-XXL\"},\"image\":{\"@id\":\"https:\\\/\\\/marktxxl.de\\\/markt\\\/#\\\/schema\\\/logo\\\/image\\\/\"}}]}<\/script>\n<!-- \/ Yoast SEO plugin. -->","yoast_head_json":{"title":"NEWHEY Laptop Rucksack 17 Zoll mit Kabeltasche Rucksack Herren Arbeit Wasserdicht Gro\u00df Schulrucksack Jungen Teenager mit\u2026 - Markt-XXL","description":"Markt-XXL NEWHEY Laptop Rucksack 17 Zoll mit Kabeltasche Rucksack Herren Arbeit Wasserdicht Gro\u00df Schulrucksack Jungen Teenager mit\u2026","robots":{"index":"index","follow":"follow","max-snippet":"max-snippet:-1","max-image-preview":"max-image-preview:large","max-video-preview":"max-video-preview:-1"},"canonical":"https:\/\/marktxxl.de\/markt\/produkt\/newhey-laptop-rucksack-17-zoll-mit-kabeltasche-rucksack-herren-arbeit-wasserdicht-gross-schulrucksack-jungen-teenager-mit-usb-ladeanschluss-notebook-rucksack-backpack-schwarz\/","og_locale":"de_DE","og_type":"article","og_title":"NEWHEY Laptop Rucksack 17 Zoll mit Kabeltasche Rucksack Herren Arbeit Wasserdicht Gro\u00df Schulrucksack Jungen Teenager mit\u2026 - Markt-XXL","og_description":"Markt-XXL NEWHEY Laptop Rucksack 17 Zoll mit Kabeltasche Rucksack Herren Arbeit Wasserdicht Gro\u00df Schulrucksack Jungen Teenager mit\u2026","og_url":"https:\/\/marktxxl.de\/markt\/produkt\/newhey-laptop-rucksack-17-zoll-mit-kabeltasche-rucksack-herren-arbeit-wasserdicht-gross-schulrucksack-jungen-teenager-mit-usb-ladeanschluss-notebook-rucksack-backpack-schwarz\/","og_site_name":"Markt-XXL","article_modified_time":"2023-04-11T00:51:24+00:00","og_image":[{"width":500,"height":500,"url":"https:\/\/m.media-amazon.com\/images\/I\/41lv6gwT6oL._SL500_.jpg","type":"image\/jpeg"}],"twitter_card":"summary_large_image","twitter_misc":{"Gesch\u00e4tzte Lesezeit":"2\u00a0Minuten"},"schema":{"@context":"https:\/\/schema.org","@graph":[{"@type":"WebPage","@id":"https:\/\/marktxxl.de\/markt\/produkt\/newhey-laptop-rucksack-17-zoll-mit-kabeltasche-rucksack-herren-arbeit-wasserdicht-gross-schulrucksack-jungen-teenager-mit-usb-ladeanschluss-notebook-rucksack-backpack-schwarz\/","url":"https:\/\/marktxxl.de\/markt\/produkt\/newhey-laptop-rucksack-17-zoll-mit-kabeltasche-rucksack-herren-arbeit-wasserdicht-gross-schulrucksack-jungen-teenager-mit-usb-ladeanschluss-notebook-rucksack-backpack-schwarz\/","name":"NEWHEY Laptop Rucksack 17 Zoll mit Kabeltasche Rucksack Herren Arbeit Wasserdicht Gro\u00df Schulrucksack Jungen Teenager mit\u2026 - Markt-XXL","isPartOf":{"@id":"https:\/\/marktxxl.de\/markt\/#website"},"primaryImageOfPage":{"@id":"https:\/\/marktxxl.de\/markt\/produkt\/newhey-laptop-rucksack-17-zoll-mit-kabeltasche-rucksack-herren-arbeit-wasserdicht-gross-schulrucksack-jungen-teenager-mit-usb-ladeanschluss-notebook-rucksack-backpack-schwarz\/#primaryimage"},"image":{"@id":"https:\/\/marktxxl.de\/markt\/produkt\/newhey-laptop-rucksack-17-zoll-mit-kabeltasche-rucksack-herren-arbeit-wasserdicht-gross-schulrucksack-jungen-teenager-mit-usb-ladeanschluss-notebook-rucksack-backpack-schwarz\/#primaryimage"},"thumbnailUrl":"https:\/\/m.media-amazon.com\/images\/I\/41lv6gwT6oL._SL500_.jpg","datePublished":"2021-11-25T14:06:29+00:00","dateModified":"2023-04-11T00:51:24+00:00","description":"Markt-XXL NEWHEY Laptop Rucksack 17 Zoll mit Kabeltasche Rucksack Herren Arbeit Wasserdicht Gro\u00df Schulrucksack Jungen Teenager mit\u2026","breadcrumb":{"@id":"https:\/\/marktxxl.de\/markt\/produkt\/newhey-laptop-rucksack-17-zoll-mit-kabeltasche-rucksack-herren-arbeit-wasserdicht-gross-schulrucksack-jungen-teenager-mit-usb-ladeanschluss-notebook-rucksack-backpack-schwarz\/#breadcrumb"},"inLanguage":"de","potentialAction":[{"@type":"ReadAction","target":["https:\/\/marktxxl.de\/markt\/produkt\/newhey-laptop-rucksack-17-zoll-mit-kabeltasche-rucksack-herren-arbeit-wasserdicht-gross-schulrucksack-jungen-teenager-mit-usb-ladeanschluss-notebook-rucksack-backpack-schwarz\/"]}]},{"@type":"ImageObject","inLanguage":"de","@id":"https:\/\/marktxxl.de\/markt\/produkt\/newhey-laptop-rucksack-17-zoll-mit-kabeltasche-rucksack-herren-arbeit-wasserdicht-gross-schulrucksack-jungen-teenager-mit-usb-ladeanschluss-notebook-rucksack-backpack-schwarz\/#primaryimage","url":"https:\/\/m.media-amazon.com\/images\/I\/41lv6gwT6oL._SL500_.jpg","contentUrl":"https:\/\/m.media-amazon.com\/images\/I\/41lv6gwT6oL._SL500_.jpg","width":500,"height":500},{"@type":"BreadcrumbList","@id":"https:\/\/marktxxl.de\/markt\/produkt\/newhey-laptop-rucksack-17-zoll-mit-kabeltasche-rucksack-herren-arbeit-wasserdicht-gross-schulrucksack-jungen-teenager-mit-usb-ladeanschluss-notebook-rucksack-backpack-schwarz\/#breadcrumb","itemListElement":[{"@type":"ListItem","position":1,"name":"Startseite","item":"https:\/\/marktxxl.de\/markt\/"},{"@type":"ListItem","position":2,"name":"Markt","item":"https:\/\/marktxxl.de\/markt\/"},{"@type":"ListItem","position":3,"name":"NEWHEY Laptop Rucksack 17 Zoll mit Kabeltasche Rucksack Herren Arbeit Wasserdicht Gro\u00df Schulrucksack Jungen Teenager mit\u2026"}]},{"@type":"WebSite","@id":"https:\/\/marktxxl.de\/markt\/#website","url":"https:\/\/marktxxl.de\/markt\/","name":"Markt-XXL","description":"Ihr Markt Online","publisher":{"@id":"https:\/\/marktxxl.de\/markt\/#organization"},"potentialAction":[{"@type":"SearchAction","target":{"@type":"EntryPoint","urlTemplate":"https:\/\/marktxxl.de\/markt\/?s={search_term_string}"},"query-input":{"@type":"PropertyValueSpecification","valueRequired":true,"valueName":"search_term_string"}}],"inLanguage":"de"},{"@type":"Organization","@id":"https:\/\/marktxxl.de\/markt\/#organization","name":"Markt-XXL","url":"https:\/\/marktxxl.de\/markt\/","logo":{"@type":"ImageObject","inLanguage":"de","@id":"https:\/\/marktxxl.de\/markt\/#\/schema\/logo\/image\/","url":"https:\/\/marktxxl.de\/markt\/wp-content\/uploads\/sites\/3\/2020\/12\/logo.png","contentUrl":"https:\/\/marktxxl.de\/markt\/wp-content\/uploads\/sites\/3\/2020\/12\/logo.png","width":200,"height":70,"caption":"Markt-XXL"},"image":{"@id":"https:\/\/marktxxl.de\/markt\/#\/schema\/logo\/image\/"}}]}},"_links":{"self":[{"href":"https:\/\/marktxxl.de\/markt\/wp-json\/wp\/v2\/product\/77154","targetHints":{"allow":["GET"]}}],"collection":[{"href":"https:\/\/marktxxl.de\/markt\/wp-json\/wp\/v2\/product"}],"about":[{"href":"https:\/\/marktxxl.de\/markt\/wp-json\/wp\/v2\/types\/product"}],"replies":[{"embeddable":true,"href":"https:\/\/marktxxl.de\/markt\/wp-json\/wp\/v2\/comments?post=77154"}],"wp:featuredmedia":[{"embeddable":true,"href":"https:\/\/marktxxl.de\/markt\/wp-json\/wp\/v2\/media\/77155"}],"wp:attachment":[{"href":"https:\/\/marktxxl.de\/markt\/wp-json\/wp\/v2\/media?parent=77154"}],"wp:term":[{"taxonomy":"product_brand","embeddable":true,"href":"https:\/\/marktxxl.de\/markt\/wp-json\/wp\/v2\/product_brand?post=77154"},{"taxonomy":"product_cat","embeddable":true,"href":"https:\/\/marktxxl.de\/markt\/wp-json\/wp\/v2\/product_cat?post=77154"},{"taxonomy":"product_tag","embeddable":true,"href":"https:\/\/marktxxl.de\/markt\/wp-json\/wp\/v2\/product_tag?post=77154"}],"curies":[{"name":"wp","href":"https:\/\/api.w.org\/{rel}","templated":true}]}}