{"id":77130,"date":"2021-11-25T15:06:16","date_gmt":"2021-11-25T14:06:16","guid":{"rendered":"https:\/\/marktxxl.de\/markt\/produkt\/beleuchtete-tastatur-huelle-kompatibel-mit-ipad-mini-6-2021-6-generationqwertz-abnehmbare-bluetooth-tastatur-huelle-mit-pu-lederhuellepencil-halter-fuer-pad-mini-6-83-zoll-schwarz\/"},"modified":"2023-04-11T02:51:24","modified_gmt":"2023-04-11T00:51:24","slug":"beleuchtete-tastatur-huelle-kompatibel-mit-ipad-mini-6-2021-6-generationqwertz-abnehmbare-bluetooth-tastatur-huelle-mit-pu-lederhuellepencil-halter-fuer-pad-mini-6-83-zoll-schwarz","status":"publish","type":"product","link":"https:\/\/marktxxl.de\/markt\/produkt\/beleuchtete-tastatur-huelle-kompatibel-mit-ipad-mini-6-2021-6-generationqwertz-abnehmbare-bluetooth-tastatur-huelle-mit-pu-lederhuellepencil-halter-fuer-pad-mini-6-83-zoll-schwarz\/","title":{"rendered":"Ducerta Beleuchtete Tastatur H\u00fclle Kompatibel mit iPad Mini 6 2021 (6. Generation),QWERTZ Abnehmbare Bluetooth Tastatur\u2026"},"content":{"rendered":"<p>\u3010Tastatur H\u00fclle Kompatibel mit iPad Mini 6\u3011-Die h\u00fclle mit tastatur ist speziell ma\u00dfgeschneidert f\u00fcr Neuen iPad Mini 6. Generation 8.3 Zoll, 2021 Release (Modellnummer: A2567, A2568, A2569) Tablet. nicht kompatibel mit allen anderen iPad Modellen.<br \/>\n\u3010 Tastatur Beleuchtete Deutsches Layout\u3011-Wiederaufladbar Die Tastatur verf\u00fcgt \u00fcber 7 farbige Hintergrundbeleuchtung,Sie k\u00f6nnen die Farbe ganz einfach per Tastenkombination \u00e4ndern.Bringen Sie verschiedene visuelle Erfahrung und komfortable Schreiberfahrung in einer dunklen Umgebung.<br \/>\n\u3010Mehrere Betrachtungswinkel\u3011-Mit diesem stilvollen design k\u00f6nnen sie ihr iPad in weniger als einer sekunde in einen Laptop verwandeln.Das Tastaturholster kann je nach Bedarf in mehreren Winkeln eingestellt werden.Entlasten Sie den Nacken- und Schulterdruck, um bequem zu bekommen.Tastaturh\u00fclle lederh\u00fclle wird es zu einer praktischen St\u00fctze zum Lesen, Tippen, f\u00fcr Videos oder FaceTime Anrufe.<br \/>\n\u3010Elegantes Case mit Stift Schlitz\u3011-Das hochwertige ledergeh\u00e4use sch\u00fctzt Ihr ipad mini 6th vor versehentlichem herunterfallen und st\u00f6\u00dfen.Mit dem integrierten Apple stifthalter k\u00f6nnen sie Ihren iPad stift \u00fcberall hin mitnehmen f\u00fcr arbeit und unterhaltung. (Hinweis: Apple Pencil ist nicht im lieferumfang enthalten.)<br \/>\n\u3010Magnetische abnehmbare Bluetooth-Tastatur\u3011-Die Reichweite der Bluetooth Tastatur ist 10 Meter, verbindet mit Ihrem ipad und anderen Android Ger\u00e4ten (mit Bluetooth Funktion).Magnetisch entfernbare tastatur, sie k\u00f6nnen sie leicht entfernen, wenn sie sie nicht ben\u00f6tigen.Die deutsches tastatur ein sprungmechanismus unter jeden Tasten erm\u00f6glicht eine taktile R\u00fcckmeldung bei jedem Tippen, und helfen Ihnen, schneller und fehlerfreier als auf einem Touchscreen zu schreiben.<br \/>\n<div class=\"main-cross-sell\" data-asin=\"B09JFWDLP3\">\n\n\t<div class=\"WooZone-cross-sell-loader\">\n\t\t<div>\n\t\t\t<div id=\"floatingBarsG\">\n\t\t\t\t<div class=\"blockG\" id=\"rotateG_01\"><\/div>\n\t\t\t\t<div class=\"blockG\" id=\"rotateG_02\"><\/div>\n\t\t\t\t<div class=\"blockG\" id=\"rotateG_03\"><\/div>\n\t\t\t\t<div class=\"blockG\" id=\"rotateG_04\"><\/div>\n\t\t\t\t<div class=\"blockG\" id=\"rotateG_05\"><\/div>\n\t\t\t\t<div class=\"blockG\" id=\"rotateG_06\"><\/div>\n\t\t\t\t<div class=\"blockG\" id=\"rotateG_07\"><\/div>\n\t\t\t\t<div class=\"blockG\" id=\"rotateG_08\"><\/div>\n\t\t\t<\/div>\n\t\t\t<div class=\"WooZone-cross-sell-loader-text\"><\/div>\n\t\t<\/div>\n\t<\/div>\n\n\t\t\n<\/div>\n<div style=\"clear:both;\"><\/div><\/p>\n","protected":false},"excerpt":{"rendered":"<p>\u3010Tastatur H\u00fclle Kompatibel mit iPad Mini 6\u3011-Die h\u00fclle mit tastatur ist speziell ma\u00dfgeschneidert f\u00fcr Neuen iPad Mini 6. Generation 8.3 Zoll, 2021 Release (Modellnummer: A2567, A2568, A2569) Tablet. nicht kompatibel mit allen anderen iPad Modellen.<br \/>\n\u3010 Tastatur Beleuchtete Deutsches Layout\u3011-Wiederaufladbar Die Tastatur verf\u00fcgt \u00fcber 7 farbige Hintergrundbeleuchtung,Sie k\u00f6nnen die Farbe ganz einfach per Tastenkombination \u00e4ndern.Bringen Sie verschiedene visuelle Erfahrung und komfortable Schreiberfahrung in einer dunklen Umgebung.<br \/>\n\u3010Mehrere Betrachtungswinkel\u3011-Mit diesem stilvollen design k\u00f6nnen sie ihr iPad in weniger als einer sekunde in einen Laptop verwandeln.Das Tastaturholster kann je nach Bedarf in mehreren Winkeln eingestellt werden.Entlasten Sie den Nacken- und Schulterdruck, um bequem zu bekommen.Tastaturh\u00fclle lederh\u00fclle wird es zu einer praktischen St\u00fctze zum Lesen, Tippen, f\u00fcr Videos oder FaceTime Anrufe.<\/p>\n","protected":false},"featured_media":77131,"comment_status":"open","ping_status":"closed","template":"","meta":[],"product_brand":[],"product_cat":[863],"product_tag":[],"class_list":{"0":"post-77130","1":"product","2":"type-product","3":"status-publish","4":"has-post-thumbnail","6":"product_cat-computer-zubehoer","7":"pa_brand-ducerta","8":"pa_manufacturer-ducerta","10":"first","11":"instock","12":"shipping-taxable","13":"purchasable","14":"product-type-simple","15":"customify-col","16":"product-has-gallery"},"yoast_head":"<!-- This site is optimized with the Yoast SEO plugin v27.4 - https:\/\/yoast.com\/product\/yoast-seo-wordpress\/ -->\n<title>Ducerta Beleuchtete Tastatur H\u00fclle Kompatibel mit iPad Mini 6 2021 (6. Generation),QWERTZ Abnehmbare Bluetooth Tastatur\u2026 - Markt-XXL<\/title>\n<meta name=\"description\" content=\"Markt-XXL Ducerta Beleuchtete Tastatur H\u00fclle Kompatibel mit iPad Mini 6 2021 (6. Generation),QWERTZ Abnehmbare Bluetooth Tastatur\u2026\" \/>\n<meta name=\"robots\" content=\"index, follow, max-snippet:-1, max-image-preview:large, max-video-preview:-1\" \/>\n<link rel=\"canonical\" href=\"https:\/\/marktxxl.de\/markt\/produkt\/beleuchtete-tastatur-huelle-kompatibel-mit-ipad-mini-6-2021-6-generationqwertz-abnehmbare-bluetooth-tastatur-huelle-mit-pu-lederhuellepencil-halter-fuer-pad-mini-6-83-zoll-schwarz\/\" \/>\n<meta property=\"og:locale\" content=\"de_DE\" \/>\n<meta property=\"og:type\" content=\"article\" \/>\n<meta property=\"og:title\" content=\"Ducerta Beleuchtete Tastatur H\u00fclle Kompatibel mit iPad Mini 6 2021 (6. Generation),QWERTZ Abnehmbare Bluetooth Tastatur\u2026 - Markt-XXL\" \/>\n<meta property=\"og:description\" content=\"Markt-XXL Ducerta Beleuchtete Tastatur H\u00fclle Kompatibel mit iPad Mini 6 2021 (6. Generation),QWERTZ Abnehmbare Bluetooth Tastatur\u2026\" \/>\n<meta property=\"og:url\" content=\"https:\/\/marktxxl.de\/markt\/produkt\/beleuchtete-tastatur-huelle-kompatibel-mit-ipad-mini-6-2021-6-generationqwertz-abnehmbare-bluetooth-tastatur-huelle-mit-pu-lederhuellepencil-halter-fuer-pad-mini-6-83-zoll-schwarz\/\" \/>\n<meta property=\"og:site_name\" content=\"Markt-XXL\" \/>\n<meta property=\"article:modified_time\" content=\"2023-04-11T00:51:24+00:00\" \/>\n<meta property=\"og:image\" content=\"https:\/\/m.media-amazon.com\/images\/I\/41z7+zpGY+L._SL500_.jpg\" \/>\n\t<meta property=\"og:image:width\" content=\"500\" \/>\n\t<meta property=\"og:image:height\" content=\"500\" \/>\n\t<meta property=\"og:image:type\" content=\"image\/jpeg\" \/>\n<meta name=\"twitter:card\" content=\"summary_large_image\" \/>\n<meta name=\"twitter:label1\" content=\"Gesch\u00e4tzte Lesezeit\" \/>\n\t<meta name=\"twitter:data1\" content=\"1\u00a0Minute\" \/>\n<script type=\"application\/ld+json\" class=\"yoast-schema-graph\">{\"@context\":\"https:\\\/\\\/schema.org\",\"@graph\":[{\"@type\":\"WebPage\",\"@id\":\"https:\\\/\\\/marktxxl.de\\\/markt\\\/produkt\\\/beleuchtete-tastatur-huelle-kompatibel-mit-ipad-mini-6-2021-6-generationqwertz-abnehmbare-bluetooth-tastatur-huelle-mit-pu-lederhuellepencil-halter-fuer-pad-mini-6-83-zoll-schwarz\\\/\",\"url\":\"https:\\\/\\\/marktxxl.de\\\/markt\\\/produkt\\\/beleuchtete-tastatur-huelle-kompatibel-mit-ipad-mini-6-2021-6-generationqwertz-abnehmbare-bluetooth-tastatur-huelle-mit-pu-lederhuellepencil-halter-fuer-pad-mini-6-83-zoll-schwarz\\\/\",\"name\":\"Ducerta Beleuchtete Tastatur H\u00fclle Kompatibel mit iPad Mini 6 2021 (6. Generation),QWERTZ Abnehmbare Bluetooth Tastatur\u2026 - Markt-XXL\",\"isPartOf\":{\"@id\":\"https:\\\/\\\/marktxxl.de\\\/markt\\\/#website\"},\"primaryImageOfPage\":{\"@id\":\"https:\\\/\\\/marktxxl.de\\\/markt\\\/produkt\\\/beleuchtete-tastatur-huelle-kompatibel-mit-ipad-mini-6-2021-6-generationqwertz-abnehmbare-bluetooth-tastatur-huelle-mit-pu-lederhuellepencil-halter-fuer-pad-mini-6-83-zoll-schwarz\\\/#primaryimage\"},\"image\":{\"@id\":\"https:\\\/\\\/marktxxl.de\\\/markt\\\/produkt\\\/beleuchtete-tastatur-huelle-kompatibel-mit-ipad-mini-6-2021-6-generationqwertz-abnehmbare-bluetooth-tastatur-huelle-mit-pu-lederhuellepencil-halter-fuer-pad-mini-6-83-zoll-schwarz\\\/#primaryimage\"},\"thumbnailUrl\":\"https:\\\/\\\/m.media-amazon.com\\\/images\\\/I\\\/41z7+zpGY+L._SL500_.jpg\",\"datePublished\":\"2021-11-25T14:06:16+00:00\",\"dateModified\":\"2023-04-11T00:51:24+00:00\",\"description\":\"Markt-XXL Ducerta Beleuchtete Tastatur H\u00fclle Kompatibel mit iPad Mini 6 2021 (6. Generation),QWERTZ Abnehmbare Bluetooth Tastatur\u2026\",\"breadcrumb\":{\"@id\":\"https:\\\/\\\/marktxxl.de\\\/markt\\\/produkt\\\/beleuchtete-tastatur-huelle-kompatibel-mit-ipad-mini-6-2021-6-generationqwertz-abnehmbare-bluetooth-tastatur-huelle-mit-pu-lederhuellepencil-halter-fuer-pad-mini-6-83-zoll-schwarz\\\/#breadcrumb\"},\"inLanguage\":\"de\",\"potentialAction\":[{\"@type\":\"ReadAction\",\"target\":[\"https:\\\/\\\/marktxxl.de\\\/markt\\\/produkt\\\/beleuchtete-tastatur-huelle-kompatibel-mit-ipad-mini-6-2021-6-generationqwertz-abnehmbare-bluetooth-tastatur-huelle-mit-pu-lederhuellepencil-halter-fuer-pad-mini-6-83-zoll-schwarz\\\/\"]}]},{\"@type\":\"ImageObject\",\"inLanguage\":\"de\",\"@id\":\"https:\\\/\\\/marktxxl.de\\\/markt\\\/produkt\\\/beleuchtete-tastatur-huelle-kompatibel-mit-ipad-mini-6-2021-6-generationqwertz-abnehmbare-bluetooth-tastatur-huelle-mit-pu-lederhuellepencil-halter-fuer-pad-mini-6-83-zoll-schwarz\\\/#primaryimage\",\"url\":\"https:\\\/\\\/m.media-amazon.com\\\/images\\\/I\\\/41z7+zpGY+L._SL500_.jpg\",\"contentUrl\":\"https:\\\/\\\/m.media-amazon.com\\\/images\\\/I\\\/41z7+zpGY+L._SL500_.jpg\",\"width\":500,\"height\":500},{\"@type\":\"BreadcrumbList\",\"@id\":\"https:\\\/\\\/marktxxl.de\\\/markt\\\/produkt\\\/beleuchtete-tastatur-huelle-kompatibel-mit-ipad-mini-6-2021-6-generationqwertz-abnehmbare-bluetooth-tastatur-huelle-mit-pu-lederhuellepencil-halter-fuer-pad-mini-6-83-zoll-schwarz\\\/#breadcrumb\",\"itemListElement\":[{\"@type\":\"ListItem\",\"position\":1,\"name\":\"Startseite\",\"item\":\"https:\\\/\\\/marktxxl.de\\\/markt\\\/\"},{\"@type\":\"ListItem\",\"position\":2,\"name\":\"Markt\",\"item\":\"https:\\\/\\\/marktxxl.de\\\/markt\\\/\"},{\"@type\":\"ListItem\",\"position\":3,\"name\":\"Ducerta Beleuchtete Tastatur H\u00fclle Kompatibel mit iPad Mini 6 2021 (6. Generation),QWERTZ Abnehmbare Bluetooth Tastatur\u2026\"}]},{\"@type\":\"WebSite\",\"@id\":\"https:\\\/\\\/marktxxl.de\\\/markt\\\/#website\",\"url\":\"https:\\\/\\\/marktxxl.de\\\/markt\\\/\",\"name\":\"Markt-XXL\",\"description\":\"Ihr Markt Online\",\"publisher\":{\"@id\":\"https:\\\/\\\/marktxxl.de\\\/markt\\\/#organization\"},\"potentialAction\":[{\"@type\":\"SearchAction\",\"target\":{\"@type\":\"EntryPoint\",\"urlTemplate\":\"https:\\\/\\\/marktxxl.de\\\/markt\\\/?s={search_term_string}\"},\"query-input\":{\"@type\":\"PropertyValueSpecification\",\"valueRequired\":true,\"valueName\":\"search_term_string\"}}],\"inLanguage\":\"de\"},{\"@type\":\"Organization\",\"@id\":\"https:\\\/\\\/marktxxl.de\\\/markt\\\/#organization\",\"name\":\"Markt-XXL\",\"url\":\"https:\\\/\\\/marktxxl.de\\\/markt\\\/\",\"logo\":{\"@type\":\"ImageObject\",\"inLanguage\":\"de\",\"@id\":\"https:\\\/\\\/marktxxl.de\\\/markt\\\/#\\\/schema\\\/logo\\\/image\\\/\",\"url\":\"https:\\\/\\\/marktxxl.de\\\/markt\\\/wp-content\\\/uploads\\\/sites\\\/3\\\/2020\\\/12\\\/logo.png\",\"contentUrl\":\"https:\\\/\\\/marktxxl.de\\\/markt\\\/wp-content\\\/uploads\\\/sites\\\/3\\\/2020\\\/12\\\/logo.png\",\"width\":200,\"height\":70,\"caption\":\"Markt-XXL\"},\"image\":{\"@id\":\"https:\\\/\\\/marktxxl.de\\\/markt\\\/#\\\/schema\\\/logo\\\/image\\\/\"}}]}<\/script>\n<!-- \/ Yoast SEO plugin. -->","yoast_head_json":{"title":"Ducerta Beleuchtete Tastatur H\u00fclle Kompatibel mit iPad Mini 6 2021 (6. Generation),QWERTZ Abnehmbare Bluetooth Tastatur\u2026 - Markt-XXL","description":"Markt-XXL Ducerta Beleuchtete Tastatur H\u00fclle Kompatibel mit iPad Mini 6 2021 (6. Generation),QWERTZ Abnehmbare Bluetooth Tastatur\u2026","robots":{"index":"index","follow":"follow","max-snippet":"max-snippet:-1","max-image-preview":"max-image-preview:large","max-video-preview":"max-video-preview:-1"},"canonical":"https:\/\/marktxxl.de\/markt\/produkt\/beleuchtete-tastatur-huelle-kompatibel-mit-ipad-mini-6-2021-6-generationqwertz-abnehmbare-bluetooth-tastatur-huelle-mit-pu-lederhuellepencil-halter-fuer-pad-mini-6-83-zoll-schwarz\/","og_locale":"de_DE","og_type":"article","og_title":"Ducerta Beleuchtete Tastatur H\u00fclle Kompatibel mit iPad Mini 6 2021 (6. Generation),QWERTZ Abnehmbare Bluetooth Tastatur\u2026 - Markt-XXL","og_description":"Markt-XXL Ducerta Beleuchtete Tastatur H\u00fclle Kompatibel mit iPad Mini 6 2021 (6. Generation),QWERTZ Abnehmbare Bluetooth Tastatur\u2026","og_url":"https:\/\/marktxxl.de\/markt\/produkt\/beleuchtete-tastatur-huelle-kompatibel-mit-ipad-mini-6-2021-6-generationqwertz-abnehmbare-bluetooth-tastatur-huelle-mit-pu-lederhuellepencil-halter-fuer-pad-mini-6-83-zoll-schwarz\/","og_site_name":"Markt-XXL","article_modified_time":"2023-04-11T00:51:24+00:00","og_image":[{"width":500,"height":500,"url":"https:\/\/m.media-amazon.com\/images\/I\/41z7+zpGY+L._SL500_.jpg","type":"image\/jpeg"}],"twitter_card":"summary_large_image","twitter_misc":{"Gesch\u00e4tzte Lesezeit":"1\u00a0Minute"},"schema":{"@context":"https:\/\/schema.org","@graph":[{"@type":"WebPage","@id":"https:\/\/marktxxl.de\/markt\/produkt\/beleuchtete-tastatur-huelle-kompatibel-mit-ipad-mini-6-2021-6-generationqwertz-abnehmbare-bluetooth-tastatur-huelle-mit-pu-lederhuellepencil-halter-fuer-pad-mini-6-83-zoll-schwarz\/","url":"https:\/\/marktxxl.de\/markt\/produkt\/beleuchtete-tastatur-huelle-kompatibel-mit-ipad-mini-6-2021-6-generationqwertz-abnehmbare-bluetooth-tastatur-huelle-mit-pu-lederhuellepencil-halter-fuer-pad-mini-6-83-zoll-schwarz\/","name":"Ducerta Beleuchtete Tastatur H\u00fclle Kompatibel mit iPad Mini 6 2021 (6. Generation),QWERTZ Abnehmbare Bluetooth Tastatur\u2026 - Markt-XXL","isPartOf":{"@id":"https:\/\/marktxxl.de\/markt\/#website"},"primaryImageOfPage":{"@id":"https:\/\/marktxxl.de\/markt\/produkt\/beleuchtete-tastatur-huelle-kompatibel-mit-ipad-mini-6-2021-6-generationqwertz-abnehmbare-bluetooth-tastatur-huelle-mit-pu-lederhuellepencil-halter-fuer-pad-mini-6-83-zoll-schwarz\/#primaryimage"},"image":{"@id":"https:\/\/marktxxl.de\/markt\/produkt\/beleuchtete-tastatur-huelle-kompatibel-mit-ipad-mini-6-2021-6-generationqwertz-abnehmbare-bluetooth-tastatur-huelle-mit-pu-lederhuellepencil-halter-fuer-pad-mini-6-83-zoll-schwarz\/#primaryimage"},"thumbnailUrl":"https:\/\/m.media-amazon.com\/images\/I\/41z7+zpGY+L._SL500_.jpg","datePublished":"2021-11-25T14:06:16+00:00","dateModified":"2023-04-11T00:51:24+00:00","description":"Markt-XXL Ducerta Beleuchtete Tastatur H\u00fclle Kompatibel mit iPad Mini 6 2021 (6. Generation),QWERTZ Abnehmbare Bluetooth Tastatur\u2026","breadcrumb":{"@id":"https:\/\/marktxxl.de\/markt\/produkt\/beleuchtete-tastatur-huelle-kompatibel-mit-ipad-mini-6-2021-6-generationqwertz-abnehmbare-bluetooth-tastatur-huelle-mit-pu-lederhuellepencil-halter-fuer-pad-mini-6-83-zoll-schwarz\/#breadcrumb"},"inLanguage":"de","potentialAction":[{"@type":"ReadAction","target":["https:\/\/marktxxl.de\/markt\/produkt\/beleuchtete-tastatur-huelle-kompatibel-mit-ipad-mini-6-2021-6-generationqwertz-abnehmbare-bluetooth-tastatur-huelle-mit-pu-lederhuellepencil-halter-fuer-pad-mini-6-83-zoll-schwarz\/"]}]},{"@type":"ImageObject","inLanguage":"de","@id":"https:\/\/marktxxl.de\/markt\/produkt\/beleuchtete-tastatur-huelle-kompatibel-mit-ipad-mini-6-2021-6-generationqwertz-abnehmbare-bluetooth-tastatur-huelle-mit-pu-lederhuellepencil-halter-fuer-pad-mini-6-83-zoll-schwarz\/#primaryimage","url":"https:\/\/m.media-amazon.com\/images\/I\/41z7+zpGY+L._SL500_.jpg","contentUrl":"https:\/\/m.media-amazon.com\/images\/I\/41z7+zpGY+L._SL500_.jpg","width":500,"height":500},{"@type":"BreadcrumbList","@id":"https:\/\/marktxxl.de\/markt\/produkt\/beleuchtete-tastatur-huelle-kompatibel-mit-ipad-mini-6-2021-6-generationqwertz-abnehmbare-bluetooth-tastatur-huelle-mit-pu-lederhuellepencil-halter-fuer-pad-mini-6-83-zoll-schwarz\/#breadcrumb","itemListElement":[{"@type":"ListItem","position":1,"name":"Startseite","item":"https:\/\/marktxxl.de\/markt\/"},{"@type":"ListItem","position":2,"name":"Markt","item":"https:\/\/marktxxl.de\/markt\/"},{"@type":"ListItem","position":3,"name":"Ducerta Beleuchtete Tastatur H\u00fclle Kompatibel mit iPad Mini 6 2021 (6. Generation),QWERTZ Abnehmbare Bluetooth Tastatur\u2026"}]},{"@type":"WebSite","@id":"https:\/\/marktxxl.de\/markt\/#website","url":"https:\/\/marktxxl.de\/markt\/","name":"Markt-XXL","description":"Ihr Markt Online","publisher":{"@id":"https:\/\/marktxxl.de\/markt\/#organization"},"potentialAction":[{"@type":"SearchAction","target":{"@type":"EntryPoint","urlTemplate":"https:\/\/marktxxl.de\/markt\/?s={search_term_string}"},"query-input":{"@type":"PropertyValueSpecification","valueRequired":true,"valueName":"search_term_string"}}],"inLanguage":"de"},{"@type":"Organization","@id":"https:\/\/marktxxl.de\/markt\/#organization","name":"Markt-XXL","url":"https:\/\/marktxxl.de\/markt\/","logo":{"@type":"ImageObject","inLanguage":"de","@id":"https:\/\/marktxxl.de\/markt\/#\/schema\/logo\/image\/","url":"https:\/\/marktxxl.de\/markt\/wp-content\/uploads\/sites\/3\/2020\/12\/logo.png","contentUrl":"https:\/\/marktxxl.de\/markt\/wp-content\/uploads\/sites\/3\/2020\/12\/logo.png","width":200,"height":70,"caption":"Markt-XXL"},"image":{"@id":"https:\/\/marktxxl.de\/markt\/#\/schema\/logo\/image\/"}}]}},"_links":{"self":[{"href":"https:\/\/marktxxl.de\/markt\/wp-json\/wp\/v2\/product\/77130","targetHints":{"allow":["GET"]}}],"collection":[{"href":"https:\/\/marktxxl.de\/markt\/wp-json\/wp\/v2\/product"}],"about":[{"href":"https:\/\/marktxxl.de\/markt\/wp-json\/wp\/v2\/types\/product"}],"replies":[{"embeddable":true,"href":"https:\/\/marktxxl.de\/markt\/wp-json\/wp\/v2\/comments?post=77130"}],"wp:featuredmedia":[{"embeddable":true,"href":"https:\/\/marktxxl.de\/markt\/wp-json\/wp\/v2\/media\/77131"}],"wp:attachment":[{"href":"https:\/\/marktxxl.de\/markt\/wp-json\/wp\/v2\/media?parent=77130"}],"wp:term":[{"taxonomy":"product_brand","embeddable":true,"href":"https:\/\/marktxxl.de\/markt\/wp-json\/wp\/v2\/product_brand?post=77130"},{"taxonomy":"product_cat","embeddable":true,"href":"https:\/\/marktxxl.de\/markt\/wp-json\/wp\/v2\/product_cat?post=77130"},{"taxonomy":"product_tag","embeddable":true,"href":"https:\/\/marktxxl.de\/markt\/wp-json\/wp\/v2\/product_tag?post=77130"}],"curies":[{"name":"wp","href":"https:\/\/api.w.org\/{rel}","templated":true}]}}