{"id":77112,"date":"2021-11-25T15:06:07","date_gmt":"2021-11-25T14:06:07","guid":{"rendered":"https:\/\/marktxxl.de\/markt\/produkt\/hofsos-huelle-mit-tastatur-fuer-ipad-10-2-2021-9-gen-2020-8-gen-2019-7-gen-ipad-air-3-ipad-pro10-5-slim-schutzhuelle-mit-pencil-halter-wireless-beleuchtete-tastatur-qwertz-layout-schwarz\/"},"modified":"2023-04-11T02:51:24","modified_gmt":"2023-04-11T00:51:24","slug":"hofsos-huelle-mit-tastatur-fuer-ipad-10-2-2021-9-gen-2020-8-gen-2019-7-gen-ipad-air-3-ipad-pro10-5-slim-schutzhuelle-mit-pencil-halter-wireless-beleuchtete-tastatur-qwertz-layout-schwarz","status":"publish","type":"product","link":"https:\/\/marktxxl.de\/markt\/produkt\/hofsos-huelle-mit-tastatur-fuer-ipad-10-2-2021-9-gen-2020-8-gen-2019-7-gen-ipad-air-3-ipad-pro10-5-slim-schutzhuelle-mit-pencil-halter-wireless-beleuchtete-tastatur-qwertz-layout-schwarz\/","title":{"rendered":"Hofsos iPad H\u00fclle mit Tastatur 10.2 &#8211; iPad 9.Generation H\u00fclle mit Tastatur 2021, Slim Schutzh\u00fclle mit Pencil Halter\u2026"},"content":{"rendered":"<p>\u3010IPad 9 Gen\/8th\/7th Gen H\u00fclle mit Tastatur\u3011- Diese iPad 10,2 Zoll H\u00fclle mit Tastatur ist kompatibel mit iPad 10.2 zoll 9. Generation 2021 (A2603, A2604, A2605), iPad 8. Generation 2020 (A2270, A2428, A2429, A2430), iPad 7. Generation 2019 (A2197, A2200, A2198), iPad Air 3. Generation 2019(A2152, A2153, A2123), iPad Pro 10,5 2017 (A1701, A1709). Bitte \u00fcberpr\u00fcfen sie vor dem kauf Ihr iPad modell.<br \/>\n\u3010Abnehmbare 7-Farben Bluetooth Tastatur mit Hintergrundbeleuchtung\u30117 Hintergrundbeleuchtungs farben und 3 helligkeitsstufen erm\u00f6glichen ein reibungsloses tippen im dunkeln, sie k\u00f6nnen es nach belieben einstellen. Diese abnehmbare 10,2 Zoll tastatur kann magnetisch an Ihrer iPad h\u00fclle befestigt werden und Sie k\u00f6nnen sie abnehmen, wenn Sie sie nicht ben\u00f6tigen. Bluetooth ist einfach zu verbinden.<br \/>\n\u3010Maximaler Schutz mit Integriertem Stifthalter\u3011- Das hochwertige Ledergeh\u00e4use sch\u00fctzt Ihr tablet vor versehentlichem herunterfallen und St\u00f6\u00dfen. Das weiche, rutschfeste Innere sch\u00fctzt Ihr tablet vor kratzern. Mit dem integrierten Apple-stifthalter k\u00f6nnen Sie Ihren iPad Stift \u00fcberall hin mitnehmen. (Hinweis: Apple Pencil ist nicht im Lieferumfang enthalten.)<br \/>\n\u3010Lange Akkulaufzeit\u3011- Eingebauter premium li-Ionen akku mit energiesparmodus, der eine kontinuierliche arbeitszeit von mindestens 72 Stunden und eine Standby Zeit von 30 Tagen bei voller Ladung bietet. (ERINNERUNGEN: Laden Sie die Tastatur vor dem ersten Gebrauch ca. 2-3 Stunden lang auf.)<br \/>\n\u3010Mehrere Betrachtungs Winkel\u3011- Mit diesem stilvollen und eleganten design k\u00f6nnen Sie Ihr iPad in weniger als einer sekunde in einen Laptop verwandeln. Sie k\u00f6nnen Ihr iPad im querformat auf verschiedene betrachtungswinkel umschalten, um die bequemste betrachtungsposition zu erzielen. Perfekt zum arbeiten, schreiben oder ansehen von Videos.<br \/>\n<div class=\"main-cross-sell\" data-asin=\"B09JYZYRSH\">\n\n\t<div class=\"WooZone-cross-sell-loader\">\n\t\t<div>\n\t\t\t<div id=\"floatingBarsG\">\n\t\t\t\t<div class=\"blockG\" id=\"rotateG_01\"><\/div>\n\t\t\t\t<div class=\"blockG\" id=\"rotateG_02\"><\/div>\n\t\t\t\t<div class=\"blockG\" id=\"rotateG_03\"><\/div>\n\t\t\t\t<div class=\"blockG\" id=\"rotateG_04\"><\/div>\n\t\t\t\t<div class=\"blockG\" id=\"rotateG_05\"><\/div>\n\t\t\t\t<div class=\"blockG\" id=\"rotateG_06\"><\/div>\n\t\t\t\t<div class=\"blockG\" id=\"rotateG_07\"><\/div>\n\t\t\t\t<div class=\"blockG\" id=\"rotateG_08\"><\/div>\n\t\t\t<\/div>\n\t\t\t<div class=\"WooZone-cross-sell-loader-text\"><\/div>\n\t\t<\/div>\n\t<\/div>\n\n\t\t\n<\/div>\n<div style=\"clear:both;\"><\/div><\/p>\n","protected":false},"excerpt":{"rendered":"<p>\u3010IPad 9 Gen\/8th\/7th Gen H\u00fclle mit Tastatur\u3011- Diese iPad 10,2 Zoll H\u00fclle mit Tastatur ist kompatibel mit iPad 10.2 zoll 9. Generation 2021 (A2603, A2604, A2605), iPad 8. Generation 2020 (A2270, A2428, A2429, A2430), iPad 7. Generation 2019 (A2197, A2200, A2198), iPad Air 3. Generation 2019(A2152, A2153, A2123), iPad Pro 10,5 2017 (A1701, A1709). Bitte \u00fcberpr\u00fcfen sie vor dem kauf Ihr iPad modell.<br \/>\n\u3010Abnehmbare 7-Farben Bluetooth Tastatur mit Hintergrundbeleuchtung\u30117 Hintergrundbeleuchtungs farben und 3 helligkeitsstufen erm\u00f6glichen ein reibungsloses tippen im dunkeln, sie k\u00f6nnen es nach belieben einstellen. Diese abnehmbare 10,2 Zoll tastatur kann magnetisch an Ihrer iPad h\u00fclle befestigt werden und Sie k\u00f6nnen sie abnehmen, wenn Sie sie nicht ben\u00f6tigen. Bluetooth ist einfach zu verbinden.<br \/>\n\u3010Maximaler Schutz mit Integriertem Stifthalter\u3011- Das hochwertige Ledergeh\u00e4use sch\u00fctzt Ihr tablet vor versehentlichem herunterfallen und St\u00f6\u00dfen. Das weiche, rutschfeste Innere sch\u00fctzt Ihr tablet vor kratzern. Mit dem integrierten Apple-stifthalter k\u00f6nnen Sie Ihren iPad Stift \u00fcberall hin mitnehmen. (Hinweis: Apple Pencil ist nicht im Lieferumfang enthalten.)<\/p>\n","protected":false},"featured_media":77113,"comment_status":"open","ping_status":"closed","template":"","meta":[],"product_brand":[],"product_cat":[863],"product_tag":[],"class_list":{"0":"post-77112","1":"product","2":"type-product","3":"status-publish","4":"has-post-thumbnail","6":"product_cat-computer-zubehoer","7":"pa_brand-hofsos","8":"pa_color-black","9":"pa_height-1-181102361-zoll","10":"pa_length-9-055118101-zoll","11":"pa_manufacturer-hofsos","12":"pa_width-7-87401574-zoll","14":"first","15":"instock","16":"shipping-taxable","17":"purchasable","18":"product-type-simple","19":"customify-col","20":"product-has-gallery"},"yoast_head":"<!-- This site is optimized with the Yoast SEO plugin v27.4 - https:\/\/yoast.com\/product\/yoast-seo-wordpress\/ -->\n<title>Hofsos iPad H\u00fclle mit Tastatur 10.2 - iPad 9.Generation H\u00fclle mit Tastatur 2021, Slim Schutzh\u00fclle mit Pencil Halter\u2026 - Markt-XXL<\/title>\n<meta name=\"description\" content=\"Markt-XXL Hofsos iPad H\u00fclle mit Tastatur 10.2 - iPad 9.Generation H\u00fclle mit Tastatur 2021, Slim Schutzh\u00fclle mit Pencil Halter\u2026\" \/>\n<meta name=\"robots\" content=\"index, follow, max-snippet:-1, max-image-preview:large, max-video-preview:-1\" \/>\n<link rel=\"canonical\" href=\"https:\/\/marktxxl.de\/markt\/produkt\/hofsos-huelle-mit-tastatur-fuer-ipad-10-2-2021-9-gen-2020-8-gen-2019-7-gen-ipad-air-3-ipad-pro10-5-slim-schutzhuelle-mit-pencil-halter-wireless-beleuchtete-tastatur-qwertz-layout-schwarz\/\" \/>\n<meta property=\"og:locale\" content=\"de_DE\" \/>\n<meta property=\"og:type\" content=\"article\" \/>\n<meta property=\"og:title\" content=\"Hofsos iPad H\u00fclle mit Tastatur 10.2 - iPad 9.Generation H\u00fclle mit Tastatur 2021, Slim Schutzh\u00fclle mit Pencil Halter\u2026 - Markt-XXL\" \/>\n<meta property=\"og:description\" content=\"Markt-XXL Hofsos iPad H\u00fclle mit Tastatur 10.2 - iPad 9.Generation H\u00fclle mit Tastatur 2021, Slim Schutzh\u00fclle mit Pencil Halter\u2026\" \/>\n<meta property=\"og:url\" content=\"https:\/\/marktxxl.de\/markt\/produkt\/hofsos-huelle-mit-tastatur-fuer-ipad-10-2-2021-9-gen-2020-8-gen-2019-7-gen-ipad-air-3-ipad-pro10-5-slim-schutzhuelle-mit-pencil-halter-wireless-beleuchtete-tastatur-qwertz-layout-schwarz\/\" \/>\n<meta property=\"og:site_name\" content=\"Markt-XXL\" \/>\n<meta property=\"article:modified_time\" content=\"2023-04-11T00:51:24+00:00\" \/>\n<meta property=\"og:image\" content=\"https:\/\/m.media-amazon.com\/images\/I\/511PJy5CVEL._SL500_.jpg\" \/>\n\t<meta property=\"og:image:width\" content=\"500\" \/>\n\t<meta property=\"og:image:height\" content=\"500\" \/>\n\t<meta property=\"og:image:type\" content=\"image\/jpeg\" \/>\n<meta name=\"twitter:card\" content=\"summary_large_image\" \/>\n<meta name=\"twitter:label1\" content=\"Gesch\u00e4tzte Lesezeit\" \/>\n\t<meta name=\"twitter:data1\" content=\"1\u00a0Minute\" \/>\n<script type=\"application\/ld+json\" class=\"yoast-schema-graph\">{\"@context\":\"https:\\\/\\\/schema.org\",\"@graph\":[{\"@type\":\"WebPage\",\"@id\":\"https:\\\/\\\/marktxxl.de\\\/markt\\\/produkt\\\/hofsos-huelle-mit-tastatur-fuer-ipad-10-2-2021-9-gen-2020-8-gen-2019-7-gen-ipad-air-3-ipad-pro10-5-slim-schutzhuelle-mit-pencil-halter-wireless-beleuchtete-tastatur-qwertz-layout-schwarz\\\/\",\"url\":\"https:\\\/\\\/marktxxl.de\\\/markt\\\/produkt\\\/hofsos-huelle-mit-tastatur-fuer-ipad-10-2-2021-9-gen-2020-8-gen-2019-7-gen-ipad-air-3-ipad-pro10-5-slim-schutzhuelle-mit-pencil-halter-wireless-beleuchtete-tastatur-qwertz-layout-schwarz\\\/\",\"name\":\"Hofsos iPad H\u00fclle mit Tastatur 10.2 - iPad 9.Generation H\u00fclle mit Tastatur 2021, Slim Schutzh\u00fclle mit Pencil Halter\u2026 - Markt-XXL\",\"isPartOf\":{\"@id\":\"https:\\\/\\\/marktxxl.de\\\/markt\\\/#website\"},\"primaryImageOfPage\":{\"@id\":\"https:\\\/\\\/marktxxl.de\\\/markt\\\/produkt\\\/hofsos-huelle-mit-tastatur-fuer-ipad-10-2-2021-9-gen-2020-8-gen-2019-7-gen-ipad-air-3-ipad-pro10-5-slim-schutzhuelle-mit-pencil-halter-wireless-beleuchtete-tastatur-qwertz-layout-schwarz\\\/#primaryimage\"},\"image\":{\"@id\":\"https:\\\/\\\/marktxxl.de\\\/markt\\\/produkt\\\/hofsos-huelle-mit-tastatur-fuer-ipad-10-2-2021-9-gen-2020-8-gen-2019-7-gen-ipad-air-3-ipad-pro10-5-slim-schutzhuelle-mit-pencil-halter-wireless-beleuchtete-tastatur-qwertz-layout-schwarz\\\/#primaryimage\"},\"thumbnailUrl\":\"https:\\\/\\\/m.media-amazon.com\\\/images\\\/I\\\/511PJy5CVEL._SL500_.jpg\",\"datePublished\":\"2021-11-25T14:06:07+00:00\",\"dateModified\":\"2023-04-11T00:51:24+00:00\",\"description\":\"Markt-XXL Hofsos iPad H\u00fclle mit Tastatur 10.2 - iPad 9.Generation H\u00fclle mit Tastatur 2021, Slim Schutzh\u00fclle mit Pencil Halter\u2026\",\"breadcrumb\":{\"@id\":\"https:\\\/\\\/marktxxl.de\\\/markt\\\/produkt\\\/hofsos-huelle-mit-tastatur-fuer-ipad-10-2-2021-9-gen-2020-8-gen-2019-7-gen-ipad-air-3-ipad-pro10-5-slim-schutzhuelle-mit-pencil-halter-wireless-beleuchtete-tastatur-qwertz-layout-schwarz\\\/#breadcrumb\"},\"inLanguage\":\"de\",\"potentialAction\":[{\"@type\":\"ReadAction\",\"target\":[\"https:\\\/\\\/marktxxl.de\\\/markt\\\/produkt\\\/hofsos-huelle-mit-tastatur-fuer-ipad-10-2-2021-9-gen-2020-8-gen-2019-7-gen-ipad-air-3-ipad-pro10-5-slim-schutzhuelle-mit-pencil-halter-wireless-beleuchtete-tastatur-qwertz-layout-schwarz\\\/\"]}]},{\"@type\":\"ImageObject\",\"inLanguage\":\"de\",\"@id\":\"https:\\\/\\\/marktxxl.de\\\/markt\\\/produkt\\\/hofsos-huelle-mit-tastatur-fuer-ipad-10-2-2021-9-gen-2020-8-gen-2019-7-gen-ipad-air-3-ipad-pro10-5-slim-schutzhuelle-mit-pencil-halter-wireless-beleuchtete-tastatur-qwertz-layout-schwarz\\\/#primaryimage\",\"url\":\"https:\\\/\\\/m.media-amazon.com\\\/images\\\/I\\\/511PJy5CVEL._SL500_.jpg\",\"contentUrl\":\"https:\\\/\\\/m.media-amazon.com\\\/images\\\/I\\\/511PJy5CVEL._SL500_.jpg\",\"width\":500,\"height\":500},{\"@type\":\"BreadcrumbList\",\"@id\":\"https:\\\/\\\/marktxxl.de\\\/markt\\\/produkt\\\/hofsos-huelle-mit-tastatur-fuer-ipad-10-2-2021-9-gen-2020-8-gen-2019-7-gen-ipad-air-3-ipad-pro10-5-slim-schutzhuelle-mit-pencil-halter-wireless-beleuchtete-tastatur-qwertz-layout-schwarz\\\/#breadcrumb\",\"itemListElement\":[{\"@type\":\"ListItem\",\"position\":1,\"name\":\"Startseite\",\"item\":\"https:\\\/\\\/marktxxl.de\\\/markt\\\/\"},{\"@type\":\"ListItem\",\"position\":2,\"name\":\"Markt\",\"item\":\"https:\\\/\\\/marktxxl.de\\\/markt\\\/\"},{\"@type\":\"ListItem\",\"position\":3,\"name\":\"Hofsos iPad H\u00fclle mit Tastatur 10.2 &#8211; iPad 9.Generation H\u00fclle mit Tastatur 2021, Slim Schutzh\u00fclle mit Pencil Halter\u2026\"}]},{\"@type\":\"WebSite\",\"@id\":\"https:\\\/\\\/marktxxl.de\\\/markt\\\/#website\",\"url\":\"https:\\\/\\\/marktxxl.de\\\/markt\\\/\",\"name\":\"Markt-XXL\",\"description\":\"Ihr Markt Online\",\"publisher\":{\"@id\":\"https:\\\/\\\/marktxxl.de\\\/markt\\\/#organization\"},\"potentialAction\":[{\"@type\":\"SearchAction\",\"target\":{\"@type\":\"EntryPoint\",\"urlTemplate\":\"https:\\\/\\\/marktxxl.de\\\/markt\\\/?s={search_term_string}\"},\"query-input\":{\"@type\":\"PropertyValueSpecification\",\"valueRequired\":true,\"valueName\":\"search_term_string\"}}],\"inLanguage\":\"de\"},{\"@type\":\"Organization\",\"@id\":\"https:\\\/\\\/marktxxl.de\\\/markt\\\/#organization\",\"name\":\"Markt-XXL\",\"url\":\"https:\\\/\\\/marktxxl.de\\\/markt\\\/\",\"logo\":{\"@type\":\"ImageObject\",\"inLanguage\":\"de\",\"@id\":\"https:\\\/\\\/marktxxl.de\\\/markt\\\/#\\\/schema\\\/logo\\\/image\\\/\",\"url\":\"https:\\\/\\\/marktxxl.de\\\/markt\\\/wp-content\\\/uploads\\\/sites\\\/3\\\/2020\\\/12\\\/logo.png\",\"contentUrl\":\"https:\\\/\\\/marktxxl.de\\\/markt\\\/wp-content\\\/uploads\\\/sites\\\/3\\\/2020\\\/12\\\/logo.png\",\"width\":200,\"height\":70,\"caption\":\"Markt-XXL\"},\"image\":{\"@id\":\"https:\\\/\\\/marktxxl.de\\\/markt\\\/#\\\/schema\\\/logo\\\/image\\\/\"}}]}<\/script>\n<!-- \/ Yoast SEO plugin. -->","yoast_head_json":{"title":"Hofsos iPad H\u00fclle mit Tastatur 10.2 - iPad 9.Generation H\u00fclle mit Tastatur 2021, Slim Schutzh\u00fclle mit Pencil Halter\u2026 - Markt-XXL","description":"Markt-XXL Hofsos iPad H\u00fclle mit Tastatur 10.2 - iPad 9.Generation H\u00fclle mit Tastatur 2021, Slim Schutzh\u00fclle mit Pencil Halter\u2026","robots":{"index":"index","follow":"follow","max-snippet":"max-snippet:-1","max-image-preview":"max-image-preview:large","max-video-preview":"max-video-preview:-1"},"canonical":"https:\/\/marktxxl.de\/markt\/produkt\/hofsos-huelle-mit-tastatur-fuer-ipad-10-2-2021-9-gen-2020-8-gen-2019-7-gen-ipad-air-3-ipad-pro10-5-slim-schutzhuelle-mit-pencil-halter-wireless-beleuchtete-tastatur-qwertz-layout-schwarz\/","og_locale":"de_DE","og_type":"article","og_title":"Hofsos iPad H\u00fclle mit Tastatur 10.2 - iPad 9.Generation H\u00fclle mit Tastatur 2021, Slim Schutzh\u00fclle mit Pencil Halter\u2026 - Markt-XXL","og_description":"Markt-XXL Hofsos iPad H\u00fclle mit Tastatur 10.2 - iPad 9.Generation H\u00fclle mit Tastatur 2021, Slim Schutzh\u00fclle mit Pencil Halter\u2026","og_url":"https:\/\/marktxxl.de\/markt\/produkt\/hofsos-huelle-mit-tastatur-fuer-ipad-10-2-2021-9-gen-2020-8-gen-2019-7-gen-ipad-air-3-ipad-pro10-5-slim-schutzhuelle-mit-pencil-halter-wireless-beleuchtete-tastatur-qwertz-layout-schwarz\/","og_site_name":"Markt-XXL","article_modified_time":"2023-04-11T00:51:24+00:00","og_image":[{"width":500,"height":500,"url":"https:\/\/m.media-amazon.com\/images\/I\/511PJy5CVEL._SL500_.jpg","type":"image\/jpeg"}],"twitter_card":"summary_large_image","twitter_misc":{"Gesch\u00e4tzte Lesezeit":"1\u00a0Minute"},"schema":{"@context":"https:\/\/schema.org","@graph":[{"@type":"WebPage","@id":"https:\/\/marktxxl.de\/markt\/produkt\/hofsos-huelle-mit-tastatur-fuer-ipad-10-2-2021-9-gen-2020-8-gen-2019-7-gen-ipad-air-3-ipad-pro10-5-slim-schutzhuelle-mit-pencil-halter-wireless-beleuchtete-tastatur-qwertz-layout-schwarz\/","url":"https:\/\/marktxxl.de\/markt\/produkt\/hofsos-huelle-mit-tastatur-fuer-ipad-10-2-2021-9-gen-2020-8-gen-2019-7-gen-ipad-air-3-ipad-pro10-5-slim-schutzhuelle-mit-pencil-halter-wireless-beleuchtete-tastatur-qwertz-layout-schwarz\/","name":"Hofsos iPad H\u00fclle mit Tastatur 10.2 - iPad 9.Generation H\u00fclle mit Tastatur 2021, Slim Schutzh\u00fclle mit Pencil Halter\u2026 - Markt-XXL","isPartOf":{"@id":"https:\/\/marktxxl.de\/markt\/#website"},"primaryImageOfPage":{"@id":"https:\/\/marktxxl.de\/markt\/produkt\/hofsos-huelle-mit-tastatur-fuer-ipad-10-2-2021-9-gen-2020-8-gen-2019-7-gen-ipad-air-3-ipad-pro10-5-slim-schutzhuelle-mit-pencil-halter-wireless-beleuchtete-tastatur-qwertz-layout-schwarz\/#primaryimage"},"image":{"@id":"https:\/\/marktxxl.de\/markt\/produkt\/hofsos-huelle-mit-tastatur-fuer-ipad-10-2-2021-9-gen-2020-8-gen-2019-7-gen-ipad-air-3-ipad-pro10-5-slim-schutzhuelle-mit-pencil-halter-wireless-beleuchtete-tastatur-qwertz-layout-schwarz\/#primaryimage"},"thumbnailUrl":"https:\/\/m.media-amazon.com\/images\/I\/511PJy5CVEL._SL500_.jpg","datePublished":"2021-11-25T14:06:07+00:00","dateModified":"2023-04-11T00:51:24+00:00","description":"Markt-XXL Hofsos iPad H\u00fclle mit Tastatur 10.2 - iPad 9.Generation H\u00fclle mit Tastatur 2021, Slim Schutzh\u00fclle mit Pencil Halter\u2026","breadcrumb":{"@id":"https:\/\/marktxxl.de\/markt\/produkt\/hofsos-huelle-mit-tastatur-fuer-ipad-10-2-2021-9-gen-2020-8-gen-2019-7-gen-ipad-air-3-ipad-pro10-5-slim-schutzhuelle-mit-pencil-halter-wireless-beleuchtete-tastatur-qwertz-layout-schwarz\/#breadcrumb"},"inLanguage":"de","potentialAction":[{"@type":"ReadAction","target":["https:\/\/marktxxl.de\/markt\/produkt\/hofsos-huelle-mit-tastatur-fuer-ipad-10-2-2021-9-gen-2020-8-gen-2019-7-gen-ipad-air-3-ipad-pro10-5-slim-schutzhuelle-mit-pencil-halter-wireless-beleuchtete-tastatur-qwertz-layout-schwarz\/"]}]},{"@type":"ImageObject","inLanguage":"de","@id":"https:\/\/marktxxl.de\/markt\/produkt\/hofsos-huelle-mit-tastatur-fuer-ipad-10-2-2021-9-gen-2020-8-gen-2019-7-gen-ipad-air-3-ipad-pro10-5-slim-schutzhuelle-mit-pencil-halter-wireless-beleuchtete-tastatur-qwertz-layout-schwarz\/#primaryimage","url":"https:\/\/m.media-amazon.com\/images\/I\/511PJy5CVEL._SL500_.jpg","contentUrl":"https:\/\/m.media-amazon.com\/images\/I\/511PJy5CVEL._SL500_.jpg","width":500,"height":500},{"@type":"BreadcrumbList","@id":"https:\/\/marktxxl.de\/markt\/produkt\/hofsos-huelle-mit-tastatur-fuer-ipad-10-2-2021-9-gen-2020-8-gen-2019-7-gen-ipad-air-3-ipad-pro10-5-slim-schutzhuelle-mit-pencil-halter-wireless-beleuchtete-tastatur-qwertz-layout-schwarz\/#breadcrumb","itemListElement":[{"@type":"ListItem","position":1,"name":"Startseite","item":"https:\/\/marktxxl.de\/markt\/"},{"@type":"ListItem","position":2,"name":"Markt","item":"https:\/\/marktxxl.de\/markt\/"},{"@type":"ListItem","position":3,"name":"Hofsos iPad H\u00fclle mit Tastatur 10.2 &#8211; iPad 9.Generation H\u00fclle mit Tastatur 2021, Slim Schutzh\u00fclle mit Pencil Halter\u2026"}]},{"@type":"WebSite","@id":"https:\/\/marktxxl.de\/markt\/#website","url":"https:\/\/marktxxl.de\/markt\/","name":"Markt-XXL","description":"Ihr Markt Online","publisher":{"@id":"https:\/\/marktxxl.de\/markt\/#organization"},"potentialAction":[{"@type":"SearchAction","target":{"@type":"EntryPoint","urlTemplate":"https:\/\/marktxxl.de\/markt\/?s={search_term_string}"},"query-input":{"@type":"PropertyValueSpecification","valueRequired":true,"valueName":"search_term_string"}}],"inLanguage":"de"},{"@type":"Organization","@id":"https:\/\/marktxxl.de\/markt\/#organization","name":"Markt-XXL","url":"https:\/\/marktxxl.de\/markt\/","logo":{"@type":"ImageObject","inLanguage":"de","@id":"https:\/\/marktxxl.de\/markt\/#\/schema\/logo\/image\/","url":"https:\/\/marktxxl.de\/markt\/wp-content\/uploads\/sites\/3\/2020\/12\/logo.png","contentUrl":"https:\/\/marktxxl.de\/markt\/wp-content\/uploads\/sites\/3\/2020\/12\/logo.png","width":200,"height":70,"caption":"Markt-XXL"},"image":{"@id":"https:\/\/marktxxl.de\/markt\/#\/schema\/logo\/image\/"}}]}},"_links":{"self":[{"href":"https:\/\/marktxxl.de\/markt\/wp-json\/wp\/v2\/product\/77112","targetHints":{"allow":["GET"]}}],"collection":[{"href":"https:\/\/marktxxl.de\/markt\/wp-json\/wp\/v2\/product"}],"about":[{"href":"https:\/\/marktxxl.de\/markt\/wp-json\/wp\/v2\/types\/product"}],"replies":[{"embeddable":true,"href":"https:\/\/marktxxl.de\/markt\/wp-json\/wp\/v2\/comments?post=77112"}],"wp:featuredmedia":[{"embeddable":true,"href":"https:\/\/marktxxl.de\/markt\/wp-json\/wp\/v2\/media\/77113"}],"wp:attachment":[{"href":"https:\/\/marktxxl.de\/markt\/wp-json\/wp\/v2\/media?parent=77112"}],"wp:term":[{"taxonomy":"product_brand","embeddable":true,"href":"https:\/\/marktxxl.de\/markt\/wp-json\/wp\/v2\/product_brand?post=77112"},{"taxonomy":"product_cat","embeddable":true,"href":"https:\/\/marktxxl.de\/markt\/wp-json\/wp\/v2\/product_cat?post=77112"},{"taxonomy":"product_tag","embeddable":true,"href":"https:\/\/marktxxl.de\/markt\/wp-json\/wp\/v2\/product_tag?post=77112"}],"curies":[{"name":"wp","href":"https:\/\/api.w.org\/{rel}","templated":true}]}}