{"id":77097,"date":"2021-11-25T15:04:18","date_gmt":"2021-11-25T14:04:18","guid":{"rendered":"https:\/\/marktxxl.de\/markt\/produkt\/bmsare-pc-controller-wireless-24ghz-game-controller-gamepad-joystick-fuer-ps3-und-pc-windows-10-7-8-android-smart-tv-tv-box-mit-dual-shock-und-600mah-wiederaufladbare-batterie\/"},"modified":"2023-04-11T02:51:24","modified_gmt":"2023-04-11T00:51:24","slug":"bmsare-pc-controller-wireless-24ghz-game-controller-gamepad-joystick-fuer-ps3-und-pc-windows-10-7-8-android-smart-tv-tv-box-mit-dual-shock-und-600mah-wiederaufladbare-batterie","status":"publish","type":"product","link":"https:\/\/marktxxl.de\/markt\/produkt\/bmsare-pc-controller-wireless-24ghz-game-controller-gamepad-joystick-fuer-ps3-und-pc-windows-10-7-8-android-smart-tv-tv-box-mit-dual-shock-und-600mah-wiederaufladbare-batterie\/","title":{"rendered":"BMSARE PC Controller Wireless, 2,4GHz Game Controller Gamepad Joystick f\u00fcr PS3 und PC Windows 11 10 7 8, Android Smart\u2026"},"content":{"rendered":"<p>Perfekt Kompatibel mit PC\/PS3\/Android Smart TV\/TV Box:Das wireless Gamepad ist kompatibel mit PC (Windows XP\/7\/8\/10)\/ PS3\/Android Smart-TV\/TV-Box, die \u00fcber einen 2,4G USB Dongle verbunden ist.Schlie\u00dfen Sie einfach den 2,4-GHz-Dongle an das Ger\u00e4t an und stellen Sie eine Verbindung her, um es zu verwenden. Die Verbindung ist einfach und leicht zu bedienen.Windows 7 m\u00fcssen den Xbox 360 Treiber installieren.<br \/>\n2,4G Dongle Wireless Connectivity: Der Controller stellt einfach eine drahtlose Verbindung zu Ihrem Ger\u00e4t \u00fcber einen 2,4-G-Dongle her und gelangt zum Spiel. Die Konnektivit\u00e4tsreichweite von 10 m deckt das Wohn- und Schlafzimmer ab. Keine verdrahteten Probleme mehr.<br \/>\nDual Vibration Funktion: Das Design mit zwei Motoren unterst\u00fctzt perfekt die R\u00fcckkopplungsfunktion der Vibrationskraft. Wenn Sie jeden Treffer, Crash und jede Explosion sp\u00fcren, werden Sie immersiv und im tats\u00e4chlichen Kampf.<br \/>\nKomfortables Ergonomisches Design: Das Gamepad liegt sehr angenehm in der Hand. Die Form des Gamepads passt sich nat\u00fcrlich Ihren H\u00e4nden an. Die Taste hat eine hohe Empfindlichkeit und eine schnelle Reaktion. Die Oberfl\u00e4che des Schwei\u00dfes bleibt nicht zur\u00fcck.<br \/>\nLange Lebensdauer des Akkus: Der drahtlose Controller verf\u00fcgt \u00fcber eine wiederaufladbare 600-mAh-Lithiumbatterie, sodass Sie die Batterie nicht ersetzen m\u00fcssen. Nachdem Sie voll aufgeladen gespielt haben, k\u00f6nnen Sie das Spiel 8-10 Stunden lang fortsetzen.<br \/>\n<div class=\"main-cross-sell\" data-asin=\"B09LHVMBDJ\">\n\n\t<div class=\"WooZone-cross-sell-loader\">\n\t\t<div>\n\t\t\t<div id=\"floatingBarsG\">\n\t\t\t\t<div class=\"blockG\" id=\"rotateG_01\"><\/div>\n\t\t\t\t<div class=\"blockG\" id=\"rotateG_02\"><\/div>\n\t\t\t\t<div class=\"blockG\" id=\"rotateG_03\"><\/div>\n\t\t\t\t<div class=\"blockG\" id=\"rotateG_04\"><\/div>\n\t\t\t\t<div class=\"blockG\" id=\"rotateG_05\"><\/div>\n\t\t\t\t<div class=\"blockG\" id=\"rotateG_06\"><\/div>\n\t\t\t\t<div class=\"blockG\" id=\"rotateG_07\"><\/div>\n\t\t\t\t<div class=\"blockG\" id=\"rotateG_08\"><\/div>\n\t\t\t<\/div>\n\t\t\t<div class=\"WooZone-cross-sell-loader-text\"><\/div>\n\t\t<\/div>\n\t<\/div>\n\n\t\t\n<\/div>\n<div style=\"clear:both;\"><\/div><\/p>\n","protected":false},"excerpt":{"rendered":"<p>Perfekt Kompatibel mit PC\/PS3\/Android Smart TV\/TV Box:Das wireless Gamepad ist kompatibel mit PC (Windows XP\/7\/8\/10)\/ PS3\/Android Smart-TV\/TV-Box, die \u00fcber einen 2,4G USB Dongle verbunden ist.Schlie\u00dfen Sie einfach den 2,4-GHz-Dongle an das Ger\u00e4t an und stellen Sie eine Verbindung her, um es zu verwenden. Die Verbindung ist einfach und leicht zu bedienen.Windows 7 m\u00fcssen den Xbox 360 Treiber installieren.<br \/>\n2,4G Dongle Wireless Connectivity: Der Controller stellt einfach eine drahtlose Verbindung zu Ihrem Ger\u00e4t \u00fcber einen 2,4-G-Dongle her und gelangt zum Spiel. Die Konnektivit\u00e4tsreichweite von 10 m deckt das Wohn- und Schlafzimmer ab. Keine verdrahteten Probleme mehr.<br \/>\nDual Vibration Funktion: Das Design mit zwei Motoren unterst\u00fctzt perfekt die R\u00fcckkopplungsfunktion der Vibrationskraft. Wenn Sie jeden Treffer, Crash und jede Explosion sp\u00fcren, werden Sie immersiv und im tats\u00e4chlichen Kampf.<\/p>\n","protected":false},"featured_media":77098,"comment_status":"open","ping_status":"closed","template":"","meta":[],"product_brand":[],"product_cat":[863],"product_tag":[],"class_list":{"0":"post-77097","1":"product","2":"type-product","3":"status-publish","4":"has-post-thumbnail","6":"product_cat-computer-zubehoer","7":"pa_brand-bmsare","8":"pa_manufacturer-bmsare","9":"pa_weight-0-551155655-pfund","11":"first","12":"instock","13":"shipping-taxable","14":"purchasable","15":"product-type-simple","16":"customify-col","17":"product-has-gallery"},"yoast_head":"<!-- This site is optimized with the Yoast SEO plugin v27.3 - https:\/\/yoast.com\/product\/yoast-seo-wordpress\/ -->\n<title>BMSARE PC Controller Wireless, 2,4GHz Game Controller Gamepad Joystick f\u00fcr PS3 und PC Windows 11 10 7 8, Android Smart\u2026 - Markt-XXL<\/title>\n<meta name=\"description\" content=\"Markt-XXL BMSARE PC Controller Wireless, 2,4GHz Game Controller Gamepad Joystick f\u00fcr PS3 und PC Windows 11 10 7 8, Android Smart\u2026\" \/>\n<meta name=\"robots\" content=\"index, follow, max-snippet:-1, max-image-preview:large, max-video-preview:-1\" \/>\n<link rel=\"canonical\" href=\"https:\/\/marktxxl.de\/markt\/produkt\/bmsare-pc-controller-wireless-24ghz-game-controller-gamepad-joystick-fuer-ps3-und-pc-windows-10-7-8-android-smart-tv-tv-box-mit-dual-shock-und-600mah-wiederaufladbare-batterie\/\" \/>\n<meta property=\"og:locale\" content=\"de_DE\" \/>\n<meta property=\"og:type\" content=\"article\" \/>\n<meta property=\"og:title\" content=\"BMSARE PC Controller Wireless, 2,4GHz Game Controller Gamepad Joystick f\u00fcr PS3 und PC Windows 11 10 7 8, Android Smart\u2026 - Markt-XXL\" \/>\n<meta property=\"og:description\" content=\"Markt-XXL BMSARE PC Controller Wireless, 2,4GHz Game Controller Gamepad Joystick f\u00fcr PS3 und PC Windows 11 10 7 8, Android Smart\u2026\" \/>\n<meta property=\"og:url\" content=\"https:\/\/marktxxl.de\/markt\/produkt\/bmsare-pc-controller-wireless-24ghz-game-controller-gamepad-joystick-fuer-ps3-und-pc-windows-10-7-8-android-smart-tv-tv-box-mit-dual-shock-und-600mah-wiederaufladbare-batterie\/\" \/>\n<meta property=\"og:site_name\" content=\"Markt-XXL\" \/>\n<meta property=\"article:modified_time\" content=\"2023-04-11T00:51:24+00:00\" \/>\n<meta property=\"og:image\" content=\"https:\/\/m.media-amazon.com\/images\/I\/41aCASTi2WL._SL500_.jpg\" \/>\n\t<meta property=\"og:image:width\" content=\"500\" \/>\n\t<meta property=\"og:image:height\" content=\"500\" \/>\n\t<meta property=\"og:image:type\" content=\"image\/jpeg\" \/>\n<meta name=\"twitter:card\" content=\"summary_large_image\" \/>\n<meta name=\"twitter:label1\" content=\"Gesch\u00e4tzte Lesezeit\" \/>\n\t<meta name=\"twitter:data1\" content=\"1\u00a0Minute\" \/>\n<script type=\"application\/ld+json\" class=\"yoast-schema-graph\">{\"@context\":\"https:\\\/\\\/schema.org\",\"@graph\":[{\"@type\":\"WebPage\",\"@id\":\"https:\\\/\\\/marktxxl.de\\\/markt\\\/produkt\\\/bmsare-pc-controller-wireless-24ghz-game-controller-gamepad-joystick-fuer-ps3-und-pc-windows-10-7-8-android-smart-tv-tv-box-mit-dual-shock-und-600mah-wiederaufladbare-batterie\\\/\",\"url\":\"https:\\\/\\\/marktxxl.de\\\/markt\\\/produkt\\\/bmsare-pc-controller-wireless-24ghz-game-controller-gamepad-joystick-fuer-ps3-und-pc-windows-10-7-8-android-smart-tv-tv-box-mit-dual-shock-und-600mah-wiederaufladbare-batterie\\\/\",\"name\":\"BMSARE PC Controller Wireless, 2,4GHz Game Controller Gamepad Joystick f\u00fcr PS3 und PC Windows 11 10 7 8, Android Smart\u2026 - Markt-XXL\",\"isPartOf\":{\"@id\":\"https:\\\/\\\/marktxxl.de\\\/markt\\\/#website\"},\"primaryImageOfPage\":{\"@id\":\"https:\\\/\\\/marktxxl.de\\\/markt\\\/produkt\\\/bmsare-pc-controller-wireless-24ghz-game-controller-gamepad-joystick-fuer-ps3-und-pc-windows-10-7-8-android-smart-tv-tv-box-mit-dual-shock-und-600mah-wiederaufladbare-batterie\\\/#primaryimage\"},\"image\":{\"@id\":\"https:\\\/\\\/marktxxl.de\\\/markt\\\/produkt\\\/bmsare-pc-controller-wireless-24ghz-game-controller-gamepad-joystick-fuer-ps3-und-pc-windows-10-7-8-android-smart-tv-tv-box-mit-dual-shock-und-600mah-wiederaufladbare-batterie\\\/#primaryimage\"},\"thumbnailUrl\":\"https:\\\/\\\/m.media-amazon.com\\\/images\\\/I\\\/41aCASTi2WL._SL500_.jpg\",\"datePublished\":\"2021-11-25T14:04:18+00:00\",\"dateModified\":\"2023-04-11T00:51:24+00:00\",\"description\":\"Markt-XXL BMSARE PC Controller Wireless, 2,4GHz Game Controller Gamepad Joystick f\u00fcr PS3 und PC Windows 11 10 7 8, Android Smart\u2026\",\"breadcrumb\":{\"@id\":\"https:\\\/\\\/marktxxl.de\\\/markt\\\/produkt\\\/bmsare-pc-controller-wireless-24ghz-game-controller-gamepad-joystick-fuer-ps3-und-pc-windows-10-7-8-android-smart-tv-tv-box-mit-dual-shock-und-600mah-wiederaufladbare-batterie\\\/#breadcrumb\"},\"inLanguage\":\"de\",\"potentialAction\":[{\"@type\":\"ReadAction\",\"target\":[\"https:\\\/\\\/marktxxl.de\\\/markt\\\/produkt\\\/bmsare-pc-controller-wireless-24ghz-game-controller-gamepad-joystick-fuer-ps3-und-pc-windows-10-7-8-android-smart-tv-tv-box-mit-dual-shock-und-600mah-wiederaufladbare-batterie\\\/\"]}]},{\"@type\":\"ImageObject\",\"inLanguage\":\"de\",\"@id\":\"https:\\\/\\\/marktxxl.de\\\/markt\\\/produkt\\\/bmsare-pc-controller-wireless-24ghz-game-controller-gamepad-joystick-fuer-ps3-und-pc-windows-10-7-8-android-smart-tv-tv-box-mit-dual-shock-und-600mah-wiederaufladbare-batterie\\\/#primaryimage\",\"url\":\"https:\\\/\\\/m.media-amazon.com\\\/images\\\/I\\\/41aCASTi2WL._SL500_.jpg\",\"contentUrl\":\"https:\\\/\\\/m.media-amazon.com\\\/images\\\/I\\\/41aCASTi2WL._SL500_.jpg\",\"width\":500,\"height\":500},{\"@type\":\"BreadcrumbList\",\"@id\":\"https:\\\/\\\/marktxxl.de\\\/markt\\\/produkt\\\/bmsare-pc-controller-wireless-24ghz-game-controller-gamepad-joystick-fuer-ps3-und-pc-windows-10-7-8-android-smart-tv-tv-box-mit-dual-shock-und-600mah-wiederaufladbare-batterie\\\/#breadcrumb\",\"itemListElement\":[{\"@type\":\"ListItem\",\"position\":1,\"name\":\"Startseite\",\"item\":\"https:\\\/\\\/marktxxl.de\\\/markt\\\/\"},{\"@type\":\"ListItem\",\"position\":2,\"name\":\"Markt\",\"item\":\"https:\\\/\\\/marktxxl.de\\\/markt\\\/\"},{\"@type\":\"ListItem\",\"position\":3,\"name\":\"BMSARE PC Controller Wireless, 2,4GHz Game Controller Gamepad Joystick f\u00fcr PS3 und PC Windows 11 10 7 8, Android Smart\u2026\"}]},{\"@type\":\"WebSite\",\"@id\":\"https:\\\/\\\/marktxxl.de\\\/markt\\\/#website\",\"url\":\"https:\\\/\\\/marktxxl.de\\\/markt\\\/\",\"name\":\"Markt-XXL\",\"description\":\"Ihr Markt Online\",\"publisher\":{\"@id\":\"https:\\\/\\\/marktxxl.de\\\/markt\\\/#organization\"},\"potentialAction\":[{\"@type\":\"SearchAction\",\"target\":{\"@type\":\"EntryPoint\",\"urlTemplate\":\"https:\\\/\\\/marktxxl.de\\\/markt\\\/?s={search_term_string}\"},\"query-input\":{\"@type\":\"PropertyValueSpecification\",\"valueRequired\":true,\"valueName\":\"search_term_string\"}}],\"inLanguage\":\"de\"},{\"@type\":\"Organization\",\"@id\":\"https:\\\/\\\/marktxxl.de\\\/markt\\\/#organization\",\"name\":\"Markt-XXL\",\"url\":\"https:\\\/\\\/marktxxl.de\\\/markt\\\/\",\"logo\":{\"@type\":\"ImageObject\",\"inLanguage\":\"de\",\"@id\":\"https:\\\/\\\/marktxxl.de\\\/markt\\\/#\\\/schema\\\/logo\\\/image\\\/\",\"url\":\"https:\\\/\\\/marktxxl.de\\\/markt\\\/wp-content\\\/uploads\\\/sites\\\/3\\\/2020\\\/12\\\/logo.png\",\"contentUrl\":\"https:\\\/\\\/marktxxl.de\\\/markt\\\/wp-content\\\/uploads\\\/sites\\\/3\\\/2020\\\/12\\\/logo.png\",\"width\":200,\"height\":70,\"caption\":\"Markt-XXL\"},\"image\":{\"@id\":\"https:\\\/\\\/marktxxl.de\\\/markt\\\/#\\\/schema\\\/logo\\\/image\\\/\"}}]}<\/script>\n<!-- \/ Yoast SEO plugin. -->","yoast_head_json":{"title":"BMSARE PC Controller Wireless, 2,4GHz Game Controller Gamepad Joystick f\u00fcr PS3 und PC Windows 11 10 7 8, Android Smart\u2026 - Markt-XXL","description":"Markt-XXL BMSARE PC Controller Wireless, 2,4GHz Game Controller Gamepad Joystick f\u00fcr PS3 und PC Windows 11 10 7 8, Android Smart\u2026","robots":{"index":"index","follow":"follow","max-snippet":"max-snippet:-1","max-image-preview":"max-image-preview:large","max-video-preview":"max-video-preview:-1"},"canonical":"https:\/\/marktxxl.de\/markt\/produkt\/bmsare-pc-controller-wireless-24ghz-game-controller-gamepad-joystick-fuer-ps3-und-pc-windows-10-7-8-android-smart-tv-tv-box-mit-dual-shock-und-600mah-wiederaufladbare-batterie\/","og_locale":"de_DE","og_type":"article","og_title":"BMSARE PC Controller Wireless, 2,4GHz Game Controller Gamepad Joystick f\u00fcr PS3 und PC Windows 11 10 7 8, Android Smart\u2026 - Markt-XXL","og_description":"Markt-XXL BMSARE PC Controller Wireless, 2,4GHz Game Controller Gamepad Joystick f\u00fcr PS3 und PC Windows 11 10 7 8, Android Smart\u2026","og_url":"https:\/\/marktxxl.de\/markt\/produkt\/bmsare-pc-controller-wireless-24ghz-game-controller-gamepad-joystick-fuer-ps3-und-pc-windows-10-7-8-android-smart-tv-tv-box-mit-dual-shock-und-600mah-wiederaufladbare-batterie\/","og_site_name":"Markt-XXL","article_modified_time":"2023-04-11T00:51:24+00:00","og_image":[{"width":500,"height":500,"url":"https:\/\/m.media-amazon.com\/images\/I\/41aCASTi2WL._SL500_.jpg","type":"image\/jpeg"}],"twitter_card":"summary_large_image","twitter_misc":{"Gesch\u00e4tzte Lesezeit":"1\u00a0Minute"},"schema":{"@context":"https:\/\/schema.org","@graph":[{"@type":"WebPage","@id":"https:\/\/marktxxl.de\/markt\/produkt\/bmsare-pc-controller-wireless-24ghz-game-controller-gamepad-joystick-fuer-ps3-und-pc-windows-10-7-8-android-smart-tv-tv-box-mit-dual-shock-und-600mah-wiederaufladbare-batterie\/","url":"https:\/\/marktxxl.de\/markt\/produkt\/bmsare-pc-controller-wireless-24ghz-game-controller-gamepad-joystick-fuer-ps3-und-pc-windows-10-7-8-android-smart-tv-tv-box-mit-dual-shock-und-600mah-wiederaufladbare-batterie\/","name":"BMSARE PC Controller Wireless, 2,4GHz Game Controller Gamepad Joystick f\u00fcr PS3 und PC Windows 11 10 7 8, Android Smart\u2026 - Markt-XXL","isPartOf":{"@id":"https:\/\/marktxxl.de\/markt\/#website"},"primaryImageOfPage":{"@id":"https:\/\/marktxxl.de\/markt\/produkt\/bmsare-pc-controller-wireless-24ghz-game-controller-gamepad-joystick-fuer-ps3-und-pc-windows-10-7-8-android-smart-tv-tv-box-mit-dual-shock-und-600mah-wiederaufladbare-batterie\/#primaryimage"},"image":{"@id":"https:\/\/marktxxl.de\/markt\/produkt\/bmsare-pc-controller-wireless-24ghz-game-controller-gamepad-joystick-fuer-ps3-und-pc-windows-10-7-8-android-smart-tv-tv-box-mit-dual-shock-und-600mah-wiederaufladbare-batterie\/#primaryimage"},"thumbnailUrl":"https:\/\/m.media-amazon.com\/images\/I\/41aCASTi2WL._SL500_.jpg","datePublished":"2021-11-25T14:04:18+00:00","dateModified":"2023-04-11T00:51:24+00:00","description":"Markt-XXL BMSARE PC Controller Wireless, 2,4GHz Game Controller Gamepad Joystick f\u00fcr PS3 und PC Windows 11 10 7 8, Android Smart\u2026","breadcrumb":{"@id":"https:\/\/marktxxl.de\/markt\/produkt\/bmsare-pc-controller-wireless-24ghz-game-controller-gamepad-joystick-fuer-ps3-und-pc-windows-10-7-8-android-smart-tv-tv-box-mit-dual-shock-und-600mah-wiederaufladbare-batterie\/#breadcrumb"},"inLanguage":"de","potentialAction":[{"@type":"ReadAction","target":["https:\/\/marktxxl.de\/markt\/produkt\/bmsare-pc-controller-wireless-24ghz-game-controller-gamepad-joystick-fuer-ps3-und-pc-windows-10-7-8-android-smart-tv-tv-box-mit-dual-shock-und-600mah-wiederaufladbare-batterie\/"]}]},{"@type":"ImageObject","inLanguage":"de","@id":"https:\/\/marktxxl.de\/markt\/produkt\/bmsare-pc-controller-wireless-24ghz-game-controller-gamepad-joystick-fuer-ps3-und-pc-windows-10-7-8-android-smart-tv-tv-box-mit-dual-shock-und-600mah-wiederaufladbare-batterie\/#primaryimage","url":"https:\/\/m.media-amazon.com\/images\/I\/41aCASTi2WL._SL500_.jpg","contentUrl":"https:\/\/m.media-amazon.com\/images\/I\/41aCASTi2WL._SL500_.jpg","width":500,"height":500},{"@type":"BreadcrumbList","@id":"https:\/\/marktxxl.de\/markt\/produkt\/bmsare-pc-controller-wireless-24ghz-game-controller-gamepad-joystick-fuer-ps3-und-pc-windows-10-7-8-android-smart-tv-tv-box-mit-dual-shock-und-600mah-wiederaufladbare-batterie\/#breadcrumb","itemListElement":[{"@type":"ListItem","position":1,"name":"Startseite","item":"https:\/\/marktxxl.de\/markt\/"},{"@type":"ListItem","position":2,"name":"Markt","item":"https:\/\/marktxxl.de\/markt\/"},{"@type":"ListItem","position":3,"name":"BMSARE PC Controller Wireless, 2,4GHz Game Controller Gamepad Joystick f\u00fcr PS3 und PC Windows 11 10 7 8, Android Smart\u2026"}]},{"@type":"WebSite","@id":"https:\/\/marktxxl.de\/markt\/#website","url":"https:\/\/marktxxl.de\/markt\/","name":"Markt-XXL","description":"Ihr Markt Online","publisher":{"@id":"https:\/\/marktxxl.de\/markt\/#organization"},"potentialAction":[{"@type":"SearchAction","target":{"@type":"EntryPoint","urlTemplate":"https:\/\/marktxxl.de\/markt\/?s={search_term_string}"},"query-input":{"@type":"PropertyValueSpecification","valueRequired":true,"valueName":"search_term_string"}}],"inLanguage":"de"},{"@type":"Organization","@id":"https:\/\/marktxxl.de\/markt\/#organization","name":"Markt-XXL","url":"https:\/\/marktxxl.de\/markt\/","logo":{"@type":"ImageObject","inLanguage":"de","@id":"https:\/\/marktxxl.de\/markt\/#\/schema\/logo\/image\/","url":"https:\/\/marktxxl.de\/markt\/wp-content\/uploads\/sites\/3\/2020\/12\/logo.png","contentUrl":"https:\/\/marktxxl.de\/markt\/wp-content\/uploads\/sites\/3\/2020\/12\/logo.png","width":200,"height":70,"caption":"Markt-XXL"},"image":{"@id":"https:\/\/marktxxl.de\/markt\/#\/schema\/logo\/image\/"}}]}},"_links":{"self":[{"href":"https:\/\/marktxxl.de\/markt\/wp-json\/wp\/v2\/product\/77097","targetHints":{"allow":["GET"]}}],"collection":[{"href":"https:\/\/marktxxl.de\/markt\/wp-json\/wp\/v2\/product"}],"about":[{"href":"https:\/\/marktxxl.de\/markt\/wp-json\/wp\/v2\/types\/product"}],"replies":[{"embeddable":true,"href":"https:\/\/marktxxl.de\/markt\/wp-json\/wp\/v2\/comments?post=77097"}],"wp:featuredmedia":[{"embeddable":true,"href":"https:\/\/marktxxl.de\/markt\/wp-json\/wp\/v2\/media\/77098"}],"wp:attachment":[{"href":"https:\/\/marktxxl.de\/markt\/wp-json\/wp\/v2\/media?parent=77097"}],"wp:term":[{"taxonomy":"product_brand","embeddable":true,"href":"https:\/\/marktxxl.de\/markt\/wp-json\/wp\/v2\/product_brand?post=77097"},{"taxonomy":"product_cat","embeddable":true,"href":"https:\/\/marktxxl.de\/markt\/wp-json\/wp\/v2\/product_cat?post=77097"},{"taxonomy":"product_tag","embeddable":true,"href":"https:\/\/marktxxl.de\/markt\/wp-json\/wp\/v2\/product_tag?post=77097"}],"curies":[{"name":"wp","href":"https:\/\/api.w.org\/{rel}","templated":true}]}}