{"id":77087,"date":"2021-11-25T15:04:14","date_gmt":"2021-11-25T14:04:14","guid":{"rendered":"https:\/\/marktxxl.de\/markt\/produkt\/usb-c-hub-8-in-1-dock-hyperextended-adapter-bis-zu-4k-30hz-hdmi-vga-1080p-60hz-lan-ethernet-rj45-60w-pd-2-usb-3-0-3-5mm-audio-sd-fuer-macbook-pro-ipad-pro-ipad-mini-6-mehr-typ-c-geraeten\/"},"modified":"2023-04-11T02:51:24","modified_gmt":"2023-04-11T00:51:24","slug":"usb-c-hub-8-in-1-dock-hyperextended-adapter-bis-zu-4k-30hz-hdmi-vga-1080p-60hz-lan-ethernet-rj45-60w-pd-2-usb-3-0-3-5mm-audio-sd-fuer-macbook-pro-ipad-pro-ipad-mini-6-mehr-typ-c-geraeten","status":"publish","type":"product","link":"https:\/\/marktxxl.de\/markt\/produkt\/usb-c-hub-8-in-1-dock-hyperextended-adapter-bis-zu-4k-30hz-hdmi-vga-1080p-60hz-lan-ethernet-rj45-60w-pd-2-usb-3-0-3-5mm-audio-sd-fuer-macbook-pro-ipad-pro-ipad-mini-6-mehr-typ-c-geraeten\/","title":{"rendered":"USB C Hub HDMI USB C Adapter 8 in 1 Dockingstation USB C mit 4K HDMI,USB 3.0,VGA,LAN RJ45 Gigabit Ethernet,PD 100 W,SD\u2026"},"content":{"rendered":"<p>\u30108-in-1 USB C Hub\u3011: \u00dcber USB C Hub, Machen Sie einen USB-C- \/ Thunderbolt 3- \/ Typ-C-Anschluss Ihres Notebooks zu ein 4K@30Hz-HDMI-Ausgang, 1080P@60Hz-VGA-Ausgang, ein 60W-PD-Ladeanschluss, ein 1Gbps-RJ45-Ethernet-Anschluss, ein SD-Kartenleser und zwei USB3.0-A-Anschl\u00fcsse, 3,5 mm Audio, Dieser USB C Hub aus Aluminium verf\u00fcgt \u00fcber eine hervorragende Vibrations- und Sto\u00dffestigkeit. Super stabil und sicher f\u00fcr die Videoausgabe und das schnelle Laden.<br \/>\n\u3010Hochaufl\u00f6sender 4K Ausgang\u3011Einzelner HDMI Ausgang: 4K@30 Hz, Einzelner VGA: 1920*1080 60Hz. Das Hinzuf\u00fcgen weiterer Displays zu Ihrer Workstation kann schwierig sein, insbesondere wenn Ihr Computer MST nicht unterst\u00fctzt oder viele externe Videoanschl\u00fcsse bietet. Dieser USB C HUB Dual Adapter verf\u00fcgt \u00fcber zwei Videoausg\u00e4nge, Kann gleichzeitig ausgegeben werden HDMI mit VGA 1080P 60Hz die Ihre Produktivit\u00e4t steigern, Sie mehr Bildschirmfl\u00e4che zum Arbeiten haben.<br \/>\n\u3010PD2.0 Schnellaufladen und 3,5 mm Audioanschluss\u3011Der Typ C Anschluss kann mit Ihrem Ladeadapter verbunden werden, um eine 60W Schnellaufladung f\u00fcr Ihren PC anzubieten. \u00dcber einen Audioanschluss k\u00f6nnen Sie mit Ihrem Macbook Pro Musik h\u00f6ren. Unterst\u00fctzt die Audioausgabe durch Anschlie\u00dfen an Kopfh\u00f6rer und Lautsprecher. Hinweis: Die Audio Lautst\u00e4rke kann nicht ge\u00e4ndert werden.<br \/>\n\u3010Super Schnelle Daten \u00dcbertragung\u3011USB 3.0 Anschluss bietet Daten\u00fcbertragungsgeschwindigkeiten von bis zu 5 Gbit\/s, und HD Videos k\u00f6nnen in wenigen Sekunden \u00fcbertragen werden. Der LAN Port unterst\u00fctzt bis zu 1000 Mbit\/s und Sie k\u00f6nnen ein stabiles Netzwerk aufbauen. USB-C-3.0-Hub mit Super Schneller Daten\u00fcbertragung, Erm\u00f6glicht den Anschluss von Tastatur, Maus, Festplatte usw. an Ihr Laptop, Tablet oder Smartphone<br \/>\n\u3010Breite Kompatibilit\u00e4t &amp; Lebenslange Guarantie\u3011Der schlanke und winzige USB-C-Hub, kompatibel mit fast allen Typ-C-Ger\u00e4ten, Kompatibel mit iMac(2017), MacBook Pro(2020\/2019\/2018\/2017), MacBook Air(2020\/2019\/2018), Huawei Mate10, Dell XPS12(9250) \/ XPS13(9350) \/ XPS15(9550) \/ Precision (5510), Lenovo Yoga5 Pro, Lenovo YOGA S740, HP Spectre \/ Spectre X360 \/ Elitebook Folio \/ EliteX2 oder andere PCs mit USB C Adapter. (Bitte \u00fcberpr\u00fcfen Sie das kompatible Modell vor dem Kauf.)<br \/>\n<div class=\"main-cross-sell\" data-asin=\"B09KMS5XCF\">\n\n\t<div class=\"WooZone-cross-sell-loader\">\n\t\t<div>\n\t\t\t<div id=\"floatingBarsG\">\n\t\t\t\t<div class=\"blockG\" id=\"rotateG_01\"><\/div>\n\t\t\t\t<div class=\"blockG\" id=\"rotateG_02\"><\/div>\n\t\t\t\t<div class=\"blockG\" id=\"rotateG_03\"><\/div>\n\t\t\t\t<div class=\"blockG\" id=\"rotateG_04\"><\/div>\n\t\t\t\t<div class=\"blockG\" id=\"rotateG_05\"><\/div>\n\t\t\t\t<div class=\"blockG\" id=\"rotateG_06\"><\/div>\n\t\t\t\t<div class=\"blockG\" id=\"rotateG_07\"><\/div>\n\t\t\t\t<div class=\"blockG\" id=\"rotateG_08\"><\/div>\n\t\t\t<\/div>\n\t\t\t<div class=\"WooZone-cross-sell-loader-text\"><\/div>\n\t\t<\/div>\n\t<\/div>\n\n\t\t\n<\/div>\n<div style=\"clear:both;\"><\/div><\/p>\n","protected":false},"excerpt":{"rendered":"<p>\u30108-in-1 USB C Hub\u3011: \u00dcber USB C Hub, Machen Sie einen USB-C- \/ Thunderbolt 3- \/ Typ-C-Anschluss Ihres Notebooks zu ein 4K@30Hz-HDMI-Ausgang, 1080P@60Hz-VGA-Ausgang, ein 60W-PD-Ladeanschluss, ein 1Gbps-RJ45-Ethernet-Anschluss, ein SD-Kartenleser und zwei USB3.0-A-Anschl\u00fcsse, 3,5 mm Audio, Dieser USB C Hub aus Aluminium verf\u00fcgt \u00fcber eine hervorragende Vibrations- und Sto\u00dffestigkeit. Super stabil und sicher f\u00fcr die Videoausgabe und das schnelle Laden.<br \/>\n\u3010Hochaufl\u00f6sender 4K Ausgang\u3011Einzelner HDMI Ausgang: 4K@30 Hz, Einzelner VGA: 1920*1080 60Hz. Das Hinzuf\u00fcgen weiterer Displays zu Ihrer Workstation kann schwierig sein, insbesondere wenn Ihr Computer MST nicht unterst\u00fctzt oder viele externe Videoanschl\u00fcsse bietet. Dieser USB C HUB Dual Adapter verf\u00fcgt \u00fcber zwei Videoausg\u00e4nge, Kann gleichzeitig ausgegeben werden HDMI mit VGA 1080P 60Hz die Ihre Produktivit\u00e4t steigern, Sie mehr Bildschirmfl\u00e4che zum Arbeiten haben.<br \/>\n\u3010PD2.0 Schnellaufladen und 3,5 mm Audioanschluss\u3011Der Typ C Anschluss kann mit Ihrem Ladeadapter verbunden werden, um eine 60W Schnellaufladung f\u00fcr Ihren PC anzubieten. \u00dcber einen Audioanschluss k\u00f6nnen Sie mit Ihrem Macbook Pro Musik h\u00f6ren. Unterst\u00fctzt die Audioausgabe durch Anschlie\u00dfen an Kopfh\u00f6rer und Lautsprecher. Hinweis: Die Audio Lautst\u00e4rke kann nicht ge\u00e4ndert werden.<\/p>\n","protected":false},"featured_media":77088,"comment_status":"open","ping_status":"closed","template":"","meta":[],"product_brand":[],"product_cat":[863],"product_tag":[],"class_list":{"0":"post-77087","1":"product","2":"type-product","3":"status-publish","4":"has-post-thumbnail","6":"product_cat-computer-zubehoer","7":"pa_brand-foloda","8":"pa_manufacturer-foloda","9":"pa_warranty-1-year-warranty-against-manufacturer-defects","11":"first","12":"instock","13":"shipping-taxable","14":"purchasable","15":"product-type-simple","16":"customify-col","17":"product-has-gallery"},"yoast_head":"<!-- This site is optimized with the Yoast SEO plugin v27.4 - https:\/\/yoast.com\/product\/yoast-seo-wordpress\/ -->\n<title>USB C Hub HDMI USB C Adapter 8 in 1 Dockingstation USB C mit 4K HDMI,USB 3.0,VGA,LAN RJ45 Gigabit Ethernet,PD 100 W,SD\u2026 - Markt-XXL<\/title>\n<meta name=\"description\" content=\"Markt-XXL USB C Hub HDMI USB C Adapter 8 in 1 Dockingstation USB C mit 4K HDMI,USB 3.0,VGA,LAN RJ45 Gigabit Ethernet,PD 100 W,SD\u2026\" \/>\n<meta name=\"robots\" content=\"index, follow, max-snippet:-1, max-image-preview:large, max-video-preview:-1\" \/>\n<link rel=\"canonical\" href=\"https:\/\/marktxxl.de\/markt\/produkt\/usb-c-hub-8-in-1-dock-hyperextended-adapter-bis-zu-4k-30hz-hdmi-vga-1080p-60hz-lan-ethernet-rj45-60w-pd-2-usb-3-0-3-5mm-audio-sd-fuer-macbook-pro-ipad-pro-ipad-mini-6-mehr-typ-c-geraeten\/\" \/>\n<meta property=\"og:locale\" content=\"de_DE\" \/>\n<meta property=\"og:type\" content=\"article\" \/>\n<meta property=\"og:title\" content=\"USB C Hub HDMI USB C Adapter 8 in 1 Dockingstation USB C mit 4K HDMI,USB 3.0,VGA,LAN RJ45 Gigabit Ethernet,PD 100 W,SD\u2026 - Markt-XXL\" \/>\n<meta property=\"og:description\" content=\"Markt-XXL USB C Hub HDMI USB C Adapter 8 in 1 Dockingstation USB C mit 4K HDMI,USB 3.0,VGA,LAN RJ45 Gigabit Ethernet,PD 100 W,SD\u2026\" \/>\n<meta property=\"og:url\" content=\"https:\/\/marktxxl.de\/markt\/produkt\/usb-c-hub-8-in-1-dock-hyperextended-adapter-bis-zu-4k-30hz-hdmi-vga-1080p-60hz-lan-ethernet-rj45-60w-pd-2-usb-3-0-3-5mm-audio-sd-fuer-macbook-pro-ipad-pro-ipad-mini-6-mehr-typ-c-geraeten\/\" \/>\n<meta property=\"og:site_name\" content=\"Markt-XXL\" \/>\n<meta property=\"article:modified_time\" content=\"2023-04-11T00:51:24+00:00\" \/>\n<meta property=\"og:image\" content=\"https:\/\/m.media-amazon.com\/images\/I\/31I7gr0lNHL._SL500_.jpg\" \/>\n\t<meta property=\"og:image:width\" content=\"500\" \/>\n\t<meta property=\"og:image:height\" content=\"500\" \/>\n\t<meta property=\"og:image:type\" content=\"image\/jpeg\" \/>\n<meta name=\"twitter:card\" content=\"summary_large_image\" \/>\n<meta name=\"twitter:label1\" content=\"Gesch\u00e4tzte Lesezeit\" \/>\n\t<meta name=\"twitter:data1\" content=\"2\u00a0Minuten\" \/>\n<script type=\"application\/ld+json\" class=\"yoast-schema-graph\">{\"@context\":\"https:\\\/\\\/schema.org\",\"@graph\":[{\"@type\":\"WebPage\",\"@id\":\"https:\\\/\\\/marktxxl.de\\\/markt\\\/produkt\\\/usb-c-hub-8-in-1-dock-hyperextended-adapter-bis-zu-4k-30hz-hdmi-vga-1080p-60hz-lan-ethernet-rj45-60w-pd-2-usb-3-0-3-5mm-audio-sd-fuer-macbook-pro-ipad-pro-ipad-mini-6-mehr-typ-c-geraeten\\\/\",\"url\":\"https:\\\/\\\/marktxxl.de\\\/markt\\\/produkt\\\/usb-c-hub-8-in-1-dock-hyperextended-adapter-bis-zu-4k-30hz-hdmi-vga-1080p-60hz-lan-ethernet-rj45-60w-pd-2-usb-3-0-3-5mm-audio-sd-fuer-macbook-pro-ipad-pro-ipad-mini-6-mehr-typ-c-geraeten\\\/\",\"name\":\"USB C Hub HDMI USB C Adapter 8 in 1 Dockingstation USB C mit 4K HDMI,USB 3.0,VGA,LAN RJ45 Gigabit Ethernet,PD 100 W,SD\u2026 - Markt-XXL\",\"isPartOf\":{\"@id\":\"https:\\\/\\\/marktxxl.de\\\/markt\\\/#website\"},\"primaryImageOfPage\":{\"@id\":\"https:\\\/\\\/marktxxl.de\\\/markt\\\/produkt\\\/usb-c-hub-8-in-1-dock-hyperextended-adapter-bis-zu-4k-30hz-hdmi-vga-1080p-60hz-lan-ethernet-rj45-60w-pd-2-usb-3-0-3-5mm-audio-sd-fuer-macbook-pro-ipad-pro-ipad-mini-6-mehr-typ-c-geraeten\\\/#primaryimage\"},\"image\":{\"@id\":\"https:\\\/\\\/marktxxl.de\\\/markt\\\/produkt\\\/usb-c-hub-8-in-1-dock-hyperextended-adapter-bis-zu-4k-30hz-hdmi-vga-1080p-60hz-lan-ethernet-rj45-60w-pd-2-usb-3-0-3-5mm-audio-sd-fuer-macbook-pro-ipad-pro-ipad-mini-6-mehr-typ-c-geraeten\\\/#primaryimage\"},\"thumbnailUrl\":\"https:\\\/\\\/m.media-amazon.com\\\/images\\\/I\\\/31I7gr0lNHL._SL500_.jpg\",\"datePublished\":\"2021-11-25T14:04:14+00:00\",\"dateModified\":\"2023-04-11T00:51:24+00:00\",\"description\":\"Markt-XXL USB C Hub HDMI USB C Adapter 8 in 1 Dockingstation USB C mit 4K HDMI,USB 3.0,VGA,LAN RJ45 Gigabit Ethernet,PD 100 W,SD\u2026\",\"breadcrumb\":{\"@id\":\"https:\\\/\\\/marktxxl.de\\\/markt\\\/produkt\\\/usb-c-hub-8-in-1-dock-hyperextended-adapter-bis-zu-4k-30hz-hdmi-vga-1080p-60hz-lan-ethernet-rj45-60w-pd-2-usb-3-0-3-5mm-audio-sd-fuer-macbook-pro-ipad-pro-ipad-mini-6-mehr-typ-c-geraeten\\\/#breadcrumb\"},\"inLanguage\":\"de\",\"potentialAction\":[{\"@type\":\"ReadAction\",\"target\":[\"https:\\\/\\\/marktxxl.de\\\/markt\\\/produkt\\\/usb-c-hub-8-in-1-dock-hyperextended-adapter-bis-zu-4k-30hz-hdmi-vga-1080p-60hz-lan-ethernet-rj45-60w-pd-2-usb-3-0-3-5mm-audio-sd-fuer-macbook-pro-ipad-pro-ipad-mini-6-mehr-typ-c-geraeten\\\/\"]}]},{\"@type\":\"ImageObject\",\"inLanguage\":\"de\",\"@id\":\"https:\\\/\\\/marktxxl.de\\\/markt\\\/produkt\\\/usb-c-hub-8-in-1-dock-hyperextended-adapter-bis-zu-4k-30hz-hdmi-vga-1080p-60hz-lan-ethernet-rj45-60w-pd-2-usb-3-0-3-5mm-audio-sd-fuer-macbook-pro-ipad-pro-ipad-mini-6-mehr-typ-c-geraeten\\\/#primaryimage\",\"url\":\"https:\\\/\\\/m.media-amazon.com\\\/images\\\/I\\\/31I7gr0lNHL._SL500_.jpg\",\"contentUrl\":\"https:\\\/\\\/m.media-amazon.com\\\/images\\\/I\\\/31I7gr0lNHL._SL500_.jpg\",\"width\":500,\"height\":500},{\"@type\":\"BreadcrumbList\",\"@id\":\"https:\\\/\\\/marktxxl.de\\\/markt\\\/produkt\\\/usb-c-hub-8-in-1-dock-hyperextended-adapter-bis-zu-4k-30hz-hdmi-vga-1080p-60hz-lan-ethernet-rj45-60w-pd-2-usb-3-0-3-5mm-audio-sd-fuer-macbook-pro-ipad-pro-ipad-mini-6-mehr-typ-c-geraeten\\\/#breadcrumb\",\"itemListElement\":[{\"@type\":\"ListItem\",\"position\":1,\"name\":\"Startseite\",\"item\":\"https:\\\/\\\/marktxxl.de\\\/markt\\\/\"},{\"@type\":\"ListItem\",\"position\":2,\"name\":\"Markt\",\"item\":\"https:\\\/\\\/marktxxl.de\\\/markt\\\/\"},{\"@type\":\"ListItem\",\"position\":3,\"name\":\"USB C Hub HDMI USB C Adapter 8 in 1 Dockingstation USB C mit 4K HDMI,USB 3.0,VGA,LAN RJ45 Gigabit Ethernet,PD 100 W,SD\u2026\"}]},{\"@type\":\"WebSite\",\"@id\":\"https:\\\/\\\/marktxxl.de\\\/markt\\\/#website\",\"url\":\"https:\\\/\\\/marktxxl.de\\\/markt\\\/\",\"name\":\"Markt-XXL\",\"description\":\"Ihr Markt Online\",\"publisher\":{\"@id\":\"https:\\\/\\\/marktxxl.de\\\/markt\\\/#organization\"},\"potentialAction\":[{\"@type\":\"SearchAction\",\"target\":{\"@type\":\"EntryPoint\",\"urlTemplate\":\"https:\\\/\\\/marktxxl.de\\\/markt\\\/?s={search_term_string}\"},\"query-input\":{\"@type\":\"PropertyValueSpecification\",\"valueRequired\":true,\"valueName\":\"search_term_string\"}}],\"inLanguage\":\"de\"},{\"@type\":\"Organization\",\"@id\":\"https:\\\/\\\/marktxxl.de\\\/markt\\\/#organization\",\"name\":\"Markt-XXL\",\"url\":\"https:\\\/\\\/marktxxl.de\\\/markt\\\/\",\"logo\":{\"@type\":\"ImageObject\",\"inLanguage\":\"de\",\"@id\":\"https:\\\/\\\/marktxxl.de\\\/markt\\\/#\\\/schema\\\/logo\\\/image\\\/\",\"url\":\"https:\\\/\\\/marktxxl.de\\\/markt\\\/wp-content\\\/uploads\\\/sites\\\/3\\\/2020\\\/12\\\/logo.png\",\"contentUrl\":\"https:\\\/\\\/marktxxl.de\\\/markt\\\/wp-content\\\/uploads\\\/sites\\\/3\\\/2020\\\/12\\\/logo.png\",\"width\":200,\"height\":70,\"caption\":\"Markt-XXL\"},\"image\":{\"@id\":\"https:\\\/\\\/marktxxl.de\\\/markt\\\/#\\\/schema\\\/logo\\\/image\\\/\"}}]}<\/script>\n<!-- \/ Yoast SEO plugin. -->","yoast_head_json":{"title":"USB C Hub HDMI USB C Adapter 8 in 1 Dockingstation USB C mit 4K HDMI,USB 3.0,VGA,LAN RJ45 Gigabit Ethernet,PD 100 W,SD\u2026 - Markt-XXL","description":"Markt-XXL USB C Hub HDMI USB C Adapter 8 in 1 Dockingstation USB C mit 4K HDMI,USB 3.0,VGA,LAN RJ45 Gigabit Ethernet,PD 100 W,SD\u2026","robots":{"index":"index","follow":"follow","max-snippet":"max-snippet:-1","max-image-preview":"max-image-preview:large","max-video-preview":"max-video-preview:-1"},"canonical":"https:\/\/marktxxl.de\/markt\/produkt\/usb-c-hub-8-in-1-dock-hyperextended-adapter-bis-zu-4k-30hz-hdmi-vga-1080p-60hz-lan-ethernet-rj45-60w-pd-2-usb-3-0-3-5mm-audio-sd-fuer-macbook-pro-ipad-pro-ipad-mini-6-mehr-typ-c-geraeten\/","og_locale":"de_DE","og_type":"article","og_title":"USB C Hub HDMI USB C Adapter 8 in 1 Dockingstation USB C mit 4K HDMI,USB 3.0,VGA,LAN RJ45 Gigabit Ethernet,PD 100 W,SD\u2026 - Markt-XXL","og_description":"Markt-XXL USB C Hub HDMI USB C Adapter 8 in 1 Dockingstation USB C mit 4K HDMI,USB 3.0,VGA,LAN RJ45 Gigabit Ethernet,PD 100 W,SD\u2026","og_url":"https:\/\/marktxxl.de\/markt\/produkt\/usb-c-hub-8-in-1-dock-hyperextended-adapter-bis-zu-4k-30hz-hdmi-vga-1080p-60hz-lan-ethernet-rj45-60w-pd-2-usb-3-0-3-5mm-audio-sd-fuer-macbook-pro-ipad-pro-ipad-mini-6-mehr-typ-c-geraeten\/","og_site_name":"Markt-XXL","article_modified_time":"2023-04-11T00:51:24+00:00","og_image":[{"width":500,"height":500,"url":"https:\/\/m.media-amazon.com\/images\/I\/31I7gr0lNHL._SL500_.jpg","type":"image\/jpeg"}],"twitter_card":"summary_large_image","twitter_misc":{"Gesch\u00e4tzte Lesezeit":"2\u00a0Minuten"},"schema":{"@context":"https:\/\/schema.org","@graph":[{"@type":"WebPage","@id":"https:\/\/marktxxl.de\/markt\/produkt\/usb-c-hub-8-in-1-dock-hyperextended-adapter-bis-zu-4k-30hz-hdmi-vga-1080p-60hz-lan-ethernet-rj45-60w-pd-2-usb-3-0-3-5mm-audio-sd-fuer-macbook-pro-ipad-pro-ipad-mini-6-mehr-typ-c-geraeten\/","url":"https:\/\/marktxxl.de\/markt\/produkt\/usb-c-hub-8-in-1-dock-hyperextended-adapter-bis-zu-4k-30hz-hdmi-vga-1080p-60hz-lan-ethernet-rj45-60w-pd-2-usb-3-0-3-5mm-audio-sd-fuer-macbook-pro-ipad-pro-ipad-mini-6-mehr-typ-c-geraeten\/","name":"USB C Hub HDMI USB C Adapter 8 in 1 Dockingstation USB C mit 4K HDMI,USB 3.0,VGA,LAN RJ45 Gigabit Ethernet,PD 100 W,SD\u2026 - Markt-XXL","isPartOf":{"@id":"https:\/\/marktxxl.de\/markt\/#website"},"primaryImageOfPage":{"@id":"https:\/\/marktxxl.de\/markt\/produkt\/usb-c-hub-8-in-1-dock-hyperextended-adapter-bis-zu-4k-30hz-hdmi-vga-1080p-60hz-lan-ethernet-rj45-60w-pd-2-usb-3-0-3-5mm-audio-sd-fuer-macbook-pro-ipad-pro-ipad-mini-6-mehr-typ-c-geraeten\/#primaryimage"},"image":{"@id":"https:\/\/marktxxl.de\/markt\/produkt\/usb-c-hub-8-in-1-dock-hyperextended-adapter-bis-zu-4k-30hz-hdmi-vga-1080p-60hz-lan-ethernet-rj45-60w-pd-2-usb-3-0-3-5mm-audio-sd-fuer-macbook-pro-ipad-pro-ipad-mini-6-mehr-typ-c-geraeten\/#primaryimage"},"thumbnailUrl":"https:\/\/m.media-amazon.com\/images\/I\/31I7gr0lNHL._SL500_.jpg","datePublished":"2021-11-25T14:04:14+00:00","dateModified":"2023-04-11T00:51:24+00:00","description":"Markt-XXL USB C Hub HDMI USB C Adapter 8 in 1 Dockingstation USB C mit 4K HDMI,USB 3.0,VGA,LAN RJ45 Gigabit Ethernet,PD 100 W,SD\u2026","breadcrumb":{"@id":"https:\/\/marktxxl.de\/markt\/produkt\/usb-c-hub-8-in-1-dock-hyperextended-adapter-bis-zu-4k-30hz-hdmi-vga-1080p-60hz-lan-ethernet-rj45-60w-pd-2-usb-3-0-3-5mm-audio-sd-fuer-macbook-pro-ipad-pro-ipad-mini-6-mehr-typ-c-geraeten\/#breadcrumb"},"inLanguage":"de","potentialAction":[{"@type":"ReadAction","target":["https:\/\/marktxxl.de\/markt\/produkt\/usb-c-hub-8-in-1-dock-hyperextended-adapter-bis-zu-4k-30hz-hdmi-vga-1080p-60hz-lan-ethernet-rj45-60w-pd-2-usb-3-0-3-5mm-audio-sd-fuer-macbook-pro-ipad-pro-ipad-mini-6-mehr-typ-c-geraeten\/"]}]},{"@type":"ImageObject","inLanguage":"de","@id":"https:\/\/marktxxl.de\/markt\/produkt\/usb-c-hub-8-in-1-dock-hyperextended-adapter-bis-zu-4k-30hz-hdmi-vga-1080p-60hz-lan-ethernet-rj45-60w-pd-2-usb-3-0-3-5mm-audio-sd-fuer-macbook-pro-ipad-pro-ipad-mini-6-mehr-typ-c-geraeten\/#primaryimage","url":"https:\/\/m.media-amazon.com\/images\/I\/31I7gr0lNHL._SL500_.jpg","contentUrl":"https:\/\/m.media-amazon.com\/images\/I\/31I7gr0lNHL._SL500_.jpg","width":500,"height":500},{"@type":"BreadcrumbList","@id":"https:\/\/marktxxl.de\/markt\/produkt\/usb-c-hub-8-in-1-dock-hyperextended-adapter-bis-zu-4k-30hz-hdmi-vga-1080p-60hz-lan-ethernet-rj45-60w-pd-2-usb-3-0-3-5mm-audio-sd-fuer-macbook-pro-ipad-pro-ipad-mini-6-mehr-typ-c-geraeten\/#breadcrumb","itemListElement":[{"@type":"ListItem","position":1,"name":"Startseite","item":"https:\/\/marktxxl.de\/markt\/"},{"@type":"ListItem","position":2,"name":"Markt","item":"https:\/\/marktxxl.de\/markt\/"},{"@type":"ListItem","position":3,"name":"USB C Hub HDMI USB C Adapter 8 in 1 Dockingstation USB C mit 4K HDMI,USB 3.0,VGA,LAN RJ45 Gigabit Ethernet,PD 100 W,SD\u2026"}]},{"@type":"WebSite","@id":"https:\/\/marktxxl.de\/markt\/#website","url":"https:\/\/marktxxl.de\/markt\/","name":"Markt-XXL","description":"Ihr Markt Online","publisher":{"@id":"https:\/\/marktxxl.de\/markt\/#organization"},"potentialAction":[{"@type":"SearchAction","target":{"@type":"EntryPoint","urlTemplate":"https:\/\/marktxxl.de\/markt\/?s={search_term_string}"},"query-input":{"@type":"PropertyValueSpecification","valueRequired":true,"valueName":"search_term_string"}}],"inLanguage":"de"},{"@type":"Organization","@id":"https:\/\/marktxxl.de\/markt\/#organization","name":"Markt-XXL","url":"https:\/\/marktxxl.de\/markt\/","logo":{"@type":"ImageObject","inLanguage":"de","@id":"https:\/\/marktxxl.de\/markt\/#\/schema\/logo\/image\/","url":"https:\/\/marktxxl.de\/markt\/wp-content\/uploads\/sites\/3\/2020\/12\/logo.png","contentUrl":"https:\/\/marktxxl.de\/markt\/wp-content\/uploads\/sites\/3\/2020\/12\/logo.png","width":200,"height":70,"caption":"Markt-XXL"},"image":{"@id":"https:\/\/marktxxl.de\/markt\/#\/schema\/logo\/image\/"}}]}},"_links":{"self":[{"href":"https:\/\/marktxxl.de\/markt\/wp-json\/wp\/v2\/product\/77087","targetHints":{"allow":["GET"]}}],"collection":[{"href":"https:\/\/marktxxl.de\/markt\/wp-json\/wp\/v2\/product"}],"about":[{"href":"https:\/\/marktxxl.de\/markt\/wp-json\/wp\/v2\/types\/product"}],"replies":[{"embeddable":true,"href":"https:\/\/marktxxl.de\/markt\/wp-json\/wp\/v2\/comments?post=77087"}],"wp:featuredmedia":[{"embeddable":true,"href":"https:\/\/marktxxl.de\/markt\/wp-json\/wp\/v2\/media\/77088"}],"wp:attachment":[{"href":"https:\/\/marktxxl.de\/markt\/wp-json\/wp\/v2\/media?parent=77087"}],"wp:term":[{"taxonomy":"product_brand","embeddable":true,"href":"https:\/\/marktxxl.de\/markt\/wp-json\/wp\/v2\/product_brand?post=77087"},{"taxonomy":"product_cat","embeddable":true,"href":"https:\/\/marktxxl.de\/markt\/wp-json\/wp\/v2\/product_cat?post=77087"},{"taxonomy":"product_tag","embeddable":true,"href":"https:\/\/marktxxl.de\/markt\/wp-json\/wp\/v2\/product_tag?post=77087"}],"curies":[{"name":"wp","href":"https:\/\/api.w.org\/{rel}","templated":true}]}}