{"id":77056,"date":"2021-11-25T15:03:52","date_gmt":"2021-11-25T14:03:52","guid":{"rendered":"https:\/\/marktxxl.de\/markt\/produkt\/hofsos-huelle-mit-tastatur-fuer-samsung-galaxy-tab-s6-lite-schutzhuelle-mit-pencil-halter-wireless-abnehmbare-tastatur-deutsches-qwertz-fuer-samsung-galaxy-tab-s6-lite-10-4-p610-p615-gruen\/"},"modified":"2023-04-11T02:51:23","modified_gmt":"2023-04-11T00:51:23","slug":"hofsos-huelle-mit-tastatur-fuer-samsung-galaxy-tab-s6-lite-schutzhuelle-mit-pencil-halter-wireless-abnehmbare-tastatur-deutsches-qwertz-fuer-samsung-galaxy-tab-s6-lite-10-4-p610-p615-gruen","status":"publish","type":"product","link":"https:\/\/marktxxl.de\/markt\/produkt\/hofsos-huelle-mit-tastatur-fuer-samsung-galaxy-tab-s6-lite-schutzhuelle-mit-pencil-halter-wireless-abnehmbare-tastatur-deutsches-qwertz-fuer-samsung-galaxy-tab-s6-lite-10-4-p610-p615-gruen\/","title":{"rendered":"Samsung Galaxy Tab S6 Lite H\u00fclle mit Tastatur &#8211; Schutzh\u00fclle mit Pencil Halter Wireless Abnehmbare Tastatur (Deutsches\u2026"},"content":{"rendered":"<p>\u3010Samsung Galaxy Tab S6 Lite H\u00fclle mit Tastatur\u3011- Die h\u00fclle mit tastatur ist speziell ma\u00dfgeschneidert f\u00fcr Samsung Galaxy Tab S6 Lite 10.4 2020 (P610\/P615), mit Bluetooth tastatur (QWERTZ Layout), pr\u00e4zise aussparungen f\u00fcr alle anschl\u00fcsse, kontrollen, sensoren und kameras.<br \/>\n\u3010Abnehmbare und Lange Akkulaufzeit\u3011- Die ultraschlanke kabellose tastatur kann mit einem magneten am Galaxy Tab S6 Lite H\u00fclle geh\u00e4use des angebracht werden, sodass sie die tastatur jederzeit problemlos entfernen k\u00f6nnen. Eingebauter premium li-Ionen akku mit energiesparmodus, der eine kontinuierliche arbeitszeit von mindestens 72 Stunden und eine standby zeit von 30 tagen bei voller ladung bietet. (ERINNERUNGEN: Laden sie die Tastatur vor dem ersten gebrauch ca. 2-3 stunden lang auf.)<br \/>\n\u3010Maximaler Schutz mit Integriertem Stifthalter\u3011- Das hochwertige ledergeh\u00e4use sch\u00fctzt Ihr Tab S6 Lite vor versehentlichem herunterfallen und St\u00f6\u00dfen. Das weiche, rutschfeste Innere sch\u00fctzt Ihr tablet vor kratzern. Mit dem integrierten stifthalter k\u00f6nnen Sie Ihren Samsung Galaxy Tab S6 Lite 10.4 Stift \u00fcberall hin mitnehmen. (Hinweis: Pencil ist nicht im lieferumfang enthalten.)<br \/>\n\u3010Mehrere Betrachtungswinkel\u3011- Mit diesem stilvollen und eleganten design k\u00f6nnen sie Ihr tablet in weniger als einer sekunde in einen laptop verwandeln. Sie k\u00f6nnen Ihr Tab S6 Lite im querformat auf verschiedene betrachtungswinkel umschalten, um die bequemste betrachtungsposition zu erzielen. Perfekt zum arbeiten, schreiben oder ansehen von Videos.<br \/>\n\u3010Auto Sleep \/ Wake Funktion\u3011- Das Samsung Galaxy Tab S6 Lite schaltet sich automatisch ein oder wechselt in den schlafmodus, wenn sich der deckel \u00f6ffnet oder schlie\u00dft. Diese funktion spart mehr strom f\u00fcr Ihr tablet und macht es f\u00fcr ihre verwendung bequemer.<br \/>\n<div class=\"main-cross-sell\" data-asin=\"B09DXCW72T\">\n\n\t<div class=\"WooZone-cross-sell-loader\">\n\t\t<div>\n\t\t\t<div id=\"floatingBarsG\">\n\t\t\t\t<div class=\"blockG\" id=\"rotateG_01\"><\/div>\n\t\t\t\t<div class=\"blockG\" id=\"rotateG_02\"><\/div>\n\t\t\t\t<div class=\"blockG\" id=\"rotateG_03\"><\/div>\n\t\t\t\t<div class=\"blockG\" id=\"rotateG_04\"><\/div>\n\t\t\t\t<div class=\"blockG\" id=\"rotateG_05\"><\/div>\n\t\t\t\t<div class=\"blockG\" id=\"rotateG_06\"><\/div>\n\t\t\t\t<div class=\"blockG\" id=\"rotateG_07\"><\/div>\n\t\t\t\t<div class=\"blockG\" id=\"rotateG_08\"><\/div>\n\t\t\t<\/div>\n\t\t\t<div class=\"WooZone-cross-sell-loader-text\"><\/div>\n\t\t<\/div>\n\t<\/div>\n\n\t\t\n<\/div>\n<div style=\"clear:both;\"><\/div><\/p>\n","protected":false},"excerpt":{"rendered":"<p>\u3010Samsung Galaxy Tab S6 Lite H\u00fclle mit Tastatur\u3011- Die h\u00fclle mit tastatur ist speziell ma\u00dfgeschneidert f\u00fcr Samsung Galaxy Tab S6 Lite 10.4 2020 (P610\/P615), mit Bluetooth tastatur (QWERTZ Layout), pr\u00e4zise aussparungen f\u00fcr alle anschl\u00fcsse, kontrollen, sensoren und kameras.<br \/>\n\u3010Abnehmbare und Lange Akkulaufzeit\u3011- Die ultraschlanke kabellose tastatur kann mit einem magneten am Galaxy Tab S6 Lite H\u00fclle geh\u00e4use des angebracht werden, sodass sie die tastatur jederzeit problemlos entfernen k\u00f6nnen. Eingebauter premium li-Ionen akku mit energiesparmodus, der eine kontinuierliche arbeitszeit von mindestens 72 Stunden und eine standby zeit von 30 tagen bei voller ladung bietet. (ERINNERUNGEN: Laden sie die Tastatur vor dem ersten gebrauch ca. 2-3 stunden lang auf.)<br \/>\n\u3010Maximaler Schutz mit Integriertem Stifthalter\u3011- Das hochwertige ledergeh\u00e4use sch\u00fctzt Ihr Tab S6 Lite vor versehentlichem herunterfallen und St\u00f6\u00dfen. Das weiche, rutschfeste Innere sch\u00fctzt Ihr tablet vor kratzern. Mit dem integrierten stifthalter k\u00f6nnen Sie Ihren Samsung Galaxy Tab S6 Lite 10.4 Stift \u00fcberall hin mitnehmen. (Hinweis: Pencil ist nicht im lieferumfang enthalten.)<\/p>\n","protected":false},"featured_media":77057,"comment_status":"open","ping_status":"closed","template":"","meta":[],"product_brand":[],"product_cat":[863],"product_tag":[],"class_list":{"0":"post-77056","1":"product","2":"type-product","3":"status-publish","4":"has-post-thumbnail","6":"product_cat-computer-zubehoer","7":"pa_brand-hofsos","8":"pa_color-green","9":"pa_height-0-9055118101-zoll","10":"pa_length-9-055118101-zoll","11":"pa_manufacturer-hofsos","12":"pa_weight-1-322773572-pfund","13":"pa_width-7-480314953-zoll","15":"first","16":"instock","17":"shipping-taxable","18":"purchasable","19":"product-type-simple","20":"customify-col","21":"product-has-gallery"},"yoast_head":"<!-- This site is optimized with the Yoast SEO plugin v27.4 - https:\/\/yoast.com\/product\/yoast-seo-wordpress\/ -->\n<title>Samsung Galaxy Tab S6 Lite H\u00fclle mit Tastatur - Schutzh\u00fclle mit Pencil Halter Wireless Abnehmbare Tastatur (Deutsches\u2026 - Markt-XXL<\/title>\n<meta name=\"description\" content=\"Markt-XXL Samsung Galaxy Tab S6 Lite H\u00fclle mit Tastatur - Schutzh\u00fclle mit Pencil Halter Wireless Abnehmbare Tastatur (Deutsches\u2026\" \/>\n<meta name=\"robots\" content=\"index, follow, max-snippet:-1, max-image-preview:large, max-video-preview:-1\" \/>\n<link rel=\"canonical\" href=\"https:\/\/marktxxl.de\/markt\/produkt\/hofsos-huelle-mit-tastatur-fuer-samsung-galaxy-tab-s6-lite-schutzhuelle-mit-pencil-halter-wireless-abnehmbare-tastatur-deutsches-qwertz-fuer-samsung-galaxy-tab-s6-lite-10-4-p610-p615-gruen\/\" \/>\n<meta property=\"og:locale\" content=\"de_DE\" \/>\n<meta property=\"og:type\" content=\"article\" \/>\n<meta property=\"og:title\" content=\"Samsung Galaxy Tab S6 Lite H\u00fclle mit Tastatur - Schutzh\u00fclle mit Pencil Halter Wireless Abnehmbare Tastatur (Deutsches\u2026 - Markt-XXL\" \/>\n<meta property=\"og:description\" content=\"Markt-XXL Samsung Galaxy Tab S6 Lite H\u00fclle mit Tastatur - Schutzh\u00fclle mit Pencil Halter Wireless Abnehmbare Tastatur (Deutsches\u2026\" \/>\n<meta property=\"og:url\" content=\"https:\/\/marktxxl.de\/markt\/produkt\/hofsos-huelle-mit-tastatur-fuer-samsung-galaxy-tab-s6-lite-schutzhuelle-mit-pencil-halter-wireless-abnehmbare-tastatur-deutsches-qwertz-fuer-samsung-galaxy-tab-s6-lite-10-4-p610-p615-gruen\/\" \/>\n<meta property=\"og:site_name\" content=\"Markt-XXL\" \/>\n<meta property=\"article:modified_time\" content=\"2023-04-11T00:51:23+00:00\" \/>\n<meta property=\"og:image\" content=\"https:\/\/m.media-amazon.com\/images\/I\/41gl9h8r9rL._SL500_.jpg\" \/>\n\t<meta property=\"og:image:width\" content=\"500\" \/>\n\t<meta property=\"og:image:height\" content=\"500\" \/>\n\t<meta property=\"og:image:type\" content=\"image\/jpeg\" \/>\n<meta name=\"twitter:card\" content=\"summary_large_image\" \/>\n<meta name=\"twitter:label1\" content=\"Gesch\u00e4tzte Lesezeit\" \/>\n\t<meta name=\"twitter:data1\" content=\"1\u00a0Minute\" \/>\n<script type=\"application\/ld+json\" class=\"yoast-schema-graph\">{\"@context\":\"https:\\\/\\\/schema.org\",\"@graph\":[{\"@type\":\"WebPage\",\"@id\":\"https:\\\/\\\/marktxxl.de\\\/markt\\\/produkt\\\/hofsos-huelle-mit-tastatur-fuer-samsung-galaxy-tab-s6-lite-schutzhuelle-mit-pencil-halter-wireless-abnehmbare-tastatur-deutsches-qwertz-fuer-samsung-galaxy-tab-s6-lite-10-4-p610-p615-gruen\\\/\",\"url\":\"https:\\\/\\\/marktxxl.de\\\/markt\\\/produkt\\\/hofsos-huelle-mit-tastatur-fuer-samsung-galaxy-tab-s6-lite-schutzhuelle-mit-pencil-halter-wireless-abnehmbare-tastatur-deutsches-qwertz-fuer-samsung-galaxy-tab-s6-lite-10-4-p610-p615-gruen\\\/\",\"name\":\"Samsung Galaxy Tab S6 Lite H\u00fclle mit Tastatur - Schutzh\u00fclle mit Pencil Halter Wireless Abnehmbare Tastatur (Deutsches\u2026 - Markt-XXL\",\"isPartOf\":{\"@id\":\"https:\\\/\\\/marktxxl.de\\\/markt\\\/#website\"},\"primaryImageOfPage\":{\"@id\":\"https:\\\/\\\/marktxxl.de\\\/markt\\\/produkt\\\/hofsos-huelle-mit-tastatur-fuer-samsung-galaxy-tab-s6-lite-schutzhuelle-mit-pencil-halter-wireless-abnehmbare-tastatur-deutsches-qwertz-fuer-samsung-galaxy-tab-s6-lite-10-4-p610-p615-gruen\\\/#primaryimage\"},\"image\":{\"@id\":\"https:\\\/\\\/marktxxl.de\\\/markt\\\/produkt\\\/hofsos-huelle-mit-tastatur-fuer-samsung-galaxy-tab-s6-lite-schutzhuelle-mit-pencil-halter-wireless-abnehmbare-tastatur-deutsches-qwertz-fuer-samsung-galaxy-tab-s6-lite-10-4-p610-p615-gruen\\\/#primaryimage\"},\"thumbnailUrl\":\"https:\\\/\\\/m.media-amazon.com\\\/images\\\/I\\\/41gl9h8r9rL._SL500_.jpg\",\"datePublished\":\"2021-11-25T14:03:52+00:00\",\"dateModified\":\"2023-04-11T00:51:23+00:00\",\"description\":\"Markt-XXL Samsung Galaxy Tab S6 Lite H\u00fclle mit Tastatur - Schutzh\u00fclle mit Pencil Halter Wireless Abnehmbare Tastatur (Deutsches\u2026\",\"breadcrumb\":{\"@id\":\"https:\\\/\\\/marktxxl.de\\\/markt\\\/produkt\\\/hofsos-huelle-mit-tastatur-fuer-samsung-galaxy-tab-s6-lite-schutzhuelle-mit-pencil-halter-wireless-abnehmbare-tastatur-deutsches-qwertz-fuer-samsung-galaxy-tab-s6-lite-10-4-p610-p615-gruen\\\/#breadcrumb\"},\"inLanguage\":\"de\",\"potentialAction\":[{\"@type\":\"ReadAction\",\"target\":[\"https:\\\/\\\/marktxxl.de\\\/markt\\\/produkt\\\/hofsos-huelle-mit-tastatur-fuer-samsung-galaxy-tab-s6-lite-schutzhuelle-mit-pencil-halter-wireless-abnehmbare-tastatur-deutsches-qwertz-fuer-samsung-galaxy-tab-s6-lite-10-4-p610-p615-gruen\\\/\"]}]},{\"@type\":\"ImageObject\",\"inLanguage\":\"de\",\"@id\":\"https:\\\/\\\/marktxxl.de\\\/markt\\\/produkt\\\/hofsos-huelle-mit-tastatur-fuer-samsung-galaxy-tab-s6-lite-schutzhuelle-mit-pencil-halter-wireless-abnehmbare-tastatur-deutsches-qwertz-fuer-samsung-galaxy-tab-s6-lite-10-4-p610-p615-gruen\\\/#primaryimage\",\"url\":\"https:\\\/\\\/m.media-amazon.com\\\/images\\\/I\\\/41gl9h8r9rL._SL500_.jpg\",\"contentUrl\":\"https:\\\/\\\/m.media-amazon.com\\\/images\\\/I\\\/41gl9h8r9rL._SL500_.jpg\",\"width\":500,\"height\":500},{\"@type\":\"BreadcrumbList\",\"@id\":\"https:\\\/\\\/marktxxl.de\\\/markt\\\/produkt\\\/hofsos-huelle-mit-tastatur-fuer-samsung-galaxy-tab-s6-lite-schutzhuelle-mit-pencil-halter-wireless-abnehmbare-tastatur-deutsches-qwertz-fuer-samsung-galaxy-tab-s6-lite-10-4-p610-p615-gruen\\\/#breadcrumb\",\"itemListElement\":[{\"@type\":\"ListItem\",\"position\":1,\"name\":\"Startseite\",\"item\":\"https:\\\/\\\/marktxxl.de\\\/markt\\\/\"},{\"@type\":\"ListItem\",\"position\":2,\"name\":\"Markt\",\"item\":\"https:\\\/\\\/marktxxl.de\\\/markt\\\/\"},{\"@type\":\"ListItem\",\"position\":3,\"name\":\"Samsung Galaxy Tab S6 Lite H\u00fclle mit Tastatur &#8211; Schutzh\u00fclle mit Pencil Halter Wireless Abnehmbare Tastatur (Deutsches\u2026\"}]},{\"@type\":\"WebSite\",\"@id\":\"https:\\\/\\\/marktxxl.de\\\/markt\\\/#website\",\"url\":\"https:\\\/\\\/marktxxl.de\\\/markt\\\/\",\"name\":\"Markt-XXL\",\"description\":\"Ihr Markt Online\",\"publisher\":{\"@id\":\"https:\\\/\\\/marktxxl.de\\\/markt\\\/#organization\"},\"potentialAction\":[{\"@type\":\"SearchAction\",\"target\":{\"@type\":\"EntryPoint\",\"urlTemplate\":\"https:\\\/\\\/marktxxl.de\\\/markt\\\/?s={search_term_string}\"},\"query-input\":{\"@type\":\"PropertyValueSpecification\",\"valueRequired\":true,\"valueName\":\"search_term_string\"}}],\"inLanguage\":\"de\"},{\"@type\":\"Organization\",\"@id\":\"https:\\\/\\\/marktxxl.de\\\/markt\\\/#organization\",\"name\":\"Markt-XXL\",\"url\":\"https:\\\/\\\/marktxxl.de\\\/markt\\\/\",\"logo\":{\"@type\":\"ImageObject\",\"inLanguage\":\"de\",\"@id\":\"https:\\\/\\\/marktxxl.de\\\/markt\\\/#\\\/schema\\\/logo\\\/image\\\/\",\"url\":\"https:\\\/\\\/marktxxl.de\\\/markt\\\/wp-content\\\/uploads\\\/sites\\\/3\\\/2020\\\/12\\\/logo.png\",\"contentUrl\":\"https:\\\/\\\/marktxxl.de\\\/markt\\\/wp-content\\\/uploads\\\/sites\\\/3\\\/2020\\\/12\\\/logo.png\",\"width\":200,\"height\":70,\"caption\":\"Markt-XXL\"},\"image\":{\"@id\":\"https:\\\/\\\/marktxxl.de\\\/markt\\\/#\\\/schema\\\/logo\\\/image\\\/\"}}]}<\/script>\n<!-- \/ Yoast SEO plugin. -->","yoast_head_json":{"title":"Samsung Galaxy Tab S6 Lite H\u00fclle mit Tastatur - Schutzh\u00fclle mit Pencil Halter Wireless Abnehmbare Tastatur (Deutsches\u2026 - Markt-XXL","description":"Markt-XXL Samsung Galaxy Tab S6 Lite H\u00fclle mit Tastatur - Schutzh\u00fclle mit Pencil Halter Wireless Abnehmbare Tastatur (Deutsches\u2026","robots":{"index":"index","follow":"follow","max-snippet":"max-snippet:-1","max-image-preview":"max-image-preview:large","max-video-preview":"max-video-preview:-1"},"canonical":"https:\/\/marktxxl.de\/markt\/produkt\/hofsos-huelle-mit-tastatur-fuer-samsung-galaxy-tab-s6-lite-schutzhuelle-mit-pencil-halter-wireless-abnehmbare-tastatur-deutsches-qwertz-fuer-samsung-galaxy-tab-s6-lite-10-4-p610-p615-gruen\/","og_locale":"de_DE","og_type":"article","og_title":"Samsung Galaxy Tab S6 Lite H\u00fclle mit Tastatur - Schutzh\u00fclle mit Pencil Halter Wireless Abnehmbare Tastatur (Deutsches\u2026 - Markt-XXL","og_description":"Markt-XXL Samsung Galaxy Tab S6 Lite H\u00fclle mit Tastatur - Schutzh\u00fclle mit Pencil Halter Wireless Abnehmbare Tastatur (Deutsches\u2026","og_url":"https:\/\/marktxxl.de\/markt\/produkt\/hofsos-huelle-mit-tastatur-fuer-samsung-galaxy-tab-s6-lite-schutzhuelle-mit-pencil-halter-wireless-abnehmbare-tastatur-deutsches-qwertz-fuer-samsung-galaxy-tab-s6-lite-10-4-p610-p615-gruen\/","og_site_name":"Markt-XXL","article_modified_time":"2023-04-11T00:51:23+00:00","og_image":[{"width":500,"height":500,"url":"https:\/\/m.media-amazon.com\/images\/I\/41gl9h8r9rL._SL500_.jpg","type":"image\/jpeg"}],"twitter_card":"summary_large_image","twitter_misc":{"Gesch\u00e4tzte Lesezeit":"1\u00a0Minute"},"schema":{"@context":"https:\/\/schema.org","@graph":[{"@type":"WebPage","@id":"https:\/\/marktxxl.de\/markt\/produkt\/hofsos-huelle-mit-tastatur-fuer-samsung-galaxy-tab-s6-lite-schutzhuelle-mit-pencil-halter-wireless-abnehmbare-tastatur-deutsches-qwertz-fuer-samsung-galaxy-tab-s6-lite-10-4-p610-p615-gruen\/","url":"https:\/\/marktxxl.de\/markt\/produkt\/hofsos-huelle-mit-tastatur-fuer-samsung-galaxy-tab-s6-lite-schutzhuelle-mit-pencil-halter-wireless-abnehmbare-tastatur-deutsches-qwertz-fuer-samsung-galaxy-tab-s6-lite-10-4-p610-p615-gruen\/","name":"Samsung Galaxy Tab S6 Lite H\u00fclle mit Tastatur - Schutzh\u00fclle mit Pencil Halter Wireless Abnehmbare Tastatur (Deutsches\u2026 - Markt-XXL","isPartOf":{"@id":"https:\/\/marktxxl.de\/markt\/#website"},"primaryImageOfPage":{"@id":"https:\/\/marktxxl.de\/markt\/produkt\/hofsos-huelle-mit-tastatur-fuer-samsung-galaxy-tab-s6-lite-schutzhuelle-mit-pencil-halter-wireless-abnehmbare-tastatur-deutsches-qwertz-fuer-samsung-galaxy-tab-s6-lite-10-4-p610-p615-gruen\/#primaryimage"},"image":{"@id":"https:\/\/marktxxl.de\/markt\/produkt\/hofsos-huelle-mit-tastatur-fuer-samsung-galaxy-tab-s6-lite-schutzhuelle-mit-pencil-halter-wireless-abnehmbare-tastatur-deutsches-qwertz-fuer-samsung-galaxy-tab-s6-lite-10-4-p610-p615-gruen\/#primaryimage"},"thumbnailUrl":"https:\/\/m.media-amazon.com\/images\/I\/41gl9h8r9rL._SL500_.jpg","datePublished":"2021-11-25T14:03:52+00:00","dateModified":"2023-04-11T00:51:23+00:00","description":"Markt-XXL Samsung Galaxy Tab S6 Lite H\u00fclle mit Tastatur - Schutzh\u00fclle mit Pencil Halter Wireless Abnehmbare Tastatur (Deutsches\u2026","breadcrumb":{"@id":"https:\/\/marktxxl.de\/markt\/produkt\/hofsos-huelle-mit-tastatur-fuer-samsung-galaxy-tab-s6-lite-schutzhuelle-mit-pencil-halter-wireless-abnehmbare-tastatur-deutsches-qwertz-fuer-samsung-galaxy-tab-s6-lite-10-4-p610-p615-gruen\/#breadcrumb"},"inLanguage":"de","potentialAction":[{"@type":"ReadAction","target":["https:\/\/marktxxl.de\/markt\/produkt\/hofsos-huelle-mit-tastatur-fuer-samsung-galaxy-tab-s6-lite-schutzhuelle-mit-pencil-halter-wireless-abnehmbare-tastatur-deutsches-qwertz-fuer-samsung-galaxy-tab-s6-lite-10-4-p610-p615-gruen\/"]}]},{"@type":"ImageObject","inLanguage":"de","@id":"https:\/\/marktxxl.de\/markt\/produkt\/hofsos-huelle-mit-tastatur-fuer-samsung-galaxy-tab-s6-lite-schutzhuelle-mit-pencil-halter-wireless-abnehmbare-tastatur-deutsches-qwertz-fuer-samsung-galaxy-tab-s6-lite-10-4-p610-p615-gruen\/#primaryimage","url":"https:\/\/m.media-amazon.com\/images\/I\/41gl9h8r9rL._SL500_.jpg","contentUrl":"https:\/\/m.media-amazon.com\/images\/I\/41gl9h8r9rL._SL500_.jpg","width":500,"height":500},{"@type":"BreadcrumbList","@id":"https:\/\/marktxxl.de\/markt\/produkt\/hofsos-huelle-mit-tastatur-fuer-samsung-galaxy-tab-s6-lite-schutzhuelle-mit-pencil-halter-wireless-abnehmbare-tastatur-deutsches-qwertz-fuer-samsung-galaxy-tab-s6-lite-10-4-p610-p615-gruen\/#breadcrumb","itemListElement":[{"@type":"ListItem","position":1,"name":"Startseite","item":"https:\/\/marktxxl.de\/markt\/"},{"@type":"ListItem","position":2,"name":"Markt","item":"https:\/\/marktxxl.de\/markt\/"},{"@type":"ListItem","position":3,"name":"Samsung Galaxy Tab S6 Lite H\u00fclle mit Tastatur &#8211; Schutzh\u00fclle mit Pencil Halter Wireless Abnehmbare Tastatur (Deutsches\u2026"}]},{"@type":"WebSite","@id":"https:\/\/marktxxl.de\/markt\/#website","url":"https:\/\/marktxxl.de\/markt\/","name":"Markt-XXL","description":"Ihr Markt Online","publisher":{"@id":"https:\/\/marktxxl.de\/markt\/#organization"},"potentialAction":[{"@type":"SearchAction","target":{"@type":"EntryPoint","urlTemplate":"https:\/\/marktxxl.de\/markt\/?s={search_term_string}"},"query-input":{"@type":"PropertyValueSpecification","valueRequired":true,"valueName":"search_term_string"}}],"inLanguage":"de"},{"@type":"Organization","@id":"https:\/\/marktxxl.de\/markt\/#organization","name":"Markt-XXL","url":"https:\/\/marktxxl.de\/markt\/","logo":{"@type":"ImageObject","inLanguage":"de","@id":"https:\/\/marktxxl.de\/markt\/#\/schema\/logo\/image\/","url":"https:\/\/marktxxl.de\/markt\/wp-content\/uploads\/sites\/3\/2020\/12\/logo.png","contentUrl":"https:\/\/marktxxl.de\/markt\/wp-content\/uploads\/sites\/3\/2020\/12\/logo.png","width":200,"height":70,"caption":"Markt-XXL"},"image":{"@id":"https:\/\/marktxxl.de\/markt\/#\/schema\/logo\/image\/"}}]}},"_links":{"self":[{"href":"https:\/\/marktxxl.de\/markt\/wp-json\/wp\/v2\/product\/77056","targetHints":{"allow":["GET"]}}],"collection":[{"href":"https:\/\/marktxxl.de\/markt\/wp-json\/wp\/v2\/product"}],"about":[{"href":"https:\/\/marktxxl.de\/markt\/wp-json\/wp\/v2\/types\/product"}],"replies":[{"embeddable":true,"href":"https:\/\/marktxxl.de\/markt\/wp-json\/wp\/v2\/comments?post=77056"}],"wp:featuredmedia":[{"embeddable":true,"href":"https:\/\/marktxxl.de\/markt\/wp-json\/wp\/v2\/media\/77057"}],"wp:attachment":[{"href":"https:\/\/marktxxl.de\/markt\/wp-json\/wp\/v2\/media?parent=77056"}],"wp:term":[{"taxonomy":"product_brand","embeddable":true,"href":"https:\/\/marktxxl.de\/markt\/wp-json\/wp\/v2\/product_brand?post=77056"},{"taxonomy":"product_cat","embeddable":true,"href":"https:\/\/marktxxl.de\/markt\/wp-json\/wp\/v2\/product_cat?post=77056"},{"taxonomy":"product_tag","embeddable":true,"href":"https:\/\/marktxxl.de\/markt\/wp-json\/wp\/v2\/product_tag?post=77056"}],"curies":[{"name":"wp","href":"https:\/\/api.w.org\/{rel}","templated":true}]}}