{"id":77008,"date":"2021-11-25T15:00:32","date_gmt":"2021-11-25T14:00:32","guid":{"rendered":"https:\/\/marktxxl.de\/markt\/produkt\/tastatur-mit-huelle-samsung-galaxy-tab-a-t510n-t510-t515-t515n-tastatur-mit-huelle-wiederaufladbar-abnehmbar-qwertz-bluetooth-tastatur-und-schuetzhuelle-fuer-samsung-tab-a-101-zoll-2019-schwarz\/"},"modified":"2023-04-11T02:51:23","modified_gmt":"2023-04-11T00:51:23","slug":"tastatur-mit-huelle-samsung-galaxy-tab-a-t510n-t510-t515-t515n-tastatur-mit-huelle-wiederaufladbar-abnehmbar-qwertz-bluetooth-tastatur-und-schuetzhuelle-fuer-samsung-tab-a-101-zoll-2019-schwarz","status":"publish","type":"product","link":"https:\/\/marktxxl.de\/markt\/produkt\/tastatur-mit-huelle-samsung-galaxy-tab-a-t510n-t510-t515-t515n-tastatur-mit-huelle-wiederaufladbar-abnehmbar-qwertz-bluetooth-tastatur-und-schuetzhuelle-fuer-samsung-tab-a-101-zoll-2019-schwarz\/","title":{"rendered":"Tastatur mit H\u00fclle NUR f\u00fcr Samsung Galaxy Tab A T510N\/ T510\/ T515\/ T515N, Rosa"},"content":{"rendered":"<p>Samsung Galaxy Tab A 10.1 Zoll 2019 Tastatur mit H\u00fclle &#8211; Speziell f\u00fcr Samsung Galaxy Tab A 10.1 T510N\/ T510\/ T515\/ T515N entwickelt, NICHT f\u00fcr andere Modelle wie Samsung Galaxy Tab A 10.1 2016<br \/>\n4 in 1 Multi-Funktion &#8211; Lederh\u00fclle, abnehmbare Bluetooth Tastatur, Klappst\u00e4nder und integrierter Stifthalter f\u00fcr S Pen. Nicht nur Ihr Samsung Galaxy Tab A 10.1 T510N\/ T510\/ T515\/ T515N sch\u00fctzt, sondern Ihr Lieblingstablet in einen kleinen Laptop verwandelt. Perfekt f\u00fcr die Arbeit, Reise und Geschenk<br \/>\nBluetooth Tastatur &#8211; Die abnehmbare Bluetooth Keyboard erreicht bis zu 10 Meter. Dr\u00fccken Sie einfach B Knopf f\u00fcr 3 Sekunden, um den Bluetooth-Pairing-Modus zu aktivieren<br \/>\nWiederaufladbare Tastatur &#8211; 250mA Lithium-Akku eingebaut, erm\u00f6glicht die Tablet Tastatur eine Dauerarbeitszeit bis zu 24 Stunden. Die Ladezeit dauert 2-3 Stunden<br \/>\nHohe Qualit\u00e4t &amp; Garantie &#8211; Besteht aus High-End-ABS-Material, leise Eingabe, d\u00fcnn und leicht. Geeignet f\u00fcr eine angenehme ruhige Umgebung im B\u00fcro oder zuhause. F\u00fcr Frage bekommen Sie von uns eine Erstattung in einem Monat und einen kostenlosen Ersatz in der 1-j\u00e4hrigen Garantie<br \/>\n<div class=\"main-cross-sell\" data-asin=\"B098X2CMX6\">\n\n\t<div class=\"WooZone-cross-sell-loader\">\n\t\t<div>\n\t\t\t<div id=\"floatingBarsG\">\n\t\t\t\t<div class=\"blockG\" id=\"rotateG_01\"><\/div>\n\t\t\t\t<div class=\"blockG\" id=\"rotateG_02\"><\/div>\n\t\t\t\t<div class=\"blockG\" id=\"rotateG_03\"><\/div>\n\t\t\t\t<div class=\"blockG\" id=\"rotateG_04\"><\/div>\n\t\t\t\t<div class=\"blockG\" id=\"rotateG_05\"><\/div>\n\t\t\t\t<div class=\"blockG\" id=\"rotateG_06\"><\/div>\n\t\t\t\t<div class=\"blockG\" id=\"rotateG_07\"><\/div>\n\t\t\t\t<div class=\"blockG\" id=\"rotateG_08\"><\/div>\n\t\t\t<\/div>\n\t\t\t<div class=\"WooZone-cross-sell-loader-text\"><\/div>\n\t\t<\/div>\n\t<\/div>\n\n\t\t\n<\/div>\n<div style=\"clear:both;\"><\/div><\/p>\n","protected":false},"excerpt":{"rendered":"<p>Samsung Galaxy Tab A 10.1 Zoll 2019 Tastatur mit H\u00fclle &#8211; Speziell f\u00fcr Samsung Galaxy Tab A 10.1 T510N\/ T510\/ T515\/ T515N entwickelt, NICHT f\u00fcr andere Modelle wie Samsung Galaxy Tab A 10.1 2016<br \/>\n4 in 1 Multi-Funktion &#8211; Lederh\u00fclle, abnehmbare Bluetooth Tastatur, Klappst\u00e4nder und integrierter Stifthalter f\u00fcr S Pen. Nicht nur Ihr Samsung Galaxy Tab A 10.1 T510N\/ T510\/ T515\/ T515N sch\u00fctzt, sondern Ihr Lieblingstablet in einen kleinen Laptop verwandelt. Perfekt f\u00fcr die Arbeit, Reise und Geschenk<br \/>\nBluetooth Tastatur &#8211; Die abnehmbare Bluetooth Keyboard erreicht bis zu 10 Meter. Dr\u00fccken Sie einfach B Knopf f\u00fcr 3 Sekunden, um den Bluetooth-Pairing-Modus zu aktivieren<\/p>\n","protected":false},"featured_media":77009,"comment_status":"open","ping_status":"closed","template":"","meta":[],"product_brand":[],"product_cat":[863],"product_tag":[],"class_list":{"0":"post-77008","1":"product","2":"type-product","3":"status-publish","4":"has-post-thumbnail","6":"product_cat-computer-zubehoer","7":"pa_brand-ashu","8":"pa_color-schwarz","9":"pa_manufacturer-ashu","10":"pa_warranty-1-year-warranty-against-manufacturer-defects","12":"first","13":"instock","14":"shipping-taxable","15":"purchasable","16":"product-type-simple","17":"customify-col","18":"product-has-gallery"},"yoast_head":"<!-- This site is optimized with the Yoast SEO plugin v27.4 - https:\/\/yoast.com\/product\/yoast-seo-wordpress\/ -->\n<title>Tastatur mit H\u00fclle NUR f\u00fcr Samsung Galaxy Tab A T510N\/ T510\/ T515\/ T515N, Rosa - Markt-XXL<\/title>\n<meta name=\"description\" content=\"Markt-XXL Tastatur mit H\u00fclle NUR f\u00fcr Samsung Galaxy Tab A T510N\/ T510\/ T515\/ T515N, Rosa\" \/>\n<meta name=\"robots\" content=\"index, follow, max-snippet:-1, max-image-preview:large, max-video-preview:-1\" \/>\n<link rel=\"canonical\" href=\"https:\/\/marktxxl.de\/markt\/produkt\/tastatur-mit-huelle-samsung-galaxy-tab-a-t510n-t510-t515-t515n-tastatur-mit-huelle-wiederaufladbar-abnehmbar-qwertz-bluetooth-tastatur-und-schuetzhuelle-fuer-samsung-tab-a-101-zoll-2019-schwarz\/\" \/>\n<meta property=\"og:locale\" content=\"de_DE\" \/>\n<meta property=\"og:type\" content=\"article\" \/>\n<meta property=\"og:title\" content=\"Tastatur mit H\u00fclle NUR f\u00fcr Samsung Galaxy Tab A T510N\/ T510\/ T515\/ T515N, Rosa - Markt-XXL\" \/>\n<meta property=\"og:description\" content=\"Markt-XXL Tastatur mit H\u00fclle NUR f\u00fcr Samsung Galaxy Tab A T510N\/ T510\/ T515\/ T515N, Rosa\" \/>\n<meta property=\"og:url\" content=\"https:\/\/marktxxl.de\/markt\/produkt\/tastatur-mit-huelle-samsung-galaxy-tab-a-t510n-t510-t515-t515n-tastatur-mit-huelle-wiederaufladbar-abnehmbar-qwertz-bluetooth-tastatur-und-schuetzhuelle-fuer-samsung-tab-a-101-zoll-2019-schwarz\/\" \/>\n<meta property=\"og:site_name\" content=\"Markt-XXL\" \/>\n<meta property=\"article:modified_time\" content=\"2023-04-11T00:51:23+00:00\" \/>\n<meta property=\"og:image\" content=\"https:\/\/m.media-amazon.com\/images\/I\/41kffTQ03vL._SL500_.jpg\" \/>\n\t<meta property=\"og:image:width\" content=\"500\" \/>\n\t<meta property=\"og:image:height\" content=\"500\" \/>\n\t<meta property=\"og:image:type\" content=\"image\/jpeg\" \/>\n<meta name=\"twitter:card\" content=\"summary_large_image\" \/>\n<meta name=\"twitter:label1\" content=\"Gesch\u00e4tzte Lesezeit\" \/>\n\t<meta name=\"twitter:data1\" content=\"1\u00a0Minute\" \/>\n<script type=\"application\/ld+json\" class=\"yoast-schema-graph\">{\"@context\":\"https:\\\/\\\/schema.org\",\"@graph\":[{\"@type\":\"WebPage\",\"@id\":\"https:\\\/\\\/marktxxl.de\\\/markt\\\/produkt\\\/tastatur-mit-huelle-samsung-galaxy-tab-a-t510n-t510-t515-t515n-tastatur-mit-huelle-wiederaufladbar-abnehmbar-qwertz-bluetooth-tastatur-und-schuetzhuelle-fuer-samsung-tab-a-101-zoll-2019-schwarz\\\/\",\"url\":\"https:\\\/\\\/marktxxl.de\\\/markt\\\/produkt\\\/tastatur-mit-huelle-samsung-galaxy-tab-a-t510n-t510-t515-t515n-tastatur-mit-huelle-wiederaufladbar-abnehmbar-qwertz-bluetooth-tastatur-und-schuetzhuelle-fuer-samsung-tab-a-101-zoll-2019-schwarz\\\/\",\"name\":\"Tastatur mit H\u00fclle NUR f\u00fcr Samsung Galaxy Tab A T510N\\\/ T510\\\/ T515\\\/ T515N, Rosa - Markt-XXL\",\"isPartOf\":{\"@id\":\"https:\\\/\\\/marktxxl.de\\\/markt\\\/#website\"},\"primaryImageOfPage\":{\"@id\":\"https:\\\/\\\/marktxxl.de\\\/markt\\\/produkt\\\/tastatur-mit-huelle-samsung-galaxy-tab-a-t510n-t510-t515-t515n-tastatur-mit-huelle-wiederaufladbar-abnehmbar-qwertz-bluetooth-tastatur-und-schuetzhuelle-fuer-samsung-tab-a-101-zoll-2019-schwarz\\\/#primaryimage\"},\"image\":{\"@id\":\"https:\\\/\\\/marktxxl.de\\\/markt\\\/produkt\\\/tastatur-mit-huelle-samsung-galaxy-tab-a-t510n-t510-t515-t515n-tastatur-mit-huelle-wiederaufladbar-abnehmbar-qwertz-bluetooth-tastatur-und-schuetzhuelle-fuer-samsung-tab-a-101-zoll-2019-schwarz\\\/#primaryimage\"},\"thumbnailUrl\":\"https:\\\/\\\/m.media-amazon.com\\\/images\\\/I\\\/41kffTQ03vL._SL500_.jpg\",\"datePublished\":\"2021-11-25T14:00:32+00:00\",\"dateModified\":\"2023-04-11T00:51:23+00:00\",\"description\":\"Markt-XXL Tastatur mit H\u00fclle NUR f\u00fcr Samsung Galaxy Tab A T510N\\\/ T510\\\/ T515\\\/ T515N, Rosa\",\"breadcrumb\":{\"@id\":\"https:\\\/\\\/marktxxl.de\\\/markt\\\/produkt\\\/tastatur-mit-huelle-samsung-galaxy-tab-a-t510n-t510-t515-t515n-tastatur-mit-huelle-wiederaufladbar-abnehmbar-qwertz-bluetooth-tastatur-und-schuetzhuelle-fuer-samsung-tab-a-101-zoll-2019-schwarz\\\/#breadcrumb\"},\"inLanguage\":\"de\",\"potentialAction\":[{\"@type\":\"ReadAction\",\"target\":[\"https:\\\/\\\/marktxxl.de\\\/markt\\\/produkt\\\/tastatur-mit-huelle-samsung-galaxy-tab-a-t510n-t510-t515-t515n-tastatur-mit-huelle-wiederaufladbar-abnehmbar-qwertz-bluetooth-tastatur-und-schuetzhuelle-fuer-samsung-tab-a-101-zoll-2019-schwarz\\\/\"]}]},{\"@type\":\"ImageObject\",\"inLanguage\":\"de\",\"@id\":\"https:\\\/\\\/marktxxl.de\\\/markt\\\/produkt\\\/tastatur-mit-huelle-samsung-galaxy-tab-a-t510n-t510-t515-t515n-tastatur-mit-huelle-wiederaufladbar-abnehmbar-qwertz-bluetooth-tastatur-und-schuetzhuelle-fuer-samsung-tab-a-101-zoll-2019-schwarz\\\/#primaryimage\",\"url\":\"https:\\\/\\\/m.media-amazon.com\\\/images\\\/I\\\/41kffTQ03vL._SL500_.jpg\",\"contentUrl\":\"https:\\\/\\\/m.media-amazon.com\\\/images\\\/I\\\/41kffTQ03vL._SL500_.jpg\",\"width\":500,\"height\":500},{\"@type\":\"BreadcrumbList\",\"@id\":\"https:\\\/\\\/marktxxl.de\\\/markt\\\/produkt\\\/tastatur-mit-huelle-samsung-galaxy-tab-a-t510n-t510-t515-t515n-tastatur-mit-huelle-wiederaufladbar-abnehmbar-qwertz-bluetooth-tastatur-und-schuetzhuelle-fuer-samsung-tab-a-101-zoll-2019-schwarz\\\/#breadcrumb\",\"itemListElement\":[{\"@type\":\"ListItem\",\"position\":1,\"name\":\"Startseite\",\"item\":\"https:\\\/\\\/marktxxl.de\\\/markt\\\/\"},{\"@type\":\"ListItem\",\"position\":2,\"name\":\"Markt\",\"item\":\"https:\\\/\\\/marktxxl.de\\\/markt\\\/\"},{\"@type\":\"ListItem\",\"position\":3,\"name\":\"Tastatur mit H\u00fclle NUR f\u00fcr Samsung Galaxy Tab A T510N\\\/ T510\\\/ T515\\\/ T515N, Rosa\"}]},{\"@type\":\"WebSite\",\"@id\":\"https:\\\/\\\/marktxxl.de\\\/markt\\\/#website\",\"url\":\"https:\\\/\\\/marktxxl.de\\\/markt\\\/\",\"name\":\"Markt-XXL\",\"description\":\"Ihr Markt Online\",\"publisher\":{\"@id\":\"https:\\\/\\\/marktxxl.de\\\/markt\\\/#organization\"},\"potentialAction\":[{\"@type\":\"SearchAction\",\"target\":{\"@type\":\"EntryPoint\",\"urlTemplate\":\"https:\\\/\\\/marktxxl.de\\\/markt\\\/?s={search_term_string}\"},\"query-input\":{\"@type\":\"PropertyValueSpecification\",\"valueRequired\":true,\"valueName\":\"search_term_string\"}}],\"inLanguage\":\"de\"},{\"@type\":\"Organization\",\"@id\":\"https:\\\/\\\/marktxxl.de\\\/markt\\\/#organization\",\"name\":\"Markt-XXL\",\"url\":\"https:\\\/\\\/marktxxl.de\\\/markt\\\/\",\"logo\":{\"@type\":\"ImageObject\",\"inLanguage\":\"de\",\"@id\":\"https:\\\/\\\/marktxxl.de\\\/markt\\\/#\\\/schema\\\/logo\\\/image\\\/\",\"url\":\"https:\\\/\\\/marktxxl.de\\\/markt\\\/wp-content\\\/uploads\\\/sites\\\/3\\\/2020\\\/12\\\/logo.png\",\"contentUrl\":\"https:\\\/\\\/marktxxl.de\\\/markt\\\/wp-content\\\/uploads\\\/sites\\\/3\\\/2020\\\/12\\\/logo.png\",\"width\":200,\"height\":70,\"caption\":\"Markt-XXL\"},\"image\":{\"@id\":\"https:\\\/\\\/marktxxl.de\\\/markt\\\/#\\\/schema\\\/logo\\\/image\\\/\"}}]}<\/script>\n<!-- \/ Yoast SEO plugin. -->","yoast_head_json":{"title":"Tastatur mit H\u00fclle NUR f\u00fcr Samsung Galaxy Tab A T510N\/ T510\/ T515\/ T515N, Rosa - Markt-XXL","description":"Markt-XXL Tastatur mit H\u00fclle NUR f\u00fcr Samsung Galaxy Tab A T510N\/ T510\/ T515\/ T515N, Rosa","robots":{"index":"index","follow":"follow","max-snippet":"max-snippet:-1","max-image-preview":"max-image-preview:large","max-video-preview":"max-video-preview:-1"},"canonical":"https:\/\/marktxxl.de\/markt\/produkt\/tastatur-mit-huelle-samsung-galaxy-tab-a-t510n-t510-t515-t515n-tastatur-mit-huelle-wiederaufladbar-abnehmbar-qwertz-bluetooth-tastatur-und-schuetzhuelle-fuer-samsung-tab-a-101-zoll-2019-schwarz\/","og_locale":"de_DE","og_type":"article","og_title":"Tastatur mit H\u00fclle NUR f\u00fcr Samsung Galaxy Tab A T510N\/ T510\/ T515\/ T515N, Rosa - Markt-XXL","og_description":"Markt-XXL Tastatur mit H\u00fclle NUR f\u00fcr Samsung Galaxy Tab A T510N\/ T510\/ T515\/ T515N, Rosa","og_url":"https:\/\/marktxxl.de\/markt\/produkt\/tastatur-mit-huelle-samsung-galaxy-tab-a-t510n-t510-t515-t515n-tastatur-mit-huelle-wiederaufladbar-abnehmbar-qwertz-bluetooth-tastatur-und-schuetzhuelle-fuer-samsung-tab-a-101-zoll-2019-schwarz\/","og_site_name":"Markt-XXL","article_modified_time":"2023-04-11T00:51:23+00:00","og_image":[{"width":500,"height":500,"url":"https:\/\/m.media-amazon.com\/images\/I\/41kffTQ03vL._SL500_.jpg","type":"image\/jpeg"}],"twitter_card":"summary_large_image","twitter_misc":{"Gesch\u00e4tzte Lesezeit":"1\u00a0Minute"},"schema":{"@context":"https:\/\/schema.org","@graph":[{"@type":"WebPage","@id":"https:\/\/marktxxl.de\/markt\/produkt\/tastatur-mit-huelle-samsung-galaxy-tab-a-t510n-t510-t515-t515n-tastatur-mit-huelle-wiederaufladbar-abnehmbar-qwertz-bluetooth-tastatur-und-schuetzhuelle-fuer-samsung-tab-a-101-zoll-2019-schwarz\/","url":"https:\/\/marktxxl.de\/markt\/produkt\/tastatur-mit-huelle-samsung-galaxy-tab-a-t510n-t510-t515-t515n-tastatur-mit-huelle-wiederaufladbar-abnehmbar-qwertz-bluetooth-tastatur-und-schuetzhuelle-fuer-samsung-tab-a-101-zoll-2019-schwarz\/","name":"Tastatur mit H\u00fclle NUR f\u00fcr Samsung Galaxy Tab A T510N\/ T510\/ T515\/ T515N, Rosa - Markt-XXL","isPartOf":{"@id":"https:\/\/marktxxl.de\/markt\/#website"},"primaryImageOfPage":{"@id":"https:\/\/marktxxl.de\/markt\/produkt\/tastatur-mit-huelle-samsung-galaxy-tab-a-t510n-t510-t515-t515n-tastatur-mit-huelle-wiederaufladbar-abnehmbar-qwertz-bluetooth-tastatur-und-schuetzhuelle-fuer-samsung-tab-a-101-zoll-2019-schwarz\/#primaryimage"},"image":{"@id":"https:\/\/marktxxl.de\/markt\/produkt\/tastatur-mit-huelle-samsung-galaxy-tab-a-t510n-t510-t515-t515n-tastatur-mit-huelle-wiederaufladbar-abnehmbar-qwertz-bluetooth-tastatur-und-schuetzhuelle-fuer-samsung-tab-a-101-zoll-2019-schwarz\/#primaryimage"},"thumbnailUrl":"https:\/\/m.media-amazon.com\/images\/I\/41kffTQ03vL._SL500_.jpg","datePublished":"2021-11-25T14:00:32+00:00","dateModified":"2023-04-11T00:51:23+00:00","description":"Markt-XXL Tastatur mit H\u00fclle NUR f\u00fcr Samsung Galaxy Tab A T510N\/ T510\/ T515\/ T515N, Rosa","breadcrumb":{"@id":"https:\/\/marktxxl.de\/markt\/produkt\/tastatur-mit-huelle-samsung-galaxy-tab-a-t510n-t510-t515-t515n-tastatur-mit-huelle-wiederaufladbar-abnehmbar-qwertz-bluetooth-tastatur-und-schuetzhuelle-fuer-samsung-tab-a-101-zoll-2019-schwarz\/#breadcrumb"},"inLanguage":"de","potentialAction":[{"@type":"ReadAction","target":["https:\/\/marktxxl.de\/markt\/produkt\/tastatur-mit-huelle-samsung-galaxy-tab-a-t510n-t510-t515-t515n-tastatur-mit-huelle-wiederaufladbar-abnehmbar-qwertz-bluetooth-tastatur-und-schuetzhuelle-fuer-samsung-tab-a-101-zoll-2019-schwarz\/"]}]},{"@type":"ImageObject","inLanguage":"de","@id":"https:\/\/marktxxl.de\/markt\/produkt\/tastatur-mit-huelle-samsung-galaxy-tab-a-t510n-t510-t515-t515n-tastatur-mit-huelle-wiederaufladbar-abnehmbar-qwertz-bluetooth-tastatur-und-schuetzhuelle-fuer-samsung-tab-a-101-zoll-2019-schwarz\/#primaryimage","url":"https:\/\/m.media-amazon.com\/images\/I\/41kffTQ03vL._SL500_.jpg","contentUrl":"https:\/\/m.media-amazon.com\/images\/I\/41kffTQ03vL._SL500_.jpg","width":500,"height":500},{"@type":"BreadcrumbList","@id":"https:\/\/marktxxl.de\/markt\/produkt\/tastatur-mit-huelle-samsung-galaxy-tab-a-t510n-t510-t515-t515n-tastatur-mit-huelle-wiederaufladbar-abnehmbar-qwertz-bluetooth-tastatur-und-schuetzhuelle-fuer-samsung-tab-a-101-zoll-2019-schwarz\/#breadcrumb","itemListElement":[{"@type":"ListItem","position":1,"name":"Startseite","item":"https:\/\/marktxxl.de\/markt\/"},{"@type":"ListItem","position":2,"name":"Markt","item":"https:\/\/marktxxl.de\/markt\/"},{"@type":"ListItem","position":3,"name":"Tastatur mit H\u00fclle NUR f\u00fcr Samsung Galaxy Tab A T510N\/ T510\/ T515\/ T515N, Rosa"}]},{"@type":"WebSite","@id":"https:\/\/marktxxl.de\/markt\/#website","url":"https:\/\/marktxxl.de\/markt\/","name":"Markt-XXL","description":"Ihr Markt Online","publisher":{"@id":"https:\/\/marktxxl.de\/markt\/#organization"},"potentialAction":[{"@type":"SearchAction","target":{"@type":"EntryPoint","urlTemplate":"https:\/\/marktxxl.de\/markt\/?s={search_term_string}"},"query-input":{"@type":"PropertyValueSpecification","valueRequired":true,"valueName":"search_term_string"}}],"inLanguage":"de"},{"@type":"Organization","@id":"https:\/\/marktxxl.de\/markt\/#organization","name":"Markt-XXL","url":"https:\/\/marktxxl.de\/markt\/","logo":{"@type":"ImageObject","inLanguage":"de","@id":"https:\/\/marktxxl.de\/markt\/#\/schema\/logo\/image\/","url":"https:\/\/marktxxl.de\/markt\/wp-content\/uploads\/sites\/3\/2020\/12\/logo.png","contentUrl":"https:\/\/marktxxl.de\/markt\/wp-content\/uploads\/sites\/3\/2020\/12\/logo.png","width":200,"height":70,"caption":"Markt-XXL"},"image":{"@id":"https:\/\/marktxxl.de\/markt\/#\/schema\/logo\/image\/"}}]}},"_links":{"self":[{"href":"https:\/\/marktxxl.de\/markt\/wp-json\/wp\/v2\/product\/77008","targetHints":{"allow":["GET"]}}],"collection":[{"href":"https:\/\/marktxxl.de\/markt\/wp-json\/wp\/v2\/product"}],"about":[{"href":"https:\/\/marktxxl.de\/markt\/wp-json\/wp\/v2\/types\/product"}],"replies":[{"embeddable":true,"href":"https:\/\/marktxxl.de\/markt\/wp-json\/wp\/v2\/comments?post=77008"}],"wp:featuredmedia":[{"embeddable":true,"href":"https:\/\/marktxxl.de\/markt\/wp-json\/wp\/v2\/media\/77009"}],"wp:attachment":[{"href":"https:\/\/marktxxl.de\/markt\/wp-json\/wp\/v2\/media?parent=77008"}],"wp:term":[{"taxonomy":"product_brand","embeddable":true,"href":"https:\/\/marktxxl.de\/markt\/wp-json\/wp\/v2\/product_brand?post=77008"},{"taxonomy":"product_cat","embeddable":true,"href":"https:\/\/marktxxl.de\/markt\/wp-json\/wp\/v2\/product_cat?post=77008"},{"taxonomy":"product_tag","embeddable":true,"href":"https:\/\/marktxxl.de\/markt\/wp-json\/wp\/v2\/product_tag?post=77008"}],"curies":[{"name":"wp","href":"https:\/\/api.w.org\/{rel}","templated":true}]}}